{"id":94685,"date":"2023-02-28T04:46:48","date_gmt":"2023-02-28T03:46:48","guid":{"rendered":"http:\/\/shop.bantam.ch\/produit\/auvent-residence-g3-pour-eriba-touring-sur-to-6300-325-cm\/"},"modified":"2026-04-17T21:28:07","modified_gmt":"2026-04-17T19:28:07","slug":"auvent-residence-g3-pour-eriba-touring-sur-to-6300-325-cm","status":"publish","type":"product","link":"https:\/\/shop.bantam.ch\/fr\/produit\/auvent-residence-g3-pour-eriba-touring-sur-to-6300-325-cm\/","title":{"rendered":"Auvent Thule Residence G3 pour Eriba Touring sur TO 6300 325 cm"},"content":{"rendered":"<p>Mod\u00e8le sp\u00e9cial pour une caravane Eriba Touring en combinaison avec le store de toit Thule Omnistor 6300 (uniquement pour une longueur de 3,25\u00a0m)<\/p>\n<ul>\n<li>Les profil\u00e9s de jonction noirs \u00e0 double jonc permettent de combiner les parois avant et lat\u00e9rales pour former un auvent clos.<\/li>\n<li>Les films des fen\u00eatres sont enroulables<\/li>\n<li>La paroi frontale dispose d\u2019une ouverture de porte sur le c\u00f4t\u00e9 droit et peut \u00eatre enroul\u00e9e compl\u00e8tement s\u00e9par\u00e9ment<\/li>\n<li>Un pare-vent et un garde-boue emp\u00eachent le vent de p\u00e9n\u00e9trer par-dessous le v\u00e9hicule<\/li>\n<li>Tout est livr\u00e9 dans un sac de rangement<\/li>\n<\/ul>\n<p>Mat\u00e9riau<\/p>\n<ul>\n<li>Toile de polychlorure de vinyle\u00a0<\/li>\n<\/ul>\n<p>Contenu de la livraison :<br \/>Pare-vent et garde-boue inclus<\/p>\n","protected":false},"excerpt":{"rendered":"<p>Mod\u00e8le sp\u00e9cial pour une caravane Eriba Touring en combinaison avec le store de toit Thule Omnistor 6300 (uniquement pour une longueur de 3,25\u00a0m) Les profil\u00e9s de jonction noirs \u00e0 double jonc permettent de combiner les parois avant et lat\u00e9rales pour former un auvent clos. Les films des fen\u00eatres sont enroulables La paroi frontale dispose d\u2019une [&hellip;]<\/p>\n","protected":false},"featured_media":94683,"template":"","meta":{"_acf_changed":false},"product_featured_cat":[],"product_brand":[3046],"product_cat":[4247],"product_tag":[],"class_list":{"0":"post-94685","1":"product","2":"type-product","3":"status-publish","4":"has-post-thumbnail","6":"product_brand-thule","7":"product_cat-auvents","9":"first","10":"instock","11":"taxable","12":"shipping-taxable","13":"purchasable","14":"product-type-simple"},"acf":[],"yoast_head":"<!-- This site is optimized with the Yoast SEO plugin v27.4 - https:\/\/yoast.com\/product\/yoast-seo-wordpress\/ -->\n<title>Auvent Thule Residence G3 pour Eriba Touring sur TO 6300 325 cm - Bantam Wankm\u00fcller SA<\/title>\n<meta name=\"robots\" content=\"index, follow, max-snippet:-1, max-image-preview:large, max-video-preview:-1\" \/>\n<link rel=\"canonical\" href=\"https:\/\/shop.bantam.ch\/fr\/produit\/auvent-residence-g3-pour-eriba-touring-sur-to-6300-325-cm\/\" \/>\n<meta property=\"og:locale\" content=\"fr_FR\" \/>\n<meta property=\"og:type\" content=\"article\" \/>\n<meta property=\"og:title\" content=\"Auvent Thule Residence G3 pour Eriba Touring sur TO 6300 325 cm - Bantam Wankm\u00fcller SA\" \/>\n<meta property=\"og:description\" content=\"Mod\u00e8le sp\u00e9cial pour une caravane Eriba Touring en combinaison avec le store de toit Thule Omnistor 6300 (uniquement pour une longueur de 3,25\u00a0m) Les profil\u00e9s de jonction noirs \u00e0 double jonc permettent de combiner les parois avant et lat\u00e9rales pour former un auvent clos. Les films des fen\u00eatres sont enroulables La paroi frontale dispose d\u2019une [&hellip;]\" \/>\n<meta property=\"og:url\" content=\"https:\/\/shop.bantam.ch\/fr\/produit\/auvent-residence-g3-pour-eriba-touring-sur-to-6300-325-cm\/\" \/>\n<meta property=\"og:site_name\" content=\"Bantam Wankm\u00fcller SA\" \/>\n<meta property=\"article:modified_time\" content=\"2026-04-17T19:28:07+00:00\" \/>\n<meta property=\"og:image\" content=\"https:\/\/shop.bantam.ch\/wp-content\/uploads\/2023\/02\/995581911.jpg\" \/>\n\t<meta property=\"og:image:width\" content=\"1000\" \/>\n\t<meta property=\"og:image:height\" content=\"837\" \/>\n\t<meta property=\"og:image:type\" content=\"image\/jpeg\" \/>\n<meta name=\"twitter:card\" content=\"summary_large_image\" \/>\n<meta name=\"twitter:label1\" content=\"Dur\u00e9e de lecture estim\u00e9e\" \/>\n\t<meta name=\"twitter:data1\" content=\"1 minute\" \/>\n<script type=\"application\/ld+json\" class=\"yoast-schema-graph\">{\"@context\":\"https:\\\/\\\/schema.org\",\"@graph\":[{\"@type\":\"WebPage\",\"@id\":\"https:\\\/\\\/shop.bantam.ch\\\/fr\\\/produit\\\/auvent-residence-g3-pour-eriba-touring-sur-to-6300-325-cm\\\/\",\"url\":\"https:\\\/\\\/shop.bantam.ch\\\/fr\\\/produit\\\/auvent-residence-g3-pour-eriba-touring-sur-to-6300-325-cm\\\/\",\"name\":\"Auvent Thule Residence G3 pour Eriba Touring sur TO 6300 325 cm - Bantam Wankm\u00fcller SA\",\"isPartOf\":{\"@id\":\"https:\\\/\\\/shop.bantam.ch\\\/fr\\\/#website\"},\"primaryImageOfPage\":{\"@id\":\"https:\\\/\\\/shop.bantam.ch\\\/fr\\\/produit\\\/auvent-residence-g3-pour-eriba-touring-sur-to-6300-325-cm\\\/#primaryimage\"},\"image\":{\"@id\":\"https:\\\/\\\/shop.bantam.ch\\\/fr\\\/produit\\\/auvent-residence-g3-pour-eriba-touring-sur-to-6300-325-cm\\\/#primaryimage\"},\"thumbnailUrl\":\"https:\\\/\\\/shop.bantam.ch\\\/wp-content\\\/uploads\\\/2023\\\/02\\\/995581911.jpg\",\"datePublished\":\"2023-02-28T03:46:48+00:00\",\"dateModified\":\"2026-04-17T19:28:07+00:00\",\"breadcrumb\":{\"@id\":\"https:\\\/\\\/shop.bantam.ch\\\/fr\\\/produit\\\/auvent-residence-g3-pour-eriba-touring-sur-to-6300-325-cm\\\/#breadcrumb\"},\"inLanguage\":\"fr-FR\",\"potentialAction\":[{\"@type\":\"ReadAction\",\"target\":[\"https:\\\/\\\/shop.bantam.ch\\\/fr\\\/produit\\\/auvent-residence-g3-pour-eriba-touring-sur-to-6300-325-cm\\\/\"]}]},{\"@type\":\"ImageObject\",\"inLanguage\":\"fr-FR\",\"@id\":\"https:\\\/\\\/shop.bantam.ch\\\/fr\\\/produit\\\/auvent-residence-g3-pour-eriba-touring-sur-to-6300-325-cm\\\/#primaryimage\",\"url\":\"https:\\\/\\\/shop.bantam.ch\\\/wp-content\\\/uploads\\\/2023\\\/02\\\/995581911.jpg\",\"contentUrl\":\"https:\\\/\\\/shop.bantam.ch\\\/wp-content\\\/uploads\\\/2023\\\/02\\\/995581911.jpg\",\"width\":1000,\"height\":837},{\"@type\":\"BreadcrumbList\",\"@id\":\"https:\\\/\\\/shop.bantam.ch\\\/fr\\\/produit\\\/auvent-residence-g3-pour-eriba-touring-sur-to-6300-325-cm\\\/#breadcrumb\",\"itemListElement\":[{\"@type\":\"ListItem\",\"position\":1,\"name\":\"Accueil\",\"item\":\"https:\\\/\\\/shop.bantam.ch\\\/fr\\\/\"},{\"@type\":\"ListItem\",\"position\":2,\"name\":\"Boutique\",\"item\":\"https:\\\/\\\/shop.bantam.ch\\\/fr\\\/boutique\\\/\"},{\"@type\":\"ListItem\",\"position\":3,\"name\":\"Auvent Thule Residence G3 pour Eriba Touring sur TO 6300 325 cm\"}]},{\"@type\":\"WebSite\",\"@id\":\"https:\\\/\\\/shop.bantam.ch\\\/fr\\\/#website\",\"url\":\"https:\\\/\\\/shop.bantam.ch\\\/fr\\\/\",\"name\":\"Bantam Wankm\u00fcller SA\",\"description\":\"\",\"publisher\":{\"@id\":\"https:\\\/\\\/shop.bantam.ch\\\/fr\\\/#organization\"},\"inLanguage\":\"fr-FR\"},{\"@type\":\"Organization\",\"@id\":\"https:\\\/\\\/shop.bantam.ch\\\/fr\\\/#organization\",\"name\":\"Bantam Wankm\u00fcller SA\",\"url\":\"https:\\\/\\\/shop.bantam.ch\\\/fr\\\/\",\"logo\":{\"@type\":\"ImageObject\",\"inLanguage\":\"fr-FR\",\"@id\":\"https:\\\/\\\/shop.bantam.ch\\\/fr\\\/#\\\/schema\\\/logo\\\/image\\\/\",\"url\":\"https:\\\/\\\/shop.bantam.ch\\\/wp-content\\\/uploads\\\/2022\\\/12\\\/bantam-logo.png\",\"contentUrl\":\"https:\\\/\\\/shop.bantam.ch\\\/wp-content\\\/uploads\\\/2022\\\/12\\\/bantam-logo.png\",\"width\":320,\"height\":71,\"caption\":\"Bantam Wankm\u00fcller SA\"},\"image\":{\"@id\":\"https:\\\/\\\/shop.bantam.ch\\\/fr\\\/#\\\/schema\\\/logo\\\/image\\\/\"}}]}<\/script>\n<!-- \/ Yoast SEO plugin. -->","yoast_head_json":{"title":"Auvent Thule Residence G3 pour Eriba Touring sur TO 6300 325 cm - Bantam Wankm\u00fcller SA","robots":{"index":"index","follow":"follow","max-snippet":"max-snippet:-1","max-image-preview":"max-image-preview:large","max-video-preview":"max-video-preview:-1"},"canonical":"https:\/\/shop.bantam.ch\/fr\/produit\/auvent-residence-g3-pour-eriba-touring-sur-to-6300-325-cm\/","og_locale":"fr_FR","og_type":"article","og_title":"Auvent Thule Residence G3 pour Eriba Touring sur TO 6300 325 cm - Bantam Wankm\u00fcller SA","og_description":"Mod\u00e8le sp\u00e9cial pour une caravane Eriba Touring en combinaison avec le store de toit Thule Omnistor 6300 (uniquement pour une longueur de 3,25\u00a0m) Les profil\u00e9s de jonction noirs \u00e0 double jonc permettent de combiner les parois avant et lat\u00e9rales pour former un auvent clos. Les films des fen\u00eatres sont enroulables La paroi frontale dispose d\u2019une [&hellip;]","og_url":"https:\/\/shop.bantam.ch\/fr\/produit\/auvent-residence-g3-pour-eriba-touring-sur-to-6300-325-cm\/","og_site_name":"Bantam Wankm\u00fcller SA","article_modified_time":"2026-04-17T19:28:07+00:00","og_image":[{"width":1000,"height":837,"url":"https:\/\/shop.bantam.ch\/wp-content\/uploads\/2023\/02\/995581911.jpg","type":"image\/jpeg"}],"twitter_card":"summary_large_image","twitter_misc":{"Dur\u00e9e de lecture estim\u00e9e":"1 minute"},"schema":{"@context":"https:\/\/schema.org","@graph":[{"@type":"WebPage","@id":"https:\/\/shop.bantam.ch\/fr\/produit\/auvent-residence-g3-pour-eriba-touring-sur-to-6300-325-cm\/","url":"https:\/\/shop.bantam.ch\/fr\/produit\/auvent-residence-g3-pour-eriba-touring-sur-to-6300-325-cm\/","name":"Auvent Thule Residence G3 pour Eriba Touring sur TO 6300 325 cm - Bantam Wankm\u00fcller SA","isPartOf":{"@id":"https:\/\/shop.bantam.ch\/fr\/#website"},"primaryImageOfPage":{"@id":"https:\/\/shop.bantam.ch\/fr\/produit\/auvent-residence-g3-pour-eriba-touring-sur-to-6300-325-cm\/#primaryimage"},"image":{"@id":"https:\/\/shop.bantam.ch\/fr\/produit\/auvent-residence-g3-pour-eriba-touring-sur-to-6300-325-cm\/#primaryimage"},"thumbnailUrl":"https:\/\/shop.bantam.ch\/wp-content\/uploads\/2023\/02\/995581911.jpg","datePublished":"2023-02-28T03:46:48+00:00","dateModified":"2026-04-17T19:28:07+00:00","breadcrumb":{"@id":"https:\/\/shop.bantam.ch\/fr\/produit\/auvent-residence-g3-pour-eriba-touring-sur-to-6300-325-cm\/#breadcrumb"},"inLanguage":"fr-FR","potentialAction":[{"@type":"ReadAction","target":["https:\/\/shop.bantam.ch\/fr\/produit\/auvent-residence-g3-pour-eriba-touring-sur-to-6300-325-cm\/"]}]},{"@type":"ImageObject","inLanguage":"fr-FR","@id":"https:\/\/shop.bantam.ch\/fr\/produit\/auvent-residence-g3-pour-eriba-touring-sur-to-6300-325-cm\/#primaryimage","url":"https:\/\/shop.bantam.ch\/wp-content\/uploads\/2023\/02\/995581911.jpg","contentUrl":"https:\/\/shop.bantam.ch\/wp-content\/uploads\/2023\/02\/995581911.jpg","width":1000,"height":837},{"@type":"BreadcrumbList","@id":"https:\/\/shop.bantam.ch\/fr\/produit\/auvent-residence-g3-pour-eriba-touring-sur-to-6300-325-cm\/#breadcrumb","itemListElement":[{"@type":"ListItem","position":1,"name":"Accueil","item":"https:\/\/shop.bantam.ch\/fr\/"},{"@type":"ListItem","position":2,"name":"Boutique","item":"https:\/\/shop.bantam.ch\/fr\/boutique\/"},{"@type":"ListItem","position":3,"name":"Auvent Thule Residence G3 pour Eriba Touring sur TO 6300 325 cm"}]},{"@type":"WebSite","@id":"https:\/\/shop.bantam.ch\/fr\/#website","url":"https:\/\/shop.bantam.ch\/fr\/","name":"Bantam Wankm\u00fcller SA","description":"","publisher":{"@id":"https:\/\/shop.bantam.ch\/fr\/#organization"},"inLanguage":"fr-FR"},{"@type":"Organization","@id":"https:\/\/shop.bantam.ch\/fr\/#organization","name":"Bantam Wankm\u00fcller SA","url":"https:\/\/shop.bantam.ch\/fr\/","logo":{"@type":"ImageObject","inLanguage":"fr-FR","@id":"https:\/\/shop.bantam.ch\/fr\/#\/schema\/logo\/image\/","url":"https:\/\/shop.bantam.ch\/wp-content\/uploads\/2022\/12\/bantam-logo.png","contentUrl":"https:\/\/shop.bantam.ch\/wp-content\/uploads\/2022\/12\/bantam-logo.png","width":320,"height":71,"caption":"Bantam Wankm\u00fcller SA"},"image":{"@id":"https:\/\/shop.bantam.ch\/fr\/#\/schema\/logo\/image\/"}}]}},"_links":{"self":[{"href":"https:\/\/shop.bantam.ch\/fr\/wp-json\/wp\/v2\/product\/94685","targetHints":{"allow":["GET"]}}],"collection":[{"href":"https:\/\/shop.bantam.ch\/fr\/wp-json\/wp\/v2\/product"}],"about":[{"href":"https:\/\/shop.bantam.ch\/fr\/wp-json\/wp\/v2\/types\/product"}],"wp:featuredmedia":[{"embeddable":true,"href":"https:\/\/shop.bantam.ch\/fr\/wp-json\/wp\/v2\/media\/94683"}],"wp:attachment":[{"href":"https:\/\/shop.bantam.ch\/fr\/wp-json\/wp\/v2\/media?parent=94685"}],"wp:term":[{"taxonomy":"product_featured_cat","embeddable":true,"href":"https:\/\/shop.bantam.ch\/fr\/wp-json\/wp\/v2\/product_featured_cat?post=94685"},{"taxonomy":"product_brand","embeddable":true,"href":"https:\/\/shop.bantam.ch\/fr\/wp-json\/wp\/v2\/product_brand?post=94685"},{"taxonomy":"product_cat","embeddable":true,"href":"https:\/\/shop.bantam.ch\/fr\/wp-json\/wp\/v2\/product_cat?post=94685"},{"taxonomy":"product_tag","embeddable":true,"href":"https:\/\/shop.bantam.ch\/fr\/wp-json\/wp\/v2\/product_tag?post=94685"}],"curies":[{"name":"wp","href":"https:\/\/api.w.org\/{rel}","templated":true}]}}