{"id":94635,"date":"2023-02-28T04:45:42","date_gmt":"2023-02-28T03:45:42","guid":{"rendered":"http:\/\/shop.bantam.ch\/produit\/auvent-veduta-6300-6200-hauteur-de-montage-240-254-cm\/"},"modified":"2026-04-18T22:50:14","modified_gmt":"2026-04-18T20:50:14","slug":"auvent-veduta-6300-6200-hauteur-de-montage-240-254-cm","status":"publish","type":"product","link":"https:\/\/shop.bantam.ch\/fr\/produit\/auvent-veduta-6300-6200-hauteur-de-montage-240-254-cm\/","title":{"rendered":"Auvent Veduta 6300\/6200, hauteur de montage 240 &#8211; 254 cm"},"content":{"rendered":"<ul>\n<li>\u00c9tanch\u00e9it\u00e9 parfaite du toit gr\u00e2ce au profil de serrage<\/li>\n<li>Les parois lat\u00e9rales glissent dans le profil de serrage, la paroi avant est ins\u00e9r\u00e9e dans la barre avant du store<\/li>\n<li>Les deux parois lat\u00e9rales sont \u00e9quip\u00e9es d&rsquo;une fermeture \u00e9clair pour un raccordement optimal \u00e0 la paroi frontale.<\/li>\n<li>Tous les panneaux de fen\u00eatre peuvent \u00eatre enti\u00e8rement retir\u00e9s et remplac\u00e9s.<\/li>\n<li>Une paroi lat\u00e9rale comporte deux ouvertures int\u00e9gr\u00e9es pour une porte d&rsquo;entr\u00e9e<\/li>\n<li>Toutes les fen\u00eatres sont \u00e9quip\u00e9es d&rsquo;une moustiquaire, qui peut \u00eatre ouverte et enroul\u00e9e avec des fermetures \u00e0 glissi\u00e8re<\/li>\n<li>La paroi frontale est constitu\u00e9e d&rsquo;une seule pi\u00e8ce avec deux grandes fen\u00eatres<\/li>\n<li>Les accessoires (paroi avant Thule Sun Blocker) peuvent \u00eatre fix\u00e9s \u00e0 la paroi avant \u00e0 l&rsquo;aide d&rsquo;un rail \u00e0 double passepoil en option (9991447).<\/li>\n<li>AIRTEX est id\u00e9al pour la protection solaire et les auvents<\/li>\n<li>Le sol du auvent est muni d&rsquo;un double coupe-vent pour une meilleure protection contre la salet\u00e9 et la pluie<\/li>\n<li>Un pare-vent et un garde-boue inclus et emp\u00eachent le vent de p\u00e9n\u00e9trer par-dessous le v\u00e9hicule<\/li>\n<li>Le tout est livr\u00e9 dans deux sacoches<\/li>\n<\/ul>\n<p>\u00a0Mat\u00e9riau<\/p>\n<ul>\n<li>100 % polyester (avec rev\u00eatement acrylique sur une face)<\/li>\n<\/ul>\n<p>\u00a0<\/p>\n","protected":false},"excerpt":{"rendered":"<p>\u00c9tanch\u00e9it\u00e9 parfaite du toit gr\u00e2ce au profil de serrage Les parois lat\u00e9rales glissent dans le profil de serrage, la paroi avant est ins\u00e9r\u00e9e dans la barre avant du store Les deux parois lat\u00e9rales sont \u00e9quip\u00e9es d&rsquo;une fermeture \u00e9clair pour un raccordement optimal \u00e0 la paroi frontale. Tous les panneaux de fen\u00eatre peuvent \u00eatre enti\u00e8rement retir\u00e9s [&hellip;]<\/p>\n","protected":false},"featured_media":94631,"template":"","meta":{"_acf_changed":false},"product_featured_cat":[],"product_brand":[3046],"product_cat":[4223],"product_tag":[],"class_list":{"0":"post-94635","1":"product","2":"type-product","3":"status-publish","4":"has-post-thumbnail","6":"product_brand-thule","7":"product_cat-stores-et-auvents","9":"first","10":"instock","11":"taxable","12":"shipping-taxable","13":"purchasable","14":"product-type-variable"},"acf":[],"yoast_head":"<!-- This site is optimized with the Yoast SEO plugin v27.4 - https:\/\/yoast.com\/product\/yoast-seo-wordpress\/ -->\n<title>Auvent Veduta 6300\/6200, hauteur de montage 240 - 254 cm - Bantam Wankm\u00fcller SA<\/title>\n<meta name=\"robots\" content=\"index, follow, max-snippet:-1, max-image-preview:large, max-video-preview:-1\" \/>\n<link rel=\"canonical\" href=\"https:\/\/shop.bantam.ch\/fr\/produit\/auvent-veduta-6300-6200-hauteur-de-montage-240-254-cm\/\" \/>\n<meta property=\"og:locale\" content=\"fr_FR\" \/>\n<meta property=\"og:type\" content=\"article\" \/>\n<meta property=\"og:title\" content=\"Auvent Veduta 6300\/6200, hauteur de montage 240 - 254 cm - Bantam Wankm\u00fcller SA\" \/>\n<meta property=\"og:description\" content=\"\u00c9tanch\u00e9it\u00e9 parfaite du toit gr\u00e2ce au profil de serrage Les parois lat\u00e9rales glissent dans le profil de serrage, la paroi avant est ins\u00e9r\u00e9e dans la barre avant du store Les deux parois lat\u00e9rales sont \u00e9quip\u00e9es d&rsquo;une fermeture \u00e9clair pour un raccordement optimal \u00e0 la paroi frontale. Tous les panneaux de fen\u00eatre peuvent \u00eatre enti\u00e8rement retir\u00e9s [&hellip;]\" \/>\n<meta property=\"og:url\" content=\"https:\/\/shop.bantam.ch\/fr\/produit\/auvent-veduta-6300-6200-hauteur-de-montage-240-254-cm\/\" \/>\n<meta property=\"og:site_name\" content=\"Bantam Wankm\u00fcller SA\" \/>\n<meta property=\"article:modified_time\" content=\"2026-04-18T20:50:14+00:00\" \/>\n<meta property=\"og:image\" content=\"https:\/\/shop.bantam.ch\/wp-content\/uploads\/2023\/02\/995581611.jpg\" \/>\n\t<meta property=\"og:image:width\" content=\"1500\" \/>\n\t<meta property=\"og:image:height\" content=\"634\" \/>\n\t<meta property=\"og:image:type\" content=\"image\/jpeg\" \/>\n<meta name=\"twitter:card\" content=\"summary_large_image\" \/>\n<meta name=\"twitter:label1\" content=\"Dur\u00e9e de lecture estim\u00e9e\" \/>\n\t<meta name=\"twitter:data1\" content=\"1 minute\" \/>\n<script type=\"application\/ld+json\" class=\"yoast-schema-graph\">{\"@context\":\"https:\\\/\\\/schema.org\",\"@graph\":[{\"@type\":\"WebPage\",\"@id\":\"https:\\\/\\\/shop.bantam.ch\\\/fr\\\/produit\\\/auvent-veduta-6300-6200-hauteur-de-montage-240-254-cm\\\/\",\"url\":\"https:\\\/\\\/shop.bantam.ch\\\/fr\\\/produit\\\/auvent-veduta-6300-6200-hauteur-de-montage-240-254-cm\\\/\",\"name\":\"Auvent Veduta 6300\\\/6200, hauteur de montage 240 - 254 cm - Bantam Wankm\u00fcller SA\",\"isPartOf\":{\"@id\":\"https:\\\/\\\/shop.bantam.ch\\\/fr\\\/#website\"},\"primaryImageOfPage\":{\"@id\":\"https:\\\/\\\/shop.bantam.ch\\\/fr\\\/produit\\\/auvent-veduta-6300-6200-hauteur-de-montage-240-254-cm\\\/#primaryimage\"},\"image\":{\"@id\":\"https:\\\/\\\/shop.bantam.ch\\\/fr\\\/produit\\\/auvent-veduta-6300-6200-hauteur-de-montage-240-254-cm\\\/#primaryimage\"},\"thumbnailUrl\":\"https:\\\/\\\/shop.bantam.ch\\\/wp-content\\\/uploads\\\/2023\\\/02\\\/995581611.jpg\",\"datePublished\":\"2023-02-28T03:45:42+00:00\",\"dateModified\":\"2026-04-18T20:50:14+00:00\",\"breadcrumb\":{\"@id\":\"https:\\\/\\\/shop.bantam.ch\\\/fr\\\/produit\\\/auvent-veduta-6300-6200-hauteur-de-montage-240-254-cm\\\/#breadcrumb\"},\"inLanguage\":\"fr-FR\",\"potentialAction\":[{\"@type\":\"ReadAction\",\"target\":[\"https:\\\/\\\/shop.bantam.ch\\\/fr\\\/produit\\\/auvent-veduta-6300-6200-hauteur-de-montage-240-254-cm\\\/\"]}]},{\"@type\":\"ImageObject\",\"inLanguage\":\"fr-FR\",\"@id\":\"https:\\\/\\\/shop.bantam.ch\\\/fr\\\/produit\\\/auvent-veduta-6300-6200-hauteur-de-montage-240-254-cm\\\/#primaryimage\",\"url\":\"https:\\\/\\\/shop.bantam.ch\\\/wp-content\\\/uploads\\\/2023\\\/02\\\/995581611.jpg\",\"contentUrl\":\"https:\\\/\\\/shop.bantam.ch\\\/wp-content\\\/uploads\\\/2023\\\/02\\\/995581611.jpg\",\"width\":1500,\"height\":634},{\"@type\":\"BreadcrumbList\",\"@id\":\"https:\\\/\\\/shop.bantam.ch\\\/fr\\\/produit\\\/auvent-veduta-6300-6200-hauteur-de-montage-240-254-cm\\\/#breadcrumb\",\"itemListElement\":[{\"@type\":\"ListItem\",\"position\":1,\"name\":\"Accueil\",\"item\":\"https:\\\/\\\/shop.bantam.ch\\\/fr\\\/\"},{\"@type\":\"ListItem\",\"position\":2,\"name\":\"Boutique\",\"item\":\"https:\\\/\\\/shop.bantam.ch\\\/fr\\\/boutique\\\/\"},{\"@type\":\"ListItem\",\"position\":3,\"name\":\"Auvent Veduta 6300\\\/6200, hauteur de montage 240 &#8211; 254 cm\"}]},{\"@type\":\"WebSite\",\"@id\":\"https:\\\/\\\/shop.bantam.ch\\\/fr\\\/#website\",\"url\":\"https:\\\/\\\/shop.bantam.ch\\\/fr\\\/\",\"name\":\"Bantam Wankm\u00fcller SA\",\"description\":\"\",\"publisher\":{\"@id\":\"https:\\\/\\\/shop.bantam.ch\\\/fr\\\/#organization\"},\"inLanguage\":\"fr-FR\"},{\"@type\":\"Organization\",\"@id\":\"https:\\\/\\\/shop.bantam.ch\\\/fr\\\/#organization\",\"name\":\"Bantam Wankm\u00fcller SA\",\"url\":\"https:\\\/\\\/shop.bantam.ch\\\/fr\\\/\",\"logo\":{\"@type\":\"ImageObject\",\"inLanguage\":\"fr-FR\",\"@id\":\"https:\\\/\\\/shop.bantam.ch\\\/fr\\\/#\\\/schema\\\/logo\\\/image\\\/\",\"url\":\"https:\\\/\\\/shop.bantam.ch\\\/wp-content\\\/uploads\\\/2022\\\/12\\\/bantam-logo.png\",\"contentUrl\":\"https:\\\/\\\/shop.bantam.ch\\\/wp-content\\\/uploads\\\/2022\\\/12\\\/bantam-logo.png\",\"width\":320,\"height\":71,\"caption\":\"Bantam Wankm\u00fcller SA\"},\"image\":{\"@id\":\"https:\\\/\\\/shop.bantam.ch\\\/fr\\\/#\\\/schema\\\/logo\\\/image\\\/\"}}]}<\/script>\n<!-- \/ Yoast SEO plugin. -->","yoast_head_json":{"title":"Auvent Veduta 6300\/6200, hauteur de montage 240 - 254 cm - Bantam Wankm\u00fcller SA","robots":{"index":"index","follow":"follow","max-snippet":"max-snippet:-1","max-image-preview":"max-image-preview:large","max-video-preview":"max-video-preview:-1"},"canonical":"https:\/\/shop.bantam.ch\/fr\/produit\/auvent-veduta-6300-6200-hauteur-de-montage-240-254-cm\/","og_locale":"fr_FR","og_type":"article","og_title":"Auvent Veduta 6300\/6200, hauteur de montage 240 - 254 cm - Bantam Wankm\u00fcller SA","og_description":"\u00c9tanch\u00e9it\u00e9 parfaite du toit gr\u00e2ce au profil de serrage Les parois lat\u00e9rales glissent dans le profil de serrage, la paroi avant est ins\u00e9r\u00e9e dans la barre avant du store Les deux parois lat\u00e9rales sont \u00e9quip\u00e9es d&rsquo;une fermeture \u00e9clair pour un raccordement optimal \u00e0 la paroi frontale. Tous les panneaux de fen\u00eatre peuvent \u00eatre enti\u00e8rement retir\u00e9s [&hellip;]","og_url":"https:\/\/shop.bantam.ch\/fr\/produit\/auvent-veduta-6300-6200-hauteur-de-montage-240-254-cm\/","og_site_name":"Bantam Wankm\u00fcller SA","article_modified_time":"2026-04-18T20:50:14+00:00","og_image":[{"width":1500,"height":634,"url":"https:\/\/shop.bantam.ch\/wp-content\/uploads\/2023\/02\/995581611.jpg","type":"image\/jpeg"}],"twitter_card":"summary_large_image","twitter_misc":{"Dur\u00e9e de lecture estim\u00e9e":"1 minute"},"schema":{"@context":"https:\/\/schema.org","@graph":[{"@type":"WebPage","@id":"https:\/\/shop.bantam.ch\/fr\/produit\/auvent-veduta-6300-6200-hauteur-de-montage-240-254-cm\/","url":"https:\/\/shop.bantam.ch\/fr\/produit\/auvent-veduta-6300-6200-hauteur-de-montage-240-254-cm\/","name":"Auvent Veduta 6300\/6200, hauteur de montage 240 - 254 cm - Bantam Wankm\u00fcller SA","isPartOf":{"@id":"https:\/\/shop.bantam.ch\/fr\/#website"},"primaryImageOfPage":{"@id":"https:\/\/shop.bantam.ch\/fr\/produit\/auvent-veduta-6300-6200-hauteur-de-montage-240-254-cm\/#primaryimage"},"image":{"@id":"https:\/\/shop.bantam.ch\/fr\/produit\/auvent-veduta-6300-6200-hauteur-de-montage-240-254-cm\/#primaryimage"},"thumbnailUrl":"https:\/\/shop.bantam.ch\/wp-content\/uploads\/2023\/02\/995581611.jpg","datePublished":"2023-02-28T03:45:42+00:00","dateModified":"2026-04-18T20:50:14+00:00","breadcrumb":{"@id":"https:\/\/shop.bantam.ch\/fr\/produit\/auvent-veduta-6300-6200-hauteur-de-montage-240-254-cm\/#breadcrumb"},"inLanguage":"fr-FR","potentialAction":[{"@type":"ReadAction","target":["https:\/\/shop.bantam.ch\/fr\/produit\/auvent-veduta-6300-6200-hauteur-de-montage-240-254-cm\/"]}]},{"@type":"ImageObject","inLanguage":"fr-FR","@id":"https:\/\/shop.bantam.ch\/fr\/produit\/auvent-veduta-6300-6200-hauteur-de-montage-240-254-cm\/#primaryimage","url":"https:\/\/shop.bantam.ch\/wp-content\/uploads\/2023\/02\/995581611.jpg","contentUrl":"https:\/\/shop.bantam.ch\/wp-content\/uploads\/2023\/02\/995581611.jpg","width":1500,"height":634},{"@type":"BreadcrumbList","@id":"https:\/\/shop.bantam.ch\/fr\/produit\/auvent-veduta-6300-6200-hauteur-de-montage-240-254-cm\/#breadcrumb","itemListElement":[{"@type":"ListItem","position":1,"name":"Accueil","item":"https:\/\/shop.bantam.ch\/fr\/"},{"@type":"ListItem","position":2,"name":"Boutique","item":"https:\/\/shop.bantam.ch\/fr\/boutique\/"},{"@type":"ListItem","position":3,"name":"Auvent Veduta 6300\/6200, hauteur de montage 240 &#8211; 254 cm"}]},{"@type":"WebSite","@id":"https:\/\/shop.bantam.ch\/fr\/#website","url":"https:\/\/shop.bantam.ch\/fr\/","name":"Bantam Wankm\u00fcller SA","description":"","publisher":{"@id":"https:\/\/shop.bantam.ch\/fr\/#organization"},"inLanguage":"fr-FR"},{"@type":"Organization","@id":"https:\/\/shop.bantam.ch\/fr\/#organization","name":"Bantam Wankm\u00fcller SA","url":"https:\/\/shop.bantam.ch\/fr\/","logo":{"@type":"ImageObject","inLanguage":"fr-FR","@id":"https:\/\/shop.bantam.ch\/fr\/#\/schema\/logo\/image\/","url":"https:\/\/shop.bantam.ch\/wp-content\/uploads\/2022\/12\/bantam-logo.png","contentUrl":"https:\/\/shop.bantam.ch\/wp-content\/uploads\/2022\/12\/bantam-logo.png","width":320,"height":71,"caption":"Bantam Wankm\u00fcller SA"},"image":{"@id":"https:\/\/shop.bantam.ch\/fr\/#\/schema\/logo\/image\/"}}]}},"_links":{"self":[{"href":"https:\/\/shop.bantam.ch\/fr\/wp-json\/wp\/v2\/product\/94635","targetHints":{"allow":["GET"]}}],"collection":[{"href":"https:\/\/shop.bantam.ch\/fr\/wp-json\/wp\/v2\/product"}],"about":[{"href":"https:\/\/shop.bantam.ch\/fr\/wp-json\/wp\/v2\/types\/product"}],"wp:featuredmedia":[{"embeddable":true,"href":"https:\/\/shop.bantam.ch\/fr\/wp-json\/wp\/v2\/media\/94631"}],"wp:attachment":[{"href":"https:\/\/shop.bantam.ch\/fr\/wp-json\/wp\/v2\/media?parent=94635"}],"wp:term":[{"taxonomy":"product_featured_cat","embeddable":true,"href":"https:\/\/shop.bantam.ch\/fr\/wp-json\/wp\/v2\/product_featured_cat?post=94635"},{"taxonomy":"product_brand","embeddable":true,"href":"https:\/\/shop.bantam.ch\/fr\/wp-json\/wp\/v2\/product_brand?post=94635"},{"taxonomy":"product_cat","embeddable":true,"href":"https:\/\/shop.bantam.ch\/fr\/wp-json\/wp\/v2\/product_cat?post=94635"},{"taxonomy":"product_tag","embeddable":true,"href":"https:\/\/shop.bantam.ch\/fr\/wp-json\/wp\/v2\/product_tag?post=94635"}],"curies":[{"name":"wp","href":"https:\/\/api.w.org\/{rel}","templated":true}]}}