{"id":94229,"date":"2023-02-28T04:39:05","date_gmt":"2023-02-28T03:39:05","guid":{"rendered":"http:\/\/shop.bantam.ch\/produit\/set-dhygiene-pour-systeme-deau-douce\/"},"modified":"2026-05-02T22:45:01","modified_gmt":"2026-05-02T20:45:01","slug":"set-dhygiene-pour-systeme-deau-douce","status":"publish","type":"product","link":"https:\/\/shop.bantam.ch\/fr\/produit\/set-dhygiene-pour-systeme-deau-douce\/","title":{"rendered":"Set d\u2019hygi\u00e8ne pour syst\u00e8me d&rsquo;eau douce"},"content":{"rendered":"<p>Le set d\u2019hygi\u00e8ne est un ensemble complet en termes d&rsquo;hygi\u00e8ne de l&rsquo;eau pour toute la saison. Selon le mod\u00e8le, il contient 250\u00a0ml de nettoyant d\u00e9sinfectant DEXDA Clean et 250\u00a0ml de d\u00e9tartrant Kxpress ainsi qu&rsquo;un SilverPad (r\u00e9servoirs jusqu&rsquo;\u00e0 80 litres) ou deux (r\u00e9servoirs jusqu&rsquo;\u00e0 160 litres) pour la conservation de 17500 ou 35000\u00a0litres d\u2019eau douce. La combinaison des produits DEXDA Clean et KXpress et du SilverPad est utilis\u00e9e \u00e0 la fois dans le secteur du caravaning et dans celui du nautisme. L\u2019utilisation combin\u00e9e des produits de nettoyage DEXDA Clean et KXpress permet de gagner beaucoup de temps et d\u2019investir beaucoup moins de travail qu\u2019avec d&rsquo;autres produits. Le SilverPad prot\u00e8ge efficacement l&rsquo;eau et le syst\u00e8me d&rsquo;eau douce contre les germes. Le set d&rsquo;hygi\u00e8ne est disponible pour des r\u00e9servoirs de 80 et 160 litres maximum.<\/p>\n","protected":false},"excerpt":{"rendered":"<p>Le set d\u2019hygi\u00e8ne est un ensemble complet en termes d&rsquo;hygi\u00e8ne de l&rsquo;eau pour toute la saison. Selon le mod\u00e8le, il contient 250\u00a0ml de nettoyant d\u00e9sinfectant DEXDA Clean et 250\u00a0ml de d\u00e9tartrant Kxpress ainsi qu&rsquo;un SilverPad (r\u00e9servoirs jusqu&rsquo;\u00e0 80 litres) ou deux (r\u00e9servoirs jusqu&rsquo;\u00e0 160 litres) pour la conservation de 17500 ou 35000\u00a0litres d\u2019eau douce. La [&hellip;]<\/p>\n","protected":false},"featured_media":94225,"template":"","meta":{"_acf_changed":false},"product_featured_cat":[],"product_brand":[3274],"product_cat":[4609],"product_tag":[],"class_list":{"0":"post-94229","1":"product","2":"type-product","3":"status-publish","4":"has-post-thumbnail","6":"product_brand-wm-aquatec","7":"product_cat-ensembles-dhygiene","9":"first","10":"instock","11":"taxable","12":"shipping-taxable","13":"purchasable","14":"product-type-variable"},"acf":[],"yoast_head":"<!-- This site is optimized with the Yoast SEO plugin v27.5 - https:\/\/yoast.com\/product\/yoast-seo-wordpress\/ -->\n<title>Set d\u2019hygi\u00e8ne pour syst\u00e8me d&#039;eau douce - Bantam<\/title>\n<meta name=\"robots\" content=\"index, follow, max-snippet:-1, max-image-preview:large, max-video-preview:-1\" \/>\n<link rel=\"canonical\" href=\"https:\/\/shop.bantam.ch\/fr\/produit\/set-dhygiene-pour-systeme-deau-douce\/\" \/>\n<meta property=\"og:locale\" content=\"fr_FR\" \/>\n<meta property=\"og:type\" content=\"article\" \/>\n<meta property=\"og:title\" content=\"Set d\u2019hygi\u00e8ne pour syst\u00e8me d&#039;eau douce - Bantam\" \/>\n<meta property=\"og:description\" content=\"Le set d\u2019hygi\u00e8ne est un ensemble complet en termes d&rsquo;hygi\u00e8ne de l&rsquo;eau pour toute la saison. Selon le mod\u00e8le, il contient 250\u00a0ml de nettoyant d\u00e9sinfectant DEXDA Clean et 250\u00a0ml de d\u00e9tartrant Kxpress ainsi qu&rsquo;un SilverPad (r\u00e9servoirs jusqu&rsquo;\u00e0 80 litres) ou deux (r\u00e9servoirs jusqu&rsquo;\u00e0 160 litres) pour la conservation de 17500 ou 35000\u00a0litres d\u2019eau douce. La [&hellip;]\" \/>\n<meta property=\"og:url\" content=\"https:\/\/shop.bantam.ch\/fr\/produit\/set-dhygiene-pour-systeme-deau-douce\/\" \/>\n<meta property=\"og:site_name\" content=\"Bantam\" \/>\n<meta property=\"article:modified_time\" content=\"2026-05-02T20:45:01+00:00\" \/>\n<meta property=\"og:image\" content=\"https:\/\/shop.bantam.ch\/wp-content\/uploads\/2023\/02\/996023011.jpg\" \/>\n\t<meta property=\"og:image:width\" content=\"1000\" \/>\n\t<meta property=\"og:image:height\" content=\"827\" \/>\n\t<meta property=\"og:image:type\" content=\"image\/jpeg\" \/>\n<meta name=\"twitter:card\" content=\"summary_large_image\" \/>\n<meta name=\"twitter:label1\" content=\"Dur\u00e9e de lecture estim\u00e9e\" \/>\n\t<meta name=\"twitter:data1\" content=\"1 minute\" \/>\n<script type=\"application\/ld+json\" class=\"yoast-schema-graph\">{\"@context\":\"https:\\\/\\\/schema.org\",\"@graph\":[{\"@type\":\"WebPage\",\"@id\":\"https:\\\/\\\/shop.bantam.ch\\\/fr\\\/produit\\\/set-dhygiene-pour-systeme-deau-douce\\\/\",\"url\":\"https:\\\/\\\/shop.bantam.ch\\\/fr\\\/produit\\\/set-dhygiene-pour-systeme-deau-douce\\\/\",\"name\":\"Set d\u2019hygi\u00e8ne pour syst\u00e8me d'eau douce - Bantam\",\"isPartOf\":{\"@id\":\"https:\\\/\\\/shop.bantam.ch\\\/fr\\\/#website\"},\"primaryImageOfPage\":{\"@id\":\"https:\\\/\\\/shop.bantam.ch\\\/fr\\\/produit\\\/set-dhygiene-pour-systeme-deau-douce\\\/#primaryimage\"},\"image\":{\"@id\":\"https:\\\/\\\/shop.bantam.ch\\\/fr\\\/produit\\\/set-dhygiene-pour-systeme-deau-douce\\\/#primaryimage\"},\"thumbnailUrl\":\"https:\\\/\\\/shop.bantam.ch\\\/wp-content\\\/uploads\\\/2023\\\/02\\\/996023011.jpg\",\"datePublished\":\"2023-02-28T03:39:05+00:00\",\"dateModified\":\"2026-05-02T20:45:01+00:00\",\"breadcrumb\":{\"@id\":\"https:\\\/\\\/shop.bantam.ch\\\/fr\\\/produit\\\/set-dhygiene-pour-systeme-deau-douce\\\/#breadcrumb\"},\"inLanguage\":\"fr-FR\",\"potentialAction\":[{\"@type\":\"ReadAction\",\"target\":[\"https:\\\/\\\/shop.bantam.ch\\\/fr\\\/produit\\\/set-dhygiene-pour-systeme-deau-douce\\\/\"]}]},{\"@type\":\"ImageObject\",\"inLanguage\":\"fr-FR\",\"@id\":\"https:\\\/\\\/shop.bantam.ch\\\/fr\\\/produit\\\/set-dhygiene-pour-systeme-deau-douce\\\/#primaryimage\",\"url\":\"https:\\\/\\\/shop.bantam.ch\\\/wp-content\\\/uploads\\\/2023\\\/02\\\/996023011.jpg\",\"contentUrl\":\"https:\\\/\\\/shop.bantam.ch\\\/wp-content\\\/uploads\\\/2023\\\/02\\\/996023011.jpg\",\"width\":1000,\"height\":827},{\"@type\":\"BreadcrumbList\",\"@id\":\"https:\\\/\\\/shop.bantam.ch\\\/fr\\\/produit\\\/set-dhygiene-pour-systeme-deau-douce\\\/#breadcrumb\",\"itemListElement\":[{\"@type\":\"ListItem\",\"position\":1,\"name\":\"Accueil\",\"item\":\"https:\\\/\\\/shop.bantam.ch\\\/fr\\\/\"},{\"@type\":\"ListItem\",\"position\":2,\"name\":\"Boutique\",\"item\":\"https:\\\/\\\/shop.bantam.ch\\\/fr\\\/boutique\\\/\"},{\"@type\":\"ListItem\",\"position\":3,\"name\":\"Set d\u2019hygi\u00e8ne pour syst\u00e8me d&rsquo;eau douce\"}]},{\"@type\":\"WebSite\",\"@id\":\"https:\\\/\\\/shop.bantam.ch\\\/fr\\\/#website\",\"url\":\"https:\\\/\\\/shop.bantam.ch\\\/fr\\\/\",\"name\":\"Bantam\",\"description\":\"\",\"publisher\":{\"@id\":\"https:\\\/\\\/shop.bantam.ch\\\/fr\\\/#organization\"},\"inLanguage\":\"fr-FR\"},{\"@type\":\"Organization\",\"@id\":\"https:\\\/\\\/shop.bantam.ch\\\/fr\\\/#organization\",\"name\":\"Bantam\",\"url\":\"https:\\\/\\\/shop.bantam.ch\\\/fr\\\/\",\"logo\":{\"@type\":\"ImageObject\",\"inLanguage\":\"fr-FR\",\"@id\":\"https:\\\/\\\/shop.bantam.ch\\\/fr\\\/#\\\/schema\\\/logo\\\/image\\\/\",\"url\":\"https:\\\/\\\/shop.bantam.ch\\\/wp-content\\\/uploads\\\/2022\\\/12\\\/bantam-logo.png\",\"contentUrl\":\"https:\\\/\\\/shop.bantam.ch\\\/wp-content\\\/uploads\\\/2022\\\/12\\\/bantam-logo.png\",\"width\":320,\"height\":71,\"caption\":\"Bantam\"},\"image\":{\"@id\":\"https:\\\/\\\/shop.bantam.ch\\\/fr\\\/#\\\/schema\\\/logo\\\/image\\\/\"}}]}<\/script>\n<!-- \/ Yoast SEO plugin. -->","yoast_head_json":{"title":"Set d\u2019hygi\u00e8ne pour syst\u00e8me d'eau douce - Bantam","robots":{"index":"index","follow":"follow","max-snippet":"max-snippet:-1","max-image-preview":"max-image-preview:large","max-video-preview":"max-video-preview:-1"},"canonical":"https:\/\/shop.bantam.ch\/fr\/produit\/set-dhygiene-pour-systeme-deau-douce\/","og_locale":"fr_FR","og_type":"article","og_title":"Set d\u2019hygi\u00e8ne pour syst\u00e8me d'eau douce - Bantam","og_description":"Le set d\u2019hygi\u00e8ne est un ensemble complet en termes d&rsquo;hygi\u00e8ne de l&rsquo;eau pour toute la saison. Selon le mod\u00e8le, il contient 250\u00a0ml de nettoyant d\u00e9sinfectant DEXDA Clean et 250\u00a0ml de d\u00e9tartrant Kxpress ainsi qu&rsquo;un SilverPad (r\u00e9servoirs jusqu&rsquo;\u00e0 80 litres) ou deux (r\u00e9servoirs jusqu&rsquo;\u00e0 160 litres) pour la conservation de 17500 ou 35000\u00a0litres d\u2019eau douce. La [&hellip;]","og_url":"https:\/\/shop.bantam.ch\/fr\/produit\/set-dhygiene-pour-systeme-deau-douce\/","og_site_name":"Bantam","article_modified_time":"2026-05-02T20:45:01+00:00","og_image":[{"width":1000,"height":827,"url":"https:\/\/shop.bantam.ch\/wp-content\/uploads\/2023\/02\/996023011.jpg","type":"image\/jpeg"}],"twitter_card":"summary_large_image","twitter_misc":{"Dur\u00e9e de lecture estim\u00e9e":"1 minute"},"schema":{"@context":"https:\/\/schema.org","@graph":[{"@type":"WebPage","@id":"https:\/\/shop.bantam.ch\/fr\/produit\/set-dhygiene-pour-systeme-deau-douce\/","url":"https:\/\/shop.bantam.ch\/fr\/produit\/set-dhygiene-pour-systeme-deau-douce\/","name":"Set d\u2019hygi\u00e8ne pour syst\u00e8me d'eau douce - Bantam","isPartOf":{"@id":"https:\/\/shop.bantam.ch\/fr\/#website"},"primaryImageOfPage":{"@id":"https:\/\/shop.bantam.ch\/fr\/produit\/set-dhygiene-pour-systeme-deau-douce\/#primaryimage"},"image":{"@id":"https:\/\/shop.bantam.ch\/fr\/produit\/set-dhygiene-pour-systeme-deau-douce\/#primaryimage"},"thumbnailUrl":"https:\/\/shop.bantam.ch\/wp-content\/uploads\/2023\/02\/996023011.jpg","datePublished":"2023-02-28T03:39:05+00:00","dateModified":"2026-05-02T20:45:01+00:00","breadcrumb":{"@id":"https:\/\/shop.bantam.ch\/fr\/produit\/set-dhygiene-pour-systeme-deau-douce\/#breadcrumb"},"inLanguage":"fr-FR","potentialAction":[{"@type":"ReadAction","target":["https:\/\/shop.bantam.ch\/fr\/produit\/set-dhygiene-pour-systeme-deau-douce\/"]}]},{"@type":"ImageObject","inLanguage":"fr-FR","@id":"https:\/\/shop.bantam.ch\/fr\/produit\/set-dhygiene-pour-systeme-deau-douce\/#primaryimage","url":"https:\/\/shop.bantam.ch\/wp-content\/uploads\/2023\/02\/996023011.jpg","contentUrl":"https:\/\/shop.bantam.ch\/wp-content\/uploads\/2023\/02\/996023011.jpg","width":1000,"height":827},{"@type":"BreadcrumbList","@id":"https:\/\/shop.bantam.ch\/fr\/produit\/set-dhygiene-pour-systeme-deau-douce\/#breadcrumb","itemListElement":[{"@type":"ListItem","position":1,"name":"Accueil","item":"https:\/\/shop.bantam.ch\/fr\/"},{"@type":"ListItem","position":2,"name":"Boutique","item":"https:\/\/shop.bantam.ch\/fr\/boutique\/"},{"@type":"ListItem","position":3,"name":"Set d\u2019hygi\u00e8ne pour syst\u00e8me d&rsquo;eau douce"}]},{"@type":"WebSite","@id":"https:\/\/shop.bantam.ch\/fr\/#website","url":"https:\/\/shop.bantam.ch\/fr\/","name":"Bantam","description":"","publisher":{"@id":"https:\/\/shop.bantam.ch\/fr\/#organization"},"inLanguage":"fr-FR"},{"@type":"Organization","@id":"https:\/\/shop.bantam.ch\/fr\/#organization","name":"Bantam","url":"https:\/\/shop.bantam.ch\/fr\/","logo":{"@type":"ImageObject","inLanguage":"fr-FR","@id":"https:\/\/shop.bantam.ch\/fr\/#\/schema\/logo\/image\/","url":"https:\/\/shop.bantam.ch\/wp-content\/uploads\/2022\/12\/bantam-logo.png","contentUrl":"https:\/\/shop.bantam.ch\/wp-content\/uploads\/2022\/12\/bantam-logo.png","width":320,"height":71,"caption":"Bantam"},"image":{"@id":"https:\/\/shop.bantam.ch\/fr\/#\/schema\/logo\/image\/"}}]}},"_links":{"self":[{"href":"https:\/\/shop.bantam.ch\/fr\/wp-json\/wp\/v2\/product\/94229","targetHints":{"allow":["GET"]}}],"collection":[{"href":"https:\/\/shop.bantam.ch\/fr\/wp-json\/wp\/v2\/product"}],"about":[{"href":"https:\/\/shop.bantam.ch\/fr\/wp-json\/wp\/v2\/types\/product"}],"wp:featuredmedia":[{"embeddable":true,"href":"https:\/\/shop.bantam.ch\/fr\/wp-json\/wp\/v2\/media\/94225"}],"wp:attachment":[{"href":"https:\/\/shop.bantam.ch\/fr\/wp-json\/wp\/v2\/media?parent=94229"}],"wp:term":[{"taxonomy":"product_featured_cat","embeddable":true,"href":"https:\/\/shop.bantam.ch\/fr\/wp-json\/wp\/v2\/product_featured_cat?post=94229"},{"taxonomy":"product_brand","embeddable":true,"href":"https:\/\/shop.bantam.ch\/fr\/wp-json\/wp\/v2\/product_brand?post=94229"},{"taxonomy":"product_cat","embeddable":true,"href":"https:\/\/shop.bantam.ch\/fr\/wp-json\/wp\/v2\/product_cat?post=94229"},{"taxonomy":"product_tag","embeddable":true,"href":"https:\/\/shop.bantam.ch\/fr\/wp-json\/wp\/v2\/product_tag?post=94229"}],"curies":[{"name":"wp","href":"https:\/\/api.w.org\/{rel}","templated":true}]}}