{"id":94203,"date":"2023-02-28T04:38:35","date_gmt":"2023-02-28T03:38:35","guid":{"rendered":"http:\/\/shop.bantam.ch\/produit\/tube-fix-go\/"},"modified":"2026-05-01T21:27:30","modified_gmt":"2026-05-01T19:27:30","slug":"tube-fix-go","status":"publish","type":"product","link":"https:\/\/shop.bantam.ch\/fr\/produit\/tube-fix-go\/","title":{"rendered":"Peggy Tube Peggy Peg"},"content":{"rendered":"<p>Ballast flexible <br \/>Fix&amp;Go Tube est l\u2019extension id\u00e9ale de la plaque d\u2019ancrage Fix&amp;Go pour la mise en place du store sur des pav\u00e9s, du b\u00e9ton ou de l\u2019asphalte. Gr\u00e2ce \u00e0 cette extension du syst\u00e8me, un volume de transport compact et l\u00e9ger se transforme en un poids suppl\u00e9mentaire de 10\u00a0kg. <br \/>Application : Fixez le sabot adaptateur sur la plaque d\u2019ancrage Fix&amp;Go au pied du store. Puis remplissez le boudin avec 10 litres d\u2019eau de votre r\u00e9servoir, du lac ou du fleuve et positionnez-le dans le sabot r\u00e9cepteur. Fixez le tube Fix&amp;Go avec les bandes velcro sur le pied du store, c\u2019est fait\u00a0! Avec un ballast global de 20\u00a0kg (un Fix&amp;Go Tube par c\u00f4t\u00e9), le store peut \u00e9galement \u00eatre utilis\u00e9 en cas de l\u00e9ger vent. Attention\u00a0: Il incombe \u00e0 l\u2019utilisateur de d\u00e9cider du moment o\u00f9 le vent devient trop fort pour le poids en place. Fix&amp;Go Tube ne remplace pas la fixation au sol du store\u00a0!<\/p>\n<p>Contenu de la livraison :<br \/>1 set compos\u00e9 de :<br \/>1 tube Fix&amp;Go<br \/>1 sabot adaptateur<\/p>\n","protected":false},"excerpt":{"rendered":"<p>Ballast flexible Fix&amp;Go Tube est l\u2019extension id\u00e9ale de la plaque d\u2019ancrage Fix&amp;Go pour la mise en place du store sur des pav\u00e9s, du b\u00e9ton ou de l\u2019asphalte. Gr\u00e2ce \u00e0 cette extension du syst\u00e8me, un volume de transport compact et l\u00e9ger se transforme en un poids suppl\u00e9mentaire de 10\u00a0kg. Application : Fixez le sabot adaptateur sur [&hellip;]<\/p>\n","protected":false},"featured_media":94191,"template":"","meta":{"_acf_changed":false},"product_featured_cat":[],"product_brand":[3116],"product_cat":[4227],"product_tag":[],"class_list":{"0":"post-94203","1":"product","2":"type-product","3":"status-publish","4":"has-post-thumbnail","6":"product_brand-peggy-peg","7":"product_cat-fixations-de-store","9":"first","10":"instock","11":"taxable","12":"shipping-taxable","13":"purchasable","14":"product-type-simple"},"acf":[],"yoast_head":"<!-- This site is optimized with the Yoast SEO plugin v27.5 - https:\/\/yoast.com\/product\/yoast-seo-wordpress\/ -->\n<title>Peggy Tube Peggy Peg - Bantam<\/title>\n<meta name=\"robots\" content=\"index, follow, max-snippet:-1, max-image-preview:large, max-video-preview:-1\" \/>\n<link rel=\"canonical\" href=\"https:\/\/shop.bantam.ch\/fr\/produit\/tube-fix-go\/\" \/>\n<meta property=\"og:locale\" content=\"fr_FR\" \/>\n<meta property=\"og:type\" content=\"article\" \/>\n<meta property=\"og:title\" content=\"Peggy Tube Peggy Peg - Bantam\" \/>\n<meta property=\"og:description\" content=\"Ballast flexible Fix&amp;Go Tube est l\u2019extension id\u00e9ale de la plaque d\u2019ancrage Fix&amp;Go pour la mise en place du store sur des pav\u00e9s, du b\u00e9ton ou de l\u2019asphalte. Gr\u00e2ce \u00e0 cette extension du syst\u00e8me, un volume de transport compact et l\u00e9ger se transforme en un poids suppl\u00e9mentaire de 10\u00a0kg. Application : Fixez le sabot adaptateur sur [&hellip;]\" \/>\n<meta property=\"og:url\" content=\"https:\/\/shop.bantam.ch\/fr\/produit\/tube-fix-go\/\" \/>\n<meta property=\"og:site_name\" content=\"Bantam\" \/>\n<meta property=\"article:modified_time\" content=\"2026-05-01T19:27:30+00:00\" \/>\n<meta property=\"og:image\" content=\"https:\/\/shop.bantam.ch\/wp-content\/uploads\/2023\/02\/994325613.png\" \/>\n\t<meta property=\"og:image:width\" content=\"1000\" \/>\n\t<meta property=\"og:image:height\" content=\"750\" \/>\n\t<meta property=\"og:image:type\" content=\"image\/png\" \/>\n<meta name=\"twitter:card\" content=\"summary_large_image\" \/>\n<meta name=\"twitter:label1\" content=\"Dur\u00e9e de lecture estim\u00e9e\" \/>\n\t<meta name=\"twitter:data1\" content=\"1 minute\" \/>\n<script type=\"application\/ld+json\" class=\"yoast-schema-graph\">{\"@context\":\"https:\\\/\\\/schema.org\",\"@graph\":[{\"@type\":\"WebPage\",\"@id\":\"https:\\\/\\\/shop.bantam.ch\\\/fr\\\/produit\\\/tube-fix-go\\\/\",\"url\":\"https:\\\/\\\/shop.bantam.ch\\\/fr\\\/produit\\\/tube-fix-go\\\/\",\"name\":\"Peggy Tube Peggy Peg - Bantam\",\"isPartOf\":{\"@id\":\"https:\\\/\\\/shop.bantam.ch\\\/fr\\\/#website\"},\"primaryImageOfPage\":{\"@id\":\"https:\\\/\\\/shop.bantam.ch\\\/fr\\\/produit\\\/tube-fix-go\\\/#primaryimage\"},\"image\":{\"@id\":\"https:\\\/\\\/shop.bantam.ch\\\/fr\\\/produit\\\/tube-fix-go\\\/#primaryimage\"},\"thumbnailUrl\":\"https:\\\/\\\/shop.bantam.ch\\\/wp-content\\\/uploads\\\/2023\\\/02\\\/994325613.png\",\"datePublished\":\"2023-02-28T03:38:35+00:00\",\"dateModified\":\"2026-05-01T19:27:30+00:00\",\"breadcrumb\":{\"@id\":\"https:\\\/\\\/shop.bantam.ch\\\/fr\\\/produit\\\/tube-fix-go\\\/#breadcrumb\"},\"inLanguage\":\"fr-FR\",\"potentialAction\":[{\"@type\":\"ReadAction\",\"target\":[\"https:\\\/\\\/shop.bantam.ch\\\/fr\\\/produit\\\/tube-fix-go\\\/\"]}]},{\"@type\":\"ImageObject\",\"inLanguage\":\"fr-FR\",\"@id\":\"https:\\\/\\\/shop.bantam.ch\\\/fr\\\/produit\\\/tube-fix-go\\\/#primaryimage\",\"url\":\"https:\\\/\\\/shop.bantam.ch\\\/wp-content\\\/uploads\\\/2023\\\/02\\\/994325613.png\",\"contentUrl\":\"https:\\\/\\\/shop.bantam.ch\\\/wp-content\\\/uploads\\\/2023\\\/02\\\/994325613.png\",\"width\":1000,\"height\":750},{\"@type\":\"BreadcrumbList\",\"@id\":\"https:\\\/\\\/shop.bantam.ch\\\/fr\\\/produit\\\/tube-fix-go\\\/#breadcrumb\",\"itemListElement\":[{\"@type\":\"ListItem\",\"position\":1,\"name\":\"Accueil\",\"item\":\"https:\\\/\\\/shop.bantam.ch\\\/fr\\\/\"},{\"@type\":\"ListItem\",\"position\":2,\"name\":\"Boutique\",\"item\":\"https:\\\/\\\/shop.bantam.ch\\\/fr\\\/boutique\\\/\"},{\"@type\":\"ListItem\",\"position\":3,\"name\":\"Peggy Tube Peggy Peg\"}]},{\"@type\":\"WebSite\",\"@id\":\"https:\\\/\\\/shop.bantam.ch\\\/fr\\\/#website\",\"url\":\"https:\\\/\\\/shop.bantam.ch\\\/fr\\\/\",\"name\":\"Bantam\",\"description\":\"\",\"publisher\":{\"@id\":\"https:\\\/\\\/shop.bantam.ch\\\/fr\\\/#organization\"},\"inLanguage\":\"fr-FR\"},{\"@type\":\"Organization\",\"@id\":\"https:\\\/\\\/shop.bantam.ch\\\/fr\\\/#organization\",\"name\":\"Bantam\",\"url\":\"https:\\\/\\\/shop.bantam.ch\\\/fr\\\/\",\"logo\":{\"@type\":\"ImageObject\",\"inLanguage\":\"fr-FR\",\"@id\":\"https:\\\/\\\/shop.bantam.ch\\\/fr\\\/#\\\/schema\\\/logo\\\/image\\\/\",\"url\":\"https:\\\/\\\/shop.bantam.ch\\\/wp-content\\\/uploads\\\/2022\\\/12\\\/bantam-logo.png\",\"contentUrl\":\"https:\\\/\\\/shop.bantam.ch\\\/wp-content\\\/uploads\\\/2022\\\/12\\\/bantam-logo.png\",\"width\":320,\"height\":71,\"caption\":\"Bantam\"},\"image\":{\"@id\":\"https:\\\/\\\/shop.bantam.ch\\\/fr\\\/#\\\/schema\\\/logo\\\/image\\\/\"}}]}<\/script>\n<!-- \/ Yoast SEO plugin. -->","yoast_head_json":{"title":"Peggy Tube Peggy Peg - Bantam","robots":{"index":"index","follow":"follow","max-snippet":"max-snippet:-1","max-image-preview":"max-image-preview:large","max-video-preview":"max-video-preview:-1"},"canonical":"https:\/\/shop.bantam.ch\/fr\/produit\/tube-fix-go\/","og_locale":"fr_FR","og_type":"article","og_title":"Peggy Tube Peggy Peg - Bantam","og_description":"Ballast flexible Fix&amp;Go Tube est l\u2019extension id\u00e9ale de la plaque d\u2019ancrage Fix&amp;Go pour la mise en place du store sur des pav\u00e9s, du b\u00e9ton ou de l\u2019asphalte. Gr\u00e2ce \u00e0 cette extension du syst\u00e8me, un volume de transport compact et l\u00e9ger se transforme en un poids suppl\u00e9mentaire de 10\u00a0kg. Application : Fixez le sabot adaptateur sur [&hellip;]","og_url":"https:\/\/shop.bantam.ch\/fr\/produit\/tube-fix-go\/","og_site_name":"Bantam","article_modified_time":"2026-05-01T19:27:30+00:00","og_image":[{"width":1000,"height":750,"url":"https:\/\/shop.bantam.ch\/wp-content\/uploads\/2023\/02\/994325613.png","type":"image\/png"}],"twitter_card":"summary_large_image","twitter_misc":{"Dur\u00e9e de lecture estim\u00e9e":"1 minute"},"schema":{"@context":"https:\/\/schema.org","@graph":[{"@type":"WebPage","@id":"https:\/\/shop.bantam.ch\/fr\/produit\/tube-fix-go\/","url":"https:\/\/shop.bantam.ch\/fr\/produit\/tube-fix-go\/","name":"Peggy Tube Peggy Peg - Bantam","isPartOf":{"@id":"https:\/\/shop.bantam.ch\/fr\/#website"},"primaryImageOfPage":{"@id":"https:\/\/shop.bantam.ch\/fr\/produit\/tube-fix-go\/#primaryimage"},"image":{"@id":"https:\/\/shop.bantam.ch\/fr\/produit\/tube-fix-go\/#primaryimage"},"thumbnailUrl":"https:\/\/shop.bantam.ch\/wp-content\/uploads\/2023\/02\/994325613.png","datePublished":"2023-02-28T03:38:35+00:00","dateModified":"2026-05-01T19:27:30+00:00","breadcrumb":{"@id":"https:\/\/shop.bantam.ch\/fr\/produit\/tube-fix-go\/#breadcrumb"},"inLanguage":"fr-FR","potentialAction":[{"@type":"ReadAction","target":["https:\/\/shop.bantam.ch\/fr\/produit\/tube-fix-go\/"]}]},{"@type":"ImageObject","inLanguage":"fr-FR","@id":"https:\/\/shop.bantam.ch\/fr\/produit\/tube-fix-go\/#primaryimage","url":"https:\/\/shop.bantam.ch\/wp-content\/uploads\/2023\/02\/994325613.png","contentUrl":"https:\/\/shop.bantam.ch\/wp-content\/uploads\/2023\/02\/994325613.png","width":1000,"height":750},{"@type":"BreadcrumbList","@id":"https:\/\/shop.bantam.ch\/fr\/produit\/tube-fix-go\/#breadcrumb","itemListElement":[{"@type":"ListItem","position":1,"name":"Accueil","item":"https:\/\/shop.bantam.ch\/fr\/"},{"@type":"ListItem","position":2,"name":"Boutique","item":"https:\/\/shop.bantam.ch\/fr\/boutique\/"},{"@type":"ListItem","position":3,"name":"Peggy Tube Peggy Peg"}]},{"@type":"WebSite","@id":"https:\/\/shop.bantam.ch\/fr\/#website","url":"https:\/\/shop.bantam.ch\/fr\/","name":"Bantam","description":"","publisher":{"@id":"https:\/\/shop.bantam.ch\/fr\/#organization"},"inLanguage":"fr-FR"},{"@type":"Organization","@id":"https:\/\/shop.bantam.ch\/fr\/#organization","name":"Bantam","url":"https:\/\/shop.bantam.ch\/fr\/","logo":{"@type":"ImageObject","inLanguage":"fr-FR","@id":"https:\/\/shop.bantam.ch\/fr\/#\/schema\/logo\/image\/","url":"https:\/\/shop.bantam.ch\/wp-content\/uploads\/2022\/12\/bantam-logo.png","contentUrl":"https:\/\/shop.bantam.ch\/wp-content\/uploads\/2022\/12\/bantam-logo.png","width":320,"height":71,"caption":"Bantam"},"image":{"@id":"https:\/\/shop.bantam.ch\/fr\/#\/schema\/logo\/image\/"}}]}},"_links":{"self":[{"href":"https:\/\/shop.bantam.ch\/fr\/wp-json\/wp\/v2\/product\/94203","targetHints":{"allow":["GET"]}}],"collection":[{"href":"https:\/\/shop.bantam.ch\/fr\/wp-json\/wp\/v2\/product"}],"about":[{"href":"https:\/\/shop.bantam.ch\/fr\/wp-json\/wp\/v2\/types\/product"}],"wp:featuredmedia":[{"embeddable":true,"href":"https:\/\/shop.bantam.ch\/fr\/wp-json\/wp\/v2\/media\/94191"}],"wp:attachment":[{"href":"https:\/\/shop.bantam.ch\/fr\/wp-json\/wp\/v2\/media?parent=94203"}],"wp:term":[{"taxonomy":"product_featured_cat","embeddable":true,"href":"https:\/\/shop.bantam.ch\/fr\/wp-json\/wp\/v2\/product_featured_cat?post=94203"},{"taxonomy":"product_brand","embeddable":true,"href":"https:\/\/shop.bantam.ch\/fr\/wp-json\/wp\/v2\/product_brand?post=94203"},{"taxonomy":"product_cat","embeddable":true,"href":"https:\/\/shop.bantam.ch\/fr\/wp-json\/wp\/v2\/product_cat?post=94203"},{"taxonomy":"product_tag","embeddable":true,"href":"https:\/\/shop.bantam.ch\/fr\/wp-json\/wp\/v2\/product_tag?post=94203"}],"curies":[{"name":"wp","href":"https:\/\/api.w.org\/{rel}","templated":true}]}}