{"id":94039,"date":"2023-02-28T04:36:43","date_gmt":"2023-02-28T03:36:43","guid":{"rendered":"http:\/\/shop.bantam.ch\/produit\/systeme-occultant-set-pour-les-vitres-laterales\/"},"modified":"2026-04-18T22:48:49","modified_gmt":"2026-04-18T20:48:49","slug":"systeme-occultant-set-pour-les-vitres-laterales","status":"publish","type":"product","link":"https:\/\/shop.bantam.ch\/fr\/produit\/systeme-occultant-set-pour-les-vitres-laterales\/","title":{"rendered":"Syst\u00e8me occultant, set pour les vitres lat\u00e9rales"},"content":{"rendered":"<p>DOMETIC SP 300 plus d\u2019intimit\u00e9, meilleure protection du climat.<br \/>Les l\u00e8ve-tard et ceux qui veulent pr\u00e9server leur intimit\u00e9 vont adorer le nouveau panneau lat\u00e9ral SP 300. Il est fabriqu\u00e9 sur mesure pour le Fiat Ducato et toutes les fourgonnettes similaires. Mis en place des deux c\u00f4t\u00e9s et associ\u00e9 \u00e0 notre store de pare-brise FP 300, il offre une excellente protection contre le soleil, le froid et les regards curieux.<br \/>Parfaitement adapt\u00e9 aux mod\u00e8les Fiat Ducato X250 et X290 ainsi qu&rsquo;aux mod\u00e8les similaires Peugeot Boxer et Citro\u00ebn Jumper.<\/p>\n<p>\u00a0<\/p>\n<ul>\n<li>Mat\u00e9riau alv\u00e9olaire \u00e0 double pliss\u00e9 pour une isolation efficace contre la chaleur et le froid<\/li>\n<li>Notre panneau \u00e0 glissi\u00e8re offre plus d\u2019intimit\u00e9 et un meilleur obscurcissement<\/li>\n<li>Montage rapide et simple sans d\u00e9montage des composants de porte<\/li>\n<li>Env. 40\u00a0mm d\u2019espace libre pour une meilleure visibilit\u00e9 du petit r\u00e9troviseur passager.<\/li>\n<li>Poign\u00e9e ultra-plate pour un maniement confortable<\/li>\n<li>Apparence parfaite, comme lors d\u2019une solution int\u00e9gr\u00e9e en usine.<\/li>\n<li>L\u00e9ger, seulement 1,2\u00a0kg par c\u00f4t\u00e9, bien plus l\u00e9ger que les syst\u00e8mes de la concurrence<\/li>\n<\/ul>\n<p><\/p>\n<p>\u00a0<\/p>\n","protected":false},"excerpt":{"rendered":"<p>DOMETIC SP 300 plus d\u2019intimit\u00e9, meilleure protection du climat.Les l\u00e8ve-tard et ceux qui veulent pr\u00e9server leur intimit\u00e9 vont adorer le nouveau panneau lat\u00e9ral SP 300. Il est fabriqu\u00e9 sur mesure pour le Fiat Ducato et toutes les fourgonnettes similaires. Mis en place des deux c\u00f4t\u00e9s et associ\u00e9 \u00e0 notre store de pare-brise FP 300, il [&hellip;]<\/p>\n","protected":false},"featured_media":94035,"template":"","meta":{"_acf_changed":false},"product_featured_cat":[],"product_brand":[3028],"product_cat":[4713],"product_tag":[],"class_list":{"0":"post-94039","1":"product","2":"type-product","3":"status-publish","4":"has-post-thumbnail","6":"product_brand-dometic","7":"product_cat-systeme-doccultation-de-la-cabine-de-conduite","9":"first","10":"instock","11":"taxable","12":"shipping-taxable","13":"purchasable","14":"product-type-variable"},"acf":[],"yoast_head":"<!-- This site is optimized with the Yoast SEO plugin v27.4 - https:\/\/yoast.com\/product\/yoast-seo-wordpress\/ -->\n<title>Syst\u00e8me occultant, set pour les vitres lat\u00e9rales - Bantam Wankm\u00fcller SA<\/title>\n<meta name=\"robots\" content=\"index, follow, max-snippet:-1, max-image-preview:large, max-video-preview:-1\" \/>\n<link rel=\"canonical\" href=\"https:\/\/shop.bantam.ch\/fr\/produit\/systeme-occultant-set-pour-les-vitres-laterales\/\" \/>\n<meta property=\"og:locale\" content=\"fr_FR\" \/>\n<meta property=\"og:type\" content=\"article\" \/>\n<meta property=\"og:title\" content=\"Syst\u00e8me occultant, set pour les vitres lat\u00e9rales - Bantam Wankm\u00fcller SA\" \/>\n<meta property=\"og:description\" content=\"DOMETIC SP 300 plus d\u2019intimit\u00e9, meilleure protection du climat.Les l\u00e8ve-tard et ceux qui veulent pr\u00e9server leur intimit\u00e9 vont adorer le nouveau panneau lat\u00e9ral SP 300. Il est fabriqu\u00e9 sur mesure pour le Fiat Ducato et toutes les fourgonnettes similaires. Mis en place des deux c\u00f4t\u00e9s et associ\u00e9 \u00e0 notre store de pare-brise FP 300, il [&hellip;]\" \/>\n<meta property=\"og:url\" content=\"https:\/\/shop.bantam.ch\/fr\/produit\/systeme-occultant-set-pour-les-vitres-laterales\/\" \/>\n<meta property=\"og:site_name\" content=\"Bantam Wankm\u00fcller SA\" \/>\n<meta property=\"article:modified_time\" content=\"2026-04-18T20:48:49+00:00\" \/>\n<meta property=\"og:image\" content=\"https:\/\/shop.bantam.ch\/wp-content\/uploads\/2023\/02\/994318811.jpg\" \/>\n\t<meta property=\"og:image:width\" content=\"1000\" \/>\n\t<meta property=\"og:image:height\" content=\"1000\" \/>\n\t<meta property=\"og:image:type\" content=\"image\/jpeg\" \/>\n<meta name=\"twitter:card\" content=\"summary_large_image\" \/>\n<meta name=\"twitter:label1\" content=\"Dur\u00e9e de lecture estim\u00e9e\" \/>\n\t<meta name=\"twitter:data1\" content=\"1 minute\" \/>\n<script type=\"application\/ld+json\" class=\"yoast-schema-graph\">{\"@context\":\"https:\\\/\\\/schema.org\",\"@graph\":[{\"@type\":\"WebPage\",\"@id\":\"https:\\\/\\\/shop.bantam.ch\\\/fr\\\/produit\\\/systeme-occultant-set-pour-les-vitres-laterales\\\/\",\"url\":\"https:\\\/\\\/shop.bantam.ch\\\/fr\\\/produit\\\/systeme-occultant-set-pour-les-vitres-laterales\\\/\",\"name\":\"Syst\u00e8me occultant, set pour les vitres lat\u00e9rales - Bantam Wankm\u00fcller SA\",\"isPartOf\":{\"@id\":\"https:\\\/\\\/shop.bantam.ch\\\/fr\\\/#website\"},\"primaryImageOfPage\":{\"@id\":\"https:\\\/\\\/shop.bantam.ch\\\/fr\\\/produit\\\/systeme-occultant-set-pour-les-vitres-laterales\\\/#primaryimage\"},\"image\":{\"@id\":\"https:\\\/\\\/shop.bantam.ch\\\/fr\\\/produit\\\/systeme-occultant-set-pour-les-vitres-laterales\\\/#primaryimage\"},\"thumbnailUrl\":\"https:\\\/\\\/shop.bantam.ch\\\/wp-content\\\/uploads\\\/2023\\\/02\\\/994318811.jpg\",\"datePublished\":\"2023-02-28T03:36:43+00:00\",\"dateModified\":\"2026-04-18T20:48:49+00:00\",\"breadcrumb\":{\"@id\":\"https:\\\/\\\/shop.bantam.ch\\\/fr\\\/produit\\\/systeme-occultant-set-pour-les-vitres-laterales\\\/#breadcrumb\"},\"inLanguage\":\"fr-FR\",\"potentialAction\":[{\"@type\":\"ReadAction\",\"target\":[\"https:\\\/\\\/shop.bantam.ch\\\/fr\\\/produit\\\/systeme-occultant-set-pour-les-vitres-laterales\\\/\"]}]},{\"@type\":\"ImageObject\",\"inLanguage\":\"fr-FR\",\"@id\":\"https:\\\/\\\/shop.bantam.ch\\\/fr\\\/produit\\\/systeme-occultant-set-pour-les-vitres-laterales\\\/#primaryimage\",\"url\":\"https:\\\/\\\/shop.bantam.ch\\\/wp-content\\\/uploads\\\/2023\\\/02\\\/994318811.jpg\",\"contentUrl\":\"https:\\\/\\\/shop.bantam.ch\\\/wp-content\\\/uploads\\\/2023\\\/02\\\/994318811.jpg\",\"width\":1000,\"height\":1000},{\"@type\":\"BreadcrumbList\",\"@id\":\"https:\\\/\\\/shop.bantam.ch\\\/fr\\\/produit\\\/systeme-occultant-set-pour-les-vitres-laterales\\\/#breadcrumb\",\"itemListElement\":[{\"@type\":\"ListItem\",\"position\":1,\"name\":\"Accueil\",\"item\":\"https:\\\/\\\/shop.bantam.ch\\\/fr\\\/\"},{\"@type\":\"ListItem\",\"position\":2,\"name\":\"Boutique\",\"item\":\"https:\\\/\\\/shop.bantam.ch\\\/fr\\\/boutique\\\/\"},{\"@type\":\"ListItem\",\"position\":3,\"name\":\"Syst\u00e8me occultant, set pour les vitres lat\u00e9rales\"}]},{\"@type\":\"WebSite\",\"@id\":\"https:\\\/\\\/shop.bantam.ch\\\/fr\\\/#website\",\"url\":\"https:\\\/\\\/shop.bantam.ch\\\/fr\\\/\",\"name\":\"Bantam Wankm\u00fcller SA\",\"description\":\"\",\"publisher\":{\"@id\":\"https:\\\/\\\/shop.bantam.ch\\\/fr\\\/#organization\"},\"inLanguage\":\"fr-FR\"},{\"@type\":\"Organization\",\"@id\":\"https:\\\/\\\/shop.bantam.ch\\\/fr\\\/#organization\",\"name\":\"Bantam Wankm\u00fcller SA\",\"url\":\"https:\\\/\\\/shop.bantam.ch\\\/fr\\\/\",\"logo\":{\"@type\":\"ImageObject\",\"inLanguage\":\"fr-FR\",\"@id\":\"https:\\\/\\\/shop.bantam.ch\\\/fr\\\/#\\\/schema\\\/logo\\\/image\\\/\",\"url\":\"https:\\\/\\\/shop.bantam.ch\\\/wp-content\\\/uploads\\\/2022\\\/12\\\/bantam-logo.png\",\"contentUrl\":\"https:\\\/\\\/shop.bantam.ch\\\/wp-content\\\/uploads\\\/2022\\\/12\\\/bantam-logo.png\",\"width\":320,\"height\":71,\"caption\":\"Bantam Wankm\u00fcller SA\"},\"image\":{\"@id\":\"https:\\\/\\\/shop.bantam.ch\\\/fr\\\/#\\\/schema\\\/logo\\\/image\\\/\"}}]}<\/script>\n<!-- \/ Yoast SEO plugin. -->","yoast_head_json":{"title":"Syst\u00e8me occultant, set pour les vitres lat\u00e9rales - Bantam Wankm\u00fcller SA","robots":{"index":"index","follow":"follow","max-snippet":"max-snippet:-1","max-image-preview":"max-image-preview:large","max-video-preview":"max-video-preview:-1"},"canonical":"https:\/\/shop.bantam.ch\/fr\/produit\/systeme-occultant-set-pour-les-vitres-laterales\/","og_locale":"fr_FR","og_type":"article","og_title":"Syst\u00e8me occultant, set pour les vitres lat\u00e9rales - Bantam Wankm\u00fcller SA","og_description":"DOMETIC SP 300 plus d\u2019intimit\u00e9, meilleure protection du climat.Les l\u00e8ve-tard et ceux qui veulent pr\u00e9server leur intimit\u00e9 vont adorer le nouveau panneau lat\u00e9ral SP 300. Il est fabriqu\u00e9 sur mesure pour le Fiat Ducato et toutes les fourgonnettes similaires. Mis en place des deux c\u00f4t\u00e9s et associ\u00e9 \u00e0 notre store de pare-brise FP 300, il [&hellip;]","og_url":"https:\/\/shop.bantam.ch\/fr\/produit\/systeme-occultant-set-pour-les-vitres-laterales\/","og_site_name":"Bantam Wankm\u00fcller SA","article_modified_time":"2026-04-18T20:48:49+00:00","og_image":[{"width":1000,"height":1000,"url":"https:\/\/shop.bantam.ch\/wp-content\/uploads\/2023\/02\/994318811.jpg","type":"image\/jpeg"}],"twitter_card":"summary_large_image","twitter_misc":{"Dur\u00e9e de lecture estim\u00e9e":"1 minute"},"schema":{"@context":"https:\/\/schema.org","@graph":[{"@type":"WebPage","@id":"https:\/\/shop.bantam.ch\/fr\/produit\/systeme-occultant-set-pour-les-vitres-laterales\/","url":"https:\/\/shop.bantam.ch\/fr\/produit\/systeme-occultant-set-pour-les-vitres-laterales\/","name":"Syst\u00e8me occultant, set pour les vitres lat\u00e9rales - Bantam Wankm\u00fcller SA","isPartOf":{"@id":"https:\/\/shop.bantam.ch\/fr\/#website"},"primaryImageOfPage":{"@id":"https:\/\/shop.bantam.ch\/fr\/produit\/systeme-occultant-set-pour-les-vitres-laterales\/#primaryimage"},"image":{"@id":"https:\/\/shop.bantam.ch\/fr\/produit\/systeme-occultant-set-pour-les-vitres-laterales\/#primaryimage"},"thumbnailUrl":"https:\/\/shop.bantam.ch\/wp-content\/uploads\/2023\/02\/994318811.jpg","datePublished":"2023-02-28T03:36:43+00:00","dateModified":"2026-04-18T20:48:49+00:00","breadcrumb":{"@id":"https:\/\/shop.bantam.ch\/fr\/produit\/systeme-occultant-set-pour-les-vitres-laterales\/#breadcrumb"},"inLanguage":"fr-FR","potentialAction":[{"@type":"ReadAction","target":["https:\/\/shop.bantam.ch\/fr\/produit\/systeme-occultant-set-pour-les-vitres-laterales\/"]}]},{"@type":"ImageObject","inLanguage":"fr-FR","@id":"https:\/\/shop.bantam.ch\/fr\/produit\/systeme-occultant-set-pour-les-vitres-laterales\/#primaryimage","url":"https:\/\/shop.bantam.ch\/wp-content\/uploads\/2023\/02\/994318811.jpg","contentUrl":"https:\/\/shop.bantam.ch\/wp-content\/uploads\/2023\/02\/994318811.jpg","width":1000,"height":1000},{"@type":"BreadcrumbList","@id":"https:\/\/shop.bantam.ch\/fr\/produit\/systeme-occultant-set-pour-les-vitres-laterales\/#breadcrumb","itemListElement":[{"@type":"ListItem","position":1,"name":"Accueil","item":"https:\/\/shop.bantam.ch\/fr\/"},{"@type":"ListItem","position":2,"name":"Boutique","item":"https:\/\/shop.bantam.ch\/fr\/boutique\/"},{"@type":"ListItem","position":3,"name":"Syst\u00e8me occultant, set pour les vitres lat\u00e9rales"}]},{"@type":"WebSite","@id":"https:\/\/shop.bantam.ch\/fr\/#website","url":"https:\/\/shop.bantam.ch\/fr\/","name":"Bantam Wankm\u00fcller SA","description":"","publisher":{"@id":"https:\/\/shop.bantam.ch\/fr\/#organization"},"inLanguage":"fr-FR"},{"@type":"Organization","@id":"https:\/\/shop.bantam.ch\/fr\/#organization","name":"Bantam Wankm\u00fcller SA","url":"https:\/\/shop.bantam.ch\/fr\/","logo":{"@type":"ImageObject","inLanguage":"fr-FR","@id":"https:\/\/shop.bantam.ch\/fr\/#\/schema\/logo\/image\/","url":"https:\/\/shop.bantam.ch\/wp-content\/uploads\/2022\/12\/bantam-logo.png","contentUrl":"https:\/\/shop.bantam.ch\/wp-content\/uploads\/2022\/12\/bantam-logo.png","width":320,"height":71,"caption":"Bantam Wankm\u00fcller SA"},"image":{"@id":"https:\/\/shop.bantam.ch\/fr\/#\/schema\/logo\/image\/"}}]}},"_links":{"self":[{"href":"https:\/\/shop.bantam.ch\/fr\/wp-json\/wp\/v2\/product\/94039","targetHints":{"allow":["GET"]}}],"collection":[{"href":"https:\/\/shop.bantam.ch\/fr\/wp-json\/wp\/v2\/product"}],"about":[{"href":"https:\/\/shop.bantam.ch\/fr\/wp-json\/wp\/v2\/types\/product"}],"wp:featuredmedia":[{"embeddable":true,"href":"https:\/\/shop.bantam.ch\/fr\/wp-json\/wp\/v2\/media\/94035"}],"wp:attachment":[{"href":"https:\/\/shop.bantam.ch\/fr\/wp-json\/wp\/v2\/media?parent=94039"}],"wp:term":[{"taxonomy":"product_featured_cat","embeddable":true,"href":"https:\/\/shop.bantam.ch\/fr\/wp-json\/wp\/v2\/product_featured_cat?post=94039"},{"taxonomy":"product_brand","embeddable":true,"href":"https:\/\/shop.bantam.ch\/fr\/wp-json\/wp\/v2\/product_brand?post=94039"},{"taxonomy":"product_cat","embeddable":true,"href":"https:\/\/shop.bantam.ch\/fr\/wp-json\/wp\/v2\/product_cat?post=94039"},{"taxonomy":"product_tag","embeddable":true,"href":"https:\/\/shop.bantam.ch\/fr\/wp-json\/wp\/v2\/product_tag?post=94039"}],"curies":[{"name":"wp","href":"https:\/\/api.w.org\/{rel}","templated":true}]}}