{"id":94027,"date":"2023-02-28T04:36:31","date_gmt":"2023-02-28T03:36:31","guid":{"rendered":"http:\/\/shop.bantam.ch\/produit\/papier-toilette-aqua-soft-4-rouleaux\/"},"modified":"2026-04-18T21:28:24","modified_gmt":"2026-04-18T19:28:24","slug":"papier-toilette-aqua-soft-4-rouleaux","status":"publish","type":"product","link":"https:\/\/shop.bantam.ch\/fr\/produit\/papier-toilette-aqua-soft-4-rouleaux\/","title":{"rendered":"Papier toilette Thetford Aqua Soft _4 rouleaux_"},"content":{"rendered":"<p>Papier hygi\u00e9nique extra doux qui se dissout rapidement. Emp\u00eache tout bourrage et facilite la vidange du r\u00e9servoir \u00e0 mati\u00e8res.<\/p>\n<ul>\n<li>Sp\u00e9cialement d\u00e9velopp\u00e9 pour les toilettes portables et les toilettes \u00e0 cassette<\/li>\n<li>Emp\u00eache tout bouchage lors de la vidange<\/li>\n<li>Vidange plus facile du r\u00e9servoir \u00e0 mati\u00e8res<\/li>\n<li>Pr\u00e9vient les probl\u00e8mes ou les d\u00e9fauts m\u00e9caniques<\/li>\n<li>Agr\u00e9ablement doux<\/li>\n<li>Papier toilette avec gaufrage fleurs<\/li>\n<li>250 feuilles, 2 couches<\/li>\n<\/ul>\n<p>Contenu\u00a0:<br \/>\n4\u00a0rouleaux<\/p>\n","protected":false},"excerpt":{"rendered":"<p>Papier hygi\u00e9nique extra doux qui se dissout rapidement. Emp\u00eache tout bourrage et facilite la vidange du r\u00e9servoir \u00e0 mati\u00e8res. Sp\u00e9cialement d\u00e9velopp\u00e9 pour les toilettes portables et les toilettes \u00e0 cassette Emp\u00eache tout bouchage lors de la vidange Vidange plus facile du r\u00e9servoir \u00e0 mati\u00e8res Pr\u00e9vient les probl\u00e8mes ou les d\u00e9fauts m\u00e9caniques Agr\u00e9ablement doux Papier toilette [&hellip;]<\/p>\n","protected":false},"featured_media":94023,"template":"","meta":{"_acf_changed":false},"product_featured_cat":[],"product_brand":[3066],"product_cat":[4603],"product_tag":[],"class_list":{"0":"post-94027","1":"product","2":"type-product","3":"status-publish","4":"has-post-thumbnail","6":"product_brand-thetford","7":"product_cat-papiers-de-toilette","9":"first","10":"instock","11":"taxable","12":"shipping-taxable","13":"purchasable","14":"product-type-simple"},"acf":[],"yoast_head":"<!-- This site is optimized with the Yoast SEO plugin v27.4 - https:\/\/yoast.com\/product\/yoast-seo-wordpress\/ -->\n<title>Papier toilette Thetford Aqua Soft _4 rouleaux_ - Bantam Wankm\u00fcller SA<\/title>\n<meta name=\"robots\" content=\"index, follow, max-snippet:-1, max-image-preview:large, max-video-preview:-1\" \/>\n<link rel=\"canonical\" href=\"https:\/\/shop.bantam.ch\/fr\/produit\/papier-toilette-aqua-soft-4-rouleaux\/\" \/>\n<meta property=\"og:locale\" content=\"fr_FR\" \/>\n<meta property=\"og:type\" content=\"article\" \/>\n<meta property=\"og:title\" content=\"Papier toilette Thetford Aqua Soft _4 rouleaux_ - Bantam Wankm\u00fcller SA\" \/>\n<meta property=\"og:description\" content=\"Papier hygi\u00e9nique extra doux qui se dissout rapidement. Emp\u00eache tout bourrage et facilite la vidange du r\u00e9servoir \u00e0 mati\u00e8res. Sp\u00e9cialement d\u00e9velopp\u00e9 pour les toilettes portables et les toilettes \u00e0 cassette Emp\u00eache tout bouchage lors de la vidange Vidange plus facile du r\u00e9servoir \u00e0 mati\u00e8res Pr\u00e9vient les probl\u00e8mes ou les d\u00e9fauts m\u00e9caniques Agr\u00e9ablement doux Papier toilette [&hellip;]\" \/>\n<meta property=\"og:url\" content=\"https:\/\/shop.bantam.ch\/fr\/produit\/papier-toilette-aqua-soft-4-rouleaux\/\" \/>\n<meta property=\"og:site_name\" content=\"Bantam Wankm\u00fcller SA\" \/>\n<meta property=\"article:modified_time\" content=\"2026-04-18T19:28:24+00:00\" \/>\n<meta property=\"og:image\" content=\"https:\/\/shop.bantam.ch\/wp-content\/uploads\/2023\/02\/996022511.jpg\" \/>\n\t<meta property=\"og:image:width\" content=\"1000\" \/>\n\t<meta property=\"og:image:height\" content=\"707\" \/>\n\t<meta property=\"og:image:type\" content=\"image\/jpeg\" \/>\n<meta name=\"twitter:card\" content=\"summary_large_image\" \/>\n<meta name=\"twitter:label1\" content=\"Dur\u00e9e de lecture estim\u00e9e\" \/>\n\t<meta name=\"twitter:data1\" content=\"1 minute\" \/>\n<script type=\"application\/ld+json\" class=\"yoast-schema-graph\">{\"@context\":\"https:\\\/\\\/schema.org\",\"@graph\":[{\"@type\":\"WebPage\",\"@id\":\"https:\\\/\\\/shop.bantam.ch\\\/fr\\\/produit\\\/papier-toilette-aqua-soft-4-rouleaux\\\/\",\"url\":\"https:\\\/\\\/shop.bantam.ch\\\/fr\\\/produit\\\/papier-toilette-aqua-soft-4-rouleaux\\\/\",\"name\":\"Papier toilette Thetford Aqua Soft _4 rouleaux_ - Bantam Wankm\u00fcller SA\",\"isPartOf\":{\"@id\":\"https:\\\/\\\/shop.bantam.ch\\\/fr\\\/#website\"},\"primaryImageOfPage\":{\"@id\":\"https:\\\/\\\/shop.bantam.ch\\\/fr\\\/produit\\\/papier-toilette-aqua-soft-4-rouleaux\\\/#primaryimage\"},\"image\":{\"@id\":\"https:\\\/\\\/shop.bantam.ch\\\/fr\\\/produit\\\/papier-toilette-aqua-soft-4-rouleaux\\\/#primaryimage\"},\"thumbnailUrl\":\"https:\\\/\\\/shop.bantam.ch\\\/wp-content\\\/uploads\\\/2023\\\/02\\\/996022511.jpg\",\"datePublished\":\"2023-02-28T03:36:31+00:00\",\"dateModified\":\"2026-04-18T19:28:24+00:00\",\"breadcrumb\":{\"@id\":\"https:\\\/\\\/shop.bantam.ch\\\/fr\\\/produit\\\/papier-toilette-aqua-soft-4-rouleaux\\\/#breadcrumb\"},\"inLanguage\":\"fr-FR\",\"potentialAction\":[{\"@type\":\"ReadAction\",\"target\":[\"https:\\\/\\\/shop.bantam.ch\\\/fr\\\/produit\\\/papier-toilette-aqua-soft-4-rouleaux\\\/\"]}]},{\"@type\":\"ImageObject\",\"inLanguage\":\"fr-FR\",\"@id\":\"https:\\\/\\\/shop.bantam.ch\\\/fr\\\/produit\\\/papier-toilette-aqua-soft-4-rouleaux\\\/#primaryimage\",\"url\":\"https:\\\/\\\/shop.bantam.ch\\\/wp-content\\\/uploads\\\/2023\\\/02\\\/996022511.jpg\",\"contentUrl\":\"https:\\\/\\\/shop.bantam.ch\\\/wp-content\\\/uploads\\\/2023\\\/02\\\/996022511.jpg\",\"width\":1000,\"height\":707},{\"@type\":\"BreadcrumbList\",\"@id\":\"https:\\\/\\\/shop.bantam.ch\\\/fr\\\/produit\\\/papier-toilette-aqua-soft-4-rouleaux\\\/#breadcrumb\",\"itemListElement\":[{\"@type\":\"ListItem\",\"position\":1,\"name\":\"Accueil\",\"item\":\"https:\\\/\\\/shop.bantam.ch\\\/fr\\\/\"},{\"@type\":\"ListItem\",\"position\":2,\"name\":\"Boutique\",\"item\":\"https:\\\/\\\/shop.bantam.ch\\\/fr\\\/boutique\\\/\"},{\"@type\":\"ListItem\",\"position\":3,\"name\":\"Papier toilette Thetford Aqua Soft _4 rouleaux_\"}]},{\"@type\":\"WebSite\",\"@id\":\"https:\\\/\\\/shop.bantam.ch\\\/fr\\\/#website\",\"url\":\"https:\\\/\\\/shop.bantam.ch\\\/fr\\\/\",\"name\":\"Bantam Wankm\u00fcller SA\",\"description\":\"\",\"publisher\":{\"@id\":\"https:\\\/\\\/shop.bantam.ch\\\/fr\\\/#organization\"},\"inLanguage\":\"fr-FR\"},{\"@type\":\"Organization\",\"@id\":\"https:\\\/\\\/shop.bantam.ch\\\/fr\\\/#organization\",\"name\":\"Bantam Wankm\u00fcller SA\",\"url\":\"https:\\\/\\\/shop.bantam.ch\\\/fr\\\/\",\"logo\":{\"@type\":\"ImageObject\",\"inLanguage\":\"fr-FR\",\"@id\":\"https:\\\/\\\/shop.bantam.ch\\\/fr\\\/#\\\/schema\\\/logo\\\/image\\\/\",\"url\":\"https:\\\/\\\/shop.bantam.ch\\\/wp-content\\\/uploads\\\/2022\\\/12\\\/bantam-logo.png\",\"contentUrl\":\"https:\\\/\\\/shop.bantam.ch\\\/wp-content\\\/uploads\\\/2022\\\/12\\\/bantam-logo.png\",\"width\":320,\"height\":71,\"caption\":\"Bantam Wankm\u00fcller SA\"},\"image\":{\"@id\":\"https:\\\/\\\/shop.bantam.ch\\\/fr\\\/#\\\/schema\\\/logo\\\/image\\\/\"}}]}<\/script>\n<!-- \/ Yoast SEO plugin. -->","yoast_head_json":{"title":"Papier toilette Thetford Aqua Soft _4 rouleaux_ - Bantam Wankm\u00fcller SA","robots":{"index":"index","follow":"follow","max-snippet":"max-snippet:-1","max-image-preview":"max-image-preview:large","max-video-preview":"max-video-preview:-1"},"canonical":"https:\/\/shop.bantam.ch\/fr\/produit\/papier-toilette-aqua-soft-4-rouleaux\/","og_locale":"fr_FR","og_type":"article","og_title":"Papier toilette Thetford Aqua Soft _4 rouleaux_ - Bantam Wankm\u00fcller SA","og_description":"Papier hygi\u00e9nique extra doux qui se dissout rapidement. Emp\u00eache tout bourrage et facilite la vidange du r\u00e9servoir \u00e0 mati\u00e8res. Sp\u00e9cialement d\u00e9velopp\u00e9 pour les toilettes portables et les toilettes \u00e0 cassette Emp\u00eache tout bouchage lors de la vidange Vidange plus facile du r\u00e9servoir \u00e0 mati\u00e8res Pr\u00e9vient les probl\u00e8mes ou les d\u00e9fauts m\u00e9caniques Agr\u00e9ablement doux Papier toilette [&hellip;]","og_url":"https:\/\/shop.bantam.ch\/fr\/produit\/papier-toilette-aqua-soft-4-rouleaux\/","og_site_name":"Bantam Wankm\u00fcller SA","article_modified_time":"2026-04-18T19:28:24+00:00","og_image":[{"width":1000,"height":707,"url":"https:\/\/shop.bantam.ch\/wp-content\/uploads\/2023\/02\/996022511.jpg","type":"image\/jpeg"}],"twitter_card":"summary_large_image","twitter_misc":{"Dur\u00e9e de lecture estim\u00e9e":"1 minute"},"schema":{"@context":"https:\/\/schema.org","@graph":[{"@type":"WebPage","@id":"https:\/\/shop.bantam.ch\/fr\/produit\/papier-toilette-aqua-soft-4-rouleaux\/","url":"https:\/\/shop.bantam.ch\/fr\/produit\/papier-toilette-aqua-soft-4-rouleaux\/","name":"Papier toilette Thetford Aqua Soft _4 rouleaux_ - Bantam Wankm\u00fcller SA","isPartOf":{"@id":"https:\/\/shop.bantam.ch\/fr\/#website"},"primaryImageOfPage":{"@id":"https:\/\/shop.bantam.ch\/fr\/produit\/papier-toilette-aqua-soft-4-rouleaux\/#primaryimage"},"image":{"@id":"https:\/\/shop.bantam.ch\/fr\/produit\/papier-toilette-aqua-soft-4-rouleaux\/#primaryimage"},"thumbnailUrl":"https:\/\/shop.bantam.ch\/wp-content\/uploads\/2023\/02\/996022511.jpg","datePublished":"2023-02-28T03:36:31+00:00","dateModified":"2026-04-18T19:28:24+00:00","breadcrumb":{"@id":"https:\/\/shop.bantam.ch\/fr\/produit\/papier-toilette-aqua-soft-4-rouleaux\/#breadcrumb"},"inLanguage":"fr-FR","potentialAction":[{"@type":"ReadAction","target":["https:\/\/shop.bantam.ch\/fr\/produit\/papier-toilette-aqua-soft-4-rouleaux\/"]}]},{"@type":"ImageObject","inLanguage":"fr-FR","@id":"https:\/\/shop.bantam.ch\/fr\/produit\/papier-toilette-aqua-soft-4-rouleaux\/#primaryimage","url":"https:\/\/shop.bantam.ch\/wp-content\/uploads\/2023\/02\/996022511.jpg","contentUrl":"https:\/\/shop.bantam.ch\/wp-content\/uploads\/2023\/02\/996022511.jpg","width":1000,"height":707},{"@type":"BreadcrumbList","@id":"https:\/\/shop.bantam.ch\/fr\/produit\/papier-toilette-aqua-soft-4-rouleaux\/#breadcrumb","itemListElement":[{"@type":"ListItem","position":1,"name":"Accueil","item":"https:\/\/shop.bantam.ch\/fr\/"},{"@type":"ListItem","position":2,"name":"Boutique","item":"https:\/\/shop.bantam.ch\/fr\/boutique\/"},{"@type":"ListItem","position":3,"name":"Papier toilette Thetford Aqua Soft _4 rouleaux_"}]},{"@type":"WebSite","@id":"https:\/\/shop.bantam.ch\/fr\/#website","url":"https:\/\/shop.bantam.ch\/fr\/","name":"Bantam Wankm\u00fcller SA","description":"","publisher":{"@id":"https:\/\/shop.bantam.ch\/fr\/#organization"},"inLanguage":"fr-FR"},{"@type":"Organization","@id":"https:\/\/shop.bantam.ch\/fr\/#organization","name":"Bantam Wankm\u00fcller SA","url":"https:\/\/shop.bantam.ch\/fr\/","logo":{"@type":"ImageObject","inLanguage":"fr-FR","@id":"https:\/\/shop.bantam.ch\/fr\/#\/schema\/logo\/image\/","url":"https:\/\/shop.bantam.ch\/wp-content\/uploads\/2022\/12\/bantam-logo.png","contentUrl":"https:\/\/shop.bantam.ch\/wp-content\/uploads\/2022\/12\/bantam-logo.png","width":320,"height":71,"caption":"Bantam Wankm\u00fcller SA"},"image":{"@id":"https:\/\/shop.bantam.ch\/fr\/#\/schema\/logo\/image\/"}}]}},"_links":{"self":[{"href":"https:\/\/shop.bantam.ch\/fr\/wp-json\/wp\/v2\/product\/94027","targetHints":{"allow":["GET"]}}],"collection":[{"href":"https:\/\/shop.bantam.ch\/fr\/wp-json\/wp\/v2\/product"}],"about":[{"href":"https:\/\/shop.bantam.ch\/fr\/wp-json\/wp\/v2\/types\/product"}],"wp:featuredmedia":[{"embeddable":true,"href":"https:\/\/shop.bantam.ch\/fr\/wp-json\/wp\/v2\/media\/94023"}],"wp:attachment":[{"href":"https:\/\/shop.bantam.ch\/fr\/wp-json\/wp\/v2\/media?parent=94027"}],"wp:term":[{"taxonomy":"product_featured_cat","embeddable":true,"href":"https:\/\/shop.bantam.ch\/fr\/wp-json\/wp\/v2\/product_featured_cat?post=94027"},{"taxonomy":"product_brand","embeddable":true,"href":"https:\/\/shop.bantam.ch\/fr\/wp-json\/wp\/v2\/product_brand?post=94027"},{"taxonomy":"product_cat","embeddable":true,"href":"https:\/\/shop.bantam.ch\/fr\/wp-json\/wp\/v2\/product_cat?post=94027"},{"taxonomy":"product_tag","embeddable":true,"href":"https:\/\/shop.bantam.ch\/fr\/wp-json\/wp\/v2\/product_tag?post=94027"}],"curies":[{"name":"wp","href":"https:\/\/api.w.org\/{rel}","templated":true}]}}