{"id":94011,"date":"2023-02-28T04:36:14","date_gmt":"2023-02-28T03:36:14","guid":{"rendered":"http:\/\/shop.bantam.ch\/produit\/porte-velo-elite-g2-one-bike\/"},"modified":"2026-04-17T21:27:38","modified_gmt":"2026-04-17T19:27:38","slug":"porte-velo-elite-g2-one-bike","status":"publish","type":"product","link":"https:\/\/shop.bantam.ch\/fr\/produit\/porte-velo-elite-g2-one-bike\/","title":{"rendered":"Porte-v\u00e9lo THULE Elite G2 One Bike Charge max. 30 kg"},"content":{"rendered":"<p>Ce mod\u00e8le correspond au porte-v\u00e9los standard Elite G2 de Thule avec une plateforme plus courte pour le transport d\u2019un seul v\u00e9lo et une capacit\u00e9 de charge de 30\u00a0kg maximum. Ce porte-v\u00e9lo a \u00e9t\u00e9 d\u00e9velopp\u00e9 sp\u00e9cifiquement pour r\u00e9pondre aux besoins des utilisateurs de caravane. Ce groupe recherche un chargement r\u00e9gulier de la caravane avec deux v\u00e9los\u00a0: un v\u00e9lo sur la paroi arri\u00e8re du v\u00e9hicule et un v\u00e9lo sur la fourche (par ex. Caravan Smart de Thule). La r\u00e9partition r\u00e9guli\u00e8re du poids des v\u00e9los en combinaison avec le Caravan Smart de Thule est la caract\u00e9ristique distinctive la plus importante. En outre, ce porte-v\u00e9lo est particuli\u00e8rement compact. Toutes les autres propri\u00e9t\u00e9s de l\u2019Elite G2 standard de Thule restent inchang\u00e9es.<\/p>\n","protected":false},"excerpt":{"rendered":"<p>Ce mod\u00e8le correspond au porte-v\u00e9los standard Elite G2 de Thule avec une plateforme plus courte pour le transport d\u2019un seul v\u00e9lo et une capacit\u00e9 de charge de 30\u00a0kg maximum. Ce porte-v\u00e9lo a \u00e9t\u00e9 d\u00e9velopp\u00e9 sp\u00e9cifiquement pour r\u00e9pondre aux besoins des utilisateurs de caravane. Ce groupe recherche un chargement r\u00e9gulier de la caravane avec deux v\u00e9los\u00a0: [&hellip;]<\/p>\n","protected":false},"featured_media":94009,"template":"","meta":{"_acf_changed":false},"product_featured_cat":[],"product_brand":[3046],"product_cat":[5137],"product_tag":[],"class_list":{"0":"post-94011","1":"product","2":"type-product","3":"status-publish","4":"has-post-thumbnail","6":"product_brand-thule","7":"product_cat-porte-velos-arriere","9":"first","10":"instock","11":"taxable","12":"shipping-taxable","13":"purchasable","14":"product-type-simple"},"acf":[],"yoast_head":"<!-- This site is optimized with the Yoast SEO plugin v27.4 - https:\/\/yoast.com\/product\/yoast-seo-wordpress\/ -->\n<title>Porte-v\u00e9lo THULE Elite G2 One Bike Charge max. 30 kg - Bantam Wankm\u00fcller SA<\/title>\n<meta name=\"robots\" content=\"index, follow, max-snippet:-1, max-image-preview:large, max-video-preview:-1\" \/>\n<link rel=\"canonical\" href=\"https:\/\/shop.bantam.ch\/fr\/produit\/porte-velo-elite-g2-one-bike\/\" \/>\n<meta property=\"og:locale\" content=\"fr_FR\" \/>\n<meta property=\"og:type\" content=\"article\" \/>\n<meta property=\"og:title\" content=\"Porte-v\u00e9lo THULE Elite G2 One Bike Charge max. 30 kg - Bantam Wankm\u00fcller SA\" \/>\n<meta property=\"og:description\" content=\"Ce mod\u00e8le correspond au porte-v\u00e9los standard Elite G2 de Thule avec une plateforme plus courte pour le transport d\u2019un seul v\u00e9lo et une capacit\u00e9 de charge de 30\u00a0kg maximum. Ce porte-v\u00e9lo a \u00e9t\u00e9 d\u00e9velopp\u00e9 sp\u00e9cifiquement pour r\u00e9pondre aux besoins des utilisateurs de caravane. Ce groupe recherche un chargement r\u00e9gulier de la caravane avec deux v\u00e9los\u00a0: [&hellip;]\" \/>\n<meta property=\"og:url\" content=\"https:\/\/shop.bantam.ch\/fr\/produit\/porte-velo-elite-g2-one-bike\/\" \/>\n<meta property=\"og:site_name\" content=\"Bantam Wankm\u00fcller SA\" \/>\n<meta property=\"article:modified_time\" content=\"2026-04-17T19:27:38+00:00\" \/>\n<meta property=\"og:image\" content=\"https:\/\/shop.bantam.ch\/wp-content\/uploads\/2023\/02\/994318511.jpg\" \/>\n\t<meta property=\"og:image:width\" content=\"659\" \/>\n\t<meta property=\"og:image:height\" content=\"1000\" \/>\n\t<meta property=\"og:image:type\" content=\"image\/jpeg\" \/>\n<meta name=\"twitter:card\" content=\"summary_large_image\" \/>\n<meta name=\"twitter:label1\" content=\"Dur\u00e9e de lecture estim\u00e9e\" \/>\n\t<meta name=\"twitter:data1\" content=\"1 minute\" \/>\n<script type=\"application\/ld+json\" class=\"yoast-schema-graph\">{\"@context\":\"https:\\\/\\\/schema.org\",\"@graph\":[{\"@type\":\"WebPage\",\"@id\":\"https:\\\/\\\/shop.bantam.ch\\\/fr\\\/produit\\\/porte-velo-elite-g2-one-bike\\\/\",\"url\":\"https:\\\/\\\/shop.bantam.ch\\\/fr\\\/produit\\\/porte-velo-elite-g2-one-bike\\\/\",\"name\":\"Porte-v\u00e9lo THULE Elite G2 One Bike Charge max. 30 kg - Bantam Wankm\u00fcller SA\",\"isPartOf\":{\"@id\":\"https:\\\/\\\/shop.bantam.ch\\\/fr\\\/#website\"},\"primaryImageOfPage\":{\"@id\":\"https:\\\/\\\/shop.bantam.ch\\\/fr\\\/produit\\\/porte-velo-elite-g2-one-bike\\\/#primaryimage\"},\"image\":{\"@id\":\"https:\\\/\\\/shop.bantam.ch\\\/fr\\\/produit\\\/porte-velo-elite-g2-one-bike\\\/#primaryimage\"},\"thumbnailUrl\":\"https:\\\/\\\/shop.bantam.ch\\\/wp-content\\\/uploads\\\/2023\\\/02\\\/994318511.jpg\",\"datePublished\":\"2023-02-28T03:36:14+00:00\",\"dateModified\":\"2026-04-17T19:27:38+00:00\",\"breadcrumb\":{\"@id\":\"https:\\\/\\\/shop.bantam.ch\\\/fr\\\/produit\\\/porte-velo-elite-g2-one-bike\\\/#breadcrumb\"},\"inLanguage\":\"fr-FR\",\"potentialAction\":[{\"@type\":\"ReadAction\",\"target\":[\"https:\\\/\\\/shop.bantam.ch\\\/fr\\\/produit\\\/porte-velo-elite-g2-one-bike\\\/\"]}]},{\"@type\":\"ImageObject\",\"inLanguage\":\"fr-FR\",\"@id\":\"https:\\\/\\\/shop.bantam.ch\\\/fr\\\/produit\\\/porte-velo-elite-g2-one-bike\\\/#primaryimage\",\"url\":\"https:\\\/\\\/shop.bantam.ch\\\/wp-content\\\/uploads\\\/2023\\\/02\\\/994318511.jpg\",\"contentUrl\":\"https:\\\/\\\/shop.bantam.ch\\\/wp-content\\\/uploads\\\/2023\\\/02\\\/994318511.jpg\",\"width\":659,\"height\":1000},{\"@type\":\"BreadcrumbList\",\"@id\":\"https:\\\/\\\/shop.bantam.ch\\\/fr\\\/produit\\\/porte-velo-elite-g2-one-bike\\\/#breadcrumb\",\"itemListElement\":[{\"@type\":\"ListItem\",\"position\":1,\"name\":\"Accueil\",\"item\":\"https:\\\/\\\/shop.bantam.ch\\\/fr\\\/\"},{\"@type\":\"ListItem\",\"position\":2,\"name\":\"Boutique\",\"item\":\"https:\\\/\\\/shop.bantam.ch\\\/fr\\\/boutique\\\/\"},{\"@type\":\"ListItem\",\"position\":3,\"name\":\"Porte-v\u00e9lo THULE Elite G2 One Bike Charge max. 30 kg\"}]},{\"@type\":\"WebSite\",\"@id\":\"https:\\\/\\\/shop.bantam.ch\\\/fr\\\/#website\",\"url\":\"https:\\\/\\\/shop.bantam.ch\\\/fr\\\/\",\"name\":\"Bantam Wankm\u00fcller SA\",\"description\":\"\",\"publisher\":{\"@id\":\"https:\\\/\\\/shop.bantam.ch\\\/fr\\\/#organization\"},\"inLanguage\":\"fr-FR\"},{\"@type\":\"Organization\",\"@id\":\"https:\\\/\\\/shop.bantam.ch\\\/fr\\\/#organization\",\"name\":\"Bantam Wankm\u00fcller SA\",\"url\":\"https:\\\/\\\/shop.bantam.ch\\\/fr\\\/\",\"logo\":{\"@type\":\"ImageObject\",\"inLanguage\":\"fr-FR\",\"@id\":\"https:\\\/\\\/shop.bantam.ch\\\/fr\\\/#\\\/schema\\\/logo\\\/image\\\/\",\"url\":\"https:\\\/\\\/shop.bantam.ch\\\/wp-content\\\/uploads\\\/2022\\\/12\\\/bantam-logo.png\",\"contentUrl\":\"https:\\\/\\\/shop.bantam.ch\\\/wp-content\\\/uploads\\\/2022\\\/12\\\/bantam-logo.png\",\"width\":320,\"height\":71,\"caption\":\"Bantam Wankm\u00fcller SA\"},\"image\":{\"@id\":\"https:\\\/\\\/shop.bantam.ch\\\/fr\\\/#\\\/schema\\\/logo\\\/image\\\/\"}}]}<\/script>\n<!-- \/ Yoast SEO plugin. -->","yoast_head_json":{"title":"Porte-v\u00e9lo THULE Elite G2 One Bike Charge max. 30 kg - Bantam Wankm\u00fcller SA","robots":{"index":"index","follow":"follow","max-snippet":"max-snippet:-1","max-image-preview":"max-image-preview:large","max-video-preview":"max-video-preview:-1"},"canonical":"https:\/\/shop.bantam.ch\/fr\/produit\/porte-velo-elite-g2-one-bike\/","og_locale":"fr_FR","og_type":"article","og_title":"Porte-v\u00e9lo THULE Elite G2 One Bike Charge max. 30 kg - Bantam Wankm\u00fcller SA","og_description":"Ce mod\u00e8le correspond au porte-v\u00e9los standard Elite G2 de Thule avec une plateforme plus courte pour le transport d\u2019un seul v\u00e9lo et une capacit\u00e9 de charge de 30\u00a0kg maximum. Ce porte-v\u00e9lo a \u00e9t\u00e9 d\u00e9velopp\u00e9 sp\u00e9cifiquement pour r\u00e9pondre aux besoins des utilisateurs de caravane. Ce groupe recherche un chargement r\u00e9gulier de la caravane avec deux v\u00e9los\u00a0: [&hellip;]","og_url":"https:\/\/shop.bantam.ch\/fr\/produit\/porte-velo-elite-g2-one-bike\/","og_site_name":"Bantam Wankm\u00fcller SA","article_modified_time":"2026-04-17T19:27:38+00:00","og_image":[{"width":659,"height":1000,"url":"https:\/\/shop.bantam.ch\/wp-content\/uploads\/2023\/02\/994318511.jpg","type":"image\/jpeg"}],"twitter_card":"summary_large_image","twitter_misc":{"Dur\u00e9e de lecture estim\u00e9e":"1 minute"},"schema":{"@context":"https:\/\/schema.org","@graph":[{"@type":"WebPage","@id":"https:\/\/shop.bantam.ch\/fr\/produit\/porte-velo-elite-g2-one-bike\/","url":"https:\/\/shop.bantam.ch\/fr\/produit\/porte-velo-elite-g2-one-bike\/","name":"Porte-v\u00e9lo THULE Elite G2 One Bike Charge max. 30 kg - Bantam Wankm\u00fcller SA","isPartOf":{"@id":"https:\/\/shop.bantam.ch\/fr\/#website"},"primaryImageOfPage":{"@id":"https:\/\/shop.bantam.ch\/fr\/produit\/porte-velo-elite-g2-one-bike\/#primaryimage"},"image":{"@id":"https:\/\/shop.bantam.ch\/fr\/produit\/porte-velo-elite-g2-one-bike\/#primaryimage"},"thumbnailUrl":"https:\/\/shop.bantam.ch\/wp-content\/uploads\/2023\/02\/994318511.jpg","datePublished":"2023-02-28T03:36:14+00:00","dateModified":"2026-04-17T19:27:38+00:00","breadcrumb":{"@id":"https:\/\/shop.bantam.ch\/fr\/produit\/porte-velo-elite-g2-one-bike\/#breadcrumb"},"inLanguage":"fr-FR","potentialAction":[{"@type":"ReadAction","target":["https:\/\/shop.bantam.ch\/fr\/produit\/porte-velo-elite-g2-one-bike\/"]}]},{"@type":"ImageObject","inLanguage":"fr-FR","@id":"https:\/\/shop.bantam.ch\/fr\/produit\/porte-velo-elite-g2-one-bike\/#primaryimage","url":"https:\/\/shop.bantam.ch\/wp-content\/uploads\/2023\/02\/994318511.jpg","contentUrl":"https:\/\/shop.bantam.ch\/wp-content\/uploads\/2023\/02\/994318511.jpg","width":659,"height":1000},{"@type":"BreadcrumbList","@id":"https:\/\/shop.bantam.ch\/fr\/produit\/porte-velo-elite-g2-one-bike\/#breadcrumb","itemListElement":[{"@type":"ListItem","position":1,"name":"Accueil","item":"https:\/\/shop.bantam.ch\/fr\/"},{"@type":"ListItem","position":2,"name":"Boutique","item":"https:\/\/shop.bantam.ch\/fr\/boutique\/"},{"@type":"ListItem","position":3,"name":"Porte-v\u00e9lo THULE Elite G2 One Bike Charge max. 30 kg"}]},{"@type":"WebSite","@id":"https:\/\/shop.bantam.ch\/fr\/#website","url":"https:\/\/shop.bantam.ch\/fr\/","name":"Bantam Wankm\u00fcller SA","description":"","publisher":{"@id":"https:\/\/shop.bantam.ch\/fr\/#organization"},"inLanguage":"fr-FR"},{"@type":"Organization","@id":"https:\/\/shop.bantam.ch\/fr\/#organization","name":"Bantam Wankm\u00fcller SA","url":"https:\/\/shop.bantam.ch\/fr\/","logo":{"@type":"ImageObject","inLanguage":"fr-FR","@id":"https:\/\/shop.bantam.ch\/fr\/#\/schema\/logo\/image\/","url":"https:\/\/shop.bantam.ch\/wp-content\/uploads\/2022\/12\/bantam-logo.png","contentUrl":"https:\/\/shop.bantam.ch\/wp-content\/uploads\/2022\/12\/bantam-logo.png","width":320,"height":71,"caption":"Bantam Wankm\u00fcller SA"},"image":{"@id":"https:\/\/shop.bantam.ch\/fr\/#\/schema\/logo\/image\/"}}]}},"_links":{"self":[{"href":"https:\/\/shop.bantam.ch\/fr\/wp-json\/wp\/v2\/product\/94011","targetHints":{"allow":["GET"]}}],"collection":[{"href":"https:\/\/shop.bantam.ch\/fr\/wp-json\/wp\/v2\/product"}],"about":[{"href":"https:\/\/shop.bantam.ch\/fr\/wp-json\/wp\/v2\/types\/product"}],"wp:featuredmedia":[{"embeddable":true,"href":"https:\/\/shop.bantam.ch\/fr\/wp-json\/wp\/v2\/media\/94009"}],"wp:attachment":[{"href":"https:\/\/shop.bantam.ch\/fr\/wp-json\/wp\/v2\/media?parent=94011"}],"wp:term":[{"taxonomy":"product_featured_cat","embeddable":true,"href":"https:\/\/shop.bantam.ch\/fr\/wp-json\/wp\/v2\/product_featured_cat?post=94011"},{"taxonomy":"product_brand","embeddable":true,"href":"https:\/\/shop.bantam.ch\/fr\/wp-json\/wp\/v2\/product_brand?post=94011"},{"taxonomy":"product_cat","embeddable":true,"href":"https:\/\/shop.bantam.ch\/fr\/wp-json\/wp\/v2\/product_cat?post=94011"},{"taxonomy":"product_tag","embeddable":true,"href":"https:\/\/shop.bantam.ch\/fr\/wp-json\/wp\/v2\/product_tag?post=94011"}],"curies":[{"name":"wp","href":"https:\/\/api.w.org\/{rel}","templated":true}]}}