{"id":93991,"date":"2023-02-28T04:35:45","date_gmt":"2023-02-28T03:35:45","guid":{"rendered":"http:\/\/shop.bantam.ch\/produit\/moustiquaire-fiat-ducato-a-partir-de-2007\/"},"modified":"2026-04-17T22:46:43","modified_gmt":"2026-04-17T20:46:43","slug":"moustiquaire-fiat-ducato-a-partir-de-2007","status":"publish","type":"product","link":"https:\/\/shop.bantam.ch\/fr\/produit\/moustiquaire-fiat-ducato-a-partir-de-2007\/","title":{"rendered":"Moustiquaire Fiat Ducato \u00e0 partir de 2007"},"content":{"rendered":"<p>Les petites b\u00eates n&rsquo;entreront pas !<br \/>Pour que les g\u00eaneurs comme mouches et moustiques restent dehors et pour am\u00e9liorer le confort, HINDERMANN a continu\u00e9 \u00e0 optimiser ses c\u00e9l\u00e8bres moustiquaires. Les \u00ab\u00a0MOUSTIQUAIRES HINDERMANN\u00a0\u00bb s&rsquo;adaptent parfaitement aux d\u00e9coupes de carrosserie de chaque type de v\u00e9hicule et recouvrent sans faute compl\u00e8tement l&rsquo;ouverture. Un ruban magn\u00e9tique est cousu dans la bordure inf\u00e9rieure. Toutes les variantes sont \u00e9quip\u00e9es de fermetures \u00e0 glissi\u00e8re multidirectionnelles utilisables de l\u2019int\u00e9rieur et de l\u2019ext\u00e9rieur pour assurer un acc\u00e8s facile.\u00a0 Pour la moustiquaire de porte arri\u00e8re, les fermetures \u00e0 glissi\u00e8re sont positionn\u00e9es de mani\u00e8re \u00e0 ce que les fen\u00eatres arri\u00e8res puissent \u00eatre ouvertes confortablement ou que l\u2019acc\u00e8s au rangement de la bouteille de gaz soit possible sans avoir \u00e0 ouvrir l\u2019ensemble de la moustiquaire.<br \/> La mati\u00e8re est un tissu polyester \u00e0 mailles serr\u00e9es, ignifuge et offrant une excellente visibilit\u00e9 vers l&rsquo;ext\u00e9rieur et une bonne circulation d&rsquo;air. Il prot\u00e8ge jusqu&rsquo;\u00e0 65 % des rayons du soleil et r\u00e9duit consid\u00e9rablement la production de chaleur dans le v\u00e9hicule.<\/p>\n<p>Montage sur la porte arri\u00e8re\u00a0:<br \/>la mise en place de la moustiquaire est tr\u00e8s simple et tr\u00e8s rapide gr\u00e2ce \u00e0 sa fixation magn\u00e9tique. Pas de boutons-pression, pas de bandes velcro. Et la moustiquaire se laisse retirer tout aussi rapidement.\u00a0 Elle peut m\u00eame rester en place pendant le trajet.\u00a0 Une adaptation \u00e9ventuelle \u00e0 l\u2019\u00e9quipement en place n\u2019est pas requise. La moustiquaire pour la porte arri\u00e8re du T5 \/ T6 de VW dispose \u00e9galement d\u2019une fixation magn\u00e9tique. Seule la contrepartie autocollante doit \u00eatre coll\u00e9e sur l\u2019encadrement de la porte. Ensuite, la moustiquaire peut \u00eatre mise en place \u00e0 l\u2019aide des bandes magn\u00e9tiques.\u00a0 Contrepartie autocollante contenue dans la livraison.<\/p>\n<p>Montage pour porte coulissante\u00a0:<br \/>La fixation se fait par une fixation magn\u00e9tique. Les ajustements ne sont pas n\u00e9cessaires. Toutes les variantes incluent une fermeture \u00e0 glissi\u00e8re multidirectionnelle pouvant \u00eatre actionn\u00e9e de l&rsquo;int\u00e9rieur et de l&rsquo;ext\u00e9rieur.<\/p>\n<p>Propri\u00e9t\u00e9s et fonctions :<\/p>\n<ul>\n<li>Perm\u00e9able \u00e0 l&rsquo;air et \u00e0 la lumi\u00e8re<\/li>\n<li>montage simple <\/li>\n<li>Bonne circulation de l&rsquo;air<\/li>\n<li>Syst\u00e8me de fermeture \u00e0 glissi\u00e8re multidirectionnelle<\/li>\n<li>Passage confortable gr\u00e2ce \u00e0 une fermeture \u00e0 glissi\u00e8re en arc<\/li>\n<li>Montage magn\u00e9tique rapide et facile<\/li>\n<li>Bonne vision sur l&rsquo;ext\u00e9rieur<\/li>\n<\/ul>\n<p>\u00a0<\/p>\n<p>Mat\u00e9riau :<br \/>100 % polyester<\/p>\n","protected":false},"excerpt":{"rendered":"<p>Les petites b\u00eates n&rsquo;entreront pas !Pour que les g\u00eaneurs comme mouches et moustiques restent dehors et pour am\u00e9liorer le confort, HINDERMANN a continu\u00e9 \u00e0 optimiser ses c\u00e9l\u00e8bres moustiquaires. Les \u00ab\u00a0MOUSTIQUAIRES HINDERMANN\u00a0\u00bb s&rsquo;adaptent parfaitement aux d\u00e9coupes de carrosserie de chaque type de v\u00e9hicule et recouvrent sans faute compl\u00e8tement l&rsquo;ouverture. Un ruban magn\u00e9tique est cousu dans la [&hellip;]<\/p>\n","protected":false},"featured_media":93971,"template":"","meta":{"_acf_changed":false},"product_featured_cat":[],"product_brand":[3040],"product_cat":[4793],"product_tag":[],"class_list":{"0":"post-93991","1":"product","2":"type-product","3":"status-publish","4":"has-post-thumbnail","6":"product_brand-hindermann","7":"product_cat-moustiquaires-de-porte","9":"first","10":"instock","11":"taxable","12":"shipping-taxable","13":"purchasable","14":"product-type-variable"},"acf":[],"yoast_head":"<!-- This site is optimized with the Yoast SEO plugin v27.4 - https:\/\/yoast.com\/product\/yoast-seo-wordpress\/ -->\n<title>Moustiquaire Fiat Ducato \u00e0 partir de 2007 - Bantam Wankm\u00fcller SA<\/title>\n<meta name=\"robots\" content=\"index, follow, max-snippet:-1, max-image-preview:large, max-video-preview:-1\" \/>\n<link rel=\"canonical\" href=\"https:\/\/shop.bantam.ch\/fr\/produit\/moustiquaire-fiat-ducato-a-partir-de-2007\/\" \/>\n<meta property=\"og:locale\" content=\"fr_FR\" \/>\n<meta property=\"og:type\" content=\"article\" \/>\n<meta property=\"og:title\" content=\"Moustiquaire Fiat Ducato \u00e0 partir de 2007 - Bantam Wankm\u00fcller SA\" \/>\n<meta property=\"og:description\" content=\"Les petites b\u00eates n&rsquo;entreront pas !Pour que les g\u00eaneurs comme mouches et moustiques restent dehors et pour am\u00e9liorer le confort, HINDERMANN a continu\u00e9 \u00e0 optimiser ses c\u00e9l\u00e8bres moustiquaires. Les \u00ab\u00a0MOUSTIQUAIRES HINDERMANN\u00a0\u00bb s&rsquo;adaptent parfaitement aux d\u00e9coupes de carrosserie de chaque type de v\u00e9hicule et recouvrent sans faute compl\u00e8tement l&rsquo;ouverture. Un ruban magn\u00e9tique est cousu dans la [&hellip;]\" \/>\n<meta property=\"og:url\" content=\"https:\/\/shop.bantam.ch\/fr\/produit\/moustiquaire-fiat-ducato-a-partir-de-2007\/\" \/>\n<meta property=\"og:site_name\" content=\"Bantam Wankm\u00fcller SA\" \/>\n<meta property=\"article:modified_time\" content=\"2026-04-17T20:46:43+00:00\" \/>\n<meta property=\"og:image\" content=\"https:\/\/shop.bantam.ch\/wp-content\/uploads\/2023\/02\/994317911.jpg\" \/>\n\t<meta property=\"og:image:width\" content=\"1000\" \/>\n\t<meta property=\"og:image:height\" content=\"621\" \/>\n\t<meta property=\"og:image:type\" content=\"image\/jpeg\" \/>\n<meta name=\"twitter:card\" content=\"summary_large_image\" \/>\n<meta name=\"twitter:label1\" content=\"Dur\u00e9e de lecture estim\u00e9e\" \/>\n\t<meta name=\"twitter:data1\" content=\"2 minutes\" \/>\n<script type=\"application\/ld+json\" class=\"yoast-schema-graph\">{\"@context\":\"https:\\\/\\\/schema.org\",\"@graph\":[{\"@type\":\"WebPage\",\"@id\":\"https:\\\/\\\/shop.bantam.ch\\\/fr\\\/produit\\\/moustiquaire-fiat-ducato-a-partir-de-2007\\\/\",\"url\":\"https:\\\/\\\/shop.bantam.ch\\\/fr\\\/produit\\\/moustiquaire-fiat-ducato-a-partir-de-2007\\\/\",\"name\":\"Moustiquaire Fiat Ducato \u00e0 partir de 2007 - Bantam Wankm\u00fcller SA\",\"isPartOf\":{\"@id\":\"https:\\\/\\\/shop.bantam.ch\\\/fr\\\/#website\"},\"primaryImageOfPage\":{\"@id\":\"https:\\\/\\\/shop.bantam.ch\\\/fr\\\/produit\\\/moustiquaire-fiat-ducato-a-partir-de-2007\\\/#primaryimage\"},\"image\":{\"@id\":\"https:\\\/\\\/shop.bantam.ch\\\/fr\\\/produit\\\/moustiquaire-fiat-ducato-a-partir-de-2007\\\/#primaryimage\"},\"thumbnailUrl\":\"https:\\\/\\\/shop.bantam.ch\\\/wp-content\\\/uploads\\\/2023\\\/02\\\/994317911.jpg\",\"datePublished\":\"2023-02-28T03:35:45+00:00\",\"dateModified\":\"2026-04-17T20:46:43+00:00\",\"breadcrumb\":{\"@id\":\"https:\\\/\\\/shop.bantam.ch\\\/fr\\\/produit\\\/moustiquaire-fiat-ducato-a-partir-de-2007\\\/#breadcrumb\"},\"inLanguage\":\"fr-FR\",\"potentialAction\":[{\"@type\":\"ReadAction\",\"target\":[\"https:\\\/\\\/shop.bantam.ch\\\/fr\\\/produit\\\/moustiquaire-fiat-ducato-a-partir-de-2007\\\/\"]}]},{\"@type\":\"ImageObject\",\"inLanguage\":\"fr-FR\",\"@id\":\"https:\\\/\\\/shop.bantam.ch\\\/fr\\\/produit\\\/moustiquaire-fiat-ducato-a-partir-de-2007\\\/#primaryimage\",\"url\":\"https:\\\/\\\/shop.bantam.ch\\\/wp-content\\\/uploads\\\/2023\\\/02\\\/994317911.jpg\",\"contentUrl\":\"https:\\\/\\\/shop.bantam.ch\\\/wp-content\\\/uploads\\\/2023\\\/02\\\/994317911.jpg\",\"width\":1000,\"height\":621},{\"@type\":\"BreadcrumbList\",\"@id\":\"https:\\\/\\\/shop.bantam.ch\\\/fr\\\/produit\\\/moustiquaire-fiat-ducato-a-partir-de-2007\\\/#breadcrumb\",\"itemListElement\":[{\"@type\":\"ListItem\",\"position\":1,\"name\":\"Accueil\",\"item\":\"https:\\\/\\\/shop.bantam.ch\\\/fr\\\/\"},{\"@type\":\"ListItem\",\"position\":2,\"name\":\"Boutique\",\"item\":\"https:\\\/\\\/shop.bantam.ch\\\/fr\\\/boutique\\\/\"},{\"@type\":\"ListItem\",\"position\":3,\"name\":\"Moustiquaire Fiat Ducato \u00e0 partir de 2007\"}]},{\"@type\":\"WebSite\",\"@id\":\"https:\\\/\\\/shop.bantam.ch\\\/fr\\\/#website\",\"url\":\"https:\\\/\\\/shop.bantam.ch\\\/fr\\\/\",\"name\":\"Bantam Wankm\u00fcller SA\",\"description\":\"\",\"publisher\":{\"@id\":\"https:\\\/\\\/shop.bantam.ch\\\/fr\\\/#organization\"},\"inLanguage\":\"fr-FR\"},{\"@type\":\"Organization\",\"@id\":\"https:\\\/\\\/shop.bantam.ch\\\/fr\\\/#organization\",\"name\":\"Bantam Wankm\u00fcller SA\",\"url\":\"https:\\\/\\\/shop.bantam.ch\\\/fr\\\/\",\"logo\":{\"@type\":\"ImageObject\",\"inLanguage\":\"fr-FR\",\"@id\":\"https:\\\/\\\/shop.bantam.ch\\\/fr\\\/#\\\/schema\\\/logo\\\/image\\\/\",\"url\":\"https:\\\/\\\/shop.bantam.ch\\\/wp-content\\\/uploads\\\/2022\\\/12\\\/bantam-logo.png\",\"contentUrl\":\"https:\\\/\\\/shop.bantam.ch\\\/wp-content\\\/uploads\\\/2022\\\/12\\\/bantam-logo.png\",\"width\":320,\"height\":71,\"caption\":\"Bantam Wankm\u00fcller SA\"},\"image\":{\"@id\":\"https:\\\/\\\/shop.bantam.ch\\\/fr\\\/#\\\/schema\\\/logo\\\/image\\\/\"}}]}<\/script>\n<!-- \/ Yoast SEO plugin. -->","yoast_head_json":{"title":"Moustiquaire Fiat Ducato \u00e0 partir de 2007 - Bantam Wankm\u00fcller SA","robots":{"index":"index","follow":"follow","max-snippet":"max-snippet:-1","max-image-preview":"max-image-preview:large","max-video-preview":"max-video-preview:-1"},"canonical":"https:\/\/shop.bantam.ch\/fr\/produit\/moustiquaire-fiat-ducato-a-partir-de-2007\/","og_locale":"fr_FR","og_type":"article","og_title":"Moustiquaire Fiat Ducato \u00e0 partir de 2007 - Bantam Wankm\u00fcller SA","og_description":"Les petites b\u00eates n&rsquo;entreront pas !Pour que les g\u00eaneurs comme mouches et moustiques restent dehors et pour am\u00e9liorer le confort, HINDERMANN a continu\u00e9 \u00e0 optimiser ses c\u00e9l\u00e8bres moustiquaires. Les \u00ab\u00a0MOUSTIQUAIRES HINDERMANN\u00a0\u00bb s&rsquo;adaptent parfaitement aux d\u00e9coupes de carrosserie de chaque type de v\u00e9hicule et recouvrent sans faute compl\u00e8tement l&rsquo;ouverture. Un ruban magn\u00e9tique est cousu dans la [&hellip;]","og_url":"https:\/\/shop.bantam.ch\/fr\/produit\/moustiquaire-fiat-ducato-a-partir-de-2007\/","og_site_name":"Bantam Wankm\u00fcller SA","article_modified_time":"2026-04-17T20:46:43+00:00","og_image":[{"width":1000,"height":621,"url":"https:\/\/shop.bantam.ch\/wp-content\/uploads\/2023\/02\/994317911.jpg","type":"image\/jpeg"}],"twitter_card":"summary_large_image","twitter_misc":{"Dur\u00e9e de lecture estim\u00e9e":"2 minutes"},"schema":{"@context":"https:\/\/schema.org","@graph":[{"@type":"WebPage","@id":"https:\/\/shop.bantam.ch\/fr\/produit\/moustiquaire-fiat-ducato-a-partir-de-2007\/","url":"https:\/\/shop.bantam.ch\/fr\/produit\/moustiquaire-fiat-ducato-a-partir-de-2007\/","name":"Moustiquaire Fiat Ducato \u00e0 partir de 2007 - Bantam Wankm\u00fcller SA","isPartOf":{"@id":"https:\/\/shop.bantam.ch\/fr\/#website"},"primaryImageOfPage":{"@id":"https:\/\/shop.bantam.ch\/fr\/produit\/moustiquaire-fiat-ducato-a-partir-de-2007\/#primaryimage"},"image":{"@id":"https:\/\/shop.bantam.ch\/fr\/produit\/moustiquaire-fiat-ducato-a-partir-de-2007\/#primaryimage"},"thumbnailUrl":"https:\/\/shop.bantam.ch\/wp-content\/uploads\/2023\/02\/994317911.jpg","datePublished":"2023-02-28T03:35:45+00:00","dateModified":"2026-04-17T20:46:43+00:00","breadcrumb":{"@id":"https:\/\/shop.bantam.ch\/fr\/produit\/moustiquaire-fiat-ducato-a-partir-de-2007\/#breadcrumb"},"inLanguage":"fr-FR","potentialAction":[{"@type":"ReadAction","target":["https:\/\/shop.bantam.ch\/fr\/produit\/moustiquaire-fiat-ducato-a-partir-de-2007\/"]}]},{"@type":"ImageObject","inLanguage":"fr-FR","@id":"https:\/\/shop.bantam.ch\/fr\/produit\/moustiquaire-fiat-ducato-a-partir-de-2007\/#primaryimage","url":"https:\/\/shop.bantam.ch\/wp-content\/uploads\/2023\/02\/994317911.jpg","contentUrl":"https:\/\/shop.bantam.ch\/wp-content\/uploads\/2023\/02\/994317911.jpg","width":1000,"height":621},{"@type":"BreadcrumbList","@id":"https:\/\/shop.bantam.ch\/fr\/produit\/moustiquaire-fiat-ducato-a-partir-de-2007\/#breadcrumb","itemListElement":[{"@type":"ListItem","position":1,"name":"Accueil","item":"https:\/\/shop.bantam.ch\/fr\/"},{"@type":"ListItem","position":2,"name":"Boutique","item":"https:\/\/shop.bantam.ch\/fr\/boutique\/"},{"@type":"ListItem","position":3,"name":"Moustiquaire Fiat Ducato \u00e0 partir de 2007"}]},{"@type":"WebSite","@id":"https:\/\/shop.bantam.ch\/fr\/#website","url":"https:\/\/shop.bantam.ch\/fr\/","name":"Bantam Wankm\u00fcller SA","description":"","publisher":{"@id":"https:\/\/shop.bantam.ch\/fr\/#organization"},"inLanguage":"fr-FR"},{"@type":"Organization","@id":"https:\/\/shop.bantam.ch\/fr\/#organization","name":"Bantam Wankm\u00fcller SA","url":"https:\/\/shop.bantam.ch\/fr\/","logo":{"@type":"ImageObject","inLanguage":"fr-FR","@id":"https:\/\/shop.bantam.ch\/fr\/#\/schema\/logo\/image\/","url":"https:\/\/shop.bantam.ch\/wp-content\/uploads\/2022\/12\/bantam-logo.png","contentUrl":"https:\/\/shop.bantam.ch\/wp-content\/uploads\/2022\/12\/bantam-logo.png","width":320,"height":71,"caption":"Bantam Wankm\u00fcller SA"},"image":{"@id":"https:\/\/shop.bantam.ch\/fr\/#\/schema\/logo\/image\/"}}]}},"_links":{"self":[{"href":"https:\/\/shop.bantam.ch\/fr\/wp-json\/wp\/v2\/product\/93991","targetHints":{"allow":["GET"]}}],"collection":[{"href":"https:\/\/shop.bantam.ch\/fr\/wp-json\/wp\/v2\/product"}],"about":[{"href":"https:\/\/shop.bantam.ch\/fr\/wp-json\/wp\/v2\/types\/product"}],"wp:featuredmedia":[{"embeddable":true,"href":"https:\/\/shop.bantam.ch\/fr\/wp-json\/wp\/v2\/media\/93971"}],"wp:attachment":[{"href":"https:\/\/shop.bantam.ch\/fr\/wp-json\/wp\/v2\/media?parent=93991"}],"wp:term":[{"taxonomy":"product_featured_cat","embeddable":true,"href":"https:\/\/shop.bantam.ch\/fr\/wp-json\/wp\/v2\/product_featured_cat?post=93991"},{"taxonomy":"product_brand","embeddable":true,"href":"https:\/\/shop.bantam.ch\/fr\/wp-json\/wp\/v2\/product_brand?post=93991"},{"taxonomy":"product_cat","embeddable":true,"href":"https:\/\/shop.bantam.ch\/fr\/wp-json\/wp\/v2\/product_cat?post=93991"},{"taxonomy":"product_tag","embeddable":true,"href":"https:\/\/shop.bantam.ch\/fr\/wp-json\/wp\/v2\/product_tag?post=93991"}],"curies":[{"name":"wp","href":"https:\/\/api.w.org\/{rel}","templated":true}]}}