{"id":93969,"date":"2023-02-28T04:35:37","date_gmt":"2023-02-28T03:35:37","guid":{"rendered":"http:\/\/shop.bantam.ch\/produit\/moustiquaire-vw-t5-t6-california-multivan-porte-arriere\/"},"modified":"2026-04-18T21:28:23","modified_gmt":"2026-04-18T19:28:23","slug":"moustiquaire-vw-t5-t6-california-multivan-porte-arriere","status":"publish","type":"product","link":"https:\/\/shop.bantam.ch\/fr\/produit\/moustiquaire-vw-t5-t6-california-multivan-porte-arriere\/","title":{"rendered":"Rideau moustiquaire HINDERMANN VW T5\/T6 _NAME? Porte arri\u00e8re"},"content":{"rendered":"<p>Les petites b\u00eates n&rsquo;entreront pas ! Les moustiquaires s&rsquo;adaptent parfaitement aux d\u00e9coupes de la carrosserie et recouvrent compl\u00e8tement l&rsquo;ouverture, les intrus comme les moustiques et les mouches n&rsquo;ont donc aucune chance de p\u00e9n\u00e9trer \u00e0 l&rsquo;int\u00e9rieur du v\u00e9hicule. Un ruban de plomb est int\u00e9gr\u00e9 le long de la bordure inf\u00e9rieure. Toutes les variantes sont \u00e9quip\u00e9es de fermetures \u00e0 glissi\u00e8re multidirectionnelles utilisables de l\u2019int\u00e9rieur et de l\u2019ext\u00e9rieur pour assurer un acc\u00e8s facile. Il s&rsquo;agit d&rsquo;un tissu \u00e0 mailles serr\u00e9es, ignifuge et offrant une excellente visibilit\u00e9 vers l&rsquo;ext\u00e9rieur et une bonne circulation d&rsquo;air. Coloris gris. Il prot\u00e8ge jusqu&rsquo;\u00e0 65 % des rayons du soleil et r\u00e9duit consid\u00e9rablement la production de chaleur dans le v\u00e9hicule.<\/p>\n<p>Mat\u00e9riau :<br \/>100 % polyester<\/p>\n","protected":false},"excerpt":{"rendered":"<p>Les petites b\u00eates n&rsquo;entreront pas ! Les moustiquaires s&rsquo;adaptent parfaitement aux d\u00e9coupes de la carrosserie et recouvrent compl\u00e8tement l&rsquo;ouverture, les intrus comme les moustiques et les mouches n&rsquo;ont donc aucune chance de p\u00e9n\u00e9trer \u00e0 l&rsquo;int\u00e9rieur du v\u00e9hicule. Un ruban de plomb est int\u00e9gr\u00e9 le long de la bordure inf\u00e9rieure. Toutes les variantes sont \u00e9quip\u00e9es de [&hellip;]<\/p>\n","protected":false},"featured_media":93967,"template":"","meta":{"_acf_changed":false},"product_featured_cat":[],"product_brand":[3040],"product_cat":[4793],"product_tag":[],"class_list":{"0":"post-93969","1":"product","2":"type-product","3":"status-publish","4":"has-post-thumbnail","6":"product_brand-hindermann","7":"product_cat-moustiquaires-de-porte","9":"first","10":"instock","11":"taxable","12":"shipping-taxable","13":"purchasable","14":"product-type-simple"},"acf":[],"yoast_head":"<!-- This site is optimized with the Yoast SEO plugin v27.4 - https:\/\/yoast.com\/product\/yoast-seo-wordpress\/ -->\n<title>Rideau moustiquaire HINDERMANN VW T5\/T6 _NAME? Porte arri\u00e8re - Bantam Wankm\u00fcller SA<\/title>\n<meta name=\"robots\" content=\"index, follow, max-snippet:-1, max-image-preview:large, max-video-preview:-1\" \/>\n<link rel=\"canonical\" href=\"https:\/\/shop.bantam.ch\/fr\/produit\/moustiquaire-vw-t5-t6-california-multivan-porte-arriere\/\" \/>\n<meta property=\"og:locale\" content=\"fr_FR\" \/>\n<meta property=\"og:type\" content=\"article\" \/>\n<meta property=\"og:title\" content=\"Rideau moustiquaire HINDERMANN VW T5\/T6 _NAME? Porte arri\u00e8re - Bantam Wankm\u00fcller SA\" \/>\n<meta property=\"og:description\" content=\"Les petites b\u00eates n&rsquo;entreront pas ! Les moustiquaires s&rsquo;adaptent parfaitement aux d\u00e9coupes de la carrosserie et recouvrent compl\u00e8tement l&rsquo;ouverture, les intrus comme les moustiques et les mouches n&rsquo;ont donc aucune chance de p\u00e9n\u00e9trer \u00e0 l&rsquo;int\u00e9rieur du v\u00e9hicule. Un ruban de plomb est int\u00e9gr\u00e9 le long de la bordure inf\u00e9rieure. Toutes les variantes sont \u00e9quip\u00e9es de [&hellip;]\" \/>\n<meta property=\"og:url\" content=\"https:\/\/shop.bantam.ch\/fr\/produit\/moustiquaire-vw-t5-t6-california-multivan-porte-arriere\/\" \/>\n<meta property=\"og:site_name\" content=\"Bantam Wankm\u00fcller SA\" \/>\n<meta property=\"article:modified_time\" content=\"2026-04-18T19:28:23+00:00\" \/>\n<meta property=\"og:image\" content=\"https:\/\/shop.bantam.ch\/wp-content\/uploads\/2023\/02\/994317311.jpg\" \/>\n\t<meta property=\"og:image:width\" content=\"1000\" \/>\n\t<meta property=\"og:image:height\" content=\"742\" \/>\n\t<meta property=\"og:image:type\" content=\"image\/jpeg\" \/>\n<meta name=\"twitter:card\" content=\"summary_large_image\" \/>\n<meta name=\"twitter:label1\" content=\"Dur\u00e9e de lecture estim\u00e9e\" \/>\n\t<meta name=\"twitter:data1\" content=\"1 minute\" \/>\n<script type=\"application\/ld+json\" class=\"yoast-schema-graph\">{\"@context\":\"https:\\\/\\\/schema.org\",\"@graph\":[{\"@type\":\"WebPage\",\"@id\":\"https:\\\/\\\/shop.bantam.ch\\\/fr\\\/produit\\\/moustiquaire-vw-t5-t6-california-multivan-porte-arriere\\\/\",\"url\":\"https:\\\/\\\/shop.bantam.ch\\\/fr\\\/produit\\\/moustiquaire-vw-t5-t6-california-multivan-porte-arriere\\\/\",\"name\":\"Rideau moustiquaire HINDERMANN VW T5\\\/T6 _NAME? Porte arri\u00e8re - Bantam Wankm\u00fcller SA\",\"isPartOf\":{\"@id\":\"https:\\\/\\\/shop.bantam.ch\\\/fr\\\/#website\"},\"primaryImageOfPage\":{\"@id\":\"https:\\\/\\\/shop.bantam.ch\\\/fr\\\/produit\\\/moustiquaire-vw-t5-t6-california-multivan-porte-arriere\\\/#primaryimage\"},\"image\":{\"@id\":\"https:\\\/\\\/shop.bantam.ch\\\/fr\\\/produit\\\/moustiquaire-vw-t5-t6-california-multivan-porte-arriere\\\/#primaryimage\"},\"thumbnailUrl\":\"https:\\\/\\\/shop.bantam.ch\\\/wp-content\\\/uploads\\\/2023\\\/02\\\/994317311.jpg\",\"datePublished\":\"2023-02-28T03:35:37+00:00\",\"dateModified\":\"2026-04-18T19:28:23+00:00\",\"breadcrumb\":{\"@id\":\"https:\\\/\\\/shop.bantam.ch\\\/fr\\\/produit\\\/moustiquaire-vw-t5-t6-california-multivan-porte-arriere\\\/#breadcrumb\"},\"inLanguage\":\"fr-FR\",\"potentialAction\":[{\"@type\":\"ReadAction\",\"target\":[\"https:\\\/\\\/shop.bantam.ch\\\/fr\\\/produit\\\/moustiquaire-vw-t5-t6-california-multivan-porte-arriere\\\/\"]}]},{\"@type\":\"ImageObject\",\"inLanguage\":\"fr-FR\",\"@id\":\"https:\\\/\\\/shop.bantam.ch\\\/fr\\\/produit\\\/moustiquaire-vw-t5-t6-california-multivan-porte-arriere\\\/#primaryimage\",\"url\":\"https:\\\/\\\/shop.bantam.ch\\\/wp-content\\\/uploads\\\/2023\\\/02\\\/994317311.jpg\",\"contentUrl\":\"https:\\\/\\\/shop.bantam.ch\\\/wp-content\\\/uploads\\\/2023\\\/02\\\/994317311.jpg\",\"width\":1000,\"height\":742},{\"@type\":\"BreadcrumbList\",\"@id\":\"https:\\\/\\\/shop.bantam.ch\\\/fr\\\/produit\\\/moustiquaire-vw-t5-t6-california-multivan-porte-arriere\\\/#breadcrumb\",\"itemListElement\":[{\"@type\":\"ListItem\",\"position\":1,\"name\":\"Accueil\",\"item\":\"https:\\\/\\\/shop.bantam.ch\\\/fr\\\/\"},{\"@type\":\"ListItem\",\"position\":2,\"name\":\"Boutique\",\"item\":\"https:\\\/\\\/shop.bantam.ch\\\/fr\\\/boutique\\\/\"},{\"@type\":\"ListItem\",\"position\":3,\"name\":\"Rideau moustiquaire HINDERMANN VW T5\\\/T6 _NAME? Porte arri\u00e8re\"}]},{\"@type\":\"WebSite\",\"@id\":\"https:\\\/\\\/shop.bantam.ch\\\/fr\\\/#website\",\"url\":\"https:\\\/\\\/shop.bantam.ch\\\/fr\\\/\",\"name\":\"Bantam Wankm\u00fcller SA\",\"description\":\"\",\"publisher\":{\"@id\":\"https:\\\/\\\/shop.bantam.ch\\\/fr\\\/#organization\"},\"inLanguage\":\"fr-FR\"},{\"@type\":\"Organization\",\"@id\":\"https:\\\/\\\/shop.bantam.ch\\\/fr\\\/#organization\",\"name\":\"Bantam Wankm\u00fcller SA\",\"url\":\"https:\\\/\\\/shop.bantam.ch\\\/fr\\\/\",\"logo\":{\"@type\":\"ImageObject\",\"inLanguage\":\"fr-FR\",\"@id\":\"https:\\\/\\\/shop.bantam.ch\\\/fr\\\/#\\\/schema\\\/logo\\\/image\\\/\",\"url\":\"https:\\\/\\\/shop.bantam.ch\\\/wp-content\\\/uploads\\\/2022\\\/12\\\/bantam-logo.png\",\"contentUrl\":\"https:\\\/\\\/shop.bantam.ch\\\/wp-content\\\/uploads\\\/2022\\\/12\\\/bantam-logo.png\",\"width\":320,\"height\":71,\"caption\":\"Bantam Wankm\u00fcller SA\"},\"image\":{\"@id\":\"https:\\\/\\\/shop.bantam.ch\\\/fr\\\/#\\\/schema\\\/logo\\\/image\\\/\"}}]}<\/script>\n<!-- \/ Yoast SEO plugin. -->","yoast_head_json":{"title":"Rideau moustiquaire HINDERMANN VW T5\/T6 _NAME? Porte arri\u00e8re - Bantam Wankm\u00fcller SA","robots":{"index":"index","follow":"follow","max-snippet":"max-snippet:-1","max-image-preview":"max-image-preview:large","max-video-preview":"max-video-preview:-1"},"canonical":"https:\/\/shop.bantam.ch\/fr\/produit\/moustiquaire-vw-t5-t6-california-multivan-porte-arriere\/","og_locale":"fr_FR","og_type":"article","og_title":"Rideau moustiquaire HINDERMANN VW T5\/T6 _NAME? Porte arri\u00e8re - Bantam Wankm\u00fcller SA","og_description":"Les petites b\u00eates n&rsquo;entreront pas ! Les moustiquaires s&rsquo;adaptent parfaitement aux d\u00e9coupes de la carrosserie et recouvrent compl\u00e8tement l&rsquo;ouverture, les intrus comme les moustiques et les mouches n&rsquo;ont donc aucune chance de p\u00e9n\u00e9trer \u00e0 l&rsquo;int\u00e9rieur du v\u00e9hicule. Un ruban de plomb est int\u00e9gr\u00e9 le long de la bordure inf\u00e9rieure. Toutes les variantes sont \u00e9quip\u00e9es de [&hellip;]","og_url":"https:\/\/shop.bantam.ch\/fr\/produit\/moustiquaire-vw-t5-t6-california-multivan-porte-arriere\/","og_site_name":"Bantam Wankm\u00fcller SA","article_modified_time":"2026-04-18T19:28:23+00:00","og_image":[{"width":1000,"height":742,"url":"https:\/\/shop.bantam.ch\/wp-content\/uploads\/2023\/02\/994317311.jpg","type":"image\/jpeg"}],"twitter_card":"summary_large_image","twitter_misc":{"Dur\u00e9e de lecture estim\u00e9e":"1 minute"},"schema":{"@context":"https:\/\/schema.org","@graph":[{"@type":"WebPage","@id":"https:\/\/shop.bantam.ch\/fr\/produit\/moustiquaire-vw-t5-t6-california-multivan-porte-arriere\/","url":"https:\/\/shop.bantam.ch\/fr\/produit\/moustiquaire-vw-t5-t6-california-multivan-porte-arriere\/","name":"Rideau moustiquaire HINDERMANN VW T5\/T6 _NAME? Porte arri\u00e8re - Bantam Wankm\u00fcller SA","isPartOf":{"@id":"https:\/\/shop.bantam.ch\/fr\/#website"},"primaryImageOfPage":{"@id":"https:\/\/shop.bantam.ch\/fr\/produit\/moustiquaire-vw-t5-t6-california-multivan-porte-arriere\/#primaryimage"},"image":{"@id":"https:\/\/shop.bantam.ch\/fr\/produit\/moustiquaire-vw-t5-t6-california-multivan-porte-arriere\/#primaryimage"},"thumbnailUrl":"https:\/\/shop.bantam.ch\/wp-content\/uploads\/2023\/02\/994317311.jpg","datePublished":"2023-02-28T03:35:37+00:00","dateModified":"2026-04-18T19:28:23+00:00","breadcrumb":{"@id":"https:\/\/shop.bantam.ch\/fr\/produit\/moustiquaire-vw-t5-t6-california-multivan-porte-arriere\/#breadcrumb"},"inLanguage":"fr-FR","potentialAction":[{"@type":"ReadAction","target":["https:\/\/shop.bantam.ch\/fr\/produit\/moustiquaire-vw-t5-t6-california-multivan-porte-arriere\/"]}]},{"@type":"ImageObject","inLanguage":"fr-FR","@id":"https:\/\/shop.bantam.ch\/fr\/produit\/moustiquaire-vw-t5-t6-california-multivan-porte-arriere\/#primaryimage","url":"https:\/\/shop.bantam.ch\/wp-content\/uploads\/2023\/02\/994317311.jpg","contentUrl":"https:\/\/shop.bantam.ch\/wp-content\/uploads\/2023\/02\/994317311.jpg","width":1000,"height":742},{"@type":"BreadcrumbList","@id":"https:\/\/shop.bantam.ch\/fr\/produit\/moustiquaire-vw-t5-t6-california-multivan-porte-arriere\/#breadcrumb","itemListElement":[{"@type":"ListItem","position":1,"name":"Accueil","item":"https:\/\/shop.bantam.ch\/fr\/"},{"@type":"ListItem","position":2,"name":"Boutique","item":"https:\/\/shop.bantam.ch\/fr\/boutique\/"},{"@type":"ListItem","position":3,"name":"Rideau moustiquaire HINDERMANN VW T5\/T6 _NAME? Porte arri\u00e8re"}]},{"@type":"WebSite","@id":"https:\/\/shop.bantam.ch\/fr\/#website","url":"https:\/\/shop.bantam.ch\/fr\/","name":"Bantam Wankm\u00fcller SA","description":"","publisher":{"@id":"https:\/\/shop.bantam.ch\/fr\/#organization"},"inLanguage":"fr-FR"},{"@type":"Organization","@id":"https:\/\/shop.bantam.ch\/fr\/#organization","name":"Bantam Wankm\u00fcller SA","url":"https:\/\/shop.bantam.ch\/fr\/","logo":{"@type":"ImageObject","inLanguage":"fr-FR","@id":"https:\/\/shop.bantam.ch\/fr\/#\/schema\/logo\/image\/","url":"https:\/\/shop.bantam.ch\/wp-content\/uploads\/2022\/12\/bantam-logo.png","contentUrl":"https:\/\/shop.bantam.ch\/wp-content\/uploads\/2022\/12\/bantam-logo.png","width":320,"height":71,"caption":"Bantam Wankm\u00fcller SA"},"image":{"@id":"https:\/\/shop.bantam.ch\/fr\/#\/schema\/logo\/image\/"}}]}},"_links":{"self":[{"href":"https:\/\/shop.bantam.ch\/fr\/wp-json\/wp\/v2\/product\/93969","targetHints":{"allow":["GET"]}}],"collection":[{"href":"https:\/\/shop.bantam.ch\/fr\/wp-json\/wp\/v2\/product"}],"about":[{"href":"https:\/\/shop.bantam.ch\/fr\/wp-json\/wp\/v2\/types\/product"}],"wp:featuredmedia":[{"embeddable":true,"href":"https:\/\/shop.bantam.ch\/fr\/wp-json\/wp\/v2\/media\/93967"}],"wp:attachment":[{"href":"https:\/\/shop.bantam.ch\/fr\/wp-json\/wp\/v2\/media?parent=93969"}],"wp:term":[{"taxonomy":"product_featured_cat","embeddable":true,"href":"https:\/\/shop.bantam.ch\/fr\/wp-json\/wp\/v2\/product_featured_cat?post=93969"},{"taxonomy":"product_brand","embeddable":true,"href":"https:\/\/shop.bantam.ch\/fr\/wp-json\/wp\/v2\/product_brand?post=93969"},{"taxonomy":"product_cat","embeddable":true,"href":"https:\/\/shop.bantam.ch\/fr\/wp-json\/wp\/v2\/product_cat?post=93969"},{"taxonomy":"product_tag","embeddable":true,"href":"https:\/\/shop.bantam.ch\/fr\/wp-json\/wp\/v2\/product_tag?post=93969"}],"curies":[{"name":"wp","href":"https:\/\/api.w.org\/{rel}","templated":true}]}}