{"id":93941,"date":"2023-02-28T04:35:05","date_gmt":"2023-02-28T03:35:05","guid":{"rendered":"http:\/\/shop.bantam.ch\/produit\/housse-de-protection-wintertime-pour-vans\/"},"modified":"2026-04-18T22:48:31","modified_gmt":"2026-04-18T20:48:31","slug":"housse-de-protection-wintertime-pour-vans","status":"publish","type":"product","link":"https:\/\/shop.bantam.ch\/fr\/produit\/housse-de-protection-wintertime-pour-vans\/","title":{"rendered":"Housse de protection Wintertime pour vans"},"content":{"rendered":"<p>La s\u00e9rie \u00ab\u00a0WINTERTIME\u00a0\u00bb des housses de protection Hindermann est en mat\u00e9riau NON TISS\u00c9 SFS-3 respirant \u00e0 3\u00a0\u00e9paisseurs et se caract\u00e9rise par une bonne r\u00e9sistance au d\u00e9chirement et un poids r\u00e9duit. Chaque housse de protection est \u00e9quip\u00e9e de 4 fermetures \u00e9clair, qui, une fois ouvertes, permettent de l\u2019installer et de la retirer facilement et de donner ainsi acc\u00e8s \u00e0 la porte d\u2019entr\u00e9e ou aux coffres de rangement se trouvant sur le c\u00f4t\u00e9 gauche du v\u00e9hicule. Toutes les housses de protection poss\u00e8dent des deux c\u00f4t\u00e9s une barrette d\u2018\u0153illets ainsi que des brides sur la partie avant et arri\u00e8re. Le mat\u00e9riel de serrage fait partie de la livraison en s\u00e9rie, de m\u00eame qu\u2019un sac de rangement de taille g\u00e9n\u00e9reuse.<br \/>Important : Les mesures sont la dimension du capot. La hauteur du capot est toujours moindre que la hauteur g\u00e9n\u00e9rale du v\u00e9hicule. Veuillez tenir compte de toutes les parties en saillies, comme le porte-v\u00e9los, le coffre de toit, etc.<\/p>\n<p>Mat\u00e9riau :<br \/>100 % polypropyl\u00e8ne<\/p>\n<p>Contenu\u00a0:<\/p>\n<ul>\n<li>Film de protection de fen\u00eatre<\/li>\n<li>Syst\u00e8me de ceinture<\/li>\n<li>Sac de rangement<\/li>\n<\/ul>\n<p>\u00a0<\/p>\n","protected":false},"excerpt":{"rendered":"<p>La s\u00e9rie \u00ab\u00a0WINTERTIME\u00a0\u00bb des housses de protection Hindermann est en mat\u00e9riau NON TISS\u00c9 SFS-3 respirant \u00e0 3\u00a0\u00e9paisseurs et se caract\u00e9rise par une bonne r\u00e9sistance au d\u00e9chirement et un poids r\u00e9duit. Chaque housse de protection est \u00e9quip\u00e9e de 4 fermetures \u00e9clair, qui, une fois ouvertes, permettent de l\u2019installer et de la retirer facilement et de donner [&hellip;]<\/p>\n","protected":false},"featured_media":93923,"template":"","meta":{"_acf_changed":false},"product_featured_cat":[],"product_brand":[3040],"product_cat":[4643],"product_tag":[],"class_list":{"0":"post-93941","1":"product","2":"type-product","3":"status-publish","4":"has-post-thumbnail","6":"product_brand-hindermann","7":"product_cat-housses-de-protection","9":"first","10":"instock","11":"taxable","12":"shipping-taxable","13":"purchasable","14":"product-type-variable"},"acf":[],"yoast_head":"<!-- This site is optimized with the Yoast SEO plugin v27.4 - https:\/\/yoast.com\/product\/yoast-seo-wordpress\/ -->\n<title>Housse de protection Wintertime pour vans - Bantam Wankm\u00fcller SA<\/title>\n<meta name=\"robots\" content=\"index, follow, max-snippet:-1, max-image-preview:large, max-video-preview:-1\" \/>\n<link rel=\"canonical\" href=\"https:\/\/shop.bantam.ch\/fr\/produit\/housse-de-protection-wintertime-pour-vans\/\" \/>\n<meta property=\"og:locale\" content=\"fr_FR\" \/>\n<meta property=\"og:type\" content=\"article\" \/>\n<meta property=\"og:title\" content=\"Housse de protection Wintertime pour vans - Bantam Wankm\u00fcller SA\" \/>\n<meta property=\"og:description\" content=\"La s\u00e9rie \u00ab\u00a0WINTERTIME\u00a0\u00bb des housses de protection Hindermann est en mat\u00e9riau NON TISS\u00c9 SFS-3 respirant \u00e0 3\u00a0\u00e9paisseurs et se caract\u00e9rise par une bonne r\u00e9sistance au d\u00e9chirement et un poids r\u00e9duit. Chaque housse de protection est \u00e9quip\u00e9e de 4 fermetures \u00e9clair, qui, une fois ouvertes, permettent de l\u2019installer et de la retirer facilement et de donner [&hellip;]\" \/>\n<meta property=\"og:url\" content=\"https:\/\/shop.bantam.ch\/fr\/produit\/housse-de-protection-wintertime-pour-vans\/\" \/>\n<meta property=\"og:site_name\" content=\"Bantam Wankm\u00fcller SA\" \/>\n<meta property=\"article:modified_time\" content=\"2026-04-18T20:48:31+00:00\" \/>\n<meta property=\"og:image\" content=\"https:\/\/shop.bantam.ch\/wp-content\/uploads\/2023\/02\/994317211MbObk50OsSAJi.jpg\" \/>\n\t<meta property=\"og:image:width\" content=\"3000\" \/>\n\t<meta property=\"og:image:height\" content=\"2001\" \/>\n\t<meta property=\"og:image:type\" content=\"image\/jpeg\" \/>\n<meta name=\"twitter:card\" content=\"summary_large_image\" \/>\n<meta name=\"twitter:label1\" content=\"Dur\u00e9e de lecture estim\u00e9e\" \/>\n\t<meta name=\"twitter:data1\" content=\"1 minute\" \/>\n<script type=\"application\/ld+json\" class=\"yoast-schema-graph\">{\"@context\":\"https:\\\/\\\/schema.org\",\"@graph\":[{\"@type\":\"WebPage\",\"@id\":\"https:\\\/\\\/shop.bantam.ch\\\/fr\\\/produit\\\/housse-de-protection-wintertime-pour-vans\\\/\",\"url\":\"https:\\\/\\\/shop.bantam.ch\\\/fr\\\/produit\\\/housse-de-protection-wintertime-pour-vans\\\/\",\"name\":\"Housse de protection Wintertime pour vans - Bantam Wankm\u00fcller SA\",\"isPartOf\":{\"@id\":\"https:\\\/\\\/shop.bantam.ch\\\/fr\\\/#website\"},\"primaryImageOfPage\":{\"@id\":\"https:\\\/\\\/shop.bantam.ch\\\/fr\\\/produit\\\/housse-de-protection-wintertime-pour-vans\\\/#primaryimage\"},\"image\":{\"@id\":\"https:\\\/\\\/shop.bantam.ch\\\/fr\\\/produit\\\/housse-de-protection-wintertime-pour-vans\\\/#primaryimage\"},\"thumbnailUrl\":\"https:\\\/\\\/shop.bantam.ch\\\/wp-content\\\/uploads\\\/2023\\\/02\\\/994317211MbObk50OsSAJi-scaled.jpg\",\"datePublished\":\"2023-02-28T03:35:05+00:00\",\"dateModified\":\"2026-04-18T20:48:31+00:00\",\"breadcrumb\":{\"@id\":\"https:\\\/\\\/shop.bantam.ch\\\/fr\\\/produit\\\/housse-de-protection-wintertime-pour-vans\\\/#breadcrumb\"},\"inLanguage\":\"fr-FR\",\"potentialAction\":[{\"@type\":\"ReadAction\",\"target\":[\"https:\\\/\\\/shop.bantam.ch\\\/fr\\\/produit\\\/housse-de-protection-wintertime-pour-vans\\\/\"]}]},{\"@type\":\"ImageObject\",\"inLanguage\":\"fr-FR\",\"@id\":\"https:\\\/\\\/shop.bantam.ch\\\/fr\\\/produit\\\/housse-de-protection-wintertime-pour-vans\\\/#primaryimage\",\"url\":\"https:\\\/\\\/shop.bantam.ch\\\/wp-content\\\/uploads\\\/2023\\\/02\\\/994317211MbObk50OsSAJi-scaled.jpg\",\"contentUrl\":\"https:\\\/\\\/shop.bantam.ch\\\/wp-content\\\/uploads\\\/2023\\\/02\\\/994317211MbObk50OsSAJi-scaled.jpg\",\"width\":2048,\"height\":1366},{\"@type\":\"BreadcrumbList\",\"@id\":\"https:\\\/\\\/shop.bantam.ch\\\/fr\\\/produit\\\/housse-de-protection-wintertime-pour-vans\\\/#breadcrumb\",\"itemListElement\":[{\"@type\":\"ListItem\",\"position\":1,\"name\":\"Accueil\",\"item\":\"https:\\\/\\\/shop.bantam.ch\\\/fr\\\/\"},{\"@type\":\"ListItem\",\"position\":2,\"name\":\"Boutique\",\"item\":\"https:\\\/\\\/shop.bantam.ch\\\/fr\\\/boutique\\\/\"},{\"@type\":\"ListItem\",\"position\":3,\"name\":\"Housse de protection Wintertime pour vans\"}]},{\"@type\":\"WebSite\",\"@id\":\"https:\\\/\\\/shop.bantam.ch\\\/fr\\\/#website\",\"url\":\"https:\\\/\\\/shop.bantam.ch\\\/fr\\\/\",\"name\":\"Bantam Wankm\u00fcller SA\",\"description\":\"\",\"publisher\":{\"@id\":\"https:\\\/\\\/shop.bantam.ch\\\/fr\\\/#organization\"},\"inLanguage\":\"fr-FR\"},{\"@type\":\"Organization\",\"@id\":\"https:\\\/\\\/shop.bantam.ch\\\/fr\\\/#organization\",\"name\":\"Bantam Wankm\u00fcller SA\",\"url\":\"https:\\\/\\\/shop.bantam.ch\\\/fr\\\/\",\"logo\":{\"@type\":\"ImageObject\",\"inLanguage\":\"fr-FR\",\"@id\":\"https:\\\/\\\/shop.bantam.ch\\\/fr\\\/#\\\/schema\\\/logo\\\/image\\\/\",\"url\":\"https:\\\/\\\/shop.bantam.ch\\\/wp-content\\\/uploads\\\/2022\\\/12\\\/bantam-logo.png\",\"contentUrl\":\"https:\\\/\\\/shop.bantam.ch\\\/wp-content\\\/uploads\\\/2022\\\/12\\\/bantam-logo.png\",\"width\":320,\"height\":71,\"caption\":\"Bantam Wankm\u00fcller SA\"},\"image\":{\"@id\":\"https:\\\/\\\/shop.bantam.ch\\\/fr\\\/#\\\/schema\\\/logo\\\/image\\\/\"}}]}<\/script>\n<!-- \/ Yoast SEO plugin. -->","yoast_head_json":{"title":"Housse de protection Wintertime pour vans - Bantam Wankm\u00fcller SA","robots":{"index":"index","follow":"follow","max-snippet":"max-snippet:-1","max-image-preview":"max-image-preview:large","max-video-preview":"max-video-preview:-1"},"canonical":"https:\/\/shop.bantam.ch\/fr\/produit\/housse-de-protection-wintertime-pour-vans\/","og_locale":"fr_FR","og_type":"article","og_title":"Housse de protection Wintertime pour vans - Bantam Wankm\u00fcller SA","og_description":"La s\u00e9rie \u00ab\u00a0WINTERTIME\u00a0\u00bb des housses de protection Hindermann est en mat\u00e9riau NON TISS\u00c9 SFS-3 respirant \u00e0 3\u00a0\u00e9paisseurs et se caract\u00e9rise par une bonne r\u00e9sistance au d\u00e9chirement et un poids r\u00e9duit. Chaque housse de protection est \u00e9quip\u00e9e de 4 fermetures \u00e9clair, qui, une fois ouvertes, permettent de l\u2019installer et de la retirer facilement et de donner [&hellip;]","og_url":"https:\/\/shop.bantam.ch\/fr\/produit\/housse-de-protection-wintertime-pour-vans\/","og_site_name":"Bantam Wankm\u00fcller SA","article_modified_time":"2026-04-18T20:48:31+00:00","og_image":[{"width":3000,"height":2001,"url":"https:\/\/shop.bantam.ch\/wp-content\/uploads\/2023\/02\/994317211MbObk50OsSAJi.jpg","type":"image\/jpeg"}],"twitter_card":"summary_large_image","twitter_misc":{"Dur\u00e9e de lecture estim\u00e9e":"1 minute"},"schema":{"@context":"https:\/\/schema.org","@graph":[{"@type":"WebPage","@id":"https:\/\/shop.bantam.ch\/fr\/produit\/housse-de-protection-wintertime-pour-vans\/","url":"https:\/\/shop.bantam.ch\/fr\/produit\/housse-de-protection-wintertime-pour-vans\/","name":"Housse de protection Wintertime pour vans - Bantam Wankm\u00fcller SA","isPartOf":{"@id":"https:\/\/shop.bantam.ch\/fr\/#website"},"primaryImageOfPage":{"@id":"https:\/\/shop.bantam.ch\/fr\/produit\/housse-de-protection-wintertime-pour-vans\/#primaryimage"},"image":{"@id":"https:\/\/shop.bantam.ch\/fr\/produit\/housse-de-protection-wintertime-pour-vans\/#primaryimage"},"thumbnailUrl":"https:\/\/shop.bantam.ch\/wp-content\/uploads\/2023\/02\/994317211MbObk50OsSAJi-scaled.jpg","datePublished":"2023-02-28T03:35:05+00:00","dateModified":"2026-04-18T20:48:31+00:00","breadcrumb":{"@id":"https:\/\/shop.bantam.ch\/fr\/produit\/housse-de-protection-wintertime-pour-vans\/#breadcrumb"},"inLanguage":"fr-FR","potentialAction":[{"@type":"ReadAction","target":["https:\/\/shop.bantam.ch\/fr\/produit\/housse-de-protection-wintertime-pour-vans\/"]}]},{"@type":"ImageObject","inLanguage":"fr-FR","@id":"https:\/\/shop.bantam.ch\/fr\/produit\/housse-de-protection-wintertime-pour-vans\/#primaryimage","url":"https:\/\/shop.bantam.ch\/wp-content\/uploads\/2023\/02\/994317211MbObk50OsSAJi-scaled.jpg","contentUrl":"https:\/\/shop.bantam.ch\/wp-content\/uploads\/2023\/02\/994317211MbObk50OsSAJi-scaled.jpg","width":2048,"height":1366},{"@type":"BreadcrumbList","@id":"https:\/\/shop.bantam.ch\/fr\/produit\/housse-de-protection-wintertime-pour-vans\/#breadcrumb","itemListElement":[{"@type":"ListItem","position":1,"name":"Accueil","item":"https:\/\/shop.bantam.ch\/fr\/"},{"@type":"ListItem","position":2,"name":"Boutique","item":"https:\/\/shop.bantam.ch\/fr\/boutique\/"},{"@type":"ListItem","position":3,"name":"Housse de protection Wintertime pour vans"}]},{"@type":"WebSite","@id":"https:\/\/shop.bantam.ch\/fr\/#website","url":"https:\/\/shop.bantam.ch\/fr\/","name":"Bantam Wankm\u00fcller SA","description":"","publisher":{"@id":"https:\/\/shop.bantam.ch\/fr\/#organization"},"inLanguage":"fr-FR"},{"@type":"Organization","@id":"https:\/\/shop.bantam.ch\/fr\/#organization","name":"Bantam Wankm\u00fcller SA","url":"https:\/\/shop.bantam.ch\/fr\/","logo":{"@type":"ImageObject","inLanguage":"fr-FR","@id":"https:\/\/shop.bantam.ch\/fr\/#\/schema\/logo\/image\/","url":"https:\/\/shop.bantam.ch\/wp-content\/uploads\/2022\/12\/bantam-logo.png","contentUrl":"https:\/\/shop.bantam.ch\/wp-content\/uploads\/2022\/12\/bantam-logo.png","width":320,"height":71,"caption":"Bantam Wankm\u00fcller SA"},"image":{"@id":"https:\/\/shop.bantam.ch\/fr\/#\/schema\/logo\/image\/"}}]}},"_links":{"self":[{"href":"https:\/\/shop.bantam.ch\/fr\/wp-json\/wp\/v2\/product\/93941","targetHints":{"allow":["GET"]}}],"collection":[{"href":"https:\/\/shop.bantam.ch\/fr\/wp-json\/wp\/v2\/product"}],"about":[{"href":"https:\/\/shop.bantam.ch\/fr\/wp-json\/wp\/v2\/types\/product"}],"wp:featuredmedia":[{"embeddable":true,"href":"https:\/\/shop.bantam.ch\/fr\/wp-json\/wp\/v2\/media\/93923"}],"wp:attachment":[{"href":"https:\/\/shop.bantam.ch\/fr\/wp-json\/wp\/v2\/media?parent=93941"}],"wp:term":[{"taxonomy":"product_featured_cat","embeddable":true,"href":"https:\/\/shop.bantam.ch\/fr\/wp-json\/wp\/v2\/product_featured_cat?post=93941"},{"taxonomy":"product_brand","embeddable":true,"href":"https:\/\/shop.bantam.ch\/fr\/wp-json\/wp\/v2\/product_brand?post=93941"},{"taxonomy":"product_cat","embeddable":true,"href":"https:\/\/shop.bantam.ch\/fr\/wp-json\/wp\/v2\/product_cat?post=93941"},{"taxonomy":"product_tag","embeddable":true,"href":"https:\/\/shop.bantam.ch\/fr\/wp-json\/wp\/v2\/product_tag?post=93941"}],"curies":[{"name":"wp","href":"https:\/\/api.w.org\/{rel}","templated":true}]}}