{"id":93873,"date":"2023-02-28T04:34:07","date_gmt":"2023-02-28T03:34:07","guid":{"rendered":"http:\/\/shop.bantam.ch\/produit\/porte-velos-wanderway-2-velos\/"},"modified":"2026-04-17T21:27:30","modified_gmt":"2026-04-17T19:27:30","slug":"porte-velos-wanderway-2-velos","status":"publish","type":"product","link":"https:\/\/shop.bantam.ch\/fr\/produit\/porte-velos-wanderway-2-velos\/","title":{"rendered":"Porte-v\u00e9los WanderWay, 2 v\u00e9los"},"content":{"rendered":"<p>Le montage du WanderWay de Thule est simple et rapide gr\u00e2ce \u00e0 son adaptation sp\u00e9ciale pour le VW T6 (ne convient pas au VW T5). Il porte deux v\u00e9los et peut \u00eatre \u00e9tendu \u00e0 4 v\u00e9los par l\u2019ajout d\u2019un troisi\u00e8me et d\u2019un quatri\u00e8me rail. Gr\u00e2ce \u00e0 sa construction robuste, vous pouvez \u00e9galement transporter deux v\u00e9los \u00e9lectriques d\u2019un poids total de 60\u00a0kg.<br \/>Simple \u00e0 utiliser, simple \u00e0 garder sur le v\u00e9hicule. Sur le WanderWay de Thule, tout est pens\u00e9 pour une utilisation simple. Positionnez vos v\u00e9los sur des rails simples \u00e0 r\u00e9gler, qui coulissent de gauche \u00e0 droite et fixez les roues de mani\u00e8re sure gr\u00e2ce \u00e0 un support de roue avec fonction cliquet. Une fois en place, le WanderWay de Thule peut rester aussi longtemps sur votre v\u00e9hicule que vous le souhaitez\u00a0; le coffre se laisse ouvrir lorsque les v\u00e9los ne sont pas en place.<\/p>\n<ul>\n<li>Gr\u00e2ce \u00e0 la position sur\u00e9lev\u00e9e du porte-v\u00e9los, les feux arri\u00e8re et le num\u00e9ro d\u2019immatriculation restent visibles.<\/li>\n<li>Gr\u00e2ce \u00e0 sa forme adapt\u00e9e de mani\u00e8re exacte au minivan T6 de VW, il est simple et facile \u00e0 monter.<\/li>\n<li>La charge peut \u00eatre augment\u00e9e \u00e0 quatre v\u00e9los gr\u00e2ce aux adaptateurs (disponibles s\u00e9par\u00e9ment).<\/li>\n<li>Chargement facile des v\u00e9los gr\u00e2ce aux rails adaptables qui coulissent de la gauche vers la droite.<\/li>\n<li>La plateforme peut se replier verticalement \u00e0 plat pour un transport simple et un entreposage pratique en cas de non-utilisation.<\/li>\n<li>Le coffre peut \u00eatre ouvert si les v\u00e9los ne sont pas en place.<\/li>\n<li>Gr\u00e2ce aux supports de roues r\u00e9glables \u00e0 fonction cliquet, les roues sont faciles \u00e0 fixer.<\/li>\n<li>Fixation facile des v\u00e9los \u00e0 l&rsquo;aide de bras de maintien amovibles avec boutons limiteurs de couple Thule AcuTight verrouillables, qui \u00ab\u00a0cliquent\u00a0\u00bb lorsque le couple optimal est atteint.<\/li>\n<li>V\u00e9los verrouillables sur le porte-v\u00e9los (cadenas contenus dans la livraison).<\/li>\n<li>Taille de cadre adapt\u00e9e\u00a0: 22 &#8211; 80 mm.<\/li>\n<li>Taille de roue adapt\u00e9e\u00a0: 3 pouces.<\/li>\n<\/ul>\n<p>Dimensions :<br \/>\u00c9tat repli\u00e9 : 152 x 91 x 47 cm (l x h x p)<br \/>\u00c9tat d\u00e9pli\u00e9 : 152 x 91 x 111 cm (l x h x p)<\/p>\n","protected":false},"excerpt":{"rendered":"<p>Le montage du WanderWay de Thule est simple et rapide gr\u00e2ce \u00e0 son adaptation sp\u00e9ciale pour le VW T6 (ne convient pas au VW T5). Il porte deux v\u00e9los et peut \u00eatre \u00e9tendu \u00e0 4 v\u00e9los par l\u2019ajout d\u2019un troisi\u00e8me et d\u2019un quatri\u00e8me rail. Gr\u00e2ce \u00e0 sa construction robuste, vous pouvez \u00e9galement transporter deux v\u00e9los [&hellip;]<\/p>\n","protected":false},"featured_media":93863,"template":"","meta":{"_acf_changed":false},"product_featured_cat":[],"product_brand":[3046],"product_cat":[5137],"product_tag":[],"class_list":{"0":"post-93873","1":"product","2":"type-product","3":"status-publish","4":"has-post-thumbnail","6":"product_brand-thule","7":"product_cat-porte-velos-arriere","9":"first","10":"instock","11":"taxable","12":"shipping-taxable","13":"purchasable","14":"product-type-simple"},"acf":[],"yoast_head":"<!-- This site is optimized with the Yoast SEO plugin v27.4 - https:\/\/yoast.com\/product\/yoast-seo-wordpress\/ -->\n<title>Porte-v\u00e9los WanderWay, 2 v\u00e9los - Bantam Wankm\u00fcller SA<\/title>\n<meta name=\"robots\" content=\"index, follow, max-snippet:-1, max-image-preview:large, max-video-preview:-1\" \/>\n<link rel=\"canonical\" href=\"https:\/\/shop.bantam.ch\/fr\/produit\/porte-velos-wanderway-2-velos\/\" \/>\n<meta property=\"og:locale\" content=\"fr_FR\" \/>\n<meta property=\"og:type\" content=\"article\" \/>\n<meta property=\"og:title\" content=\"Porte-v\u00e9los WanderWay, 2 v\u00e9los - Bantam Wankm\u00fcller SA\" \/>\n<meta property=\"og:description\" content=\"Le montage du WanderWay de Thule est simple et rapide gr\u00e2ce \u00e0 son adaptation sp\u00e9ciale pour le VW T6 (ne convient pas au VW T5). Il porte deux v\u00e9los et peut \u00eatre \u00e9tendu \u00e0 4 v\u00e9los par l\u2019ajout d\u2019un troisi\u00e8me et d\u2019un quatri\u00e8me rail. Gr\u00e2ce \u00e0 sa construction robuste, vous pouvez \u00e9galement transporter deux v\u00e9los [&hellip;]\" \/>\n<meta property=\"og:url\" content=\"https:\/\/shop.bantam.ch\/fr\/produit\/porte-velos-wanderway-2-velos\/\" \/>\n<meta property=\"og:site_name\" content=\"Bantam Wankm\u00fcller SA\" \/>\n<meta property=\"article:modified_time\" content=\"2026-04-17T19:27:30+00:00\" \/>\n<meta property=\"og:image\" content=\"https:\/\/shop.bantam.ch\/wp-content\/uploads\/2023\/02\/994316811.jpg\" \/>\n\t<meta property=\"og:image:width\" content=\"1000\" \/>\n\t<meta property=\"og:image:height\" content=\"707\" \/>\n\t<meta property=\"og:image:type\" content=\"image\/jpeg\" \/>\n<meta name=\"twitter:card\" content=\"summary_large_image\" \/>\n<meta name=\"twitter:label1\" content=\"Dur\u00e9e de lecture estim\u00e9e\" \/>\n\t<meta name=\"twitter:data1\" content=\"2 minutes\" \/>\n<script type=\"application\/ld+json\" class=\"yoast-schema-graph\">{\"@context\":\"https:\\\/\\\/schema.org\",\"@graph\":[{\"@type\":\"WebPage\",\"@id\":\"https:\\\/\\\/shop.bantam.ch\\\/fr\\\/produit\\\/porte-velos-wanderway-2-velos\\\/\",\"url\":\"https:\\\/\\\/shop.bantam.ch\\\/fr\\\/produit\\\/porte-velos-wanderway-2-velos\\\/\",\"name\":\"Porte-v\u00e9los WanderWay, 2 v\u00e9los - Bantam Wankm\u00fcller SA\",\"isPartOf\":{\"@id\":\"https:\\\/\\\/shop.bantam.ch\\\/fr\\\/#website\"},\"primaryImageOfPage\":{\"@id\":\"https:\\\/\\\/shop.bantam.ch\\\/fr\\\/produit\\\/porte-velos-wanderway-2-velos\\\/#primaryimage\"},\"image\":{\"@id\":\"https:\\\/\\\/shop.bantam.ch\\\/fr\\\/produit\\\/porte-velos-wanderway-2-velos\\\/#primaryimage\"},\"thumbnailUrl\":\"https:\\\/\\\/shop.bantam.ch\\\/wp-content\\\/uploads\\\/2023\\\/02\\\/994316811.jpg\",\"datePublished\":\"2023-02-28T03:34:07+00:00\",\"dateModified\":\"2026-04-17T19:27:30+00:00\",\"breadcrumb\":{\"@id\":\"https:\\\/\\\/shop.bantam.ch\\\/fr\\\/produit\\\/porte-velos-wanderway-2-velos\\\/#breadcrumb\"},\"inLanguage\":\"fr-FR\",\"potentialAction\":[{\"@type\":\"ReadAction\",\"target\":[\"https:\\\/\\\/shop.bantam.ch\\\/fr\\\/produit\\\/porte-velos-wanderway-2-velos\\\/\"]}]},{\"@type\":\"ImageObject\",\"inLanguage\":\"fr-FR\",\"@id\":\"https:\\\/\\\/shop.bantam.ch\\\/fr\\\/produit\\\/porte-velos-wanderway-2-velos\\\/#primaryimage\",\"url\":\"https:\\\/\\\/shop.bantam.ch\\\/wp-content\\\/uploads\\\/2023\\\/02\\\/994316811.jpg\",\"contentUrl\":\"https:\\\/\\\/shop.bantam.ch\\\/wp-content\\\/uploads\\\/2023\\\/02\\\/994316811.jpg\",\"width\":1000,\"height\":707},{\"@type\":\"BreadcrumbList\",\"@id\":\"https:\\\/\\\/shop.bantam.ch\\\/fr\\\/produit\\\/porte-velos-wanderway-2-velos\\\/#breadcrumb\",\"itemListElement\":[{\"@type\":\"ListItem\",\"position\":1,\"name\":\"Accueil\",\"item\":\"https:\\\/\\\/shop.bantam.ch\\\/fr\\\/\"},{\"@type\":\"ListItem\",\"position\":2,\"name\":\"Boutique\",\"item\":\"https:\\\/\\\/shop.bantam.ch\\\/fr\\\/boutique\\\/\"},{\"@type\":\"ListItem\",\"position\":3,\"name\":\"Porte-v\u00e9los WanderWay, 2 v\u00e9los\"}]},{\"@type\":\"WebSite\",\"@id\":\"https:\\\/\\\/shop.bantam.ch\\\/fr\\\/#website\",\"url\":\"https:\\\/\\\/shop.bantam.ch\\\/fr\\\/\",\"name\":\"Bantam Wankm\u00fcller SA\",\"description\":\"\",\"publisher\":{\"@id\":\"https:\\\/\\\/shop.bantam.ch\\\/fr\\\/#organization\"},\"inLanguage\":\"fr-FR\"},{\"@type\":\"Organization\",\"@id\":\"https:\\\/\\\/shop.bantam.ch\\\/fr\\\/#organization\",\"name\":\"Bantam Wankm\u00fcller SA\",\"url\":\"https:\\\/\\\/shop.bantam.ch\\\/fr\\\/\",\"logo\":{\"@type\":\"ImageObject\",\"inLanguage\":\"fr-FR\",\"@id\":\"https:\\\/\\\/shop.bantam.ch\\\/fr\\\/#\\\/schema\\\/logo\\\/image\\\/\",\"url\":\"https:\\\/\\\/shop.bantam.ch\\\/wp-content\\\/uploads\\\/2022\\\/12\\\/bantam-logo.png\",\"contentUrl\":\"https:\\\/\\\/shop.bantam.ch\\\/wp-content\\\/uploads\\\/2022\\\/12\\\/bantam-logo.png\",\"width\":320,\"height\":71,\"caption\":\"Bantam Wankm\u00fcller SA\"},\"image\":{\"@id\":\"https:\\\/\\\/shop.bantam.ch\\\/fr\\\/#\\\/schema\\\/logo\\\/image\\\/\"}}]}<\/script>\n<!-- \/ Yoast SEO plugin. -->","yoast_head_json":{"title":"Porte-v\u00e9los WanderWay, 2 v\u00e9los - Bantam Wankm\u00fcller SA","robots":{"index":"index","follow":"follow","max-snippet":"max-snippet:-1","max-image-preview":"max-image-preview:large","max-video-preview":"max-video-preview:-1"},"canonical":"https:\/\/shop.bantam.ch\/fr\/produit\/porte-velos-wanderway-2-velos\/","og_locale":"fr_FR","og_type":"article","og_title":"Porte-v\u00e9los WanderWay, 2 v\u00e9los - Bantam Wankm\u00fcller SA","og_description":"Le montage du WanderWay de Thule est simple et rapide gr\u00e2ce \u00e0 son adaptation sp\u00e9ciale pour le VW T6 (ne convient pas au VW T5). Il porte deux v\u00e9los et peut \u00eatre \u00e9tendu \u00e0 4 v\u00e9los par l\u2019ajout d\u2019un troisi\u00e8me et d\u2019un quatri\u00e8me rail. Gr\u00e2ce \u00e0 sa construction robuste, vous pouvez \u00e9galement transporter deux v\u00e9los [&hellip;]","og_url":"https:\/\/shop.bantam.ch\/fr\/produit\/porte-velos-wanderway-2-velos\/","og_site_name":"Bantam Wankm\u00fcller SA","article_modified_time":"2026-04-17T19:27:30+00:00","og_image":[{"width":1000,"height":707,"url":"https:\/\/shop.bantam.ch\/wp-content\/uploads\/2023\/02\/994316811.jpg","type":"image\/jpeg"}],"twitter_card":"summary_large_image","twitter_misc":{"Dur\u00e9e de lecture estim\u00e9e":"2 minutes"},"schema":{"@context":"https:\/\/schema.org","@graph":[{"@type":"WebPage","@id":"https:\/\/shop.bantam.ch\/fr\/produit\/porte-velos-wanderway-2-velos\/","url":"https:\/\/shop.bantam.ch\/fr\/produit\/porte-velos-wanderway-2-velos\/","name":"Porte-v\u00e9los WanderWay, 2 v\u00e9los - Bantam Wankm\u00fcller SA","isPartOf":{"@id":"https:\/\/shop.bantam.ch\/fr\/#website"},"primaryImageOfPage":{"@id":"https:\/\/shop.bantam.ch\/fr\/produit\/porte-velos-wanderway-2-velos\/#primaryimage"},"image":{"@id":"https:\/\/shop.bantam.ch\/fr\/produit\/porte-velos-wanderway-2-velos\/#primaryimage"},"thumbnailUrl":"https:\/\/shop.bantam.ch\/wp-content\/uploads\/2023\/02\/994316811.jpg","datePublished":"2023-02-28T03:34:07+00:00","dateModified":"2026-04-17T19:27:30+00:00","breadcrumb":{"@id":"https:\/\/shop.bantam.ch\/fr\/produit\/porte-velos-wanderway-2-velos\/#breadcrumb"},"inLanguage":"fr-FR","potentialAction":[{"@type":"ReadAction","target":["https:\/\/shop.bantam.ch\/fr\/produit\/porte-velos-wanderway-2-velos\/"]}]},{"@type":"ImageObject","inLanguage":"fr-FR","@id":"https:\/\/shop.bantam.ch\/fr\/produit\/porte-velos-wanderway-2-velos\/#primaryimage","url":"https:\/\/shop.bantam.ch\/wp-content\/uploads\/2023\/02\/994316811.jpg","contentUrl":"https:\/\/shop.bantam.ch\/wp-content\/uploads\/2023\/02\/994316811.jpg","width":1000,"height":707},{"@type":"BreadcrumbList","@id":"https:\/\/shop.bantam.ch\/fr\/produit\/porte-velos-wanderway-2-velos\/#breadcrumb","itemListElement":[{"@type":"ListItem","position":1,"name":"Accueil","item":"https:\/\/shop.bantam.ch\/fr\/"},{"@type":"ListItem","position":2,"name":"Boutique","item":"https:\/\/shop.bantam.ch\/fr\/boutique\/"},{"@type":"ListItem","position":3,"name":"Porte-v\u00e9los WanderWay, 2 v\u00e9los"}]},{"@type":"WebSite","@id":"https:\/\/shop.bantam.ch\/fr\/#website","url":"https:\/\/shop.bantam.ch\/fr\/","name":"Bantam Wankm\u00fcller SA","description":"","publisher":{"@id":"https:\/\/shop.bantam.ch\/fr\/#organization"},"inLanguage":"fr-FR"},{"@type":"Organization","@id":"https:\/\/shop.bantam.ch\/fr\/#organization","name":"Bantam Wankm\u00fcller SA","url":"https:\/\/shop.bantam.ch\/fr\/","logo":{"@type":"ImageObject","inLanguage":"fr-FR","@id":"https:\/\/shop.bantam.ch\/fr\/#\/schema\/logo\/image\/","url":"https:\/\/shop.bantam.ch\/wp-content\/uploads\/2022\/12\/bantam-logo.png","contentUrl":"https:\/\/shop.bantam.ch\/wp-content\/uploads\/2022\/12\/bantam-logo.png","width":320,"height":71,"caption":"Bantam Wankm\u00fcller SA"},"image":{"@id":"https:\/\/shop.bantam.ch\/fr\/#\/schema\/logo\/image\/"}}]}},"_links":{"self":[{"href":"https:\/\/shop.bantam.ch\/fr\/wp-json\/wp\/v2\/product\/93873","targetHints":{"allow":["GET"]}}],"collection":[{"href":"https:\/\/shop.bantam.ch\/fr\/wp-json\/wp\/v2\/product"}],"about":[{"href":"https:\/\/shop.bantam.ch\/fr\/wp-json\/wp\/v2\/types\/product"}],"wp:featuredmedia":[{"embeddable":true,"href":"https:\/\/shop.bantam.ch\/fr\/wp-json\/wp\/v2\/media\/93863"}],"wp:attachment":[{"href":"https:\/\/shop.bantam.ch\/fr\/wp-json\/wp\/v2\/media?parent=93873"}],"wp:term":[{"taxonomy":"product_featured_cat","embeddable":true,"href":"https:\/\/shop.bantam.ch\/fr\/wp-json\/wp\/v2\/product_featured_cat?post=93873"},{"taxonomy":"product_brand","embeddable":true,"href":"https:\/\/shop.bantam.ch\/fr\/wp-json\/wp\/v2\/product_brand?post=93873"},{"taxonomy":"product_cat","embeddable":true,"href":"https:\/\/shop.bantam.ch\/fr\/wp-json\/wp\/v2\/product_cat?post=93873"},{"taxonomy":"product_tag","embeddable":true,"href":"https:\/\/shop.bantam.ch\/fr\/wp-json\/wp\/v2\/product_tag?post=93873"}],"curies":[{"name":"wp","href":"https:\/\/api.w.org\/{rel}","templated":true}]}}