{"id":93839,"date":"2023-02-28T04:33:29","date_gmt":"2023-02-28T03:33:29","guid":{"rendered":"http:\/\/shop.bantam.ch\/produit\/tringle-a-vetements-pour-soute\/"},"modified":"2026-04-18T22:48:15","modified_gmt":"2026-04-18T20:48:15","slug":"tringle-a-vetements-pour-soute","status":"publish","type":"product","link":"https:\/\/shop.bantam.ch\/fr\/produit\/tringle-a-vetements-pour-soute\/","title":{"rendered":"Tringle \u00e0 v\u00eatements pour soute"},"content":{"rendered":"<p>Tringle pratique pour ranger des v\u00eatements dans la soute. Id\u00e9ale aussi pour le s\u00e9chage des blousons devenus humides.<br \/>La tringle est mise en place gr\u00e2ce \u00e0 2 supports muraux et\/ou 2 fixations plafond dans la soute du v\u00e9hicule. <br \/>Mettre en place les supports muraux, positionner la tringle entre les 2 supports, fixer avec le PowerGrip. En cas de besoin, mettre en place les fixations plafond. C\u2019est fait ! Le syst\u00e8me de serrage PowerGrip utilis\u00e9 tient la tringle en place sous tension. Apr\u00e8s utilisation, la tringle peut tout simplement \u00eatre retir\u00e9e.<br \/>La tringle est disponible en deux longueurs\u00a0: 105 \u00e0 150\u00a0cm et 115 \u00e0 220\u00a0cm. <br \/>La tringle peut \u00e9galement \u00eatre raccourcie \u00e0 la taille souhait\u00e9e.<\/p>\n<p>Contenu de la livraison :<br \/>1 tringle r\u00e9glable<br \/>2 supports muraux<br \/>2 fixations plafond<br \/>5 pat\u00e8res<br \/>Vis pour le montage.<\/p>\n","protected":false},"excerpt":{"rendered":"<p>Tringle pratique pour ranger des v\u00eatements dans la soute. Id\u00e9ale aussi pour le s\u00e9chage des blousons devenus humides.La tringle est mise en place gr\u00e2ce \u00e0 2 supports muraux et\/ou 2 fixations plafond dans la soute du v\u00e9hicule. Mettre en place les supports muraux, positionner la tringle entre les 2 supports, fixer avec le PowerGrip. En [&hellip;]<\/p>\n","protected":false},"featured_media":93827,"template":"","meta":{"_acf_changed":false},"product_featured_cat":[],"product_brand":[3136],"product_cat":[5141],"product_tag":[],"class_list":{"0":"post-93839","1":"product","2":"type-product","3":"status-publish","4":"has-post-thumbnail","6":"product_brand-mobil-safe","7":"product_cat-fixations-de-garage-arriere","9":"first","10":"instock","11":"taxable","12":"shipping-taxable","13":"purchasable","14":"product-type-variable"},"acf":[],"yoast_head":"<!-- This site is optimized with the Yoast SEO plugin v27.4 - https:\/\/yoast.com\/product\/yoast-seo-wordpress\/ -->\n<title>Tringle \u00e0 v\u00eatements pour soute - Bantam Wankm\u00fcller SA<\/title>\n<meta name=\"robots\" content=\"index, follow, max-snippet:-1, max-image-preview:large, max-video-preview:-1\" \/>\n<link rel=\"canonical\" href=\"https:\/\/shop.bantam.ch\/fr\/produit\/tringle-a-vetements-pour-soute\/\" \/>\n<meta property=\"og:locale\" content=\"fr_FR\" \/>\n<meta property=\"og:type\" content=\"article\" \/>\n<meta property=\"og:title\" content=\"Tringle \u00e0 v\u00eatements pour soute - Bantam Wankm\u00fcller SA\" \/>\n<meta property=\"og:description\" content=\"Tringle pratique pour ranger des v\u00eatements dans la soute. Id\u00e9ale aussi pour le s\u00e9chage des blousons devenus humides.La tringle est mise en place gr\u00e2ce \u00e0 2 supports muraux et\/ou 2 fixations plafond dans la soute du v\u00e9hicule. Mettre en place les supports muraux, positionner la tringle entre les 2 supports, fixer avec le PowerGrip. En [&hellip;]\" \/>\n<meta property=\"og:url\" content=\"https:\/\/shop.bantam.ch\/fr\/produit\/tringle-a-vetements-pour-soute\/\" \/>\n<meta property=\"og:site_name\" content=\"Bantam Wankm\u00fcller SA\" \/>\n<meta property=\"article:modified_time\" content=\"2026-04-18T20:48:15+00:00\" \/>\n<meta property=\"og:image\" content=\"https:\/\/shop.bantam.ch\/wp-content\/uploads\/2023\/02\/994315911.jpg\" \/>\n\t<meta property=\"og:image:width\" content=\"1000\" \/>\n\t<meta property=\"og:image:height\" content=\"666\" \/>\n\t<meta property=\"og:image:type\" content=\"image\/jpeg\" \/>\n<meta name=\"twitter:card\" content=\"summary_large_image\" \/>\n<meta name=\"twitter:label1\" content=\"Dur\u00e9e de lecture estim\u00e9e\" \/>\n\t<meta name=\"twitter:data1\" content=\"1 minute\" \/>\n<script type=\"application\/ld+json\" class=\"yoast-schema-graph\">{\"@context\":\"https:\\\/\\\/schema.org\",\"@graph\":[{\"@type\":\"WebPage\",\"@id\":\"https:\\\/\\\/shop.bantam.ch\\\/fr\\\/produit\\\/tringle-a-vetements-pour-soute\\\/\",\"url\":\"https:\\\/\\\/shop.bantam.ch\\\/fr\\\/produit\\\/tringle-a-vetements-pour-soute\\\/\",\"name\":\"Tringle \u00e0 v\u00eatements pour soute - Bantam Wankm\u00fcller SA\",\"isPartOf\":{\"@id\":\"https:\\\/\\\/shop.bantam.ch\\\/fr\\\/#website\"},\"primaryImageOfPage\":{\"@id\":\"https:\\\/\\\/shop.bantam.ch\\\/fr\\\/produit\\\/tringle-a-vetements-pour-soute\\\/#primaryimage\"},\"image\":{\"@id\":\"https:\\\/\\\/shop.bantam.ch\\\/fr\\\/produit\\\/tringle-a-vetements-pour-soute\\\/#primaryimage\"},\"thumbnailUrl\":\"https:\\\/\\\/shop.bantam.ch\\\/wp-content\\\/uploads\\\/2023\\\/02\\\/994315911.jpg\",\"datePublished\":\"2023-02-28T03:33:29+00:00\",\"dateModified\":\"2026-04-18T20:48:15+00:00\",\"breadcrumb\":{\"@id\":\"https:\\\/\\\/shop.bantam.ch\\\/fr\\\/produit\\\/tringle-a-vetements-pour-soute\\\/#breadcrumb\"},\"inLanguage\":\"fr-FR\",\"potentialAction\":[{\"@type\":\"ReadAction\",\"target\":[\"https:\\\/\\\/shop.bantam.ch\\\/fr\\\/produit\\\/tringle-a-vetements-pour-soute\\\/\"]}]},{\"@type\":\"ImageObject\",\"inLanguage\":\"fr-FR\",\"@id\":\"https:\\\/\\\/shop.bantam.ch\\\/fr\\\/produit\\\/tringle-a-vetements-pour-soute\\\/#primaryimage\",\"url\":\"https:\\\/\\\/shop.bantam.ch\\\/wp-content\\\/uploads\\\/2023\\\/02\\\/994315911.jpg\",\"contentUrl\":\"https:\\\/\\\/shop.bantam.ch\\\/wp-content\\\/uploads\\\/2023\\\/02\\\/994315911.jpg\",\"width\":1000,\"height\":666},{\"@type\":\"BreadcrumbList\",\"@id\":\"https:\\\/\\\/shop.bantam.ch\\\/fr\\\/produit\\\/tringle-a-vetements-pour-soute\\\/#breadcrumb\",\"itemListElement\":[{\"@type\":\"ListItem\",\"position\":1,\"name\":\"Accueil\",\"item\":\"https:\\\/\\\/shop.bantam.ch\\\/fr\\\/\"},{\"@type\":\"ListItem\",\"position\":2,\"name\":\"Boutique\",\"item\":\"https:\\\/\\\/shop.bantam.ch\\\/fr\\\/boutique\\\/\"},{\"@type\":\"ListItem\",\"position\":3,\"name\":\"Tringle \u00e0 v\u00eatements pour soute\"}]},{\"@type\":\"WebSite\",\"@id\":\"https:\\\/\\\/shop.bantam.ch\\\/fr\\\/#website\",\"url\":\"https:\\\/\\\/shop.bantam.ch\\\/fr\\\/\",\"name\":\"Bantam Wankm\u00fcller SA\",\"description\":\"\",\"publisher\":{\"@id\":\"https:\\\/\\\/shop.bantam.ch\\\/fr\\\/#organization\"},\"inLanguage\":\"fr-FR\"},{\"@type\":\"Organization\",\"@id\":\"https:\\\/\\\/shop.bantam.ch\\\/fr\\\/#organization\",\"name\":\"Bantam Wankm\u00fcller SA\",\"url\":\"https:\\\/\\\/shop.bantam.ch\\\/fr\\\/\",\"logo\":{\"@type\":\"ImageObject\",\"inLanguage\":\"fr-FR\",\"@id\":\"https:\\\/\\\/shop.bantam.ch\\\/fr\\\/#\\\/schema\\\/logo\\\/image\\\/\",\"url\":\"https:\\\/\\\/shop.bantam.ch\\\/wp-content\\\/uploads\\\/2022\\\/12\\\/bantam-logo.png\",\"contentUrl\":\"https:\\\/\\\/shop.bantam.ch\\\/wp-content\\\/uploads\\\/2022\\\/12\\\/bantam-logo.png\",\"width\":320,\"height\":71,\"caption\":\"Bantam Wankm\u00fcller SA\"},\"image\":{\"@id\":\"https:\\\/\\\/shop.bantam.ch\\\/fr\\\/#\\\/schema\\\/logo\\\/image\\\/\"}}]}<\/script>\n<!-- \/ Yoast SEO plugin. -->","yoast_head_json":{"title":"Tringle \u00e0 v\u00eatements pour soute - Bantam Wankm\u00fcller SA","robots":{"index":"index","follow":"follow","max-snippet":"max-snippet:-1","max-image-preview":"max-image-preview:large","max-video-preview":"max-video-preview:-1"},"canonical":"https:\/\/shop.bantam.ch\/fr\/produit\/tringle-a-vetements-pour-soute\/","og_locale":"fr_FR","og_type":"article","og_title":"Tringle \u00e0 v\u00eatements pour soute - Bantam Wankm\u00fcller SA","og_description":"Tringle pratique pour ranger des v\u00eatements dans la soute. Id\u00e9ale aussi pour le s\u00e9chage des blousons devenus humides.La tringle est mise en place gr\u00e2ce \u00e0 2 supports muraux et\/ou 2 fixations plafond dans la soute du v\u00e9hicule. Mettre en place les supports muraux, positionner la tringle entre les 2 supports, fixer avec le PowerGrip. En [&hellip;]","og_url":"https:\/\/shop.bantam.ch\/fr\/produit\/tringle-a-vetements-pour-soute\/","og_site_name":"Bantam Wankm\u00fcller SA","article_modified_time":"2026-04-18T20:48:15+00:00","og_image":[{"width":1000,"height":666,"url":"https:\/\/shop.bantam.ch\/wp-content\/uploads\/2023\/02\/994315911.jpg","type":"image\/jpeg"}],"twitter_card":"summary_large_image","twitter_misc":{"Dur\u00e9e de lecture estim\u00e9e":"1 minute"},"schema":{"@context":"https:\/\/schema.org","@graph":[{"@type":"WebPage","@id":"https:\/\/shop.bantam.ch\/fr\/produit\/tringle-a-vetements-pour-soute\/","url":"https:\/\/shop.bantam.ch\/fr\/produit\/tringle-a-vetements-pour-soute\/","name":"Tringle \u00e0 v\u00eatements pour soute - Bantam Wankm\u00fcller SA","isPartOf":{"@id":"https:\/\/shop.bantam.ch\/fr\/#website"},"primaryImageOfPage":{"@id":"https:\/\/shop.bantam.ch\/fr\/produit\/tringle-a-vetements-pour-soute\/#primaryimage"},"image":{"@id":"https:\/\/shop.bantam.ch\/fr\/produit\/tringle-a-vetements-pour-soute\/#primaryimage"},"thumbnailUrl":"https:\/\/shop.bantam.ch\/wp-content\/uploads\/2023\/02\/994315911.jpg","datePublished":"2023-02-28T03:33:29+00:00","dateModified":"2026-04-18T20:48:15+00:00","breadcrumb":{"@id":"https:\/\/shop.bantam.ch\/fr\/produit\/tringle-a-vetements-pour-soute\/#breadcrumb"},"inLanguage":"fr-FR","potentialAction":[{"@type":"ReadAction","target":["https:\/\/shop.bantam.ch\/fr\/produit\/tringle-a-vetements-pour-soute\/"]}]},{"@type":"ImageObject","inLanguage":"fr-FR","@id":"https:\/\/shop.bantam.ch\/fr\/produit\/tringle-a-vetements-pour-soute\/#primaryimage","url":"https:\/\/shop.bantam.ch\/wp-content\/uploads\/2023\/02\/994315911.jpg","contentUrl":"https:\/\/shop.bantam.ch\/wp-content\/uploads\/2023\/02\/994315911.jpg","width":1000,"height":666},{"@type":"BreadcrumbList","@id":"https:\/\/shop.bantam.ch\/fr\/produit\/tringle-a-vetements-pour-soute\/#breadcrumb","itemListElement":[{"@type":"ListItem","position":1,"name":"Accueil","item":"https:\/\/shop.bantam.ch\/fr\/"},{"@type":"ListItem","position":2,"name":"Boutique","item":"https:\/\/shop.bantam.ch\/fr\/boutique\/"},{"@type":"ListItem","position":3,"name":"Tringle \u00e0 v\u00eatements pour soute"}]},{"@type":"WebSite","@id":"https:\/\/shop.bantam.ch\/fr\/#website","url":"https:\/\/shop.bantam.ch\/fr\/","name":"Bantam Wankm\u00fcller SA","description":"","publisher":{"@id":"https:\/\/shop.bantam.ch\/fr\/#organization"},"inLanguage":"fr-FR"},{"@type":"Organization","@id":"https:\/\/shop.bantam.ch\/fr\/#organization","name":"Bantam Wankm\u00fcller SA","url":"https:\/\/shop.bantam.ch\/fr\/","logo":{"@type":"ImageObject","inLanguage":"fr-FR","@id":"https:\/\/shop.bantam.ch\/fr\/#\/schema\/logo\/image\/","url":"https:\/\/shop.bantam.ch\/wp-content\/uploads\/2022\/12\/bantam-logo.png","contentUrl":"https:\/\/shop.bantam.ch\/wp-content\/uploads\/2022\/12\/bantam-logo.png","width":320,"height":71,"caption":"Bantam Wankm\u00fcller SA"},"image":{"@id":"https:\/\/shop.bantam.ch\/fr\/#\/schema\/logo\/image\/"}}]}},"_links":{"self":[{"href":"https:\/\/shop.bantam.ch\/fr\/wp-json\/wp\/v2\/product\/93839","targetHints":{"allow":["GET"]}}],"collection":[{"href":"https:\/\/shop.bantam.ch\/fr\/wp-json\/wp\/v2\/product"}],"about":[{"href":"https:\/\/shop.bantam.ch\/fr\/wp-json\/wp\/v2\/types\/product"}],"wp:featuredmedia":[{"embeddable":true,"href":"https:\/\/shop.bantam.ch\/fr\/wp-json\/wp\/v2\/media\/93827"}],"wp:attachment":[{"href":"https:\/\/shop.bantam.ch\/fr\/wp-json\/wp\/v2\/media?parent=93839"}],"wp:term":[{"taxonomy":"product_featured_cat","embeddable":true,"href":"https:\/\/shop.bantam.ch\/fr\/wp-json\/wp\/v2\/product_featured_cat?post=93839"},{"taxonomy":"product_brand","embeddable":true,"href":"https:\/\/shop.bantam.ch\/fr\/wp-json\/wp\/v2\/product_brand?post=93839"},{"taxonomy":"product_cat","embeddable":true,"href":"https:\/\/shop.bantam.ch\/fr\/wp-json\/wp\/v2\/product_cat?post=93839"},{"taxonomy":"product_tag","embeddable":true,"href":"https:\/\/shop.bantam.ch\/fr\/wp-json\/wp\/v2\/product_tag?post=93839"}],"curies":[{"name":"wp","href":"https:\/\/api.w.org\/{rel}","templated":true}]}}