{"id":93799,"date":"2023-02-28T04:32:46","date_gmt":"2023-02-28T03:32:46","guid":{"rendered":"http:\/\/shop.bantam.ch\/produit\/barre-de-son-i\/"},"modified":"2026-04-20T21:27:58","modified_gmt":"2026-04-20T19:27:58","slug":"barre-de-son-i","status":"publish","type":"product","link":"https:\/\/shop.bantam.ch\/fr\/produit\/barre-de-son-i\/","title":{"rendered":"Barre de son MEGASAT I"},"content":{"rendered":"<p>La barre de son est aliment\u00e9e par le port USB du t\u00e9l\u00e9viseur et les signaux audio sont ensuite transmis sur la prise casque. Le t\u00e9l\u00e9viseur est fix\u00e9 sur sa face inf\u00e9rieure \u00e0 l&rsquo;aide du support de montage fourni. Les haut-parleurs st\u00e9r\u00e9o \u00e0 large bande d\u2019une puissance maximale de 12 watts (RMS) offrent un son agr\u00e9able et remplacent les haut-parleurs standard int\u00e9gr\u00e9s dans le t\u00e9l\u00e9viseur. La conception simple et compacte de la barre de son s&rsquo;adapte partout et convient parfaitement \u00e0 tous les t\u00e9l\u00e9viseurs de camping Megasat.<\/p>\n<ul>\n<li>2 haut-parleurs \u00e0 large bande<\/li>\n<li>Puissance max. 12 Watt (2 x 6 Watt RMS, puissance musicale max. 48 Watt)<\/li>\n<li>R\u00e9ponse en fr\u00e9quence 80 Hz &#8211; 18 kHz<\/li>\n<li>1 % de distorsion \u00e0 1 KHz<\/li>\n<li>R\u00e9glage du volume avec bouton rotatif (y compris interrupteur marche\/arr\u00eat)<\/li>\n<li>Alimentation \u00e9lectrique de 5 volts via une connexion USB sur la t\u00e9l\u00e9vision<\/li>\n<li>Affichage LED pour le fonctionnement<\/li>\n<\/ul>\n<p>Contenu de la livraison :<br \/>Barre de son Megasat I<br \/>Support pour montage TV<br \/>C\u00e2ble audio 3,5 mm (env. 1,00 m)<br \/>C\u00e2ble USB (env. 1,00 m)<br \/>Notice d\u2019utilisation<\/p>\n","protected":false},"excerpt":{"rendered":"<p>La barre de son est aliment\u00e9e par le port USB du t\u00e9l\u00e9viseur et les signaux audio sont ensuite transmis sur la prise casque. Le t\u00e9l\u00e9viseur est fix\u00e9 sur sa face inf\u00e9rieure \u00e0 l&rsquo;aide du support de montage fourni. Les haut-parleurs st\u00e9r\u00e9o \u00e0 large bande d\u2019une puissance maximale de 12 watts (RMS) offrent un son agr\u00e9able [&hellip;]<\/p>\n","protected":false},"featured_media":93795,"template":"","meta":{"_acf_changed":false},"product_featured_cat":[],"product_brand":[3200],"product_cat":[4497],"product_tag":[],"class_list":{"0":"post-93799","1":"product","2":"type-product","3":"status-publish","4":"has-post-thumbnail","6":"product_brand-megasat","7":"product_cat-barres-de-son","9":"first","10":"instock","11":"taxable","12":"shipping-taxable","13":"purchasable","14":"product-type-simple"},"acf":[],"yoast_head":"<!-- This site is optimized with the Yoast SEO plugin v27.4 - https:\/\/yoast.com\/product\/yoast-seo-wordpress\/ -->\n<title>Barre de son MEGASAT I - Bantam Wankm\u00fcller SA<\/title>\n<meta name=\"robots\" content=\"index, follow, max-snippet:-1, max-image-preview:large, max-video-preview:-1\" \/>\n<link rel=\"canonical\" href=\"https:\/\/shop.bantam.ch\/fr\/produit\/barre-de-son-i\/\" \/>\n<meta property=\"og:locale\" content=\"fr_FR\" \/>\n<meta property=\"og:type\" content=\"article\" \/>\n<meta property=\"og:title\" content=\"Barre de son MEGASAT I - Bantam Wankm\u00fcller SA\" \/>\n<meta property=\"og:description\" content=\"La barre de son est aliment\u00e9e par le port USB du t\u00e9l\u00e9viseur et les signaux audio sont ensuite transmis sur la prise casque. Le t\u00e9l\u00e9viseur est fix\u00e9 sur sa face inf\u00e9rieure \u00e0 l&rsquo;aide du support de montage fourni. Les haut-parleurs st\u00e9r\u00e9o \u00e0 large bande d\u2019une puissance maximale de 12 watts (RMS) offrent un son agr\u00e9able [&hellip;]\" \/>\n<meta property=\"og:url\" content=\"https:\/\/shop.bantam.ch\/fr\/produit\/barre-de-son-i\/\" \/>\n<meta property=\"og:site_name\" content=\"Bantam Wankm\u00fcller SA\" \/>\n<meta property=\"article:modified_time\" content=\"2026-04-20T19:27:58+00:00\" \/>\n<meta property=\"og:image\" content=\"https:\/\/shop.bantam.ch\/wp-content\/uploads\/2023\/02\/995570111.jpg\" \/>\n\t<meta property=\"og:image:width\" content=\"1000\" \/>\n\t<meta property=\"og:image:height\" content=\"320\" \/>\n\t<meta property=\"og:image:type\" content=\"image\/jpeg\" \/>\n<meta name=\"twitter:card\" content=\"summary_large_image\" \/>\n<meta name=\"twitter:label1\" content=\"Dur\u00e9e de lecture estim\u00e9e\" \/>\n\t<meta name=\"twitter:data1\" content=\"1 minute\" \/>\n<script type=\"application\/ld+json\" class=\"yoast-schema-graph\">{\"@context\":\"https:\\\/\\\/schema.org\",\"@graph\":[{\"@type\":\"WebPage\",\"@id\":\"https:\\\/\\\/shop.bantam.ch\\\/fr\\\/produit\\\/barre-de-son-i\\\/\",\"url\":\"https:\\\/\\\/shop.bantam.ch\\\/fr\\\/produit\\\/barre-de-son-i\\\/\",\"name\":\"Barre de son MEGASAT I - Bantam Wankm\u00fcller SA\",\"isPartOf\":{\"@id\":\"https:\\\/\\\/shop.bantam.ch\\\/fr\\\/#website\"},\"primaryImageOfPage\":{\"@id\":\"https:\\\/\\\/shop.bantam.ch\\\/fr\\\/produit\\\/barre-de-son-i\\\/#primaryimage\"},\"image\":{\"@id\":\"https:\\\/\\\/shop.bantam.ch\\\/fr\\\/produit\\\/barre-de-son-i\\\/#primaryimage\"},\"thumbnailUrl\":\"https:\\\/\\\/shop.bantam.ch\\\/wp-content\\\/uploads\\\/2023\\\/02\\\/995570111.jpg\",\"datePublished\":\"2023-02-28T03:32:46+00:00\",\"dateModified\":\"2026-04-20T19:27:58+00:00\",\"breadcrumb\":{\"@id\":\"https:\\\/\\\/shop.bantam.ch\\\/fr\\\/produit\\\/barre-de-son-i\\\/#breadcrumb\"},\"inLanguage\":\"fr-FR\",\"potentialAction\":[{\"@type\":\"ReadAction\",\"target\":[\"https:\\\/\\\/shop.bantam.ch\\\/fr\\\/produit\\\/barre-de-son-i\\\/\"]}]},{\"@type\":\"ImageObject\",\"inLanguage\":\"fr-FR\",\"@id\":\"https:\\\/\\\/shop.bantam.ch\\\/fr\\\/produit\\\/barre-de-son-i\\\/#primaryimage\",\"url\":\"https:\\\/\\\/shop.bantam.ch\\\/wp-content\\\/uploads\\\/2023\\\/02\\\/995570111.jpg\",\"contentUrl\":\"https:\\\/\\\/shop.bantam.ch\\\/wp-content\\\/uploads\\\/2023\\\/02\\\/995570111.jpg\",\"width\":1000,\"height\":320},{\"@type\":\"BreadcrumbList\",\"@id\":\"https:\\\/\\\/shop.bantam.ch\\\/fr\\\/produit\\\/barre-de-son-i\\\/#breadcrumb\",\"itemListElement\":[{\"@type\":\"ListItem\",\"position\":1,\"name\":\"Accueil\",\"item\":\"https:\\\/\\\/shop.bantam.ch\\\/fr\\\/\"},{\"@type\":\"ListItem\",\"position\":2,\"name\":\"Boutique\",\"item\":\"https:\\\/\\\/shop.bantam.ch\\\/fr\\\/boutique\\\/\"},{\"@type\":\"ListItem\",\"position\":3,\"name\":\"Barre de son MEGASAT I\"}]},{\"@type\":\"WebSite\",\"@id\":\"https:\\\/\\\/shop.bantam.ch\\\/fr\\\/#website\",\"url\":\"https:\\\/\\\/shop.bantam.ch\\\/fr\\\/\",\"name\":\"Bantam Wankm\u00fcller SA\",\"description\":\"\",\"publisher\":{\"@id\":\"https:\\\/\\\/shop.bantam.ch\\\/fr\\\/#organization\"},\"inLanguage\":\"fr-FR\"},{\"@type\":\"Organization\",\"@id\":\"https:\\\/\\\/shop.bantam.ch\\\/fr\\\/#organization\",\"name\":\"Bantam Wankm\u00fcller SA\",\"url\":\"https:\\\/\\\/shop.bantam.ch\\\/fr\\\/\",\"logo\":{\"@type\":\"ImageObject\",\"inLanguage\":\"fr-FR\",\"@id\":\"https:\\\/\\\/shop.bantam.ch\\\/fr\\\/#\\\/schema\\\/logo\\\/image\\\/\",\"url\":\"https:\\\/\\\/shop.bantam.ch\\\/wp-content\\\/uploads\\\/2022\\\/12\\\/bantam-logo.png\",\"contentUrl\":\"https:\\\/\\\/shop.bantam.ch\\\/wp-content\\\/uploads\\\/2022\\\/12\\\/bantam-logo.png\",\"width\":320,\"height\":71,\"caption\":\"Bantam Wankm\u00fcller SA\"},\"image\":{\"@id\":\"https:\\\/\\\/shop.bantam.ch\\\/fr\\\/#\\\/schema\\\/logo\\\/image\\\/\"}}]}<\/script>\n<!-- \/ Yoast SEO plugin. -->","yoast_head_json":{"title":"Barre de son MEGASAT I - Bantam Wankm\u00fcller SA","robots":{"index":"index","follow":"follow","max-snippet":"max-snippet:-1","max-image-preview":"max-image-preview:large","max-video-preview":"max-video-preview:-1"},"canonical":"https:\/\/shop.bantam.ch\/fr\/produit\/barre-de-son-i\/","og_locale":"fr_FR","og_type":"article","og_title":"Barre de son MEGASAT I - Bantam Wankm\u00fcller SA","og_description":"La barre de son est aliment\u00e9e par le port USB du t\u00e9l\u00e9viseur et les signaux audio sont ensuite transmis sur la prise casque. Le t\u00e9l\u00e9viseur est fix\u00e9 sur sa face inf\u00e9rieure \u00e0 l&rsquo;aide du support de montage fourni. Les haut-parleurs st\u00e9r\u00e9o \u00e0 large bande d\u2019une puissance maximale de 12 watts (RMS) offrent un son agr\u00e9able [&hellip;]","og_url":"https:\/\/shop.bantam.ch\/fr\/produit\/barre-de-son-i\/","og_site_name":"Bantam Wankm\u00fcller SA","article_modified_time":"2026-04-20T19:27:58+00:00","og_image":[{"width":1000,"height":320,"url":"https:\/\/shop.bantam.ch\/wp-content\/uploads\/2023\/02\/995570111.jpg","type":"image\/jpeg"}],"twitter_card":"summary_large_image","twitter_misc":{"Dur\u00e9e de lecture estim\u00e9e":"1 minute"},"schema":{"@context":"https:\/\/schema.org","@graph":[{"@type":"WebPage","@id":"https:\/\/shop.bantam.ch\/fr\/produit\/barre-de-son-i\/","url":"https:\/\/shop.bantam.ch\/fr\/produit\/barre-de-son-i\/","name":"Barre de son MEGASAT I - Bantam Wankm\u00fcller SA","isPartOf":{"@id":"https:\/\/shop.bantam.ch\/fr\/#website"},"primaryImageOfPage":{"@id":"https:\/\/shop.bantam.ch\/fr\/produit\/barre-de-son-i\/#primaryimage"},"image":{"@id":"https:\/\/shop.bantam.ch\/fr\/produit\/barre-de-son-i\/#primaryimage"},"thumbnailUrl":"https:\/\/shop.bantam.ch\/wp-content\/uploads\/2023\/02\/995570111.jpg","datePublished":"2023-02-28T03:32:46+00:00","dateModified":"2026-04-20T19:27:58+00:00","breadcrumb":{"@id":"https:\/\/shop.bantam.ch\/fr\/produit\/barre-de-son-i\/#breadcrumb"},"inLanguage":"fr-FR","potentialAction":[{"@type":"ReadAction","target":["https:\/\/shop.bantam.ch\/fr\/produit\/barre-de-son-i\/"]}]},{"@type":"ImageObject","inLanguage":"fr-FR","@id":"https:\/\/shop.bantam.ch\/fr\/produit\/barre-de-son-i\/#primaryimage","url":"https:\/\/shop.bantam.ch\/wp-content\/uploads\/2023\/02\/995570111.jpg","contentUrl":"https:\/\/shop.bantam.ch\/wp-content\/uploads\/2023\/02\/995570111.jpg","width":1000,"height":320},{"@type":"BreadcrumbList","@id":"https:\/\/shop.bantam.ch\/fr\/produit\/barre-de-son-i\/#breadcrumb","itemListElement":[{"@type":"ListItem","position":1,"name":"Accueil","item":"https:\/\/shop.bantam.ch\/fr\/"},{"@type":"ListItem","position":2,"name":"Boutique","item":"https:\/\/shop.bantam.ch\/fr\/boutique\/"},{"@type":"ListItem","position":3,"name":"Barre de son MEGASAT I"}]},{"@type":"WebSite","@id":"https:\/\/shop.bantam.ch\/fr\/#website","url":"https:\/\/shop.bantam.ch\/fr\/","name":"Bantam Wankm\u00fcller SA","description":"","publisher":{"@id":"https:\/\/shop.bantam.ch\/fr\/#organization"},"inLanguage":"fr-FR"},{"@type":"Organization","@id":"https:\/\/shop.bantam.ch\/fr\/#organization","name":"Bantam Wankm\u00fcller SA","url":"https:\/\/shop.bantam.ch\/fr\/","logo":{"@type":"ImageObject","inLanguage":"fr-FR","@id":"https:\/\/shop.bantam.ch\/fr\/#\/schema\/logo\/image\/","url":"https:\/\/shop.bantam.ch\/wp-content\/uploads\/2022\/12\/bantam-logo.png","contentUrl":"https:\/\/shop.bantam.ch\/wp-content\/uploads\/2022\/12\/bantam-logo.png","width":320,"height":71,"caption":"Bantam Wankm\u00fcller SA"},"image":{"@id":"https:\/\/shop.bantam.ch\/fr\/#\/schema\/logo\/image\/"}}]}},"_links":{"self":[{"href":"https:\/\/shop.bantam.ch\/fr\/wp-json\/wp\/v2\/product\/93799","targetHints":{"allow":["GET"]}}],"collection":[{"href":"https:\/\/shop.bantam.ch\/fr\/wp-json\/wp\/v2\/product"}],"about":[{"href":"https:\/\/shop.bantam.ch\/fr\/wp-json\/wp\/v2\/types\/product"}],"wp:featuredmedia":[{"embeddable":true,"href":"https:\/\/shop.bantam.ch\/fr\/wp-json\/wp\/v2\/media\/93795"}],"wp:attachment":[{"href":"https:\/\/shop.bantam.ch\/fr\/wp-json\/wp\/v2\/media?parent=93799"}],"wp:term":[{"taxonomy":"product_featured_cat","embeddable":true,"href":"https:\/\/shop.bantam.ch\/fr\/wp-json\/wp\/v2\/product_featured_cat?post=93799"},{"taxonomy":"product_brand","embeddable":true,"href":"https:\/\/shop.bantam.ch\/fr\/wp-json\/wp\/v2\/product_brand?post=93799"},{"taxonomy":"product_cat","embeddable":true,"href":"https:\/\/shop.bantam.ch\/fr\/wp-json\/wp\/v2\/product_cat?post=93799"},{"taxonomy":"product_tag","embeddable":true,"href":"https:\/\/shop.bantam.ch\/fr\/wp-json\/wp\/v2\/product_tag?post=93799"}],"curies":[{"name":"wp","href":"https:\/\/api.w.org\/{rel}","templated":true}]}}