{"id":93793,"date":"2023-02-28T04:32:40","date_gmt":"2023-02-28T03:32:40","guid":{"rendered":"http:\/\/shop.bantam.ch\/produit\/dvb-t-antenne-t4\/"},"modified":"2026-05-09T21:27:13","modified_gmt":"2026-05-09T19:27:13","slug":"dvb-t-antenne-t4","status":"publish","type":"product","link":"https:\/\/shop.bantam.ch\/fr\/produit\/dvb-t-antenne-t4\/","title":{"rendered":"DVB-T Antenne T4 MEGASAT"},"content":{"rendered":"<p>L&rsquo;antenne omnidirectionnelle T4 de Megasat est adapt\u00e9e \u00e0 la r\u00e9ception des signaux VHF, UHF et FM &#8211; quelle que soit la direction dans laquelle vous vous d\u00e9placez. L&rsquo;amplificateur \u00e0 faible bruit int\u00e9gr\u00e9 assure la meilleure r\u00e9ception possible. Le fonctionnement est possible avec tous les r\u00e9cepteurs DVB-T conventionnels SD ou HD. Le bo\u00eetier \u00e9tanche et r\u00e9sistant aux UV, combin\u00e9 au rev\u00eatement de surface sp\u00e9cial, supporte m\u00eame les conditions climatiques les plus difficiles. La meilleure r\u00e9ception terrestre pour tous les bateaux, caravanes et camping-cars.<\/p>\n<p>Caract\u00e9ristiques :<\/p>\n<ul>\n<li>Plage de fr\u00e9quence\u00a0: UHF 174 &#8211; 230 Mhz \/ VHF 470 &#8211; 790 Mhz<\/li>\n<li>Plage de r\u00e9ception : FM \/ VHF \/ UHF \/ DAB \/ DAB+<\/li>\n<li>Amplification passive : 20 &#8211; 33 dB (max. 44 dB)<\/li>\n<li>C\u00e2ble d\u2019antenne : 6 m (75 \u00ce\u00a9)<\/li>\n<li>Alimentation \u00e9lectrique de 5 volts via un adaptateur pour voiture \/ adaptateur USB \/ r\u00e9cepteur<\/li>\n<\/ul>\n<p>Contenu de la livraison :<br \/>Megasat T4<br \/>Pied support<br \/>Support de m\u00e2t avec collier de m\u00e2t<br \/>C\u00e2ble coaxial avec fiche coaxiale (1,5 m)<br \/>C\u00e2ble coaxial avec fiche F (6 m)<br \/>12 Volt voiture vers adaptateur coaxial<br \/>5 Volt USB vers adaptateur coaxial<br \/>Notice d\u2019utilisation<\/p>\n","protected":false},"excerpt":{"rendered":"<p>L&rsquo;antenne omnidirectionnelle T4 de Megasat est adapt\u00e9e \u00e0 la r\u00e9ception des signaux VHF, UHF et FM &#8211; quelle que soit la direction dans laquelle vous vous d\u00e9placez. L&rsquo;amplificateur \u00e0 faible bruit int\u00e9gr\u00e9 assure la meilleure r\u00e9ception possible. Le fonctionnement est possible avec tous les r\u00e9cepteurs DVB-T conventionnels SD ou HD. Le bo\u00eetier \u00e9tanche et r\u00e9sistant [&hellip;]<\/p>\n","protected":false},"featured_media":93789,"template":"","meta":{"_acf_changed":false},"product_featured_cat":[],"product_brand":[3200],"product_cat":[4989],"product_tag":[],"class_list":{"0":"post-93793","1":"product","2":"type-product","3":"status-publish","4":"has-post-thumbnail","6":"product_brand-megasat","7":"product_cat-antennes","9":"first","10":"instock","11":"taxable","12":"shipping-taxable","13":"purchasable","14":"product-type-simple"},"acf":[],"yoast_head":"<!-- This site is optimized with the Yoast SEO plugin v27.5 - https:\/\/yoast.com\/product\/yoast-seo-wordpress\/ -->\n<title>DVB-T Antenne T4 MEGASAT - Bantam<\/title>\n<meta name=\"robots\" content=\"index, follow, max-snippet:-1, max-image-preview:large, max-video-preview:-1\" \/>\n<link rel=\"canonical\" href=\"https:\/\/shop.bantam.ch\/fr\/produit\/dvb-t-antenne-t4\/\" \/>\n<meta property=\"og:locale\" content=\"fr_FR\" \/>\n<meta property=\"og:type\" content=\"article\" \/>\n<meta property=\"og:title\" content=\"DVB-T Antenne T4 MEGASAT - Bantam\" \/>\n<meta property=\"og:description\" content=\"L&rsquo;antenne omnidirectionnelle T4 de Megasat est adapt\u00e9e \u00e0 la r\u00e9ception des signaux VHF, UHF et FM &#8211; quelle que soit la direction dans laquelle vous vous d\u00e9placez. L&rsquo;amplificateur \u00e0 faible bruit int\u00e9gr\u00e9 assure la meilleure r\u00e9ception possible. Le fonctionnement est possible avec tous les r\u00e9cepteurs DVB-T conventionnels SD ou HD. Le bo\u00eetier \u00e9tanche et r\u00e9sistant [&hellip;]\" \/>\n<meta property=\"og:url\" content=\"https:\/\/shop.bantam.ch\/fr\/produit\/dvb-t-antenne-t4\/\" \/>\n<meta property=\"og:site_name\" content=\"Bantam\" \/>\n<meta property=\"article:modified_time\" content=\"2026-05-09T19:27:13+00:00\" \/>\n<meta property=\"og:image\" content=\"https:\/\/shop.bantam.ch\/wp-content\/uploads\/2023\/02\/995570011.jpg\" \/>\n\t<meta property=\"og:image:width\" content=\"1000\" \/>\n\t<meta property=\"og:image:height\" content=\"525\" \/>\n\t<meta property=\"og:image:type\" content=\"image\/jpeg\" \/>\n<meta name=\"twitter:card\" content=\"summary_large_image\" \/>\n<meta name=\"twitter:label1\" content=\"Dur\u00e9e de lecture estim\u00e9e\" \/>\n\t<meta name=\"twitter:data1\" content=\"1 minute\" \/>\n<script type=\"application\/ld+json\" class=\"yoast-schema-graph\">{\"@context\":\"https:\\\/\\\/schema.org\",\"@graph\":[{\"@type\":\"WebPage\",\"@id\":\"https:\\\/\\\/shop.bantam.ch\\\/fr\\\/produit\\\/dvb-t-antenne-t4\\\/\",\"url\":\"https:\\\/\\\/shop.bantam.ch\\\/fr\\\/produit\\\/dvb-t-antenne-t4\\\/\",\"name\":\"DVB-T Antenne T4 MEGASAT - Bantam\",\"isPartOf\":{\"@id\":\"https:\\\/\\\/shop.bantam.ch\\\/fr\\\/#website\"},\"primaryImageOfPage\":{\"@id\":\"https:\\\/\\\/shop.bantam.ch\\\/fr\\\/produit\\\/dvb-t-antenne-t4\\\/#primaryimage\"},\"image\":{\"@id\":\"https:\\\/\\\/shop.bantam.ch\\\/fr\\\/produit\\\/dvb-t-antenne-t4\\\/#primaryimage\"},\"thumbnailUrl\":\"https:\\\/\\\/shop.bantam.ch\\\/wp-content\\\/uploads\\\/2023\\\/02\\\/995570011.jpg\",\"datePublished\":\"2023-02-28T03:32:40+00:00\",\"dateModified\":\"2026-05-09T19:27:13+00:00\",\"breadcrumb\":{\"@id\":\"https:\\\/\\\/shop.bantam.ch\\\/fr\\\/produit\\\/dvb-t-antenne-t4\\\/#breadcrumb\"},\"inLanguage\":\"fr-FR\",\"potentialAction\":[{\"@type\":\"ReadAction\",\"target\":[\"https:\\\/\\\/shop.bantam.ch\\\/fr\\\/produit\\\/dvb-t-antenne-t4\\\/\"]}]},{\"@type\":\"ImageObject\",\"inLanguage\":\"fr-FR\",\"@id\":\"https:\\\/\\\/shop.bantam.ch\\\/fr\\\/produit\\\/dvb-t-antenne-t4\\\/#primaryimage\",\"url\":\"https:\\\/\\\/shop.bantam.ch\\\/wp-content\\\/uploads\\\/2023\\\/02\\\/995570011.jpg\",\"contentUrl\":\"https:\\\/\\\/shop.bantam.ch\\\/wp-content\\\/uploads\\\/2023\\\/02\\\/995570011.jpg\",\"width\":1000,\"height\":525},{\"@type\":\"BreadcrumbList\",\"@id\":\"https:\\\/\\\/shop.bantam.ch\\\/fr\\\/produit\\\/dvb-t-antenne-t4\\\/#breadcrumb\",\"itemListElement\":[{\"@type\":\"ListItem\",\"position\":1,\"name\":\"Accueil\",\"item\":\"https:\\\/\\\/shop.bantam.ch\\\/fr\\\/\"},{\"@type\":\"ListItem\",\"position\":2,\"name\":\"Boutique\",\"item\":\"https:\\\/\\\/shop.bantam.ch\\\/fr\\\/boutique\\\/\"},{\"@type\":\"ListItem\",\"position\":3,\"name\":\"DVB-T Antenne T4 MEGASAT\"}]},{\"@type\":\"WebSite\",\"@id\":\"https:\\\/\\\/shop.bantam.ch\\\/fr\\\/#website\",\"url\":\"https:\\\/\\\/shop.bantam.ch\\\/fr\\\/\",\"name\":\"Bantam\",\"description\":\"\",\"publisher\":{\"@id\":\"https:\\\/\\\/shop.bantam.ch\\\/fr\\\/#organization\"},\"inLanguage\":\"fr-FR\"},{\"@type\":\"Organization\",\"@id\":\"https:\\\/\\\/shop.bantam.ch\\\/fr\\\/#organization\",\"name\":\"Bantam\",\"url\":\"https:\\\/\\\/shop.bantam.ch\\\/fr\\\/\",\"logo\":{\"@type\":\"ImageObject\",\"inLanguage\":\"fr-FR\",\"@id\":\"https:\\\/\\\/shop.bantam.ch\\\/fr\\\/#\\\/schema\\\/logo\\\/image\\\/\",\"url\":\"https:\\\/\\\/shop.bantam.ch\\\/wp-content\\\/uploads\\\/2022\\\/12\\\/bantam-logo.png\",\"contentUrl\":\"https:\\\/\\\/shop.bantam.ch\\\/wp-content\\\/uploads\\\/2022\\\/12\\\/bantam-logo.png\",\"width\":320,\"height\":71,\"caption\":\"Bantam\"},\"image\":{\"@id\":\"https:\\\/\\\/shop.bantam.ch\\\/fr\\\/#\\\/schema\\\/logo\\\/image\\\/\"}}]}<\/script>\n<!-- \/ Yoast SEO plugin. -->","yoast_head_json":{"title":"DVB-T Antenne T4 MEGASAT - Bantam","robots":{"index":"index","follow":"follow","max-snippet":"max-snippet:-1","max-image-preview":"max-image-preview:large","max-video-preview":"max-video-preview:-1"},"canonical":"https:\/\/shop.bantam.ch\/fr\/produit\/dvb-t-antenne-t4\/","og_locale":"fr_FR","og_type":"article","og_title":"DVB-T Antenne T4 MEGASAT - Bantam","og_description":"L&rsquo;antenne omnidirectionnelle T4 de Megasat est adapt\u00e9e \u00e0 la r\u00e9ception des signaux VHF, UHF et FM &#8211; quelle que soit la direction dans laquelle vous vous d\u00e9placez. L&rsquo;amplificateur \u00e0 faible bruit int\u00e9gr\u00e9 assure la meilleure r\u00e9ception possible. Le fonctionnement est possible avec tous les r\u00e9cepteurs DVB-T conventionnels SD ou HD. Le bo\u00eetier \u00e9tanche et r\u00e9sistant [&hellip;]","og_url":"https:\/\/shop.bantam.ch\/fr\/produit\/dvb-t-antenne-t4\/","og_site_name":"Bantam","article_modified_time":"2026-05-09T19:27:13+00:00","og_image":[{"width":1000,"height":525,"url":"https:\/\/shop.bantam.ch\/wp-content\/uploads\/2023\/02\/995570011.jpg","type":"image\/jpeg"}],"twitter_card":"summary_large_image","twitter_misc":{"Dur\u00e9e de lecture estim\u00e9e":"1 minute"},"schema":{"@context":"https:\/\/schema.org","@graph":[{"@type":"WebPage","@id":"https:\/\/shop.bantam.ch\/fr\/produit\/dvb-t-antenne-t4\/","url":"https:\/\/shop.bantam.ch\/fr\/produit\/dvb-t-antenne-t4\/","name":"DVB-T Antenne T4 MEGASAT - Bantam","isPartOf":{"@id":"https:\/\/shop.bantam.ch\/fr\/#website"},"primaryImageOfPage":{"@id":"https:\/\/shop.bantam.ch\/fr\/produit\/dvb-t-antenne-t4\/#primaryimage"},"image":{"@id":"https:\/\/shop.bantam.ch\/fr\/produit\/dvb-t-antenne-t4\/#primaryimage"},"thumbnailUrl":"https:\/\/shop.bantam.ch\/wp-content\/uploads\/2023\/02\/995570011.jpg","datePublished":"2023-02-28T03:32:40+00:00","dateModified":"2026-05-09T19:27:13+00:00","breadcrumb":{"@id":"https:\/\/shop.bantam.ch\/fr\/produit\/dvb-t-antenne-t4\/#breadcrumb"},"inLanguage":"fr-FR","potentialAction":[{"@type":"ReadAction","target":["https:\/\/shop.bantam.ch\/fr\/produit\/dvb-t-antenne-t4\/"]}]},{"@type":"ImageObject","inLanguage":"fr-FR","@id":"https:\/\/shop.bantam.ch\/fr\/produit\/dvb-t-antenne-t4\/#primaryimage","url":"https:\/\/shop.bantam.ch\/wp-content\/uploads\/2023\/02\/995570011.jpg","contentUrl":"https:\/\/shop.bantam.ch\/wp-content\/uploads\/2023\/02\/995570011.jpg","width":1000,"height":525},{"@type":"BreadcrumbList","@id":"https:\/\/shop.bantam.ch\/fr\/produit\/dvb-t-antenne-t4\/#breadcrumb","itemListElement":[{"@type":"ListItem","position":1,"name":"Accueil","item":"https:\/\/shop.bantam.ch\/fr\/"},{"@type":"ListItem","position":2,"name":"Boutique","item":"https:\/\/shop.bantam.ch\/fr\/boutique\/"},{"@type":"ListItem","position":3,"name":"DVB-T Antenne T4 MEGASAT"}]},{"@type":"WebSite","@id":"https:\/\/shop.bantam.ch\/fr\/#website","url":"https:\/\/shop.bantam.ch\/fr\/","name":"Bantam","description":"","publisher":{"@id":"https:\/\/shop.bantam.ch\/fr\/#organization"},"inLanguage":"fr-FR"},{"@type":"Organization","@id":"https:\/\/shop.bantam.ch\/fr\/#organization","name":"Bantam","url":"https:\/\/shop.bantam.ch\/fr\/","logo":{"@type":"ImageObject","inLanguage":"fr-FR","@id":"https:\/\/shop.bantam.ch\/fr\/#\/schema\/logo\/image\/","url":"https:\/\/shop.bantam.ch\/wp-content\/uploads\/2022\/12\/bantam-logo.png","contentUrl":"https:\/\/shop.bantam.ch\/wp-content\/uploads\/2022\/12\/bantam-logo.png","width":320,"height":71,"caption":"Bantam"},"image":{"@id":"https:\/\/shop.bantam.ch\/fr\/#\/schema\/logo\/image\/"}}]}},"_links":{"self":[{"href":"https:\/\/shop.bantam.ch\/fr\/wp-json\/wp\/v2\/product\/93793","targetHints":{"allow":["GET"]}}],"collection":[{"href":"https:\/\/shop.bantam.ch\/fr\/wp-json\/wp\/v2\/product"}],"about":[{"href":"https:\/\/shop.bantam.ch\/fr\/wp-json\/wp\/v2\/types\/product"}],"wp:featuredmedia":[{"embeddable":true,"href":"https:\/\/shop.bantam.ch\/fr\/wp-json\/wp\/v2\/media\/93789"}],"wp:attachment":[{"href":"https:\/\/shop.bantam.ch\/fr\/wp-json\/wp\/v2\/media?parent=93793"}],"wp:term":[{"taxonomy":"product_featured_cat","embeddable":true,"href":"https:\/\/shop.bantam.ch\/fr\/wp-json\/wp\/v2\/product_featured_cat?post=93793"},{"taxonomy":"product_brand","embeddable":true,"href":"https:\/\/shop.bantam.ch\/fr\/wp-json\/wp\/v2\/product_brand?post=93793"},{"taxonomy":"product_cat","embeddable":true,"href":"https:\/\/shop.bantam.ch\/fr\/wp-json\/wp\/v2\/product_cat?post=93793"},{"taxonomy":"product_tag","embeddable":true,"href":"https:\/\/shop.bantam.ch\/fr\/wp-json\/wp\/v2\/product_tag?post=93793"}],"curies":[{"name":"wp","href":"https:\/\/api.w.org\/{rel}","templated":true}]}}