{"id":93529,"date":"2023-02-28T04:28:28","date_gmt":"2023-02-28T03:28:28","guid":{"rendered":"http:\/\/shop.bantam.ch\/produit\/meuble-de-cuisine-azabache-ctw-square-htw\/"},"modified":"2026-05-10T21:27:55","modified_gmt":"2026-05-10T19:27:55","slug":"meuble-de-cuisine-azabache-ctw-square-htw","status":"publish","type":"product","link":"https:\/\/shop.bantam.ch\/fr\/produit\/meuble-de-cuisine-azabache-ctw-square-htw\/","title":{"rendered":"Armoire de cuisine Brunner Azabache CTW Square HWT noir"},"content":{"rendered":"<p>Meuble de cuisine pratique avec \u00e9vier pliant int\u00e9gr\u00e9 et escamotable et 2 grands compartiments de rangement avec beaucoup d&rsquo;espace pour la nourriture et les ustensiles de cuisine. <br \/>Avec grand plateau roulant en aluminium et pieds r\u00e9glables en hauteur. Mod\u00e8le extr\u00eamement stable gr\u00e2ce \u00e0 l\u2019utilisation de profil\u00e9s rectangulaires r\u00e9sistants \u00e0 la torsion.<br \/>Montage facile et rapide. Hauteur de travail : 90 cm.<\/p>\n<p>Mat\u00e9riau :<br \/>Rev\u00eatement : 100 % polyester (avec rev\u00eatement 1 face)<br \/>Cadre\u00a0: aluminium<\/p>\n<p>Contenu de la livraison :<\/p>\n<ul>\n<li>un pare-vent et une protection anti-\u00e9claboussures<\/li>\n<li>un sac de rangement pratique<\/li>\n<li>2 compartiments de rangement s\u00e9par\u00e9s avec fermeture \u00e9clair (5 \u00e9tag\u00e8res en tout)<\/li>\n<\/ul>\n<p>\u00a0<\/p>\n","protected":false},"excerpt":{"rendered":"<p>Meuble de cuisine pratique avec \u00e9vier pliant int\u00e9gr\u00e9 et escamotable et 2 grands compartiments de rangement avec beaucoup d&rsquo;espace pour la nourriture et les ustensiles de cuisine. Avec grand plateau roulant en aluminium et pieds r\u00e9glables en hauteur. Mod\u00e8le extr\u00eamement stable gr\u00e2ce \u00e0 l\u2019utilisation de profil\u00e9s rectangulaires r\u00e9sistants \u00e0 la torsion.Montage facile et rapide. Hauteur [&hellip;]<\/p>\n","protected":false},"featured_media":93527,"template":"","meta":{"_acf_changed":false},"product_featured_cat":[],"product_brand":[3080],"product_cat":[4055],"product_tag":[],"class_list":{"0":"post-93529","1":"product","2":"type-product","3":"status-publish","4":"has-post-thumbnail","6":"product_brand-brunner","7":"product_cat-cuisines-de-camping","9":"first","10":"instock","11":"taxable","12":"shipping-taxable","13":"purchasable","14":"product-type-simple"},"acf":[],"yoast_head":"<!-- This site is optimized with the Yoast SEO plugin v27.5 - https:\/\/yoast.com\/product\/yoast-seo-wordpress\/ -->\n<title>Armoire de cuisine Brunner Azabache CTW Square HWT noir - Bantam<\/title>\n<meta name=\"robots\" content=\"index, follow, max-snippet:-1, max-image-preview:large, max-video-preview:-1\" \/>\n<link rel=\"canonical\" href=\"https:\/\/shop.bantam.ch\/fr\/produit\/meuble-de-cuisine-azabache-ctw-square-htw\/\" \/>\n<meta property=\"og:locale\" content=\"fr_FR\" \/>\n<meta property=\"og:type\" content=\"article\" \/>\n<meta property=\"og:title\" content=\"Armoire de cuisine Brunner Azabache CTW Square HWT noir - Bantam\" \/>\n<meta property=\"og:description\" content=\"Meuble de cuisine pratique avec \u00e9vier pliant int\u00e9gr\u00e9 et escamotable et 2 grands compartiments de rangement avec beaucoup d&rsquo;espace pour la nourriture et les ustensiles de cuisine. Avec grand plateau roulant en aluminium et pieds r\u00e9glables en hauteur. Mod\u00e8le extr\u00eamement stable gr\u00e2ce \u00e0 l\u2019utilisation de profil\u00e9s rectangulaires r\u00e9sistants \u00e0 la torsion.Montage facile et rapide. Hauteur [&hellip;]\" \/>\n<meta property=\"og:url\" content=\"https:\/\/shop.bantam.ch\/fr\/produit\/meuble-de-cuisine-azabache-ctw-square-htw\/\" \/>\n<meta property=\"og:site_name\" content=\"Bantam\" \/>\n<meta property=\"article:modified_time\" content=\"2026-05-10T19:27:55+00:00\" \/>\n<meta property=\"og:image\" content=\"https:\/\/shop.bantam.ch\/wp-content\/uploads\/2023\/02\/9955661-1.jpg\" \/>\n\t<meta property=\"og:image:width\" content=\"1000\" \/>\n\t<meta property=\"og:image:height\" content=\"931\" \/>\n\t<meta property=\"og:image:type\" content=\"image\/jpeg\" \/>\n<meta name=\"twitter:card\" content=\"summary_large_image\" \/>\n<meta name=\"twitter:label1\" content=\"Dur\u00e9e de lecture estim\u00e9e\" \/>\n\t<meta name=\"twitter:data1\" content=\"1 minute\" \/>\n<script type=\"application\/ld+json\" class=\"yoast-schema-graph\">{\"@context\":\"https:\\\/\\\/schema.org\",\"@graph\":[{\"@type\":\"WebPage\",\"@id\":\"https:\\\/\\\/shop.bantam.ch\\\/fr\\\/produit\\\/meuble-de-cuisine-azabache-ctw-square-htw\\\/\",\"url\":\"https:\\\/\\\/shop.bantam.ch\\\/fr\\\/produit\\\/meuble-de-cuisine-azabache-ctw-square-htw\\\/\",\"name\":\"Armoire de cuisine Brunner Azabache CTW Square HWT noir - Bantam\",\"isPartOf\":{\"@id\":\"https:\\\/\\\/shop.bantam.ch\\\/fr\\\/#website\"},\"primaryImageOfPage\":{\"@id\":\"https:\\\/\\\/shop.bantam.ch\\\/fr\\\/produit\\\/meuble-de-cuisine-azabache-ctw-square-htw\\\/#primaryimage\"},\"image\":{\"@id\":\"https:\\\/\\\/shop.bantam.ch\\\/fr\\\/produit\\\/meuble-de-cuisine-azabache-ctw-square-htw\\\/#primaryimage\"},\"thumbnailUrl\":\"https:\\\/\\\/shop.bantam.ch\\\/wp-content\\\/uploads\\\/2023\\\/02\\\/9955661-1.jpg\",\"datePublished\":\"2023-02-28T03:28:28+00:00\",\"dateModified\":\"2026-05-10T19:27:55+00:00\",\"breadcrumb\":{\"@id\":\"https:\\\/\\\/shop.bantam.ch\\\/fr\\\/produit\\\/meuble-de-cuisine-azabache-ctw-square-htw\\\/#breadcrumb\"},\"inLanguage\":\"fr-FR\",\"potentialAction\":[{\"@type\":\"ReadAction\",\"target\":[\"https:\\\/\\\/shop.bantam.ch\\\/fr\\\/produit\\\/meuble-de-cuisine-azabache-ctw-square-htw\\\/\"]}]},{\"@type\":\"ImageObject\",\"inLanguage\":\"fr-FR\",\"@id\":\"https:\\\/\\\/shop.bantam.ch\\\/fr\\\/produit\\\/meuble-de-cuisine-azabache-ctw-square-htw\\\/#primaryimage\",\"url\":\"https:\\\/\\\/shop.bantam.ch\\\/wp-content\\\/uploads\\\/2023\\\/02\\\/9955661-1.jpg\",\"contentUrl\":\"https:\\\/\\\/shop.bantam.ch\\\/wp-content\\\/uploads\\\/2023\\\/02\\\/9955661-1.jpg\",\"width\":1000,\"height\":931},{\"@type\":\"BreadcrumbList\",\"@id\":\"https:\\\/\\\/shop.bantam.ch\\\/fr\\\/produit\\\/meuble-de-cuisine-azabache-ctw-square-htw\\\/#breadcrumb\",\"itemListElement\":[{\"@type\":\"ListItem\",\"position\":1,\"name\":\"Accueil\",\"item\":\"https:\\\/\\\/shop.bantam.ch\\\/fr\\\/\"},{\"@type\":\"ListItem\",\"position\":2,\"name\":\"Boutique\",\"item\":\"https:\\\/\\\/shop.bantam.ch\\\/fr\\\/boutique\\\/\"},{\"@type\":\"ListItem\",\"position\":3,\"name\":\"Armoire de cuisine Brunner Azabache CTW Square HWT noir\"}]},{\"@type\":\"WebSite\",\"@id\":\"https:\\\/\\\/shop.bantam.ch\\\/fr\\\/#website\",\"url\":\"https:\\\/\\\/shop.bantam.ch\\\/fr\\\/\",\"name\":\"Bantam\",\"description\":\"\",\"publisher\":{\"@id\":\"https:\\\/\\\/shop.bantam.ch\\\/fr\\\/#organization\"},\"inLanguage\":\"fr-FR\"},{\"@type\":\"Organization\",\"@id\":\"https:\\\/\\\/shop.bantam.ch\\\/fr\\\/#organization\",\"name\":\"Bantam\",\"url\":\"https:\\\/\\\/shop.bantam.ch\\\/fr\\\/\",\"logo\":{\"@type\":\"ImageObject\",\"inLanguage\":\"fr-FR\",\"@id\":\"https:\\\/\\\/shop.bantam.ch\\\/fr\\\/#\\\/schema\\\/logo\\\/image\\\/\",\"url\":\"https:\\\/\\\/shop.bantam.ch\\\/wp-content\\\/uploads\\\/2022\\\/12\\\/bantam-logo.png\",\"contentUrl\":\"https:\\\/\\\/shop.bantam.ch\\\/wp-content\\\/uploads\\\/2022\\\/12\\\/bantam-logo.png\",\"width\":320,\"height\":71,\"caption\":\"Bantam\"},\"image\":{\"@id\":\"https:\\\/\\\/shop.bantam.ch\\\/fr\\\/#\\\/schema\\\/logo\\\/image\\\/\"}}]}<\/script>\n<!-- \/ Yoast SEO plugin. -->","yoast_head_json":{"title":"Armoire de cuisine Brunner Azabache CTW Square HWT noir - Bantam","robots":{"index":"index","follow":"follow","max-snippet":"max-snippet:-1","max-image-preview":"max-image-preview:large","max-video-preview":"max-video-preview:-1"},"canonical":"https:\/\/shop.bantam.ch\/fr\/produit\/meuble-de-cuisine-azabache-ctw-square-htw\/","og_locale":"fr_FR","og_type":"article","og_title":"Armoire de cuisine Brunner Azabache CTW Square HWT noir - Bantam","og_description":"Meuble de cuisine pratique avec \u00e9vier pliant int\u00e9gr\u00e9 et escamotable et 2 grands compartiments de rangement avec beaucoup d&rsquo;espace pour la nourriture et les ustensiles de cuisine. Avec grand plateau roulant en aluminium et pieds r\u00e9glables en hauteur. Mod\u00e8le extr\u00eamement stable gr\u00e2ce \u00e0 l\u2019utilisation de profil\u00e9s rectangulaires r\u00e9sistants \u00e0 la torsion.Montage facile et rapide. Hauteur [&hellip;]","og_url":"https:\/\/shop.bantam.ch\/fr\/produit\/meuble-de-cuisine-azabache-ctw-square-htw\/","og_site_name":"Bantam","article_modified_time":"2026-05-10T19:27:55+00:00","og_image":[{"width":1000,"height":931,"url":"https:\/\/shop.bantam.ch\/wp-content\/uploads\/2023\/02\/9955661-1.jpg","type":"image\/jpeg"}],"twitter_card":"summary_large_image","twitter_misc":{"Dur\u00e9e de lecture estim\u00e9e":"1 minute"},"schema":{"@context":"https:\/\/schema.org","@graph":[{"@type":"WebPage","@id":"https:\/\/shop.bantam.ch\/fr\/produit\/meuble-de-cuisine-azabache-ctw-square-htw\/","url":"https:\/\/shop.bantam.ch\/fr\/produit\/meuble-de-cuisine-azabache-ctw-square-htw\/","name":"Armoire de cuisine Brunner Azabache CTW Square HWT noir - Bantam","isPartOf":{"@id":"https:\/\/shop.bantam.ch\/fr\/#website"},"primaryImageOfPage":{"@id":"https:\/\/shop.bantam.ch\/fr\/produit\/meuble-de-cuisine-azabache-ctw-square-htw\/#primaryimage"},"image":{"@id":"https:\/\/shop.bantam.ch\/fr\/produit\/meuble-de-cuisine-azabache-ctw-square-htw\/#primaryimage"},"thumbnailUrl":"https:\/\/shop.bantam.ch\/wp-content\/uploads\/2023\/02\/9955661-1.jpg","datePublished":"2023-02-28T03:28:28+00:00","dateModified":"2026-05-10T19:27:55+00:00","breadcrumb":{"@id":"https:\/\/shop.bantam.ch\/fr\/produit\/meuble-de-cuisine-azabache-ctw-square-htw\/#breadcrumb"},"inLanguage":"fr-FR","potentialAction":[{"@type":"ReadAction","target":["https:\/\/shop.bantam.ch\/fr\/produit\/meuble-de-cuisine-azabache-ctw-square-htw\/"]}]},{"@type":"ImageObject","inLanguage":"fr-FR","@id":"https:\/\/shop.bantam.ch\/fr\/produit\/meuble-de-cuisine-azabache-ctw-square-htw\/#primaryimage","url":"https:\/\/shop.bantam.ch\/wp-content\/uploads\/2023\/02\/9955661-1.jpg","contentUrl":"https:\/\/shop.bantam.ch\/wp-content\/uploads\/2023\/02\/9955661-1.jpg","width":1000,"height":931},{"@type":"BreadcrumbList","@id":"https:\/\/shop.bantam.ch\/fr\/produit\/meuble-de-cuisine-azabache-ctw-square-htw\/#breadcrumb","itemListElement":[{"@type":"ListItem","position":1,"name":"Accueil","item":"https:\/\/shop.bantam.ch\/fr\/"},{"@type":"ListItem","position":2,"name":"Boutique","item":"https:\/\/shop.bantam.ch\/fr\/boutique\/"},{"@type":"ListItem","position":3,"name":"Armoire de cuisine Brunner Azabache CTW Square HWT noir"}]},{"@type":"WebSite","@id":"https:\/\/shop.bantam.ch\/fr\/#website","url":"https:\/\/shop.bantam.ch\/fr\/","name":"Bantam","description":"","publisher":{"@id":"https:\/\/shop.bantam.ch\/fr\/#organization"},"inLanguage":"fr-FR"},{"@type":"Organization","@id":"https:\/\/shop.bantam.ch\/fr\/#organization","name":"Bantam","url":"https:\/\/shop.bantam.ch\/fr\/","logo":{"@type":"ImageObject","inLanguage":"fr-FR","@id":"https:\/\/shop.bantam.ch\/fr\/#\/schema\/logo\/image\/","url":"https:\/\/shop.bantam.ch\/wp-content\/uploads\/2022\/12\/bantam-logo.png","contentUrl":"https:\/\/shop.bantam.ch\/wp-content\/uploads\/2022\/12\/bantam-logo.png","width":320,"height":71,"caption":"Bantam"},"image":{"@id":"https:\/\/shop.bantam.ch\/fr\/#\/schema\/logo\/image\/"}}]}},"_links":{"self":[{"href":"https:\/\/shop.bantam.ch\/fr\/wp-json\/wp\/v2\/product\/93529","targetHints":{"allow":["GET"]}}],"collection":[{"href":"https:\/\/shop.bantam.ch\/fr\/wp-json\/wp\/v2\/product"}],"about":[{"href":"https:\/\/shop.bantam.ch\/fr\/wp-json\/wp\/v2\/types\/product"}],"wp:featuredmedia":[{"embeddable":true,"href":"https:\/\/shop.bantam.ch\/fr\/wp-json\/wp\/v2\/media\/93527"}],"wp:attachment":[{"href":"https:\/\/shop.bantam.ch\/fr\/wp-json\/wp\/v2\/media?parent=93529"}],"wp:term":[{"taxonomy":"product_featured_cat","embeddable":true,"href":"https:\/\/shop.bantam.ch\/fr\/wp-json\/wp\/v2\/product_featured_cat?post=93529"},{"taxonomy":"product_brand","embeddable":true,"href":"https:\/\/shop.bantam.ch\/fr\/wp-json\/wp\/v2\/product_brand?post=93529"},{"taxonomy":"product_cat","embeddable":true,"href":"https:\/\/shop.bantam.ch\/fr\/wp-json\/wp\/v2\/product_cat?post=93529"},{"taxonomy":"product_tag","embeddable":true,"href":"https:\/\/shop.bantam.ch\/fr\/wp-json\/wp\/v2\/product_tag?post=93529"}],"curies":[{"name":"wp","href":"https:\/\/api.w.org\/{rel}","templated":true}]}}