{"id":93375,"date":"2023-02-28T04:25:38","date_gmt":"2023-02-28T03:25:38","guid":{"rendered":"http:\/\/shop.bantam.ch\/produit\/vanne-de-derivation-courte-avec-bride\/"},"modified":"2026-04-17T21:26:48","modified_gmt":"2026-04-17T19:26:48","slug":"vanne-de-derivation-courte-avec-bride","status":"publish","type":"product","link":"https:\/\/shop.bantam.ch\/fr\/produit\/vanne-de-derivation-courte-avec-bride\/","title":{"rendered":"Vanne de d\u00e9rivation courte avec bride RVS8 x Raccord enfichable"},"content":{"rendered":"<p>Robinet \u00e0 boisseau sph\u00e9rique comme vanne d&rsquo;arr\u00eat avec raccord de s\u00e9curit\u00e9 pour l&rsquo;installation dans la tuyauterie comme possibilit\u00e9 de raccordement pour les appareils \u00e0 gaz transportables tels que r\u00e9chaud ou barbecue \u00e0 gaz.<br \/>Vanne d\u2019accouplement type SKU SSV-K avec console de fixation. Mod\u00e8le d\u00e9rivation avec \u00e9crou-raccord type M et bague coupante type DU RVS 8 x RVS 8 x SKU.<\/p>\n<p>Propri\u00e9t\u00e9s et fonctions :<\/p>\n<ul>\n<li>L&rsquo;ouverture ou la fermeture de la vanne d&rsquo;arr\u00eat n&rsquo;est possible que lorsque le tuyau est raccord\u00e9<\/li>\n<li>Uniquement en position compl\u00e8tement ouverte ou ferm\u00e9e<\/li>\n<li>Le coupleur enfichable SKU est bloqu\u00e9 gr\u00e2ce \u00e0 un dispositif sp\u00e9cial &#8211; le d\u00e9verrouillage n&rsquo;est possible qu&rsquo;avec le raccord enfichable STN<\/li>\n<li>Faible perte de pression gr\u00e2ce \u00e0 une fonction optimis\u00e9e<\/li>\n<li>Console de fixation pour un montage s\u00fbr<\/li>\n<\/ul>\n","protected":false},"excerpt":{"rendered":"<p>Robinet \u00e0 boisseau sph\u00e9rique comme vanne d&rsquo;arr\u00eat avec raccord de s\u00e9curit\u00e9 pour l&rsquo;installation dans la tuyauterie comme possibilit\u00e9 de raccordement pour les appareils \u00e0 gaz transportables tels que r\u00e9chaud ou barbecue \u00e0 gaz.Vanne d\u2019accouplement type SKU SSV-K avec console de fixation. Mod\u00e8le d\u00e9rivation avec \u00e9crou-raccord type M et bague coupante type DU RVS 8 x [&hellip;]<\/p>\n","protected":false},"featured_media":93373,"template":"","meta":{"_acf_changed":false},"product_featured_cat":[],"product_brand":[3254],"product_cat":[5157],"product_tag":[],"class_list":{"0":"post-93375","1":"product","2":"type-product","3":"status-publish","4":"has-post-thumbnail","6":"product_brand-gok","7":"product_cat-raccords-a-gaz","9":"first","10":"instock","11":"taxable","12":"shipping-taxable","13":"purchasable","14":"product-type-simple"},"acf":[],"yoast_head":"<!-- This site is optimized with the Yoast SEO plugin v27.4 - https:\/\/yoast.com\/product\/yoast-seo-wordpress\/ -->\n<title>Vanne de d\u00e9rivation courte avec bride RVS8 x Raccord enfichable - Bantam Wankm\u00fcller SA<\/title>\n<meta name=\"robots\" content=\"index, follow, max-snippet:-1, max-image-preview:large, max-video-preview:-1\" \/>\n<link rel=\"canonical\" href=\"https:\/\/shop.bantam.ch\/fr\/produit\/vanne-de-derivation-courte-avec-bride\/\" \/>\n<meta property=\"og:locale\" content=\"fr_FR\" \/>\n<meta property=\"og:type\" content=\"article\" \/>\n<meta property=\"og:title\" content=\"Vanne de d\u00e9rivation courte avec bride RVS8 x Raccord enfichable - Bantam Wankm\u00fcller SA\" \/>\n<meta property=\"og:description\" content=\"Robinet \u00e0 boisseau sph\u00e9rique comme vanne d&rsquo;arr\u00eat avec raccord de s\u00e9curit\u00e9 pour l&rsquo;installation dans la tuyauterie comme possibilit\u00e9 de raccordement pour les appareils \u00e0 gaz transportables tels que r\u00e9chaud ou barbecue \u00e0 gaz.Vanne d\u2019accouplement type SKU SSV-K avec console de fixation. Mod\u00e8le d\u00e9rivation avec \u00e9crou-raccord type M et bague coupante type DU RVS 8 x [&hellip;]\" \/>\n<meta property=\"og:url\" content=\"https:\/\/shop.bantam.ch\/fr\/produit\/vanne-de-derivation-courte-avec-bride\/\" \/>\n<meta property=\"og:site_name\" content=\"Bantam Wankm\u00fcller SA\" \/>\n<meta property=\"article:modified_time\" content=\"2026-04-17T19:26:48+00:00\" \/>\n<meta property=\"og:image\" content=\"https:\/\/shop.bantam.ch\/wp-content\/uploads\/2023\/02\/995560911.jpg\" \/>\n\t<meta property=\"og:image:width\" content=\"1000\" \/>\n\t<meta property=\"og:image:height\" content=\"570\" \/>\n\t<meta property=\"og:image:type\" content=\"image\/jpeg\" \/>\n<meta name=\"twitter:card\" content=\"summary_large_image\" \/>\n<meta name=\"twitter:label1\" content=\"Dur\u00e9e de lecture estim\u00e9e\" \/>\n\t<meta name=\"twitter:data1\" content=\"1 minute\" \/>\n<script type=\"application\/ld+json\" class=\"yoast-schema-graph\">{\"@context\":\"https:\\\/\\\/schema.org\",\"@graph\":[{\"@type\":\"WebPage\",\"@id\":\"https:\\\/\\\/shop.bantam.ch\\\/fr\\\/produit\\\/vanne-de-derivation-courte-avec-bride\\\/\",\"url\":\"https:\\\/\\\/shop.bantam.ch\\\/fr\\\/produit\\\/vanne-de-derivation-courte-avec-bride\\\/\",\"name\":\"Vanne de d\u00e9rivation courte avec bride RVS8 x Raccord enfichable - Bantam Wankm\u00fcller SA\",\"isPartOf\":{\"@id\":\"https:\\\/\\\/shop.bantam.ch\\\/fr\\\/#website\"},\"primaryImageOfPage\":{\"@id\":\"https:\\\/\\\/shop.bantam.ch\\\/fr\\\/produit\\\/vanne-de-derivation-courte-avec-bride\\\/#primaryimage\"},\"image\":{\"@id\":\"https:\\\/\\\/shop.bantam.ch\\\/fr\\\/produit\\\/vanne-de-derivation-courte-avec-bride\\\/#primaryimage\"},\"thumbnailUrl\":\"https:\\\/\\\/shop.bantam.ch\\\/wp-content\\\/uploads\\\/2023\\\/02\\\/995560911.jpg\",\"datePublished\":\"2023-02-28T03:25:38+00:00\",\"dateModified\":\"2026-04-17T19:26:48+00:00\",\"breadcrumb\":{\"@id\":\"https:\\\/\\\/shop.bantam.ch\\\/fr\\\/produit\\\/vanne-de-derivation-courte-avec-bride\\\/#breadcrumb\"},\"inLanguage\":\"fr-FR\",\"potentialAction\":[{\"@type\":\"ReadAction\",\"target\":[\"https:\\\/\\\/shop.bantam.ch\\\/fr\\\/produit\\\/vanne-de-derivation-courte-avec-bride\\\/\"]}]},{\"@type\":\"ImageObject\",\"inLanguage\":\"fr-FR\",\"@id\":\"https:\\\/\\\/shop.bantam.ch\\\/fr\\\/produit\\\/vanne-de-derivation-courte-avec-bride\\\/#primaryimage\",\"url\":\"https:\\\/\\\/shop.bantam.ch\\\/wp-content\\\/uploads\\\/2023\\\/02\\\/995560911.jpg\",\"contentUrl\":\"https:\\\/\\\/shop.bantam.ch\\\/wp-content\\\/uploads\\\/2023\\\/02\\\/995560911.jpg\",\"width\":1000,\"height\":570},{\"@type\":\"BreadcrumbList\",\"@id\":\"https:\\\/\\\/shop.bantam.ch\\\/fr\\\/produit\\\/vanne-de-derivation-courte-avec-bride\\\/#breadcrumb\",\"itemListElement\":[{\"@type\":\"ListItem\",\"position\":1,\"name\":\"Accueil\",\"item\":\"https:\\\/\\\/shop.bantam.ch\\\/fr\\\/\"},{\"@type\":\"ListItem\",\"position\":2,\"name\":\"Boutique\",\"item\":\"https:\\\/\\\/shop.bantam.ch\\\/fr\\\/boutique\\\/\"},{\"@type\":\"ListItem\",\"position\":3,\"name\":\"Vanne de d\u00e9rivation courte avec bride RVS8 x Raccord enfichable\"}]},{\"@type\":\"WebSite\",\"@id\":\"https:\\\/\\\/shop.bantam.ch\\\/fr\\\/#website\",\"url\":\"https:\\\/\\\/shop.bantam.ch\\\/fr\\\/\",\"name\":\"Bantam Wankm\u00fcller SA\",\"description\":\"\",\"publisher\":{\"@id\":\"https:\\\/\\\/shop.bantam.ch\\\/fr\\\/#organization\"},\"inLanguage\":\"fr-FR\"},{\"@type\":\"Organization\",\"@id\":\"https:\\\/\\\/shop.bantam.ch\\\/fr\\\/#organization\",\"name\":\"Bantam Wankm\u00fcller SA\",\"url\":\"https:\\\/\\\/shop.bantam.ch\\\/fr\\\/\",\"logo\":{\"@type\":\"ImageObject\",\"inLanguage\":\"fr-FR\",\"@id\":\"https:\\\/\\\/shop.bantam.ch\\\/fr\\\/#\\\/schema\\\/logo\\\/image\\\/\",\"url\":\"https:\\\/\\\/shop.bantam.ch\\\/wp-content\\\/uploads\\\/2022\\\/12\\\/bantam-logo.png\",\"contentUrl\":\"https:\\\/\\\/shop.bantam.ch\\\/wp-content\\\/uploads\\\/2022\\\/12\\\/bantam-logo.png\",\"width\":320,\"height\":71,\"caption\":\"Bantam Wankm\u00fcller SA\"},\"image\":{\"@id\":\"https:\\\/\\\/shop.bantam.ch\\\/fr\\\/#\\\/schema\\\/logo\\\/image\\\/\"}}]}<\/script>\n<!-- \/ Yoast SEO plugin. -->","yoast_head_json":{"title":"Vanne de d\u00e9rivation courte avec bride RVS8 x Raccord enfichable - Bantam Wankm\u00fcller SA","robots":{"index":"index","follow":"follow","max-snippet":"max-snippet:-1","max-image-preview":"max-image-preview:large","max-video-preview":"max-video-preview:-1"},"canonical":"https:\/\/shop.bantam.ch\/fr\/produit\/vanne-de-derivation-courte-avec-bride\/","og_locale":"fr_FR","og_type":"article","og_title":"Vanne de d\u00e9rivation courte avec bride RVS8 x Raccord enfichable - Bantam Wankm\u00fcller SA","og_description":"Robinet \u00e0 boisseau sph\u00e9rique comme vanne d&rsquo;arr\u00eat avec raccord de s\u00e9curit\u00e9 pour l&rsquo;installation dans la tuyauterie comme possibilit\u00e9 de raccordement pour les appareils \u00e0 gaz transportables tels que r\u00e9chaud ou barbecue \u00e0 gaz.Vanne d\u2019accouplement type SKU SSV-K avec console de fixation. Mod\u00e8le d\u00e9rivation avec \u00e9crou-raccord type M et bague coupante type DU RVS 8 x [&hellip;]","og_url":"https:\/\/shop.bantam.ch\/fr\/produit\/vanne-de-derivation-courte-avec-bride\/","og_site_name":"Bantam Wankm\u00fcller SA","article_modified_time":"2026-04-17T19:26:48+00:00","og_image":[{"width":1000,"height":570,"url":"https:\/\/shop.bantam.ch\/wp-content\/uploads\/2023\/02\/995560911.jpg","type":"image\/jpeg"}],"twitter_card":"summary_large_image","twitter_misc":{"Dur\u00e9e de lecture estim\u00e9e":"1 minute"},"schema":{"@context":"https:\/\/schema.org","@graph":[{"@type":"WebPage","@id":"https:\/\/shop.bantam.ch\/fr\/produit\/vanne-de-derivation-courte-avec-bride\/","url":"https:\/\/shop.bantam.ch\/fr\/produit\/vanne-de-derivation-courte-avec-bride\/","name":"Vanne de d\u00e9rivation courte avec bride RVS8 x Raccord enfichable - Bantam Wankm\u00fcller SA","isPartOf":{"@id":"https:\/\/shop.bantam.ch\/fr\/#website"},"primaryImageOfPage":{"@id":"https:\/\/shop.bantam.ch\/fr\/produit\/vanne-de-derivation-courte-avec-bride\/#primaryimage"},"image":{"@id":"https:\/\/shop.bantam.ch\/fr\/produit\/vanne-de-derivation-courte-avec-bride\/#primaryimage"},"thumbnailUrl":"https:\/\/shop.bantam.ch\/wp-content\/uploads\/2023\/02\/995560911.jpg","datePublished":"2023-02-28T03:25:38+00:00","dateModified":"2026-04-17T19:26:48+00:00","breadcrumb":{"@id":"https:\/\/shop.bantam.ch\/fr\/produit\/vanne-de-derivation-courte-avec-bride\/#breadcrumb"},"inLanguage":"fr-FR","potentialAction":[{"@type":"ReadAction","target":["https:\/\/shop.bantam.ch\/fr\/produit\/vanne-de-derivation-courte-avec-bride\/"]}]},{"@type":"ImageObject","inLanguage":"fr-FR","@id":"https:\/\/shop.bantam.ch\/fr\/produit\/vanne-de-derivation-courte-avec-bride\/#primaryimage","url":"https:\/\/shop.bantam.ch\/wp-content\/uploads\/2023\/02\/995560911.jpg","contentUrl":"https:\/\/shop.bantam.ch\/wp-content\/uploads\/2023\/02\/995560911.jpg","width":1000,"height":570},{"@type":"BreadcrumbList","@id":"https:\/\/shop.bantam.ch\/fr\/produit\/vanne-de-derivation-courte-avec-bride\/#breadcrumb","itemListElement":[{"@type":"ListItem","position":1,"name":"Accueil","item":"https:\/\/shop.bantam.ch\/fr\/"},{"@type":"ListItem","position":2,"name":"Boutique","item":"https:\/\/shop.bantam.ch\/fr\/boutique\/"},{"@type":"ListItem","position":3,"name":"Vanne de d\u00e9rivation courte avec bride RVS8 x Raccord enfichable"}]},{"@type":"WebSite","@id":"https:\/\/shop.bantam.ch\/fr\/#website","url":"https:\/\/shop.bantam.ch\/fr\/","name":"Bantam Wankm\u00fcller SA","description":"","publisher":{"@id":"https:\/\/shop.bantam.ch\/fr\/#organization"},"inLanguage":"fr-FR"},{"@type":"Organization","@id":"https:\/\/shop.bantam.ch\/fr\/#organization","name":"Bantam Wankm\u00fcller SA","url":"https:\/\/shop.bantam.ch\/fr\/","logo":{"@type":"ImageObject","inLanguage":"fr-FR","@id":"https:\/\/shop.bantam.ch\/fr\/#\/schema\/logo\/image\/","url":"https:\/\/shop.bantam.ch\/wp-content\/uploads\/2022\/12\/bantam-logo.png","contentUrl":"https:\/\/shop.bantam.ch\/wp-content\/uploads\/2022\/12\/bantam-logo.png","width":320,"height":71,"caption":"Bantam Wankm\u00fcller SA"},"image":{"@id":"https:\/\/shop.bantam.ch\/fr\/#\/schema\/logo\/image\/"}}]}},"_links":{"self":[{"href":"https:\/\/shop.bantam.ch\/fr\/wp-json\/wp\/v2\/product\/93375","targetHints":{"allow":["GET"]}}],"collection":[{"href":"https:\/\/shop.bantam.ch\/fr\/wp-json\/wp\/v2\/product"}],"about":[{"href":"https:\/\/shop.bantam.ch\/fr\/wp-json\/wp\/v2\/types\/product"}],"wp:featuredmedia":[{"embeddable":true,"href":"https:\/\/shop.bantam.ch\/fr\/wp-json\/wp\/v2\/media\/93373"}],"wp:attachment":[{"href":"https:\/\/shop.bantam.ch\/fr\/wp-json\/wp\/v2\/media?parent=93375"}],"wp:term":[{"taxonomy":"product_featured_cat","embeddable":true,"href":"https:\/\/shop.bantam.ch\/fr\/wp-json\/wp\/v2\/product_featured_cat?post=93375"},{"taxonomy":"product_brand","embeddable":true,"href":"https:\/\/shop.bantam.ch\/fr\/wp-json\/wp\/v2\/product_brand?post=93375"},{"taxonomy":"product_cat","embeddable":true,"href":"https:\/\/shop.bantam.ch\/fr\/wp-json\/wp\/v2\/product_cat?post=93375"},{"taxonomy":"product_tag","embeddable":true,"href":"https:\/\/shop.bantam.ch\/fr\/wp-json\/wp\/v2\/product_tag?post=93375"}],"curies":[{"name":"wp","href":"https:\/\/api.w.org\/{rel}","templated":true}]}}