{"id":93347,"date":"2023-02-28T04:24:56","date_gmt":"2023-02-28T03:24:56","guid":{"rendered":"http:\/\/shop.bantam.ch\/produit\/pack-equipement-dorigine-movera\/"},"modified":"2026-04-18T22:47:23","modified_gmt":"2026-04-18T20:47:23","slug":"pack-equipement-dorigine-movera","status":"publish","type":"product","link":"https:\/\/shop.bantam.ch\/fr\/produit\/pack-equipement-dorigine-movera\/","title":{"rendered":"Pack \u00e9quipement d\u2019origine Movera"},"content":{"rendered":"<p>\u00a0<span>Contenu de la livraison :<\/span><\/p>\n<ul>\n<li>inclut cale de nivellement Level System Magnum 1 niveau, empilable. Dimensions 50 x 9 x 20 cm (l x h x p), poids 1,3 kg chacune. Contenu de la livraison\u00a0: 2 pi\u00e8ces Capacit\u00e9 de charge 8\u00a0000\u00a0kg par essieu<\/li>\n<li>Indicateur de niveau Gaslevel Classic. Compatible avec bouteilles de gaz propane\/butane de 5 kg, 11 kg et 33 kg En fonction du niveau de remplissage, le signal lumineux passe du rouge au vert<\/li>\n<li>Set compos\u00e9 de : Connecteur CEE sur coupleur Schuko, 0,5 m ; 3 x 2,5 mm\u00b2, mod\u00e8le sans voyant. Coupleur CEE sur connecteur Schuko 0,35 m et 3 x 2,5 mm\u00b2, mod\u00e8le avec voyant<\/li>\n<li>Niveau \u00e0 eau magn\u00e9tique<\/li>\n<li>Bande tiss\u00e9e Uni, 50 m x 48 mm, argent<\/li>\n<li>Papier toilette Aqua Soft. Papier hygi\u00e9nique extra doux qui se dissout rapidement. Emp\u00eache tout bourrage et facilite la vidange du r\u00e9servoir \u00e0 mati\u00e8res f\u00e9cales. Contenu 4 rouleaux<\/li>\n<li>Additif sanitaire Power Care Tabs. Pastilles conditionn\u00e9es dans un film auto-dissolvant. Pastilles additionnelles hautement efficaces pour le r\u00e9servoir de mati\u00e8res f\u00e9cales. Contenu 16 pi\u00e8ces<\/li>\n<li>Conservation de l\u2019eau potable Micropur Classic liquide 1.000F* contenu 100 ml dosage 1 ml sur 10 litres<\/li>\n<li>Soft-ball pour boule de 50 mm, noir<\/li>\n<li>Housse de protection de timon Movera, gris 12, gris clair<\/li>\n<\/ul>\n<p>\u00a0<\/p>\n","protected":false},"excerpt":{"rendered":"<p>\u00a0Contenu de la livraison : inclut cale de nivellement Level System Magnum 1 niveau, empilable. Dimensions 50 x 9 x 20 cm (l x h x p), poids 1,3 kg chacune. Contenu de la livraison\u00a0: 2 pi\u00e8ces Capacit\u00e9 de charge 8\u00a0000\u00a0kg par essieu Indicateur de niveau Gaslevel Classic. Compatible avec bouteilles de gaz propane\/butane de [&hellip;]<\/p>\n","protected":false},"featured_media":93345,"template":"","meta":{"_acf_changed":false},"product_featured_cat":[94,5297],"product_brand":[3032],"product_cat":[4829],"product_tag":[],"class_list":{"0":"post-93347","1":"product","2":"type-product","3":"status-publish","4":"has-post-thumbnail","6":"product_featured_cat-promotions-etagnieres","7":"product_featured_cat-sonderangebote-hindelbank-fr","8":"product_brand-standard","9":"product_cat-accessoires-techniques-pour-caravanes","11":"first","12":"instock","13":"sale","14":"taxable","15":"shipping-taxable","16":"purchasable","17":"product-type-variable"},"acf":[],"yoast_head":"<!-- This site is optimized with the Yoast SEO plugin v27.4 - https:\/\/yoast.com\/product\/yoast-seo-wordpress\/ -->\n<title>Pack \u00e9quipement d\u2019origine Movera - Bantam Wankm\u00fcller SA<\/title>\n<meta name=\"robots\" content=\"index, follow, max-snippet:-1, max-image-preview:large, max-video-preview:-1\" \/>\n<link rel=\"canonical\" href=\"https:\/\/shop.bantam.ch\/fr\/produit\/pack-equipement-dorigine-movera\/\" \/>\n<meta property=\"og:locale\" content=\"fr_FR\" \/>\n<meta property=\"og:type\" content=\"article\" \/>\n<meta property=\"og:title\" content=\"Pack \u00e9quipement d\u2019origine Movera - Bantam Wankm\u00fcller SA\" \/>\n<meta property=\"og:description\" content=\"\u00a0Contenu de la livraison : inclut cale de nivellement Level System Magnum 1 niveau, empilable. Dimensions 50 x 9 x 20 cm (l x h x p), poids 1,3 kg chacune. Contenu de la livraison\u00a0: 2 pi\u00e8ces Capacit\u00e9 de charge 8\u00a0000\u00a0kg par essieu Indicateur de niveau Gaslevel Classic. Compatible avec bouteilles de gaz propane\/butane de [&hellip;]\" \/>\n<meta property=\"og:url\" content=\"https:\/\/shop.bantam.ch\/fr\/produit\/pack-equipement-dorigine-movera\/\" \/>\n<meta property=\"og:site_name\" content=\"Bantam Wankm\u00fcller SA\" \/>\n<meta property=\"article:modified_time\" content=\"2026-04-18T20:47:23+00:00\" \/>\n<meta property=\"og:image\" content=\"https:\/\/shop.bantam.ch\/wp-content\/uploads\/2023\/02\/9948805100.jpg\" \/>\n\t<meta property=\"og:image:width\" content=\"1000\" \/>\n\t<meta property=\"og:image:height\" content=\"853\" \/>\n\t<meta property=\"og:image:type\" content=\"image\/jpeg\" \/>\n<meta name=\"twitter:card\" content=\"summary_large_image\" \/>\n<meta name=\"twitter:label1\" content=\"Dur\u00e9e de lecture estim\u00e9e\" \/>\n\t<meta name=\"twitter:data1\" content=\"1 minute\" \/>\n<script type=\"application\/ld+json\" class=\"yoast-schema-graph\">{\"@context\":\"https:\\\/\\\/schema.org\",\"@graph\":[{\"@type\":\"WebPage\",\"@id\":\"https:\\\/\\\/shop.bantam.ch\\\/fr\\\/produit\\\/pack-equipement-dorigine-movera\\\/\",\"url\":\"https:\\\/\\\/shop.bantam.ch\\\/fr\\\/produit\\\/pack-equipement-dorigine-movera\\\/\",\"name\":\"Pack \u00e9quipement d\u2019origine Movera - Bantam Wankm\u00fcller SA\",\"isPartOf\":{\"@id\":\"https:\\\/\\\/shop.bantam.ch\\\/fr\\\/#website\"},\"primaryImageOfPage\":{\"@id\":\"https:\\\/\\\/shop.bantam.ch\\\/fr\\\/produit\\\/pack-equipement-dorigine-movera\\\/#primaryimage\"},\"image\":{\"@id\":\"https:\\\/\\\/shop.bantam.ch\\\/fr\\\/produit\\\/pack-equipement-dorigine-movera\\\/#primaryimage\"},\"thumbnailUrl\":\"https:\\\/\\\/shop.bantam.ch\\\/wp-content\\\/uploads\\\/2023\\\/02\\\/9948805100.jpg\",\"datePublished\":\"2023-02-28T03:24:56+00:00\",\"dateModified\":\"2026-04-18T20:47:23+00:00\",\"breadcrumb\":{\"@id\":\"https:\\\/\\\/shop.bantam.ch\\\/fr\\\/produit\\\/pack-equipement-dorigine-movera\\\/#breadcrumb\"},\"inLanguage\":\"fr-FR\",\"potentialAction\":[{\"@type\":\"ReadAction\",\"target\":[\"https:\\\/\\\/shop.bantam.ch\\\/fr\\\/produit\\\/pack-equipement-dorigine-movera\\\/\"]}]},{\"@type\":\"ImageObject\",\"inLanguage\":\"fr-FR\",\"@id\":\"https:\\\/\\\/shop.bantam.ch\\\/fr\\\/produit\\\/pack-equipement-dorigine-movera\\\/#primaryimage\",\"url\":\"https:\\\/\\\/shop.bantam.ch\\\/wp-content\\\/uploads\\\/2023\\\/02\\\/9948805100.jpg\",\"contentUrl\":\"https:\\\/\\\/shop.bantam.ch\\\/wp-content\\\/uploads\\\/2023\\\/02\\\/9948805100.jpg\",\"width\":1000,\"height\":853},{\"@type\":\"BreadcrumbList\",\"@id\":\"https:\\\/\\\/shop.bantam.ch\\\/fr\\\/produit\\\/pack-equipement-dorigine-movera\\\/#breadcrumb\",\"itemListElement\":[{\"@type\":\"ListItem\",\"position\":1,\"name\":\"Accueil\",\"item\":\"https:\\\/\\\/shop.bantam.ch\\\/fr\\\/\"},{\"@type\":\"ListItem\",\"position\":2,\"name\":\"Boutique\",\"item\":\"https:\\\/\\\/shop.bantam.ch\\\/fr\\\/boutique\\\/\"},{\"@type\":\"ListItem\",\"position\":3,\"name\":\"Pack \u00e9quipement d\u2019origine Movera\"}]},{\"@type\":\"WebSite\",\"@id\":\"https:\\\/\\\/shop.bantam.ch\\\/fr\\\/#website\",\"url\":\"https:\\\/\\\/shop.bantam.ch\\\/fr\\\/\",\"name\":\"Bantam Wankm\u00fcller SA\",\"description\":\"\",\"publisher\":{\"@id\":\"https:\\\/\\\/shop.bantam.ch\\\/fr\\\/#organization\"},\"inLanguage\":\"fr-FR\"},{\"@type\":\"Organization\",\"@id\":\"https:\\\/\\\/shop.bantam.ch\\\/fr\\\/#organization\",\"name\":\"Bantam Wankm\u00fcller SA\",\"url\":\"https:\\\/\\\/shop.bantam.ch\\\/fr\\\/\",\"logo\":{\"@type\":\"ImageObject\",\"inLanguage\":\"fr-FR\",\"@id\":\"https:\\\/\\\/shop.bantam.ch\\\/fr\\\/#\\\/schema\\\/logo\\\/image\\\/\",\"url\":\"https:\\\/\\\/shop.bantam.ch\\\/wp-content\\\/uploads\\\/2022\\\/12\\\/bantam-logo.png\",\"contentUrl\":\"https:\\\/\\\/shop.bantam.ch\\\/wp-content\\\/uploads\\\/2022\\\/12\\\/bantam-logo.png\",\"width\":320,\"height\":71,\"caption\":\"Bantam Wankm\u00fcller SA\"},\"image\":{\"@id\":\"https:\\\/\\\/shop.bantam.ch\\\/fr\\\/#\\\/schema\\\/logo\\\/image\\\/\"}}]}<\/script>\n<!-- \/ Yoast SEO plugin. -->","yoast_head_json":{"title":"Pack \u00e9quipement d\u2019origine Movera - Bantam Wankm\u00fcller SA","robots":{"index":"index","follow":"follow","max-snippet":"max-snippet:-1","max-image-preview":"max-image-preview:large","max-video-preview":"max-video-preview:-1"},"canonical":"https:\/\/shop.bantam.ch\/fr\/produit\/pack-equipement-dorigine-movera\/","og_locale":"fr_FR","og_type":"article","og_title":"Pack \u00e9quipement d\u2019origine Movera - Bantam Wankm\u00fcller SA","og_description":"\u00a0Contenu de la livraison : inclut cale de nivellement Level System Magnum 1 niveau, empilable. Dimensions 50 x 9 x 20 cm (l x h x p), poids 1,3 kg chacune. Contenu de la livraison\u00a0: 2 pi\u00e8ces Capacit\u00e9 de charge 8\u00a0000\u00a0kg par essieu Indicateur de niveau Gaslevel Classic. Compatible avec bouteilles de gaz propane\/butane de [&hellip;]","og_url":"https:\/\/shop.bantam.ch\/fr\/produit\/pack-equipement-dorigine-movera\/","og_site_name":"Bantam Wankm\u00fcller SA","article_modified_time":"2026-04-18T20:47:23+00:00","og_image":[{"width":1000,"height":853,"url":"https:\/\/shop.bantam.ch\/wp-content\/uploads\/2023\/02\/9948805100.jpg","type":"image\/jpeg"}],"twitter_card":"summary_large_image","twitter_misc":{"Dur\u00e9e de lecture estim\u00e9e":"1 minute"},"schema":{"@context":"https:\/\/schema.org","@graph":[{"@type":"WebPage","@id":"https:\/\/shop.bantam.ch\/fr\/produit\/pack-equipement-dorigine-movera\/","url":"https:\/\/shop.bantam.ch\/fr\/produit\/pack-equipement-dorigine-movera\/","name":"Pack \u00e9quipement d\u2019origine Movera - Bantam Wankm\u00fcller SA","isPartOf":{"@id":"https:\/\/shop.bantam.ch\/fr\/#website"},"primaryImageOfPage":{"@id":"https:\/\/shop.bantam.ch\/fr\/produit\/pack-equipement-dorigine-movera\/#primaryimage"},"image":{"@id":"https:\/\/shop.bantam.ch\/fr\/produit\/pack-equipement-dorigine-movera\/#primaryimage"},"thumbnailUrl":"https:\/\/shop.bantam.ch\/wp-content\/uploads\/2023\/02\/9948805100.jpg","datePublished":"2023-02-28T03:24:56+00:00","dateModified":"2026-04-18T20:47:23+00:00","breadcrumb":{"@id":"https:\/\/shop.bantam.ch\/fr\/produit\/pack-equipement-dorigine-movera\/#breadcrumb"},"inLanguage":"fr-FR","potentialAction":[{"@type":"ReadAction","target":["https:\/\/shop.bantam.ch\/fr\/produit\/pack-equipement-dorigine-movera\/"]}]},{"@type":"ImageObject","inLanguage":"fr-FR","@id":"https:\/\/shop.bantam.ch\/fr\/produit\/pack-equipement-dorigine-movera\/#primaryimage","url":"https:\/\/shop.bantam.ch\/wp-content\/uploads\/2023\/02\/9948805100.jpg","contentUrl":"https:\/\/shop.bantam.ch\/wp-content\/uploads\/2023\/02\/9948805100.jpg","width":1000,"height":853},{"@type":"BreadcrumbList","@id":"https:\/\/shop.bantam.ch\/fr\/produit\/pack-equipement-dorigine-movera\/#breadcrumb","itemListElement":[{"@type":"ListItem","position":1,"name":"Accueil","item":"https:\/\/shop.bantam.ch\/fr\/"},{"@type":"ListItem","position":2,"name":"Boutique","item":"https:\/\/shop.bantam.ch\/fr\/boutique\/"},{"@type":"ListItem","position":3,"name":"Pack \u00e9quipement d\u2019origine Movera"}]},{"@type":"WebSite","@id":"https:\/\/shop.bantam.ch\/fr\/#website","url":"https:\/\/shop.bantam.ch\/fr\/","name":"Bantam Wankm\u00fcller SA","description":"","publisher":{"@id":"https:\/\/shop.bantam.ch\/fr\/#organization"},"inLanguage":"fr-FR"},{"@type":"Organization","@id":"https:\/\/shop.bantam.ch\/fr\/#organization","name":"Bantam Wankm\u00fcller SA","url":"https:\/\/shop.bantam.ch\/fr\/","logo":{"@type":"ImageObject","inLanguage":"fr-FR","@id":"https:\/\/shop.bantam.ch\/fr\/#\/schema\/logo\/image\/","url":"https:\/\/shop.bantam.ch\/wp-content\/uploads\/2022\/12\/bantam-logo.png","contentUrl":"https:\/\/shop.bantam.ch\/wp-content\/uploads\/2022\/12\/bantam-logo.png","width":320,"height":71,"caption":"Bantam Wankm\u00fcller SA"},"image":{"@id":"https:\/\/shop.bantam.ch\/fr\/#\/schema\/logo\/image\/"}}]}},"_links":{"self":[{"href":"https:\/\/shop.bantam.ch\/fr\/wp-json\/wp\/v2\/product\/93347","targetHints":{"allow":["GET"]}}],"collection":[{"href":"https:\/\/shop.bantam.ch\/fr\/wp-json\/wp\/v2\/product"}],"about":[{"href":"https:\/\/shop.bantam.ch\/fr\/wp-json\/wp\/v2\/types\/product"}],"wp:featuredmedia":[{"embeddable":true,"href":"https:\/\/shop.bantam.ch\/fr\/wp-json\/wp\/v2\/media\/93345"}],"wp:attachment":[{"href":"https:\/\/shop.bantam.ch\/fr\/wp-json\/wp\/v2\/media?parent=93347"}],"wp:term":[{"taxonomy":"product_featured_cat","embeddable":true,"href":"https:\/\/shop.bantam.ch\/fr\/wp-json\/wp\/v2\/product_featured_cat?post=93347"},{"taxonomy":"product_brand","embeddable":true,"href":"https:\/\/shop.bantam.ch\/fr\/wp-json\/wp\/v2\/product_brand?post=93347"},{"taxonomy":"product_cat","embeddable":true,"href":"https:\/\/shop.bantam.ch\/fr\/wp-json\/wp\/v2\/product_cat?post=93347"},{"taxonomy":"product_tag","embeddable":true,"href":"https:\/\/shop.bantam.ch\/fr\/wp-json\/wp\/v2\/product_tag?post=93347"}],"curies":[{"name":"wp","href":"https:\/\/api.w.org\/{rel}","templated":true}]}}