{"id":93273,"date":"2023-02-28T04:23:26","date_gmt":"2023-02-28T03:23:26","guid":{"rendered":"http:\/\/shop.bantam.ch\/produit\/repose-pieds-focus\/"},"modified":"2026-05-02T22:42:53","modified_gmt":"2026-05-02T20:42:53","slug":"repose-pieds-focus","status":"publish","type":"product","link":"https:\/\/shop.bantam.ch\/fr\/produit\/repose-pieds-focus\/","title":{"rendered":"Repose-pieds Focus"},"content":{"rendered":"<p>Support de pied r\u00e9glable, pliant et pratique avec toile DuraDore 2D Mesh respirante. La forme et les deux pieds avant r\u00e9glables offrent un confort ergonomique et une d\u00e9tente dans des positions r\u00e9glables s\u00e9par\u00e9ment. Le repose-pieds Focus peut \u00eatre combin\u00e9 avec toutes les chaises.<\/p>\n<p>Mat\u00e9riau :<br \/>Rev\u00eatement : 100 % polyester<br \/>Cadre\u00a0: aluminium<\/p>\n","protected":false},"excerpt":{"rendered":"<p>Support de pied r\u00e9glable, pliant et pratique avec toile DuraDore 2D Mesh respirante. La forme et les deux pieds avant r\u00e9glables offrent un confort ergonomique et une d\u00e9tente dans des positions r\u00e9glables s\u00e9par\u00e9ment. Le repose-pieds Focus peut \u00eatre combin\u00e9 avec toutes les chaises. Mat\u00e9riau :Rev\u00eatement : 100 % polyesterCadre\u00a0: aluminium<\/p>\n","protected":false},"featured_media":93269,"template":"","meta":{"_acf_changed":false},"product_featured_cat":[],"product_brand":[3092],"product_cat":[4973],"product_tag":[],"class_list":{"0":"post-93273","1":"product","2":"type-product","3":"status-publish","4":"has-post-thumbnail","6":"product_brand-westfield-outdoors","7":"product_cat-repose-jambes","9":"first","10":"instock","11":"taxable","12":"shipping-taxable","13":"purchasable","14":"product-type-variable"},"acf":[],"yoast_head":"<!-- This site is optimized with the Yoast SEO plugin v27.5 - https:\/\/yoast.com\/product\/yoast-seo-wordpress\/ -->\n<title>Repose-pieds Focus - Bantam<\/title>\n<meta name=\"robots\" content=\"index, follow, max-snippet:-1, max-image-preview:large, max-video-preview:-1\" \/>\n<link rel=\"canonical\" href=\"https:\/\/shop.bantam.ch\/fr\/produit\/repose-pieds-focus\/\" \/>\n<meta property=\"og:locale\" content=\"fr_FR\" \/>\n<meta property=\"og:type\" content=\"article\" \/>\n<meta property=\"og:title\" content=\"Repose-pieds Focus - Bantam\" \/>\n<meta property=\"og:description\" content=\"Support de pied r\u00e9glable, pliant et pratique avec toile DuraDore 2D Mesh respirante. La forme et les deux pieds avant r\u00e9glables offrent un confort ergonomique et une d\u00e9tente dans des positions r\u00e9glables s\u00e9par\u00e9ment. Le repose-pieds Focus peut \u00eatre combin\u00e9 avec toutes les chaises. Mat\u00e9riau :Rev\u00eatement : 100 % polyesterCadre\u00a0: aluminium\" \/>\n<meta property=\"og:url\" content=\"https:\/\/shop.bantam.ch\/fr\/produit\/repose-pieds-focus\/\" \/>\n<meta property=\"og:site_name\" content=\"Bantam\" \/>\n<meta property=\"article:modified_time\" content=\"2026-05-02T20:42:53+00:00\" \/>\n<meta property=\"og:image\" content=\"https:\/\/shop.bantam.ch\/wp-content\/uploads\/2023\/02\/99602001110l2Mx1poF6qn.jpg\" \/>\n\t<meta property=\"og:image:width\" content=\"989\" \/>\n\t<meta property=\"og:image:height\" content=\"1000\" \/>\n\t<meta property=\"og:image:type\" content=\"image\/jpeg\" \/>\n<meta name=\"twitter:card\" content=\"summary_large_image\" \/>\n<script type=\"application\/ld+json\" class=\"yoast-schema-graph\">{\"@context\":\"https:\\\/\\\/schema.org\",\"@graph\":[{\"@type\":\"WebPage\",\"@id\":\"https:\\\/\\\/shop.bantam.ch\\\/fr\\\/produit\\\/repose-pieds-focus\\\/\",\"url\":\"https:\\\/\\\/shop.bantam.ch\\\/fr\\\/produit\\\/repose-pieds-focus\\\/\",\"name\":\"Repose-pieds Focus - Bantam\",\"isPartOf\":{\"@id\":\"https:\\\/\\\/shop.bantam.ch\\\/fr\\\/#website\"},\"primaryImageOfPage\":{\"@id\":\"https:\\\/\\\/shop.bantam.ch\\\/fr\\\/produit\\\/repose-pieds-focus\\\/#primaryimage\"},\"image\":{\"@id\":\"https:\\\/\\\/shop.bantam.ch\\\/fr\\\/produit\\\/repose-pieds-focus\\\/#primaryimage\"},\"thumbnailUrl\":\"https:\\\/\\\/shop.bantam.ch\\\/wp-content\\\/uploads\\\/2023\\\/02\\\/99602001110l2Mx1poF6qn.jpg\",\"datePublished\":\"2023-02-28T03:23:26+00:00\",\"dateModified\":\"2026-05-02T20:42:53+00:00\",\"breadcrumb\":{\"@id\":\"https:\\\/\\\/shop.bantam.ch\\\/fr\\\/produit\\\/repose-pieds-focus\\\/#breadcrumb\"},\"inLanguage\":\"fr-FR\",\"potentialAction\":[{\"@type\":\"ReadAction\",\"target\":[\"https:\\\/\\\/shop.bantam.ch\\\/fr\\\/produit\\\/repose-pieds-focus\\\/\"]}]},{\"@type\":\"ImageObject\",\"inLanguage\":\"fr-FR\",\"@id\":\"https:\\\/\\\/shop.bantam.ch\\\/fr\\\/produit\\\/repose-pieds-focus\\\/#primaryimage\",\"url\":\"https:\\\/\\\/shop.bantam.ch\\\/wp-content\\\/uploads\\\/2023\\\/02\\\/99602001110l2Mx1poF6qn.jpg\",\"contentUrl\":\"https:\\\/\\\/shop.bantam.ch\\\/wp-content\\\/uploads\\\/2023\\\/02\\\/99602001110l2Mx1poF6qn.jpg\",\"width\":989,\"height\":1000},{\"@type\":\"BreadcrumbList\",\"@id\":\"https:\\\/\\\/shop.bantam.ch\\\/fr\\\/produit\\\/repose-pieds-focus\\\/#breadcrumb\",\"itemListElement\":[{\"@type\":\"ListItem\",\"position\":1,\"name\":\"Accueil\",\"item\":\"https:\\\/\\\/shop.bantam.ch\\\/fr\\\/\"},{\"@type\":\"ListItem\",\"position\":2,\"name\":\"Boutique\",\"item\":\"https:\\\/\\\/shop.bantam.ch\\\/fr\\\/boutique\\\/\"},{\"@type\":\"ListItem\",\"position\":3,\"name\":\"Repose-pieds Focus\"}]},{\"@type\":\"WebSite\",\"@id\":\"https:\\\/\\\/shop.bantam.ch\\\/fr\\\/#website\",\"url\":\"https:\\\/\\\/shop.bantam.ch\\\/fr\\\/\",\"name\":\"Bantam\",\"description\":\"\",\"publisher\":{\"@id\":\"https:\\\/\\\/shop.bantam.ch\\\/fr\\\/#organization\"},\"inLanguage\":\"fr-FR\"},{\"@type\":\"Organization\",\"@id\":\"https:\\\/\\\/shop.bantam.ch\\\/fr\\\/#organization\",\"name\":\"Bantam\",\"url\":\"https:\\\/\\\/shop.bantam.ch\\\/fr\\\/\",\"logo\":{\"@type\":\"ImageObject\",\"inLanguage\":\"fr-FR\",\"@id\":\"https:\\\/\\\/shop.bantam.ch\\\/fr\\\/#\\\/schema\\\/logo\\\/image\\\/\",\"url\":\"https:\\\/\\\/shop.bantam.ch\\\/wp-content\\\/uploads\\\/2022\\\/12\\\/bantam-logo.png\",\"contentUrl\":\"https:\\\/\\\/shop.bantam.ch\\\/wp-content\\\/uploads\\\/2022\\\/12\\\/bantam-logo.png\",\"width\":320,\"height\":71,\"caption\":\"Bantam\"},\"image\":{\"@id\":\"https:\\\/\\\/shop.bantam.ch\\\/fr\\\/#\\\/schema\\\/logo\\\/image\\\/\"}}]}<\/script>\n<!-- \/ Yoast SEO plugin. -->","yoast_head_json":{"title":"Repose-pieds Focus - Bantam","robots":{"index":"index","follow":"follow","max-snippet":"max-snippet:-1","max-image-preview":"max-image-preview:large","max-video-preview":"max-video-preview:-1"},"canonical":"https:\/\/shop.bantam.ch\/fr\/produit\/repose-pieds-focus\/","og_locale":"fr_FR","og_type":"article","og_title":"Repose-pieds Focus - Bantam","og_description":"Support de pied r\u00e9glable, pliant et pratique avec toile DuraDore 2D Mesh respirante. La forme et les deux pieds avant r\u00e9glables offrent un confort ergonomique et une d\u00e9tente dans des positions r\u00e9glables s\u00e9par\u00e9ment. Le repose-pieds Focus peut \u00eatre combin\u00e9 avec toutes les chaises. Mat\u00e9riau :Rev\u00eatement : 100 % polyesterCadre\u00a0: aluminium","og_url":"https:\/\/shop.bantam.ch\/fr\/produit\/repose-pieds-focus\/","og_site_name":"Bantam","article_modified_time":"2026-05-02T20:42:53+00:00","og_image":[{"width":989,"height":1000,"url":"https:\/\/shop.bantam.ch\/wp-content\/uploads\/2023\/02\/99602001110l2Mx1poF6qn.jpg","type":"image\/jpeg"}],"twitter_card":"summary_large_image","schema":{"@context":"https:\/\/schema.org","@graph":[{"@type":"WebPage","@id":"https:\/\/shop.bantam.ch\/fr\/produit\/repose-pieds-focus\/","url":"https:\/\/shop.bantam.ch\/fr\/produit\/repose-pieds-focus\/","name":"Repose-pieds Focus - Bantam","isPartOf":{"@id":"https:\/\/shop.bantam.ch\/fr\/#website"},"primaryImageOfPage":{"@id":"https:\/\/shop.bantam.ch\/fr\/produit\/repose-pieds-focus\/#primaryimage"},"image":{"@id":"https:\/\/shop.bantam.ch\/fr\/produit\/repose-pieds-focus\/#primaryimage"},"thumbnailUrl":"https:\/\/shop.bantam.ch\/wp-content\/uploads\/2023\/02\/99602001110l2Mx1poF6qn.jpg","datePublished":"2023-02-28T03:23:26+00:00","dateModified":"2026-05-02T20:42:53+00:00","breadcrumb":{"@id":"https:\/\/shop.bantam.ch\/fr\/produit\/repose-pieds-focus\/#breadcrumb"},"inLanguage":"fr-FR","potentialAction":[{"@type":"ReadAction","target":["https:\/\/shop.bantam.ch\/fr\/produit\/repose-pieds-focus\/"]}]},{"@type":"ImageObject","inLanguage":"fr-FR","@id":"https:\/\/shop.bantam.ch\/fr\/produit\/repose-pieds-focus\/#primaryimage","url":"https:\/\/shop.bantam.ch\/wp-content\/uploads\/2023\/02\/99602001110l2Mx1poF6qn.jpg","contentUrl":"https:\/\/shop.bantam.ch\/wp-content\/uploads\/2023\/02\/99602001110l2Mx1poF6qn.jpg","width":989,"height":1000},{"@type":"BreadcrumbList","@id":"https:\/\/shop.bantam.ch\/fr\/produit\/repose-pieds-focus\/#breadcrumb","itemListElement":[{"@type":"ListItem","position":1,"name":"Accueil","item":"https:\/\/shop.bantam.ch\/fr\/"},{"@type":"ListItem","position":2,"name":"Boutique","item":"https:\/\/shop.bantam.ch\/fr\/boutique\/"},{"@type":"ListItem","position":3,"name":"Repose-pieds Focus"}]},{"@type":"WebSite","@id":"https:\/\/shop.bantam.ch\/fr\/#website","url":"https:\/\/shop.bantam.ch\/fr\/","name":"Bantam","description":"","publisher":{"@id":"https:\/\/shop.bantam.ch\/fr\/#organization"},"inLanguage":"fr-FR"},{"@type":"Organization","@id":"https:\/\/shop.bantam.ch\/fr\/#organization","name":"Bantam","url":"https:\/\/shop.bantam.ch\/fr\/","logo":{"@type":"ImageObject","inLanguage":"fr-FR","@id":"https:\/\/shop.bantam.ch\/fr\/#\/schema\/logo\/image\/","url":"https:\/\/shop.bantam.ch\/wp-content\/uploads\/2022\/12\/bantam-logo.png","contentUrl":"https:\/\/shop.bantam.ch\/wp-content\/uploads\/2022\/12\/bantam-logo.png","width":320,"height":71,"caption":"Bantam"},"image":{"@id":"https:\/\/shop.bantam.ch\/fr\/#\/schema\/logo\/image\/"}}]}},"_links":{"self":[{"href":"https:\/\/shop.bantam.ch\/fr\/wp-json\/wp\/v2\/product\/93273","targetHints":{"allow":["GET"]}}],"collection":[{"href":"https:\/\/shop.bantam.ch\/fr\/wp-json\/wp\/v2\/product"}],"about":[{"href":"https:\/\/shop.bantam.ch\/fr\/wp-json\/wp\/v2\/types\/product"}],"wp:featuredmedia":[{"embeddable":true,"href":"https:\/\/shop.bantam.ch\/fr\/wp-json\/wp\/v2\/media\/93269"}],"wp:attachment":[{"href":"https:\/\/shop.bantam.ch\/fr\/wp-json\/wp\/v2\/media?parent=93273"}],"wp:term":[{"taxonomy":"product_featured_cat","embeddable":true,"href":"https:\/\/shop.bantam.ch\/fr\/wp-json\/wp\/v2\/product_featured_cat?post=93273"},{"taxonomy":"product_brand","embeddable":true,"href":"https:\/\/shop.bantam.ch\/fr\/wp-json\/wp\/v2\/product_brand?post=93273"},{"taxonomy":"product_cat","embeddable":true,"href":"https:\/\/shop.bantam.ch\/fr\/wp-json\/wp\/v2\/product_cat?post=93273"},{"taxonomy":"product_tag","embeddable":true,"href":"https:\/\/shop.bantam.ch\/fr\/wp-json\/wp\/v2\/product_tag?post=93273"}],"curies":[{"name":"wp","href":"https:\/\/api.w.org\/{rel}","templated":true}]}}