{"id":93181,"date":"2023-02-28T04:22:21","date_gmt":"2023-02-28T03:22:21","guid":{"rendered":"http:\/\/shop.bantam.ch\/produit\/livre-la-cuisine-familiale-en-camping\/"},"modified":"2026-05-11T21:26:09","modified_gmt":"2026-05-11T19:26:09","slug":"livre-la-cuisine-familiale-en-camping","status":"publish","type":"product","link":"https:\/\/shop.bantam.ch\/fr\/produit\/livre-la-cuisine-familiale-en-camping\/","title":{"rendered":"Livre Camping en famille &#8211; Cuisine"},"content":{"rendered":"<p>La meilleure garantie d\u2019une bonne ambiance en vacances ? Assur\u00e9ment : de d\u00e9licieux petits plats !<br \/>Vous y trouverez de nombreuses recettes de camping simples et vari\u00e9es pour les r\u00e9chauds \u00e0 gaz, les barbecues ou les plaques de cuisson. Le r\u00e9sultat est une d\u00e9licieuse cuisine de plein air qui provoque un \u00ab\u00a0Mmmmh\u00a0!\u00a0\u00bb de d\u00e9lectation de toute la famille. Les meilleures recettes estivales ont \u00e9t\u00e9 test\u00e9es par l\u2019auteur en famille sur la route et peuvent \u00eatre pr\u00e9par\u00e9es dans (presque) n&rsquo;importe quel endroit du monde gr\u00e2ce aux nombreux conseils \u00e9chang\u00e9s. Ouvrez donc vite ce livre, consultez les listes de contr\u00f4le et emportez vos ustensiles &#8211; vous voil\u00e0 pr\u00eats \u00e0 partir.<\/p>\n","protected":false},"excerpt":{"rendered":"<p>La meilleure garantie d\u2019une bonne ambiance en vacances ? Assur\u00e9ment : de d\u00e9licieux petits plats !Vous y trouverez de nombreuses recettes de camping simples et vari\u00e9es pour les r\u00e9chauds \u00e0 gaz, les barbecues ou les plaques de cuisson. Le r\u00e9sultat est une d\u00e9licieuse cuisine de plein air qui provoque un \u00ab\u00a0Mmmmh\u00a0!\u00a0\u00bb de d\u00e9lectation de toute [&hellip;]<\/p>\n","protected":false},"featured_media":93179,"template":"","meta":{"_acf_changed":false},"product_featured_cat":[],"product_brand":[3512],"product_cat":[4347],"product_tag":[],"class_list":{"0":"post-93181","1":"product","2":"type-product","3":"status-publish","4":"has-post-thumbnail","6":"product_brand-gu","7":"product_cat-livres-de-cuisine","9":"first","10":"instock","11":"taxable","12":"shipping-taxable","13":"purchasable","14":"product-type-simple"},"acf":[],"yoast_head":"<!-- This site is optimized with the Yoast SEO plugin v27.5 - https:\/\/yoast.com\/product\/yoast-seo-wordpress\/ -->\n<title>Livre Camping en famille - Cuisine - Bantam<\/title>\n<meta name=\"robots\" content=\"index, follow, max-snippet:-1, max-image-preview:large, max-video-preview:-1\" \/>\n<link rel=\"canonical\" href=\"https:\/\/shop.bantam.ch\/fr\/produit\/livre-la-cuisine-familiale-en-camping\/\" \/>\n<meta property=\"og:locale\" content=\"fr_FR\" \/>\n<meta property=\"og:type\" content=\"article\" \/>\n<meta property=\"og:title\" content=\"Livre Camping en famille - Cuisine - Bantam\" \/>\n<meta property=\"og:description\" content=\"La meilleure garantie d\u2019une bonne ambiance en vacances ? Assur\u00e9ment : de d\u00e9licieux petits plats !Vous y trouverez de nombreuses recettes de camping simples et vari\u00e9es pour les r\u00e9chauds \u00e0 gaz, les barbecues ou les plaques de cuisson. Le r\u00e9sultat est une d\u00e9licieuse cuisine de plein air qui provoque un \u00ab\u00a0Mmmmh\u00a0!\u00a0\u00bb de d\u00e9lectation de toute [&hellip;]\" \/>\n<meta property=\"og:url\" content=\"https:\/\/shop.bantam.ch\/fr\/produit\/livre-la-cuisine-familiale-en-camping\/\" \/>\n<meta property=\"og:site_name\" content=\"Bantam\" \/>\n<meta property=\"article:modified_time\" content=\"2026-05-11T19:26:09+00:00\" \/>\n<meta property=\"og:image\" content=\"https:\/\/shop.bantam.ch\/wp-content\/uploads\/2023\/02\/996018211.jpg\" \/>\n\t<meta property=\"og:image:width\" content=\"763\" \/>\n\t<meta property=\"og:image:height\" content=\"1000\" \/>\n\t<meta property=\"og:image:type\" content=\"image\/jpeg\" \/>\n<meta name=\"twitter:card\" content=\"summary_large_image\" \/>\n<meta name=\"twitter:label1\" content=\"Dur\u00e9e de lecture estim\u00e9e\" \/>\n\t<meta name=\"twitter:data1\" content=\"1 minute\" \/>\n<script type=\"application\/ld+json\" class=\"yoast-schema-graph\">{\"@context\":\"https:\\\/\\\/schema.org\",\"@graph\":[{\"@type\":\"WebPage\",\"@id\":\"https:\\\/\\\/shop.bantam.ch\\\/fr\\\/produit\\\/livre-la-cuisine-familiale-en-camping\\\/\",\"url\":\"https:\\\/\\\/shop.bantam.ch\\\/fr\\\/produit\\\/livre-la-cuisine-familiale-en-camping\\\/\",\"name\":\"Livre Camping en famille - Cuisine - Bantam\",\"isPartOf\":{\"@id\":\"https:\\\/\\\/shop.bantam.ch\\\/fr\\\/#website\"},\"primaryImageOfPage\":{\"@id\":\"https:\\\/\\\/shop.bantam.ch\\\/fr\\\/produit\\\/livre-la-cuisine-familiale-en-camping\\\/#primaryimage\"},\"image\":{\"@id\":\"https:\\\/\\\/shop.bantam.ch\\\/fr\\\/produit\\\/livre-la-cuisine-familiale-en-camping\\\/#primaryimage\"},\"thumbnailUrl\":\"https:\\\/\\\/shop.bantam.ch\\\/wp-content\\\/uploads\\\/2023\\\/02\\\/996018211.jpg\",\"datePublished\":\"2023-02-28T03:22:21+00:00\",\"dateModified\":\"2026-05-11T19:26:09+00:00\",\"breadcrumb\":{\"@id\":\"https:\\\/\\\/shop.bantam.ch\\\/fr\\\/produit\\\/livre-la-cuisine-familiale-en-camping\\\/#breadcrumb\"},\"inLanguage\":\"fr-FR\",\"potentialAction\":[{\"@type\":\"ReadAction\",\"target\":[\"https:\\\/\\\/shop.bantam.ch\\\/fr\\\/produit\\\/livre-la-cuisine-familiale-en-camping\\\/\"]}]},{\"@type\":\"ImageObject\",\"inLanguage\":\"fr-FR\",\"@id\":\"https:\\\/\\\/shop.bantam.ch\\\/fr\\\/produit\\\/livre-la-cuisine-familiale-en-camping\\\/#primaryimage\",\"url\":\"https:\\\/\\\/shop.bantam.ch\\\/wp-content\\\/uploads\\\/2023\\\/02\\\/996018211.jpg\",\"contentUrl\":\"https:\\\/\\\/shop.bantam.ch\\\/wp-content\\\/uploads\\\/2023\\\/02\\\/996018211.jpg\",\"width\":763,\"height\":1000},{\"@type\":\"BreadcrumbList\",\"@id\":\"https:\\\/\\\/shop.bantam.ch\\\/fr\\\/produit\\\/livre-la-cuisine-familiale-en-camping\\\/#breadcrumb\",\"itemListElement\":[{\"@type\":\"ListItem\",\"position\":1,\"name\":\"Accueil\",\"item\":\"https:\\\/\\\/shop.bantam.ch\\\/fr\\\/\"},{\"@type\":\"ListItem\",\"position\":2,\"name\":\"Boutique\",\"item\":\"https:\\\/\\\/shop.bantam.ch\\\/fr\\\/boutique\\\/\"},{\"@type\":\"ListItem\",\"position\":3,\"name\":\"Livre Camping en famille &#8211; Cuisine\"}]},{\"@type\":\"WebSite\",\"@id\":\"https:\\\/\\\/shop.bantam.ch\\\/fr\\\/#website\",\"url\":\"https:\\\/\\\/shop.bantam.ch\\\/fr\\\/\",\"name\":\"Bantam\",\"description\":\"\",\"publisher\":{\"@id\":\"https:\\\/\\\/shop.bantam.ch\\\/fr\\\/#organization\"},\"inLanguage\":\"fr-FR\"},{\"@type\":\"Organization\",\"@id\":\"https:\\\/\\\/shop.bantam.ch\\\/fr\\\/#organization\",\"name\":\"Bantam\",\"url\":\"https:\\\/\\\/shop.bantam.ch\\\/fr\\\/\",\"logo\":{\"@type\":\"ImageObject\",\"inLanguage\":\"fr-FR\",\"@id\":\"https:\\\/\\\/shop.bantam.ch\\\/fr\\\/#\\\/schema\\\/logo\\\/image\\\/\",\"url\":\"https:\\\/\\\/shop.bantam.ch\\\/wp-content\\\/uploads\\\/2022\\\/12\\\/bantam-logo.png\",\"contentUrl\":\"https:\\\/\\\/shop.bantam.ch\\\/wp-content\\\/uploads\\\/2022\\\/12\\\/bantam-logo.png\",\"width\":320,\"height\":71,\"caption\":\"Bantam\"},\"image\":{\"@id\":\"https:\\\/\\\/shop.bantam.ch\\\/fr\\\/#\\\/schema\\\/logo\\\/image\\\/\"}}]}<\/script>\n<!-- \/ Yoast SEO plugin. -->","yoast_head_json":{"title":"Livre Camping en famille - Cuisine - Bantam","robots":{"index":"index","follow":"follow","max-snippet":"max-snippet:-1","max-image-preview":"max-image-preview:large","max-video-preview":"max-video-preview:-1"},"canonical":"https:\/\/shop.bantam.ch\/fr\/produit\/livre-la-cuisine-familiale-en-camping\/","og_locale":"fr_FR","og_type":"article","og_title":"Livre Camping en famille - Cuisine - Bantam","og_description":"La meilleure garantie d\u2019une bonne ambiance en vacances ? Assur\u00e9ment : de d\u00e9licieux petits plats !Vous y trouverez de nombreuses recettes de camping simples et vari\u00e9es pour les r\u00e9chauds \u00e0 gaz, les barbecues ou les plaques de cuisson. Le r\u00e9sultat est une d\u00e9licieuse cuisine de plein air qui provoque un \u00ab\u00a0Mmmmh\u00a0!\u00a0\u00bb de d\u00e9lectation de toute [&hellip;]","og_url":"https:\/\/shop.bantam.ch\/fr\/produit\/livre-la-cuisine-familiale-en-camping\/","og_site_name":"Bantam","article_modified_time":"2026-05-11T19:26:09+00:00","og_image":[{"width":763,"height":1000,"url":"https:\/\/shop.bantam.ch\/wp-content\/uploads\/2023\/02\/996018211.jpg","type":"image\/jpeg"}],"twitter_card":"summary_large_image","twitter_misc":{"Dur\u00e9e de lecture estim\u00e9e":"1 minute"},"schema":{"@context":"https:\/\/schema.org","@graph":[{"@type":"WebPage","@id":"https:\/\/shop.bantam.ch\/fr\/produit\/livre-la-cuisine-familiale-en-camping\/","url":"https:\/\/shop.bantam.ch\/fr\/produit\/livre-la-cuisine-familiale-en-camping\/","name":"Livre Camping en famille - Cuisine - Bantam","isPartOf":{"@id":"https:\/\/shop.bantam.ch\/fr\/#website"},"primaryImageOfPage":{"@id":"https:\/\/shop.bantam.ch\/fr\/produit\/livre-la-cuisine-familiale-en-camping\/#primaryimage"},"image":{"@id":"https:\/\/shop.bantam.ch\/fr\/produit\/livre-la-cuisine-familiale-en-camping\/#primaryimage"},"thumbnailUrl":"https:\/\/shop.bantam.ch\/wp-content\/uploads\/2023\/02\/996018211.jpg","datePublished":"2023-02-28T03:22:21+00:00","dateModified":"2026-05-11T19:26:09+00:00","breadcrumb":{"@id":"https:\/\/shop.bantam.ch\/fr\/produit\/livre-la-cuisine-familiale-en-camping\/#breadcrumb"},"inLanguage":"fr-FR","potentialAction":[{"@type":"ReadAction","target":["https:\/\/shop.bantam.ch\/fr\/produit\/livre-la-cuisine-familiale-en-camping\/"]}]},{"@type":"ImageObject","inLanguage":"fr-FR","@id":"https:\/\/shop.bantam.ch\/fr\/produit\/livre-la-cuisine-familiale-en-camping\/#primaryimage","url":"https:\/\/shop.bantam.ch\/wp-content\/uploads\/2023\/02\/996018211.jpg","contentUrl":"https:\/\/shop.bantam.ch\/wp-content\/uploads\/2023\/02\/996018211.jpg","width":763,"height":1000},{"@type":"BreadcrumbList","@id":"https:\/\/shop.bantam.ch\/fr\/produit\/livre-la-cuisine-familiale-en-camping\/#breadcrumb","itemListElement":[{"@type":"ListItem","position":1,"name":"Accueil","item":"https:\/\/shop.bantam.ch\/fr\/"},{"@type":"ListItem","position":2,"name":"Boutique","item":"https:\/\/shop.bantam.ch\/fr\/boutique\/"},{"@type":"ListItem","position":3,"name":"Livre Camping en famille &#8211; Cuisine"}]},{"@type":"WebSite","@id":"https:\/\/shop.bantam.ch\/fr\/#website","url":"https:\/\/shop.bantam.ch\/fr\/","name":"Bantam","description":"","publisher":{"@id":"https:\/\/shop.bantam.ch\/fr\/#organization"},"inLanguage":"fr-FR"},{"@type":"Organization","@id":"https:\/\/shop.bantam.ch\/fr\/#organization","name":"Bantam","url":"https:\/\/shop.bantam.ch\/fr\/","logo":{"@type":"ImageObject","inLanguage":"fr-FR","@id":"https:\/\/shop.bantam.ch\/fr\/#\/schema\/logo\/image\/","url":"https:\/\/shop.bantam.ch\/wp-content\/uploads\/2022\/12\/bantam-logo.png","contentUrl":"https:\/\/shop.bantam.ch\/wp-content\/uploads\/2022\/12\/bantam-logo.png","width":320,"height":71,"caption":"Bantam"},"image":{"@id":"https:\/\/shop.bantam.ch\/fr\/#\/schema\/logo\/image\/"}}]}},"_links":{"self":[{"href":"https:\/\/shop.bantam.ch\/fr\/wp-json\/wp\/v2\/product\/93181","targetHints":{"allow":["GET"]}}],"collection":[{"href":"https:\/\/shop.bantam.ch\/fr\/wp-json\/wp\/v2\/product"}],"about":[{"href":"https:\/\/shop.bantam.ch\/fr\/wp-json\/wp\/v2\/types\/product"}],"wp:featuredmedia":[{"embeddable":true,"href":"https:\/\/shop.bantam.ch\/fr\/wp-json\/wp\/v2\/media\/93179"}],"wp:attachment":[{"href":"https:\/\/shop.bantam.ch\/fr\/wp-json\/wp\/v2\/media?parent=93181"}],"wp:term":[{"taxonomy":"product_featured_cat","embeddable":true,"href":"https:\/\/shop.bantam.ch\/fr\/wp-json\/wp\/v2\/product_featured_cat?post=93181"},{"taxonomy":"product_brand","embeddable":true,"href":"https:\/\/shop.bantam.ch\/fr\/wp-json\/wp\/v2\/product_brand?post=93181"},{"taxonomy":"product_cat","embeddable":true,"href":"https:\/\/shop.bantam.ch\/fr\/wp-json\/wp\/v2\/product_cat?post=93181"},{"taxonomy":"product_tag","embeddable":true,"href":"https:\/\/shop.bantam.ch\/fr\/wp-json\/wp\/v2\/product_tag?post=93181"}],"curies":[{"name":"wp","href":"https:\/\/api.w.org\/{rel}","templated":true}]}}