{"id":92957,"date":"2023-02-28T04:18:52","date_gmt":"2023-02-28T03:18:52","guid":{"rendered":"http:\/\/shop.bantam.ch\/produit\/separateurs-pour-tiroirs\/"},"modified":"2026-04-21T22:46:42","modified_gmt":"2026-04-21T20:46:42","slug":"separateurs-pour-tiroirs","status":"publish","type":"product","link":"https:\/\/shop.bantam.ch\/fr\/produit\/separateurs-pour-tiroirs\/","title":{"rendered":"S\u00e9parateurs pour tiroirs"},"content":{"rendered":"<p>Le syst\u00e8me d\u2019embo\u00eetement se compose de 8 compartimenteurs, ce qui permet une utilisation variable du compartimentage. Les croisillons longitudinaux et larges en mati\u00e8re plastique flexible offrent une protection de s\u00e9paration optimale pour diff\u00e9rents articles et stabilisent ainsi vos objets pour \u00e9viter tout risque de casse ou de glissement. ll y a beaucoup de dents sur le long c\u00f4t\u00e9 sup\u00e9rieur d&rsquo;un compartimenteur, qui facilite l\u2019embo\u00eetement pour une connexion stable et ferme. L&rsquo;\u00e9troitesse de la grille des dents permet un ajustement flexible sur presque n&rsquo;importe quelle distance.<\/p>\n<p>Pour verres, tasses, bouteilles, ustensiles m\u00e9nagers, articles d\u2019hygi\u00e8ne, contenants alimentaires, mat\u00e9riel de bureau, petits outils, etc.<\/p>\n<p>Mat\u00e9riau\u00a0: ABS<\/p>\n","protected":false},"excerpt":{"rendered":"<p>Le syst\u00e8me d\u2019embo\u00eetement se compose de 8 compartimenteurs, ce qui permet une utilisation variable du compartimentage. Les croisillons longitudinaux et larges en mati\u00e8re plastique flexible offrent une protection de s\u00e9paration optimale pour diff\u00e9rents articles et stabilisent ainsi vos objets pour \u00e9viter tout risque de casse ou de glissement. ll y a beaucoup de dents sur [&hellip;]<\/p>\n","protected":false},"featured_media":92937,"template":"","meta":{"_acf_changed":false},"product_featured_cat":[],"product_brand":[3328],"product_cat":[5149],"product_tag":[],"class_list":{"0":"post-92957","1":"product","2":"type-product","3":"status-publish","4":"has-post-thumbnail","6":"product_brand-purvario","7":"product_cat-rangements-pour-la-vaisselle","9":"first","10":"instock","11":"taxable","12":"shipping-taxable","13":"purchasable","14":"product-type-variable"},"acf":[],"yoast_head":"<!-- This site is optimized with the Yoast SEO plugin v27.4 - https:\/\/yoast.com\/product\/yoast-seo-wordpress\/ -->\n<title>S\u00e9parateurs pour tiroirs - Bantam Wankm\u00fcller SA<\/title>\n<meta name=\"robots\" content=\"index, follow, max-snippet:-1, max-image-preview:large, max-video-preview:-1\" \/>\n<link rel=\"canonical\" href=\"https:\/\/shop.bantam.ch\/fr\/produit\/separateurs-pour-tiroirs\/\" \/>\n<meta property=\"og:locale\" content=\"fr_FR\" \/>\n<meta property=\"og:type\" content=\"article\" \/>\n<meta property=\"og:title\" content=\"S\u00e9parateurs pour tiroirs - Bantam Wankm\u00fcller SA\" \/>\n<meta property=\"og:description\" content=\"Le syst\u00e8me d\u2019embo\u00eetement se compose de 8 compartimenteurs, ce qui permet une utilisation variable du compartimentage. Les croisillons longitudinaux et larges en mati\u00e8re plastique flexible offrent une protection de s\u00e9paration optimale pour diff\u00e9rents articles et stabilisent ainsi vos objets pour \u00e9viter tout risque de casse ou de glissement. ll y a beaucoup de dents sur [&hellip;]\" \/>\n<meta property=\"og:url\" content=\"https:\/\/shop.bantam.ch\/fr\/produit\/separateurs-pour-tiroirs\/\" \/>\n<meta property=\"og:site_name\" content=\"Bantam Wankm\u00fcller SA\" \/>\n<meta property=\"article:modified_time\" content=\"2026-04-21T20:46:42+00:00\" \/>\n<meta property=\"og:image\" content=\"https:\/\/shop.bantam.ch\/wp-content\/uploads\/2023\/02\/9953840-100-1-3.png\" \/>\n\t<meta property=\"og:image:width\" content=\"1500\" \/>\n\t<meta property=\"og:image:height\" content=\"1189\" \/>\n\t<meta property=\"og:image:type\" content=\"image\/png\" \/>\n<meta name=\"twitter:card\" content=\"summary_large_image\" \/>\n<meta name=\"twitter:label1\" content=\"Dur\u00e9e de lecture estim\u00e9e\" \/>\n\t<meta name=\"twitter:data1\" content=\"1 minute\" \/>\n<script type=\"application\/ld+json\" class=\"yoast-schema-graph\">{\"@context\":\"https:\\\/\\\/schema.org\",\"@graph\":[{\"@type\":\"WebPage\",\"@id\":\"https:\\\/\\\/shop.bantam.ch\\\/fr\\\/produit\\\/separateurs-pour-tiroirs\\\/\",\"url\":\"https:\\\/\\\/shop.bantam.ch\\\/fr\\\/produit\\\/separateurs-pour-tiroirs\\\/\",\"name\":\"S\u00e9parateurs pour tiroirs - Bantam Wankm\u00fcller SA\",\"isPartOf\":{\"@id\":\"https:\\\/\\\/shop.bantam.ch\\\/fr\\\/#website\"},\"primaryImageOfPage\":{\"@id\":\"https:\\\/\\\/shop.bantam.ch\\\/fr\\\/produit\\\/separateurs-pour-tiroirs\\\/#primaryimage\"},\"image\":{\"@id\":\"https:\\\/\\\/shop.bantam.ch\\\/fr\\\/produit\\\/separateurs-pour-tiroirs\\\/#primaryimage\"},\"thumbnailUrl\":\"https:\\\/\\\/shop.bantam.ch\\\/wp-content\\\/uploads\\\/2023\\\/02\\\/9953840-100-1-3.png\",\"datePublished\":\"2023-02-28T03:18:52+00:00\",\"dateModified\":\"2026-04-21T20:46:42+00:00\",\"breadcrumb\":{\"@id\":\"https:\\\/\\\/shop.bantam.ch\\\/fr\\\/produit\\\/separateurs-pour-tiroirs\\\/#breadcrumb\"},\"inLanguage\":\"fr-FR\",\"potentialAction\":[{\"@type\":\"ReadAction\",\"target\":[\"https:\\\/\\\/shop.bantam.ch\\\/fr\\\/produit\\\/separateurs-pour-tiroirs\\\/\"]}]},{\"@type\":\"ImageObject\",\"inLanguage\":\"fr-FR\",\"@id\":\"https:\\\/\\\/shop.bantam.ch\\\/fr\\\/produit\\\/separateurs-pour-tiroirs\\\/#primaryimage\",\"url\":\"https:\\\/\\\/shop.bantam.ch\\\/wp-content\\\/uploads\\\/2023\\\/02\\\/9953840-100-1-3.png\",\"contentUrl\":\"https:\\\/\\\/shop.bantam.ch\\\/wp-content\\\/uploads\\\/2023\\\/02\\\/9953840-100-1-3.png\",\"width\":1500,\"height\":1189},{\"@type\":\"BreadcrumbList\",\"@id\":\"https:\\\/\\\/shop.bantam.ch\\\/fr\\\/produit\\\/separateurs-pour-tiroirs\\\/#breadcrumb\",\"itemListElement\":[{\"@type\":\"ListItem\",\"position\":1,\"name\":\"Accueil\",\"item\":\"https:\\\/\\\/shop.bantam.ch\\\/fr\\\/\"},{\"@type\":\"ListItem\",\"position\":2,\"name\":\"Boutique\",\"item\":\"https:\\\/\\\/shop.bantam.ch\\\/fr\\\/boutique\\\/\"},{\"@type\":\"ListItem\",\"position\":3,\"name\":\"S\u00e9parateurs pour tiroirs\"}]},{\"@type\":\"WebSite\",\"@id\":\"https:\\\/\\\/shop.bantam.ch\\\/fr\\\/#website\",\"url\":\"https:\\\/\\\/shop.bantam.ch\\\/fr\\\/\",\"name\":\"Bantam Wankm\u00fcller SA\",\"description\":\"\",\"publisher\":{\"@id\":\"https:\\\/\\\/shop.bantam.ch\\\/fr\\\/#organization\"},\"inLanguage\":\"fr-FR\"},{\"@type\":\"Organization\",\"@id\":\"https:\\\/\\\/shop.bantam.ch\\\/fr\\\/#organization\",\"name\":\"Bantam Wankm\u00fcller SA\",\"url\":\"https:\\\/\\\/shop.bantam.ch\\\/fr\\\/\",\"logo\":{\"@type\":\"ImageObject\",\"inLanguage\":\"fr-FR\",\"@id\":\"https:\\\/\\\/shop.bantam.ch\\\/fr\\\/#\\\/schema\\\/logo\\\/image\\\/\",\"url\":\"https:\\\/\\\/shop.bantam.ch\\\/wp-content\\\/uploads\\\/2022\\\/12\\\/bantam-logo.png\",\"contentUrl\":\"https:\\\/\\\/shop.bantam.ch\\\/wp-content\\\/uploads\\\/2022\\\/12\\\/bantam-logo.png\",\"width\":320,\"height\":71,\"caption\":\"Bantam Wankm\u00fcller SA\"},\"image\":{\"@id\":\"https:\\\/\\\/shop.bantam.ch\\\/fr\\\/#\\\/schema\\\/logo\\\/image\\\/\"}}]}<\/script>\n<!-- \/ Yoast SEO plugin. -->","yoast_head_json":{"title":"S\u00e9parateurs pour tiroirs - Bantam Wankm\u00fcller SA","robots":{"index":"index","follow":"follow","max-snippet":"max-snippet:-1","max-image-preview":"max-image-preview:large","max-video-preview":"max-video-preview:-1"},"canonical":"https:\/\/shop.bantam.ch\/fr\/produit\/separateurs-pour-tiroirs\/","og_locale":"fr_FR","og_type":"article","og_title":"S\u00e9parateurs pour tiroirs - Bantam Wankm\u00fcller SA","og_description":"Le syst\u00e8me d\u2019embo\u00eetement se compose de 8 compartimenteurs, ce qui permet une utilisation variable du compartimentage. Les croisillons longitudinaux et larges en mati\u00e8re plastique flexible offrent une protection de s\u00e9paration optimale pour diff\u00e9rents articles et stabilisent ainsi vos objets pour \u00e9viter tout risque de casse ou de glissement. ll y a beaucoup de dents sur [&hellip;]","og_url":"https:\/\/shop.bantam.ch\/fr\/produit\/separateurs-pour-tiroirs\/","og_site_name":"Bantam Wankm\u00fcller SA","article_modified_time":"2026-04-21T20:46:42+00:00","og_image":[{"width":1500,"height":1189,"url":"https:\/\/shop.bantam.ch\/wp-content\/uploads\/2023\/02\/9953840-100-1-3.png","type":"image\/png"}],"twitter_card":"summary_large_image","twitter_misc":{"Dur\u00e9e de lecture estim\u00e9e":"1 minute"},"schema":{"@context":"https:\/\/schema.org","@graph":[{"@type":"WebPage","@id":"https:\/\/shop.bantam.ch\/fr\/produit\/separateurs-pour-tiroirs\/","url":"https:\/\/shop.bantam.ch\/fr\/produit\/separateurs-pour-tiroirs\/","name":"S\u00e9parateurs pour tiroirs - Bantam Wankm\u00fcller SA","isPartOf":{"@id":"https:\/\/shop.bantam.ch\/fr\/#website"},"primaryImageOfPage":{"@id":"https:\/\/shop.bantam.ch\/fr\/produit\/separateurs-pour-tiroirs\/#primaryimage"},"image":{"@id":"https:\/\/shop.bantam.ch\/fr\/produit\/separateurs-pour-tiroirs\/#primaryimage"},"thumbnailUrl":"https:\/\/shop.bantam.ch\/wp-content\/uploads\/2023\/02\/9953840-100-1-3.png","datePublished":"2023-02-28T03:18:52+00:00","dateModified":"2026-04-21T20:46:42+00:00","breadcrumb":{"@id":"https:\/\/shop.bantam.ch\/fr\/produit\/separateurs-pour-tiroirs\/#breadcrumb"},"inLanguage":"fr-FR","potentialAction":[{"@type":"ReadAction","target":["https:\/\/shop.bantam.ch\/fr\/produit\/separateurs-pour-tiroirs\/"]}]},{"@type":"ImageObject","inLanguage":"fr-FR","@id":"https:\/\/shop.bantam.ch\/fr\/produit\/separateurs-pour-tiroirs\/#primaryimage","url":"https:\/\/shop.bantam.ch\/wp-content\/uploads\/2023\/02\/9953840-100-1-3.png","contentUrl":"https:\/\/shop.bantam.ch\/wp-content\/uploads\/2023\/02\/9953840-100-1-3.png","width":1500,"height":1189},{"@type":"BreadcrumbList","@id":"https:\/\/shop.bantam.ch\/fr\/produit\/separateurs-pour-tiroirs\/#breadcrumb","itemListElement":[{"@type":"ListItem","position":1,"name":"Accueil","item":"https:\/\/shop.bantam.ch\/fr\/"},{"@type":"ListItem","position":2,"name":"Boutique","item":"https:\/\/shop.bantam.ch\/fr\/boutique\/"},{"@type":"ListItem","position":3,"name":"S\u00e9parateurs pour tiroirs"}]},{"@type":"WebSite","@id":"https:\/\/shop.bantam.ch\/fr\/#website","url":"https:\/\/shop.bantam.ch\/fr\/","name":"Bantam Wankm\u00fcller SA","description":"","publisher":{"@id":"https:\/\/shop.bantam.ch\/fr\/#organization"},"inLanguage":"fr-FR"},{"@type":"Organization","@id":"https:\/\/shop.bantam.ch\/fr\/#organization","name":"Bantam Wankm\u00fcller SA","url":"https:\/\/shop.bantam.ch\/fr\/","logo":{"@type":"ImageObject","inLanguage":"fr-FR","@id":"https:\/\/shop.bantam.ch\/fr\/#\/schema\/logo\/image\/","url":"https:\/\/shop.bantam.ch\/wp-content\/uploads\/2022\/12\/bantam-logo.png","contentUrl":"https:\/\/shop.bantam.ch\/wp-content\/uploads\/2022\/12\/bantam-logo.png","width":320,"height":71,"caption":"Bantam Wankm\u00fcller SA"},"image":{"@id":"https:\/\/shop.bantam.ch\/fr\/#\/schema\/logo\/image\/"}}]}},"_links":{"self":[{"href":"https:\/\/shop.bantam.ch\/fr\/wp-json\/wp\/v2\/product\/92957","targetHints":{"allow":["GET"]}}],"collection":[{"href":"https:\/\/shop.bantam.ch\/fr\/wp-json\/wp\/v2\/product"}],"about":[{"href":"https:\/\/shop.bantam.ch\/fr\/wp-json\/wp\/v2\/types\/product"}],"wp:featuredmedia":[{"embeddable":true,"href":"https:\/\/shop.bantam.ch\/fr\/wp-json\/wp\/v2\/media\/92937"}],"wp:attachment":[{"href":"https:\/\/shop.bantam.ch\/fr\/wp-json\/wp\/v2\/media?parent=92957"}],"wp:term":[{"taxonomy":"product_featured_cat","embeddable":true,"href":"https:\/\/shop.bantam.ch\/fr\/wp-json\/wp\/v2\/product_featured_cat?post=92957"},{"taxonomy":"product_brand","embeddable":true,"href":"https:\/\/shop.bantam.ch\/fr\/wp-json\/wp\/v2\/product_brand?post=92957"},{"taxonomy":"product_cat","embeddable":true,"href":"https:\/\/shop.bantam.ch\/fr\/wp-json\/wp\/v2\/product_cat?post=92957"},{"taxonomy":"product_tag","embeddable":true,"href":"https:\/\/shop.bantam.ch\/fr\/wp-json\/wp\/v2\/product_tag?post=92957"}],"curies":[{"name":"wp","href":"https:\/\/api.w.org\/{rel}","templated":true}]}}