{"id":92837,"date":"2023-02-28T04:17:24","date_gmt":"2023-02-28T03:17:24","guid":{"rendered":"http:\/\/shop.bantam.ch\/produit\/installation-satellite-a-recherche-automatique-telesat-bt-65\/"},"modified":"2026-04-17T21:26:25","modified_gmt":"2026-04-17T19:26:25","slug":"installation-satellite-a-recherche-automatique-telesat-bt-65","status":"publish","type":"product","link":"https:\/\/shop.bantam.ch\/fr\/produit\/installation-satellite-a-recherche-automatique-telesat-bt-65\/","title":{"rendered":"Antenne satellite automatique TELECO Telesat BT 65"},"content":{"rendered":"<p><strong>Antenne satellite HD automatique avec 16 satellites enregistr\u00e9s<\/strong><\/p>\n<p>\u00c9quip\u00e9e d\u2019une commande DVB-S2 avec affichage graphique OLED et 2 touches pour lancer la recherche de satellite ou pour rabattre la parabole. Peut \u00e9galement \u00eatre command\u00e9e \u00e0 partir de l\u2019application TELECO par Bluetooth via votre smartphone. En outre, l\u2019unit\u00e9 de commande est \u00e9galement \u00e9quip\u00e9e d\u2019une prise CI-BUS. Toutes les mises \u00e0 jour de logiciel peuvent \u00eatre charg\u00e9es par l\u2019utilisateur directement par Bluetooth via son smartphone, d\u00e8s qu\u2019elles sont mises \u00e0 disposition par l\u2019application TELECO. La Flatsat Classic BT est compatible avec tous les t\u00e9l\u00e9viseurs dot\u00e9s de tuner DVB-S2 et avec tous les r\u00e9cepteurs SAT. Elle est \u00e9galement \u00e9quip\u00e9e d\u2019un syst\u00e8me de s\u00e9curit\u00e9 avec repliement automatique de l\u2019antenne au d\u00e9marrage du moteur du v\u00e9hicule.<\/p>\n<p>Propri\u00e9t\u00e9s et fonctions : <\/p>\n<ul>\n<li>Bras de support r\u00e9sistant \u00e0 la torsion avec profil a\u00e9rodynamique<\/li>\n<li>Moulage par injection sp\u00e9cial en aluminium DIE-CASTING (plus l\u00e9ger et plus dur) avec peinture \u00e9poxy anti-corrosion<\/li>\n<li>Pignons en acier et bronze<\/li>\n<li>Antenne entra\u00een\u00e9e par un moteur, avec pignons en acier et en bronze pour un pointage parfait et toujours stable du satellite<\/li>\n<li>Syst\u00e8mes de s\u00e9curit\u00e9 int\u00e9gr\u00e9s. Rabattement automatique de l\u2019antenne lors du d\u00e9marrage du moteur<\/p>\n<p><strong>Antenne :<\/strong><\/p>\n<ul>\n<li>Dimensions de la parabole\u00a0: 63,5 x 59 cm<\/li>\n<li>Dimensions en position ferm\u00e9e\u00a0: 73 x 19 cm (l x h)<\/li>\n<li>Poids : 9 kg<\/li>\n<\/ul>\n<p>Il existe 5 possibilit\u00e9s diff\u00e9rentes pour commander l\u2019antenne\u00a0:<\/p>\n<ul>\n<li>Actionnement d\u2019une touche sur l\u2019unit\u00e9 de commande<\/li>\n<li>Avec le smartphone via l\u2019application TELECO (gratuite) par Bluetooth<\/li>\n<li>Avec le nouveau mini panneau de commande avec \u00e9cran<\/li>\n<li>Via le panneau de commande CI-BUS (non inclus)<\/li>\n<li>Lorsque l\u2019antenne est combin\u00e9e \u00e0 un t\u00e9l\u00e9viseur Mod TEK de Teleco, elle peut \u00eatre command\u00e9e directement avec la t\u00e9l\u00e9commande de la t\u00e9l\u00e9vision ( confort moderne et \u00e9l\u00e9gance).<\/li>\n<\/ul>\n<p><strong>Unit\u00e9 de commande DVB-S2 HD\u00a0:<\/strong><\/p>\n<ul>\n<li>tension d\u2019alimentation\u00a0: 12\/24 Vdc (10-31 Vdc)<\/li>\n<li>Capacit\u00e9 de charge Consommation : 3,2\u00a0A<\/li>\n<li>Dimensions 160 x 115 x 25 mm<\/li>\n<li>Poids : 250 g<\/li>\n<\/ul>\n<p><strong>Application Teleco<\/strong><br \/>L\u2019application Teleco est disponible gratuitement aussi bien pour iOS que pour Android. En s\u00e9lectionnant le symbole Automatic Antenna, vous acc\u00e9dez \u00e0 un menu sp\u00e9cial contenant toutes les informations qui simplifient l\u2019utilisation de l\u2019antenne\u00a0: compas qui indique la provenance des signaux des satellites s\u00e9lectionn\u00e9s (pour \u00e9viter de garer le v\u00e9hicule \u00e0 proximit\u00e9 d\u2019obstacles), angle de polarisation du LNB pour l\u2019optimisation du signal d\u2019arriv\u00e9e au lieu o\u00f9 le v\u00e9hicule est gar\u00e9.<br \/>Lorsqu\u2019une mise \u00e0 jour du logiciel est disponible, l\u2019utilisateur la re\u00e7oit directement sur l\u2019application et peut la transmettre automatiquement gr\u00e2ce \u00e0 une op\u00e9ration simple avec son smartphone par Bluetooth \u00e0 l\u2019antenne.<\/p>\n<p>Contenu de la livraison :<br \/>1 antenne satellite ext\u00e9rieure<br \/>1 unit\u00e9 de commande DVB-S2, avec tous les c\u00e2bles<br \/>1 panneau de commande<\/p>\n","protected":false},"excerpt":{"rendered":"<p>Antenne satellite HD automatique avec 16 satellites enregistr\u00e9s \u00c9quip\u00e9e d\u2019une commande DVB-S2 avec affichage graphique OLED et 2 touches pour lancer la recherche de satellite ou pour rabattre la parabole. Peut \u00e9galement \u00eatre command\u00e9e \u00e0 partir de l\u2019application TELECO par Bluetooth via votre smartphone. En outre, l\u2019unit\u00e9 de commande est \u00e9galement \u00e9quip\u00e9e d\u2019une prise CI-BUS. [&hellip;]<\/p>\n","protected":false},"featured_media":92827,"template":"","meta":{"_acf_changed":false},"product_featured_cat":[],"product_brand":[3230],"product_cat":[4523],"product_tag":[],"class_list":{"0":"post-92837","1":"product","2":"type-product","3":"status-publish","4":"has-post-thumbnail","6":"product_brand-teleco","7":"product_cat-systemes-satellitaires","9":"first","10":"instock","11":"taxable","12":"shipping-taxable","13":"purchasable","14":"product-type-simple"},"acf":[],"yoast_head":"<!-- This site is optimized with the Yoast SEO plugin v27.4 - https:\/\/yoast.com\/product\/yoast-seo-wordpress\/ -->\n<title>Antenne satellite automatique TELECO Telesat BT 65 - Bantam Wankm\u00fcller SA<\/title>\n<meta name=\"robots\" content=\"index, follow, max-snippet:-1, max-image-preview:large, max-video-preview:-1\" \/>\n<link rel=\"canonical\" href=\"https:\/\/shop.bantam.ch\/fr\/produit\/installation-satellite-a-recherche-automatique-telesat-bt-65\/\" \/>\n<meta property=\"og:locale\" content=\"fr_FR\" \/>\n<meta property=\"og:type\" content=\"article\" \/>\n<meta property=\"og:title\" content=\"Antenne satellite automatique TELECO Telesat BT 65 - Bantam Wankm\u00fcller SA\" \/>\n<meta property=\"og:description\" content=\"Antenne satellite HD automatique avec 16 satellites enregistr\u00e9s \u00c9quip\u00e9e d\u2019une commande DVB-S2 avec affichage graphique OLED et 2 touches pour lancer la recherche de satellite ou pour rabattre la parabole. Peut \u00e9galement \u00eatre command\u00e9e \u00e0 partir de l\u2019application TELECO par Bluetooth via votre smartphone. En outre, l\u2019unit\u00e9 de commande est \u00e9galement \u00e9quip\u00e9e d\u2019une prise CI-BUS. [&hellip;]\" \/>\n<meta property=\"og:url\" content=\"https:\/\/shop.bantam.ch\/fr\/produit\/installation-satellite-a-recherche-automatique-telesat-bt-65\/\" \/>\n<meta property=\"og:site_name\" content=\"Bantam Wankm\u00fcller SA\" \/>\n<meta property=\"article:modified_time\" content=\"2026-04-17T19:26:25+00:00\" \/>\n<meta property=\"og:image\" content=\"https:\/\/shop.bantam.ch\/wp-content\/uploads\/2023\/02\/995367211mLuS2CJrE0T9a.jpg\" \/>\n\t<meta property=\"og:image:width\" content=\"751\" \/>\n\t<meta property=\"og:image:height\" content=\"1000\" \/>\n\t<meta property=\"og:image:type\" content=\"image\/jpeg\" \/>\n<meta name=\"twitter:card\" content=\"summary_large_image\" \/>\n<meta name=\"twitter:label1\" content=\"Dur\u00e9e de lecture estim\u00e9e\" \/>\n\t<meta name=\"twitter:data1\" content=\"2 minutes\" \/>\n<script type=\"application\/ld+json\" class=\"yoast-schema-graph\">{\"@context\":\"https:\\\/\\\/schema.org\",\"@graph\":[{\"@type\":\"WebPage\",\"@id\":\"https:\\\/\\\/shop.bantam.ch\\\/fr\\\/produit\\\/installation-satellite-a-recherche-automatique-telesat-bt-65\\\/\",\"url\":\"https:\\\/\\\/shop.bantam.ch\\\/fr\\\/produit\\\/installation-satellite-a-recherche-automatique-telesat-bt-65\\\/\",\"name\":\"Antenne satellite automatique TELECO Telesat BT 65 - Bantam Wankm\u00fcller SA\",\"isPartOf\":{\"@id\":\"https:\\\/\\\/shop.bantam.ch\\\/fr\\\/#website\"},\"primaryImageOfPage\":{\"@id\":\"https:\\\/\\\/shop.bantam.ch\\\/fr\\\/produit\\\/installation-satellite-a-recherche-automatique-telesat-bt-65\\\/#primaryimage\"},\"image\":{\"@id\":\"https:\\\/\\\/shop.bantam.ch\\\/fr\\\/produit\\\/installation-satellite-a-recherche-automatique-telesat-bt-65\\\/#primaryimage\"},\"thumbnailUrl\":\"https:\\\/\\\/shop.bantam.ch\\\/wp-content\\\/uploads\\\/2023\\\/02\\\/995367211mLuS2CJrE0T9a.jpg\",\"datePublished\":\"2023-02-28T03:17:24+00:00\",\"dateModified\":\"2026-04-17T19:26:25+00:00\",\"breadcrumb\":{\"@id\":\"https:\\\/\\\/shop.bantam.ch\\\/fr\\\/produit\\\/installation-satellite-a-recherche-automatique-telesat-bt-65\\\/#breadcrumb\"},\"inLanguage\":\"fr-FR\",\"potentialAction\":[{\"@type\":\"ReadAction\",\"target\":[\"https:\\\/\\\/shop.bantam.ch\\\/fr\\\/produit\\\/installation-satellite-a-recherche-automatique-telesat-bt-65\\\/\"]}]},{\"@type\":\"ImageObject\",\"inLanguage\":\"fr-FR\",\"@id\":\"https:\\\/\\\/shop.bantam.ch\\\/fr\\\/produit\\\/installation-satellite-a-recherche-automatique-telesat-bt-65\\\/#primaryimage\",\"url\":\"https:\\\/\\\/shop.bantam.ch\\\/wp-content\\\/uploads\\\/2023\\\/02\\\/995367211mLuS2CJrE0T9a.jpg\",\"contentUrl\":\"https:\\\/\\\/shop.bantam.ch\\\/wp-content\\\/uploads\\\/2023\\\/02\\\/995367211mLuS2CJrE0T9a.jpg\",\"width\":751,\"height\":1000},{\"@type\":\"BreadcrumbList\",\"@id\":\"https:\\\/\\\/shop.bantam.ch\\\/fr\\\/produit\\\/installation-satellite-a-recherche-automatique-telesat-bt-65\\\/#breadcrumb\",\"itemListElement\":[{\"@type\":\"ListItem\",\"position\":1,\"name\":\"Accueil\",\"item\":\"https:\\\/\\\/shop.bantam.ch\\\/fr\\\/\"},{\"@type\":\"ListItem\",\"position\":2,\"name\":\"Boutique\",\"item\":\"https:\\\/\\\/shop.bantam.ch\\\/fr\\\/boutique\\\/\"},{\"@type\":\"ListItem\",\"position\":3,\"name\":\"Antenne satellite automatique TELECO Telesat BT 65\"}]},{\"@type\":\"WebSite\",\"@id\":\"https:\\\/\\\/shop.bantam.ch\\\/fr\\\/#website\",\"url\":\"https:\\\/\\\/shop.bantam.ch\\\/fr\\\/\",\"name\":\"Bantam Wankm\u00fcller SA\",\"description\":\"\",\"publisher\":{\"@id\":\"https:\\\/\\\/shop.bantam.ch\\\/fr\\\/#organization\"},\"inLanguage\":\"fr-FR\"},{\"@type\":\"Organization\",\"@id\":\"https:\\\/\\\/shop.bantam.ch\\\/fr\\\/#organization\",\"name\":\"Bantam Wankm\u00fcller SA\",\"url\":\"https:\\\/\\\/shop.bantam.ch\\\/fr\\\/\",\"logo\":{\"@type\":\"ImageObject\",\"inLanguage\":\"fr-FR\",\"@id\":\"https:\\\/\\\/shop.bantam.ch\\\/fr\\\/#\\\/schema\\\/logo\\\/image\\\/\",\"url\":\"https:\\\/\\\/shop.bantam.ch\\\/wp-content\\\/uploads\\\/2022\\\/12\\\/bantam-logo.png\",\"contentUrl\":\"https:\\\/\\\/shop.bantam.ch\\\/wp-content\\\/uploads\\\/2022\\\/12\\\/bantam-logo.png\",\"width\":320,\"height\":71,\"caption\":\"Bantam Wankm\u00fcller SA\"},\"image\":{\"@id\":\"https:\\\/\\\/shop.bantam.ch\\\/fr\\\/#\\\/schema\\\/logo\\\/image\\\/\"}}]}<\/script>\n<!-- \/ Yoast SEO plugin. -->","yoast_head_json":{"title":"Antenne satellite automatique TELECO Telesat BT 65 - Bantam Wankm\u00fcller SA","robots":{"index":"index","follow":"follow","max-snippet":"max-snippet:-1","max-image-preview":"max-image-preview:large","max-video-preview":"max-video-preview:-1"},"canonical":"https:\/\/shop.bantam.ch\/fr\/produit\/installation-satellite-a-recherche-automatique-telesat-bt-65\/","og_locale":"fr_FR","og_type":"article","og_title":"Antenne satellite automatique TELECO Telesat BT 65 - Bantam Wankm\u00fcller SA","og_description":"Antenne satellite HD automatique avec 16 satellites enregistr\u00e9s \u00c9quip\u00e9e d\u2019une commande DVB-S2 avec affichage graphique OLED et 2 touches pour lancer la recherche de satellite ou pour rabattre la parabole. Peut \u00e9galement \u00eatre command\u00e9e \u00e0 partir de l\u2019application TELECO par Bluetooth via votre smartphone. En outre, l\u2019unit\u00e9 de commande est \u00e9galement \u00e9quip\u00e9e d\u2019une prise CI-BUS. [&hellip;]","og_url":"https:\/\/shop.bantam.ch\/fr\/produit\/installation-satellite-a-recherche-automatique-telesat-bt-65\/","og_site_name":"Bantam Wankm\u00fcller SA","article_modified_time":"2026-04-17T19:26:25+00:00","og_image":[{"width":751,"height":1000,"url":"https:\/\/shop.bantam.ch\/wp-content\/uploads\/2023\/02\/995367211mLuS2CJrE0T9a.jpg","type":"image\/jpeg"}],"twitter_card":"summary_large_image","twitter_misc":{"Dur\u00e9e de lecture estim\u00e9e":"2 minutes"},"schema":{"@context":"https:\/\/schema.org","@graph":[{"@type":"WebPage","@id":"https:\/\/shop.bantam.ch\/fr\/produit\/installation-satellite-a-recherche-automatique-telesat-bt-65\/","url":"https:\/\/shop.bantam.ch\/fr\/produit\/installation-satellite-a-recherche-automatique-telesat-bt-65\/","name":"Antenne satellite automatique TELECO Telesat BT 65 - Bantam Wankm\u00fcller SA","isPartOf":{"@id":"https:\/\/shop.bantam.ch\/fr\/#website"},"primaryImageOfPage":{"@id":"https:\/\/shop.bantam.ch\/fr\/produit\/installation-satellite-a-recherche-automatique-telesat-bt-65\/#primaryimage"},"image":{"@id":"https:\/\/shop.bantam.ch\/fr\/produit\/installation-satellite-a-recherche-automatique-telesat-bt-65\/#primaryimage"},"thumbnailUrl":"https:\/\/shop.bantam.ch\/wp-content\/uploads\/2023\/02\/995367211mLuS2CJrE0T9a.jpg","datePublished":"2023-02-28T03:17:24+00:00","dateModified":"2026-04-17T19:26:25+00:00","breadcrumb":{"@id":"https:\/\/shop.bantam.ch\/fr\/produit\/installation-satellite-a-recherche-automatique-telesat-bt-65\/#breadcrumb"},"inLanguage":"fr-FR","potentialAction":[{"@type":"ReadAction","target":["https:\/\/shop.bantam.ch\/fr\/produit\/installation-satellite-a-recherche-automatique-telesat-bt-65\/"]}]},{"@type":"ImageObject","inLanguage":"fr-FR","@id":"https:\/\/shop.bantam.ch\/fr\/produit\/installation-satellite-a-recherche-automatique-telesat-bt-65\/#primaryimage","url":"https:\/\/shop.bantam.ch\/wp-content\/uploads\/2023\/02\/995367211mLuS2CJrE0T9a.jpg","contentUrl":"https:\/\/shop.bantam.ch\/wp-content\/uploads\/2023\/02\/995367211mLuS2CJrE0T9a.jpg","width":751,"height":1000},{"@type":"BreadcrumbList","@id":"https:\/\/shop.bantam.ch\/fr\/produit\/installation-satellite-a-recherche-automatique-telesat-bt-65\/#breadcrumb","itemListElement":[{"@type":"ListItem","position":1,"name":"Accueil","item":"https:\/\/shop.bantam.ch\/fr\/"},{"@type":"ListItem","position":2,"name":"Boutique","item":"https:\/\/shop.bantam.ch\/fr\/boutique\/"},{"@type":"ListItem","position":3,"name":"Antenne satellite automatique TELECO Telesat BT 65"}]},{"@type":"WebSite","@id":"https:\/\/shop.bantam.ch\/fr\/#website","url":"https:\/\/shop.bantam.ch\/fr\/","name":"Bantam Wankm\u00fcller SA","description":"","publisher":{"@id":"https:\/\/shop.bantam.ch\/fr\/#organization"},"inLanguage":"fr-FR"},{"@type":"Organization","@id":"https:\/\/shop.bantam.ch\/fr\/#organization","name":"Bantam Wankm\u00fcller SA","url":"https:\/\/shop.bantam.ch\/fr\/","logo":{"@type":"ImageObject","inLanguage":"fr-FR","@id":"https:\/\/shop.bantam.ch\/fr\/#\/schema\/logo\/image\/","url":"https:\/\/shop.bantam.ch\/wp-content\/uploads\/2022\/12\/bantam-logo.png","contentUrl":"https:\/\/shop.bantam.ch\/wp-content\/uploads\/2022\/12\/bantam-logo.png","width":320,"height":71,"caption":"Bantam Wankm\u00fcller SA"},"image":{"@id":"https:\/\/shop.bantam.ch\/fr\/#\/schema\/logo\/image\/"}}]}},"_links":{"self":[{"href":"https:\/\/shop.bantam.ch\/fr\/wp-json\/wp\/v2\/product\/92837","targetHints":{"allow":["GET"]}}],"collection":[{"href":"https:\/\/shop.bantam.ch\/fr\/wp-json\/wp\/v2\/product"}],"about":[{"href":"https:\/\/shop.bantam.ch\/fr\/wp-json\/wp\/v2\/types\/product"}],"wp:featuredmedia":[{"embeddable":true,"href":"https:\/\/shop.bantam.ch\/fr\/wp-json\/wp\/v2\/media\/92827"}],"wp:attachment":[{"href":"https:\/\/shop.bantam.ch\/fr\/wp-json\/wp\/v2\/media?parent=92837"}],"wp:term":[{"taxonomy":"product_featured_cat","embeddable":true,"href":"https:\/\/shop.bantam.ch\/fr\/wp-json\/wp\/v2\/product_featured_cat?post=92837"},{"taxonomy":"product_brand","embeddable":true,"href":"https:\/\/shop.bantam.ch\/fr\/wp-json\/wp\/v2\/product_brand?post=92837"},{"taxonomy":"product_cat","embeddable":true,"href":"https:\/\/shop.bantam.ch\/fr\/wp-json\/wp\/v2\/product_cat?post=92837"},{"taxonomy":"product_tag","embeddable":true,"href":"https:\/\/shop.bantam.ch\/fr\/wp-json\/wp\/v2\/product_tag?post=92837"}],"curies":[{"name":"wp","href":"https:\/\/api.w.org\/{rel}","templated":true}]}}