{"id":92325,"date":"2023-02-28T04:11:30","date_gmt":"2023-02-28T03:11:30","guid":{"rendered":"http:\/\/shop.bantam.ch\/produit\/borne-de-polarite-de-batterie-175-mm-avec-coupe-circuit\/"},"modified":"2026-04-18T21:27:00","modified_gmt":"2026-04-18T19:27:00","slug":"borne-de-polarite-de-batterie-175-mm-avec-coupe-circuit","status":"publish","type":"product","link":"https:\/\/shop.bantam.ch\/fr\/produit\/borne-de-polarite-de-batterie-175-mm-avec-coupe-circuit\/","title":{"rendered":"Jeu de bornes de batterie PAT 17,5 mm avec disjoncteur"},"content":{"rendered":"<p>Disjoncteur de batterie pour voitures, caravanes et camping-cars \u00d8 (-) 17,5 mm.<\/p>\n<p>Propri\u00e9t\u00e9s et fonctions :<\/p>\n<ul>\n<li>Pour \u00e9viter les courts-circuits et les d\u00e9charges ind\u00e9sirables de la batterie.<\/li>\n<li>Emp\u00eache tout fonctionnement non autoris\u00e9 (protection contre le vol)<\/li>\n<li>Pour la connexion \u00e0 la cosse n\u00e9gative de la batterie avec un diam\u00e8tre maximal Diam\u00e8tre 16 mm<\/li>\n<li>Consommation permanente maximale : 125 A<\/li>\n<li>Consommation maximale : 500 A (court terme)<\/li>\n<li>Convient pour : 6-24 V<\/li>\n<\/ul>\n","protected":false},"excerpt":{"rendered":"<p>Disjoncteur de batterie pour voitures, caravanes et camping-cars \u00d8 (-) 17,5 mm. Propri\u00e9t\u00e9s et fonctions : Pour \u00e9viter les courts-circuits et les d\u00e9charges ind\u00e9sirables de la batterie. Emp\u00eache tout fonctionnement non autoris\u00e9 (protection contre le vol) Pour la connexion \u00e0 la cosse n\u00e9gative de la batterie avec un diam\u00e8tre maximal Diam\u00e8tre 16 mm Consommation permanente [&hellip;]<\/p>\n","protected":false},"featured_media":92317,"template":"","meta":{"_acf_changed":false},"product_featured_cat":[],"product_brand":[3468],"product_cat":[5119],"product_tag":[],"class_list":{"0":"post-92325","1":"product","2":"type-product","3":"status-publish","4":"has-post-thumbnail","6":"product_brand-proplus","7":"product_cat-supports-de-batterie-et-pinces","9":"first","10":"instock","11":"taxable","12":"shipping-taxable","13":"purchasable","14":"product-type-simple"},"acf":[],"yoast_head":"<!-- This site is optimized with the Yoast SEO plugin v27.4 - https:\/\/yoast.com\/product\/yoast-seo-wordpress\/ -->\n<title>Jeu de bornes de batterie PAT 17,5 mm avec disjoncteur - Bantam Wankm\u00fcller SA<\/title>\n<meta name=\"robots\" content=\"index, follow, max-snippet:-1, max-image-preview:large, max-video-preview:-1\" \/>\n<link rel=\"canonical\" href=\"https:\/\/shop.bantam.ch\/fr\/produit\/borne-de-polarite-de-batterie-175-mm-avec-coupe-circuit\/\" \/>\n<meta property=\"og:locale\" content=\"fr_FR\" \/>\n<meta property=\"og:type\" content=\"article\" \/>\n<meta property=\"og:title\" content=\"Jeu de bornes de batterie PAT 17,5 mm avec disjoncteur - Bantam Wankm\u00fcller SA\" \/>\n<meta property=\"og:description\" content=\"Disjoncteur de batterie pour voitures, caravanes et camping-cars \u00d8 (-) 17,5 mm. Propri\u00e9t\u00e9s et fonctions : Pour \u00e9viter les courts-circuits et les d\u00e9charges ind\u00e9sirables de la batterie. Emp\u00eache tout fonctionnement non autoris\u00e9 (protection contre le vol) Pour la connexion \u00e0 la cosse n\u00e9gative de la batterie avec un diam\u00e8tre maximal Diam\u00e8tre 16 mm Consommation permanente [&hellip;]\" \/>\n<meta property=\"og:url\" content=\"https:\/\/shop.bantam.ch\/fr\/produit\/borne-de-polarite-de-batterie-175-mm-avec-coupe-circuit\/\" \/>\n<meta property=\"og:site_name\" content=\"Bantam Wankm\u00fcller SA\" \/>\n<meta property=\"article:modified_time\" content=\"2026-04-18T19:27:00+00:00\" \/>\n<meta property=\"og:image\" content=\"https:\/\/shop.bantam.ch\/wp-content\/uploads\/2023\/02\/996013911.jpg\" \/>\n\t<meta property=\"og:image:width\" content=\"1000\" \/>\n\t<meta property=\"og:image:height\" content=\"1000\" \/>\n\t<meta property=\"og:image:type\" content=\"image\/jpeg\" \/>\n<meta name=\"twitter:card\" content=\"summary_large_image\" \/>\n<script type=\"application\/ld+json\" class=\"yoast-schema-graph\">{\"@context\":\"https:\\\/\\\/schema.org\",\"@graph\":[{\"@type\":\"WebPage\",\"@id\":\"https:\\\/\\\/shop.bantam.ch\\\/fr\\\/produit\\\/borne-de-polarite-de-batterie-175-mm-avec-coupe-circuit\\\/\",\"url\":\"https:\\\/\\\/shop.bantam.ch\\\/fr\\\/produit\\\/borne-de-polarite-de-batterie-175-mm-avec-coupe-circuit\\\/\",\"name\":\"Jeu de bornes de batterie PAT 17,5 mm avec disjoncteur - Bantam Wankm\u00fcller SA\",\"isPartOf\":{\"@id\":\"https:\\\/\\\/shop.bantam.ch\\\/fr\\\/#website\"},\"primaryImageOfPage\":{\"@id\":\"https:\\\/\\\/shop.bantam.ch\\\/fr\\\/produit\\\/borne-de-polarite-de-batterie-175-mm-avec-coupe-circuit\\\/#primaryimage\"},\"image\":{\"@id\":\"https:\\\/\\\/shop.bantam.ch\\\/fr\\\/produit\\\/borne-de-polarite-de-batterie-175-mm-avec-coupe-circuit\\\/#primaryimage\"},\"thumbnailUrl\":\"https:\\\/\\\/shop.bantam.ch\\\/wp-content\\\/uploads\\\/2023\\\/02\\\/996013911.jpg\",\"datePublished\":\"2023-02-28T03:11:30+00:00\",\"dateModified\":\"2026-04-18T19:27:00+00:00\",\"breadcrumb\":{\"@id\":\"https:\\\/\\\/shop.bantam.ch\\\/fr\\\/produit\\\/borne-de-polarite-de-batterie-175-mm-avec-coupe-circuit\\\/#breadcrumb\"},\"inLanguage\":\"fr-FR\",\"potentialAction\":[{\"@type\":\"ReadAction\",\"target\":[\"https:\\\/\\\/shop.bantam.ch\\\/fr\\\/produit\\\/borne-de-polarite-de-batterie-175-mm-avec-coupe-circuit\\\/\"]}]},{\"@type\":\"ImageObject\",\"inLanguage\":\"fr-FR\",\"@id\":\"https:\\\/\\\/shop.bantam.ch\\\/fr\\\/produit\\\/borne-de-polarite-de-batterie-175-mm-avec-coupe-circuit\\\/#primaryimage\",\"url\":\"https:\\\/\\\/shop.bantam.ch\\\/wp-content\\\/uploads\\\/2023\\\/02\\\/996013911.jpg\",\"contentUrl\":\"https:\\\/\\\/shop.bantam.ch\\\/wp-content\\\/uploads\\\/2023\\\/02\\\/996013911.jpg\",\"width\":1000,\"height\":1000},{\"@type\":\"BreadcrumbList\",\"@id\":\"https:\\\/\\\/shop.bantam.ch\\\/fr\\\/produit\\\/borne-de-polarite-de-batterie-175-mm-avec-coupe-circuit\\\/#breadcrumb\",\"itemListElement\":[{\"@type\":\"ListItem\",\"position\":1,\"name\":\"Accueil\",\"item\":\"https:\\\/\\\/shop.bantam.ch\\\/fr\\\/\"},{\"@type\":\"ListItem\",\"position\":2,\"name\":\"Boutique\",\"item\":\"https:\\\/\\\/shop.bantam.ch\\\/fr\\\/boutique\\\/\"},{\"@type\":\"ListItem\",\"position\":3,\"name\":\"Jeu de bornes de batterie PAT 17,5 mm avec disjoncteur\"}]},{\"@type\":\"WebSite\",\"@id\":\"https:\\\/\\\/shop.bantam.ch\\\/fr\\\/#website\",\"url\":\"https:\\\/\\\/shop.bantam.ch\\\/fr\\\/\",\"name\":\"Bantam Wankm\u00fcller SA\",\"description\":\"\",\"publisher\":{\"@id\":\"https:\\\/\\\/shop.bantam.ch\\\/fr\\\/#organization\"},\"inLanguage\":\"fr-FR\"},{\"@type\":\"Organization\",\"@id\":\"https:\\\/\\\/shop.bantam.ch\\\/fr\\\/#organization\",\"name\":\"Bantam Wankm\u00fcller SA\",\"url\":\"https:\\\/\\\/shop.bantam.ch\\\/fr\\\/\",\"logo\":{\"@type\":\"ImageObject\",\"inLanguage\":\"fr-FR\",\"@id\":\"https:\\\/\\\/shop.bantam.ch\\\/fr\\\/#\\\/schema\\\/logo\\\/image\\\/\",\"url\":\"https:\\\/\\\/shop.bantam.ch\\\/wp-content\\\/uploads\\\/2022\\\/12\\\/bantam-logo.png\",\"contentUrl\":\"https:\\\/\\\/shop.bantam.ch\\\/wp-content\\\/uploads\\\/2022\\\/12\\\/bantam-logo.png\",\"width\":320,\"height\":71,\"caption\":\"Bantam Wankm\u00fcller SA\"},\"image\":{\"@id\":\"https:\\\/\\\/shop.bantam.ch\\\/fr\\\/#\\\/schema\\\/logo\\\/image\\\/\"}}]}<\/script>\n<!-- \/ Yoast SEO plugin. -->","yoast_head_json":{"title":"Jeu de bornes de batterie PAT 17,5 mm avec disjoncteur - Bantam Wankm\u00fcller SA","robots":{"index":"index","follow":"follow","max-snippet":"max-snippet:-1","max-image-preview":"max-image-preview:large","max-video-preview":"max-video-preview:-1"},"canonical":"https:\/\/shop.bantam.ch\/fr\/produit\/borne-de-polarite-de-batterie-175-mm-avec-coupe-circuit\/","og_locale":"fr_FR","og_type":"article","og_title":"Jeu de bornes de batterie PAT 17,5 mm avec disjoncteur - Bantam Wankm\u00fcller SA","og_description":"Disjoncteur de batterie pour voitures, caravanes et camping-cars \u00d8 (-) 17,5 mm. Propri\u00e9t\u00e9s et fonctions : Pour \u00e9viter les courts-circuits et les d\u00e9charges ind\u00e9sirables de la batterie. Emp\u00eache tout fonctionnement non autoris\u00e9 (protection contre le vol) Pour la connexion \u00e0 la cosse n\u00e9gative de la batterie avec un diam\u00e8tre maximal Diam\u00e8tre 16 mm Consommation permanente [&hellip;]","og_url":"https:\/\/shop.bantam.ch\/fr\/produit\/borne-de-polarite-de-batterie-175-mm-avec-coupe-circuit\/","og_site_name":"Bantam Wankm\u00fcller SA","article_modified_time":"2026-04-18T19:27:00+00:00","og_image":[{"width":1000,"height":1000,"url":"https:\/\/shop.bantam.ch\/wp-content\/uploads\/2023\/02\/996013911.jpg","type":"image\/jpeg"}],"twitter_card":"summary_large_image","schema":{"@context":"https:\/\/schema.org","@graph":[{"@type":"WebPage","@id":"https:\/\/shop.bantam.ch\/fr\/produit\/borne-de-polarite-de-batterie-175-mm-avec-coupe-circuit\/","url":"https:\/\/shop.bantam.ch\/fr\/produit\/borne-de-polarite-de-batterie-175-mm-avec-coupe-circuit\/","name":"Jeu de bornes de batterie PAT 17,5 mm avec disjoncteur - Bantam Wankm\u00fcller SA","isPartOf":{"@id":"https:\/\/shop.bantam.ch\/fr\/#website"},"primaryImageOfPage":{"@id":"https:\/\/shop.bantam.ch\/fr\/produit\/borne-de-polarite-de-batterie-175-mm-avec-coupe-circuit\/#primaryimage"},"image":{"@id":"https:\/\/shop.bantam.ch\/fr\/produit\/borne-de-polarite-de-batterie-175-mm-avec-coupe-circuit\/#primaryimage"},"thumbnailUrl":"https:\/\/shop.bantam.ch\/wp-content\/uploads\/2023\/02\/996013911.jpg","datePublished":"2023-02-28T03:11:30+00:00","dateModified":"2026-04-18T19:27:00+00:00","breadcrumb":{"@id":"https:\/\/shop.bantam.ch\/fr\/produit\/borne-de-polarite-de-batterie-175-mm-avec-coupe-circuit\/#breadcrumb"},"inLanguage":"fr-FR","potentialAction":[{"@type":"ReadAction","target":["https:\/\/shop.bantam.ch\/fr\/produit\/borne-de-polarite-de-batterie-175-mm-avec-coupe-circuit\/"]}]},{"@type":"ImageObject","inLanguage":"fr-FR","@id":"https:\/\/shop.bantam.ch\/fr\/produit\/borne-de-polarite-de-batterie-175-mm-avec-coupe-circuit\/#primaryimage","url":"https:\/\/shop.bantam.ch\/wp-content\/uploads\/2023\/02\/996013911.jpg","contentUrl":"https:\/\/shop.bantam.ch\/wp-content\/uploads\/2023\/02\/996013911.jpg","width":1000,"height":1000},{"@type":"BreadcrumbList","@id":"https:\/\/shop.bantam.ch\/fr\/produit\/borne-de-polarite-de-batterie-175-mm-avec-coupe-circuit\/#breadcrumb","itemListElement":[{"@type":"ListItem","position":1,"name":"Accueil","item":"https:\/\/shop.bantam.ch\/fr\/"},{"@type":"ListItem","position":2,"name":"Boutique","item":"https:\/\/shop.bantam.ch\/fr\/boutique\/"},{"@type":"ListItem","position":3,"name":"Jeu de bornes de batterie PAT 17,5 mm avec disjoncteur"}]},{"@type":"WebSite","@id":"https:\/\/shop.bantam.ch\/fr\/#website","url":"https:\/\/shop.bantam.ch\/fr\/","name":"Bantam Wankm\u00fcller SA","description":"","publisher":{"@id":"https:\/\/shop.bantam.ch\/fr\/#organization"},"inLanguage":"fr-FR"},{"@type":"Organization","@id":"https:\/\/shop.bantam.ch\/fr\/#organization","name":"Bantam Wankm\u00fcller SA","url":"https:\/\/shop.bantam.ch\/fr\/","logo":{"@type":"ImageObject","inLanguage":"fr-FR","@id":"https:\/\/shop.bantam.ch\/fr\/#\/schema\/logo\/image\/","url":"https:\/\/shop.bantam.ch\/wp-content\/uploads\/2022\/12\/bantam-logo.png","contentUrl":"https:\/\/shop.bantam.ch\/wp-content\/uploads\/2022\/12\/bantam-logo.png","width":320,"height":71,"caption":"Bantam Wankm\u00fcller SA"},"image":{"@id":"https:\/\/shop.bantam.ch\/fr\/#\/schema\/logo\/image\/"}}]}},"_links":{"self":[{"href":"https:\/\/shop.bantam.ch\/fr\/wp-json\/wp\/v2\/product\/92325","targetHints":{"allow":["GET"]}}],"collection":[{"href":"https:\/\/shop.bantam.ch\/fr\/wp-json\/wp\/v2\/product"}],"about":[{"href":"https:\/\/shop.bantam.ch\/fr\/wp-json\/wp\/v2\/types\/product"}],"wp:featuredmedia":[{"embeddable":true,"href":"https:\/\/shop.bantam.ch\/fr\/wp-json\/wp\/v2\/media\/92317"}],"wp:attachment":[{"href":"https:\/\/shop.bantam.ch\/fr\/wp-json\/wp\/v2\/media?parent=92325"}],"wp:term":[{"taxonomy":"product_featured_cat","embeddable":true,"href":"https:\/\/shop.bantam.ch\/fr\/wp-json\/wp\/v2\/product_featured_cat?post=92325"},{"taxonomy":"product_brand","embeddable":true,"href":"https:\/\/shop.bantam.ch\/fr\/wp-json\/wp\/v2\/product_brand?post=92325"},{"taxonomy":"product_cat","embeddable":true,"href":"https:\/\/shop.bantam.ch\/fr\/wp-json\/wp\/v2\/product_cat?post=92325"},{"taxonomy":"product_tag","embeddable":true,"href":"https:\/\/shop.bantam.ch\/fr\/wp-json\/wp\/v2\/product_tag?post=92325"}],"curies":[{"name":"wp","href":"https:\/\/api.w.org\/{rel}","templated":true}]}}