{"id":92307,"date":"2023-02-28T04:11:11","date_gmt":"2023-02-28T03:11:11","guid":{"rendered":"http:\/\/shop.bantam.ch\/produit\/onduleur-sinusoidal\/"},"modified":"2026-04-17T22:43:42","modified_gmt":"2026-04-17T20:43:42","slug":"onduleur-sinusoidal","status":"publish","type":"product","link":"https:\/\/shop.bantam.ch\/fr\/produit\/onduleur-sinusoidal\/","title":{"rendered":"Onduleur sinuso\u00efdal"},"content":{"rendered":"<\/li>\n<li>Raccordement\u00a0: port USB 2 A, 2 prises Schuko<\/li>\n<li>Forme d\u2019onde de sortie : onde sinuso\u00efdale pure<\/p>\n<ul>\n<li>Jusqu&rsquo;\u00e0 12 heures d&rsquo;utilisation continue<\/li>\n<li>\u00c9cran LCD multifonctionnel int\u00e9gr\u00e9<\/li>\n<li>Mode de fonctionnement et affichage des erreurs<\/li>\n<li>Bo\u00eetier en coul\u00e9e continue compact et robuste<\/li>\n<li>Mode \u00e9conomie d&rsquo;\u00e9nergie : oui<\/li>\n<li>Connecteur d\u2019\u00e9cran: oui<\/li>\n<li>Connecteur de capteur de courant : oui<\/li>\n<li>Port de communication : oui<\/li>\n<li>Module capteur de courant en option (RINVCM)<\/li>\n<li>Module Bluetooth en option (RINVBM)<\/li>\n<li>Kit de montage pour \u00e9cran en option (RINVFRM)<\/li>\n<\/ul>\n","protected":false},"excerpt":{"rendered":"<p>Raccordement\u00a0: port USB 2 A, 2 prises Schuko Forme d\u2019onde de sortie : onde sinuso\u00efdale pure Jusqu&rsquo;\u00e0 12 heures d&rsquo;utilisation continue \u00c9cran LCD multifonctionnel int\u00e9gr\u00e9 Mode de fonctionnement et affichage des erreurs Bo\u00eetier en coul\u00e9e continue compact et robuste Mode \u00e9conomie d&rsquo;\u00e9nergie : oui Connecteur d\u2019\u00e9cran: oui Connecteur de capteur de courant : oui Port [&hellip;]<\/p>\n","protected":false},"featured_media":92299,"template":"","meta":{"_acf_changed":false},"product_featured_cat":[],"product_brand":[3220],"product_cat":[4169],"product_tag":[],"class_list":{"0":"post-92307","1":"product","2":"type-product","3":"status-publish","4":"has-post-thumbnail","6":"product_brand-ring","7":"product_cat-onduleurs","9":"first","10":"instock","11":"taxable","12":"shipping-taxable","13":"purchasable","14":"product-type-variable"},"acf":[],"yoast_head":"<!-- This site is optimized with the Yoast SEO plugin v27.4 - https:\/\/yoast.com\/product\/yoast-seo-wordpress\/ -->\n<title>Onduleur sinuso\u00efdal - Bantam Wankm\u00fcller SA<\/title>\n<meta name=\"robots\" content=\"index, follow, max-snippet:-1, max-image-preview:large, max-video-preview:-1\" \/>\n<link rel=\"canonical\" href=\"https:\/\/shop.bantam.ch\/fr\/produit\/onduleur-sinusoidal\/\" \/>\n<meta property=\"og:locale\" content=\"fr_FR\" \/>\n<meta property=\"og:type\" content=\"article\" \/>\n<meta property=\"og:title\" content=\"Onduleur sinuso\u00efdal - Bantam Wankm\u00fcller SA\" \/>\n<meta property=\"og:description\" content=\"Raccordement\u00a0: port USB 2 A, 2 prises Schuko Forme d\u2019onde de sortie : onde sinuso\u00efdale pure Jusqu&rsquo;\u00e0 12 heures d&rsquo;utilisation continue \u00c9cran LCD multifonctionnel int\u00e9gr\u00e9 Mode de fonctionnement et affichage des erreurs Bo\u00eetier en coul\u00e9e continue compact et robuste Mode \u00e9conomie d&rsquo;\u00e9nergie : oui Connecteur d\u2019\u00e9cran: oui Connecteur de capteur de courant : oui Port [&hellip;]\" \/>\n<meta property=\"og:url\" content=\"https:\/\/shop.bantam.ch\/fr\/produit\/onduleur-sinusoidal\/\" \/>\n<meta property=\"og:site_name\" content=\"Bantam Wankm\u00fcller SA\" \/>\n<meta property=\"article:modified_time\" content=\"2026-04-17T20:43:42+00:00\" \/>\n<meta property=\"og:image\" content=\"https:\/\/shop.bantam.ch\/wp-content\/uploads\/2023\/02\/9960149-100-1-3.jpg\" \/>\n\t<meta property=\"og:image:width\" content=\"500\" \/>\n\t<meta property=\"og:image:height\" content=\"252\" \/>\n\t<meta property=\"og:image:type\" content=\"image\/jpeg\" \/>\n<meta name=\"twitter:card\" content=\"summary_large_image\" \/>\n<script type=\"application\/ld+json\" class=\"yoast-schema-graph\">{\"@context\":\"https:\\\/\\\/schema.org\",\"@graph\":[{\"@type\":\"WebPage\",\"@id\":\"https:\\\/\\\/shop.bantam.ch\\\/fr\\\/produit\\\/onduleur-sinusoidal\\\/\",\"url\":\"https:\\\/\\\/shop.bantam.ch\\\/fr\\\/produit\\\/onduleur-sinusoidal\\\/\",\"name\":\"Onduleur sinuso\u00efdal - Bantam Wankm\u00fcller SA\",\"isPartOf\":{\"@id\":\"https:\\\/\\\/shop.bantam.ch\\\/fr\\\/#website\"},\"primaryImageOfPage\":{\"@id\":\"https:\\\/\\\/shop.bantam.ch\\\/fr\\\/produit\\\/onduleur-sinusoidal\\\/#primaryimage\"},\"image\":{\"@id\":\"https:\\\/\\\/shop.bantam.ch\\\/fr\\\/produit\\\/onduleur-sinusoidal\\\/#primaryimage\"},\"thumbnailUrl\":\"https:\\\/\\\/shop.bantam.ch\\\/wp-content\\\/uploads\\\/2023\\\/02\\\/9960149-100-1-3.jpg\",\"datePublished\":\"2023-02-28T03:11:11+00:00\",\"dateModified\":\"2026-04-17T20:43:42+00:00\",\"breadcrumb\":{\"@id\":\"https:\\\/\\\/shop.bantam.ch\\\/fr\\\/produit\\\/onduleur-sinusoidal\\\/#breadcrumb\"},\"inLanguage\":\"fr-FR\",\"potentialAction\":[{\"@type\":\"ReadAction\",\"target\":[\"https:\\\/\\\/shop.bantam.ch\\\/fr\\\/produit\\\/onduleur-sinusoidal\\\/\"]}]},{\"@type\":\"ImageObject\",\"inLanguage\":\"fr-FR\",\"@id\":\"https:\\\/\\\/shop.bantam.ch\\\/fr\\\/produit\\\/onduleur-sinusoidal\\\/#primaryimage\",\"url\":\"https:\\\/\\\/shop.bantam.ch\\\/wp-content\\\/uploads\\\/2023\\\/02\\\/9960149-100-1-3.jpg\",\"contentUrl\":\"https:\\\/\\\/shop.bantam.ch\\\/wp-content\\\/uploads\\\/2023\\\/02\\\/9960149-100-1-3.jpg\",\"width\":500,\"height\":252},{\"@type\":\"BreadcrumbList\",\"@id\":\"https:\\\/\\\/shop.bantam.ch\\\/fr\\\/produit\\\/onduleur-sinusoidal\\\/#breadcrumb\",\"itemListElement\":[{\"@type\":\"ListItem\",\"position\":1,\"name\":\"Accueil\",\"item\":\"https:\\\/\\\/shop.bantam.ch\\\/fr\\\/\"},{\"@type\":\"ListItem\",\"position\":2,\"name\":\"Boutique\",\"item\":\"https:\\\/\\\/shop.bantam.ch\\\/fr\\\/boutique\\\/\"},{\"@type\":\"ListItem\",\"position\":3,\"name\":\"Onduleur sinuso\u00efdal\"}]},{\"@type\":\"WebSite\",\"@id\":\"https:\\\/\\\/shop.bantam.ch\\\/fr\\\/#website\",\"url\":\"https:\\\/\\\/shop.bantam.ch\\\/fr\\\/\",\"name\":\"Bantam Wankm\u00fcller SA\",\"description\":\"\",\"publisher\":{\"@id\":\"https:\\\/\\\/shop.bantam.ch\\\/fr\\\/#organization\"},\"inLanguage\":\"fr-FR\"},{\"@type\":\"Organization\",\"@id\":\"https:\\\/\\\/shop.bantam.ch\\\/fr\\\/#organization\",\"name\":\"Bantam Wankm\u00fcller SA\",\"url\":\"https:\\\/\\\/shop.bantam.ch\\\/fr\\\/\",\"logo\":{\"@type\":\"ImageObject\",\"inLanguage\":\"fr-FR\",\"@id\":\"https:\\\/\\\/shop.bantam.ch\\\/fr\\\/#\\\/schema\\\/logo\\\/image\\\/\",\"url\":\"https:\\\/\\\/shop.bantam.ch\\\/wp-content\\\/uploads\\\/2022\\\/12\\\/bantam-logo.png\",\"contentUrl\":\"https:\\\/\\\/shop.bantam.ch\\\/wp-content\\\/uploads\\\/2022\\\/12\\\/bantam-logo.png\",\"width\":320,\"height\":71,\"caption\":\"Bantam Wankm\u00fcller SA\"},\"image\":{\"@id\":\"https:\\\/\\\/shop.bantam.ch\\\/fr\\\/#\\\/schema\\\/logo\\\/image\\\/\"}}]}<\/script>\n<!-- \/ Yoast SEO plugin. -->","yoast_head_json":{"title":"Onduleur sinuso\u00efdal - Bantam Wankm\u00fcller SA","robots":{"index":"index","follow":"follow","max-snippet":"max-snippet:-1","max-image-preview":"max-image-preview:large","max-video-preview":"max-video-preview:-1"},"canonical":"https:\/\/shop.bantam.ch\/fr\/produit\/onduleur-sinusoidal\/","og_locale":"fr_FR","og_type":"article","og_title":"Onduleur sinuso\u00efdal - Bantam Wankm\u00fcller SA","og_description":"Raccordement\u00a0: port USB 2 A, 2 prises Schuko Forme d\u2019onde de sortie : onde sinuso\u00efdale pure Jusqu&rsquo;\u00e0 12 heures d&rsquo;utilisation continue \u00c9cran LCD multifonctionnel int\u00e9gr\u00e9 Mode de fonctionnement et affichage des erreurs Bo\u00eetier en coul\u00e9e continue compact et robuste Mode \u00e9conomie d&rsquo;\u00e9nergie : oui Connecteur d\u2019\u00e9cran: oui Connecteur de capteur de courant : oui Port [&hellip;]","og_url":"https:\/\/shop.bantam.ch\/fr\/produit\/onduleur-sinusoidal\/","og_site_name":"Bantam Wankm\u00fcller SA","article_modified_time":"2026-04-17T20:43:42+00:00","og_image":[{"width":500,"height":252,"url":"https:\/\/shop.bantam.ch\/wp-content\/uploads\/2023\/02\/9960149-100-1-3.jpg","type":"image\/jpeg"}],"twitter_card":"summary_large_image","schema":{"@context":"https:\/\/schema.org","@graph":[{"@type":"WebPage","@id":"https:\/\/shop.bantam.ch\/fr\/produit\/onduleur-sinusoidal\/","url":"https:\/\/shop.bantam.ch\/fr\/produit\/onduleur-sinusoidal\/","name":"Onduleur sinuso\u00efdal - Bantam Wankm\u00fcller SA","isPartOf":{"@id":"https:\/\/shop.bantam.ch\/fr\/#website"},"primaryImageOfPage":{"@id":"https:\/\/shop.bantam.ch\/fr\/produit\/onduleur-sinusoidal\/#primaryimage"},"image":{"@id":"https:\/\/shop.bantam.ch\/fr\/produit\/onduleur-sinusoidal\/#primaryimage"},"thumbnailUrl":"https:\/\/shop.bantam.ch\/wp-content\/uploads\/2023\/02\/9960149-100-1-3.jpg","datePublished":"2023-02-28T03:11:11+00:00","dateModified":"2026-04-17T20:43:42+00:00","breadcrumb":{"@id":"https:\/\/shop.bantam.ch\/fr\/produit\/onduleur-sinusoidal\/#breadcrumb"},"inLanguage":"fr-FR","potentialAction":[{"@type":"ReadAction","target":["https:\/\/shop.bantam.ch\/fr\/produit\/onduleur-sinusoidal\/"]}]},{"@type":"ImageObject","inLanguage":"fr-FR","@id":"https:\/\/shop.bantam.ch\/fr\/produit\/onduleur-sinusoidal\/#primaryimage","url":"https:\/\/shop.bantam.ch\/wp-content\/uploads\/2023\/02\/9960149-100-1-3.jpg","contentUrl":"https:\/\/shop.bantam.ch\/wp-content\/uploads\/2023\/02\/9960149-100-1-3.jpg","width":500,"height":252},{"@type":"BreadcrumbList","@id":"https:\/\/shop.bantam.ch\/fr\/produit\/onduleur-sinusoidal\/#breadcrumb","itemListElement":[{"@type":"ListItem","position":1,"name":"Accueil","item":"https:\/\/shop.bantam.ch\/fr\/"},{"@type":"ListItem","position":2,"name":"Boutique","item":"https:\/\/shop.bantam.ch\/fr\/boutique\/"},{"@type":"ListItem","position":3,"name":"Onduleur sinuso\u00efdal"}]},{"@type":"WebSite","@id":"https:\/\/shop.bantam.ch\/fr\/#website","url":"https:\/\/shop.bantam.ch\/fr\/","name":"Bantam Wankm\u00fcller SA","description":"","publisher":{"@id":"https:\/\/shop.bantam.ch\/fr\/#organization"},"inLanguage":"fr-FR"},{"@type":"Organization","@id":"https:\/\/shop.bantam.ch\/fr\/#organization","name":"Bantam Wankm\u00fcller SA","url":"https:\/\/shop.bantam.ch\/fr\/","logo":{"@type":"ImageObject","inLanguage":"fr-FR","@id":"https:\/\/shop.bantam.ch\/fr\/#\/schema\/logo\/image\/","url":"https:\/\/shop.bantam.ch\/wp-content\/uploads\/2022\/12\/bantam-logo.png","contentUrl":"https:\/\/shop.bantam.ch\/wp-content\/uploads\/2022\/12\/bantam-logo.png","width":320,"height":71,"caption":"Bantam Wankm\u00fcller SA"},"image":{"@id":"https:\/\/shop.bantam.ch\/fr\/#\/schema\/logo\/image\/"}}]}},"_links":{"self":[{"href":"https:\/\/shop.bantam.ch\/fr\/wp-json\/wp\/v2\/product\/92307","targetHints":{"allow":["GET"]}}],"collection":[{"href":"https:\/\/shop.bantam.ch\/fr\/wp-json\/wp\/v2\/product"}],"about":[{"href":"https:\/\/shop.bantam.ch\/fr\/wp-json\/wp\/v2\/types\/product"}],"wp:featuredmedia":[{"embeddable":true,"href":"https:\/\/shop.bantam.ch\/fr\/wp-json\/wp\/v2\/media\/92299"}],"wp:attachment":[{"href":"https:\/\/shop.bantam.ch\/fr\/wp-json\/wp\/v2\/media?parent=92307"}],"wp:term":[{"taxonomy":"product_featured_cat","embeddable":true,"href":"https:\/\/shop.bantam.ch\/fr\/wp-json\/wp\/v2\/product_featured_cat?post=92307"},{"taxonomy":"product_brand","embeddable":true,"href":"https:\/\/shop.bantam.ch\/fr\/wp-json\/wp\/v2\/product_brand?post=92307"},{"taxonomy":"product_cat","embeddable":true,"href":"https:\/\/shop.bantam.ch\/fr\/wp-json\/wp\/v2\/product_cat?post=92307"},{"taxonomy":"product_tag","embeddable":true,"href":"https:\/\/shop.bantam.ch\/fr\/wp-json\/wp\/v2\/product_tag?post=92307"}],"curies":[{"name":"wp","href":"https:\/\/api.w.org\/{rel}","templated":true}]}}