{"id":91995,"date":"2023-02-28T04:05:10","date_gmt":"2023-02-28T03:05:10","guid":{"rendered":"http:\/\/shop.bantam.ch\/produit\/rechaud-a-essence-sans-plomb-2-feux-noir\/"},"modified":"2026-04-29T21:29:30","modified_gmt":"2026-04-29T19:29:30","slug":"rechaud-a-essence-sans-plomb-2-feux-noir","status":"publish","type":"product","link":"https:\/\/shop.bantam.ch\/fr\/produit\/rechaud-a-essence-sans-plomb-2-feux-noir\/","title":{"rendered":"gazini\u00e8re \u00e0 essence Coleman Sans plomb, 2 feux coul. noir"},"content":{"rendered":"<p>Un r\u00e9chaud de camping compact \u00e0 deux feux qui peut \u00eatre rang\u00e9 dans une valise de transport pratique. Les deux feux sont r\u00e9glables s\u00e9par\u00e9ment. Le r\u00e9chaud peut fonctionner avec du Coleman Fuel ou de l&rsquo;essence sans plomb. Manipulation facile et faible consommation.<\/p>\n<ul>\n<li>Temps d&rsquo;\u00e9bullition : 4 minutes pour 1 litre d\u2019eau<\/li>\n<li>Dur\u00e9e de combustion : jusqu\u2019\u00e0 6 heures (les deux feux \u00e0 pleine puissance)<\/li>\n<li>Combustible : essence sans plomb ou Coleman Fuel<\/li>\n<\/ul>\n","protected":false},"excerpt":{"rendered":"<p>Un r\u00e9chaud de camping compact \u00e0 deux feux qui peut \u00eatre rang\u00e9 dans une valise de transport pratique. Les deux feux sont r\u00e9glables s\u00e9par\u00e9ment. Le r\u00e9chaud peut fonctionner avec du Coleman Fuel ou de l&rsquo;essence sans plomb. Manipulation facile et faible consommation. Temps d&rsquo;\u00e9bullition : 4 minutes pour 1 litre d\u2019eau Dur\u00e9e de combustion : [&hellip;]<\/p>\n","protected":false},"featured_media":91993,"template":"","meta":{"_acf_changed":false},"product_featured_cat":[],"product_brand":[3352],"product_cat":[4305],"product_tag":[],"class_list":{"0":"post-91995","1":"product","2":"type-product","3":"status-publish","4":"has-post-thumbnail","6":"product_brand-coleman","7":"product_cat-rechauds","9":"first","10":"instock","11":"taxable","12":"shipping-taxable","13":"purchasable","14":"product-type-simple"},"acf":[],"yoast_head":"<!-- This site is optimized with the Yoast SEO plugin v27.5 - https:\/\/yoast.com\/product\/yoast-seo-wordpress\/ -->\n<title>gazini\u00e8re \u00e0 essence Coleman Sans plomb, 2 feux coul. noir - Bantam<\/title>\n<meta name=\"robots\" content=\"index, follow, max-snippet:-1, max-image-preview:large, max-video-preview:-1\" \/>\n<link rel=\"canonical\" href=\"https:\/\/shop.bantam.ch\/fr\/produit\/rechaud-a-essence-sans-plomb-2-feux-noir\/\" \/>\n<meta property=\"og:locale\" content=\"fr_FR\" \/>\n<meta property=\"og:type\" content=\"article\" \/>\n<meta property=\"og:title\" content=\"gazini\u00e8re \u00e0 essence Coleman Sans plomb, 2 feux coul. noir - Bantam\" \/>\n<meta property=\"og:description\" content=\"Un r\u00e9chaud de camping compact \u00e0 deux feux qui peut \u00eatre rang\u00e9 dans une valise de transport pratique. Les deux feux sont r\u00e9glables s\u00e9par\u00e9ment. Le r\u00e9chaud peut fonctionner avec du Coleman Fuel ou de l&rsquo;essence sans plomb. Manipulation facile et faible consommation. Temps d&rsquo;\u00e9bullition : 4 minutes pour 1 litre d\u2019eau Dur\u00e9e de combustion : [&hellip;]\" \/>\n<meta property=\"og:url\" content=\"https:\/\/shop.bantam.ch\/fr\/produit\/rechaud-a-essence-sans-plomb-2-feux-noir\/\" \/>\n<meta property=\"og:site_name\" content=\"Bantam\" \/>\n<meta property=\"article:modified_time\" content=\"2026-04-29T19:29:30+00:00\" \/>\n<meta property=\"og:image\" content=\"https:\/\/shop.bantam.ch\/wp-content\/uploads\/2023\/02\/995548811.jpg\" \/>\n\t<meta property=\"og:image:width\" content=\"1000\" \/>\n\t<meta property=\"og:image:height\" content=\"867\" \/>\n\t<meta property=\"og:image:type\" content=\"image\/jpeg\" \/>\n<meta name=\"twitter:card\" content=\"summary_large_image\" \/>\n<script type=\"application\/ld+json\" class=\"yoast-schema-graph\">{\"@context\":\"https:\\\/\\\/schema.org\",\"@graph\":[{\"@type\":\"WebPage\",\"@id\":\"https:\\\/\\\/shop.bantam.ch\\\/fr\\\/produit\\\/rechaud-a-essence-sans-plomb-2-feux-noir\\\/\",\"url\":\"https:\\\/\\\/shop.bantam.ch\\\/fr\\\/produit\\\/rechaud-a-essence-sans-plomb-2-feux-noir\\\/\",\"name\":\"gazini\u00e8re \u00e0 essence Coleman Sans plomb, 2 feux coul. noir - Bantam\",\"isPartOf\":{\"@id\":\"https:\\\/\\\/shop.bantam.ch\\\/fr\\\/#website\"},\"primaryImageOfPage\":{\"@id\":\"https:\\\/\\\/shop.bantam.ch\\\/fr\\\/produit\\\/rechaud-a-essence-sans-plomb-2-feux-noir\\\/#primaryimage\"},\"image\":{\"@id\":\"https:\\\/\\\/shop.bantam.ch\\\/fr\\\/produit\\\/rechaud-a-essence-sans-plomb-2-feux-noir\\\/#primaryimage\"},\"thumbnailUrl\":\"https:\\\/\\\/shop.bantam.ch\\\/wp-content\\\/uploads\\\/2023\\\/02\\\/995548811.jpg\",\"datePublished\":\"2023-02-28T03:05:10+00:00\",\"dateModified\":\"2026-04-29T19:29:30+00:00\",\"breadcrumb\":{\"@id\":\"https:\\\/\\\/shop.bantam.ch\\\/fr\\\/produit\\\/rechaud-a-essence-sans-plomb-2-feux-noir\\\/#breadcrumb\"},\"inLanguage\":\"fr-FR\",\"potentialAction\":[{\"@type\":\"ReadAction\",\"target\":[\"https:\\\/\\\/shop.bantam.ch\\\/fr\\\/produit\\\/rechaud-a-essence-sans-plomb-2-feux-noir\\\/\"]}]},{\"@type\":\"ImageObject\",\"inLanguage\":\"fr-FR\",\"@id\":\"https:\\\/\\\/shop.bantam.ch\\\/fr\\\/produit\\\/rechaud-a-essence-sans-plomb-2-feux-noir\\\/#primaryimage\",\"url\":\"https:\\\/\\\/shop.bantam.ch\\\/wp-content\\\/uploads\\\/2023\\\/02\\\/995548811.jpg\",\"contentUrl\":\"https:\\\/\\\/shop.bantam.ch\\\/wp-content\\\/uploads\\\/2023\\\/02\\\/995548811.jpg\",\"width\":1000,\"height\":867},{\"@type\":\"BreadcrumbList\",\"@id\":\"https:\\\/\\\/shop.bantam.ch\\\/fr\\\/produit\\\/rechaud-a-essence-sans-plomb-2-feux-noir\\\/#breadcrumb\",\"itemListElement\":[{\"@type\":\"ListItem\",\"position\":1,\"name\":\"Accueil\",\"item\":\"https:\\\/\\\/shop.bantam.ch\\\/fr\\\/\"},{\"@type\":\"ListItem\",\"position\":2,\"name\":\"Boutique\",\"item\":\"https:\\\/\\\/shop.bantam.ch\\\/fr\\\/boutique\\\/\"},{\"@type\":\"ListItem\",\"position\":3,\"name\":\"gazini\u00e8re \u00e0 essence Coleman Sans plomb, 2 feux coul. noir\"}]},{\"@type\":\"WebSite\",\"@id\":\"https:\\\/\\\/shop.bantam.ch\\\/fr\\\/#website\",\"url\":\"https:\\\/\\\/shop.bantam.ch\\\/fr\\\/\",\"name\":\"Bantam\",\"description\":\"\",\"publisher\":{\"@id\":\"https:\\\/\\\/shop.bantam.ch\\\/fr\\\/#organization\"},\"inLanguage\":\"fr-FR\"},{\"@type\":\"Organization\",\"@id\":\"https:\\\/\\\/shop.bantam.ch\\\/fr\\\/#organization\",\"name\":\"Bantam\",\"url\":\"https:\\\/\\\/shop.bantam.ch\\\/fr\\\/\",\"logo\":{\"@type\":\"ImageObject\",\"inLanguage\":\"fr-FR\",\"@id\":\"https:\\\/\\\/shop.bantam.ch\\\/fr\\\/#\\\/schema\\\/logo\\\/image\\\/\",\"url\":\"https:\\\/\\\/shop.bantam.ch\\\/wp-content\\\/uploads\\\/2022\\\/12\\\/bantam-logo.png\",\"contentUrl\":\"https:\\\/\\\/shop.bantam.ch\\\/wp-content\\\/uploads\\\/2022\\\/12\\\/bantam-logo.png\",\"width\":320,\"height\":71,\"caption\":\"Bantam\"},\"image\":{\"@id\":\"https:\\\/\\\/shop.bantam.ch\\\/fr\\\/#\\\/schema\\\/logo\\\/image\\\/\"}}]}<\/script>\n<!-- \/ Yoast SEO plugin. -->","yoast_head_json":{"title":"gazini\u00e8re \u00e0 essence Coleman Sans plomb, 2 feux coul. noir - Bantam","robots":{"index":"index","follow":"follow","max-snippet":"max-snippet:-1","max-image-preview":"max-image-preview:large","max-video-preview":"max-video-preview:-1"},"canonical":"https:\/\/shop.bantam.ch\/fr\/produit\/rechaud-a-essence-sans-plomb-2-feux-noir\/","og_locale":"fr_FR","og_type":"article","og_title":"gazini\u00e8re \u00e0 essence Coleman Sans plomb, 2 feux coul. noir - Bantam","og_description":"Un r\u00e9chaud de camping compact \u00e0 deux feux qui peut \u00eatre rang\u00e9 dans une valise de transport pratique. Les deux feux sont r\u00e9glables s\u00e9par\u00e9ment. Le r\u00e9chaud peut fonctionner avec du Coleman Fuel ou de l&rsquo;essence sans plomb. Manipulation facile et faible consommation. Temps d&rsquo;\u00e9bullition : 4 minutes pour 1 litre d\u2019eau Dur\u00e9e de combustion : [&hellip;]","og_url":"https:\/\/shop.bantam.ch\/fr\/produit\/rechaud-a-essence-sans-plomb-2-feux-noir\/","og_site_name":"Bantam","article_modified_time":"2026-04-29T19:29:30+00:00","og_image":[{"width":1000,"height":867,"url":"https:\/\/shop.bantam.ch\/wp-content\/uploads\/2023\/02\/995548811.jpg","type":"image\/jpeg"}],"twitter_card":"summary_large_image","schema":{"@context":"https:\/\/schema.org","@graph":[{"@type":"WebPage","@id":"https:\/\/shop.bantam.ch\/fr\/produit\/rechaud-a-essence-sans-plomb-2-feux-noir\/","url":"https:\/\/shop.bantam.ch\/fr\/produit\/rechaud-a-essence-sans-plomb-2-feux-noir\/","name":"gazini\u00e8re \u00e0 essence Coleman Sans plomb, 2 feux coul. noir - Bantam","isPartOf":{"@id":"https:\/\/shop.bantam.ch\/fr\/#website"},"primaryImageOfPage":{"@id":"https:\/\/shop.bantam.ch\/fr\/produit\/rechaud-a-essence-sans-plomb-2-feux-noir\/#primaryimage"},"image":{"@id":"https:\/\/shop.bantam.ch\/fr\/produit\/rechaud-a-essence-sans-plomb-2-feux-noir\/#primaryimage"},"thumbnailUrl":"https:\/\/shop.bantam.ch\/wp-content\/uploads\/2023\/02\/995548811.jpg","datePublished":"2023-02-28T03:05:10+00:00","dateModified":"2026-04-29T19:29:30+00:00","breadcrumb":{"@id":"https:\/\/shop.bantam.ch\/fr\/produit\/rechaud-a-essence-sans-plomb-2-feux-noir\/#breadcrumb"},"inLanguage":"fr-FR","potentialAction":[{"@type":"ReadAction","target":["https:\/\/shop.bantam.ch\/fr\/produit\/rechaud-a-essence-sans-plomb-2-feux-noir\/"]}]},{"@type":"ImageObject","inLanguage":"fr-FR","@id":"https:\/\/shop.bantam.ch\/fr\/produit\/rechaud-a-essence-sans-plomb-2-feux-noir\/#primaryimage","url":"https:\/\/shop.bantam.ch\/wp-content\/uploads\/2023\/02\/995548811.jpg","contentUrl":"https:\/\/shop.bantam.ch\/wp-content\/uploads\/2023\/02\/995548811.jpg","width":1000,"height":867},{"@type":"BreadcrumbList","@id":"https:\/\/shop.bantam.ch\/fr\/produit\/rechaud-a-essence-sans-plomb-2-feux-noir\/#breadcrumb","itemListElement":[{"@type":"ListItem","position":1,"name":"Accueil","item":"https:\/\/shop.bantam.ch\/fr\/"},{"@type":"ListItem","position":2,"name":"Boutique","item":"https:\/\/shop.bantam.ch\/fr\/boutique\/"},{"@type":"ListItem","position":3,"name":"gazini\u00e8re \u00e0 essence Coleman Sans plomb, 2 feux coul. noir"}]},{"@type":"WebSite","@id":"https:\/\/shop.bantam.ch\/fr\/#website","url":"https:\/\/shop.bantam.ch\/fr\/","name":"Bantam","description":"","publisher":{"@id":"https:\/\/shop.bantam.ch\/fr\/#organization"},"inLanguage":"fr-FR"},{"@type":"Organization","@id":"https:\/\/shop.bantam.ch\/fr\/#organization","name":"Bantam","url":"https:\/\/shop.bantam.ch\/fr\/","logo":{"@type":"ImageObject","inLanguage":"fr-FR","@id":"https:\/\/shop.bantam.ch\/fr\/#\/schema\/logo\/image\/","url":"https:\/\/shop.bantam.ch\/wp-content\/uploads\/2022\/12\/bantam-logo.png","contentUrl":"https:\/\/shop.bantam.ch\/wp-content\/uploads\/2022\/12\/bantam-logo.png","width":320,"height":71,"caption":"Bantam"},"image":{"@id":"https:\/\/shop.bantam.ch\/fr\/#\/schema\/logo\/image\/"}}]}},"_links":{"self":[{"href":"https:\/\/shop.bantam.ch\/fr\/wp-json\/wp\/v2\/product\/91995","targetHints":{"allow":["GET"]}}],"collection":[{"href":"https:\/\/shop.bantam.ch\/fr\/wp-json\/wp\/v2\/product"}],"about":[{"href":"https:\/\/shop.bantam.ch\/fr\/wp-json\/wp\/v2\/types\/product"}],"wp:featuredmedia":[{"embeddable":true,"href":"https:\/\/shop.bantam.ch\/fr\/wp-json\/wp\/v2\/media\/91993"}],"wp:attachment":[{"href":"https:\/\/shop.bantam.ch\/fr\/wp-json\/wp\/v2\/media?parent=91995"}],"wp:term":[{"taxonomy":"product_featured_cat","embeddable":true,"href":"https:\/\/shop.bantam.ch\/fr\/wp-json\/wp\/v2\/product_featured_cat?post=91995"},{"taxonomy":"product_brand","embeddable":true,"href":"https:\/\/shop.bantam.ch\/fr\/wp-json\/wp\/v2\/product_brand?post=91995"},{"taxonomy":"product_cat","embeddable":true,"href":"https:\/\/shop.bantam.ch\/fr\/wp-json\/wp\/v2\/product_cat?post=91995"},{"taxonomy":"product_tag","embeddable":true,"href":"https:\/\/shop.bantam.ch\/fr\/wp-json\/wp\/v2\/product_tag?post=91995"}],"curies":[{"name":"wp","href":"https:\/\/api.w.org\/{rel}","templated":true}]}}