{"id":91821,"date":"2023-02-28T04:02:04","date_gmt":"2023-02-28T03:02:04","guid":{"rendered":"http:\/\/shop.bantam.ch\/produit\/tente-de-toit-desert-i-avec-auvent-long-sable\/"},"modified":"2026-04-17T22:42:21","modified_gmt":"2026-04-17T20:42:21","slug":"tente-de-toit-desert-i-avec-auvent-long-sable","status":"publish","type":"product","link":"https:\/\/shop.bantam.ch\/fr\/produit\/tente-de-toit-desert-i-avec-auvent-long-sable\/","title":{"rendered":"Tente de toit Desert I avec auvent long, sable"},"content":{"rendered":"<p>Le Desert I convient \u00e0 presque tous les v\u00e9hicules, de la petite VW Polo au Land Rover Defender.\u00a0<\/p>\n<p>Les tentes sont fabriqu\u00e9es avec soin dans une petite manufacture sp\u00e9cialement con\u00e7ue pour nos latitudes. La tente est fournie compl\u00e8te avec l&rsquo;auvent, le sol de l&rsquo;auvent et les accessoires. La Desert est particuli\u00e8rement respirante gr\u00e2ce \u00e0 la qualit\u00e9 sup\u00e9rieure de la toile (toile 280 G). L&rsquo;auvent en polyester robuste offre une protection contre la pluie. L&rsquo;entr\u00e9e se fait par le bas, vous \u00eates donc prot\u00e9g\u00e9 du vent et des intemp\u00e9ries. Les moustiquaires suppl\u00e9mentaires aux deux fen\u00eatres et aux deux entr\u00e9es garantissent un sommeil paisible. La tente comporte une entr\u00e9e et 3 fen\u00eatres, toutes \u00e9quip\u00e9es de moustiquaires.<\/p>\n<p>L&rsquo;auvent spacieux inclus dans la livraison est dot\u00e9 d&rsquo;un sol int\u00e9rieur en caoutchouc robuste, qui peut \u00e9galement \u00eatre retir\u00e9 si vous le souhaitez. Le sol est \u00e9tanche, les parois lat\u00e9rales sont r\u00e9sistantes aux projections d&rsquo;eau. Les fen\u00eatres lat\u00e9rales peuvent \u00eatre ferm\u00e9es et sont \u00e9galement prot\u00e9g\u00e9es par des moustiquaires. L&rsquo;auvent est fix\u00e9 \u00e0 la tente de toit avec une fermeture \u00e9clair YKK en 3 minutes.<br \/>A partir d\u2019une hauteur de v\u00e9hicule de 2,10 m, il est recommand\u00e9 d\u2019utiliser une rallonge d\u2019\u00e9chelle et une rallonge d\u2019auvent.<\/p>\n<p>Mat\u00e9riau\u00a0:<br \/>Tente : 65 % polyester, 35 % coton\u00a0<br \/>Housse de pluie et auvent : 100 % polyester<br \/>Galerie et \u00e9chelle : aluminium<br \/>Rev\u00eatement matelas : 100 % polyester<\/p>\n<p>Contenu de la livraison :<br \/>Tente de toit<br \/>Protection tente de toit<br \/>\u00c9chelle<br \/>Housse de pluie pour tente de toit<br \/>Auvent <br \/>Auvent sol int\u00e9rieur<br \/>Matelas\u00a080 mm<br \/>Mat\u00e9riel de fixation galerie de toit<br \/>Outil de montage<br \/>Barres de tension pour les baies projetables<br \/>Cordes de haubanage et mousquetons<br \/>Notice d\u2019utilisation et de montage<\/p>\n","protected":false},"excerpt":{"rendered":"<p>Le Desert I convient \u00e0 presque tous les v\u00e9hicules, de la petite VW Polo au Land Rover Defender.\u00a0 Les tentes sont fabriqu\u00e9es avec soin dans une petite manufacture sp\u00e9cialement con\u00e7ue pour nos latitudes. La tente est fournie compl\u00e8te avec l&rsquo;auvent, le sol de l&rsquo;auvent et les accessoires. La Desert est particuli\u00e8rement respirante gr\u00e2ce \u00e0 la [&hellip;]<\/p>\n","protected":false},"featured_media":91767,"template":"","meta":{"_acf_changed":false},"product_featured_cat":[],"product_brand":[3508],"product_cat":[4243],"product_tag":[],"class_list":{"0":"post-91821","1":"product","2":"type-product","3":"status-publish","4":"has-post-thumbnail","6":"product_brand-horntools","7":"product_cat-tentes-de-toit","9":"first","10":"instock","11":"taxable","12":"shipping-taxable","13":"purchasable","14":"product-type-variable"},"acf":[],"yoast_head":"<!-- This site is optimized with the Yoast SEO plugin v27.4 - https:\/\/yoast.com\/product\/yoast-seo-wordpress\/ -->\n<title>Tente de toit Desert I avec auvent long, sable - Bantam Wankm\u00fcller SA<\/title>\n<meta name=\"robots\" content=\"index, follow, max-snippet:-1, max-image-preview:large, max-video-preview:-1\" \/>\n<link rel=\"canonical\" href=\"https:\/\/shop.bantam.ch\/fr\/produit\/tente-de-toit-desert-i-avec-auvent-long-sable\/\" \/>\n<meta property=\"og:locale\" content=\"fr_FR\" \/>\n<meta property=\"og:type\" content=\"article\" \/>\n<meta property=\"og:title\" content=\"Tente de toit Desert I avec auvent long, sable - Bantam Wankm\u00fcller SA\" \/>\n<meta property=\"og:description\" content=\"Le Desert I convient \u00e0 presque tous les v\u00e9hicules, de la petite VW Polo au Land Rover Defender.\u00a0 Les tentes sont fabriqu\u00e9es avec soin dans une petite manufacture sp\u00e9cialement con\u00e7ue pour nos latitudes. La tente est fournie compl\u00e8te avec l&rsquo;auvent, le sol de l&rsquo;auvent et les accessoires. La Desert est particuli\u00e8rement respirante gr\u00e2ce \u00e0 la [&hellip;]\" \/>\n<meta property=\"og:url\" content=\"https:\/\/shop.bantam.ch\/fr\/produit\/tente-de-toit-desert-i-avec-auvent-long-sable\/\" \/>\n<meta property=\"og:site_name\" content=\"Bantam Wankm\u00fcller SA\" \/>\n<meta property=\"article:modified_time\" content=\"2026-04-17T20:42:21+00:00\" \/>\n<meta property=\"og:image\" content=\"https:\/\/shop.bantam.ch\/wp-content\/uploads\/2023\/02\/995546211.jpg\" \/>\n\t<meta property=\"og:image:width\" content=\"1000\" \/>\n\t<meta property=\"og:image:height\" content=\"667\" \/>\n\t<meta property=\"og:image:type\" content=\"image\/jpeg\" \/>\n<meta name=\"twitter:card\" content=\"summary_large_image\" \/>\n<meta name=\"twitter:label1\" content=\"Dur\u00e9e de lecture estim\u00e9e\" \/>\n\t<meta name=\"twitter:data1\" content=\"1 minute\" \/>\n<script type=\"application\/ld+json\" class=\"yoast-schema-graph\">{\"@context\":\"https:\\\/\\\/schema.org\",\"@graph\":[{\"@type\":\"WebPage\",\"@id\":\"https:\\\/\\\/shop.bantam.ch\\\/fr\\\/produit\\\/tente-de-toit-desert-i-avec-auvent-long-sable\\\/\",\"url\":\"https:\\\/\\\/shop.bantam.ch\\\/fr\\\/produit\\\/tente-de-toit-desert-i-avec-auvent-long-sable\\\/\",\"name\":\"Tente de toit Desert I avec auvent long, sable - Bantam Wankm\u00fcller SA\",\"isPartOf\":{\"@id\":\"https:\\\/\\\/shop.bantam.ch\\\/fr\\\/#website\"},\"primaryImageOfPage\":{\"@id\":\"https:\\\/\\\/shop.bantam.ch\\\/fr\\\/produit\\\/tente-de-toit-desert-i-avec-auvent-long-sable\\\/#primaryimage\"},\"image\":{\"@id\":\"https:\\\/\\\/shop.bantam.ch\\\/fr\\\/produit\\\/tente-de-toit-desert-i-avec-auvent-long-sable\\\/#primaryimage\"},\"thumbnailUrl\":\"https:\\\/\\\/shop.bantam.ch\\\/wp-content\\\/uploads\\\/2023\\\/02\\\/995546211.jpg\",\"datePublished\":\"2023-02-28T03:02:04+00:00\",\"dateModified\":\"2026-04-17T20:42:21+00:00\",\"breadcrumb\":{\"@id\":\"https:\\\/\\\/shop.bantam.ch\\\/fr\\\/produit\\\/tente-de-toit-desert-i-avec-auvent-long-sable\\\/#breadcrumb\"},\"inLanguage\":\"fr-FR\",\"potentialAction\":[{\"@type\":\"ReadAction\",\"target\":[\"https:\\\/\\\/shop.bantam.ch\\\/fr\\\/produit\\\/tente-de-toit-desert-i-avec-auvent-long-sable\\\/\"]}]},{\"@type\":\"ImageObject\",\"inLanguage\":\"fr-FR\",\"@id\":\"https:\\\/\\\/shop.bantam.ch\\\/fr\\\/produit\\\/tente-de-toit-desert-i-avec-auvent-long-sable\\\/#primaryimage\",\"url\":\"https:\\\/\\\/shop.bantam.ch\\\/wp-content\\\/uploads\\\/2023\\\/02\\\/995546211.jpg\",\"contentUrl\":\"https:\\\/\\\/shop.bantam.ch\\\/wp-content\\\/uploads\\\/2023\\\/02\\\/995546211.jpg\",\"width\":1000,\"height\":667},{\"@type\":\"BreadcrumbList\",\"@id\":\"https:\\\/\\\/shop.bantam.ch\\\/fr\\\/produit\\\/tente-de-toit-desert-i-avec-auvent-long-sable\\\/#breadcrumb\",\"itemListElement\":[{\"@type\":\"ListItem\",\"position\":1,\"name\":\"Accueil\",\"item\":\"https:\\\/\\\/shop.bantam.ch\\\/fr\\\/\"},{\"@type\":\"ListItem\",\"position\":2,\"name\":\"Boutique\",\"item\":\"https:\\\/\\\/shop.bantam.ch\\\/fr\\\/boutique\\\/\"},{\"@type\":\"ListItem\",\"position\":3,\"name\":\"Tente de toit Desert I avec auvent long, sable\"}]},{\"@type\":\"WebSite\",\"@id\":\"https:\\\/\\\/shop.bantam.ch\\\/fr\\\/#website\",\"url\":\"https:\\\/\\\/shop.bantam.ch\\\/fr\\\/\",\"name\":\"Bantam Wankm\u00fcller SA\",\"description\":\"\",\"publisher\":{\"@id\":\"https:\\\/\\\/shop.bantam.ch\\\/fr\\\/#organization\"},\"inLanguage\":\"fr-FR\"},{\"@type\":\"Organization\",\"@id\":\"https:\\\/\\\/shop.bantam.ch\\\/fr\\\/#organization\",\"name\":\"Bantam Wankm\u00fcller SA\",\"url\":\"https:\\\/\\\/shop.bantam.ch\\\/fr\\\/\",\"logo\":{\"@type\":\"ImageObject\",\"inLanguage\":\"fr-FR\",\"@id\":\"https:\\\/\\\/shop.bantam.ch\\\/fr\\\/#\\\/schema\\\/logo\\\/image\\\/\",\"url\":\"https:\\\/\\\/shop.bantam.ch\\\/wp-content\\\/uploads\\\/2022\\\/12\\\/bantam-logo.png\",\"contentUrl\":\"https:\\\/\\\/shop.bantam.ch\\\/wp-content\\\/uploads\\\/2022\\\/12\\\/bantam-logo.png\",\"width\":320,\"height\":71,\"caption\":\"Bantam Wankm\u00fcller SA\"},\"image\":{\"@id\":\"https:\\\/\\\/shop.bantam.ch\\\/fr\\\/#\\\/schema\\\/logo\\\/image\\\/\"}}]}<\/script>\n<!-- \/ Yoast SEO plugin. -->","yoast_head_json":{"title":"Tente de toit Desert I avec auvent long, sable - Bantam Wankm\u00fcller SA","robots":{"index":"index","follow":"follow","max-snippet":"max-snippet:-1","max-image-preview":"max-image-preview:large","max-video-preview":"max-video-preview:-1"},"canonical":"https:\/\/shop.bantam.ch\/fr\/produit\/tente-de-toit-desert-i-avec-auvent-long-sable\/","og_locale":"fr_FR","og_type":"article","og_title":"Tente de toit Desert I avec auvent long, sable - Bantam Wankm\u00fcller SA","og_description":"Le Desert I convient \u00e0 presque tous les v\u00e9hicules, de la petite VW Polo au Land Rover Defender.\u00a0 Les tentes sont fabriqu\u00e9es avec soin dans une petite manufacture sp\u00e9cialement con\u00e7ue pour nos latitudes. La tente est fournie compl\u00e8te avec l&rsquo;auvent, le sol de l&rsquo;auvent et les accessoires. La Desert est particuli\u00e8rement respirante gr\u00e2ce \u00e0 la [&hellip;]","og_url":"https:\/\/shop.bantam.ch\/fr\/produit\/tente-de-toit-desert-i-avec-auvent-long-sable\/","og_site_name":"Bantam Wankm\u00fcller SA","article_modified_time":"2026-04-17T20:42:21+00:00","og_image":[{"width":1000,"height":667,"url":"https:\/\/shop.bantam.ch\/wp-content\/uploads\/2023\/02\/995546211.jpg","type":"image\/jpeg"}],"twitter_card":"summary_large_image","twitter_misc":{"Dur\u00e9e de lecture estim\u00e9e":"1 minute"},"schema":{"@context":"https:\/\/schema.org","@graph":[{"@type":"WebPage","@id":"https:\/\/shop.bantam.ch\/fr\/produit\/tente-de-toit-desert-i-avec-auvent-long-sable\/","url":"https:\/\/shop.bantam.ch\/fr\/produit\/tente-de-toit-desert-i-avec-auvent-long-sable\/","name":"Tente de toit Desert I avec auvent long, sable - Bantam Wankm\u00fcller SA","isPartOf":{"@id":"https:\/\/shop.bantam.ch\/fr\/#website"},"primaryImageOfPage":{"@id":"https:\/\/shop.bantam.ch\/fr\/produit\/tente-de-toit-desert-i-avec-auvent-long-sable\/#primaryimage"},"image":{"@id":"https:\/\/shop.bantam.ch\/fr\/produit\/tente-de-toit-desert-i-avec-auvent-long-sable\/#primaryimage"},"thumbnailUrl":"https:\/\/shop.bantam.ch\/wp-content\/uploads\/2023\/02\/995546211.jpg","datePublished":"2023-02-28T03:02:04+00:00","dateModified":"2026-04-17T20:42:21+00:00","breadcrumb":{"@id":"https:\/\/shop.bantam.ch\/fr\/produit\/tente-de-toit-desert-i-avec-auvent-long-sable\/#breadcrumb"},"inLanguage":"fr-FR","potentialAction":[{"@type":"ReadAction","target":["https:\/\/shop.bantam.ch\/fr\/produit\/tente-de-toit-desert-i-avec-auvent-long-sable\/"]}]},{"@type":"ImageObject","inLanguage":"fr-FR","@id":"https:\/\/shop.bantam.ch\/fr\/produit\/tente-de-toit-desert-i-avec-auvent-long-sable\/#primaryimage","url":"https:\/\/shop.bantam.ch\/wp-content\/uploads\/2023\/02\/995546211.jpg","contentUrl":"https:\/\/shop.bantam.ch\/wp-content\/uploads\/2023\/02\/995546211.jpg","width":1000,"height":667},{"@type":"BreadcrumbList","@id":"https:\/\/shop.bantam.ch\/fr\/produit\/tente-de-toit-desert-i-avec-auvent-long-sable\/#breadcrumb","itemListElement":[{"@type":"ListItem","position":1,"name":"Accueil","item":"https:\/\/shop.bantam.ch\/fr\/"},{"@type":"ListItem","position":2,"name":"Boutique","item":"https:\/\/shop.bantam.ch\/fr\/boutique\/"},{"@type":"ListItem","position":3,"name":"Tente de toit Desert I avec auvent long, sable"}]},{"@type":"WebSite","@id":"https:\/\/shop.bantam.ch\/fr\/#website","url":"https:\/\/shop.bantam.ch\/fr\/","name":"Bantam Wankm\u00fcller SA","description":"","publisher":{"@id":"https:\/\/shop.bantam.ch\/fr\/#organization"},"inLanguage":"fr-FR"},{"@type":"Organization","@id":"https:\/\/shop.bantam.ch\/fr\/#organization","name":"Bantam Wankm\u00fcller SA","url":"https:\/\/shop.bantam.ch\/fr\/","logo":{"@type":"ImageObject","inLanguage":"fr-FR","@id":"https:\/\/shop.bantam.ch\/fr\/#\/schema\/logo\/image\/","url":"https:\/\/shop.bantam.ch\/wp-content\/uploads\/2022\/12\/bantam-logo.png","contentUrl":"https:\/\/shop.bantam.ch\/wp-content\/uploads\/2022\/12\/bantam-logo.png","width":320,"height":71,"caption":"Bantam Wankm\u00fcller SA"},"image":{"@id":"https:\/\/shop.bantam.ch\/fr\/#\/schema\/logo\/image\/"}}]}},"_links":{"self":[{"href":"https:\/\/shop.bantam.ch\/fr\/wp-json\/wp\/v2\/product\/91821","targetHints":{"allow":["GET"]}}],"collection":[{"href":"https:\/\/shop.bantam.ch\/fr\/wp-json\/wp\/v2\/product"}],"about":[{"href":"https:\/\/shop.bantam.ch\/fr\/wp-json\/wp\/v2\/types\/product"}],"wp:featuredmedia":[{"embeddable":true,"href":"https:\/\/shop.bantam.ch\/fr\/wp-json\/wp\/v2\/media\/91767"}],"wp:attachment":[{"href":"https:\/\/shop.bantam.ch\/fr\/wp-json\/wp\/v2\/media?parent=91821"}],"wp:term":[{"taxonomy":"product_featured_cat","embeddable":true,"href":"https:\/\/shop.bantam.ch\/fr\/wp-json\/wp\/v2\/product_featured_cat?post=91821"},{"taxonomy":"product_brand","embeddable":true,"href":"https:\/\/shop.bantam.ch\/fr\/wp-json\/wp\/v2\/product_brand?post=91821"},{"taxonomy":"product_cat","embeddable":true,"href":"https:\/\/shop.bantam.ch\/fr\/wp-json\/wp\/v2\/product_cat?post=91821"},{"taxonomy":"product_tag","embeddable":true,"href":"https:\/\/shop.bantam.ch\/fr\/wp-json\/wp\/v2\/product_tag?post=91821"}],"curies":[{"name":"wp","href":"https:\/\/api.w.org\/{rel}","templated":true}]}}