{"id":91400,"date":"2023-02-28T03:55:26","date_gmt":"2023-02-28T02:55:26","guid":{"rendered":"http:\/\/shop.bantam.ch\/produit\/rideau-de-porte-chenille-blanc-argent-anthracite\/"},"modified":"2026-05-02T22:39:18","modified_gmt":"2026-05-02T20:39:18","slug":"rideau-de-porte-chenille-blanc-argent-anthracite","status":"publish","type":"product","link":"https:\/\/shop.bantam.ch\/fr\/produit\/rideau-de-porte-chenille-blanc-argent-anthracite\/","title":{"rendered":"Rideau de porte Chenille blanc\/argent\/anthracite"},"content":{"rendered":"<p>Tr\u00e8s beau rideau de porte pratique. Les diff\u00e9rents brins duveteux des rideaux chenille (14 pi\u00e8ces pour 56 cm de largeur et 25 pi\u00e8ces pour 100 cm de largeur) sont enti\u00e8rement mont\u00e9s sur un rail en plastique (largeur du cadre 4 cm).<\/p>\n<p><strong>Vos avantages :<\/strong><\/p>\n<ul>\n<li>Poids l\u00e9ger<\/li>\n<li>Convient pour l\u2019int\u00e9rieur et l\u2019ext\u00e9rieur<\/li>\n<li>Une protection \u00e9prouv\u00e9e contre les insectes volants, le soleil, la chaleur et les regards indiscrets<\/li>\n<li>Laisse passer l&rsquo;air frais<\/li>\n<\/ul>\n<p><strong>Domaine d\u2019utilisation<\/strong> :<\/p>\n<ul>\n<li>Caravane<\/li>\n<li>Camping-car<\/li>\n<li>Auvent <\/li>\n<li>tente<\/li>\n<li>Bateau<\/li>\n<li>Cabanon de jardin<\/li>\n<li>Pour la maison<\/li>\n<\/ul>\n<p>Contenu de la livraison :<br \/>sac de transport en plastique \u00a0<\/p>\n<p>Mat\u00e9riau :<br \/>100 % polypropyl\u00e8ne<\/p>\n","protected":false},"excerpt":{"rendered":"<p>Tr\u00e8s beau rideau de porte pratique. Les diff\u00e9rents brins duveteux des rideaux chenille (14 pi\u00e8ces pour 56 cm de largeur et 25 pi\u00e8ces pour 100 cm de largeur) sont enti\u00e8rement mont\u00e9s sur un rail en plastique (largeur du cadre 4 cm). Vos avantages : Poids l\u00e9ger Convient pour l\u2019int\u00e9rieur et l\u2019ext\u00e9rieur Une protection \u00e9prouv\u00e9e contre [&hellip;]<\/p>\n","protected":false},"featured_media":91388,"template":"","meta":{"_acf_changed":false},"product_featured_cat":[],"product_brand":[3370],"product_cat":[4791],"product_tag":[],"class_list":{"0":"post-91400","1":"product","2":"type-product","3":"status-publish","4":"has-post-thumbnail","6":"product_brand-arisol","7":"product_cat-rideaux-de-porte","9":"first","10":"instock","11":"taxable","12":"shipping-taxable","13":"purchasable","14":"product-type-variable"},"acf":[],"yoast_head":"<!-- This site is optimized with the Yoast SEO plugin v27.5 - https:\/\/yoast.com\/product\/yoast-seo-wordpress\/ -->\n<title>Rideau de porte Chenille blanc\/argent\/anthracite - Bantam<\/title>\n<meta name=\"robots\" content=\"index, follow, max-snippet:-1, max-image-preview:large, max-video-preview:-1\" \/>\n<link rel=\"canonical\" href=\"https:\/\/shop.bantam.ch\/fr\/produit\/rideau-de-porte-chenille-blanc-argent-anthracite\/\" \/>\n<meta property=\"og:locale\" content=\"fr_FR\" \/>\n<meta property=\"og:type\" content=\"article\" \/>\n<meta property=\"og:title\" content=\"Rideau de porte Chenille blanc\/argent\/anthracite - Bantam\" \/>\n<meta property=\"og:description\" content=\"Tr\u00e8s beau rideau de porte pratique. Les diff\u00e9rents brins duveteux des rideaux chenille (14 pi\u00e8ces pour 56 cm de largeur et 25 pi\u00e8ces pour 100 cm de largeur) sont enti\u00e8rement mont\u00e9s sur un rail en plastique (largeur du cadre 4 cm). Vos avantages : Poids l\u00e9ger Convient pour l\u2019int\u00e9rieur et l\u2019ext\u00e9rieur Une protection \u00e9prouv\u00e9e contre [&hellip;]\" \/>\n<meta property=\"og:url\" content=\"https:\/\/shop.bantam.ch\/fr\/produit\/rideau-de-porte-chenille-blanc-argent-anthracite\/\" \/>\n<meta property=\"og:site_name\" content=\"Bantam\" \/>\n<meta property=\"article:modified_time\" content=\"2026-05-02T20:39:18+00:00\" \/>\n<meta property=\"og:image\" content=\"https:\/\/shop.bantam.ch\/wp-content\/uploads\/2023\/02\/9965135-Tuervorhang_56x185_cm_weiss_silber_anthrazit_gefleckt_in_Tragetasche-Standard-01.jpg\" \/>\n\t<meta property=\"og:image:width\" content=\"1000\" \/>\n\t<meta property=\"og:image:height\" content=\"750\" \/>\n\t<meta property=\"og:image:type\" content=\"image\/jpeg\" \/>\n<meta name=\"twitter:card\" content=\"summary_large_image\" \/>\n<script type=\"application\/ld+json\" class=\"yoast-schema-graph\">{\"@context\":\"https:\\\/\\\/schema.org\",\"@graph\":[{\"@type\":\"WebPage\",\"@id\":\"https:\\\/\\\/shop.bantam.ch\\\/fr\\\/produit\\\/rideau-de-porte-chenille-blanc-argent-anthracite\\\/\",\"url\":\"https:\\\/\\\/shop.bantam.ch\\\/fr\\\/produit\\\/rideau-de-porte-chenille-blanc-argent-anthracite\\\/\",\"name\":\"Rideau de porte Chenille blanc\\\/argent\\\/anthracite - Bantam\",\"isPartOf\":{\"@id\":\"https:\\\/\\\/shop.bantam.ch\\\/fr\\\/#website\"},\"primaryImageOfPage\":{\"@id\":\"https:\\\/\\\/shop.bantam.ch\\\/fr\\\/produit\\\/rideau-de-porte-chenille-blanc-argent-anthracite\\\/#primaryimage\"},\"image\":{\"@id\":\"https:\\\/\\\/shop.bantam.ch\\\/fr\\\/produit\\\/rideau-de-porte-chenille-blanc-argent-anthracite\\\/#primaryimage\"},\"thumbnailUrl\":\"https:\\\/\\\/shop.bantam.ch\\\/wp-content\\\/uploads\\\/2023\\\/02\\\/9965135-Tuervorhang_56x185_cm_weiss_silber_anthrazit_gefleckt_in_Tragetasche-Standard-01.jpg\",\"datePublished\":\"2023-02-28T02:55:26+00:00\",\"dateModified\":\"2026-05-02T20:39:18+00:00\",\"breadcrumb\":{\"@id\":\"https:\\\/\\\/shop.bantam.ch\\\/fr\\\/produit\\\/rideau-de-porte-chenille-blanc-argent-anthracite\\\/#breadcrumb\"},\"inLanguage\":\"fr-FR\",\"potentialAction\":[{\"@type\":\"ReadAction\",\"target\":[\"https:\\\/\\\/shop.bantam.ch\\\/fr\\\/produit\\\/rideau-de-porte-chenille-blanc-argent-anthracite\\\/\"]}]},{\"@type\":\"ImageObject\",\"inLanguage\":\"fr-FR\",\"@id\":\"https:\\\/\\\/shop.bantam.ch\\\/fr\\\/produit\\\/rideau-de-porte-chenille-blanc-argent-anthracite\\\/#primaryimage\",\"url\":\"https:\\\/\\\/shop.bantam.ch\\\/wp-content\\\/uploads\\\/2023\\\/02\\\/9965135-Tuervorhang_56x185_cm_weiss_silber_anthrazit_gefleckt_in_Tragetasche-Standard-01.jpg\",\"contentUrl\":\"https:\\\/\\\/shop.bantam.ch\\\/wp-content\\\/uploads\\\/2023\\\/02\\\/9965135-Tuervorhang_56x185_cm_weiss_silber_anthrazit_gefleckt_in_Tragetasche-Standard-01.jpg\",\"width\":1000,\"height\":750},{\"@type\":\"BreadcrumbList\",\"@id\":\"https:\\\/\\\/shop.bantam.ch\\\/fr\\\/produit\\\/rideau-de-porte-chenille-blanc-argent-anthracite\\\/#breadcrumb\",\"itemListElement\":[{\"@type\":\"ListItem\",\"position\":1,\"name\":\"Accueil\",\"item\":\"https:\\\/\\\/shop.bantam.ch\\\/fr\\\/\"},{\"@type\":\"ListItem\",\"position\":2,\"name\":\"Boutique\",\"item\":\"https:\\\/\\\/shop.bantam.ch\\\/fr\\\/boutique\\\/\"},{\"@type\":\"ListItem\",\"position\":3,\"name\":\"Rideau de porte Chenille blanc\\\/argent\\\/anthracite\"}]},{\"@type\":\"WebSite\",\"@id\":\"https:\\\/\\\/shop.bantam.ch\\\/fr\\\/#website\",\"url\":\"https:\\\/\\\/shop.bantam.ch\\\/fr\\\/\",\"name\":\"Bantam\",\"description\":\"\",\"publisher\":{\"@id\":\"https:\\\/\\\/shop.bantam.ch\\\/fr\\\/#organization\"},\"inLanguage\":\"fr-FR\"},{\"@type\":\"Organization\",\"@id\":\"https:\\\/\\\/shop.bantam.ch\\\/fr\\\/#organization\",\"name\":\"Bantam\",\"url\":\"https:\\\/\\\/shop.bantam.ch\\\/fr\\\/\",\"logo\":{\"@type\":\"ImageObject\",\"inLanguage\":\"fr-FR\",\"@id\":\"https:\\\/\\\/shop.bantam.ch\\\/fr\\\/#\\\/schema\\\/logo\\\/image\\\/\",\"url\":\"https:\\\/\\\/shop.bantam.ch\\\/wp-content\\\/uploads\\\/2022\\\/12\\\/bantam-logo.png\",\"contentUrl\":\"https:\\\/\\\/shop.bantam.ch\\\/wp-content\\\/uploads\\\/2022\\\/12\\\/bantam-logo.png\",\"width\":320,\"height\":71,\"caption\":\"Bantam\"},\"image\":{\"@id\":\"https:\\\/\\\/shop.bantam.ch\\\/fr\\\/#\\\/schema\\\/logo\\\/image\\\/\"}}]}<\/script>\n<!-- \/ Yoast SEO plugin. -->","yoast_head_json":{"title":"Rideau de porte Chenille blanc\/argent\/anthracite - Bantam","robots":{"index":"index","follow":"follow","max-snippet":"max-snippet:-1","max-image-preview":"max-image-preview:large","max-video-preview":"max-video-preview:-1"},"canonical":"https:\/\/shop.bantam.ch\/fr\/produit\/rideau-de-porte-chenille-blanc-argent-anthracite\/","og_locale":"fr_FR","og_type":"article","og_title":"Rideau de porte Chenille blanc\/argent\/anthracite - Bantam","og_description":"Tr\u00e8s beau rideau de porte pratique. Les diff\u00e9rents brins duveteux des rideaux chenille (14 pi\u00e8ces pour 56 cm de largeur et 25 pi\u00e8ces pour 100 cm de largeur) sont enti\u00e8rement mont\u00e9s sur un rail en plastique (largeur du cadre 4 cm). Vos avantages : Poids l\u00e9ger Convient pour l\u2019int\u00e9rieur et l\u2019ext\u00e9rieur Une protection \u00e9prouv\u00e9e contre [&hellip;]","og_url":"https:\/\/shop.bantam.ch\/fr\/produit\/rideau-de-porte-chenille-blanc-argent-anthracite\/","og_site_name":"Bantam","article_modified_time":"2026-05-02T20:39:18+00:00","og_image":[{"width":1000,"height":750,"url":"https:\/\/shop.bantam.ch\/wp-content\/uploads\/2023\/02\/9965135-Tuervorhang_56x185_cm_weiss_silber_anthrazit_gefleckt_in_Tragetasche-Standard-01.jpg","type":"image\/jpeg"}],"twitter_card":"summary_large_image","schema":{"@context":"https:\/\/schema.org","@graph":[{"@type":"WebPage","@id":"https:\/\/shop.bantam.ch\/fr\/produit\/rideau-de-porte-chenille-blanc-argent-anthracite\/","url":"https:\/\/shop.bantam.ch\/fr\/produit\/rideau-de-porte-chenille-blanc-argent-anthracite\/","name":"Rideau de porte Chenille blanc\/argent\/anthracite - Bantam","isPartOf":{"@id":"https:\/\/shop.bantam.ch\/fr\/#website"},"primaryImageOfPage":{"@id":"https:\/\/shop.bantam.ch\/fr\/produit\/rideau-de-porte-chenille-blanc-argent-anthracite\/#primaryimage"},"image":{"@id":"https:\/\/shop.bantam.ch\/fr\/produit\/rideau-de-porte-chenille-blanc-argent-anthracite\/#primaryimage"},"thumbnailUrl":"https:\/\/shop.bantam.ch\/wp-content\/uploads\/2023\/02\/9965135-Tuervorhang_56x185_cm_weiss_silber_anthrazit_gefleckt_in_Tragetasche-Standard-01.jpg","datePublished":"2023-02-28T02:55:26+00:00","dateModified":"2026-05-02T20:39:18+00:00","breadcrumb":{"@id":"https:\/\/shop.bantam.ch\/fr\/produit\/rideau-de-porte-chenille-blanc-argent-anthracite\/#breadcrumb"},"inLanguage":"fr-FR","potentialAction":[{"@type":"ReadAction","target":["https:\/\/shop.bantam.ch\/fr\/produit\/rideau-de-porte-chenille-blanc-argent-anthracite\/"]}]},{"@type":"ImageObject","inLanguage":"fr-FR","@id":"https:\/\/shop.bantam.ch\/fr\/produit\/rideau-de-porte-chenille-blanc-argent-anthracite\/#primaryimage","url":"https:\/\/shop.bantam.ch\/wp-content\/uploads\/2023\/02\/9965135-Tuervorhang_56x185_cm_weiss_silber_anthrazit_gefleckt_in_Tragetasche-Standard-01.jpg","contentUrl":"https:\/\/shop.bantam.ch\/wp-content\/uploads\/2023\/02\/9965135-Tuervorhang_56x185_cm_weiss_silber_anthrazit_gefleckt_in_Tragetasche-Standard-01.jpg","width":1000,"height":750},{"@type":"BreadcrumbList","@id":"https:\/\/shop.bantam.ch\/fr\/produit\/rideau-de-porte-chenille-blanc-argent-anthracite\/#breadcrumb","itemListElement":[{"@type":"ListItem","position":1,"name":"Accueil","item":"https:\/\/shop.bantam.ch\/fr\/"},{"@type":"ListItem","position":2,"name":"Boutique","item":"https:\/\/shop.bantam.ch\/fr\/boutique\/"},{"@type":"ListItem","position":3,"name":"Rideau de porte Chenille blanc\/argent\/anthracite"}]},{"@type":"WebSite","@id":"https:\/\/shop.bantam.ch\/fr\/#website","url":"https:\/\/shop.bantam.ch\/fr\/","name":"Bantam","description":"","publisher":{"@id":"https:\/\/shop.bantam.ch\/fr\/#organization"},"inLanguage":"fr-FR"},{"@type":"Organization","@id":"https:\/\/shop.bantam.ch\/fr\/#organization","name":"Bantam","url":"https:\/\/shop.bantam.ch\/fr\/","logo":{"@type":"ImageObject","inLanguage":"fr-FR","@id":"https:\/\/shop.bantam.ch\/fr\/#\/schema\/logo\/image\/","url":"https:\/\/shop.bantam.ch\/wp-content\/uploads\/2022\/12\/bantam-logo.png","contentUrl":"https:\/\/shop.bantam.ch\/wp-content\/uploads\/2022\/12\/bantam-logo.png","width":320,"height":71,"caption":"Bantam"},"image":{"@id":"https:\/\/shop.bantam.ch\/fr\/#\/schema\/logo\/image\/"}}]}},"_links":{"self":[{"href":"https:\/\/shop.bantam.ch\/fr\/wp-json\/wp\/v2\/product\/91400","targetHints":{"allow":["GET"]}}],"collection":[{"href":"https:\/\/shop.bantam.ch\/fr\/wp-json\/wp\/v2\/product"}],"about":[{"href":"https:\/\/shop.bantam.ch\/fr\/wp-json\/wp\/v2\/types\/product"}],"wp:featuredmedia":[{"embeddable":true,"href":"https:\/\/shop.bantam.ch\/fr\/wp-json\/wp\/v2\/media\/91388"}],"wp:attachment":[{"href":"https:\/\/shop.bantam.ch\/fr\/wp-json\/wp\/v2\/media?parent=91400"}],"wp:term":[{"taxonomy":"product_featured_cat","embeddable":true,"href":"https:\/\/shop.bantam.ch\/fr\/wp-json\/wp\/v2\/product_featured_cat?post=91400"},{"taxonomy":"product_brand","embeddable":true,"href":"https:\/\/shop.bantam.ch\/fr\/wp-json\/wp\/v2\/product_brand?post=91400"},{"taxonomy":"product_cat","embeddable":true,"href":"https:\/\/shop.bantam.ch\/fr\/wp-json\/wp\/v2\/product_cat?post=91400"},{"taxonomy":"product_tag","embeddable":true,"href":"https:\/\/shop.bantam.ch\/fr\/wp-json\/wp\/v2\/product_tag?post=91400"}],"curies":[{"name":"wp","href":"https:\/\/api.w.org\/{rel}","templated":true}]}}