{"id":91042,"date":"2023-02-28T03:51:50","date_gmt":"2023-02-28T02:51:50","guid":{"rendered":"http:\/\/shop.bantam.ch\/produit\/store-de-toit-omnistor-9200-sans-moteur-boitier-blanc-creme-toile-mystic-grey\/"},"modified":"2026-04-17T22:40:40","modified_gmt":"2026-04-17T20:40:40","slug":"store-de-toit-omnistor-9200-sans-moteur-boitier-blanc-creme-toile-mystic-grey","status":"publish","type":"product","link":"https:\/\/shop.bantam.ch\/fr\/produit\/store-de-toit-omnistor-9200-sans-moteur-boitier-blanc-creme-toile-mystic-grey\/","title":{"rendered":"Store de toit Omnistor 9200 sans moteur &#8211; bo\u00eetier blanc cr\u00e8me, toile mystic grey"},"content":{"rendered":"<ul>\n<li>Le moteur peut \u00eatre install\u00e9 ult\u00e9rieurement.<\/li>\n<li>S\u2019adapte parfaitement \u00e0 tout design de v\u00e9hicule.  Il est particuli\u00e8rement adapt\u00e9 aux v\u00e9hicules longs et offre une a\u00e9rodynamique encore meilleure ainsi qu\u2019une r\u00e9duction des bruits de roulement.<\/li>\n<li>Dans la mesure o\u00f9 l\u2019angle de projection peut \u00eatre r\u00e9gl\u00e9 comme vous le souhaitez, le store peut \u00eatre ouvert et ferm\u00e9 m\u00eame lorsque la porte du v\u00e9hicule est ouvert.<\/li>\n<li>Des bras articul\u00e9s robustes garantissent que la toile du store est parfaitement tendue. Le bras articul\u00e9, renforc\u00e9 par un double c\u00e2ble en acier, tend automatiquement la toile du store.  Ainsi, le store reste stable et robuste.<\/li>\n<\/ul>\n<p>Mat\u00e9riau\u00a0:<br \/>Coffre aluminium<br \/>Toile PVC<\/p>\n","protected":false},"excerpt":{"rendered":"<p>Le moteur peut \u00eatre install\u00e9 ult\u00e9rieurement. S\u2019adapte parfaitement \u00e0 tout design de v\u00e9hicule. Il est particuli\u00e8rement adapt\u00e9 aux v\u00e9hicules longs et offre une a\u00e9rodynamique encore meilleure ainsi qu\u2019une r\u00e9duction des bruits de roulement. Dans la mesure o\u00f9 l\u2019angle de projection peut \u00eatre r\u00e9gl\u00e9 comme vous le souhaitez, le store peut \u00eatre ouvert et ferm\u00e9 m\u00eame [&hellip;]<\/p>\n","protected":false},"featured_media":90992,"template":"","meta":{"_acf_changed":false},"product_featured_cat":[],"product_brand":[3046],"product_cat":[4213],"product_tag":[],"class_list":{"0":"post-91042","1":"product","2":"type-product","3":"status-publish","4":"has-post-thumbnail","6":"product_brand-thule","7":"product_cat-stores-a-cassette","9":"first","10":"instock","11":"taxable","12":"shipping-taxable","13":"purchasable","14":"product-type-variable"},"acf":[],"yoast_head":"<!-- This site is optimized with the Yoast SEO plugin v27.4 - https:\/\/yoast.com\/product\/yoast-seo-wordpress\/ -->\n<title>Store de toit Omnistor 9200 sans moteur - bo\u00eetier blanc cr\u00e8me, toile mystic grey - Bantam Wankm\u00fcller SA<\/title>\n<meta name=\"robots\" content=\"index, follow, max-snippet:-1, max-image-preview:large, max-video-preview:-1\" \/>\n<link rel=\"canonical\" href=\"https:\/\/shop.bantam.ch\/fr\/produit\/store-de-toit-omnistor-9200-sans-moteur-boitier-blanc-creme-toile-mystic-grey\/\" \/>\n<meta property=\"og:locale\" content=\"fr_FR\" \/>\n<meta property=\"og:type\" content=\"article\" \/>\n<meta property=\"og:title\" content=\"Store de toit Omnistor 9200 sans moteur - bo\u00eetier blanc cr\u00e8me, toile mystic grey - Bantam Wankm\u00fcller SA\" \/>\n<meta property=\"og:description\" content=\"Le moteur peut \u00eatre install\u00e9 ult\u00e9rieurement. S\u2019adapte parfaitement \u00e0 tout design de v\u00e9hicule. Il est particuli\u00e8rement adapt\u00e9 aux v\u00e9hicules longs et offre une a\u00e9rodynamique encore meilleure ainsi qu\u2019une r\u00e9duction des bruits de roulement. Dans la mesure o\u00f9 l\u2019angle de projection peut \u00eatre r\u00e9gl\u00e9 comme vous le souhaitez, le store peut \u00eatre ouvert et ferm\u00e9 m\u00eame [&hellip;]\" \/>\n<meta property=\"og:url\" content=\"https:\/\/shop.bantam.ch\/fr\/produit\/store-de-toit-omnistor-9200-sans-moteur-boitier-blanc-creme-toile-mystic-grey\/\" \/>\n<meta property=\"og:site_name\" content=\"Bantam Wankm\u00fcller SA\" \/>\n<meta property=\"article:modified_time\" content=\"2026-04-17T20:40:40+00:00\" \/>\n<meta property=\"og:image\" content=\"https:\/\/shop.bantam.ch\/wp-content\/uploads\/2023\/02\/991082111.jpg\" \/>\n\t<meta property=\"og:image:width\" content=\"1000\" \/>\n\t<meta property=\"og:image:height\" content=\"413\" \/>\n\t<meta property=\"og:image:type\" content=\"image\/jpeg\" \/>\n<meta name=\"twitter:card\" content=\"summary_large_image\" \/>\n<meta name=\"twitter:label1\" content=\"Dur\u00e9e de lecture estim\u00e9e\" \/>\n\t<meta name=\"twitter:data1\" content=\"1 minute\" \/>\n<script type=\"application\/ld+json\" class=\"yoast-schema-graph\">{\"@context\":\"https:\\\/\\\/schema.org\",\"@graph\":[{\"@type\":\"WebPage\",\"@id\":\"https:\\\/\\\/shop.bantam.ch\\\/fr\\\/produit\\\/store-de-toit-omnistor-9200-sans-moteur-boitier-blanc-creme-toile-mystic-grey\\\/\",\"url\":\"https:\\\/\\\/shop.bantam.ch\\\/fr\\\/produit\\\/store-de-toit-omnistor-9200-sans-moteur-boitier-blanc-creme-toile-mystic-grey\\\/\",\"name\":\"Store de toit Omnistor 9200 sans moteur - bo\u00eetier blanc cr\u00e8me, toile mystic grey - Bantam Wankm\u00fcller SA\",\"isPartOf\":{\"@id\":\"https:\\\/\\\/shop.bantam.ch\\\/fr\\\/#website\"},\"primaryImageOfPage\":{\"@id\":\"https:\\\/\\\/shop.bantam.ch\\\/fr\\\/produit\\\/store-de-toit-omnistor-9200-sans-moteur-boitier-blanc-creme-toile-mystic-grey\\\/#primaryimage\"},\"image\":{\"@id\":\"https:\\\/\\\/shop.bantam.ch\\\/fr\\\/produit\\\/store-de-toit-omnistor-9200-sans-moteur-boitier-blanc-creme-toile-mystic-grey\\\/#primaryimage\"},\"thumbnailUrl\":\"https:\\\/\\\/shop.bantam.ch\\\/wp-content\\\/uploads\\\/2023\\\/02\\\/991082111.jpg\",\"datePublished\":\"2023-02-28T02:51:50+00:00\",\"dateModified\":\"2026-04-17T20:40:40+00:00\",\"breadcrumb\":{\"@id\":\"https:\\\/\\\/shop.bantam.ch\\\/fr\\\/produit\\\/store-de-toit-omnistor-9200-sans-moteur-boitier-blanc-creme-toile-mystic-grey\\\/#breadcrumb\"},\"inLanguage\":\"fr-FR\",\"potentialAction\":[{\"@type\":\"ReadAction\",\"target\":[\"https:\\\/\\\/shop.bantam.ch\\\/fr\\\/produit\\\/store-de-toit-omnistor-9200-sans-moteur-boitier-blanc-creme-toile-mystic-grey\\\/\"]}]},{\"@type\":\"ImageObject\",\"inLanguage\":\"fr-FR\",\"@id\":\"https:\\\/\\\/shop.bantam.ch\\\/fr\\\/produit\\\/store-de-toit-omnistor-9200-sans-moteur-boitier-blanc-creme-toile-mystic-grey\\\/#primaryimage\",\"url\":\"https:\\\/\\\/shop.bantam.ch\\\/wp-content\\\/uploads\\\/2023\\\/02\\\/991082111.jpg\",\"contentUrl\":\"https:\\\/\\\/shop.bantam.ch\\\/wp-content\\\/uploads\\\/2023\\\/02\\\/991082111.jpg\",\"width\":1000,\"height\":413},{\"@type\":\"BreadcrumbList\",\"@id\":\"https:\\\/\\\/shop.bantam.ch\\\/fr\\\/produit\\\/store-de-toit-omnistor-9200-sans-moteur-boitier-blanc-creme-toile-mystic-grey\\\/#breadcrumb\",\"itemListElement\":[{\"@type\":\"ListItem\",\"position\":1,\"name\":\"Accueil\",\"item\":\"https:\\\/\\\/shop.bantam.ch\\\/fr\\\/\"},{\"@type\":\"ListItem\",\"position\":2,\"name\":\"Boutique\",\"item\":\"https:\\\/\\\/shop.bantam.ch\\\/fr\\\/boutique\\\/\"},{\"@type\":\"ListItem\",\"position\":3,\"name\":\"Store de toit Omnistor 9200 sans moteur &#8211; bo\u00eetier blanc cr\u00e8me, toile mystic grey\"}]},{\"@type\":\"WebSite\",\"@id\":\"https:\\\/\\\/shop.bantam.ch\\\/fr\\\/#website\",\"url\":\"https:\\\/\\\/shop.bantam.ch\\\/fr\\\/\",\"name\":\"Bantam Wankm\u00fcller SA\",\"description\":\"\",\"publisher\":{\"@id\":\"https:\\\/\\\/shop.bantam.ch\\\/fr\\\/#organization\"},\"inLanguage\":\"fr-FR\"},{\"@type\":\"Organization\",\"@id\":\"https:\\\/\\\/shop.bantam.ch\\\/fr\\\/#organization\",\"name\":\"Bantam Wankm\u00fcller SA\",\"url\":\"https:\\\/\\\/shop.bantam.ch\\\/fr\\\/\",\"logo\":{\"@type\":\"ImageObject\",\"inLanguage\":\"fr-FR\",\"@id\":\"https:\\\/\\\/shop.bantam.ch\\\/fr\\\/#\\\/schema\\\/logo\\\/image\\\/\",\"url\":\"https:\\\/\\\/shop.bantam.ch\\\/wp-content\\\/uploads\\\/2022\\\/12\\\/bantam-logo.png\",\"contentUrl\":\"https:\\\/\\\/shop.bantam.ch\\\/wp-content\\\/uploads\\\/2022\\\/12\\\/bantam-logo.png\",\"width\":320,\"height\":71,\"caption\":\"Bantam Wankm\u00fcller SA\"},\"image\":{\"@id\":\"https:\\\/\\\/shop.bantam.ch\\\/fr\\\/#\\\/schema\\\/logo\\\/image\\\/\"}}]}<\/script>\n<!-- \/ Yoast SEO plugin. -->","yoast_head_json":{"title":"Store de toit Omnistor 9200 sans moteur - bo\u00eetier blanc cr\u00e8me, toile mystic grey - Bantam Wankm\u00fcller SA","robots":{"index":"index","follow":"follow","max-snippet":"max-snippet:-1","max-image-preview":"max-image-preview:large","max-video-preview":"max-video-preview:-1"},"canonical":"https:\/\/shop.bantam.ch\/fr\/produit\/store-de-toit-omnistor-9200-sans-moteur-boitier-blanc-creme-toile-mystic-grey\/","og_locale":"fr_FR","og_type":"article","og_title":"Store de toit Omnistor 9200 sans moteur - bo\u00eetier blanc cr\u00e8me, toile mystic grey - Bantam Wankm\u00fcller SA","og_description":"Le moteur peut \u00eatre install\u00e9 ult\u00e9rieurement. S\u2019adapte parfaitement \u00e0 tout design de v\u00e9hicule. Il est particuli\u00e8rement adapt\u00e9 aux v\u00e9hicules longs et offre une a\u00e9rodynamique encore meilleure ainsi qu\u2019une r\u00e9duction des bruits de roulement. Dans la mesure o\u00f9 l\u2019angle de projection peut \u00eatre r\u00e9gl\u00e9 comme vous le souhaitez, le store peut \u00eatre ouvert et ferm\u00e9 m\u00eame [&hellip;]","og_url":"https:\/\/shop.bantam.ch\/fr\/produit\/store-de-toit-omnistor-9200-sans-moteur-boitier-blanc-creme-toile-mystic-grey\/","og_site_name":"Bantam Wankm\u00fcller SA","article_modified_time":"2026-04-17T20:40:40+00:00","og_image":[{"width":1000,"height":413,"url":"https:\/\/shop.bantam.ch\/wp-content\/uploads\/2023\/02\/991082111.jpg","type":"image\/jpeg"}],"twitter_card":"summary_large_image","twitter_misc":{"Dur\u00e9e de lecture estim\u00e9e":"1 minute"},"schema":{"@context":"https:\/\/schema.org","@graph":[{"@type":"WebPage","@id":"https:\/\/shop.bantam.ch\/fr\/produit\/store-de-toit-omnistor-9200-sans-moteur-boitier-blanc-creme-toile-mystic-grey\/","url":"https:\/\/shop.bantam.ch\/fr\/produit\/store-de-toit-omnistor-9200-sans-moteur-boitier-blanc-creme-toile-mystic-grey\/","name":"Store de toit Omnistor 9200 sans moteur - bo\u00eetier blanc cr\u00e8me, toile mystic grey - Bantam Wankm\u00fcller SA","isPartOf":{"@id":"https:\/\/shop.bantam.ch\/fr\/#website"},"primaryImageOfPage":{"@id":"https:\/\/shop.bantam.ch\/fr\/produit\/store-de-toit-omnistor-9200-sans-moteur-boitier-blanc-creme-toile-mystic-grey\/#primaryimage"},"image":{"@id":"https:\/\/shop.bantam.ch\/fr\/produit\/store-de-toit-omnistor-9200-sans-moteur-boitier-blanc-creme-toile-mystic-grey\/#primaryimage"},"thumbnailUrl":"https:\/\/shop.bantam.ch\/wp-content\/uploads\/2023\/02\/991082111.jpg","datePublished":"2023-02-28T02:51:50+00:00","dateModified":"2026-04-17T20:40:40+00:00","breadcrumb":{"@id":"https:\/\/shop.bantam.ch\/fr\/produit\/store-de-toit-omnistor-9200-sans-moteur-boitier-blanc-creme-toile-mystic-grey\/#breadcrumb"},"inLanguage":"fr-FR","potentialAction":[{"@type":"ReadAction","target":["https:\/\/shop.bantam.ch\/fr\/produit\/store-de-toit-omnistor-9200-sans-moteur-boitier-blanc-creme-toile-mystic-grey\/"]}]},{"@type":"ImageObject","inLanguage":"fr-FR","@id":"https:\/\/shop.bantam.ch\/fr\/produit\/store-de-toit-omnistor-9200-sans-moteur-boitier-blanc-creme-toile-mystic-grey\/#primaryimage","url":"https:\/\/shop.bantam.ch\/wp-content\/uploads\/2023\/02\/991082111.jpg","contentUrl":"https:\/\/shop.bantam.ch\/wp-content\/uploads\/2023\/02\/991082111.jpg","width":1000,"height":413},{"@type":"BreadcrumbList","@id":"https:\/\/shop.bantam.ch\/fr\/produit\/store-de-toit-omnistor-9200-sans-moteur-boitier-blanc-creme-toile-mystic-grey\/#breadcrumb","itemListElement":[{"@type":"ListItem","position":1,"name":"Accueil","item":"https:\/\/shop.bantam.ch\/fr\/"},{"@type":"ListItem","position":2,"name":"Boutique","item":"https:\/\/shop.bantam.ch\/fr\/boutique\/"},{"@type":"ListItem","position":3,"name":"Store de toit Omnistor 9200 sans moteur &#8211; bo\u00eetier blanc cr\u00e8me, toile mystic grey"}]},{"@type":"WebSite","@id":"https:\/\/shop.bantam.ch\/fr\/#website","url":"https:\/\/shop.bantam.ch\/fr\/","name":"Bantam Wankm\u00fcller SA","description":"","publisher":{"@id":"https:\/\/shop.bantam.ch\/fr\/#organization"},"inLanguage":"fr-FR"},{"@type":"Organization","@id":"https:\/\/shop.bantam.ch\/fr\/#organization","name":"Bantam Wankm\u00fcller SA","url":"https:\/\/shop.bantam.ch\/fr\/","logo":{"@type":"ImageObject","inLanguage":"fr-FR","@id":"https:\/\/shop.bantam.ch\/fr\/#\/schema\/logo\/image\/","url":"https:\/\/shop.bantam.ch\/wp-content\/uploads\/2022\/12\/bantam-logo.png","contentUrl":"https:\/\/shop.bantam.ch\/wp-content\/uploads\/2022\/12\/bantam-logo.png","width":320,"height":71,"caption":"Bantam Wankm\u00fcller SA"},"image":{"@id":"https:\/\/shop.bantam.ch\/fr\/#\/schema\/logo\/image\/"}}]}},"_links":{"self":[{"href":"https:\/\/shop.bantam.ch\/fr\/wp-json\/wp\/v2\/product\/91042","targetHints":{"allow":["GET"]}}],"collection":[{"href":"https:\/\/shop.bantam.ch\/fr\/wp-json\/wp\/v2\/product"}],"about":[{"href":"https:\/\/shop.bantam.ch\/fr\/wp-json\/wp\/v2\/types\/product"}],"wp:featuredmedia":[{"embeddable":true,"href":"https:\/\/shop.bantam.ch\/fr\/wp-json\/wp\/v2\/media\/90992"}],"wp:attachment":[{"href":"https:\/\/shop.bantam.ch\/fr\/wp-json\/wp\/v2\/media?parent=91042"}],"wp:term":[{"taxonomy":"product_featured_cat","embeddable":true,"href":"https:\/\/shop.bantam.ch\/fr\/wp-json\/wp\/v2\/product_featured_cat?post=91042"},{"taxonomy":"product_brand","embeddable":true,"href":"https:\/\/shop.bantam.ch\/fr\/wp-json\/wp\/v2\/product_brand?post=91042"},{"taxonomy":"product_cat","embeddable":true,"href":"https:\/\/shop.bantam.ch\/fr\/wp-json\/wp\/v2\/product_cat?post=91042"},{"taxonomy":"product_tag","embeddable":true,"href":"https:\/\/shop.bantam.ch\/fr\/wp-json\/wp\/v2\/product_tag?post=91042"}],"curies":[{"name":"wp","href":"https:\/\/api.w.org\/{rel}","templated":true}]}}