{"id":90976,"date":"2023-02-28T03:51:26","date_gmt":"2023-02-28T02:51:26","guid":{"rendered":"http:\/\/shop.bantam.ch\/produit\/systeme-de-filtration-biolit-97-premium\/"},"modified":"2026-04-19T21:27:36","modified_gmt":"2026-04-19T19:27:36","slug":"systeme-de-filtration-biolit-97-premium","status":"publish","type":"product","link":"https:\/\/shop.bantam.ch\/fr\/produit\/systeme-de-filtration-biolit-97-premium\/","title":{"rendered":"Syst\u00e8me de filtration LILIE Biolit-97 Premium"},"content":{"rendered":"<p>Le syst\u00e8me de filtration a \u00e9t\u00e9 d\u00e9velopp\u00e9 sp\u00e9cialement pour l\u2019utilisation mobile. Le d\u00e9bit se fait sur l\u2019ensemble de la longueur de la couche filtrante, ce qui permet le meilleur tamisage mol\u00e9culaire possible et une absorption haut d\u00e9bit \u00e0 constante de retenue de 0,5 \u00b5m. Protection contre les germes pour 15\u00a0000\u00a0litres pour une constante de 30\u00a0litres\/min, 200\u00a0000\u00a0m\u00b2 de surface de filtre.<\/p>\n<ul>\n<li>D\u00e9bit des eaux\u00a0: 13,0\u00a0litres\/min<\/li>\n<li>Pression d&rsquo;entr\u00e9e : 7,6 bar max.<\/li>\n<li>Temp\u00e9rature de service : 50 \u00b0C max.<\/li>\n<li>Connectique\u00a0: 3\/4\u201cl avec des raccords de 10 mm gr\u00e2ce \u00e0 la fixation comprise<\/li>\n<\/ul>\n","protected":false},"excerpt":{"rendered":"<p>Le syst\u00e8me de filtration a \u00e9t\u00e9 d\u00e9velopp\u00e9 sp\u00e9cialement pour l\u2019utilisation mobile. Le d\u00e9bit se fait sur l\u2019ensemble de la longueur de la couche filtrante, ce qui permet le meilleur tamisage mol\u00e9culaire possible et une absorption haut d\u00e9bit \u00e0 constante de retenue de 0,5 \u00b5m. Protection contre les germes pour 15\u00a0000\u00a0litres pour une constante de 30\u00a0litres\/min, [&hellip;]<\/p>\n","protected":false},"featured_media":90974,"template":"","meta":{"_acf_changed":false},"product_featured_cat":[],"product_brand":[3108],"product_cat":[4615],"product_tag":[],"class_list":{"0":"post-90976","1":"product","2":"type-product","3":"status-publish","4":"has-post-thumbnail","6":"product_brand-lilie","7":"product_cat-filtres-a-eau","9":"first","10":"instock","11":"taxable","12":"shipping-taxable","13":"purchasable","14":"product-type-simple"},"acf":[],"yoast_head":"<!-- This site is optimized with the Yoast SEO plugin v27.4 - https:\/\/yoast.com\/product\/yoast-seo-wordpress\/ -->\n<title>Syst\u00e8me de filtration LILIE Biolit-97 Premium - Bantam Wankm\u00fcller SA<\/title>\n<meta name=\"robots\" content=\"index, follow, max-snippet:-1, max-image-preview:large, max-video-preview:-1\" \/>\n<link rel=\"canonical\" href=\"https:\/\/shop.bantam.ch\/fr\/produit\/systeme-de-filtration-biolit-97-premium\/\" \/>\n<meta property=\"og:locale\" content=\"fr_FR\" \/>\n<meta property=\"og:type\" content=\"article\" \/>\n<meta property=\"og:title\" content=\"Syst\u00e8me de filtration LILIE Biolit-97 Premium - Bantam Wankm\u00fcller SA\" \/>\n<meta property=\"og:description\" content=\"Le syst\u00e8me de filtration a \u00e9t\u00e9 d\u00e9velopp\u00e9 sp\u00e9cialement pour l\u2019utilisation mobile. Le d\u00e9bit se fait sur l\u2019ensemble de la longueur de la couche filtrante, ce qui permet le meilleur tamisage mol\u00e9culaire possible et une absorption haut d\u00e9bit \u00e0 constante de retenue de 0,5 \u00b5m. Protection contre les germes pour 15\u00a0000\u00a0litres pour une constante de 30\u00a0litres\/min, [&hellip;]\" \/>\n<meta property=\"og:url\" content=\"https:\/\/shop.bantam.ch\/fr\/produit\/systeme-de-filtration-biolit-97-premium\/\" \/>\n<meta property=\"og:site_name\" content=\"Bantam Wankm\u00fcller SA\" \/>\n<meta property=\"article:modified_time\" content=\"2026-04-19T19:27:36+00:00\" \/>\n<meta property=\"og:image\" content=\"https:\/\/shop.bantam.ch\/wp-content\/uploads\/2023\/02\/993316611.jpg\" \/>\n\t<meta property=\"og:image:width\" content=\"197\" \/>\n\t<meta property=\"og:image:height\" content=\"500\" \/>\n\t<meta property=\"og:image:type\" content=\"image\/jpeg\" \/>\n<meta name=\"twitter:card\" content=\"summary_large_image\" \/>\n<script type=\"application\/ld+json\" class=\"yoast-schema-graph\">{\"@context\":\"https:\\\/\\\/schema.org\",\"@graph\":[{\"@type\":\"WebPage\",\"@id\":\"https:\\\/\\\/shop.bantam.ch\\\/fr\\\/produit\\\/systeme-de-filtration-biolit-97-premium\\\/\",\"url\":\"https:\\\/\\\/shop.bantam.ch\\\/fr\\\/produit\\\/systeme-de-filtration-biolit-97-premium\\\/\",\"name\":\"Syst\u00e8me de filtration LILIE Biolit-97 Premium - Bantam Wankm\u00fcller SA\",\"isPartOf\":{\"@id\":\"https:\\\/\\\/shop.bantam.ch\\\/fr\\\/#website\"},\"primaryImageOfPage\":{\"@id\":\"https:\\\/\\\/shop.bantam.ch\\\/fr\\\/produit\\\/systeme-de-filtration-biolit-97-premium\\\/#primaryimage\"},\"image\":{\"@id\":\"https:\\\/\\\/shop.bantam.ch\\\/fr\\\/produit\\\/systeme-de-filtration-biolit-97-premium\\\/#primaryimage\"},\"thumbnailUrl\":\"https:\\\/\\\/shop.bantam.ch\\\/wp-content\\\/uploads\\\/2023\\\/02\\\/993316611.jpg\",\"datePublished\":\"2023-02-28T02:51:26+00:00\",\"dateModified\":\"2026-04-19T19:27:36+00:00\",\"breadcrumb\":{\"@id\":\"https:\\\/\\\/shop.bantam.ch\\\/fr\\\/produit\\\/systeme-de-filtration-biolit-97-premium\\\/#breadcrumb\"},\"inLanguage\":\"fr-FR\",\"potentialAction\":[{\"@type\":\"ReadAction\",\"target\":[\"https:\\\/\\\/shop.bantam.ch\\\/fr\\\/produit\\\/systeme-de-filtration-biolit-97-premium\\\/\"]}]},{\"@type\":\"ImageObject\",\"inLanguage\":\"fr-FR\",\"@id\":\"https:\\\/\\\/shop.bantam.ch\\\/fr\\\/produit\\\/systeme-de-filtration-biolit-97-premium\\\/#primaryimage\",\"url\":\"https:\\\/\\\/shop.bantam.ch\\\/wp-content\\\/uploads\\\/2023\\\/02\\\/993316611.jpg\",\"contentUrl\":\"https:\\\/\\\/shop.bantam.ch\\\/wp-content\\\/uploads\\\/2023\\\/02\\\/993316611.jpg\",\"width\":197,\"height\":500},{\"@type\":\"BreadcrumbList\",\"@id\":\"https:\\\/\\\/shop.bantam.ch\\\/fr\\\/produit\\\/systeme-de-filtration-biolit-97-premium\\\/#breadcrumb\",\"itemListElement\":[{\"@type\":\"ListItem\",\"position\":1,\"name\":\"Accueil\",\"item\":\"https:\\\/\\\/shop.bantam.ch\\\/fr\\\/\"},{\"@type\":\"ListItem\",\"position\":2,\"name\":\"Boutique\",\"item\":\"https:\\\/\\\/shop.bantam.ch\\\/fr\\\/boutique\\\/\"},{\"@type\":\"ListItem\",\"position\":3,\"name\":\"Syst\u00e8me de filtration LILIE Biolit-97 Premium\"}]},{\"@type\":\"WebSite\",\"@id\":\"https:\\\/\\\/shop.bantam.ch\\\/fr\\\/#website\",\"url\":\"https:\\\/\\\/shop.bantam.ch\\\/fr\\\/\",\"name\":\"Bantam Wankm\u00fcller SA\",\"description\":\"\",\"publisher\":{\"@id\":\"https:\\\/\\\/shop.bantam.ch\\\/fr\\\/#organization\"},\"inLanguage\":\"fr-FR\"},{\"@type\":\"Organization\",\"@id\":\"https:\\\/\\\/shop.bantam.ch\\\/fr\\\/#organization\",\"name\":\"Bantam Wankm\u00fcller SA\",\"url\":\"https:\\\/\\\/shop.bantam.ch\\\/fr\\\/\",\"logo\":{\"@type\":\"ImageObject\",\"inLanguage\":\"fr-FR\",\"@id\":\"https:\\\/\\\/shop.bantam.ch\\\/fr\\\/#\\\/schema\\\/logo\\\/image\\\/\",\"url\":\"https:\\\/\\\/shop.bantam.ch\\\/wp-content\\\/uploads\\\/2022\\\/12\\\/bantam-logo.png\",\"contentUrl\":\"https:\\\/\\\/shop.bantam.ch\\\/wp-content\\\/uploads\\\/2022\\\/12\\\/bantam-logo.png\",\"width\":320,\"height\":71,\"caption\":\"Bantam Wankm\u00fcller SA\"},\"image\":{\"@id\":\"https:\\\/\\\/shop.bantam.ch\\\/fr\\\/#\\\/schema\\\/logo\\\/image\\\/\"}}]}<\/script>\n<!-- \/ Yoast SEO plugin. -->","yoast_head_json":{"title":"Syst\u00e8me de filtration LILIE Biolit-97 Premium - Bantam Wankm\u00fcller SA","robots":{"index":"index","follow":"follow","max-snippet":"max-snippet:-1","max-image-preview":"max-image-preview:large","max-video-preview":"max-video-preview:-1"},"canonical":"https:\/\/shop.bantam.ch\/fr\/produit\/systeme-de-filtration-biolit-97-premium\/","og_locale":"fr_FR","og_type":"article","og_title":"Syst\u00e8me de filtration LILIE Biolit-97 Premium - Bantam Wankm\u00fcller SA","og_description":"Le syst\u00e8me de filtration a \u00e9t\u00e9 d\u00e9velopp\u00e9 sp\u00e9cialement pour l\u2019utilisation mobile. Le d\u00e9bit se fait sur l\u2019ensemble de la longueur de la couche filtrante, ce qui permet le meilleur tamisage mol\u00e9culaire possible et une absorption haut d\u00e9bit \u00e0 constante de retenue de 0,5 \u00b5m. Protection contre les germes pour 15\u00a0000\u00a0litres pour une constante de 30\u00a0litres\/min, [&hellip;]","og_url":"https:\/\/shop.bantam.ch\/fr\/produit\/systeme-de-filtration-biolit-97-premium\/","og_site_name":"Bantam Wankm\u00fcller SA","article_modified_time":"2026-04-19T19:27:36+00:00","og_image":[{"width":197,"height":500,"url":"https:\/\/shop.bantam.ch\/wp-content\/uploads\/2023\/02\/993316611.jpg","type":"image\/jpeg"}],"twitter_card":"summary_large_image","schema":{"@context":"https:\/\/schema.org","@graph":[{"@type":"WebPage","@id":"https:\/\/shop.bantam.ch\/fr\/produit\/systeme-de-filtration-biolit-97-premium\/","url":"https:\/\/shop.bantam.ch\/fr\/produit\/systeme-de-filtration-biolit-97-premium\/","name":"Syst\u00e8me de filtration LILIE Biolit-97 Premium - Bantam Wankm\u00fcller SA","isPartOf":{"@id":"https:\/\/shop.bantam.ch\/fr\/#website"},"primaryImageOfPage":{"@id":"https:\/\/shop.bantam.ch\/fr\/produit\/systeme-de-filtration-biolit-97-premium\/#primaryimage"},"image":{"@id":"https:\/\/shop.bantam.ch\/fr\/produit\/systeme-de-filtration-biolit-97-premium\/#primaryimage"},"thumbnailUrl":"https:\/\/shop.bantam.ch\/wp-content\/uploads\/2023\/02\/993316611.jpg","datePublished":"2023-02-28T02:51:26+00:00","dateModified":"2026-04-19T19:27:36+00:00","breadcrumb":{"@id":"https:\/\/shop.bantam.ch\/fr\/produit\/systeme-de-filtration-biolit-97-premium\/#breadcrumb"},"inLanguage":"fr-FR","potentialAction":[{"@type":"ReadAction","target":["https:\/\/shop.bantam.ch\/fr\/produit\/systeme-de-filtration-biolit-97-premium\/"]}]},{"@type":"ImageObject","inLanguage":"fr-FR","@id":"https:\/\/shop.bantam.ch\/fr\/produit\/systeme-de-filtration-biolit-97-premium\/#primaryimage","url":"https:\/\/shop.bantam.ch\/wp-content\/uploads\/2023\/02\/993316611.jpg","contentUrl":"https:\/\/shop.bantam.ch\/wp-content\/uploads\/2023\/02\/993316611.jpg","width":197,"height":500},{"@type":"BreadcrumbList","@id":"https:\/\/shop.bantam.ch\/fr\/produit\/systeme-de-filtration-biolit-97-premium\/#breadcrumb","itemListElement":[{"@type":"ListItem","position":1,"name":"Accueil","item":"https:\/\/shop.bantam.ch\/fr\/"},{"@type":"ListItem","position":2,"name":"Boutique","item":"https:\/\/shop.bantam.ch\/fr\/boutique\/"},{"@type":"ListItem","position":3,"name":"Syst\u00e8me de filtration LILIE Biolit-97 Premium"}]},{"@type":"WebSite","@id":"https:\/\/shop.bantam.ch\/fr\/#website","url":"https:\/\/shop.bantam.ch\/fr\/","name":"Bantam Wankm\u00fcller SA","description":"","publisher":{"@id":"https:\/\/shop.bantam.ch\/fr\/#organization"},"inLanguage":"fr-FR"},{"@type":"Organization","@id":"https:\/\/shop.bantam.ch\/fr\/#organization","name":"Bantam Wankm\u00fcller SA","url":"https:\/\/shop.bantam.ch\/fr\/","logo":{"@type":"ImageObject","inLanguage":"fr-FR","@id":"https:\/\/shop.bantam.ch\/fr\/#\/schema\/logo\/image\/","url":"https:\/\/shop.bantam.ch\/wp-content\/uploads\/2022\/12\/bantam-logo.png","contentUrl":"https:\/\/shop.bantam.ch\/wp-content\/uploads\/2022\/12\/bantam-logo.png","width":320,"height":71,"caption":"Bantam Wankm\u00fcller SA"},"image":{"@id":"https:\/\/shop.bantam.ch\/fr\/#\/schema\/logo\/image\/"}}]}},"_links":{"self":[{"href":"https:\/\/shop.bantam.ch\/fr\/wp-json\/wp\/v2\/product\/90976","targetHints":{"allow":["GET"]}}],"collection":[{"href":"https:\/\/shop.bantam.ch\/fr\/wp-json\/wp\/v2\/product"}],"about":[{"href":"https:\/\/shop.bantam.ch\/fr\/wp-json\/wp\/v2\/types\/product"}],"wp:featuredmedia":[{"embeddable":true,"href":"https:\/\/shop.bantam.ch\/fr\/wp-json\/wp\/v2\/media\/90974"}],"wp:attachment":[{"href":"https:\/\/shop.bantam.ch\/fr\/wp-json\/wp\/v2\/media?parent=90976"}],"wp:term":[{"taxonomy":"product_featured_cat","embeddable":true,"href":"https:\/\/shop.bantam.ch\/fr\/wp-json\/wp\/v2\/product_featured_cat?post=90976"},{"taxonomy":"product_brand","embeddable":true,"href":"https:\/\/shop.bantam.ch\/fr\/wp-json\/wp\/v2\/product_brand?post=90976"},{"taxonomy":"product_cat","embeddable":true,"href":"https:\/\/shop.bantam.ch\/fr\/wp-json\/wp\/v2\/product_cat?post=90976"},{"taxonomy":"product_tag","embeddable":true,"href":"https:\/\/shop.bantam.ch\/fr\/wp-json\/wp\/v2\/product_tag?post=90976"}],"curies":[{"name":"wp","href":"https:\/\/api.w.org\/{rel}","templated":true}]}}