{"id":90942,"date":"2023-02-28T03:50:41","date_gmt":"2023-02-28T02:50:41","guid":{"rendered":"http:\/\/shop.bantam.ch\/produit\/galerie-de-toit-dockgrip\/"},"modified":"2026-04-17T21:25:36","modified_gmt":"2026-04-17T19:25:36","slug":"galerie-de-toit-dockgrip","status":"publish","type":"product","link":"https:\/\/shop.bantam.ch\/fr\/produit\/galerie-de-toit-dockgrip\/","title":{"rendered":"Galerie de toit THULE DockGrip"},"content":{"rendered":"<p>Une galerie de toit polyvalente pour le transport horizontal de kayak, avec des grands supports rembourr\u00e9s et souples adapt\u00e9s \u00e0 pratiquement toutes les formes de coques et de SUP.<\/p>\n<ul>\n<li>Gr\u00e2ce \u00e0 deux cales pivotantes et ind\u00e9pendantes dot\u00e9es d\u2019un levier permettant d\u2019ajuster leur angle, la galerie de toit est adapt\u00e9e \u00e0 pratiquement toutes les formes de coques et de SUP.<\/li>\n<li>La coque est prot\u00e9g\u00e9e gr\u00e2ce aux grands supports rembourr\u00e9s et flexibles.<\/li>\n<li>Fixation simple du kayak ou du SUP par des sangles centrales dot\u00e9es de boucles de protection \u00e0 cliquet.<\/li>\n<li>Fixation T-Nut comprise<\/li>\n<li>Pour le transport de kayaks et de SUP d\u2019une largeur de 90\u00a0cm max. et d\u2019un poids ne d\u00e9passant pas les 40\u00a0kg.<\/li>\n<\/ul>\n","protected":false},"excerpt":{"rendered":"<p>Une galerie de toit polyvalente pour le transport horizontal de kayak, avec des grands supports rembourr\u00e9s et souples adapt\u00e9s \u00e0 pratiquement toutes les formes de coques et de SUP. Gr\u00e2ce \u00e0 deux cales pivotantes et ind\u00e9pendantes dot\u00e9es d\u2019un levier permettant d\u2019ajuster leur angle, la galerie de toit est adapt\u00e9e \u00e0 pratiquement toutes les formes de [&hellip;]<\/p>\n","protected":false},"featured_media":90940,"template":"","meta":{"_acf_changed":false},"product_featured_cat":[],"product_brand":[3046],"product_cat":[4797],"product_tag":[],"class_list":{"0":"post-90942","1":"product","2":"type-product","3":"status-publish","4":"has-post-thumbnail","6":"product_brand-thule","7":"product_cat-rampes-de-toit-et-supports","9":"first","10":"instock","11":"taxable","12":"shipping-taxable","13":"purchasable","14":"product-type-simple"},"acf":[],"yoast_head":"<!-- This site is optimized with the Yoast SEO plugin v27.4 - https:\/\/yoast.com\/product\/yoast-seo-wordpress\/ -->\n<title>Galerie de toit THULE DockGrip - Bantam Wankm\u00fcller SA<\/title>\n<meta name=\"robots\" content=\"index, follow, max-snippet:-1, max-image-preview:large, max-video-preview:-1\" \/>\n<link rel=\"canonical\" href=\"https:\/\/shop.bantam.ch\/fr\/produit\/galerie-de-toit-dockgrip\/\" \/>\n<meta property=\"og:locale\" content=\"fr_FR\" \/>\n<meta property=\"og:type\" content=\"article\" \/>\n<meta property=\"og:title\" content=\"Galerie de toit THULE DockGrip - Bantam Wankm\u00fcller SA\" \/>\n<meta property=\"og:description\" content=\"Une galerie de toit polyvalente pour le transport horizontal de kayak, avec des grands supports rembourr\u00e9s et souples adapt\u00e9s \u00e0 pratiquement toutes les formes de coques et de SUP. Gr\u00e2ce \u00e0 deux cales pivotantes et ind\u00e9pendantes dot\u00e9es d\u2019un levier permettant d\u2019ajuster leur angle, la galerie de toit est adapt\u00e9e \u00e0 pratiquement toutes les formes de [&hellip;]\" \/>\n<meta property=\"og:url\" content=\"https:\/\/shop.bantam.ch\/fr\/produit\/galerie-de-toit-dockgrip\/\" \/>\n<meta property=\"og:site_name\" content=\"Bantam Wankm\u00fcller SA\" \/>\n<meta property=\"article:modified_time\" content=\"2026-04-17T19:25:36+00:00\" \/>\n<meta property=\"og:image\" content=\"https:\/\/shop.bantam.ch\/wp-content\/uploads\/2023\/02\/993311412.jpg\" \/>\n\t<meta property=\"og:image:width\" content=\"1000\" \/>\n\t<meta property=\"og:image:height\" content=\"402\" \/>\n\t<meta property=\"og:image:type\" content=\"image\/jpeg\" \/>\n<meta name=\"twitter:card\" content=\"summary_large_image\" \/>\n<meta name=\"twitter:label1\" content=\"Dur\u00e9e de lecture estim\u00e9e\" \/>\n\t<meta name=\"twitter:data1\" content=\"1 minute\" \/>\n<script type=\"application\/ld+json\" class=\"yoast-schema-graph\">{\"@context\":\"https:\\\/\\\/schema.org\",\"@graph\":[{\"@type\":\"WebPage\",\"@id\":\"https:\\\/\\\/shop.bantam.ch\\\/fr\\\/produit\\\/galerie-de-toit-dockgrip\\\/\",\"url\":\"https:\\\/\\\/shop.bantam.ch\\\/fr\\\/produit\\\/galerie-de-toit-dockgrip\\\/\",\"name\":\"Galerie de toit THULE DockGrip - Bantam Wankm\u00fcller SA\",\"isPartOf\":{\"@id\":\"https:\\\/\\\/shop.bantam.ch\\\/fr\\\/#website\"},\"primaryImageOfPage\":{\"@id\":\"https:\\\/\\\/shop.bantam.ch\\\/fr\\\/produit\\\/galerie-de-toit-dockgrip\\\/#primaryimage\"},\"image\":{\"@id\":\"https:\\\/\\\/shop.bantam.ch\\\/fr\\\/produit\\\/galerie-de-toit-dockgrip\\\/#primaryimage\"},\"thumbnailUrl\":\"https:\\\/\\\/shop.bantam.ch\\\/wp-content\\\/uploads\\\/2023\\\/02\\\/993311412.jpg\",\"datePublished\":\"2023-02-28T02:50:41+00:00\",\"dateModified\":\"2026-04-17T19:25:36+00:00\",\"breadcrumb\":{\"@id\":\"https:\\\/\\\/shop.bantam.ch\\\/fr\\\/produit\\\/galerie-de-toit-dockgrip\\\/#breadcrumb\"},\"inLanguage\":\"fr-FR\",\"potentialAction\":[{\"@type\":\"ReadAction\",\"target\":[\"https:\\\/\\\/shop.bantam.ch\\\/fr\\\/produit\\\/galerie-de-toit-dockgrip\\\/\"]}]},{\"@type\":\"ImageObject\",\"inLanguage\":\"fr-FR\",\"@id\":\"https:\\\/\\\/shop.bantam.ch\\\/fr\\\/produit\\\/galerie-de-toit-dockgrip\\\/#primaryimage\",\"url\":\"https:\\\/\\\/shop.bantam.ch\\\/wp-content\\\/uploads\\\/2023\\\/02\\\/993311412.jpg\",\"contentUrl\":\"https:\\\/\\\/shop.bantam.ch\\\/wp-content\\\/uploads\\\/2023\\\/02\\\/993311412.jpg\",\"width\":1000,\"height\":402},{\"@type\":\"BreadcrumbList\",\"@id\":\"https:\\\/\\\/shop.bantam.ch\\\/fr\\\/produit\\\/galerie-de-toit-dockgrip\\\/#breadcrumb\",\"itemListElement\":[{\"@type\":\"ListItem\",\"position\":1,\"name\":\"Accueil\",\"item\":\"https:\\\/\\\/shop.bantam.ch\\\/fr\\\/\"},{\"@type\":\"ListItem\",\"position\":2,\"name\":\"Boutique\",\"item\":\"https:\\\/\\\/shop.bantam.ch\\\/fr\\\/boutique\\\/\"},{\"@type\":\"ListItem\",\"position\":3,\"name\":\"Galerie de toit THULE DockGrip\"}]},{\"@type\":\"WebSite\",\"@id\":\"https:\\\/\\\/shop.bantam.ch\\\/fr\\\/#website\",\"url\":\"https:\\\/\\\/shop.bantam.ch\\\/fr\\\/\",\"name\":\"Bantam Wankm\u00fcller SA\",\"description\":\"\",\"publisher\":{\"@id\":\"https:\\\/\\\/shop.bantam.ch\\\/fr\\\/#organization\"},\"inLanguage\":\"fr-FR\"},{\"@type\":\"Organization\",\"@id\":\"https:\\\/\\\/shop.bantam.ch\\\/fr\\\/#organization\",\"name\":\"Bantam Wankm\u00fcller SA\",\"url\":\"https:\\\/\\\/shop.bantam.ch\\\/fr\\\/\",\"logo\":{\"@type\":\"ImageObject\",\"inLanguage\":\"fr-FR\",\"@id\":\"https:\\\/\\\/shop.bantam.ch\\\/fr\\\/#\\\/schema\\\/logo\\\/image\\\/\",\"url\":\"https:\\\/\\\/shop.bantam.ch\\\/wp-content\\\/uploads\\\/2022\\\/12\\\/bantam-logo.png\",\"contentUrl\":\"https:\\\/\\\/shop.bantam.ch\\\/wp-content\\\/uploads\\\/2022\\\/12\\\/bantam-logo.png\",\"width\":320,\"height\":71,\"caption\":\"Bantam Wankm\u00fcller SA\"},\"image\":{\"@id\":\"https:\\\/\\\/shop.bantam.ch\\\/fr\\\/#\\\/schema\\\/logo\\\/image\\\/\"}}]}<\/script>\n<!-- \/ Yoast SEO plugin. -->","yoast_head_json":{"title":"Galerie de toit THULE DockGrip - Bantam Wankm\u00fcller SA","robots":{"index":"index","follow":"follow","max-snippet":"max-snippet:-1","max-image-preview":"max-image-preview:large","max-video-preview":"max-video-preview:-1"},"canonical":"https:\/\/shop.bantam.ch\/fr\/produit\/galerie-de-toit-dockgrip\/","og_locale":"fr_FR","og_type":"article","og_title":"Galerie de toit THULE DockGrip - Bantam Wankm\u00fcller SA","og_description":"Une galerie de toit polyvalente pour le transport horizontal de kayak, avec des grands supports rembourr\u00e9s et souples adapt\u00e9s \u00e0 pratiquement toutes les formes de coques et de SUP. Gr\u00e2ce \u00e0 deux cales pivotantes et ind\u00e9pendantes dot\u00e9es d\u2019un levier permettant d\u2019ajuster leur angle, la galerie de toit est adapt\u00e9e \u00e0 pratiquement toutes les formes de [&hellip;]","og_url":"https:\/\/shop.bantam.ch\/fr\/produit\/galerie-de-toit-dockgrip\/","og_site_name":"Bantam Wankm\u00fcller SA","article_modified_time":"2026-04-17T19:25:36+00:00","og_image":[{"width":1000,"height":402,"url":"https:\/\/shop.bantam.ch\/wp-content\/uploads\/2023\/02\/993311412.jpg","type":"image\/jpeg"}],"twitter_card":"summary_large_image","twitter_misc":{"Dur\u00e9e de lecture estim\u00e9e":"1 minute"},"schema":{"@context":"https:\/\/schema.org","@graph":[{"@type":"WebPage","@id":"https:\/\/shop.bantam.ch\/fr\/produit\/galerie-de-toit-dockgrip\/","url":"https:\/\/shop.bantam.ch\/fr\/produit\/galerie-de-toit-dockgrip\/","name":"Galerie de toit THULE DockGrip - Bantam Wankm\u00fcller SA","isPartOf":{"@id":"https:\/\/shop.bantam.ch\/fr\/#website"},"primaryImageOfPage":{"@id":"https:\/\/shop.bantam.ch\/fr\/produit\/galerie-de-toit-dockgrip\/#primaryimage"},"image":{"@id":"https:\/\/shop.bantam.ch\/fr\/produit\/galerie-de-toit-dockgrip\/#primaryimage"},"thumbnailUrl":"https:\/\/shop.bantam.ch\/wp-content\/uploads\/2023\/02\/993311412.jpg","datePublished":"2023-02-28T02:50:41+00:00","dateModified":"2026-04-17T19:25:36+00:00","breadcrumb":{"@id":"https:\/\/shop.bantam.ch\/fr\/produit\/galerie-de-toit-dockgrip\/#breadcrumb"},"inLanguage":"fr-FR","potentialAction":[{"@type":"ReadAction","target":["https:\/\/shop.bantam.ch\/fr\/produit\/galerie-de-toit-dockgrip\/"]}]},{"@type":"ImageObject","inLanguage":"fr-FR","@id":"https:\/\/shop.bantam.ch\/fr\/produit\/galerie-de-toit-dockgrip\/#primaryimage","url":"https:\/\/shop.bantam.ch\/wp-content\/uploads\/2023\/02\/993311412.jpg","contentUrl":"https:\/\/shop.bantam.ch\/wp-content\/uploads\/2023\/02\/993311412.jpg","width":1000,"height":402},{"@type":"BreadcrumbList","@id":"https:\/\/shop.bantam.ch\/fr\/produit\/galerie-de-toit-dockgrip\/#breadcrumb","itemListElement":[{"@type":"ListItem","position":1,"name":"Accueil","item":"https:\/\/shop.bantam.ch\/fr\/"},{"@type":"ListItem","position":2,"name":"Boutique","item":"https:\/\/shop.bantam.ch\/fr\/boutique\/"},{"@type":"ListItem","position":3,"name":"Galerie de toit THULE DockGrip"}]},{"@type":"WebSite","@id":"https:\/\/shop.bantam.ch\/fr\/#website","url":"https:\/\/shop.bantam.ch\/fr\/","name":"Bantam Wankm\u00fcller SA","description":"","publisher":{"@id":"https:\/\/shop.bantam.ch\/fr\/#organization"},"inLanguage":"fr-FR"},{"@type":"Organization","@id":"https:\/\/shop.bantam.ch\/fr\/#organization","name":"Bantam Wankm\u00fcller SA","url":"https:\/\/shop.bantam.ch\/fr\/","logo":{"@type":"ImageObject","inLanguage":"fr-FR","@id":"https:\/\/shop.bantam.ch\/fr\/#\/schema\/logo\/image\/","url":"https:\/\/shop.bantam.ch\/wp-content\/uploads\/2022\/12\/bantam-logo.png","contentUrl":"https:\/\/shop.bantam.ch\/wp-content\/uploads\/2022\/12\/bantam-logo.png","width":320,"height":71,"caption":"Bantam Wankm\u00fcller SA"},"image":{"@id":"https:\/\/shop.bantam.ch\/fr\/#\/schema\/logo\/image\/"}}]}},"_links":{"self":[{"href":"https:\/\/shop.bantam.ch\/fr\/wp-json\/wp\/v2\/product\/90942","targetHints":{"allow":["GET"]}}],"collection":[{"href":"https:\/\/shop.bantam.ch\/fr\/wp-json\/wp\/v2\/product"}],"about":[{"href":"https:\/\/shop.bantam.ch\/fr\/wp-json\/wp\/v2\/types\/product"}],"wp:featuredmedia":[{"embeddable":true,"href":"https:\/\/shop.bantam.ch\/fr\/wp-json\/wp\/v2\/media\/90940"}],"wp:attachment":[{"href":"https:\/\/shop.bantam.ch\/fr\/wp-json\/wp\/v2\/media?parent=90942"}],"wp:term":[{"taxonomy":"product_featured_cat","embeddable":true,"href":"https:\/\/shop.bantam.ch\/fr\/wp-json\/wp\/v2\/product_featured_cat?post=90942"},{"taxonomy":"product_brand","embeddable":true,"href":"https:\/\/shop.bantam.ch\/fr\/wp-json\/wp\/v2\/product_brand?post=90942"},{"taxonomy":"product_cat","embeddable":true,"href":"https:\/\/shop.bantam.ch\/fr\/wp-json\/wp\/v2\/product_cat?post=90942"},{"taxonomy":"product_tag","embeddable":true,"href":"https:\/\/shop.bantam.ch\/fr\/wp-json\/wp\/v2\/product_tag?post=90942"}],"curies":[{"name":"wp","href":"https:\/\/api.w.org\/{rel}","templated":true}]}}