{"id":90930,"date":"2023-02-28T03:50:19","date_gmt":"2023-02-28T02:50:19","guid":{"rendered":"http:\/\/shop.bantam.ch\/produit\/boite-charcuterie-pour-refrigerateur-modula-3-x-550-ml\/"},"modified":"2026-04-20T21:26:05","modified_gmt":"2026-04-20T19:26:05","slug":"boite-charcuterie-pour-refrigerateur-modula-3-x-550-ml","status":"publish","type":"product","link":"https:\/\/shop.bantam.ch\/fr\/produit\/boite-charcuterie-pour-refrigerateur-modula-3-x-550-ml\/","title":{"rendered":"Boite de rangement pour frigo Modula Aufschnitt 550 ml 3 St\u00fcck Couleur blanc"},"content":{"rendered":"<p>La s\u00e9rie de boites pour r\u00e9frig\u00e9rateur Modula compl\u00e8te parfaitement les bo\u00eetes de conservation Modula de Rosti Mepal.  Les r\u00e9cipients s\u00e9duisent par leurs lignes sobres et leur grande fonctionnalit\u00e9. Cette s\u00e9rie a \u00e9t\u00e9 \u00e9galement prim\u00e9e dans le cadre du concours Design plus. Avec les bo\u00eetes de conservation Modula, Rosti Mepal pr\u00e9sente une nouvelle g\u00e9n\u00e9ration r\u00e9pondant exactement aux exigences impos\u00e9es aujourd\u2019hui aux r\u00e9cipients de conservation. Le couvercle transparent est tr\u00e8s pratique et vous permet de visualiser \u00e0 tout moment le contenu de la bo\u00eete et la quantit\u00e9.<\/p>\n<p>Contenu de la livraison :<br \/>3\u00a0bo\u00eetes de conservation 550\u00a0mL<br \/>1 couvercle<\/p>\n","protected":false},"excerpt":{"rendered":"<p>La s\u00e9rie de boites pour r\u00e9frig\u00e9rateur Modula compl\u00e8te parfaitement les bo\u00eetes de conservation Modula de Rosti Mepal. Les r\u00e9cipients s\u00e9duisent par leurs lignes sobres et leur grande fonctionnalit\u00e9. Cette s\u00e9rie a \u00e9t\u00e9 \u00e9galement prim\u00e9e dans le cadre du concours Design plus. Avec les bo\u00eetes de conservation Modula, Rosti Mepal pr\u00e9sente une nouvelle g\u00e9n\u00e9ration r\u00e9pondant exactement [&hellip;]<\/p>\n","protected":false},"featured_media":90928,"template":"","meta":{"_acf_changed":false},"product_featured_cat":[],"product_brand":[3326],"product_cat":[4331],"product_tag":[],"class_list":{"0":"post-90930","1":"product","2":"type-product","3":"status-publish","4":"has-post-thumbnail","6":"product_brand-mepal","7":"product_cat-boites-a-provisions-et-a-produits-frais","9":"first","10":"instock","11":"taxable","12":"shipping-taxable","13":"purchasable","14":"product-type-simple"},"acf":[],"yoast_head":"<!-- This site is optimized with the Yoast SEO plugin v27.4 - https:\/\/yoast.com\/product\/yoast-seo-wordpress\/ -->\n<title>Boite de rangement pour frigo Modula Aufschnitt 550 ml 3 St\u00fcck Couleur blanc - Bantam Wankm\u00fcller SA<\/title>\n<meta name=\"robots\" content=\"index, follow, max-snippet:-1, max-image-preview:large, max-video-preview:-1\" \/>\n<link rel=\"canonical\" href=\"https:\/\/shop.bantam.ch\/fr\/produit\/boite-charcuterie-pour-refrigerateur-modula-3-x-550-ml\/\" \/>\n<meta property=\"og:locale\" content=\"fr_FR\" \/>\n<meta property=\"og:type\" content=\"article\" \/>\n<meta property=\"og:title\" content=\"Boite de rangement pour frigo Modula Aufschnitt 550 ml 3 St\u00fcck Couleur blanc - Bantam Wankm\u00fcller SA\" \/>\n<meta property=\"og:description\" content=\"La s\u00e9rie de boites pour r\u00e9frig\u00e9rateur Modula compl\u00e8te parfaitement les bo\u00eetes de conservation Modula de Rosti Mepal. Les r\u00e9cipients s\u00e9duisent par leurs lignes sobres et leur grande fonctionnalit\u00e9. Cette s\u00e9rie a \u00e9t\u00e9 \u00e9galement prim\u00e9e dans le cadre du concours Design plus. Avec les bo\u00eetes de conservation Modula, Rosti Mepal pr\u00e9sente une nouvelle g\u00e9n\u00e9ration r\u00e9pondant exactement [&hellip;]\" \/>\n<meta property=\"og:url\" content=\"https:\/\/shop.bantam.ch\/fr\/produit\/boite-charcuterie-pour-refrigerateur-modula-3-x-550-ml\/\" \/>\n<meta property=\"og:site_name\" content=\"Bantam Wankm\u00fcller SA\" \/>\n<meta property=\"article:modified_time\" content=\"2026-04-20T19:26:05+00:00\" \/>\n<meta property=\"og:image\" content=\"https:\/\/shop.bantam.ch\/wp-content\/uploads\/2023\/02\/992080211.jpg\" \/>\n\t<meta property=\"og:image:width\" content=\"665\" \/>\n\t<meta property=\"og:image:height\" content=\"1000\" \/>\n\t<meta property=\"og:image:type\" content=\"image\/jpeg\" \/>\n<meta name=\"twitter:card\" content=\"summary_large_image\" \/>\n<meta name=\"twitter:label1\" content=\"Dur\u00e9e de lecture estim\u00e9e\" \/>\n\t<meta name=\"twitter:data1\" content=\"1 minute\" \/>\n<script type=\"application\/ld+json\" class=\"yoast-schema-graph\">{\"@context\":\"https:\\\/\\\/schema.org\",\"@graph\":[{\"@type\":\"WebPage\",\"@id\":\"https:\\\/\\\/shop.bantam.ch\\\/fr\\\/produit\\\/boite-charcuterie-pour-refrigerateur-modula-3-x-550-ml\\\/\",\"url\":\"https:\\\/\\\/shop.bantam.ch\\\/fr\\\/produit\\\/boite-charcuterie-pour-refrigerateur-modula-3-x-550-ml\\\/\",\"name\":\"Boite de rangement pour frigo Modula Aufschnitt 550 ml 3 St\u00fcck Couleur blanc - Bantam Wankm\u00fcller SA\",\"isPartOf\":{\"@id\":\"https:\\\/\\\/shop.bantam.ch\\\/fr\\\/#website\"},\"primaryImageOfPage\":{\"@id\":\"https:\\\/\\\/shop.bantam.ch\\\/fr\\\/produit\\\/boite-charcuterie-pour-refrigerateur-modula-3-x-550-ml\\\/#primaryimage\"},\"image\":{\"@id\":\"https:\\\/\\\/shop.bantam.ch\\\/fr\\\/produit\\\/boite-charcuterie-pour-refrigerateur-modula-3-x-550-ml\\\/#primaryimage\"},\"thumbnailUrl\":\"https:\\\/\\\/shop.bantam.ch\\\/wp-content\\\/uploads\\\/2023\\\/02\\\/992080211.jpg\",\"datePublished\":\"2023-02-28T02:50:19+00:00\",\"dateModified\":\"2026-04-20T19:26:05+00:00\",\"breadcrumb\":{\"@id\":\"https:\\\/\\\/shop.bantam.ch\\\/fr\\\/produit\\\/boite-charcuterie-pour-refrigerateur-modula-3-x-550-ml\\\/#breadcrumb\"},\"inLanguage\":\"fr-FR\",\"potentialAction\":[{\"@type\":\"ReadAction\",\"target\":[\"https:\\\/\\\/shop.bantam.ch\\\/fr\\\/produit\\\/boite-charcuterie-pour-refrigerateur-modula-3-x-550-ml\\\/\"]}]},{\"@type\":\"ImageObject\",\"inLanguage\":\"fr-FR\",\"@id\":\"https:\\\/\\\/shop.bantam.ch\\\/fr\\\/produit\\\/boite-charcuterie-pour-refrigerateur-modula-3-x-550-ml\\\/#primaryimage\",\"url\":\"https:\\\/\\\/shop.bantam.ch\\\/wp-content\\\/uploads\\\/2023\\\/02\\\/992080211.jpg\",\"contentUrl\":\"https:\\\/\\\/shop.bantam.ch\\\/wp-content\\\/uploads\\\/2023\\\/02\\\/992080211.jpg\",\"width\":665,\"height\":1000},{\"@type\":\"BreadcrumbList\",\"@id\":\"https:\\\/\\\/shop.bantam.ch\\\/fr\\\/produit\\\/boite-charcuterie-pour-refrigerateur-modula-3-x-550-ml\\\/#breadcrumb\",\"itemListElement\":[{\"@type\":\"ListItem\",\"position\":1,\"name\":\"Accueil\",\"item\":\"https:\\\/\\\/shop.bantam.ch\\\/fr\\\/\"},{\"@type\":\"ListItem\",\"position\":2,\"name\":\"Boutique\",\"item\":\"https:\\\/\\\/shop.bantam.ch\\\/fr\\\/boutique\\\/\"},{\"@type\":\"ListItem\",\"position\":3,\"name\":\"Boite de rangement pour frigo Modula Aufschnitt 550 ml 3 St\u00fcck Couleur blanc\"}]},{\"@type\":\"WebSite\",\"@id\":\"https:\\\/\\\/shop.bantam.ch\\\/fr\\\/#website\",\"url\":\"https:\\\/\\\/shop.bantam.ch\\\/fr\\\/\",\"name\":\"Bantam Wankm\u00fcller SA\",\"description\":\"\",\"publisher\":{\"@id\":\"https:\\\/\\\/shop.bantam.ch\\\/fr\\\/#organization\"},\"inLanguage\":\"fr-FR\"},{\"@type\":\"Organization\",\"@id\":\"https:\\\/\\\/shop.bantam.ch\\\/fr\\\/#organization\",\"name\":\"Bantam Wankm\u00fcller SA\",\"url\":\"https:\\\/\\\/shop.bantam.ch\\\/fr\\\/\",\"logo\":{\"@type\":\"ImageObject\",\"inLanguage\":\"fr-FR\",\"@id\":\"https:\\\/\\\/shop.bantam.ch\\\/fr\\\/#\\\/schema\\\/logo\\\/image\\\/\",\"url\":\"https:\\\/\\\/shop.bantam.ch\\\/wp-content\\\/uploads\\\/2022\\\/12\\\/bantam-logo.png\",\"contentUrl\":\"https:\\\/\\\/shop.bantam.ch\\\/wp-content\\\/uploads\\\/2022\\\/12\\\/bantam-logo.png\",\"width\":320,\"height\":71,\"caption\":\"Bantam Wankm\u00fcller SA\"},\"image\":{\"@id\":\"https:\\\/\\\/shop.bantam.ch\\\/fr\\\/#\\\/schema\\\/logo\\\/image\\\/\"}}]}<\/script>\n<!-- \/ Yoast SEO plugin. -->","yoast_head_json":{"title":"Boite de rangement pour frigo Modula Aufschnitt 550 ml 3 St\u00fcck Couleur blanc - Bantam Wankm\u00fcller SA","robots":{"index":"index","follow":"follow","max-snippet":"max-snippet:-1","max-image-preview":"max-image-preview:large","max-video-preview":"max-video-preview:-1"},"canonical":"https:\/\/shop.bantam.ch\/fr\/produit\/boite-charcuterie-pour-refrigerateur-modula-3-x-550-ml\/","og_locale":"fr_FR","og_type":"article","og_title":"Boite de rangement pour frigo Modula Aufschnitt 550 ml 3 St\u00fcck Couleur blanc - Bantam Wankm\u00fcller SA","og_description":"La s\u00e9rie de boites pour r\u00e9frig\u00e9rateur Modula compl\u00e8te parfaitement les bo\u00eetes de conservation Modula de Rosti Mepal. Les r\u00e9cipients s\u00e9duisent par leurs lignes sobres et leur grande fonctionnalit\u00e9. Cette s\u00e9rie a \u00e9t\u00e9 \u00e9galement prim\u00e9e dans le cadre du concours Design plus. Avec les bo\u00eetes de conservation Modula, Rosti Mepal pr\u00e9sente une nouvelle g\u00e9n\u00e9ration r\u00e9pondant exactement [&hellip;]","og_url":"https:\/\/shop.bantam.ch\/fr\/produit\/boite-charcuterie-pour-refrigerateur-modula-3-x-550-ml\/","og_site_name":"Bantam Wankm\u00fcller SA","article_modified_time":"2026-04-20T19:26:05+00:00","og_image":[{"width":665,"height":1000,"url":"https:\/\/shop.bantam.ch\/wp-content\/uploads\/2023\/02\/992080211.jpg","type":"image\/jpeg"}],"twitter_card":"summary_large_image","twitter_misc":{"Dur\u00e9e de lecture estim\u00e9e":"1 minute"},"schema":{"@context":"https:\/\/schema.org","@graph":[{"@type":"WebPage","@id":"https:\/\/shop.bantam.ch\/fr\/produit\/boite-charcuterie-pour-refrigerateur-modula-3-x-550-ml\/","url":"https:\/\/shop.bantam.ch\/fr\/produit\/boite-charcuterie-pour-refrigerateur-modula-3-x-550-ml\/","name":"Boite de rangement pour frigo Modula Aufschnitt 550 ml 3 St\u00fcck Couleur blanc - Bantam Wankm\u00fcller SA","isPartOf":{"@id":"https:\/\/shop.bantam.ch\/fr\/#website"},"primaryImageOfPage":{"@id":"https:\/\/shop.bantam.ch\/fr\/produit\/boite-charcuterie-pour-refrigerateur-modula-3-x-550-ml\/#primaryimage"},"image":{"@id":"https:\/\/shop.bantam.ch\/fr\/produit\/boite-charcuterie-pour-refrigerateur-modula-3-x-550-ml\/#primaryimage"},"thumbnailUrl":"https:\/\/shop.bantam.ch\/wp-content\/uploads\/2023\/02\/992080211.jpg","datePublished":"2023-02-28T02:50:19+00:00","dateModified":"2026-04-20T19:26:05+00:00","breadcrumb":{"@id":"https:\/\/shop.bantam.ch\/fr\/produit\/boite-charcuterie-pour-refrigerateur-modula-3-x-550-ml\/#breadcrumb"},"inLanguage":"fr-FR","potentialAction":[{"@type":"ReadAction","target":["https:\/\/shop.bantam.ch\/fr\/produit\/boite-charcuterie-pour-refrigerateur-modula-3-x-550-ml\/"]}]},{"@type":"ImageObject","inLanguage":"fr-FR","@id":"https:\/\/shop.bantam.ch\/fr\/produit\/boite-charcuterie-pour-refrigerateur-modula-3-x-550-ml\/#primaryimage","url":"https:\/\/shop.bantam.ch\/wp-content\/uploads\/2023\/02\/992080211.jpg","contentUrl":"https:\/\/shop.bantam.ch\/wp-content\/uploads\/2023\/02\/992080211.jpg","width":665,"height":1000},{"@type":"BreadcrumbList","@id":"https:\/\/shop.bantam.ch\/fr\/produit\/boite-charcuterie-pour-refrigerateur-modula-3-x-550-ml\/#breadcrumb","itemListElement":[{"@type":"ListItem","position":1,"name":"Accueil","item":"https:\/\/shop.bantam.ch\/fr\/"},{"@type":"ListItem","position":2,"name":"Boutique","item":"https:\/\/shop.bantam.ch\/fr\/boutique\/"},{"@type":"ListItem","position":3,"name":"Boite de rangement pour frigo Modula Aufschnitt 550 ml 3 St\u00fcck Couleur blanc"}]},{"@type":"WebSite","@id":"https:\/\/shop.bantam.ch\/fr\/#website","url":"https:\/\/shop.bantam.ch\/fr\/","name":"Bantam Wankm\u00fcller SA","description":"","publisher":{"@id":"https:\/\/shop.bantam.ch\/fr\/#organization"},"inLanguage":"fr-FR"},{"@type":"Organization","@id":"https:\/\/shop.bantam.ch\/fr\/#organization","name":"Bantam Wankm\u00fcller SA","url":"https:\/\/shop.bantam.ch\/fr\/","logo":{"@type":"ImageObject","inLanguage":"fr-FR","@id":"https:\/\/shop.bantam.ch\/fr\/#\/schema\/logo\/image\/","url":"https:\/\/shop.bantam.ch\/wp-content\/uploads\/2022\/12\/bantam-logo.png","contentUrl":"https:\/\/shop.bantam.ch\/wp-content\/uploads\/2022\/12\/bantam-logo.png","width":320,"height":71,"caption":"Bantam Wankm\u00fcller SA"},"image":{"@id":"https:\/\/shop.bantam.ch\/fr\/#\/schema\/logo\/image\/"}}]}},"_links":{"self":[{"href":"https:\/\/shop.bantam.ch\/fr\/wp-json\/wp\/v2\/product\/90930","targetHints":{"allow":["GET"]}}],"collection":[{"href":"https:\/\/shop.bantam.ch\/fr\/wp-json\/wp\/v2\/product"}],"about":[{"href":"https:\/\/shop.bantam.ch\/fr\/wp-json\/wp\/v2\/types\/product"}],"wp:featuredmedia":[{"embeddable":true,"href":"https:\/\/shop.bantam.ch\/fr\/wp-json\/wp\/v2\/media\/90928"}],"wp:attachment":[{"href":"https:\/\/shop.bantam.ch\/fr\/wp-json\/wp\/v2\/media?parent=90930"}],"wp:term":[{"taxonomy":"product_featured_cat","embeddable":true,"href":"https:\/\/shop.bantam.ch\/fr\/wp-json\/wp\/v2\/product_featured_cat?post=90930"},{"taxonomy":"product_brand","embeddable":true,"href":"https:\/\/shop.bantam.ch\/fr\/wp-json\/wp\/v2\/product_brand?post=90930"},{"taxonomy":"product_cat","embeddable":true,"href":"https:\/\/shop.bantam.ch\/fr\/wp-json\/wp\/v2\/product_cat?post=90930"},{"taxonomy":"product_tag","embeddable":true,"href":"https:\/\/shop.bantam.ch\/fr\/wp-json\/wp\/v2\/product_tag?post=90930"}],"curies":[{"name":"wp","href":"https:\/\/api.w.org\/{rel}","templated":true}]}}