{"id":90600,"date":"2023-02-28T03:46:01","date_gmt":"2023-02-28T02:46:01","guid":{"rendered":"http:\/\/shop.bantam.ch\/produit\/kit-installation-solaire-avec-mmpt-noir\/"},"modified":"2026-04-17T22:40:23","modified_gmt":"2026-04-17T20:40:23","slug":"kit-installation-solaire-avec-mmpt-noir","status":"publish","type":"product","link":"https:\/\/shop.bantam.ch\/fr\/produit\/kit-installation-solaire-avec-mmpt-noir\/","title":{"rendered":"Kit installation solaire avec MMPT noir"},"content":{"rendered":"<ul>\n<li>La technologie PERC (Passivated Emitter and Rear Cell), est brevet\u00e9e depuis pr\u00e8s de 30 ans.<\/li>\n<li>Am\u00e9liore l&rsquo;incidence de la lumi\u00e8re.<\/li>\n<li>Optimise la production d\u2019\u00e9nergie m\u00eame par temps nuageux.<\/li>\n<li>Fournit jusqu&rsquo;\u00e0 10 % d\u2019\u00e9nergie en plus qu\u2019un module monocristallin classique. Kits solaires, fournis avec un contr\u00f4le MPPT Antarion, une double batterie 10A ou 20A, de la colle (DEKALIN MS1), un nettoyant (DEKACLEAN ULTRA) et une sortie de toit.<\/li>\n<li>L\u2019efficacit\u00e9 des modules est jusqu&rsquo;\u00e0 20 % sup\u00e9rieure \u00e0 celle d\u2019un r\u00e9gulateur classique.<\/li>\n<\/ul>\n","protected":false},"excerpt":{"rendered":"<p>La technologie PERC (Passivated Emitter and Rear Cell), est brevet\u00e9e depuis pr\u00e8s de 30 ans. Am\u00e9liore l&rsquo;incidence de la lumi\u00e8re. Optimise la production d\u2019\u00e9nergie m\u00eame par temps nuageux. Fournit jusqu&rsquo;\u00e0 10 % d\u2019\u00e9nergie en plus qu\u2019un module monocristallin classique. Kits solaires, fournis avec un contr\u00f4le MPPT Antarion, une double batterie 10A ou 20A, de la [&hellip;]<\/p>\n","protected":false},"featured_media":90558,"template":"","meta":{"_acf_changed":false},"product_featured_cat":[],"product_brand":[3504],"product_cat":[4879],"product_tag":[],"class_list":{"0":"post-90600","1":"product","2":"type-product","3":"status-publish","4":"has-post-thumbnail","6":"product_brand-antarion","7":"product_cat-kits-solaires","9":"first","10":"instock","11":"taxable","12":"shipping-taxable","13":"purchasable","14":"product-type-variable"},"acf":[],"yoast_head":"<!-- This site is optimized with the Yoast SEO plugin v27.4 - https:\/\/yoast.com\/product\/yoast-seo-wordpress\/ -->\n<title>Kit installation solaire avec MMPT noir - Bantam Wankm\u00fcller SA<\/title>\n<meta name=\"robots\" content=\"index, follow, max-snippet:-1, max-image-preview:large, max-video-preview:-1\" \/>\n<link rel=\"canonical\" href=\"https:\/\/shop.bantam.ch\/fr\/produit\/kit-installation-solaire-avec-mmpt-noir\/\" \/>\n<meta property=\"og:locale\" content=\"fr_FR\" \/>\n<meta property=\"og:type\" content=\"article\" \/>\n<meta property=\"og:title\" content=\"Kit installation solaire avec MMPT noir - Bantam Wankm\u00fcller SA\" \/>\n<meta property=\"og:description\" content=\"La technologie PERC (Passivated Emitter and Rear Cell), est brevet\u00e9e depuis pr\u00e8s de 30 ans. Am\u00e9liore l&rsquo;incidence de la lumi\u00e8re. Optimise la production d\u2019\u00e9nergie m\u00eame par temps nuageux. Fournit jusqu&rsquo;\u00e0 10 % d\u2019\u00e9nergie en plus qu\u2019un module monocristallin classique. Kits solaires, fournis avec un contr\u00f4le MPPT Antarion, une double batterie 10A ou 20A, de la [&hellip;]\" \/>\n<meta property=\"og:url\" content=\"https:\/\/shop.bantam.ch\/fr\/produit\/kit-installation-solaire-avec-mmpt-noir\/\" \/>\n<meta property=\"og:site_name\" content=\"Bantam Wankm\u00fcller SA\" \/>\n<meta property=\"article:modified_time\" content=\"2026-04-17T20:40:23+00:00\" \/>\n<meta property=\"og:image\" content=\"https:\/\/shop.bantam.ch\/wp-content\/uploads\/2023\/02\/9955423-100-1-3.jpg\" \/>\n\t<meta property=\"og:image:width\" content=\"1024\" \/>\n\t<meta property=\"og:image:height\" content=\"683\" \/>\n\t<meta property=\"og:image:type\" content=\"image\/jpeg\" \/>\n<meta name=\"twitter:card\" content=\"summary_large_image\" \/>\n<script type=\"application\/ld+json\" class=\"yoast-schema-graph\">{\"@context\":\"https:\\\/\\\/schema.org\",\"@graph\":[{\"@type\":\"WebPage\",\"@id\":\"https:\\\/\\\/shop.bantam.ch\\\/fr\\\/produit\\\/kit-installation-solaire-avec-mmpt-noir\\\/\",\"url\":\"https:\\\/\\\/shop.bantam.ch\\\/fr\\\/produit\\\/kit-installation-solaire-avec-mmpt-noir\\\/\",\"name\":\"Kit installation solaire avec MMPT noir - Bantam Wankm\u00fcller SA\",\"isPartOf\":{\"@id\":\"https:\\\/\\\/shop.bantam.ch\\\/fr\\\/#website\"},\"primaryImageOfPage\":{\"@id\":\"https:\\\/\\\/shop.bantam.ch\\\/fr\\\/produit\\\/kit-installation-solaire-avec-mmpt-noir\\\/#primaryimage\"},\"image\":{\"@id\":\"https:\\\/\\\/shop.bantam.ch\\\/fr\\\/produit\\\/kit-installation-solaire-avec-mmpt-noir\\\/#primaryimage\"},\"thumbnailUrl\":\"https:\\\/\\\/shop.bantam.ch\\\/wp-content\\\/uploads\\\/2023\\\/02\\\/9955423-100-1-3-scaled.jpg\",\"datePublished\":\"2023-02-28T02:46:01+00:00\",\"dateModified\":\"2026-04-17T20:40:23+00:00\",\"breadcrumb\":{\"@id\":\"https:\\\/\\\/shop.bantam.ch\\\/fr\\\/produit\\\/kit-installation-solaire-avec-mmpt-noir\\\/#breadcrumb\"},\"inLanguage\":\"fr-FR\",\"potentialAction\":[{\"@type\":\"ReadAction\",\"target\":[\"https:\\\/\\\/shop.bantam.ch\\\/fr\\\/produit\\\/kit-installation-solaire-avec-mmpt-noir\\\/\"]}]},{\"@type\":\"ImageObject\",\"inLanguage\":\"fr-FR\",\"@id\":\"https:\\\/\\\/shop.bantam.ch\\\/fr\\\/produit\\\/kit-installation-solaire-avec-mmpt-noir\\\/#primaryimage\",\"url\":\"https:\\\/\\\/shop.bantam.ch\\\/wp-content\\\/uploads\\\/2023\\\/02\\\/9955423-100-1-3-scaled.jpg\",\"contentUrl\":\"https:\\\/\\\/shop.bantam.ch\\\/wp-content\\\/uploads\\\/2023\\\/02\\\/9955423-100-1-3-scaled.jpg\",\"width\":2048,\"height\":1367},{\"@type\":\"BreadcrumbList\",\"@id\":\"https:\\\/\\\/shop.bantam.ch\\\/fr\\\/produit\\\/kit-installation-solaire-avec-mmpt-noir\\\/#breadcrumb\",\"itemListElement\":[{\"@type\":\"ListItem\",\"position\":1,\"name\":\"Accueil\",\"item\":\"https:\\\/\\\/shop.bantam.ch\\\/fr\\\/\"},{\"@type\":\"ListItem\",\"position\":2,\"name\":\"Boutique\",\"item\":\"https:\\\/\\\/shop.bantam.ch\\\/fr\\\/boutique\\\/\"},{\"@type\":\"ListItem\",\"position\":3,\"name\":\"Kit installation solaire avec MMPT noir\"}]},{\"@type\":\"WebSite\",\"@id\":\"https:\\\/\\\/shop.bantam.ch\\\/fr\\\/#website\",\"url\":\"https:\\\/\\\/shop.bantam.ch\\\/fr\\\/\",\"name\":\"Bantam Wankm\u00fcller SA\",\"description\":\"\",\"publisher\":{\"@id\":\"https:\\\/\\\/shop.bantam.ch\\\/fr\\\/#organization\"},\"inLanguage\":\"fr-FR\"},{\"@type\":\"Organization\",\"@id\":\"https:\\\/\\\/shop.bantam.ch\\\/fr\\\/#organization\",\"name\":\"Bantam Wankm\u00fcller SA\",\"url\":\"https:\\\/\\\/shop.bantam.ch\\\/fr\\\/\",\"logo\":{\"@type\":\"ImageObject\",\"inLanguage\":\"fr-FR\",\"@id\":\"https:\\\/\\\/shop.bantam.ch\\\/fr\\\/#\\\/schema\\\/logo\\\/image\\\/\",\"url\":\"https:\\\/\\\/shop.bantam.ch\\\/wp-content\\\/uploads\\\/2022\\\/12\\\/bantam-logo.png\",\"contentUrl\":\"https:\\\/\\\/shop.bantam.ch\\\/wp-content\\\/uploads\\\/2022\\\/12\\\/bantam-logo.png\",\"width\":320,\"height\":71,\"caption\":\"Bantam Wankm\u00fcller SA\"},\"image\":{\"@id\":\"https:\\\/\\\/shop.bantam.ch\\\/fr\\\/#\\\/schema\\\/logo\\\/image\\\/\"}}]}<\/script>\n<!-- \/ Yoast SEO plugin. -->","yoast_head_json":{"title":"Kit installation solaire avec MMPT noir - Bantam Wankm\u00fcller SA","robots":{"index":"index","follow":"follow","max-snippet":"max-snippet:-1","max-image-preview":"max-image-preview:large","max-video-preview":"max-video-preview:-1"},"canonical":"https:\/\/shop.bantam.ch\/fr\/produit\/kit-installation-solaire-avec-mmpt-noir\/","og_locale":"fr_FR","og_type":"article","og_title":"Kit installation solaire avec MMPT noir - Bantam Wankm\u00fcller SA","og_description":"La technologie PERC (Passivated Emitter and Rear Cell), est brevet\u00e9e depuis pr\u00e8s de 30 ans. Am\u00e9liore l&rsquo;incidence de la lumi\u00e8re. Optimise la production d\u2019\u00e9nergie m\u00eame par temps nuageux. Fournit jusqu&rsquo;\u00e0 10 % d\u2019\u00e9nergie en plus qu\u2019un module monocristallin classique. Kits solaires, fournis avec un contr\u00f4le MPPT Antarion, une double batterie 10A ou 20A, de la [&hellip;]","og_url":"https:\/\/shop.bantam.ch\/fr\/produit\/kit-installation-solaire-avec-mmpt-noir\/","og_site_name":"Bantam Wankm\u00fcller SA","article_modified_time":"2026-04-17T20:40:23+00:00","og_image":[{"url":"https:\/\/shop.bantam.ch\/wp-content\/uploads\/2023\/02\/9955423-100-1-3.jpg","width":1024,"height":683,"type":"image\/jpeg"}],"twitter_card":"summary_large_image","schema":{"@context":"https:\/\/schema.org","@graph":[{"@type":"WebPage","@id":"https:\/\/shop.bantam.ch\/fr\/produit\/kit-installation-solaire-avec-mmpt-noir\/","url":"https:\/\/shop.bantam.ch\/fr\/produit\/kit-installation-solaire-avec-mmpt-noir\/","name":"Kit installation solaire avec MMPT noir - Bantam Wankm\u00fcller SA","isPartOf":{"@id":"https:\/\/shop.bantam.ch\/fr\/#website"},"primaryImageOfPage":{"@id":"https:\/\/shop.bantam.ch\/fr\/produit\/kit-installation-solaire-avec-mmpt-noir\/#primaryimage"},"image":{"@id":"https:\/\/shop.bantam.ch\/fr\/produit\/kit-installation-solaire-avec-mmpt-noir\/#primaryimage"},"thumbnailUrl":"https:\/\/shop.bantam.ch\/wp-content\/uploads\/2023\/02\/9955423-100-1-3-scaled.jpg","datePublished":"2023-02-28T02:46:01+00:00","dateModified":"2026-04-17T20:40:23+00:00","breadcrumb":{"@id":"https:\/\/shop.bantam.ch\/fr\/produit\/kit-installation-solaire-avec-mmpt-noir\/#breadcrumb"},"inLanguage":"fr-FR","potentialAction":[{"@type":"ReadAction","target":["https:\/\/shop.bantam.ch\/fr\/produit\/kit-installation-solaire-avec-mmpt-noir\/"]}]},{"@type":"ImageObject","inLanguage":"fr-FR","@id":"https:\/\/shop.bantam.ch\/fr\/produit\/kit-installation-solaire-avec-mmpt-noir\/#primaryimage","url":"https:\/\/shop.bantam.ch\/wp-content\/uploads\/2023\/02\/9955423-100-1-3-scaled.jpg","contentUrl":"https:\/\/shop.bantam.ch\/wp-content\/uploads\/2023\/02\/9955423-100-1-3-scaled.jpg","width":2048,"height":1367},{"@type":"BreadcrumbList","@id":"https:\/\/shop.bantam.ch\/fr\/produit\/kit-installation-solaire-avec-mmpt-noir\/#breadcrumb","itemListElement":[{"@type":"ListItem","position":1,"name":"Accueil","item":"https:\/\/shop.bantam.ch\/fr\/"},{"@type":"ListItem","position":2,"name":"Boutique","item":"https:\/\/shop.bantam.ch\/fr\/boutique\/"},{"@type":"ListItem","position":3,"name":"Kit installation solaire avec MMPT noir"}]},{"@type":"WebSite","@id":"https:\/\/shop.bantam.ch\/fr\/#website","url":"https:\/\/shop.bantam.ch\/fr\/","name":"Bantam Wankm\u00fcller SA","description":"","publisher":{"@id":"https:\/\/shop.bantam.ch\/fr\/#organization"},"inLanguage":"fr-FR"},{"@type":"Organization","@id":"https:\/\/shop.bantam.ch\/fr\/#organization","name":"Bantam Wankm\u00fcller SA","url":"https:\/\/shop.bantam.ch\/fr\/","logo":{"@type":"ImageObject","inLanguage":"fr-FR","@id":"https:\/\/shop.bantam.ch\/fr\/#\/schema\/logo\/image\/","url":"https:\/\/shop.bantam.ch\/wp-content\/uploads\/2022\/12\/bantam-logo.png","contentUrl":"https:\/\/shop.bantam.ch\/wp-content\/uploads\/2022\/12\/bantam-logo.png","width":320,"height":71,"caption":"Bantam Wankm\u00fcller SA"},"image":{"@id":"https:\/\/shop.bantam.ch\/fr\/#\/schema\/logo\/image\/"}}]}},"_links":{"self":[{"href":"https:\/\/shop.bantam.ch\/fr\/wp-json\/wp\/v2\/product\/90600","targetHints":{"allow":["GET"]}}],"collection":[{"href":"https:\/\/shop.bantam.ch\/fr\/wp-json\/wp\/v2\/product"}],"about":[{"href":"https:\/\/shop.bantam.ch\/fr\/wp-json\/wp\/v2\/types\/product"}],"wp:featuredmedia":[{"embeddable":true,"href":"https:\/\/shop.bantam.ch\/fr\/wp-json\/wp\/v2\/media\/90558"}],"wp:attachment":[{"href":"https:\/\/shop.bantam.ch\/fr\/wp-json\/wp\/v2\/media?parent=90600"}],"wp:term":[{"taxonomy":"product_featured_cat","embeddable":true,"href":"https:\/\/shop.bantam.ch\/fr\/wp-json\/wp\/v2\/product_featured_cat?post=90600"},{"taxonomy":"product_brand","embeddable":true,"href":"https:\/\/shop.bantam.ch\/fr\/wp-json\/wp\/v2\/product_brand?post=90600"},{"taxonomy":"product_cat","embeddable":true,"href":"https:\/\/shop.bantam.ch\/fr\/wp-json\/wp\/v2\/product_cat?post=90600"},{"taxonomy":"product_tag","embeddable":true,"href":"https:\/\/shop.bantam.ch\/fr\/wp-json\/wp\/v2\/product_tag?post=90600"}],"curies":[{"name":"wp","href":"https:\/\/api.w.org\/{rel}","templated":true}]}}