{"id":90400,"date":"2023-02-28T03:42:21","date_gmt":"2023-02-28T02:42:21","guid":{"rendered":"http:\/\/shop.bantam.ch\/produit\/auvent-safari-panorama-pour-omnistor-6200-6300\/"},"modified":"2026-04-17T22:40:16","modified_gmt":"2026-04-17T20:40:16","slug":"auvent-safari-panorama-pour-omnistor-6200-6300","status":"publish","type":"product","link":"https:\/\/shop.bantam.ch\/fr\/produit\/auvent-safari-panorama-pour-omnistor-6200-6300\/","title":{"rendered":"Auvent Safari Panorama pour Omnistor 6200\/6300"},"content":{"rendered":"<p>L&rsquo;auvent pour store offre une stabilit\u00e9 extr\u00eame et peut \u00eatre mont\u00e9 rapidement et facilement. De grandes fen\u00eatres laissent entrer beaucoup de lumi\u00e8re.<\/p>\n<ul>\n<li>Montage facile<\/li>\n<li>Fen\u00eatres lat\u00e9rales avec moustiquaires et film occultant pour une ambiance agr\u00e9able<\/li>\n<li>Huit positions d&rsquo;entr\u00e9e diff\u00e9rentes au choix<\/li>\n<li>\u00c9l\u00e9ments de fen\u00eatre enti\u00e8rement d\u00e9montables<\/li>\n<li>Poids faible gr\u00e2ce \u00e0 l\u2018utilisation du tissu Airtex<\/li>\n<li>Profil\u00e9 de serrage r\u00e9sistant au vent et aux intemp\u00e9ries pour fixer les parois lat\u00e9rales sur la toile<\/li>\n<li>Kit complet : 2 parois lat\u00e9rales et 1 paroi avant<\/li>\n<li>Avec un kit de montage en option<\/li>\n<li>Convient aux stores de la s\u00e9rie Thule Omnistor 5200\/5003\/6200\/6300\/8000\/9200<\/li>\n<li>pour tous les types de v\u00e9hicule<\/li>\n<li>2 sacs de transport fournis\u00a0<\/li>\n<\/ul>\n<p>Mat\u00e9riau<\/p>\n<ul>\n<li>100 % polyester (avec rev\u00eatement acrylique sur une face)<\/li>\n<\/ul>\n","protected":false},"excerpt":{"rendered":"<p>L&rsquo;auvent pour store offre une stabilit\u00e9 extr\u00eame et peut \u00eatre mont\u00e9 rapidement et facilement. De grandes fen\u00eatres laissent entrer beaucoup de lumi\u00e8re. Montage facile Fen\u00eatres lat\u00e9rales avec moustiquaires et film occultant pour une ambiance agr\u00e9able Huit positions d&rsquo;entr\u00e9e diff\u00e9rentes au choix \u00c9l\u00e9ments de fen\u00eatre enti\u00e8rement d\u00e9montables Poids faible gr\u00e2ce \u00e0 l\u2018utilisation du tissu Airtex Profil\u00e9 [&hellip;]<\/p>\n","protected":false},"featured_media":90388,"template":"","meta":{"_acf_changed":false},"product_featured_cat":[],"product_brand":[3046],"product_cat":[4223],"product_tag":[],"class_list":{"0":"post-90400","1":"product","2":"type-product","3":"status-publish","4":"has-post-thumbnail","6":"product_brand-thule","7":"product_cat-stores-et-auvents","9":"first","10":"instock","11":"taxable","12":"shipping-taxable","13":"purchasable","14":"product-type-variable"},"acf":[],"yoast_head":"<!-- This site is optimized with the Yoast SEO plugin v27.4 - https:\/\/yoast.com\/product\/yoast-seo-wordpress\/ -->\n<title>Auvent Safari Panorama pour Omnistor 6200\/6300 - Bantam Wankm\u00fcller SA<\/title>\n<meta name=\"robots\" content=\"index, follow, max-snippet:-1, max-image-preview:large, max-video-preview:-1\" \/>\n<link rel=\"canonical\" href=\"https:\/\/shop.bantam.ch\/fr\/produit\/auvent-safari-panorama-pour-omnistor-6200-6300\/\" \/>\n<meta property=\"og:locale\" content=\"fr_FR\" \/>\n<meta property=\"og:type\" content=\"article\" \/>\n<meta property=\"og:title\" content=\"Auvent Safari Panorama pour Omnistor 6200\/6300 - Bantam Wankm\u00fcller SA\" \/>\n<meta property=\"og:description\" content=\"L&rsquo;auvent pour store offre une stabilit\u00e9 extr\u00eame et peut \u00eatre mont\u00e9 rapidement et facilement. De grandes fen\u00eatres laissent entrer beaucoup de lumi\u00e8re. Montage facile Fen\u00eatres lat\u00e9rales avec moustiquaires et film occultant pour une ambiance agr\u00e9able Huit positions d&rsquo;entr\u00e9e diff\u00e9rentes au choix \u00c9l\u00e9ments de fen\u00eatre enti\u00e8rement d\u00e9montables Poids faible gr\u00e2ce \u00e0 l\u2018utilisation du tissu Airtex Profil\u00e9 [&hellip;]\" \/>\n<meta property=\"og:url\" content=\"https:\/\/shop.bantam.ch\/fr\/produit\/auvent-safari-panorama-pour-omnistor-6200-6300\/\" \/>\n<meta property=\"og:site_name\" content=\"Bantam Wankm\u00fcller SA\" \/>\n<meta property=\"article:modified_time\" content=\"2026-04-17T20:40:16+00:00\" \/>\n<meta property=\"og:image\" content=\"https:\/\/shop.bantam.ch\/wp-content\/uploads\/2023\/02\/991339611.png\" \/>\n\t<meta property=\"og:image:width\" content=\"1500\" \/>\n\t<meta property=\"og:image:height\" content=\"1018\" \/>\n\t<meta property=\"og:image:type\" content=\"image\/png\" \/>\n<meta name=\"twitter:card\" content=\"summary_large_image\" \/>\n<meta name=\"twitter:label1\" content=\"Dur\u00e9e de lecture estim\u00e9e\" \/>\n\t<meta name=\"twitter:data1\" content=\"1 minute\" \/>\n<script type=\"application\/ld+json\" class=\"yoast-schema-graph\">{\"@context\":\"https:\\\/\\\/schema.org\",\"@graph\":[{\"@type\":\"WebPage\",\"@id\":\"https:\\\/\\\/shop.bantam.ch\\\/fr\\\/produit\\\/auvent-safari-panorama-pour-omnistor-6200-6300\\\/\",\"url\":\"https:\\\/\\\/shop.bantam.ch\\\/fr\\\/produit\\\/auvent-safari-panorama-pour-omnistor-6200-6300\\\/\",\"name\":\"Auvent Safari Panorama pour Omnistor 6200\\\/6300 - Bantam Wankm\u00fcller SA\",\"isPartOf\":{\"@id\":\"https:\\\/\\\/shop.bantam.ch\\\/fr\\\/#website\"},\"primaryImageOfPage\":{\"@id\":\"https:\\\/\\\/shop.bantam.ch\\\/fr\\\/produit\\\/auvent-safari-panorama-pour-omnistor-6200-6300\\\/#primaryimage\"},\"image\":{\"@id\":\"https:\\\/\\\/shop.bantam.ch\\\/fr\\\/produit\\\/auvent-safari-panorama-pour-omnistor-6200-6300\\\/#primaryimage\"},\"thumbnailUrl\":\"https:\\\/\\\/shop.bantam.ch\\\/wp-content\\\/uploads\\\/2023\\\/02\\\/991339611.png\",\"datePublished\":\"2023-02-28T02:42:21+00:00\",\"dateModified\":\"2026-04-17T20:40:16+00:00\",\"breadcrumb\":{\"@id\":\"https:\\\/\\\/shop.bantam.ch\\\/fr\\\/produit\\\/auvent-safari-panorama-pour-omnistor-6200-6300\\\/#breadcrumb\"},\"inLanguage\":\"fr-FR\",\"potentialAction\":[{\"@type\":\"ReadAction\",\"target\":[\"https:\\\/\\\/shop.bantam.ch\\\/fr\\\/produit\\\/auvent-safari-panorama-pour-omnistor-6200-6300\\\/\"]}]},{\"@type\":\"ImageObject\",\"inLanguage\":\"fr-FR\",\"@id\":\"https:\\\/\\\/shop.bantam.ch\\\/fr\\\/produit\\\/auvent-safari-panorama-pour-omnistor-6200-6300\\\/#primaryimage\",\"url\":\"https:\\\/\\\/shop.bantam.ch\\\/wp-content\\\/uploads\\\/2023\\\/02\\\/991339611.png\",\"contentUrl\":\"https:\\\/\\\/shop.bantam.ch\\\/wp-content\\\/uploads\\\/2023\\\/02\\\/991339611.png\",\"width\":1500,\"height\":1018},{\"@type\":\"BreadcrumbList\",\"@id\":\"https:\\\/\\\/shop.bantam.ch\\\/fr\\\/produit\\\/auvent-safari-panorama-pour-omnistor-6200-6300\\\/#breadcrumb\",\"itemListElement\":[{\"@type\":\"ListItem\",\"position\":1,\"name\":\"Accueil\",\"item\":\"https:\\\/\\\/shop.bantam.ch\\\/fr\\\/\"},{\"@type\":\"ListItem\",\"position\":2,\"name\":\"Boutique\",\"item\":\"https:\\\/\\\/shop.bantam.ch\\\/fr\\\/boutique\\\/\"},{\"@type\":\"ListItem\",\"position\":3,\"name\":\"Auvent Safari Panorama pour Omnistor 6200\\\/6300\"}]},{\"@type\":\"WebSite\",\"@id\":\"https:\\\/\\\/shop.bantam.ch\\\/fr\\\/#website\",\"url\":\"https:\\\/\\\/shop.bantam.ch\\\/fr\\\/\",\"name\":\"Bantam Wankm\u00fcller SA\",\"description\":\"\",\"publisher\":{\"@id\":\"https:\\\/\\\/shop.bantam.ch\\\/fr\\\/#organization\"},\"inLanguage\":\"fr-FR\"},{\"@type\":\"Organization\",\"@id\":\"https:\\\/\\\/shop.bantam.ch\\\/fr\\\/#organization\",\"name\":\"Bantam Wankm\u00fcller SA\",\"url\":\"https:\\\/\\\/shop.bantam.ch\\\/fr\\\/\",\"logo\":{\"@type\":\"ImageObject\",\"inLanguage\":\"fr-FR\",\"@id\":\"https:\\\/\\\/shop.bantam.ch\\\/fr\\\/#\\\/schema\\\/logo\\\/image\\\/\",\"url\":\"https:\\\/\\\/shop.bantam.ch\\\/wp-content\\\/uploads\\\/2022\\\/12\\\/bantam-logo.png\",\"contentUrl\":\"https:\\\/\\\/shop.bantam.ch\\\/wp-content\\\/uploads\\\/2022\\\/12\\\/bantam-logo.png\",\"width\":320,\"height\":71,\"caption\":\"Bantam Wankm\u00fcller SA\"},\"image\":{\"@id\":\"https:\\\/\\\/shop.bantam.ch\\\/fr\\\/#\\\/schema\\\/logo\\\/image\\\/\"}}]}<\/script>\n<!-- \/ Yoast SEO plugin. -->","yoast_head_json":{"title":"Auvent Safari Panorama pour Omnistor 6200\/6300 - Bantam Wankm\u00fcller SA","robots":{"index":"index","follow":"follow","max-snippet":"max-snippet:-1","max-image-preview":"max-image-preview:large","max-video-preview":"max-video-preview:-1"},"canonical":"https:\/\/shop.bantam.ch\/fr\/produit\/auvent-safari-panorama-pour-omnistor-6200-6300\/","og_locale":"fr_FR","og_type":"article","og_title":"Auvent Safari Panorama pour Omnistor 6200\/6300 - Bantam Wankm\u00fcller SA","og_description":"L&rsquo;auvent pour store offre une stabilit\u00e9 extr\u00eame et peut \u00eatre mont\u00e9 rapidement et facilement. De grandes fen\u00eatres laissent entrer beaucoup de lumi\u00e8re. Montage facile Fen\u00eatres lat\u00e9rales avec moustiquaires et film occultant pour une ambiance agr\u00e9able Huit positions d&rsquo;entr\u00e9e diff\u00e9rentes au choix \u00c9l\u00e9ments de fen\u00eatre enti\u00e8rement d\u00e9montables Poids faible gr\u00e2ce \u00e0 l\u2018utilisation du tissu Airtex Profil\u00e9 [&hellip;]","og_url":"https:\/\/shop.bantam.ch\/fr\/produit\/auvent-safari-panorama-pour-omnistor-6200-6300\/","og_site_name":"Bantam Wankm\u00fcller SA","article_modified_time":"2026-04-17T20:40:16+00:00","og_image":[{"width":1500,"height":1018,"url":"https:\/\/shop.bantam.ch\/wp-content\/uploads\/2023\/02\/991339611.png","type":"image\/png"}],"twitter_card":"summary_large_image","twitter_misc":{"Dur\u00e9e de lecture estim\u00e9e":"1 minute"},"schema":{"@context":"https:\/\/schema.org","@graph":[{"@type":"WebPage","@id":"https:\/\/shop.bantam.ch\/fr\/produit\/auvent-safari-panorama-pour-omnistor-6200-6300\/","url":"https:\/\/shop.bantam.ch\/fr\/produit\/auvent-safari-panorama-pour-omnistor-6200-6300\/","name":"Auvent Safari Panorama pour Omnistor 6200\/6300 - Bantam Wankm\u00fcller SA","isPartOf":{"@id":"https:\/\/shop.bantam.ch\/fr\/#website"},"primaryImageOfPage":{"@id":"https:\/\/shop.bantam.ch\/fr\/produit\/auvent-safari-panorama-pour-omnistor-6200-6300\/#primaryimage"},"image":{"@id":"https:\/\/shop.bantam.ch\/fr\/produit\/auvent-safari-panorama-pour-omnistor-6200-6300\/#primaryimage"},"thumbnailUrl":"https:\/\/shop.bantam.ch\/wp-content\/uploads\/2023\/02\/991339611.png","datePublished":"2023-02-28T02:42:21+00:00","dateModified":"2026-04-17T20:40:16+00:00","breadcrumb":{"@id":"https:\/\/shop.bantam.ch\/fr\/produit\/auvent-safari-panorama-pour-omnistor-6200-6300\/#breadcrumb"},"inLanguage":"fr-FR","potentialAction":[{"@type":"ReadAction","target":["https:\/\/shop.bantam.ch\/fr\/produit\/auvent-safari-panorama-pour-omnistor-6200-6300\/"]}]},{"@type":"ImageObject","inLanguage":"fr-FR","@id":"https:\/\/shop.bantam.ch\/fr\/produit\/auvent-safari-panorama-pour-omnistor-6200-6300\/#primaryimage","url":"https:\/\/shop.bantam.ch\/wp-content\/uploads\/2023\/02\/991339611.png","contentUrl":"https:\/\/shop.bantam.ch\/wp-content\/uploads\/2023\/02\/991339611.png","width":1500,"height":1018},{"@type":"BreadcrumbList","@id":"https:\/\/shop.bantam.ch\/fr\/produit\/auvent-safari-panorama-pour-omnistor-6200-6300\/#breadcrumb","itemListElement":[{"@type":"ListItem","position":1,"name":"Accueil","item":"https:\/\/shop.bantam.ch\/fr\/"},{"@type":"ListItem","position":2,"name":"Boutique","item":"https:\/\/shop.bantam.ch\/fr\/boutique\/"},{"@type":"ListItem","position":3,"name":"Auvent Safari Panorama pour Omnistor 6200\/6300"}]},{"@type":"WebSite","@id":"https:\/\/shop.bantam.ch\/fr\/#website","url":"https:\/\/shop.bantam.ch\/fr\/","name":"Bantam Wankm\u00fcller SA","description":"","publisher":{"@id":"https:\/\/shop.bantam.ch\/fr\/#organization"},"inLanguage":"fr-FR"},{"@type":"Organization","@id":"https:\/\/shop.bantam.ch\/fr\/#organization","name":"Bantam Wankm\u00fcller SA","url":"https:\/\/shop.bantam.ch\/fr\/","logo":{"@type":"ImageObject","inLanguage":"fr-FR","@id":"https:\/\/shop.bantam.ch\/fr\/#\/schema\/logo\/image\/","url":"https:\/\/shop.bantam.ch\/wp-content\/uploads\/2022\/12\/bantam-logo.png","contentUrl":"https:\/\/shop.bantam.ch\/wp-content\/uploads\/2022\/12\/bantam-logo.png","width":320,"height":71,"caption":"Bantam Wankm\u00fcller SA"},"image":{"@id":"https:\/\/shop.bantam.ch\/fr\/#\/schema\/logo\/image\/"}}]}},"_links":{"self":[{"href":"https:\/\/shop.bantam.ch\/fr\/wp-json\/wp\/v2\/product\/90400","targetHints":{"allow":["GET"]}}],"collection":[{"href":"https:\/\/shop.bantam.ch\/fr\/wp-json\/wp\/v2\/product"}],"about":[{"href":"https:\/\/shop.bantam.ch\/fr\/wp-json\/wp\/v2\/types\/product"}],"wp:featuredmedia":[{"embeddable":true,"href":"https:\/\/shop.bantam.ch\/fr\/wp-json\/wp\/v2\/media\/90388"}],"wp:attachment":[{"href":"https:\/\/shop.bantam.ch\/fr\/wp-json\/wp\/v2\/media?parent=90400"}],"wp:term":[{"taxonomy":"product_featured_cat","embeddable":true,"href":"https:\/\/shop.bantam.ch\/fr\/wp-json\/wp\/v2\/product_featured_cat?post=90400"},{"taxonomy":"product_brand","embeddable":true,"href":"https:\/\/shop.bantam.ch\/fr\/wp-json\/wp\/v2\/product_brand?post=90400"},{"taxonomy":"product_cat","embeddable":true,"href":"https:\/\/shop.bantam.ch\/fr\/wp-json\/wp\/v2\/product_cat?post=90400"},{"taxonomy":"product_tag","embeddable":true,"href":"https:\/\/shop.bantam.ch\/fr\/wp-json\/wp\/v2\/product_tag?post=90400"}],"curies":[{"name":"wp","href":"https:\/\/api.w.org\/{rel}","templated":true}]}}