{"id":90124,"date":"2023-02-28T03:39:14","date_gmt":"2023-02-28T02:39:14","guid":{"rendered":"http:\/\/shop.bantam.ch\/produit\/ecran-lcd-m55l-ahd-5-pouces\/"},"modified":"2026-04-18T21:26:07","modified_gmt":"2026-04-18T19:26:07","slug":"ecran-lcd-m55l-ahd-5-pouces","status":"publish","type":"product","link":"https:\/\/shop.bantam.ch\/fr\/produit\/ecran-lcd-m55l-ahd-5-pouces\/","title":{"rendered":"\u00c9cran LCD 5 pouces M55 L AHD _avec support_"},"content":{"rendered":"<p>Man\u0153uvrer de gros v\u00e9hicules n\u2019est pas une simple affaire. L\u2019\u00e9cran\u00a0LCD Dometic PerfectView M55L\u00a0AHD vous assure une s\u00e9curit\u00e9 renforc\u00e9e lorsque vous conduisez. M\u00eame en combinaison avec les cam\u00e9ras conventionnelles, non AHD, il vous offre une image claire notamment sur ce qui se passe derri\u00e8re le v\u00e9hicule. En combinaison avec la cam\u00e9ra AHD, la qualit\u00e9 de l\u2019\u00e9cran est juste exceptionnelle. L\u2019\u00e9cran 5 pouces est bien lisible quelles que soient les conditions de luminosit\u00e9, m\u00eame \u00e0 des temp\u00e9ratures basses, et peut \u00eatre facilement r\u00e9gl\u00e9. Le M 55L AHD dispose de plus de trois entr\u00e9es cam\u00e9ra. Les param\u00e8tres de chaque cam\u00e9ra peuvent \u00eatre enregistr\u00e9s facilement et s\u00e9par\u00e9ment. Les cam\u00e9ras peuvent \u00eatre d\u00e9clench\u00e9es via des signaux externes tels que les clignotants. Si vous voulez, vous pouvez utiliser la fonction r\u00e9troviseur qui vous offre un aper\u00e7u conventionnel.<\/p>\n","protected":false},"excerpt":{"rendered":"<p>Man\u0153uvrer de gros v\u00e9hicules n\u2019est pas une simple affaire. L\u2019\u00e9cran\u00a0LCD Dometic PerfectView M55L\u00a0AHD vous assure une s\u00e9curit\u00e9 renforc\u00e9e lorsque vous conduisez. M\u00eame en combinaison avec les cam\u00e9ras conventionnelles, non AHD, il vous offre une image claire notamment sur ce qui se passe derri\u00e8re le v\u00e9hicule. En combinaison avec la cam\u00e9ra AHD, la qualit\u00e9 de l\u2019\u00e9cran [&hellip;]<\/p>\n","protected":false},"featured_media":90122,"template":"","meta":{"_acf_changed":false},"product_featured_cat":[],"product_brand":[3028],"product_cat":[4999],"product_tag":[],"class_list":{"0":"post-90124","1":"product","2":"type-product","3":"status-publish","4":"has-post-thumbnail","6":"product_brand-dometic","7":"product_cat-moniteurs","9":"first","10":"instock","11":"taxable","12":"shipping-taxable","13":"purchasable","14":"product-type-simple"},"acf":[],"yoast_head":"<!-- This site is optimized with the Yoast SEO plugin v27.4 - https:\/\/yoast.com\/product\/yoast-seo-wordpress\/ -->\n<title>\u00c9cran LCD 5 pouces M55 L AHD _avec support_ - Bantam Wankm\u00fcller SA<\/title>\n<meta name=\"robots\" content=\"index, follow, max-snippet:-1, max-image-preview:large, max-video-preview:-1\" \/>\n<link rel=\"canonical\" href=\"https:\/\/shop.bantam.ch\/fr\/produit\/ecran-lcd-m55l-ahd-5-pouces\/\" \/>\n<meta property=\"og:locale\" content=\"fr_FR\" \/>\n<meta property=\"og:type\" content=\"article\" \/>\n<meta property=\"og:title\" content=\"\u00c9cran LCD 5 pouces M55 L AHD _avec support_ - Bantam Wankm\u00fcller SA\" \/>\n<meta property=\"og:description\" content=\"Man\u0153uvrer de gros v\u00e9hicules n\u2019est pas une simple affaire. L\u2019\u00e9cran\u00a0LCD Dometic PerfectView M55L\u00a0AHD vous assure une s\u00e9curit\u00e9 renforc\u00e9e lorsque vous conduisez. M\u00eame en combinaison avec les cam\u00e9ras conventionnelles, non AHD, il vous offre une image claire notamment sur ce qui se passe derri\u00e8re le v\u00e9hicule. En combinaison avec la cam\u00e9ra AHD, la qualit\u00e9 de l\u2019\u00e9cran [&hellip;]\" \/>\n<meta property=\"og:url\" content=\"https:\/\/shop.bantam.ch\/fr\/produit\/ecran-lcd-m55l-ahd-5-pouces\/\" \/>\n<meta property=\"og:site_name\" content=\"Bantam Wankm\u00fcller SA\" \/>\n<meta property=\"article:modified_time\" content=\"2026-04-18T19:26:07+00:00\" \/>\n<meta property=\"og:image\" content=\"https:\/\/shop.bantam.ch\/wp-content\/uploads\/2023\/02\/993284811.jpg\" \/>\n\t<meta property=\"og:image:width\" content=\"1000\" \/>\n\t<meta property=\"og:image:height\" content=\"596\" \/>\n\t<meta property=\"og:image:type\" content=\"image\/jpeg\" \/>\n<meta name=\"twitter:card\" content=\"summary_large_image\" \/>\n<meta name=\"twitter:label1\" content=\"Dur\u00e9e de lecture estim\u00e9e\" \/>\n\t<meta name=\"twitter:data1\" content=\"1 minute\" \/>\n<script type=\"application\/ld+json\" class=\"yoast-schema-graph\">{\"@context\":\"https:\\\/\\\/schema.org\",\"@graph\":[{\"@type\":\"WebPage\",\"@id\":\"https:\\\/\\\/shop.bantam.ch\\\/fr\\\/produit\\\/ecran-lcd-m55l-ahd-5-pouces\\\/\",\"url\":\"https:\\\/\\\/shop.bantam.ch\\\/fr\\\/produit\\\/ecran-lcd-m55l-ahd-5-pouces\\\/\",\"name\":\"\u00c9cran LCD 5 pouces M55 L AHD _avec support_ - Bantam Wankm\u00fcller SA\",\"isPartOf\":{\"@id\":\"https:\\\/\\\/shop.bantam.ch\\\/fr\\\/#website\"},\"primaryImageOfPage\":{\"@id\":\"https:\\\/\\\/shop.bantam.ch\\\/fr\\\/produit\\\/ecran-lcd-m55l-ahd-5-pouces\\\/#primaryimage\"},\"image\":{\"@id\":\"https:\\\/\\\/shop.bantam.ch\\\/fr\\\/produit\\\/ecran-lcd-m55l-ahd-5-pouces\\\/#primaryimage\"},\"thumbnailUrl\":\"https:\\\/\\\/shop.bantam.ch\\\/wp-content\\\/uploads\\\/2023\\\/02\\\/993284811.jpg\",\"datePublished\":\"2023-02-28T02:39:14+00:00\",\"dateModified\":\"2026-04-18T19:26:07+00:00\",\"breadcrumb\":{\"@id\":\"https:\\\/\\\/shop.bantam.ch\\\/fr\\\/produit\\\/ecran-lcd-m55l-ahd-5-pouces\\\/#breadcrumb\"},\"inLanguage\":\"fr-FR\",\"potentialAction\":[{\"@type\":\"ReadAction\",\"target\":[\"https:\\\/\\\/shop.bantam.ch\\\/fr\\\/produit\\\/ecran-lcd-m55l-ahd-5-pouces\\\/\"]}]},{\"@type\":\"ImageObject\",\"inLanguage\":\"fr-FR\",\"@id\":\"https:\\\/\\\/shop.bantam.ch\\\/fr\\\/produit\\\/ecran-lcd-m55l-ahd-5-pouces\\\/#primaryimage\",\"url\":\"https:\\\/\\\/shop.bantam.ch\\\/wp-content\\\/uploads\\\/2023\\\/02\\\/993284811.jpg\",\"contentUrl\":\"https:\\\/\\\/shop.bantam.ch\\\/wp-content\\\/uploads\\\/2023\\\/02\\\/993284811.jpg\",\"width\":1000,\"height\":596},{\"@type\":\"BreadcrumbList\",\"@id\":\"https:\\\/\\\/shop.bantam.ch\\\/fr\\\/produit\\\/ecran-lcd-m55l-ahd-5-pouces\\\/#breadcrumb\",\"itemListElement\":[{\"@type\":\"ListItem\",\"position\":1,\"name\":\"Accueil\",\"item\":\"https:\\\/\\\/shop.bantam.ch\\\/fr\\\/\"},{\"@type\":\"ListItem\",\"position\":2,\"name\":\"Boutique\",\"item\":\"https:\\\/\\\/shop.bantam.ch\\\/fr\\\/boutique\\\/\"},{\"@type\":\"ListItem\",\"position\":3,\"name\":\"\u00c9cran LCD 5 pouces M55 L AHD _avec support_\"}]},{\"@type\":\"WebSite\",\"@id\":\"https:\\\/\\\/shop.bantam.ch\\\/fr\\\/#website\",\"url\":\"https:\\\/\\\/shop.bantam.ch\\\/fr\\\/\",\"name\":\"Bantam Wankm\u00fcller SA\",\"description\":\"\",\"publisher\":{\"@id\":\"https:\\\/\\\/shop.bantam.ch\\\/fr\\\/#organization\"},\"inLanguage\":\"fr-FR\"},{\"@type\":\"Organization\",\"@id\":\"https:\\\/\\\/shop.bantam.ch\\\/fr\\\/#organization\",\"name\":\"Bantam Wankm\u00fcller SA\",\"url\":\"https:\\\/\\\/shop.bantam.ch\\\/fr\\\/\",\"logo\":{\"@type\":\"ImageObject\",\"inLanguage\":\"fr-FR\",\"@id\":\"https:\\\/\\\/shop.bantam.ch\\\/fr\\\/#\\\/schema\\\/logo\\\/image\\\/\",\"url\":\"https:\\\/\\\/shop.bantam.ch\\\/wp-content\\\/uploads\\\/2022\\\/12\\\/bantam-logo.png\",\"contentUrl\":\"https:\\\/\\\/shop.bantam.ch\\\/wp-content\\\/uploads\\\/2022\\\/12\\\/bantam-logo.png\",\"width\":320,\"height\":71,\"caption\":\"Bantam Wankm\u00fcller SA\"},\"image\":{\"@id\":\"https:\\\/\\\/shop.bantam.ch\\\/fr\\\/#\\\/schema\\\/logo\\\/image\\\/\"}}]}<\/script>\n<!-- \/ Yoast SEO plugin. -->","yoast_head_json":{"title":"\u00c9cran LCD 5 pouces M55 L AHD _avec support_ - Bantam Wankm\u00fcller SA","robots":{"index":"index","follow":"follow","max-snippet":"max-snippet:-1","max-image-preview":"max-image-preview:large","max-video-preview":"max-video-preview:-1"},"canonical":"https:\/\/shop.bantam.ch\/fr\/produit\/ecran-lcd-m55l-ahd-5-pouces\/","og_locale":"fr_FR","og_type":"article","og_title":"\u00c9cran LCD 5 pouces M55 L AHD _avec support_ - Bantam Wankm\u00fcller SA","og_description":"Man\u0153uvrer de gros v\u00e9hicules n\u2019est pas une simple affaire. L\u2019\u00e9cran\u00a0LCD Dometic PerfectView M55L\u00a0AHD vous assure une s\u00e9curit\u00e9 renforc\u00e9e lorsque vous conduisez. M\u00eame en combinaison avec les cam\u00e9ras conventionnelles, non AHD, il vous offre une image claire notamment sur ce qui se passe derri\u00e8re le v\u00e9hicule. En combinaison avec la cam\u00e9ra AHD, la qualit\u00e9 de l\u2019\u00e9cran [&hellip;]","og_url":"https:\/\/shop.bantam.ch\/fr\/produit\/ecran-lcd-m55l-ahd-5-pouces\/","og_site_name":"Bantam Wankm\u00fcller SA","article_modified_time":"2026-04-18T19:26:07+00:00","og_image":[{"width":1000,"height":596,"url":"https:\/\/shop.bantam.ch\/wp-content\/uploads\/2023\/02\/993284811.jpg","type":"image\/jpeg"}],"twitter_card":"summary_large_image","twitter_misc":{"Dur\u00e9e de lecture estim\u00e9e":"1 minute"},"schema":{"@context":"https:\/\/schema.org","@graph":[{"@type":"WebPage","@id":"https:\/\/shop.bantam.ch\/fr\/produit\/ecran-lcd-m55l-ahd-5-pouces\/","url":"https:\/\/shop.bantam.ch\/fr\/produit\/ecran-lcd-m55l-ahd-5-pouces\/","name":"\u00c9cran LCD 5 pouces M55 L AHD _avec support_ - Bantam Wankm\u00fcller SA","isPartOf":{"@id":"https:\/\/shop.bantam.ch\/fr\/#website"},"primaryImageOfPage":{"@id":"https:\/\/shop.bantam.ch\/fr\/produit\/ecran-lcd-m55l-ahd-5-pouces\/#primaryimage"},"image":{"@id":"https:\/\/shop.bantam.ch\/fr\/produit\/ecran-lcd-m55l-ahd-5-pouces\/#primaryimage"},"thumbnailUrl":"https:\/\/shop.bantam.ch\/wp-content\/uploads\/2023\/02\/993284811.jpg","datePublished":"2023-02-28T02:39:14+00:00","dateModified":"2026-04-18T19:26:07+00:00","breadcrumb":{"@id":"https:\/\/shop.bantam.ch\/fr\/produit\/ecran-lcd-m55l-ahd-5-pouces\/#breadcrumb"},"inLanguage":"fr-FR","potentialAction":[{"@type":"ReadAction","target":["https:\/\/shop.bantam.ch\/fr\/produit\/ecran-lcd-m55l-ahd-5-pouces\/"]}]},{"@type":"ImageObject","inLanguage":"fr-FR","@id":"https:\/\/shop.bantam.ch\/fr\/produit\/ecran-lcd-m55l-ahd-5-pouces\/#primaryimage","url":"https:\/\/shop.bantam.ch\/wp-content\/uploads\/2023\/02\/993284811.jpg","contentUrl":"https:\/\/shop.bantam.ch\/wp-content\/uploads\/2023\/02\/993284811.jpg","width":1000,"height":596},{"@type":"BreadcrumbList","@id":"https:\/\/shop.bantam.ch\/fr\/produit\/ecran-lcd-m55l-ahd-5-pouces\/#breadcrumb","itemListElement":[{"@type":"ListItem","position":1,"name":"Accueil","item":"https:\/\/shop.bantam.ch\/fr\/"},{"@type":"ListItem","position":2,"name":"Boutique","item":"https:\/\/shop.bantam.ch\/fr\/boutique\/"},{"@type":"ListItem","position":3,"name":"\u00c9cran LCD 5 pouces M55 L AHD _avec support_"}]},{"@type":"WebSite","@id":"https:\/\/shop.bantam.ch\/fr\/#website","url":"https:\/\/shop.bantam.ch\/fr\/","name":"Bantam Wankm\u00fcller SA","description":"","publisher":{"@id":"https:\/\/shop.bantam.ch\/fr\/#organization"},"inLanguage":"fr-FR"},{"@type":"Organization","@id":"https:\/\/shop.bantam.ch\/fr\/#organization","name":"Bantam Wankm\u00fcller SA","url":"https:\/\/shop.bantam.ch\/fr\/","logo":{"@type":"ImageObject","inLanguage":"fr-FR","@id":"https:\/\/shop.bantam.ch\/fr\/#\/schema\/logo\/image\/","url":"https:\/\/shop.bantam.ch\/wp-content\/uploads\/2022\/12\/bantam-logo.png","contentUrl":"https:\/\/shop.bantam.ch\/wp-content\/uploads\/2022\/12\/bantam-logo.png","width":320,"height":71,"caption":"Bantam Wankm\u00fcller SA"},"image":{"@id":"https:\/\/shop.bantam.ch\/fr\/#\/schema\/logo\/image\/"}}]}},"_links":{"self":[{"href":"https:\/\/shop.bantam.ch\/fr\/wp-json\/wp\/v2\/product\/90124","targetHints":{"allow":["GET"]}}],"collection":[{"href":"https:\/\/shop.bantam.ch\/fr\/wp-json\/wp\/v2\/product"}],"about":[{"href":"https:\/\/shop.bantam.ch\/fr\/wp-json\/wp\/v2\/types\/product"}],"wp:featuredmedia":[{"embeddable":true,"href":"https:\/\/shop.bantam.ch\/fr\/wp-json\/wp\/v2\/media\/90122"}],"wp:attachment":[{"href":"https:\/\/shop.bantam.ch\/fr\/wp-json\/wp\/v2\/media?parent=90124"}],"wp:term":[{"taxonomy":"product_featured_cat","embeddable":true,"href":"https:\/\/shop.bantam.ch\/fr\/wp-json\/wp\/v2\/product_featured_cat?post=90124"},{"taxonomy":"product_brand","embeddable":true,"href":"https:\/\/shop.bantam.ch\/fr\/wp-json\/wp\/v2\/product_brand?post=90124"},{"taxonomy":"product_cat","embeddable":true,"href":"https:\/\/shop.bantam.ch\/fr\/wp-json\/wp\/v2\/product_cat?post=90124"},{"taxonomy":"product_tag","embeddable":true,"href":"https:\/\/shop.bantam.ch\/fr\/wp-json\/wp\/v2\/product_tag?post=90124"}],"curies":[{"name":"wp","href":"https:\/\/api.w.org\/{rel}","templated":true}]}}