{"id":89664,"date":"2023-02-28T03:34:33","date_gmt":"2023-02-28T02:34:33","guid":{"rendered":"http:\/\/shop.bantam.ch\/produit\/systeme-satellite-caro-premium-avec-oyster-tv\/"},"modified":"2026-05-01T22:37:49","modified_gmt":"2026-05-01T20:37:49","slug":"systeme-satellite-caro-premium-avec-oyster-tv","status":"publish","type":"product","link":"https:\/\/shop.bantam.ch\/fr\/produit\/systeme-satellite-caro-premium-avec-oyster-tv\/","title":{"rendered":"Syst\u00e8me satellite Caro+ Premium avec Oyster TV"},"content":{"rendered":"<p>Structure \u00e9l\u00e9gante et extr\u00eamement plate Oyster LED TV inclus.<\/p>\n<p>Si vous voulez \u00eatre inform\u00e9 des derniers \u00e9v\u00e9nements dans le monde entier ou si vous ne voulez pas rater votre s\u00e9rie pr\u00e9f\u00e9r\u00e9e, m\u00eame loin de la civilisation, vous avez besoin d&rsquo;une antenne flexible parfaitement adapt\u00e9e \u00e0 vos propres besoins. La CARO+ est l&rsquo;alternative id\u00e9ale lorsque chaque centim\u00e8tre compte. La construction compacte permet une hauteur de montage extr\u00eamement plate. Elle ne tourne que lorsqu&rsquo;elle est ouverte et n\u00e9cessite donc tr\u00e8s peu d&rsquo;espace sur le toit du v\u00e9hicule.<\/p>\n<p>R\u00e9glage compl\u00e8tement automatique et localisation du satellite normalement entre 30 et 60 secondes. Mise en marche autonome au d\u00e9marrage du v\u00e9hicule. Changement de satellite automatique. Rayon d\u2019action tr\u00e8s restreint. Hauteur de montage tr\u00e8s basse (env. 14 cm). Construction \u00e0 l\u2019\u00e9preuve des intemp\u00e9ries et de la gr\u00eale. Hauteur env. 14 cm \/ poids env. 16 kg. Fabricant certifi\u00e9 QM selon ISO 9001. Garantie du fabricant de 3 ans et service client \u00e0 l\u2019\u00e9coute.<\/p>\n<p><strong>Variante Premium<\/strong>, notamment pour les clients qui souhaitent un \u00e9quipement complet d&rsquo;un seul fournisseur. Ce syst\u00e8me Premium vous permet d&rsquo;utiliser les deux appareils avec une seule t\u00e9l\u00e9commande.<\/p>\n<p>Simple et facile \u00e0 utiliser.<\/p>\n<p>Caract\u00e9ristiques :<\/p>\n<p>Appareil dernier cri au design ultra-plat. LED TV : Des images fascinantes avec la meilleure r\u00e9solution. Tuner HD pour r\u00e9ception DVB-S \/ -S2 \/ -T** \/ -T2**. Possibilit\u00e9 de raccordement par USB 2.0 et HDMI. Montage universel par support VESA standard. T\u00e9l\u00e9commande du syst\u00e8me\u00a0: une seule t\u00e9l\u00e9commande pour l\u2019installation satellite Caro+ Premium et le t\u00e9l\u00e9viseur \u00ab\u00a0Oyster TV\u00a0\u00bb. EPG : guide \u00e9lectronique des programmes et de programmation par minuterie. Baie module : CI \/ CI+. Interrupteur d&rsquo;alimentation : Marche \/ arr\u00eat.<\/p>\n<p>\u00a0<\/p>\n<ul>\n<li>Technique \u00e0 un c\u00e2ble<\/li>\n<li>Condition APPLI<\/li>\n<li>Mises \u00e0 jour automatiques via APPLI<\/li>\n<li>Port\u00e9e exceptionnelle<\/li>\n<li>Montage peu encombrant sur pratiquement tous les toits de v\u00e9hicules<\/li>\n<li>Hauteur de montage tr\u00e8s faible<\/li>\n<li>Orientation et recherche des satellites enti\u00e8rement automatiques<\/li>\n<li>Mise en marche autonome au d\u00e9marrage du v\u00e9hicule<\/li>\n<li>Changement de satellite automatique.<\/li>\n<li>Traitement de qualit\u00e9 pour un \u00e9quipement solide.<\/li>\n<li>Fabricant certifi\u00e9 QM selon ISO 9001<\/li>\n<li>3 ans de garantie fabricant et service client \u00e0 l&rsquo;\u00e9coute.<\/li>\n<li>Tension de raccordement (tension \u00e0 bord) 12 \/ 24 volts<\/li>\n<li>Marque de r\u00e9ception par type<\/li>\n<\/ul>\n<p>\u00a0<\/p>\n<p>Commande via APPLI incluse<br \/>L\u2019application ten haaft est maintenant disponible pour une commande ais\u00e9e de la Caro+. Elle permet \u00e9galement d\u2019installer des mises \u00e0 jour en toute simplicit\u00e9 afin que votre installation soit toujours actuelle du point de vue logiciel.<br \/>Compatible Android et iOS.<\/p>\n","protected":false},"excerpt":{"rendered":"<p>Structure \u00e9l\u00e9gante et extr\u00eamement plate Oyster LED TV inclus. Si vous voulez \u00eatre inform\u00e9 des derniers \u00e9v\u00e9nements dans le monde entier ou si vous ne voulez pas rater votre s\u00e9rie pr\u00e9f\u00e9r\u00e9e, m\u00eame loin de la civilisation, vous avez besoin d&rsquo;une antenne flexible parfaitement adapt\u00e9e \u00e0 vos propres besoins. La CARO+ est l&rsquo;alternative id\u00e9ale lorsque chaque [&hellip;]<\/p>\n","protected":false},"featured_media":89574,"template":"","meta":{"_acf_changed":false},"product_featured_cat":[],"product_brand":[3126],"product_cat":[4529],"product_tag":[],"class_list":{"0":"post-89664","1":"product","2":"type-product","3":"status-publish","4":"has-post-thumbnail","6":"product_brand-oyster","7":"product_cat-systemes-complets-de-satellites-et-televiseurs","9":"first","10":"outofstock","11":"taxable","12":"shipping-taxable","13":"product-type-variable"},"acf":[],"yoast_head":"<!-- This site is optimized with the Yoast SEO plugin v27.5 - https:\/\/yoast.com\/product\/yoast-seo-wordpress\/ -->\n<title>Syst\u00e8me satellite Caro+ Premium avec Oyster TV - Bantam<\/title>\n<meta name=\"robots\" content=\"index, follow, max-snippet:-1, max-image-preview:large, max-video-preview:-1\" \/>\n<link rel=\"canonical\" href=\"https:\/\/shop.bantam.ch\/fr\/produit\/systeme-satellite-caro-premium-avec-oyster-tv\/\" \/>\n<meta property=\"og:locale\" content=\"fr_FR\" \/>\n<meta property=\"og:type\" content=\"article\" \/>\n<meta property=\"og:title\" content=\"Syst\u00e8me satellite Caro+ Premium avec Oyster TV - Bantam\" \/>\n<meta property=\"og:description\" content=\"Structure \u00e9l\u00e9gante et extr\u00eamement plate Oyster LED TV inclus. Si vous voulez \u00eatre inform\u00e9 des derniers \u00e9v\u00e9nements dans le monde entier ou si vous ne voulez pas rater votre s\u00e9rie pr\u00e9f\u00e9r\u00e9e, m\u00eame loin de la civilisation, vous avez besoin d&rsquo;une antenne flexible parfaitement adapt\u00e9e \u00e0 vos propres besoins. La CARO+ est l&rsquo;alternative id\u00e9ale lorsque chaque [&hellip;]\" \/>\n<meta property=\"og:url\" content=\"https:\/\/shop.bantam.ch\/fr\/produit\/systeme-satellite-caro-premium-avec-oyster-tv\/\" \/>\n<meta property=\"og:site_name\" content=\"Bantam\" \/>\n<meta property=\"article:modified_time\" content=\"2026-05-01T20:37:49+00:00\" \/>\n<meta property=\"og:image\" content=\"https:\/\/shop.bantam.ch\/wp-content\/uploads\/2023\/02\/995533611.jpg\" \/>\n\t<meta property=\"og:image:width\" content=\"567\" \/>\n\t<meta property=\"og:image:height\" content=\"393\" \/>\n\t<meta property=\"og:image:type\" content=\"image\/jpeg\" \/>\n<meta name=\"twitter:card\" content=\"summary_large_image\" \/>\n<meta name=\"twitter:label1\" content=\"Dur\u00e9e de lecture estim\u00e9e\" \/>\n\t<meta name=\"twitter:data1\" content=\"2 minutes\" \/>\n<script type=\"application\/ld+json\" class=\"yoast-schema-graph\">{\"@context\":\"https:\\\/\\\/schema.org\",\"@graph\":[{\"@type\":\"WebPage\",\"@id\":\"https:\\\/\\\/shop.bantam.ch\\\/fr\\\/produit\\\/systeme-satellite-caro-premium-avec-oyster-tv\\\/\",\"url\":\"https:\\\/\\\/shop.bantam.ch\\\/fr\\\/produit\\\/systeme-satellite-caro-premium-avec-oyster-tv\\\/\",\"name\":\"Syst\u00e8me satellite Caro+ Premium avec Oyster TV - Bantam\",\"isPartOf\":{\"@id\":\"https:\\\/\\\/shop.bantam.ch\\\/fr\\\/#website\"},\"primaryImageOfPage\":{\"@id\":\"https:\\\/\\\/shop.bantam.ch\\\/fr\\\/produit\\\/systeme-satellite-caro-premium-avec-oyster-tv\\\/#primaryimage\"},\"image\":{\"@id\":\"https:\\\/\\\/shop.bantam.ch\\\/fr\\\/produit\\\/systeme-satellite-caro-premium-avec-oyster-tv\\\/#primaryimage\"},\"thumbnailUrl\":\"https:\\\/\\\/shop.bantam.ch\\\/wp-content\\\/uploads\\\/2023\\\/02\\\/995533611.jpg\",\"datePublished\":\"2023-02-28T02:34:33+00:00\",\"dateModified\":\"2026-05-01T20:37:49+00:00\",\"breadcrumb\":{\"@id\":\"https:\\\/\\\/shop.bantam.ch\\\/fr\\\/produit\\\/systeme-satellite-caro-premium-avec-oyster-tv\\\/#breadcrumb\"},\"inLanguage\":\"fr-FR\",\"potentialAction\":[{\"@type\":\"ReadAction\",\"target\":[\"https:\\\/\\\/shop.bantam.ch\\\/fr\\\/produit\\\/systeme-satellite-caro-premium-avec-oyster-tv\\\/\"]}]},{\"@type\":\"ImageObject\",\"inLanguage\":\"fr-FR\",\"@id\":\"https:\\\/\\\/shop.bantam.ch\\\/fr\\\/produit\\\/systeme-satellite-caro-premium-avec-oyster-tv\\\/#primaryimage\",\"url\":\"https:\\\/\\\/shop.bantam.ch\\\/wp-content\\\/uploads\\\/2023\\\/02\\\/995533611.jpg\",\"contentUrl\":\"https:\\\/\\\/shop.bantam.ch\\\/wp-content\\\/uploads\\\/2023\\\/02\\\/995533611.jpg\",\"width\":567,\"height\":393},{\"@type\":\"BreadcrumbList\",\"@id\":\"https:\\\/\\\/shop.bantam.ch\\\/fr\\\/produit\\\/systeme-satellite-caro-premium-avec-oyster-tv\\\/#breadcrumb\",\"itemListElement\":[{\"@type\":\"ListItem\",\"position\":1,\"name\":\"Accueil\",\"item\":\"https:\\\/\\\/shop.bantam.ch\\\/fr\\\/\"},{\"@type\":\"ListItem\",\"position\":2,\"name\":\"Boutique\",\"item\":\"https:\\\/\\\/shop.bantam.ch\\\/fr\\\/boutique\\\/\"},{\"@type\":\"ListItem\",\"position\":3,\"name\":\"Syst\u00e8me satellite Caro+ Premium avec Oyster TV\"}]},{\"@type\":\"WebSite\",\"@id\":\"https:\\\/\\\/shop.bantam.ch\\\/fr\\\/#website\",\"url\":\"https:\\\/\\\/shop.bantam.ch\\\/fr\\\/\",\"name\":\"Bantam\",\"description\":\"\",\"publisher\":{\"@id\":\"https:\\\/\\\/shop.bantam.ch\\\/fr\\\/#organization\"},\"inLanguage\":\"fr-FR\"},{\"@type\":\"Organization\",\"@id\":\"https:\\\/\\\/shop.bantam.ch\\\/fr\\\/#organization\",\"name\":\"Bantam\",\"url\":\"https:\\\/\\\/shop.bantam.ch\\\/fr\\\/\",\"logo\":{\"@type\":\"ImageObject\",\"inLanguage\":\"fr-FR\",\"@id\":\"https:\\\/\\\/shop.bantam.ch\\\/fr\\\/#\\\/schema\\\/logo\\\/image\\\/\",\"url\":\"https:\\\/\\\/shop.bantam.ch\\\/wp-content\\\/uploads\\\/2022\\\/12\\\/bantam-logo.png\",\"contentUrl\":\"https:\\\/\\\/shop.bantam.ch\\\/wp-content\\\/uploads\\\/2022\\\/12\\\/bantam-logo.png\",\"width\":320,\"height\":71,\"caption\":\"Bantam\"},\"image\":{\"@id\":\"https:\\\/\\\/shop.bantam.ch\\\/fr\\\/#\\\/schema\\\/logo\\\/image\\\/\"}}]}<\/script>\n<!-- \/ Yoast SEO plugin. -->","yoast_head_json":{"title":"Syst\u00e8me satellite Caro+ Premium avec Oyster TV - Bantam","robots":{"index":"index","follow":"follow","max-snippet":"max-snippet:-1","max-image-preview":"max-image-preview:large","max-video-preview":"max-video-preview:-1"},"canonical":"https:\/\/shop.bantam.ch\/fr\/produit\/systeme-satellite-caro-premium-avec-oyster-tv\/","og_locale":"fr_FR","og_type":"article","og_title":"Syst\u00e8me satellite Caro+ Premium avec Oyster TV - Bantam","og_description":"Structure \u00e9l\u00e9gante et extr\u00eamement plate Oyster LED TV inclus. Si vous voulez \u00eatre inform\u00e9 des derniers \u00e9v\u00e9nements dans le monde entier ou si vous ne voulez pas rater votre s\u00e9rie pr\u00e9f\u00e9r\u00e9e, m\u00eame loin de la civilisation, vous avez besoin d&rsquo;une antenne flexible parfaitement adapt\u00e9e \u00e0 vos propres besoins. La CARO+ est l&rsquo;alternative id\u00e9ale lorsque chaque [&hellip;]","og_url":"https:\/\/shop.bantam.ch\/fr\/produit\/systeme-satellite-caro-premium-avec-oyster-tv\/","og_site_name":"Bantam","article_modified_time":"2026-05-01T20:37:49+00:00","og_image":[{"width":567,"height":393,"url":"https:\/\/shop.bantam.ch\/wp-content\/uploads\/2023\/02\/995533611.jpg","type":"image\/jpeg"}],"twitter_card":"summary_large_image","twitter_misc":{"Dur\u00e9e de lecture estim\u00e9e":"2 minutes"},"schema":{"@context":"https:\/\/schema.org","@graph":[{"@type":"WebPage","@id":"https:\/\/shop.bantam.ch\/fr\/produit\/systeme-satellite-caro-premium-avec-oyster-tv\/","url":"https:\/\/shop.bantam.ch\/fr\/produit\/systeme-satellite-caro-premium-avec-oyster-tv\/","name":"Syst\u00e8me satellite Caro+ Premium avec Oyster TV - Bantam","isPartOf":{"@id":"https:\/\/shop.bantam.ch\/fr\/#website"},"primaryImageOfPage":{"@id":"https:\/\/shop.bantam.ch\/fr\/produit\/systeme-satellite-caro-premium-avec-oyster-tv\/#primaryimage"},"image":{"@id":"https:\/\/shop.bantam.ch\/fr\/produit\/systeme-satellite-caro-premium-avec-oyster-tv\/#primaryimage"},"thumbnailUrl":"https:\/\/shop.bantam.ch\/wp-content\/uploads\/2023\/02\/995533611.jpg","datePublished":"2023-02-28T02:34:33+00:00","dateModified":"2026-05-01T20:37:49+00:00","breadcrumb":{"@id":"https:\/\/shop.bantam.ch\/fr\/produit\/systeme-satellite-caro-premium-avec-oyster-tv\/#breadcrumb"},"inLanguage":"fr-FR","potentialAction":[{"@type":"ReadAction","target":["https:\/\/shop.bantam.ch\/fr\/produit\/systeme-satellite-caro-premium-avec-oyster-tv\/"]}]},{"@type":"ImageObject","inLanguage":"fr-FR","@id":"https:\/\/shop.bantam.ch\/fr\/produit\/systeme-satellite-caro-premium-avec-oyster-tv\/#primaryimage","url":"https:\/\/shop.bantam.ch\/wp-content\/uploads\/2023\/02\/995533611.jpg","contentUrl":"https:\/\/shop.bantam.ch\/wp-content\/uploads\/2023\/02\/995533611.jpg","width":567,"height":393},{"@type":"BreadcrumbList","@id":"https:\/\/shop.bantam.ch\/fr\/produit\/systeme-satellite-caro-premium-avec-oyster-tv\/#breadcrumb","itemListElement":[{"@type":"ListItem","position":1,"name":"Accueil","item":"https:\/\/shop.bantam.ch\/fr\/"},{"@type":"ListItem","position":2,"name":"Boutique","item":"https:\/\/shop.bantam.ch\/fr\/boutique\/"},{"@type":"ListItem","position":3,"name":"Syst\u00e8me satellite Caro+ Premium avec Oyster TV"}]},{"@type":"WebSite","@id":"https:\/\/shop.bantam.ch\/fr\/#website","url":"https:\/\/shop.bantam.ch\/fr\/","name":"Bantam","description":"","publisher":{"@id":"https:\/\/shop.bantam.ch\/fr\/#organization"},"inLanguage":"fr-FR"},{"@type":"Organization","@id":"https:\/\/shop.bantam.ch\/fr\/#organization","name":"Bantam","url":"https:\/\/shop.bantam.ch\/fr\/","logo":{"@type":"ImageObject","inLanguage":"fr-FR","@id":"https:\/\/shop.bantam.ch\/fr\/#\/schema\/logo\/image\/","url":"https:\/\/shop.bantam.ch\/wp-content\/uploads\/2022\/12\/bantam-logo.png","contentUrl":"https:\/\/shop.bantam.ch\/wp-content\/uploads\/2022\/12\/bantam-logo.png","width":320,"height":71,"caption":"Bantam"},"image":{"@id":"https:\/\/shop.bantam.ch\/fr\/#\/schema\/logo\/image\/"}}]}},"_links":{"self":[{"href":"https:\/\/shop.bantam.ch\/fr\/wp-json\/wp\/v2\/product\/89664","targetHints":{"allow":["GET"]}}],"collection":[{"href":"https:\/\/shop.bantam.ch\/fr\/wp-json\/wp\/v2\/product"}],"about":[{"href":"https:\/\/shop.bantam.ch\/fr\/wp-json\/wp\/v2\/types\/product"}],"wp:featuredmedia":[{"embeddable":true,"href":"https:\/\/shop.bantam.ch\/fr\/wp-json\/wp\/v2\/media\/89574"}],"wp:attachment":[{"href":"https:\/\/shop.bantam.ch\/fr\/wp-json\/wp\/v2\/media?parent=89664"}],"wp:term":[{"taxonomy":"product_featured_cat","embeddable":true,"href":"https:\/\/shop.bantam.ch\/fr\/wp-json\/wp\/v2\/product_featured_cat?post=89664"},{"taxonomy":"product_brand","embeddable":true,"href":"https:\/\/shop.bantam.ch\/fr\/wp-json\/wp\/v2\/product_brand?post=89664"},{"taxonomy":"product_cat","embeddable":true,"href":"https:\/\/shop.bantam.ch\/fr\/wp-json\/wp\/v2\/product_cat?post=89664"},{"taxonomy":"product_tag","embeddable":true,"href":"https:\/\/shop.bantam.ch\/fr\/wp-json\/wp\/v2\/product_tag?post=89664"}],"curies":[{"name":"wp","href":"https:\/\/api.w.org\/{rel}","templated":true}]}}