{"id":88000,"date":"2023-02-28T03:13:38","date_gmt":"2023-02-28T02:13:38","guid":{"rendered":"http:\/\/shop.bantam.ch\/produit\/radiateur-mobile-ou-mural\/"},"modified":"2026-04-19T21:26:50","modified_gmt":"2026-04-19T19:26:50","slug":"radiateur-mobile-ou-mural","status":"publish","type":"product","link":"https:\/\/shop.bantam.ch\/fr\/produit\/radiateur-mobile-ou-mural\/","title":{"rendered":"Chauffage acier inoxydable 50\u00a0mbar max. 4\u00a0kW"},"content":{"rendered":"<p>\u00a0<\/p>\n<ul>\n<li>Puissance de chauffage en continu r\u00e9glable jusqu\u2019\u00e0 4 kW<\/li>\n<li>Allumage pi\u00e9zo<\/li>\n<li>Thermo\u00ads\u00adtat r\u00e9glable (2\u00a0\u2009\u00b0C \u2013 25\u00a0\u00b0C)<\/li>\n<li>S\u00e9curit\u00e9 contre le manque d\u2018oxyg\u00e8ne<\/li>\n<li>Dimensions \u00e0 l&rsquo;\u00e9tat mont\u00e9 avec pieds (d\u2019apr\u00e8s l&rsquo;illustration)<\/li>\n<\/ul>\n<p>Contenu de la livraison :<br \/>Tuyau de gaz inclus<br \/>Sans r\u00e9gulateur<\/p>\n<p>\u00a0<\/p>\n","protected":false},"excerpt":{"rendered":"<p>\u00a0 Puissance de chauffage en continu r\u00e9glable jusqu\u2019\u00e0 4 kW Allumage pi\u00e9zo Thermo\u00ads\u00adtat r\u00e9glable (2\u00a0\u2009\u00b0C \u2013 25\u00a0\u00b0C) S\u00e9curit\u00e9 contre le manque d\u2018oxyg\u00e8ne Dimensions \u00e0 l&rsquo;\u00e9tat mont\u00e9 avec pieds (d\u2019apr\u00e8s l&rsquo;illustration) Contenu de la livraison :Tuyau de gaz inclusSans r\u00e9gulateur \u00a0<\/p>\n","protected":false},"featured_media":87998,"template":"","meta":{"_acf_changed":false},"product_featured_cat":[],"product_brand":[3498],"product_cat":[4535],"product_tag":[],"class_list":{"0":"post-88000","1":"product","2":"type-product","3":"status-publish","4":"has-post-thumbnail","6":"product_brand-hpv","7":"product_cat-chauffages-au-gaz-de-camping","9":"first","10":"instock","11":"taxable","12":"shipping-taxable","13":"purchasable","14":"product-type-simple"},"acf":[],"yoast_head":"<!-- This site is optimized with the Yoast SEO plugin v27.4 - https:\/\/yoast.com\/product\/yoast-seo-wordpress\/ -->\n<title>Chauffage acier inoxydable 50\u00a0mbar max. 4\u00a0kW - Bantam Wankm\u00fcller SA<\/title>\n<meta name=\"robots\" content=\"index, follow, max-snippet:-1, max-image-preview:large, max-video-preview:-1\" \/>\n<link rel=\"canonical\" href=\"https:\/\/shop.bantam.ch\/fr\/produit\/radiateur-mobile-ou-mural\/\" \/>\n<meta property=\"og:locale\" content=\"fr_FR\" \/>\n<meta property=\"og:type\" content=\"article\" \/>\n<meta property=\"og:title\" content=\"Chauffage acier inoxydable 50\u00a0mbar max. 4\u00a0kW - Bantam Wankm\u00fcller SA\" \/>\n<meta property=\"og:description\" content=\"\u00a0 Puissance de chauffage en continu r\u00e9glable jusqu\u2019\u00e0 4 kW Allumage pi\u00e9zo Thermo\u00ads\u00adtat r\u00e9glable (2\u00a0\u2009\u00b0C \u2013 25\u00a0\u00b0C) S\u00e9curit\u00e9 contre le manque d\u2018oxyg\u00e8ne Dimensions \u00e0 l&rsquo;\u00e9tat mont\u00e9 avec pieds (d\u2019apr\u00e8s l&rsquo;illustration) Contenu de la livraison :Tuyau de gaz inclusSans r\u00e9gulateur \u00a0\" \/>\n<meta property=\"og:url\" content=\"https:\/\/shop.bantam.ch\/fr\/produit\/radiateur-mobile-ou-mural\/\" \/>\n<meta property=\"og:site_name\" content=\"Bantam Wankm\u00fcller SA\" \/>\n<meta property=\"article:modified_time\" content=\"2026-04-19T19:26:50+00:00\" \/>\n<meta property=\"og:image\" content=\"https:\/\/shop.bantam.ch\/wp-content\/uploads\/2023\/02\/995524611.jpg\" \/>\n\t<meta property=\"og:image:width\" content=\"391\" \/>\n\t<meta property=\"og:image:height\" content=\"500\" \/>\n\t<meta property=\"og:image:type\" content=\"image\/jpeg\" \/>\n<meta name=\"twitter:card\" content=\"summary_large_image\" \/>\n<script type=\"application\/ld+json\" class=\"yoast-schema-graph\">{\"@context\":\"https:\\\/\\\/schema.org\",\"@graph\":[{\"@type\":\"WebPage\",\"@id\":\"https:\\\/\\\/shop.bantam.ch\\\/fr\\\/produit\\\/radiateur-mobile-ou-mural\\\/\",\"url\":\"https:\\\/\\\/shop.bantam.ch\\\/fr\\\/produit\\\/radiateur-mobile-ou-mural\\\/\",\"name\":\"Chauffage acier inoxydable 50\u00a0mbar max. 4\u00a0kW - Bantam Wankm\u00fcller SA\",\"isPartOf\":{\"@id\":\"https:\\\/\\\/shop.bantam.ch\\\/fr\\\/#website\"},\"primaryImageOfPage\":{\"@id\":\"https:\\\/\\\/shop.bantam.ch\\\/fr\\\/produit\\\/radiateur-mobile-ou-mural\\\/#primaryimage\"},\"image\":{\"@id\":\"https:\\\/\\\/shop.bantam.ch\\\/fr\\\/produit\\\/radiateur-mobile-ou-mural\\\/#primaryimage\"},\"thumbnailUrl\":\"https:\\\/\\\/shop.bantam.ch\\\/wp-content\\\/uploads\\\/2023\\\/02\\\/995524611.jpg\",\"datePublished\":\"2023-02-28T02:13:38+00:00\",\"dateModified\":\"2026-04-19T19:26:50+00:00\",\"breadcrumb\":{\"@id\":\"https:\\\/\\\/shop.bantam.ch\\\/fr\\\/produit\\\/radiateur-mobile-ou-mural\\\/#breadcrumb\"},\"inLanguage\":\"fr-FR\",\"potentialAction\":[{\"@type\":\"ReadAction\",\"target\":[\"https:\\\/\\\/shop.bantam.ch\\\/fr\\\/produit\\\/radiateur-mobile-ou-mural\\\/\"]}]},{\"@type\":\"ImageObject\",\"inLanguage\":\"fr-FR\",\"@id\":\"https:\\\/\\\/shop.bantam.ch\\\/fr\\\/produit\\\/radiateur-mobile-ou-mural\\\/#primaryimage\",\"url\":\"https:\\\/\\\/shop.bantam.ch\\\/wp-content\\\/uploads\\\/2023\\\/02\\\/995524611.jpg\",\"contentUrl\":\"https:\\\/\\\/shop.bantam.ch\\\/wp-content\\\/uploads\\\/2023\\\/02\\\/995524611.jpg\",\"width\":391,\"height\":500},{\"@type\":\"BreadcrumbList\",\"@id\":\"https:\\\/\\\/shop.bantam.ch\\\/fr\\\/produit\\\/radiateur-mobile-ou-mural\\\/#breadcrumb\",\"itemListElement\":[{\"@type\":\"ListItem\",\"position\":1,\"name\":\"Accueil\",\"item\":\"https:\\\/\\\/shop.bantam.ch\\\/fr\\\/\"},{\"@type\":\"ListItem\",\"position\":2,\"name\":\"Boutique\",\"item\":\"https:\\\/\\\/shop.bantam.ch\\\/fr\\\/boutique\\\/\"},{\"@type\":\"ListItem\",\"position\":3,\"name\":\"Chauffage acier inoxydable 50\u00a0mbar max. 4\u00a0kW\"}]},{\"@type\":\"WebSite\",\"@id\":\"https:\\\/\\\/shop.bantam.ch\\\/fr\\\/#website\",\"url\":\"https:\\\/\\\/shop.bantam.ch\\\/fr\\\/\",\"name\":\"Bantam Wankm\u00fcller SA\",\"description\":\"\",\"publisher\":{\"@id\":\"https:\\\/\\\/shop.bantam.ch\\\/fr\\\/#organization\"},\"inLanguage\":\"fr-FR\"},{\"@type\":\"Organization\",\"@id\":\"https:\\\/\\\/shop.bantam.ch\\\/fr\\\/#organization\",\"name\":\"Bantam Wankm\u00fcller SA\",\"url\":\"https:\\\/\\\/shop.bantam.ch\\\/fr\\\/\",\"logo\":{\"@type\":\"ImageObject\",\"inLanguage\":\"fr-FR\",\"@id\":\"https:\\\/\\\/shop.bantam.ch\\\/fr\\\/#\\\/schema\\\/logo\\\/image\\\/\",\"url\":\"https:\\\/\\\/shop.bantam.ch\\\/wp-content\\\/uploads\\\/2022\\\/12\\\/bantam-logo.png\",\"contentUrl\":\"https:\\\/\\\/shop.bantam.ch\\\/wp-content\\\/uploads\\\/2022\\\/12\\\/bantam-logo.png\",\"width\":320,\"height\":71,\"caption\":\"Bantam Wankm\u00fcller SA\"},\"image\":{\"@id\":\"https:\\\/\\\/shop.bantam.ch\\\/fr\\\/#\\\/schema\\\/logo\\\/image\\\/\"}}]}<\/script>\n<!-- \/ Yoast SEO plugin. -->","yoast_head_json":{"title":"Chauffage acier inoxydable 50\u00a0mbar max. 4\u00a0kW - Bantam Wankm\u00fcller SA","robots":{"index":"index","follow":"follow","max-snippet":"max-snippet:-1","max-image-preview":"max-image-preview:large","max-video-preview":"max-video-preview:-1"},"canonical":"https:\/\/shop.bantam.ch\/fr\/produit\/radiateur-mobile-ou-mural\/","og_locale":"fr_FR","og_type":"article","og_title":"Chauffage acier inoxydable 50\u00a0mbar max. 4\u00a0kW - Bantam Wankm\u00fcller SA","og_description":"\u00a0 Puissance de chauffage en continu r\u00e9glable jusqu\u2019\u00e0 4 kW Allumage pi\u00e9zo Thermo\u00ads\u00adtat r\u00e9glable (2\u00a0\u2009\u00b0C \u2013 25\u00a0\u00b0C) S\u00e9curit\u00e9 contre le manque d\u2018oxyg\u00e8ne Dimensions \u00e0 l&rsquo;\u00e9tat mont\u00e9 avec pieds (d\u2019apr\u00e8s l&rsquo;illustration) Contenu de la livraison :Tuyau de gaz inclusSans r\u00e9gulateur \u00a0","og_url":"https:\/\/shop.bantam.ch\/fr\/produit\/radiateur-mobile-ou-mural\/","og_site_name":"Bantam Wankm\u00fcller SA","article_modified_time":"2026-04-19T19:26:50+00:00","og_image":[{"width":391,"height":500,"url":"https:\/\/shop.bantam.ch\/wp-content\/uploads\/2023\/02\/995524611.jpg","type":"image\/jpeg"}],"twitter_card":"summary_large_image","schema":{"@context":"https:\/\/schema.org","@graph":[{"@type":"WebPage","@id":"https:\/\/shop.bantam.ch\/fr\/produit\/radiateur-mobile-ou-mural\/","url":"https:\/\/shop.bantam.ch\/fr\/produit\/radiateur-mobile-ou-mural\/","name":"Chauffage acier inoxydable 50\u00a0mbar max. 4\u00a0kW - Bantam Wankm\u00fcller SA","isPartOf":{"@id":"https:\/\/shop.bantam.ch\/fr\/#website"},"primaryImageOfPage":{"@id":"https:\/\/shop.bantam.ch\/fr\/produit\/radiateur-mobile-ou-mural\/#primaryimage"},"image":{"@id":"https:\/\/shop.bantam.ch\/fr\/produit\/radiateur-mobile-ou-mural\/#primaryimage"},"thumbnailUrl":"https:\/\/shop.bantam.ch\/wp-content\/uploads\/2023\/02\/995524611.jpg","datePublished":"2023-02-28T02:13:38+00:00","dateModified":"2026-04-19T19:26:50+00:00","breadcrumb":{"@id":"https:\/\/shop.bantam.ch\/fr\/produit\/radiateur-mobile-ou-mural\/#breadcrumb"},"inLanguage":"fr-FR","potentialAction":[{"@type":"ReadAction","target":["https:\/\/shop.bantam.ch\/fr\/produit\/radiateur-mobile-ou-mural\/"]}]},{"@type":"ImageObject","inLanguage":"fr-FR","@id":"https:\/\/shop.bantam.ch\/fr\/produit\/radiateur-mobile-ou-mural\/#primaryimage","url":"https:\/\/shop.bantam.ch\/wp-content\/uploads\/2023\/02\/995524611.jpg","contentUrl":"https:\/\/shop.bantam.ch\/wp-content\/uploads\/2023\/02\/995524611.jpg","width":391,"height":500},{"@type":"BreadcrumbList","@id":"https:\/\/shop.bantam.ch\/fr\/produit\/radiateur-mobile-ou-mural\/#breadcrumb","itemListElement":[{"@type":"ListItem","position":1,"name":"Accueil","item":"https:\/\/shop.bantam.ch\/fr\/"},{"@type":"ListItem","position":2,"name":"Boutique","item":"https:\/\/shop.bantam.ch\/fr\/boutique\/"},{"@type":"ListItem","position":3,"name":"Chauffage acier inoxydable 50\u00a0mbar max. 4\u00a0kW"}]},{"@type":"WebSite","@id":"https:\/\/shop.bantam.ch\/fr\/#website","url":"https:\/\/shop.bantam.ch\/fr\/","name":"Bantam Wankm\u00fcller SA","description":"","publisher":{"@id":"https:\/\/shop.bantam.ch\/fr\/#organization"},"inLanguage":"fr-FR"},{"@type":"Organization","@id":"https:\/\/shop.bantam.ch\/fr\/#organization","name":"Bantam Wankm\u00fcller SA","url":"https:\/\/shop.bantam.ch\/fr\/","logo":{"@type":"ImageObject","inLanguage":"fr-FR","@id":"https:\/\/shop.bantam.ch\/fr\/#\/schema\/logo\/image\/","url":"https:\/\/shop.bantam.ch\/wp-content\/uploads\/2022\/12\/bantam-logo.png","contentUrl":"https:\/\/shop.bantam.ch\/wp-content\/uploads\/2022\/12\/bantam-logo.png","width":320,"height":71,"caption":"Bantam Wankm\u00fcller SA"},"image":{"@id":"https:\/\/shop.bantam.ch\/fr\/#\/schema\/logo\/image\/"}}]}},"_links":{"self":[{"href":"https:\/\/shop.bantam.ch\/fr\/wp-json\/wp\/v2\/product\/88000","targetHints":{"allow":["GET"]}}],"collection":[{"href":"https:\/\/shop.bantam.ch\/fr\/wp-json\/wp\/v2\/product"}],"about":[{"href":"https:\/\/shop.bantam.ch\/fr\/wp-json\/wp\/v2\/types\/product"}],"wp:featuredmedia":[{"embeddable":true,"href":"https:\/\/shop.bantam.ch\/fr\/wp-json\/wp\/v2\/media\/87998"}],"wp:attachment":[{"href":"https:\/\/shop.bantam.ch\/fr\/wp-json\/wp\/v2\/media?parent=88000"}],"wp:term":[{"taxonomy":"product_featured_cat","embeddable":true,"href":"https:\/\/shop.bantam.ch\/fr\/wp-json\/wp\/v2\/product_featured_cat?post=88000"},{"taxonomy":"product_brand","embeddable":true,"href":"https:\/\/shop.bantam.ch\/fr\/wp-json\/wp\/v2\/product_brand?post=88000"},{"taxonomy":"product_cat","embeddable":true,"href":"https:\/\/shop.bantam.ch\/fr\/wp-json\/wp\/v2\/product_cat?post=88000"},{"taxonomy":"product_tag","embeddable":true,"href":"https:\/\/shop.bantam.ch\/fr\/wp-json\/wp\/v2\/product_tag?post=88000"}],"curies":[{"name":"wp","href":"https:\/\/api.w.org\/{rel}","templated":true}]}}