{"id":87956,"date":"2023-02-28T03:12:46","date_gmt":"2023-02-28T02:12:46","guid":{"rendered":"http:\/\/shop.bantam.ch\/produit\/barre-de-son\/"},"modified":"2026-05-02T21:24:14","modified_gmt":"2026-05-02T19:24:14","slug":"barre-de-son","status":"publish","type":"product","link":"https:\/\/shop.bantam.ch\/fr\/produit\/barre-de-son\/","title":{"rendered":"Barre de son\u00a0Oyster"},"content":{"rendered":"<p>D\u00e9couvrez les avantages de la barre de son Oyster Soundbar, d\u2019un son impressionnant, avec de nombreuses possibilit\u00e9s de raccordement et son \u00e9l\u00e9gant design. La barre de son Oyster Soundbar est dot\u00e9e d\u2019un syst\u00e8me de haut-parleurs \u00e0 2 voies et vient parfaitement compl\u00e9ter le \u00ab\u00a0t\u00e9l\u00e9viseur Oyster\u00a0\u00bb. En outre, elle est \u00e9galement compatible avec d\u2019autres t\u00e9l\u00e9viseurs. L\u2019installation est simple, la connexion est \u00e9tablie via AUX, COAXIAL ou \u00e9ventuellement via HDMI ARC, ce qui assure un transfert de puissance optimal. Un \u00e9cran affiche la source de signal actuelle, que vous pouvez s\u00e9lectionner en appuyant sur un bouton directement sur la barre de son ou \u00e0 l\u2019aide de la t\u00e9l\u00e9commande. En outre, une lecture directe de la musique \u00e0 partir du smartphone via Bluetooth ou via USB est possible.<\/p>\n<ul>\n<li>Design noble combin\u00e9 \u00e0 un son fort et clair<\/p>\n<\/li>\n<li>Compl\u00e9ment id\u00e9al au t\u00e9l\u00e9viseur \u00ab\u00a0Oyster TV\u00a0\u00bb<\/p>\n<\/li>\n<li>Installation facile<\/p>\n<\/li>\n<li>Affichage de la source de signal actuelle<\/p>\n<\/li>\n<li>3 effets sonores s\u00e9lectionnables (EQ)\u00a0: News, Normal, Music<\/p>\n<\/li>\n<li>T\u00e9l\u00e9commande<\/p>\n<\/li>\n<li>Compatible avec la plupart des t\u00e9l\u00e9viseurs<\/p>\n<\/li>\n<li>Syst\u00e8me de haut-parleurs \u00e0 2 voies<\/p>\n<\/li>\n<li>Connectique\u00a0: COAXIAL, AUX, USB et HDMI ARC<\/p>\n<\/li>\n<li>Puissance sinuso\u00efdale 2 x 10W<\/li>\n<\/ul>\n<p>Contenu de la livraison :<\/p>\n<p>Barre de son, t\u00e9l\u00e9commande, \u00e9querre de montage pour montage direct sur \u00ab\u00a0Oyster\u00ae TV\u00a0\u00bb (19\u201c, 21,5\u201c et 24\u201c), c\u00e2ble AUX, c\u00e2ble coaxial, c\u00e2ble HDMI ARC, adaptateur r\u00e9seau 110\u00a0V &#8230; 240\u00a0V\u00a0CA avec fiche EURO Schuko, c\u00e2ble d\u2019alimentation 12\u00a0V \/ 24\u00a0V.<\/p>\n","protected":false},"excerpt":{"rendered":"<p>D\u00e9couvrez les avantages de la barre de son Oyster Soundbar, d\u2019un son impressionnant, avec de nombreuses possibilit\u00e9s de raccordement et son \u00e9l\u00e9gant design. La barre de son Oyster Soundbar est dot\u00e9e d\u2019un syst\u00e8me de haut-parleurs \u00e0 2 voies et vient parfaitement compl\u00e9ter le \u00ab\u00a0t\u00e9l\u00e9viseur Oyster\u00a0\u00bb. En outre, elle est \u00e9galement compatible avec d\u2019autres t\u00e9l\u00e9viseurs. L\u2019installation [&hellip;]<\/p>\n","protected":false},"featured_media":87950,"template":"","meta":{"_acf_changed":false},"product_featured_cat":[],"product_brand":[3126],"product_cat":[4497],"product_tag":[],"class_list":{"0":"post-87956","1":"product","2":"type-product","3":"status-publish","4":"has-post-thumbnail","6":"product_brand-oyster","7":"product_cat-barres-de-son","9":"first","10":"instock","11":"taxable","12":"shipping-taxable","13":"purchasable","14":"product-type-simple"},"acf":[],"yoast_head":"<!-- This site is optimized with the Yoast SEO plugin v27.5 - https:\/\/yoast.com\/product\/yoast-seo-wordpress\/ -->\n<title>Barre de son\u00a0Oyster - Bantam<\/title>\n<meta name=\"robots\" content=\"index, follow, max-snippet:-1, max-image-preview:large, max-video-preview:-1\" \/>\n<link rel=\"canonical\" href=\"https:\/\/shop.bantam.ch\/fr\/produit\/barre-de-son\/\" \/>\n<meta property=\"og:locale\" content=\"fr_FR\" \/>\n<meta property=\"og:type\" content=\"article\" \/>\n<meta property=\"og:title\" content=\"Barre de son\u00a0Oyster - Bantam\" \/>\n<meta property=\"og:description\" content=\"D\u00e9couvrez les avantages de la barre de son Oyster Soundbar, d\u2019un son impressionnant, avec de nombreuses possibilit\u00e9s de raccordement et son \u00e9l\u00e9gant design. La barre de son Oyster Soundbar est dot\u00e9e d\u2019un syst\u00e8me de haut-parleurs \u00e0 2 voies et vient parfaitement compl\u00e9ter le \u00ab\u00a0t\u00e9l\u00e9viseur Oyster\u00a0\u00bb. En outre, elle est \u00e9galement compatible avec d\u2019autres t\u00e9l\u00e9viseurs. L\u2019installation [&hellip;]\" \/>\n<meta property=\"og:url\" content=\"https:\/\/shop.bantam.ch\/fr\/produit\/barre-de-son\/\" \/>\n<meta property=\"og:site_name\" content=\"Bantam\" \/>\n<meta property=\"article:modified_time\" content=\"2026-05-02T19:24:14+00:00\" \/>\n<meta property=\"og:image\" content=\"https:\/\/shop.bantam.ch\/wp-content\/uploads\/2023\/02\/995517811Va7FqFGgVbQzD-scaled.jpg\" \/>\n\t<meta property=\"og:image:width\" content=\"1024\" \/>\n\t<meta property=\"og:image:height\" content=\"154\" \/>\n\t<meta property=\"og:image:type\" content=\"image\/jpeg\" \/>\n<meta name=\"twitter:card\" content=\"summary_large_image\" \/>\n<meta name=\"twitter:label1\" content=\"Dur\u00e9e de lecture estim\u00e9e\" \/>\n\t<meta name=\"twitter:data1\" content=\"1 minute\" \/>\n<script type=\"application\/ld+json\" class=\"yoast-schema-graph\">{\"@context\":\"https:\\\/\\\/schema.org\",\"@graph\":[{\"@type\":\"WebPage\",\"@id\":\"https:\\\/\\\/shop.bantam.ch\\\/fr\\\/produit\\\/barre-de-son\\\/\",\"url\":\"https:\\\/\\\/shop.bantam.ch\\\/fr\\\/produit\\\/barre-de-son\\\/\",\"name\":\"Barre de son\u00a0Oyster - Bantam\",\"isPartOf\":{\"@id\":\"https:\\\/\\\/shop.bantam.ch\\\/fr\\\/#website\"},\"primaryImageOfPage\":{\"@id\":\"https:\\\/\\\/shop.bantam.ch\\\/fr\\\/produit\\\/barre-de-son\\\/#primaryimage\"},\"image\":{\"@id\":\"https:\\\/\\\/shop.bantam.ch\\\/fr\\\/produit\\\/barre-de-son\\\/#primaryimage\"},\"thumbnailUrl\":\"https:\\\/\\\/shop.bantam.ch\\\/wp-content\\\/uploads\\\/2023\\\/02\\\/995517811Va7FqFGgVbQzD-scaled-scaled.jpg\",\"datePublished\":\"2023-02-28T02:12:46+00:00\",\"dateModified\":\"2026-05-02T19:24:14+00:00\",\"breadcrumb\":{\"@id\":\"https:\\\/\\\/shop.bantam.ch\\\/fr\\\/produit\\\/barre-de-son\\\/#breadcrumb\"},\"inLanguage\":\"fr-FR\",\"potentialAction\":[{\"@type\":\"ReadAction\",\"target\":[\"https:\\\/\\\/shop.bantam.ch\\\/fr\\\/produit\\\/barre-de-son\\\/\"]}]},{\"@type\":\"ImageObject\",\"inLanguage\":\"fr-FR\",\"@id\":\"https:\\\/\\\/shop.bantam.ch\\\/fr\\\/produit\\\/barre-de-son\\\/#primaryimage\",\"url\":\"https:\\\/\\\/shop.bantam.ch\\\/wp-content\\\/uploads\\\/2023\\\/02\\\/995517811Va7FqFGgVbQzD-scaled-scaled.jpg\",\"contentUrl\":\"https:\\\/\\\/shop.bantam.ch\\\/wp-content\\\/uploads\\\/2023\\\/02\\\/995517811Va7FqFGgVbQzD-scaled-scaled.jpg\",\"width\":2048,\"height\":307},{\"@type\":\"BreadcrumbList\",\"@id\":\"https:\\\/\\\/shop.bantam.ch\\\/fr\\\/produit\\\/barre-de-son\\\/#breadcrumb\",\"itemListElement\":[{\"@type\":\"ListItem\",\"position\":1,\"name\":\"Accueil\",\"item\":\"https:\\\/\\\/shop.bantam.ch\\\/fr\\\/\"},{\"@type\":\"ListItem\",\"position\":2,\"name\":\"Boutique\",\"item\":\"https:\\\/\\\/shop.bantam.ch\\\/fr\\\/boutique\\\/\"},{\"@type\":\"ListItem\",\"position\":3,\"name\":\"Barre de son\u00a0Oyster\"}]},{\"@type\":\"WebSite\",\"@id\":\"https:\\\/\\\/shop.bantam.ch\\\/fr\\\/#website\",\"url\":\"https:\\\/\\\/shop.bantam.ch\\\/fr\\\/\",\"name\":\"Bantam\",\"description\":\"\",\"publisher\":{\"@id\":\"https:\\\/\\\/shop.bantam.ch\\\/fr\\\/#organization\"},\"inLanguage\":\"fr-FR\"},{\"@type\":\"Organization\",\"@id\":\"https:\\\/\\\/shop.bantam.ch\\\/fr\\\/#organization\",\"name\":\"Bantam\",\"url\":\"https:\\\/\\\/shop.bantam.ch\\\/fr\\\/\",\"logo\":{\"@type\":\"ImageObject\",\"inLanguage\":\"fr-FR\",\"@id\":\"https:\\\/\\\/shop.bantam.ch\\\/fr\\\/#\\\/schema\\\/logo\\\/image\\\/\",\"url\":\"https:\\\/\\\/shop.bantam.ch\\\/wp-content\\\/uploads\\\/2022\\\/12\\\/bantam-logo.png\",\"contentUrl\":\"https:\\\/\\\/shop.bantam.ch\\\/wp-content\\\/uploads\\\/2022\\\/12\\\/bantam-logo.png\",\"width\":320,\"height\":71,\"caption\":\"Bantam\"},\"image\":{\"@id\":\"https:\\\/\\\/shop.bantam.ch\\\/fr\\\/#\\\/schema\\\/logo\\\/image\\\/\"}}]}<\/script>\n<!-- \/ Yoast SEO plugin. -->","yoast_head_json":{"title":"Barre de son\u00a0Oyster - Bantam","robots":{"index":"index","follow":"follow","max-snippet":"max-snippet:-1","max-image-preview":"max-image-preview:large","max-video-preview":"max-video-preview:-1"},"canonical":"https:\/\/shop.bantam.ch\/fr\/produit\/barre-de-son\/","og_locale":"fr_FR","og_type":"article","og_title":"Barre de son\u00a0Oyster - Bantam","og_description":"D\u00e9couvrez les avantages de la barre de son Oyster Soundbar, d\u2019un son impressionnant, avec de nombreuses possibilit\u00e9s de raccordement et son \u00e9l\u00e9gant design. La barre de son Oyster Soundbar est dot\u00e9e d\u2019un syst\u00e8me de haut-parleurs \u00e0 2 voies et vient parfaitement compl\u00e9ter le \u00ab\u00a0t\u00e9l\u00e9viseur Oyster\u00a0\u00bb. En outre, elle est \u00e9galement compatible avec d\u2019autres t\u00e9l\u00e9viseurs. L\u2019installation [&hellip;]","og_url":"https:\/\/shop.bantam.ch\/fr\/produit\/barre-de-son\/","og_site_name":"Bantam","article_modified_time":"2026-05-02T19:24:14+00:00","og_image":[{"url":"https:\/\/shop.bantam.ch\/wp-content\/uploads\/2023\/02\/995517811Va7FqFGgVbQzD-scaled.jpg","width":1024,"height":154,"type":"image\/jpeg"}],"twitter_card":"summary_large_image","twitter_misc":{"Dur\u00e9e de lecture estim\u00e9e":"1 minute"},"schema":{"@context":"https:\/\/schema.org","@graph":[{"@type":"WebPage","@id":"https:\/\/shop.bantam.ch\/fr\/produit\/barre-de-son\/","url":"https:\/\/shop.bantam.ch\/fr\/produit\/barre-de-son\/","name":"Barre de son\u00a0Oyster - Bantam","isPartOf":{"@id":"https:\/\/shop.bantam.ch\/fr\/#website"},"primaryImageOfPage":{"@id":"https:\/\/shop.bantam.ch\/fr\/produit\/barre-de-son\/#primaryimage"},"image":{"@id":"https:\/\/shop.bantam.ch\/fr\/produit\/barre-de-son\/#primaryimage"},"thumbnailUrl":"https:\/\/shop.bantam.ch\/wp-content\/uploads\/2023\/02\/995517811Va7FqFGgVbQzD-scaled-scaled.jpg","datePublished":"2023-02-28T02:12:46+00:00","dateModified":"2026-05-02T19:24:14+00:00","breadcrumb":{"@id":"https:\/\/shop.bantam.ch\/fr\/produit\/barre-de-son\/#breadcrumb"},"inLanguage":"fr-FR","potentialAction":[{"@type":"ReadAction","target":["https:\/\/shop.bantam.ch\/fr\/produit\/barre-de-son\/"]}]},{"@type":"ImageObject","inLanguage":"fr-FR","@id":"https:\/\/shop.bantam.ch\/fr\/produit\/barre-de-son\/#primaryimage","url":"https:\/\/shop.bantam.ch\/wp-content\/uploads\/2023\/02\/995517811Va7FqFGgVbQzD-scaled-scaled.jpg","contentUrl":"https:\/\/shop.bantam.ch\/wp-content\/uploads\/2023\/02\/995517811Va7FqFGgVbQzD-scaled-scaled.jpg","width":2048,"height":307},{"@type":"BreadcrumbList","@id":"https:\/\/shop.bantam.ch\/fr\/produit\/barre-de-son\/#breadcrumb","itemListElement":[{"@type":"ListItem","position":1,"name":"Accueil","item":"https:\/\/shop.bantam.ch\/fr\/"},{"@type":"ListItem","position":2,"name":"Boutique","item":"https:\/\/shop.bantam.ch\/fr\/boutique\/"},{"@type":"ListItem","position":3,"name":"Barre de son\u00a0Oyster"}]},{"@type":"WebSite","@id":"https:\/\/shop.bantam.ch\/fr\/#website","url":"https:\/\/shop.bantam.ch\/fr\/","name":"Bantam","description":"","publisher":{"@id":"https:\/\/shop.bantam.ch\/fr\/#organization"},"inLanguage":"fr-FR"},{"@type":"Organization","@id":"https:\/\/shop.bantam.ch\/fr\/#organization","name":"Bantam","url":"https:\/\/shop.bantam.ch\/fr\/","logo":{"@type":"ImageObject","inLanguage":"fr-FR","@id":"https:\/\/shop.bantam.ch\/fr\/#\/schema\/logo\/image\/","url":"https:\/\/shop.bantam.ch\/wp-content\/uploads\/2022\/12\/bantam-logo.png","contentUrl":"https:\/\/shop.bantam.ch\/wp-content\/uploads\/2022\/12\/bantam-logo.png","width":320,"height":71,"caption":"Bantam"},"image":{"@id":"https:\/\/shop.bantam.ch\/fr\/#\/schema\/logo\/image\/"}}]}},"_links":{"self":[{"href":"https:\/\/shop.bantam.ch\/fr\/wp-json\/wp\/v2\/product\/87956","targetHints":{"allow":["GET"]}}],"collection":[{"href":"https:\/\/shop.bantam.ch\/fr\/wp-json\/wp\/v2\/product"}],"about":[{"href":"https:\/\/shop.bantam.ch\/fr\/wp-json\/wp\/v2\/types\/product"}],"wp:featuredmedia":[{"embeddable":true,"href":"https:\/\/shop.bantam.ch\/fr\/wp-json\/wp\/v2\/media\/87950"}],"wp:attachment":[{"href":"https:\/\/shop.bantam.ch\/fr\/wp-json\/wp\/v2\/media?parent=87956"}],"wp:term":[{"taxonomy":"product_featured_cat","embeddable":true,"href":"https:\/\/shop.bantam.ch\/fr\/wp-json\/wp\/v2\/product_featured_cat?post=87956"},{"taxonomy":"product_brand","embeddable":true,"href":"https:\/\/shop.bantam.ch\/fr\/wp-json\/wp\/v2\/product_brand?post=87956"},{"taxonomy":"product_cat","embeddable":true,"href":"https:\/\/shop.bantam.ch\/fr\/wp-json\/wp\/v2\/product_cat?post=87956"},{"taxonomy":"product_tag","embeddable":true,"href":"https:\/\/shop.bantam.ch\/fr\/wp-json\/wp\/v2\/product_tag?post=87956"}],"curies":[{"name":"wp","href":"https:\/\/api.w.org\/{rel}","templated":true}]}}