{"id":87734,"date":"2023-02-28T03:08:41","date_gmt":"2023-02-28T02:08:41","guid":{"rendered":"http:\/\/shop.bantam.ch\/produit\/rideau-thermique-pour-porte-arriere-fiat-ducato-2007\/"},"modified":"2026-04-20T22:38:37","modified_gmt":"2026-04-20T20:38:37","slug":"rideau-thermique-pour-porte-arriere-fiat-ducato-2007","status":"publish","type":"product","link":"https:\/\/shop.bantam.ch\/fr\/produit\/rideau-thermique-pour-porte-arriere-fiat-ducato-2007\/","title":{"rendered":"Rideau thermique pour porte arri\u00e8re Fiat Ducato 2007"},"content":{"rendered":"<p>Convient parfaitement pour d\u00e9coupes de porte de la Ducato type 250 apr\u00e8s 2007. Le c\u00f4t\u00e9 ext\u00e9rieur est r\u00e9sistant \u00e0 l\u2018humidit\u00e9. La porte arri\u00e8re s\u2018ouvre facilement de l\u2018ext\u00e9rieur avec deux fermetures \u00e0 glissi\u00e8re.<\/p>\n<p>Mat\u00e9riau :<br \/>velours 100 % polyester<\/p>\n","protected":false},"excerpt":{"rendered":"<p>Convient parfaitement pour d\u00e9coupes de porte de la Ducato type 250 apr\u00e8s 2007. Le c\u00f4t\u00e9 ext\u00e9rieur est r\u00e9sistant \u00e0 l\u2018humidit\u00e9. La porte arri\u00e8re s\u2018ouvre facilement de l\u2018ext\u00e9rieur avec deux fermetures \u00e0 glissi\u00e8re. Mat\u00e9riau :velours 100 % polyester<\/p>\n","protected":false},"featured_media":87722,"template":"","meta":{"_acf_changed":false},"product_featured_cat":[],"product_brand":[3040],"product_cat":[4641],"product_tag":[],"class_list":{"0":"post-87734","1":"product","2":"type-product","3":"status-publish","4":"has-post-thumbnail","6":"product_brand-hindermann","7":"product_cat-matelas-et-rideaux-thermiques","9":"first","10":"instock","11":"taxable","12":"shipping-taxable","13":"purchasable","14":"product-type-variable"},"acf":[],"yoast_head":"<!-- This site is optimized with the Yoast SEO plugin v27.4 - https:\/\/yoast.com\/product\/yoast-seo-wordpress\/ -->\n<title>Rideau thermique pour porte arri\u00e8re Fiat Ducato 2007 - Bantam Wankm\u00fcller SA<\/title>\n<meta name=\"robots\" content=\"index, follow, max-snippet:-1, max-image-preview:large, max-video-preview:-1\" \/>\n<link rel=\"canonical\" href=\"https:\/\/shop.bantam.ch\/fr\/produit\/rideau-thermique-pour-porte-arriere-fiat-ducato-2007\/\" \/>\n<meta property=\"og:locale\" content=\"fr_FR\" \/>\n<meta property=\"og:type\" content=\"article\" \/>\n<meta property=\"og:title\" content=\"Rideau thermique pour porte arri\u00e8re Fiat Ducato 2007 - Bantam Wankm\u00fcller SA\" \/>\n<meta property=\"og:description\" content=\"Convient parfaitement pour d\u00e9coupes de porte de la Ducato type 250 apr\u00e8s 2007. Le c\u00f4t\u00e9 ext\u00e9rieur est r\u00e9sistant \u00e0 l\u2018humidit\u00e9. La porte arri\u00e8re s\u2018ouvre facilement de l\u2018ext\u00e9rieur avec deux fermetures \u00e0 glissi\u00e8re. Mat\u00e9riau :velours 100 % polyester\" \/>\n<meta property=\"og:url\" content=\"https:\/\/shop.bantam.ch\/fr\/produit\/rideau-thermique-pour-porte-arriere-fiat-ducato-2007\/\" \/>\n<meta property=\"og:site_name\" content=\"Bantam Wankm\u00fcller SA\" \/>\n<meta property=\"article:modified_time\" content=\"2026-04-20T20:38:37+00:00\" \/>\n<meta property=\"og:image\" content=\"https:\/\/shop.bantam.ch\/wp-content\/uploads\/2023\/02\/9917711-100-2-3-2.jpg\" \/>\n\t<meta property=\"og:image:width\" content=\"1000\" \/>\n\t<meta property=\"og:image:height\" content=\"667\" \/>\n\t<meta property=\"og:image:type\" content=\"image\/jpeg\" \/>\n<meta name=\"twitter:card\" content=\"summary_large_image\" \/>\n<script type=\"application\/ld+json\" class=\"yoast-schema-graph\">{\"@context\":\"https:\\\/\\\/schema.org\",\"@graph\":[{\"@type\":\"WebPage\",\"@id\":\"https:\\\/\\\/shop.bantam.ch\\\/fr\\\/produit\\\/rideau-thermique-pour-porte-arriere-fiat-ducato-2007\\\/\",\"url\":\"https:\\\/\\\/shop.bantam.ch\\\/fr\\\/produit\\\/rideau-thermique-pour-porte-arriere-fiat-ducato-2007\\\/\",\"name\":\"Rideau thermique pour porte arri\u00e8re Fiat Ducato 2007 - Bantam Wankm\u00fcller SA\",\"isPartOf\":{\"@id\":\"https:\\\/\\\/shop.bantam.ch\\\/fr\\\/#website\"},\"primaryImageOfPage\":{\"@id\":\"https:\\\/\\\/shop.bantam.ch\\\/fr\\\/produit\\\/rideau-thermique-pour-porte-arriere-fiat-ducato-2007\\\/#primaryimage\"},\"image\":{\"@id\":\"https:\\\/\\\/shop.bantam.ch\\\/fr\\\/produit\\\/rideau-thermique-pour-porte-arriere-fiat-ducato-2007\\\/#primaryimage\"},\"thumbnailUrl\":\"https:\\\/\\\/shop.bantam.ch\\\/wp-content\\\/uploads\\\/2023\\\/02\\\/9917711-100-2-3-2.jpg\",\"datePublished\":\"2023-02-28T02:08:41+00:00\",\"dateModified\":\"2026-04-20T20:38:37+00:00\",\"breadcrumb\":{\"@id\":\"https:\\\/\\\/shop.bantam.ch\\\/fr\\\/produit\\\/rideau-thermique-pour-porte-arriere-fiat-ducato-2007\\\/#breadcrumb\"},\"inLanguage\":\"fr-FR\",\"potentialAction\":[{\"@type\":\"ReadAction\",\"target\":[\"https:\\\/\\\/shop.bantam.ch\\\/fr\\\/produit\\\/rideau-thermique-pour-porte-arriere-fiat-ducato-2007\\\/\"]}]},{\"@type\":\"ImageObject\",\"inLanguage\":\"fr-FR\",\"@id\":\"https:\\\/\\\/shop.bantam.ch\\\/fr\\\/produit\\\/rideau-thermique-pour-porte-arriere-fiat-ducato-2007\\\/#primaryimage\",\"url\":\"https:\\\/\\\/shop.bantam.ch\\\/wp-content\\\/uploads\\\/2023\\\/02\\\/9917711-100-2-3-2.jpg\",\"contentUrl\":\"https:\\\/\\\/shop.bantam.ch\\\/wp-content\\\/uploads\\\/2023\\\/02\\\/9917711-100-2-3-2.jpg\",\"width\":1000,\"height\":667},{\"@type\":\"BreadcrumbList\",\"@id\":\"https:\\\/\\\/shop.bantam.ch\\\/fr\\\/produit\\\/rideau-thermique-pour-porte-arriere-fiat-ducato-2007\\\/#breadcrumb\",\"itemListElement\":[{\"@type\":\"ListItem\",\"position\":1,\"name\":\"Accueil\",\"item\":\"https:\\\/\\\/shop.bantam.ch\\\/fr\\\/\"},{\"@type\":\"ListItem\",\"position\":2,\"name\":\"Boutique\",\"item\":\"https:\\\/\\\/shop.bantam.ch\\\/fr\\\/boutique\\\/\"},{\"@type\":\"ListItem\",\"position\":3,\"name\":\"Rideau thermique pour porte arri\u00e8re Fiat Ducato 2007\"}]},{\"@type\":\"WebSite\",\"@id\":\"https:\\\/\\\/shop.bantam.ch\\\/fr\\\/#website\",\"url\":\"https:\\\/\\\/shop.bantam.ch\\\/fr\\\/\",\"name\":\"Bantam Wankm\u00fcller SA\",\"description\":\"\",\"publisher\":{\"@id\":\"https:\\\/\\\/shop.bantam.ch\\\/fr\\\/#organization\"},\"inLanguage\":\"fr-FR\"},{\"@type\":\"Organization\",\"@id\":\"https:\\\/\\\/shop.bantam.ch\\\/fr\\\/#organization\",\"name\":\"Bantam Wankm\u00fcller SA\",\"url\":\"https:\\\/\\\/shop.bantam.ch\\\/fr\\\/\",\"logo\":{\"@type\":\"ImageObject\",\"inLanguage\":\"fr-FR\",\"@id\":\"https:\\\/\\\/shop.bantam.ch\\\/fr\\\/#\\\/schema\\\/logo\\\/image\\\/\",\"url\":\"https:\\\/\\\/shop.bantam.ch\\\/wp-content\\\/uploads\\\/2022\\\/12\\\/bantam-logo.png\",\"contentUrl\":\"https:\\\/\\\/shop.bantam.ch\\\/wp-content\\\/uploads\\\/2022\\\/12\\\/bantam-logo.png\",\"width\":320,\"height\":71,\"caption\":\"Bantam Wankm\u00fcller SA\"},\"image\":{\"@id\":\"https:\\\/\\\/shop.bantam.ch\\\/fr\\\/#\\\/schema\\\/logo\\\/image\\\/\"}}]}<\/script>\n<!-- \/ Yoast SEO plugin. -->","yoast_head_json":{"title":"Rideau thermique pour porte arri\u00e8re Fiat Ducato 2007 - Bantam Wankm\u00fcller SA","robots":{"index":"index","follow":"follow","max-snippet":"max-snippet:-1","max-image-preview":"max-image-preview:large","max-video-preview":"max-video-preview:-1"},"canonical":"https:\/\/shop.bantam.ch\/fr\/produit\/rideau-thermique-pour-porte-arriere-fiat-ducato-2007\/","og_locale":"fr_FR","og_type":"article","og_title":"Rideau thermique pour porte arri\u00e8re Fiat Ducato 2007 - Bantam Wankm\u00fcller SA","og_description":"Convient parfaitement pour d\u00e9coupes de porte de la Ducato type 250 apr\u00e8s 2007. Le c\u00f4t\u00e9 ext\u00e9rieur est r\u00e9sistant \u00e0 l\u2018humidit\u00e9. La porte arri\u00e8re s\u2018ouvre facilement de l\u2018ext\u00e9rieur avec deux fermetures \u00e0 glissi\u00e8re. Mat\u00e9riau :velours 100 % polyester","og_url":"https:\/\/shop.bantam.ch\/fr\/produit\/rideau-thermique-pour-porte-arriere-fiat-ducato-2007\/","og_site_name":"Bantam Wankm\u00fcller SA","article_modified_time":"2026-04-20T20:38:37+00:00","og_image":[{"width":1000,"height":667,"url":"https:\/\/shop.bantam.ch\/wp-content\/uploads\/2023\/02\/9917711-100-2-3-2.jpg","type":"image\/jpeg"}],"twitter_card":"summary_large_image","schema":{"@context":"https:\/\/schema.org","@graph":[{"@type":"WebPage","@id":"https:\/\/shop.bantam.ch\/fr\/produit\/rideau-thermique-pour-porte-arriere-fiat-ducato-2007\/","url":"https:\/\/shop.bantam.ch\/fr\/produit\/rideau-thermique-pour-porte-arriere-fiat-ducato-2007\/","name":"Rideau thermique pour porte arri\u00e8re Fiat Ducato 2007 - Bantam Wankm\u00fcller SA","isPartOf":{"@id":"https:\/\/shop.bantam.ch\/fr\/#website"},"primaryImageOfPage":{"@id":"https:\/\/shop.bantam.ch\/fr\/produit\/rideau-thermique-pour-porte-arriere-fiat-ducato-2007\/#primaryimage"},"image":{"@id":"https:\/\/shop.bantam.ch\/fr\/produit\/rideau-thermique-pour-porte-arriere-fiat-ducato-2007\/#primaryimage"},"thumbnailUrl":"https:\/\/shop.bantam.ch\/wp-content\/uploads\/2023\/02\/9917711-100-2-3-2.jpg","datePublished":"2023-02-28T02:08:41+00:00","dateModified":"2026-04-20T20:38:37+00:00","breadcrumb":{"@id":"https:\/\/shop.bantam.ch\/fr\/produit\/rideau-thermique-pour-porte-arriere-fiat-ducato-2007\/#breadcrumb"},"inLanguage":"fr-FR","potentialAction":[{"@type":"ReadAction","target":["https:\/\/shop.bantam.ch\/fr\/produit\/rideau-thermique-pour-porte-arriere-fiat-ducato-2007\/"]}]},{"@type":"ImageObject","inLanguage":"fr-FR","@id":"https:\/\/shop.bantam.ch\/fr\/produit\/rideau-thermique-pour-porte-arriere-fiat-ducato-2007\/#primaryimage","url":"https:\/\/shop.bantam.ch\/wp-content\/uploads\/2023\/02\/9917711-100-2-3-2.jpg","contentUrl":"https:\/\/shop.bantam.ch\/wp-content\/uploads\/2023\/02\/9917711-100-2-3-2.jpg","width":1000,"height":667},{"@type":"BreadcrumbList","@id":"https:\/\/shop.bantam.ch\/fr\/produit\/rideau-thermique-pour-porte-arriere-fiat-ducato-2007\/#breadcrumb","itemListElement":[{"@type":"ListItem","position":1,"name":"Accueil","item":"https:\/\/shop.bantam.ch\/fr\/"},{"@type":"ListItem","position":2,"name":"Boutique","item":"https:\/\/shop.bantam.ch\/fr\/boutique\/"},{"@type":"ListItem","position":3,"name":"Rideau thermique pour porte arri\u00e8re Fiat Ducato 2007"}]},{"@type":"WebSite","@id":"https:\/\/shop.bantam.ch\/fr\/#website","url":"https:\/\/shop.bantam.ch\/fr\/","name":"Bantam Wankm\u00fcller SA","description":"","publisher":{"@id":"https:\/\/shop.bantam.ch\/fr\/#organization"},"inLanguage":"fr-FR"},{"@type":"Organization","@id":"https:\/\/shop.bantam.ch\/fr\/#organization","name":"Bantam Wankm\u00fcller SA","url":"https:\/\/shop.bantam.ch\/fr\/","logo":{"@type":"ImageObject","inLanguage":"fr-FR","@id":"https:\/\/shop.bantam.ch\/fr\/#\/schema\/logo\/image\/","url":"https:\/\/shop.bantam.ch\/wp-content\/uploads\/2022\/12\/bantam-logo.png","contentUrl":"https:\/\/shop.bantam.ch\/wp-content\/uploads\/2022\/12\/bantam-logo.png","width":320,"height":71,"caption":"Bantam Wankm\u00fcller SA"},"image":{"@id":"https:\/\/shop.bantam.ch\/fr\/#\/schema\/logo\/image\/"}}]}},"_links":{"self":[{"href":"https:\/\/shop.bantam.ch\/fr\/wp-json\/wp\/v2\/product\/87734","targetHints":{"allow":["GET"]}}],"collection":[{"href":"https:\/\/shop.bantam.ch\/fr\/wp-json\/wp\/v2\/product"}],"about":[{"href":"https:\/\/shop.bantam.ch\/fr\/wp-json\/wp\/v2\/types\/product"}],"wp:featuredmedia":[{"embeddable":true,"href":"https:\/\/shop.bantam.ch\/fr\/wp-json\/wp\/v2\/media\/87722"}],"wp:attachment":[{"href":"https:\/\/shop.bantam.ch\/fr\/wp-json\/wp\/v2\/media?parent=87734"}],"wp:term":[{"taxonomy":"product_featured_cat","embeddable":true,"href":"https:\/\/shop.bantam.ch\/fr\/wp-json\/wp\/v2\/product_featured_cat?post=87734"},{"taxonomy":"product_brand","embeddable":true,"href":"https:\/\/shop.bantam.ch\/fr\/wp-json\/wp\/v2\/product_brand?post=87734"},{"taxonomy":"product_cat","embeddable":true,"href":"https:\/\/shop.bantam.ch\/fr\/wp-json\/wp\/v2\/product_cat?post=87734"},{"taxonomy":"product_tag","embeddable":true,"href":"https:\/\/shop.bantam.ch\/fr\/wp-json\/wp\/v2\/product_tag?post=87734"}],"curies":[{"name":"wp","href":"https:\/\/api.w.org\/{rel}","templated":true}]}}