{"id":87672,"date":"2023-02-28T03:07:44","date_gmt":"2023-02-28T02:07:44","guid":{"rendered":"http:\/\/shop.bantam.ch\/produit\/ressort-pneumatique-supplementaire-pour-mercedes-sprinter-vw-crafter-a-partir-de-2006\/"},"modified":"2026-04-17T22:37:11","modified_gmt":"2026-04-17T20:37:11","slug":"ressort-pneumatique-supplementaire-pour-mercedes-sprinter-vw-crafter-a-partir-de-2006","status":"publish","type":"product","link":"https:\/\/shop.bantam.ch\/fr\/produit\/ressort-pneumatique-supplementaire-pour-mercedes-sprinter-vw-crafter-a-partir-de-2006\/","title":{"rendered":"Ressort pneumatique suppl\u00e9mentaire pour Mercedes Sprinter \/ VW Crafter \u00e0 partir de 2006"},"content":{"rendered":"<p>Les ressorts pneumatiques additionnels de Goldschmitt sont mont\u00e9s entre le ch\u00e2ssis du v\u00e9hicule et les essieux et renforcent et compl\u00e8tent les ressorts en acier standard et apportent ainsi plus de confort et de s\u00e9curit\u00e9 au niveau du ch\u00e2ssis. Les soufflets haut de gamme compensent les diff\u00e9rences de chargement, am\u00e9liorent la tenue de route et permettent, le cas \u00e9ch\u00e9ant, de soulever l\u2018arri\u00e8re du v\u00e9hicule.  La charge peut atteindre 2 500 kg selon la version et le type de soufflet. Si la charge utile standard n\u2018est pas suffisante, une augmentation de la charge utile est possible pour les mod\u00e8les de transporteur courants. La haute qualit\u00e9 et une exp\u00e9rience de longue date garantissent un comportement dynamique r\u00e9fl\u00e9chi et nettement plus de s\u00e9curit\u00e9 &#8211; \u00e9galement et surtout pour les camping-cars se situant dans la zone imite de charge utile.<\/p>\n<p>Pour les v\u00e9hicules avec une charge sur l\u2018essieu arri\u00e8re importante, les ressorts en acier standard sont souvent d\u00e9pass\u00e9s &#8211; le v\u00e9hicule finit par s\u2018affaisser. Les ressorts pneumatiques additionnels \u00e9l\u00e8vent l\u2018arri\u00e8re du v\u00e9hicule et assurent ainsi un d\u00e9battement suffisant et une adaptation flexible des caract\u00e9ristiques \u00e9lastiques.<\/p>\n","protected":false},"excerpt":{"rendered":"<p>Les ressorts pneumatiques additionnels de Goldschmitt sont mont\u00e9s entre le ch\u00e2ssis du v\u00e9hicule et les essieux et renforcent et compl\u00e8tent les ressorts en acier standard et apportent ainsi plus de confort et de s\u00e9curit\u00e9 au niveau du ch\u00e2ssis. Les soufflets haut de gamme compensent les diff\u00e9rences de chargement, am\u00e9liorent la tenue de route et permettent, [&hellip;]<\/p>\n","protected":false},"featured_media":87666,"template":"","meta":{"_acf_changed":false},"product_featured_cat":[],"product_brand":[3270],"product_cat":[4807],"product_tag":[],"class_list":{"0":"post-87672","1":"product","2":"type-product","3":"status-publish","4":"has-post-thumbnail","6":"product_brand-goldschmitt","7":"product_cat-suspensions-pneumatiques","9":"first","10":"instock","11":"taxable","12":"shipping-taxable","13":"purchasable","14":"product-type-variable"},"acf":[],"yoast_head":"<!-- This site is optimized with the Yoast SEO plugin v27.4 - https:\/\/yoast.com\/product\/yoast-seo-wordpress\/ -->\n<title>Ressort pneumatique suppl\u00e9mentaire pour Mercedes Sprinter \/ VW Crafter \u00e0 partir de 2006 - Bantam Wankm\u00fcller SA<\/title>\n<meta name=\"robots\" content=\"index, follow, max-snippet:-1, max-image-preview:large, max-video-preview:-1\" \/>\n<link rel=\"canonical\" href=\"https:\/\/shop.bantam.ch\/fr\/produit\/ressort-pneumatique-supplementaire-pour-mercedes-sprinter-vw-crafter-a-partir-de-2006\/\" \/>\n<meta property=\"og:locale\" content=\"fr_FR\" \/>\n<meta property=\"og:type\" content=\"article\" \/>\n<meta property=\"og:title\" content=\"Ressort pneumatique suppl\u00e9mentaire pour Mercedes Sprinter \/ VW Crafter \u00e0 partir de 2006 - Bantam Wankm\u00fcller SA\" \/>\n<meta property=\"og:description\" content=\"Les ressorts pneumatiques additionnels de Goldschmitt sont mont\u00e9s entre le ch\u00e2ssis du v\u00e9hicule et les essieux et renforcent et compl\u00e8tent les ressorts en acier standard et apportent ainsi plus de confort et de s\u00e9curit\u00e9 au niveau du ch\u00e2ssis. Les soufflets haut de gamme compensent les diff\u00e9rences de chargement, am\u00e9liorent la tenue de route et permettent, [&hellip;]\" \/>\n<meta property=\"og:url\" content=\"https:\/\/shop.bantam.ch\/fr\/produit\/ressort-pneumatique-supplementaire-pour-mercedes-sprinter-vw-crafter-a-partir-de-2006\/\" \/>\n<meta property=\"og:site_name\" content=\"Bantam Wankm\u00fcller SA\" \/>\n<meta property=\"article:modified_time\" content=\"2026-04-17T20:37:11+00:00\" \/>\n<meta property=\"og:image\" content=\"https:\/\/shop.bantam.ch\/wp-content\/uploads\/2023\/02\/9930319-Zusatzluftfeder_Hinterachse_fuer_Mercedes_Benz-Standard-01.jpg\" \/>\n\t<meta property=\"og:image:width\" content=\"1000\" \/>\n\t<meta property=\"og:image:height\" content=\"519\" \/>\n\t<meta property=\"og:image:type\" content=\"image\/jpeg\" \/>\n<meta name=\"twitter:card\" content=\"summary_large_image\" \/>\n<meta name=\"twitter:label1\" content=\"Dur\u00e9e de lecture estim\u00e9e\" \/>\n\t<meta name=\"twitter:data1\" content=\"1 minute\" \/>\n<script type=\"application\/ld+json\" class=\"yoast-schema-graph\">{\"@context\":\"https:\\\/\\\/schema.org\",\"@graph\":[{\"@type\":\"WebPage\",\"@id\":\"https:\\\/\\\/shop.bantam.ch\\\/fr\\\/produit\\\/ressort-pneumatique-supplementaire-pour-mercedes-sprinter-vw-crafter-a-partir-de-2006\\\/\",\"url\":\"https:\\\/\\\/shop.bantam.ch\\\/fr\\\/produit\\\/ressort-pneumatique-supplementaire-pour-mercedes-sprinter-vw-crafter-a-partir-de-2006\\\/\",\"name\":\"Ressort pneumatique suppl\u00e9mentaire pour Mercedes Sprinter \\\/ VW Crafter \u00e0 partir de 2006 - Bantam Wankm\u00fcller SA\",\"isPartOf\":{\"@id\":\"https:\\\/\\\/shop.bantam.ch\\\/fr\\\/#website\"},\"primaryImageOfPage\":{\"@id\":\"https:\\\/\\\/shop.bantam.ch\\\/fr\\\/produit\\\/ressort-pneumatique-supplementaire-pour-mercedes-sprinter-vw-crafter-a-partir-de-2006\\\/#primaryimage\"},\"image\":{\"@id\":\"https:\\\/\\\/shop.bantam.ch\\\/fr\\\/produit\\\/ressort-pneumatique-supplementaire-pour-mercedes-sprinter-vw-crafter-a-partir-de-2006\\\/#primaryimage\"},\"thumbnailUrl\":\"https:\\\/\\\/shop.bantam.ch\\\/wp-content\\\/uploads\\\/2023\\\/02\\\/9930319-Zusatzluftfeder_Hinterachse_fuer_Mercedes_Benz-Standard-01.jpg\",\"datePublished\":\"2023-02-28T02:07:44+00:00\",\"dateModified\":\"2026-04-17T20:37:11+00:00\",\"breadcrumb\":{\"@id\":\"https:\\\/\\\/shop.bantam.ch\\\/fr\\\/produit\\\/ressort-pneumatique-supplementaire-pour-mercedes-sprinter-vw-crafter-a-partir-de-2006\\\/#breadcrumb\"},\"inLanguage\":\"fr-FR\",\"potentialAction\":[{\"@type\":\"ReadAction\",\"target\":[\"https:\\\/\\\/shop.bantam.ch\\\/fr\\\/produit\\\/ressort-pneumatique-supplementaire-pour-mercedes-sprinter-vw-crafter-a-partir-de-2006\\\/\"]}]},{\"@type\":\"ImageObject\",\"inLanguage\":\"fr-FR\",\"@id\":\"https:\\\/\\\/shop.bantam.ch\\\/fr\\\/produit\\\/ressort-pneumatique-supplementaire-pour-mercedes-sprinter-vw-crafter-a-partir-de-2006\\\/#primaryimage\",\"url\":\"https:\\\/\\\/shop.bantam.ch\\\/wp-content\\\/uploads\\\/2023\\\/02\\\/9930319-Zusatzluftfeder_Hinterachse_fuer_Mercedes_Benz-Standard-01.jpg\",\"contentUrl\":\"https:\\\/\\\/shop.bantam.ch\\\/wp-content\\\/uploads\\\/2023\\\/02\\\/9930319-Zusatzluftfeder_Hinterachse_fuer_Mercedes_Benz-Standard-01.jpg\",\"width\":1000,\"height\":519},{\"@type\":\"BreadcrumbList\",\"@id\":\"https:\\\/\\\/shop.bantam.ch\\\/fr\\\/produit\\\/ressort-pneumatique-supplementaire-pour-mercedes-sprinter-vw-crafter-a-partir-de-2006\\\/#breadcrumb\",\"itemListElement\":[{\"@type\":\"ListItem\",\"position\":1,\"name\":\"Accueil\",\"item\":\"https:\\\/\\\/shop.bantam.ch\\\/fr\\\/\"},{\"@type\":\"ListItem\",\"position\":2,\"name\":\"Boutique\",\"item\":\"https:\\\/\\\/shop.bantam.ch\\\/fr\\\/boutique\\\/\"},{\"@type\":\"ListItem\",\"position\":3,\"name\":\"Ressort pneumatique suppl\u00e9mentaire pour Mercedes Sprinter \\\/ VW Crafter \u00e0 partir de 2006\"}]},{\"@type\":\"WebSite\",\"@id\":\"https:\\\/\\\/shop.bantam.ch\\\/fr\\\/#website\",\"url\":\"https:\\\/\\\/shop.bantam.ch\\\/fr\\\/\",\"name\":\"Bantam Wankm\u00fcller SA\",\"description\":\"\",\"publisher\":{\"@id\":\"https:\\\/\\\/shop.bantam.ch\\\/fr\\\/#organization\"},\"inLanguage\":\"fr-FR\"},{\"@type\":\"Organization\",\"@id\":\"https:\\\/\\\/shop.bantam.ch\\\/fr\\\/#organization\",\"name\":\"Bantam Wankm\u00fcller SA\",\"url\":\"https:\\\/\\\/shop.bantam.ch\\\/fr\\\/\",\"logo\":{\"@type\":\"ImageObject\",\"inLanguage\":\"fr-FR\",\"@id\":\"https:\\\/\\\/shop.bantam.ch\\\/fr\\\/#\\\/schema\\\/logo\\\/image\\\/\",\"url\":\"https:\\\/\\\/shop.bantam.ch\\\/wp-content\\\/uploads\\\/2022\\\/12\\\/bantam-logo.png\",\"contentUrl\":\"https:\\\/\\\/shop.bantam.ch\\\/wp-content\\\/uploads\\\/2022\\\/12\\\/bantam-logo.png\",\"width\":320,\"height\":71,\"caption\":\"Bantam Wankm\u00fcller SA\"},\"image\":{\"@id\":\"https:\\\/\\\/shop.bantam.ch\\\/fr\\\/#\\\/schema\\\/logo\\\/image\\\/\"}}]}<\/script>\n<!-- \/ Yoast SEO plugin. -->","yoast_head_json":{"title":"Ressort pneumatique suppl\u00e9mentaire pour Mercedes Sprinter \/ VW Crafter \u00e0 partir de 2006 - Bantam Wankm\u00fcller SA","robots":{"index":"index","follow":"follow","max-snippet":"max-snippet:-1","max-image-preview":"max-image-preview:large","max-video-preview":"max-video-preview:-1"},"canonical":"https:\/\/shop.bantam.ch\/fr\/produit\/ressort-pneumatique-supplementaire-pour-mercedes-sprinter-vw-crafter-a-partir-de-2006\/","og_locale":"fr_FR","og_type":"article","og_title":"Ressort pneumatique suppl\u00e9mentaire pour Mercedes Sprinter \/ VW Crafter \u00e0 partir de 2006 - Bantam Wankm\u00fcller SA","og_description":"Les ressorts pneumatiques additionnels de Goldschmitt sont mont\u00e9s entre le ch\u00e2ssis du v\u00e9hicule et les essieux et renforcent et compl\u00e8tent les ressorts en acier standard et apportent ainsi plus de confort et de s\u00e9curit\u00e9 au niveau du ch\u00e2ssis. Les soufflets haut de gamme compensent les diff\u00e9rences de chargement, am\u00e9liorent la tenue de route et permettent, [&hellip;]","og_url":"https:\/\/shop.bantam.ch\/fr\/produit\/ressort-pneumatique-supplementaire-pour-mercedes-sprinter-vw-crafter-a-partir-de-2006\/","og_site_name":"Bantam Wankm\u00fcller SA","article_modified_time":"2026-04-17T20:37:11+00:00","og_image":[{"width":1000,"height":519,"url":"https:\/\/shop.bantam.ch\/wp-content\/uploads\/2023\/02\/9930319-Zusatzluftfeder_Hinterachse_fuer_Mercedes_Benz-Standard-01.jpg","type":"image\/jpeg"}],"twitter_card":"summary_large_image","twitter_misc":{"Dur\u00e9e de lecture estim\u00e9e":"1 minute"},"schema":{"@context":"https:\/\/schema.org","@graph":[{"@type":"WebPage","@id":"https:\/\/shop.bantam.ch\/fr\/produit\/ressort-pneumatique-supplementaire-pour-mercedes-sprinter-vw-crafter-a-partir-de-2006\/","url":"https:\/\/shop.bantam.ch\/fr\/produit\/ressort-pneumatique-supplementaire-pour-mercedes-sprinter-vw-crafter-a-partir-de-2006\/","name":"Ressort pneumatique suppl\u00e9mentaire pour Mercedes Sprinter \/ VW Crafter \u00e0 partir de 2006 - Bantam Wankm\u00fcller SA","isPartOf":{"@id":"https:\/\/shop.bantam.ch\/fr\/#website"},"primaryImageOfPage":{"@id":"https:\/\/shop.bantam.ch\/fr\/produit\/ressort-pneumatique-supplementaire-pour-mercedes-sprinter-vw-crafter-a-partir-de-2006\/#primaryimage"},"image":{"@id":"https:\/\/shop.bantam.ch\/fr\/produit\/ressort-pneumatique-supplementaire-pour-mercedes-sprinter-vw-crafter-a-partir-de-2006\/#primaryimage"},"thumbnailUrl":"https:\/\/shop.bantam.ch\/wp-content\/uploads\/2023\/02\/9930319-Zusatzluftfeder_Hinterachse_fuer_Mercedes_Benz-Standard-01.jpg","datePublished":"2023-02-28T02:07:44+00:00","dateModified":"2026-04-17T20:37:11+00:00","breadcrumb":{"@id":"https:\/\/shop.bantam.ch\/fr\/produit\/ressort-pneumatique-supplementaire-pour-mercedes-sprinter-vw-crafter-a-partir-de-2006\/#breadcrumb"},"inLanguage":"fr-FR","potentialAction":[{"@type":"ReadAction","target":["https:\/\/shop.bantam.ch\/fr\/produit\/ressort-pneumatique-supplementaire-pour-mercedes-sprinter-vw-crafter-a-partir-de-2006\/"]}]},{"@type":"ImageObject","inLanguage":"fr-FR","@id":"https:\/\/shop.bantam.ch\/fr\/produit\/ressort-pneumatique-supplementaire-pour-mercedes-sprinter-vw-crafter-a-partir-de-2006\/#primaryimage","url":"https:\/\/shop.bantam.ch\/wp-content\/uploads\/2023\/02\/9930319-Zusatzluftfeder_Hinterachse_fuer_Mercedes_Benz-Standard-01.jpg","contentUrl":"https:\/\/shop.bantam.ch\/wp-content\/uploads\/2023\/02\/9930319-Zusatzluftfeder_Hinterachse_fuer_Mercedes_Benz-Standard-01.jpg","width":1000,"height":519},{"@type":"BreadcrumbList","@id":"https:\/\/shop.bantam.ch\/fr\/produit\/ressort-pneumatique-supplementaire-pour-mercedes-sprinter-vw-crafter-a-partir-de-2006\/#breadcrumb","itemListElement":[{"@type":"ListItem","position":1,"name":"Accueil","item":"https:\/\/shop.bantam.ch\/fr\/"},{"@type":"ListItem","position":2,"name":"Boutique","item":"https:\/\/shop.bantam.ch\/fr\/boutique\/"},{"@type":"ListItem","position":3,"name":"Ressort pneumatique suppl\u00e9mentaire pour Mercedes Sprinter \/ VW Crafter \u00e0 partir de 2006"}]},{"@type":"WebSite","@id":"https:\/\/shop.bantam.ch\/fr\/#website","url":"https:\/\/shop.bantam.ch\/fr\/","name":"Bantam Wankm\u00fcller SA","description":"","publisher":{"@id":"https:\/\/shop.bantam.ch\/fr\/#organization"},"inLanguage":"fr-FR"},{"@type":"Organization","@id":"https:\/\/shop.bantam.ch\/fr\/#organization","name":"Bantam Wankm\u00fcller SA","url":"https:\/\/shop.bantam.ch\/fr\/","logo":{"@type":"ImageObject","inLanguage":"fr-FR","@id":"https:\/\/shop.bantam.ch\/fr\/#\/schema\/logo\/image\/","url":"https:\/\/shop.bantam.ch\/wp-content\/uploads\/2022\/12\/bantam-logo.png","contentUrl":"https:\/\/shop.bantam.ch\/wp-content\/uploads\/2022\/12\/bantam-logo.png","width":320,"height":71,"caption":"Bantam Wankm\u00fcller SA"},"image":{"@id":"https:\/\/shop.bantam.ch\/fr\/#\/schema\/logo\/image\/"}}]}},"_links":{"self":[{"href":"https:\/\/shop.bantam.ch\/fr\/wp-json\/wp\/v2\/product\/87672","targetHints":{"allow":["GET"]}}],"collection":[{"href":"https:\/\/shop.bantam.ch\/fr\/wp-json\/wp\/v2\/product"}],"about":[{"href":"https:\/\/shop.bantam.ch\/fr\/wp-json\/wp\/v2\/types\/product"}],"wp:featuredmedia":[{"embeddable":true,"href":"https:\/\/shop.bantam.ch\/fr\/wp-json\/wp\/v2\/media\/87666"}],"wp:attachment":[{"href":"https:\/\/shop.bantam.ch\/fr\/wp-json\/wp\/v2\/media?parent=87672"}],"wp:term":[{"taxonomy":"product_featured_cat","embeddable":true,"href":"https:\/\/shop.bantam.ch\/fr\/wp-json\/wp\/v2\/product_featured_cat?post=87672"},{"taxonomy":"product_brand","embeddable":true,"href":"https:\/\/shop.bantam.ch\/fr\/wp-json\/wp\/v2\/product_brand?post=87672"},{"taxonomy":"product_cat","embeddable":true,"href":"https:\/\/shop.bantam.ch\/fr\/wp-json\/wp\/v2\/product_cat?post=87672"},{"taxonomy":"product_tag","embeddable":true,"href":"https:\/\/shop.bantam.ch\/fr\/wp-json\/wp\/v2\/product_tag?post=87672"}],"curies":[{"name":"wp","href":"https:\/\/api.w.org\/{rel}","templated":true}]}}