{"id":87400,"date":"2023-02-28T03:03:34","date_gmt":"2023-02-28T02:03:34","guid":{"rendered":"http:\/\/shop.bantam.ch\/produit\/retroviseur-special-pour-caravane-mazda\/"},"modified":"2026-04-18T22:38:29","modified_gmt":"2026-04-18T20:38:29","slug":"retroviseur-special-pour-caravane-mazda","status":"publish","type":"product","link":"https:\/\/shop.bantam.ch\/fr\/produit\/retroviseur-special-pour-caravane-mazda\/","title":{"rendered":"R\u00e9troviseur sp\u00e9cial pour caravane Mazda"},"content":{"rendered":"<p>Un support en fonte d&rsquo;aluminium amortissant les vibrations, sp\u00e9cifique au v\u00e9hicule, garantit un ajustement parfait et pr\u00e9cis avec quasiment aucune vibration. <br \/>NOUVEAU : disponible \u00e9galement dans un coloris assorti \u00e0 la carrosserie du v\u00e9hicule<\/p>\n<p>Tous les r\u00e9troviseurs sp\u00e9ciaux pour caravane pr\u00e9sent\u00e9s sont \u00e9galement disponibles dans la couleur du v\u00e9hicule (suppl\u00e9ment de 68,25 EUR). D\u00e9lai de livraison env. 15 jours ouvrables. Adressez-vous \u00e0 votre revendeur sp\u00e9cialis\u00e9.<\/p>\n<p>Vos avantages\u00a0: Les r\u00e9troviseurs EMUK peuvent \u00eatre install\u00e9s c\u00f4t\u00e9 conducteur ou passager et offrent un reflet clair et sans vibrations, ainsi qu\u2019un large champ de vision. Ils sont homologu\u00e9s CEE, un gage de s\u00fbret\u00e9 et de fiabilit\u00e9.<\/p>\n","protected":false},"excerpt":{"rendered":"<p>Un support en fonte d&rsquo;aluminium amortissant les vibrations, sp\u00e9cifique au v\u00e9hicule, garantit un ajustement parfait et pr\u00e9cis avec quasiment aucune vibration. NOUVEAU : disponible \u00e9galement dans un coloris assorti \u00e0 la carrosserie du v\u00e9hicule Tous les r\u00e9troviseurs sp\u00e9ciaux pour caravane pr\u00e9sent\u00e9s sont \u00e9galement disponibles dans la couleur du v\u00e9hicule (suppl\u00e9ment de 68,25 EUR). D\u00e9lai de [&hellip;]<\/p>\n","protected":false},"featured_media":87398,"template":"","meta":{"_acf_changed":false},"product_featured_cat":[],"product_brand":[3144],"product_cat":[4831],"product_tag":[],"class_list":{"0":"post-87400","1":"product","2":"type-product","3":"status-publish","4":"has-post-thumbnail","6":"product_brand-emuk","7":"product_cat-retroviseurs-de-caravane","9":"first","10":"instock","11":"taxable","12":"shipping-taxable","13":"purchasable","14":"product-type-variable"},"acf":[],"yoast_head":"<!-- This site is optimized with the Yoast SEO plugin v27.4 - https:\/\/yoast.com\/product\/yoast-seo-wordpress\/ -->\n<title>R\u00e9troviseur sp\u00e9cial pour caravane Mazda - Bantam Wankm\u00fcller SA<\/title>\n<meta name=\"robots\" content=\"index, follow, max-snippet:-1, max-image-preview:large, max-video-preview:-1\" \/>\n<link rel=\"canonical\" href=\"https:\/\/shop.bantam.ch\/fr\/produit\/retroviseur-special-pour-caravane-mazda\/\" \/>\n<meta property=\"og:locale\" content=\"fr_FR\" \/>\n<meta property=\"og:type\" content=\"article\" \/>\n<meta property=\"og:title\" content=\"R\u00e9troviseur sp\u00e9cial pour caravane Mazda - Bantam Wankm\u00fcller SA\" \/>\n<meta property=\"og:description\" content=\"Un support en fonte d&rsquo;aluminium amortissant les vibrations, sp\u00e9cifique au v\u00e9hicule, garantit un ajustement parfait et pr\u00e9cis avec quasiment aucune vibration. NOUVEAU : disponible \u00e9galement dans un coloris assorti \u00e0 la carrosserie du v\u00e9hicule Tous les r\u00e9troviseurs sp\u00e9ciaux pour caravane pr\u00e9sent\u00e9s sont \u00e9galement disponibles dans la couleur du v\u00e9hicule (suppl\u00e9ment de 68,25 EUR). D\u00e9lai de [&hellip;]\" \/>\n<meta property=\"og:url\" content=\"https:\/\/shop.bantam.ch\/fr\/produit\/retroviseur-special-pour-caravane-mazda\/\" \/>\n<meta property=\"og:site_name\" content=\"Bantam Wankm\u00fcller SA\" \/>\n<meta property=\"article:modified_time\" content=\"2026-04-18T20:38:29+00:00\" \/>\n<meta property=\"og:image\" content=\"https:\/\/shop.bantam.ch\/wp-content\/uploads\/2023\/02\/9981056-Spiegel_3er_BMW_F30_Bj_2012_1er_F20_ab_2010_X1_Modell_E84_LCI_Facelift_2007_bis_2012-Standard-01-1.jpg\" \/>\n\t<meta property=\"og:image:width\" content=\"1000\" \/>\n\t<meta property=\"og:image:height\" content=\"814\" \/>\n\t<meta property=\"og:image:type\" content=\"image\/jpeg\" \/>\n<meta name=\"twitter:card\" content=\"summary_large_image\" \/>\n<meta name=\"twitter:label1\" content=\"Dur\u00e9e de lecture estim\u00e9e\" \/>\n\t<meta name=\"twitter:data1\" content=\"1 minute\" \/>\n<script type=\"application\/ld+json\" class=\"yoast-schema-graph\">{\"@context\":\"https:\\\/\\\/schema.org\",\"@graph\":[{\"@type\":\"WebPage\",\"@id\":\"https:\\\/\\\/shop.bantam.ch\\\/fr\\\/produit\\\/retroviseur-special-pour-caravane-mazda\\\/\",\"url\":\"https:\\\/\\\/shop.bantam.ch\\\/fr\\\/produit\\\/retroviseur-special-pour-caravane-mazda\\\/\",\"name\":\"R\u00e9troviseur sp\u00e9cial pour caravane Mazda - Bantam Wankm\u00fcller SA\",\"isPartOf\":{\"@id\":\"https:\\\/\\\/shop.bantam.ch\\\/fr\\\/#website\"},\"primaryImageOfPage\":{\"@id\":\"https:\\\/\\\/shop.bantam.ch\\\/fr\\\/produit\\\/retroviseur-special-pour-caravane-mazda\\\/#primaryimage\"},\"image\":{\"@id\":\"https:\\\/\\\/shop.bantam.ch\\\/fr\\\/produit\\\/retroviseur-special-pour-caravane-mazda\\\/#primaryimage\"},\"thumbnailUrl\":\"https:\\\/\\\/shop.bantam.ch\\\/wp-content\\\/uploads\\\/2023\\\/02\\\/9981056-Spiegel_3er_BMW_F30_Bj_2012_1er_F20_ab_2010_X1_Modell_E84_LCI_Facelift_2007_bis_2012-Standard-01-1.jpg\",\"datePublished\":\"2023-02-28T02:03:34+00:00\",\"dateModified\":\"2026-04-18T20:38:29+00:00\",\"breadcrumb\":{\"@id\":\"https:\\\/\\\/shop.bantam.ch\\\/fr\\\/produit\\\/retroviseur-special-pour-caravane-mazda\\\/#breadcrumb\"},\"inLanguage\":\"fr-FR\",\"potentialAction\":[{\"@type\":\"ReadAction\",\"target\":[\"https:\\\/\\\/shop.bantam.ch\\\/fr\\\/produit\\\/retroviseur-special-pour-caravane-mazda\\\/\"]}]},{\"@type\":\"ImageObject\",\"inLanguage\":\"fr-FR\",\"@id\":\"https:\\\/\\\/shop.bantam.ch\\\/fr\\\/produit\\\/retroviseur-special-pour-caravane-mazda\\\/#primaryimage\",\"url\":\"https:\\\/\\\/shop.bantam.ch\\\/wp-content\\\/uploads\\\/2023\\\/02\\\/9981056-Spiegel_3er_BMW_F30_Bj_2012_1er_F20_ab_2010_X1_Modell_E84_LCI_Facelift_2007_bis_2012-Standard-01-1.jpg\",\"contentUrl\":\"https:\\\/\\\/shop.bantam.ch\\\/wp-content\\\/uploads\\\/2023\\\/02\\\/9981056-Spiegel_3er_BMW_F30_Bj_2012_1er_F20_ab_2010_X1_Modell_E84_LCI_Facelift_2007_bis_2012-Standard-01-1.jpg\",\"width\":1000,\"height\":814},{\"@type\":\"BreadcrumbList\",\"@id\":\"https:\\\/\\\/shop.bantam.ch\\\/fr\\\/produit\\\/retroviseur-special-pour-caravane-mazda\\\/#breadcrumb\",\"itemListElement\":[{\"@type\":\"ListItem\",\"position\":1,\"name\":\"Accueil\",\"item\":\"https:\\\/\\\/shop.bantam.ch\\\/fr\\\/\"},{\"@type\":\"ListItem\",\"position\":2,\"name\":\"Boutique\",\"item\":\"https:\\\/\\\/shop.bantam.ch\\\/fr\\\/boutique\\\/\"},{\"@type\":\"ListItem\",\"position\":3,\"name\":\"R\u00e9troviseur sp\u00e9cial pour caravane Mazda\"}]},{\"@type\":\"WebSite\",\"@id\":\"https:\\\/\\\/shop.bantam.ch\\\/fr\\\/#website\",\"url\":\"https:\\\/\\\/shop.bantam.ch\\\/fr\\\/\",\"name\":\"Bantam Wankm\u00fcller SA\",\"description\":\"\",\"publisher\":{\"@id\":\"https:\\\/\\\/shop.bantam.ch\\\/fr\\\/#organization\"},\"inLanguage\":\"fr-FR\"},{\"@type\":\"Organization\",\"@id\":\"https:\\\/\\\/shop.bantam.ch\\\/fr\\\/#organization\",\"name\":\"Bantam Wankm\u00fcller SA\",\"url\":\"https:\\\/\\\/shop.bantam.ch\\\/fr\\\/\",\"logo\":{\"@type\":\"ImageObject\",\"inLanguage\":\"fr-FR\",\"@id\":\"https:\\\/\\\/shop.bantam.ch\\\/fr\\\/#\\\/schema\\\/logo\\\/image\\\/\",\"url\":\"https:\\\/\\\/shop.bantam.ch\\\/wp-content\\\/uploads\\\/2022\\\/12\\\/bantam-logo.png\",\"contentUrl\":\"https:\\\/\\\/shop.bantam.ch\\\/wp-content\\\/uploads\\\/2022\\\/12\\\/bantam-logo.png\",\"width\":320,\"height\":71,\"caption\":\"Bantam Wankm\u00fcller SA\"},\"image\":{\"@id\":\"https:\\\/\\\/shop.bantam.ch\\\/fr\\\/#\\\/schema\\\/logo\\\/image\\\/\"}}]}<\/script>\n<!-- \/ Yoast SEO plugin. -->","yoast_head_json":{"title":"R\u00e9troviseur sp\u00e9cial pour caravane Mazda - Bantam Wankm\u00fcller SA","robots":{"index":"index","follow":"follow","max-snippet":"max-snippet:-1","max-image-preview":"max-image-preview:large","max-video-preview":"max-video-preview:-1"},"canonical":"https:\/\/shop.bantam.ch\/fr\/produit\/retroviseur-special-pour-caravane-mazda\/","og_locale":"fr_FR","og_type":"article","og_title":"R\u00e9troviseur sp\u00e9cial pour caravane Mazda - Bantam Wankm\u00fcller SA","og_description":"Un support en fonte d&rsquo;aluminium amortissant les vibrations, sp\u00e9cifique au v\u00e9hicule, garantit un ajustement parfait et pr\u00e9cis avec quasiment aucune vibration. NOUVEAU : disponible \u00e9galement dans un coloris assorti \u00e0 la carrosserie du v\u00e9hicule Tous les r\u00e9troviseurs sp\u00e9ciaux pour caravane pr\u00e9sent\u00e9s sont \u00e9galement disponibles dans la couleur du v\u00e9hicule (suppl\u00e9ment de 68,25 EUR). D\u00e9lai de [&hellip;]","og_url":"https:\/\/shop.bantam.ch\/fr\/produit\/retroviseur-special-pour-caravane-mazda\/","og_site_name":"Bantam Wankm\u00fcller SA","article_modified_time":"2026-04-18T20:38:29+00:00","og_image":[{"width":1000,"height":814,"url":"https:\/\/shop.bantam.ch\/wp-content\/uploads\/2023\/02\/9981056-Spiegel_3er_BMW_F30_Bj_2012_1er_F20_ab_2010_X1_Modell_E84_LCI_Facelift_2007_bis_2012-Standard-01-1.jpg","type":"image\/jpeg"}],"twitter_card":"summary_large_image","twitter_misc":{"Dur\u00e9e de lecture estim\u00e9e":"1 minute"},"schema":{"@context":"https:\/\/schema.org","@graph":[{"@type":"WebPage","@id":"https:\/\/shop.bantam.ch\/fr\/produit\/retroviseur-special-pour-caravane-mazda\/","url":"https:\/\/shop.bantam.ch\/fr\/produit\/retroviseur-special-pour-caravane-mazda\/","name":"R\u00e9troviseur sp\u00e9cial pour caravane Mazda - Bantam Wankm\u00fcller SA","isPartOf":{"@id":"https:\/\/shop.bantam.ch\/fr\/#website"},"primaryImageOfPage":{"@id":"https:\/\/shop.bantam.ch\/fr\/produit\/retroviseur-special-pour-caravane-mazda\/#primaryimage"},"image":{"@id":"https:\/\/shop.bantam.ch\/fr\/produit\/retroviseur-special-pour-caravane-mazda\/#primaryimage"},"thumbnailUrl":"https:\/\/shop.bantam.ch\/wp-content\/uploads\/2023\/02\/9981056-Spiegel_3er_BMW_F30_Bj_2012_1er_F20_ab_2010_X1_Modell_E84_LCI_Facelift_2007_bis_2012-Standard-01-1.jpg","datePublished":"2023-02-28T02:03:34+00:00","dateModified":"2026-04-18T20:38:29+00:00","breadcrumb":{"@id":"https:\/\/shop.bantam.ch\/fr\/produit\/retroviseur-special-pour-caravane-mazda\/#breadcrumb"},"inLanguage":"fr-FR","potentialAction":[{"@type":"ReadAction","target":["https:\/\/shop.bantam.ch\/fr\/produit\/retroviseur-special-pour-caravane-mazda\/"]}]},{"@type":"ImageObject","inLanguage":"fr-FR","@id":"https:\/\/shop.bantam.ch\/fr\/produit\/retroviseur-special-pour-caravane-mazda\/#primaryimage","url":"https:\/\/shop.bantam.ch\/wp-content\/uploads\/2023\/02\/9981056-Spiegel_3er_BMW_F30_Bj_2012_1er_F20_ab_2010_X1_Modell_E84_LCI_Facelift_2007_bis_2012-Standard-01-1.jpg","contentUrl":"https:\/\/shop.bantam.ch\/wp-content\/uploads\/2023\/02\/9981056-Spiegel_3er_BMW_F30_Bj_2012_1er_F20_ab_2010_X1_Modell_E84_LCI_Facelift_2007_bis_2012-Standard-01-1.jpg","width":1000,"height":814},{"@type":"BreadcrumbList","@id":"https:\/\/shop.bantam.ch\/fr\/produit\/retroviseur-special-pour-caravane-mazda\/#breadcrumb","itemListElement":[{"@type":"ListItem","position":1,"name":"Accueil","item":"https:\/\/shop.bantam.ch\/fr\/"},{"@type":"ListItem","position":2,"name":"Boutique","item":"https:\/\/shop.bantam.ch\/fr\/boutique\/"},{"@type":"ListItem","position":3,"name":"R\u00e9troviseur sp\u00e9cial pour caravane Mazda"}]},{"@type":"WebSite","@id":"https:\/\/shop.bantam.ch\/fr\/#website","url":"https:\/\/shop.bantam.ch\/fr\/","name":"Bantam Wankm\u00fcller SA","description":"","publisher":{"@id":"https:\/\/shop.bantam.ch\/fr\/#organization"},"inLanguage":"fr-FR"},{"@type":"Organization","@id":"https:\/\/shop.bantam.ch\/fr\/#organization","name":"Bantam Wankm\u00fcller SA","url":"https:\/\/shop.bantam.ch\/fr\/","logo":{"@type":"ImageObject","inLanguage":"fr-FR","@id":"https:\/\/shop.bantam.ch\/fr\/#\/schema\/logo\/image\/","url":"https:\/\/shop.bantam.ch\/wp-content\/uploads\/2022\/12\/bantam-logo.png","contentUrl":"https:\/\/shop.bantam.ch\/wp-content\/uploads\/2022\/12\/bantam-logo.png","width":320,"height":71,"caption":"Bantam Wankm\u00fcller SA"},"image":{"@id":"https:\/\/shop.bantam.ch\/fr\/#\/schema\/logo\/image\/"}}]}},"_links":{"self":[{"href":"https:\/\/shop.bantam.ch\/fr\/wp-json\/wp\/v2\/product\/87400","targetHints":{"allow":["GET"]}}],"collection":[{"href":"https:\/\/shop.bantam.ch\/fr\/wp-json\/wp\/v2\/product"}],"about":[{"href":"https:\/\/shop.bantam.ch\/fr\/wp-json\/wp\/v2\/types\/product"}],"wp:featuredmedia":[{"embeddable":true,"href":"https:\/\/shop.bantam.ch\/fr\/wp-json\/wp\/v2\/media\/87398"}],"wp:attachment":[{"href":"https:\/\/shop.bantam.ch\/fr\/wp-json\/wp\/v2\/media?parent=87400"}],"wp:term":[{"taxonomy":"product_featured_cat","embeddable":true,"href":"https:\/\/shop.bantam.ch\/fr\/wp-json\/wp\/v2\/product_featured_cat?post=87400"},{"taxonomy":"product_brand","embeddable":true,"href":"https:\/\/shop.bantam.ch\/fr\/wp-json\/wp\/v2\/product_brand?post=87400"},{"taxonomy":"product_cat","embeddable":true,"href":"https:\/\/shop.bantam.ch\/fr\/wp-json\/wp\/v2\/product_cat?post=87400"},{"taxonomy":"product_tag","embeddable":true,"href":"https:\/\/shop.bantam.ch\/fr\/wp-json\/wp\/v2\/product_tag?post=87400"}],"curies":[{"name":"wp","href":"https:\/\/api.w.org\/{rel}","templated":true}]}}