{"id":86762,"date":"2023-02-28T02:52:16","date_gmt":"2023-02-28T01:52:16","guid":{"rendered":"http:\/\/shop.bantam.ch\/produit\/batterie-yellow-top\/"},"modified":"2026-04-19T22:39:38","modified_gmt":"2026-04-19T20:39:38","slug":"batterie-yellow-top","status":"publish","type":"product","link":"https:\/\/shop.bantam.ch\/fr\/produit\/batterie-yellow-top\/","title":{"rendered":"Batterie Yellow Top"},"content":{"rendered":"<p>La technologie brevet\u00e9e AGM SpiralCell est la technologie la plus progressive actuellement dans le domaine du caravaning et dispose d\u2019un grand nombre de caract\u00e9ristiques qui sont introuvables dans les batteries traditionnelles. Le principe de cette technologie\u00a0: \u00e0 la place des plaques plates des batteries normales, deux fines plaques en plomb tr\u00e8s pur sont entrelac\u00e9es \u00e0 un voile de verre en une cellule en spirale. Gr\u00e2ce \u00e0 cette construction exceptionnelle, aux liaisons de cellules massives coul\u00e9es et \u00e0 la densit\u00e9 plus \u00e9lev\u00e9e de l\u2019\u00e9lectrolyte, une r\u00e9sistance int\u00e9rieure minime a lieu, ce qui permet \u00e0 la batterie d\u2019accepter des flux importants. L\u2019enroulement permet en outre l\u2019utilisation d\u2019un plomb pratiquement pur, ce qui se traduit par une long\u00e9vit\u00e9 de plus de 1\u00a0000 cycles de charge et de d\u00e9charge.<br \/>Cette combinaison de capacit\u00e9 en courant fort et de r\u00e9sistance au cyclage est in\u00e9gal\u00e9e jusqu\u2019\u00e0 pr\u00e9sent. Cela \u00e9conomise de l\u2019argent sur le long terme et est bien plus \u00e9cologique que l\u2019utilisation de batteries \u00e0 courte dur\u00e9e de vie, qui sont soumises \u00e0 un changement permanent et \u00e0 des chargements r\u00e9currents et fastidieux.<\/p>\n<p>\u00a0<\/p>\n<ul>\n<li>Ne n\u00e9cessite absolument aucune maintenance<\/li>\n<li>Tr\u00e8s rentable (100 % de la capacit\u00e9 indiqu\u00e9e peut \u00eatre utilis\u00e9e)<\/li>\n<li>Consommation d&rsquo;\u00e9lectrolyte difficilement mesurable<\/li>\n<li>Extraordinaire r\u00e9sistance aux cycles (plus r\u00e9sistante aux cycles que les batteries traditionnelles avec une dur\u00e9e de vie jusqu\u2019\u00e0 2 fois plus longue)<\/li>\n<li>Autod\u00e9charge extr\u00eamement faible<\/li>\n<li>Id\u00e9ale pour une utilisation saisonni\u00e8re<\/li>\n<li>Recharge rapide gr\u00e2ce \u00e0 une faible r\u00e9sistance interne<\/li>\n<li>Recharge extr\u00eamement rapide avec des chargeurs standards<\/li>\n<li>Exceptionnellement robuste (15 fois plus r\u00e9sistante aux vibrations qu\u2019une batterie traditionnelle et utilisable dans toutes les situations)<\/li>\n<\/ul>\n<p>\u00a0<\/p>\n","protected":false},"excerpt":{"rendered":"<p>La technologie brevet\u00e9e AGM SpiralCell est la technologie la plus progressive actuellement dans le domaine du caravaning et dispose d\u2019un grand nombre de caract\u00e9ristiques qui sont introuvables dans les batteries traditionnelles. Le principe de cette technologie\u00a0: \u00e0 la place des plaques plates des batteries normales, deux fines plaques en plomb tr\u00e8s pur sont entrelac\u00e9es \u00e0 [&hellip;]<\/p>\n","protected":false},"featured_media":86750,"template":"","meta":{"_acf_changed":false},"product_featured_cat":[],"product_brand":[3500],"product_cat":[5107],"product_tag":[],"class_list":{"0":"post-86762","1":"product","2":"type-product","3":"status-publish","4":"has-post-thumbnail","6":"product_brand-optima","7":"product_cat-batteries-agm","9":"first","10":"instock","11":"taxable","12":"shipping-taxable","13":"purchasable","14":"product-type-variable"},"acf":[],"yoast_head":"<!-- This site is optimized with the Yoast SEO plugin v27.4 - https:\/\/yoast.com\/product\/yoast-seo-wordpress\/ -->\n<title>Batterie Yellow Top - Bantam Wankm\u00fcller SA<\/title>\n<meta name=\"robots\" content=\"index, follow, max-snippet:-1, max-image-preview:large, max-video-preview:-1\" \/>\n<link rel=\"canonical\" href=\"https:\/\/shop.bantam.ch\/fr\/produit\/batterie-yellow-top\/\" \/>\n<meta property=\"og:locale\" content=\"fr_FR\" \/>\n<meta property=\"og:type\" content=\"article\" \/>\n<meta property=\"og:title\" content=\"Batterie Yellow Top - Bantam Wankm\u00fcller SA\" \/>\n<meta property=\"og:description\" content=\"La technologie brevet\u00e9e AGM SpiralCell est la technologie la plus progressive actuellement dans le domaine du caravaning et dispose d\u2019un grand nombre de caract\u00e9ristiques qui sont introuvables dans les batteries traditionnelles. Le principe de cette technologie\u00a0: \u00e0 la place des plaques plates des batteries normales, deux fines plaques en plomb tr\u00e8s pur sont entrelac\u00e9es \u00e0 [&hellip;]\" \/>\n<meta property=\"og:url\" content=\"https:\/\/shop.bantam.ch\/fr\/produit\/batterie-yellow-top\/\" \/>\n<meta property=\"og:site_name\" content=\"Bantam Wankm\u00fcller SA\" \/>\n<meta property=\"article:modified_time\" content=\"2026-04-19T20:39:38+00:00\" \/>\n<meta property=\"og:image\" content=\"https:\/\/shop.bantam.ch\/wp-content\/uploads\/2023\/02\/9952550-Batterie_OPTIMA_YELLOW_Top_YTS_4_2-Standard-01.jpg\" \/>\n\t<meta property=\"og:image:width\" content=\"1000\" \/>\n\t<meta property=\"og:image:height\" content=\"924\" \/>\n\t<meta property=\"og:image:type\" content=\"image\/jpeg\" \/>\n<meta name=\"twitter:card\" content=\"summary_large_image\" \/>\n<meta name=\"twitter:label1\" content=\"Dur\u00e9e de lecture estim\u00e9e\" \/>\n\t<meta name=\"twitter:data1\" content=\"1 minute\" \/>\n<script type=\"application\/ld+json\" class=\"yoast-schema-graph\">{\"@context\":\"https:\\\/\\\/schema.org\",\"@graph\":[{\"@type\":\"WebPage\",\"@id\":\"https:\\\/\\\/shop.bantam.ch\\\/fr\\\/produit\\\/batterie-yellow-top\\\/\",\"url\":\"https:\\\/\\\/shop.bantam.ch\\\/fr\\\/produit\\\/batterie-yellow-top\\\/\",\"name\":\"Batterie Yellow Top - Bantam Wankm\u00fcller SA\",\"isPartOf\":{\"@id\":\"https:\\\/\\\/shop.bantam.ch\\\/fr\\\/#website\"},\"primaryImageOfPage\":{\"@id\":\"https:\\\/\\\/shop.bantam.ch\\\/fr\\\/produit\\\/batterie-yellow-top\\\/#primaryimage\"},\"image\":{\"@id\":\"https:\\\/\\\/shop.bantam.ch\\\/fr\\\/produit\\\/batterie-yellow-top\\\/#primaryimage\"},\"thumbnailUrl\":\"https:\\\/\\\/shop.bantam.ch\\\/wp-content\\\/uploads\\\/2023\\\/02\\\/9952550-Batterie_OPTIMA_YELLOW_Top_YTS_4_2-Standard-01.jpg\",\"datePublished\":\"2023-02-28T01:52:16+00:00\",\"dateModified\":\"2026-04-19T20:39:38+00:00\",\"breadcrumb\":{\"@id\":\"https:\\\/\\\/shop.bantam.ch\\\/fr\\\/produit\\\/batterie-yellow-top\\\/#breadcrumb\"},\"inLanguage\":\"fr-FR\",\"potentialAction\":[{\"@type\":\"ReadAction\",\"target\":[\"https:\\\/\\\/shop.bantam.ch\\\/fr\\\/produit\\\/batterie-yellow-top\\\/\"]}]},{\"@type\":\"ImageObject\",\"inLanguage\":\"fr-FR\",\"@id\":\"https:\\\/\\\/shop.bantam.ch\\\/fr\\\/produit\\\/batterie-yellow-top\\\/#primaryimage\",\"url\":\"https:\\\/\\\/shop.bantam.ch\\\/wp-content\\\/uploads\\\/2023\\\/02\\\/9952550-Batterie_OPTIMA_YELLOW_Top_YTS_4_2-Standard-01.jpg\",\"contentUrl\":\"https:\\\/\\\/shop.bantam.ch\\\/wp-content\\\/uploads\\\/2023\\\/02\\\/9952550-Batterie_OPTIMA_YELLOW_Top_YTS_4_2-Standard-01.jpg\",\"width\":1000,\"height\":924},{\"@type\":\"BreadcrumbList\",\"@id\":\"https:\\\/\\\/shop.bantam.ch\\\/fr\\\/produit\\\/batterie-yellow-top\\\/#breadcrumb\",\"itemListElement\":[{\"@type\":\"ListItem\",\"position\":1,\"name\":\"Accueil\",\"item\":\"https:\\\/\\\/shop.bantam.ch\\\/fr\\\/\"},{\"@type\":\"ListItem\",\"position\":2,\"name\":\"Boutique\",\"item\":\"https:\\\/\\\/shop.bantam.ch\\\/fr\\\/boutique\\\/\"},{\"@type\":\"ListItem\",\"position\":3,\"name\":\"Batterie Yellow Top\"}]},{\"@type\":\"WebSite\",\"@id\":\"https:\\\/\\\/shop.bantam.ch\\\/fr\\\/#website\",\"url\":\"https:\\\/\\\/shop.bantam.ch\\\/fr\\\/\",\"name\":\"Bantam Wankm\u00fcller SA\",\"description\":\"\",\"publisher\":{\"@id\":\"https:\\\/\\\/shop.bantam.ch\\\/fr\\\/#organization\"},\"inLanguage\":\"fr-FR\"},{\"@type\":\"Organization\",\"@id\":\"https:\\\/\\\/shop.bantam.ch\\\/fr\\\/#organization\",\"name\":\"Bantam Wankm\u00fcller SA\",\"url\":\"https:\\\/\\\/shop.bantam.ch\\\/fr\\\/\",\"logo\":{\"@type\":\"ImageObject\",\"inLanguage\":\"fr-FR\",\"@id\":\"https:\\\/\\\/shop.bantam.ch\\\/fr\\\/#\\\/schema\\\/logo\\\/image\\\/\",\"url\":\"https:\\\/\\\/shop.bantam.ch\\\/wp-content\\\/uploads\\\/2022\\\/12\\\/bantam-logo.png\",\"contentUrl\":\"https:\\\/\\\/shop.bantam.ch\\\/wp-content\\\/uploads\\\/2022\\\/12\\\/bantam-logo.png\",\"width\":320,\"height\":71,\"caption\":\"Bantam Wankm\u00fcller SA\"},\"image\":{\"@id\":\"https:\\\/\\\/shop.bantam.ch\\\/fr\\\/#\\\/schema\\\/logo\\\/image\\\/\"}}]}<\/script>\n<!-- \/ Yoast SEO plugin. -->","yoast_head_json":{"title":"Batterie Yellow Top - Bantam Wankm\u00fcller SA","robots":{"index":"index","follow":"follow","max-snippet":"max-snippet:-1","max-image-preview":"max-image-preview:large","max-video-preview":"max-video-preview:-1"},"canonical":"https:\/\/shop.bantam.ch\/fr\/produit\/batterie-yellow-top\/","og_locale":"fr_FR","og_type":"article","og_title":"Batterie Yellow Top - Bantam Wankm\u00fcller SA","og_description":"La technologie brevet\u00e9e AGM SpiralCell est la technologie la plus progressive actuellement dans le domaine du caravaning et dispose d\u2019un grand nombre de caract\u00e9ristiques qui sont introuvables dans les batteries traditionnelles. Le principe de cette technologie\u00a0: \u00e0 la place des plaques plates des batteries normales, deux fines plaques en plomb tr\u00e8s pur sont entrelac\u00e9es \u00e0 [&hellip;]","og_url":"https:\/\/shop.bantam.ch\/fr\/produit\/batterie-yellow-top\/","og_site_name":"Bantam Wankm\u00fcller SA","article_modified_time":"2026-04-19T20:39:38+00:00","og_image":[{"width":1000,"height":924,"url":"https:\/\/shop.bantam.ch\/wp-content\/uploads\/2023\/02\/9952550-Batterie_OPTIMA_YELLOW_Top_YTS_4_2-Standard-01.jpg","type":"image\/jpeg"}],"twitter_card":"summary_large_image","twitter_misc":{"Dur\u00e9e de lecture estim\u00e9e":"1 minute"},"schema":{"@context":"https:\/\/schema.org","@graph":[{"@type":"WebPage","@id":"https:\/\/shop.bantam.ch\/fr\/produit\/batterie-yellow-top\/","url":"https:\/\/shop.bantam.ch\/fr\/produit\/batterie-yellow-top\/","name":"Batterie Yellow Top - Bantam Wankm\u00fcller SA","isPartOf":{"@id":"https:\/\/shop.bantam.ch\/fr\/#website"},"primaryImageOfPage":{"@id":"https:\/\/shop.bantam.ch\/fr\/produit\/batterie-yellow-top\/#primaryimage"},"image":{"@id":"https:\/\/shop.bantam.ch\/fr\/produit\/batterie-yellow-top\/#primaryimage"},"thumbnailUrl":"https:\/\/shop.bantam.ch\/wp-content\/uploads\/2023\/02\/9952550-Batterie_OPTIMA_YELLOW_Top_YTS_4_2-Standard-01.jpg","datePublished":"2023-02-28T01:52:16+00:00","dateModified":"2026-04-19T20:39:38+00:00","breadcrumb":{"@id":"https:\/\/shop.bantam.ch\/fr\/produit\/batterie-yellow-top\/#breadcrumb"},"inLanguage":"fr-FR","potentialAction":[{"@type":"ReadAction","target":["https:\/\/shop.bantam.ch\/fr\/produit\/batterie-yellow-top\/"]}]},{"@type":"ImageObject","inLanguage":"fr-FR","@id":"https:\/\/shop.bantam.ch\/fr\/produit\/batterie-yellow-top\/#primaryimage","url":"https:\/\/shop.bantam.ch\/wp-content\/uploads\/2023\/02\/9952550-Batterie_OPTIMA_YELLOW_Top_YTS_4_2-Standard-01.jpg","contentUrl":"https:\/\/shop.bantam.ch\/wp-content\/uploads\/2023\/02\/9952550-Batterie_OPTIMA_YELLOW_Top_YTS_4_2-Standard-01.jpg","width":1000,"height":924},{"@type":"BreadcrumbList","@id":"https:\/\/shop.bantam.ch\/fr\/produit\/batterie-yellow-top\/#breadcrumb","itemListElement":[{"@type":"ListItem","position":1,"name":"Accueil","item":"https:\/\/shop.bantam.ch\/fr\/"},{"@type":"ListItem","position":2,"name":"Boutique","item":"https:\/\/shop.bantam.ch\/fr\/boutique\/"},{"@type":"ListItem","position":3,"name":"Batterie Yellow Top"}]},{"@type":"WebSite","@id":"https:\/\/shop.bantam.ch\/fr\/#website","url":"https:\/\/shop.bantam.ch\/fr\/","name":"Bantam Wankm\u00fcller SA","description":"","publisher":{"@id":"https:\/\/shop.bantam.ch\/fr\/#organization"},"inLanguage":"fr-FR"},{"@type":"Organization","@id":"https:\/\/shop.bantam.ch\/fr\/#organization","name":"Bantam Wankm\u00fcller SA","url":"https:\/\/shop.bantam.ch\/fr\/","logo":{"@type":"ImageObject","inLanguage":"fr-FR","@id":"https:\/\/shop.bantam.ch\/fr\/#\/schema\/logo\/image\/","url":"https:\/\/shop.bantam.ch\/wp-content\/uploads\/2022\/12\/bantam-logo.png","contentUrl":"https:\/\/shop.bantam.ch\/wp-content\/uploads\/2022\/12\/bantam-logo.png","width":320,"height":71,"caption":"Bantam Wankm\u00fcller SA"},"image":{"@id":"https:\/\/shop.bantam.ch\/fr\/#\/schema\/logo\/image\/"}}]}},"_links":{"self":[{"href":"https:\/\/shop.bantam.ch\/fr\/wp-json\/wp\/v2\/product\/86762","targetHints":{"allow":["GET"]}}],"collection":[{"href":"https:\/\/shop.bantam.ch\/fr\/wp-json\/wp\/v2\/product"}],"about":[{"href":"https:\/\/shop.bantam.ch\/fr\/wp-json\/wp\/v2\/types\/product"}],"wp:featuredmedia":[{"embeddable":true,"href":"https:\/\/shop.bantam.ch\/fr\/wp-json\/wp\/v2\/media\/86750"}],"wp:attachment":[{"href":"https:\/\/shop.bantam.ch\/fr\/wp-json\/wp\/v2\/media?parent=86762"}],"wp:term":[{"taxonomy":"product_featured_cat","embeddable":true,"href":"https:\/\/shop.bantam.ch\/fr\/wp-json\/wp\/v2\/product_featured_cat?post=86762"},{"taxonomy":"product_brand","embeddable":true,"href":"https:\/\/shop.bantam.ch\/fr\/wp-json\/wp\/v2\/product_brand?post=86762"},{"taxonomy":"product_cat","embeddable":true,"href":"https:\/\/shop.bantam.ch\/fr\/wp-json\/wp\/v2\/product_cat?post=86762"},{"taxonomy":"product_tag","embeddable":true,"href":"https:\/\/shop.bantam.ch\/fr\/wp-json\/wp\/v2\/product_tag?post=86762"}],"curies":[{"name":"wp","href":"https:\/\/api.w.org\/{rel}","templated":true}]}}