{"id":85274,"date":"2023-02-28T02:37:24","date_gmt":"2023-02-28T01:37:24","guid":{"rendered":"http:\/\/shop.bantam.ch\/produit\/systeme-doccultation-remifront-iii-mercedes-sprinter-ncv3-gris\/"},"modified":"2026-04-18T22:35:18","modified_gmt":"2026-04-18T20:35:18","slug":"systeme-doccultation-remifront-iii-mercedes-sprinter-ncv3-gris","status":"publish","type":"product","link":"https:\/\/shop.bantam.ch\/fr\/produit\/systeme-doccultation-remifront-iii-mercedes-sprinter-ncv3-gris\/","title":{"rendered":"Syst\u00e8me d&rsquo;occultation REMIfront III Mercedes Sprinter NCV3, gris"},"content":{"rendered":"<p>La solution d\u2019occultation pour cabines de conducteur permet une occultation sans probl\u00e8me pendant la nuit et prot\u00e8ge contre les regards indiscrets. Sa composition multicouches<br \/>et robuste diminue ainsi le r\u00e9chauffement ou le refroidissement du v\u00e9hicule. Installation rapide et sans probl\u00e8me sur les v\u00e9hicules neufs<br \/>Installation ult\u00e9rieure sur les v\u00e9hicules actuels.<\/p>\n<ul>\n<li>Les rouleaux avant se fixent sur les montants avant, la partie lat\u00e9rale est viss\u00e9e au montant de la porte. Au besoin, amovible. Aspect visuel de qualit\u00e9<br \/>gr\u00e2ce \u00e0 son plissage<\/li>\n<li>Champ de vision non r\u00e9duit, conforme aux directives europ\u00e9ennes<\/li>\n<li>Syst\u00e8me d\u2019obscurcissement de la cabine conducteur compos\u00e9 d\u2019un syst\u00e8me pliss\u00e9 pour le pare-brise avant et de syst\u00e8mes d\u2019occultation pour les vitres lat\u00e9rales<\/li>\n<\/ul>\n","protected":false},"excerpt":{"rendered":"<p>La solution d\u2019occultation pour cabines de conducteur permet une occultation sans probl\u00e8me pendant la nuit et prot\u00e8ge contre les regards indiscrets. Sa composition multicoucheset robuste diminue ainsi le r\u00e9chauffement ou le refroidissement du v\u00e9hicule. Installation rapide et sans probl\u00e8me sur les v\u00e9hicules neufsInstallation ult\u00e9rieure sur les v\u00e9hicules actuels. Les rouleaux avant se fixent sur les [&hellip;]<\/p>\n","protected":false},"featured_media":85238,"template":"","meta":{"_acf_changed":false},"product_featured_cat":[],"product_brand":[3044],"product_cat":[4713],"product_tag":[],"class_list":{"0":"post-85274","1":"product","2":"type-product","3":"status-publish","4":"has-post-thumbnail","6":"product_brand-remis","7":"product_cat-systeme-doccultation-de-la-cabine-de-conduite","9":"first","10":"instock","11":"taxable","12":"shipping-taxable","13":"purchasable","14":"product-type-variable"},"acf":[],"yoast_head":"<!-- This site is optimized with the Yoast SEO plugin v27.4 - https:\/\/yoast.com\/product\/yoast-seo-wordpress\/ -->\n<title>Syst\u00e8me d&#039;occultation REMIfront III Mercedes Sprinter NCV3, gris - Bantam Wankm\u00fcller SA<\/title>\n<meta name=\"robots\" content=\"index, follow, max-snippet:-1, max-image-preview:large, max-video-preview:-1\" \/>\n<link rel=\"canonical\" href=\"https:\/\/shop.bantam.ch\/fr\/produit\/systeme-doccultation-remifront-iii-mercedes-sprinter-ncv3-gris\/\" \/>\n<meta property=\"og:locale\" content=\"fr_FR\" \/>\n<meta property=\"og:type\" content=\"article\" \/>\n<meta property=\"og:title\" content=\"Syst\u00e8me d&#039;occultation REMIfront III Mercedes Sprinter NCV3, gris - Bantam Wankm\u00fcller SA\" \/>\n<meta property=\"og:description\" content=\"La solution d\u2019occultation pour cabines de conducteur permet une occultation sans probl\u00e8me pendant la nuit et prot\u00e8ge contre les regards indiscrets. Sa composition multicoucheset robuste diminue ainsi le r\u00e9chauffement ou le refroidissement du v\u00e9hicule. Installation rapide et sans probl\u00e8me sur les v\u00e9hicules neufsInstallation ult\u00e9rieure sur les v\u00e9hicules actuels. Les rouleaux avant se fixent sur les [&hellip;]\" \/>\n<meta property=\"og:url\" content=\"https:\/\/shop.bantam.ch\/fr\/produit\/systeme-doccultation-remifront-iii-mercedes-sprinter-ncv3-gris\/\" \/>\n<meta property=\"og:site_name\" content=\"Bantam Wankm\u00fcller SA\" \/>\n<meta property=\"article:modified_time\" content=\"2026-04-18T20:35:18+00:00\" \/>\n<meta property=\"og:image\" content=\"https:\/\/shop.bantam.ch\/wp-content\/uploads\/2023\/02\/9950547-Remifront_III_fuer_Sprinter-Standard-01.jpg\" \/>\n\t<meta property=\"og:image:width\" content=\"1000\" \/>\n\t<meta property=\"og:image:height\" content=\"667\" \/>\n\t<meta property=\"og:image:type\" content=\"image\/jpeg\" \/>\n<meta name=\"twitter:card\" content=\"summary_large_image\" \/>\n<meta name=\"twitter:label1\" content=\"Dur\u00e9e de lecture estim\u00e9e\" \/>\n\t<meta name=\"twitter:data1\" content=\"1 minute\" \/>\n<script type=\"application\/ld+json\" class=\"yoast-schema-graph\">{\"@context\":\"https:\\\/\\\/schema.org\",\"@graph\":[{\"@type\":\"WebPage\",\"@id\":\"https:\\\/\\\/shop.bantam.ch\\\/fr\\\/produit\\\/systeme-doccultation-remifront-iii-mercedes-sprinter-ncv3-gris\\\/\",\"url\":\"https:\\\/\\\/shop.bantam.ch\\\/fr\\\/produit\\\/systeme-doccultation-remifront-iii-mercedes-sprinter-ncv3-gris\\\/\",\"name\":\"Syst\u00e8me d'occultation REMIfront III Mercedes Sprinter NCV3, gris - Bantam Wankm\u00fcller SA\",\"isPartOf\":{\"@id\":\"https:\\\/\\\/shop.bantam.ch\\\/fr\\\/#website\"},\"primaryImageOfPage\":{\"@id\":\"https:\\\/\\\/shop.bantam.ch\\\/fr\\\/produit\\\/systeme-doccultation-remifront-iii-mercedes-sprinter-ncv3-gris\\\/#primaryimage\"},\"image\":{\"@id\":\"https:\\\/\\\/shop.bantam.ch\\\/fr\\\/produit\\\/systeme-doccultation-remifront-iii-mercedes-sprinter-ncv3-gris\\\/#primaryimage\"},\"thumbnailUrl\":\"https:\\\/\\\/shop.bantam.ch\\\/wp-content\\\/uploads\\\/2023\\\/02\\\/9950547-Remifront_III_fuer_Sprinter-Standard-01.jpg\",\"datePublished\":\"2023-02-28T01:37:24+00:00\",\"dateModified\":\"2026-04-18T20:35:18+00:00\",\"breadcrumb\":{\"@id\":\"https:\\\/\\\/shop.bantam.ch\\\/fr\\\/produit\\\/systeme-doccultation-remifront-iii-mercedes-sprinter-ncv3-gris\\\/#breadcrumb\"},\"inLanguage\":\"fr-FR\",\"potentialAction\":[{\"@type\":\"ReadAction\",\"target\":[\"https:\\\/\\\/shop.bantam.ch\\\/fr\\\/produit\\\/systeme-doccultation-remifront-iii-mercedes-sprinter-ncv3-gris\\\/\"]}]},{\"@type\":\"ImageObject\",\"inLanguage\":\"fr-FR\",\"@id\":\"https:\\\/\\\/shop.bantam.ch\\\/fr\\\/produit\\\/systeme-doccultation-remifront-iii-mercedes-sprinter-ncv3-gris\\\/#primaryimage\",\"url\":\"https:\\\/\\\/shop.bantam.ch\\\/wp-content\\\/uploads\\\/2023\\\/02\\\/9950547-Remifront_III_fuer_Sprinter-Standard-01.jpg\",\"contentUrl\":\"https:\\\/\\\/shop.bantam.ch\\\/wp-content\\\/uploads\\\/2023\\\/02\\\/9950547-Remifront_III_fuer_Sprinter-Standard-01.jpg\",\"width\":1000,\"height\":667},{\"@type\":\"BreadcrumbList\",\"@id\":\"https:\\\/\\\/shop.bantam.ch\\\/fr\\\/produit\\\/systeme-doccultation-remifront-iii-mercedes-sprinter-ncv3-gris\\\/#breadcrumb\",\"itemListElement\":[{\"@type\":\"ListItem\",\"position\":1,\"name\":\"Accueil\",\"item\":\"https:\\\/\\\/shop.bantam.ch\\\/fr\\\/\"},{\"@type\":\"ListItem\",\"position\":2,\"name\":\"Boutique\",\"item\":\"https:\\\/\\\/shop.bantam.ch\\\/fr\\\/boutique\\\/\"},{\"@type\":\"ListItem\",\"position\":3,\"name\":\"Syst\u00e8me d&rsquo;occultation REMIfront III Mercedes Sprinter NCV3, gris\"}]},{\"@type\":\"WebSite\",\"@id\":\"https:\\\/\\\/shop.bantam.ch\\\/fr\\\/#website\",\"url\":\"https:\\\/\\\/shop.bantam.ch\\\/fr\\\/\",\"name\":\"Bantam Wankm\u00fcller SA\",\"description\":\"\",\"publisher\":{\"@id\":\"https:\\\/\\\/shop.bantam.ch\\\/fr\\\/#organization\"},\"inLanguage\":\"fr-FR\"},{\"@type\":\"Organization\",\"@id\":\"https:\\\/\\\/shop.bantam.ch\\\/fr\\\/#organization\",\"name\":\"Bantam Wankm\u00fcller SA\",\"url\":\"https:\\\/\\\/shop.bantam.ch\\\/fr\\\/\",\"logo\":{\"@type\":\"ImageObject\",\"inLanguage\":\"fr-FR\",\"@id\":\"https:\\\/\\\/shop.bantam.ch\\\/fr\\\/#\\\/schema\\\/logo\\\/image\\\/\",\"url\":\"https:\\\/\\\/shop.bantam.ch\\\/wp-content\\\/uploads\\\/2022\\\/12\\\/bantam-logo.png\",\"contentUrl\":\"https:\\\/\\\/shop.bantam.ch\\\/wp-content\\\/uploads\\\/2022\\\/12\\\/bantam-logo.png\",\"width\":320,\"height\":71,\"caption\":\"Bantam Wankm\u00fcller SA\"},\"image\":{\"@id\":\"https:\\\/\\\/shop.bantam.ch\\\/fr\\\/#\\\/schema\\\/logo\\\/image\\\/\"}}]}<\/script>\n<!-- \/ Yoast SEO plugin. -->","yoast_head_json":{"title":"Syst\u00e8me d'occultation REMIfront III Mercedes Sprinter NCV3, gris - Bantam Wankm\u00fcller SA","robots":{"index":"index","follow":"follow","max-snippet":"max-snippet:-1","max-image-preview":"max-image-preview:large","max-video-preview":"max-video-preview:-1"},"canonical":"https:\/\/shop.bantam.ch\/fr\/produit\/systeme-doccultation-remifront-iii-mercedes-sprinter-ncv3-gris\/","og_locale":"fr_FR","og_type":"article","og_title":"Syst\u00e8me d'occultation REMIfront III Mercedes Sprinter NCV3, gris - Bantam Wankm\u00fcller SA","og_description":"La solution d\u2019occultation pour cabines de conducteur permet une occultation sans probl\u00e8me pendant la nuit et prot\u00e8ge contre les regards indiscrets. Sa composition multicoucheset robuste diminue ainsi le r\u00e9chauffement ou le refroidissement du v\u00e9hicule. Installation rapide et sans probl\u00e8me sur les v\u00e9hicules neufsInstallation ult\u00e9rieure sur les v\u00e9hicules actuels. Les rouleaux avant se fixent sur les [&hellip;]","og_url":"https:\/\/shop.bantam.ch\/fr\/produit\/systeme-doccultation-remifront-iii-mercedes-sprinter-ncv3-gris\/","og_site_name":"Bantam Wankm\u00fcller SA","article_modified_time":"2026-04-18T20:35:18+00:00","og_image":[{"width":1000,"height":667,"url":"https:\/\/shop.bantam.ch\/wp-content\/uploads\/2023\/02\/9950547-Remifront_III_fuer_Sprinter-Standard-01.jpg","type":"image\/jpeg"}],"twitter_card":"summary_large_image","twitter_misc":{"Dur\u00e9e de lecture estim\u00e9e":"1 minute"},"schema":{"@context":"https:\/\/schema.org","@graph":[{"@type":"WebPage","@id":"https:\/\/shop.bantam.ch\/fr\/produit\/systeme-doccultation-remifront-iii-mercedes-sprinter-ncv3-gris\/","url":"https:\/\/shop.bantam.ch\/fr\/produit\/systeme-doccultation-remifront-iii-mercedes-sprinter-ncv3-gris\/","name":"Syst\u00e8me d'occultation REMIfront III Mercedes Sprinter NCV3, gris - Bantam Wankm\u00fcller SA","isPartOf":{"@id":"https:\/\/shop.bantam.ch\/fr\/#website"},"primaryImageOfPage":{"@id":"https:\/\/shop.bantam.ch\/fr\/produit\/systeme-doccultation-remifront-iii-mercedes-sprinter-ncv3-gris\/#primaryimage"},"image":{"@id":"https:\/\/shop.bantam.ch\/fr\/produit\/systeme-doccultation-remifront-iii-mercedes-sprinter-ncv3-gris\/#primaryimage"},"thumbnailUrl":"https:\/\/shop.bantam.ch\/wp-content\/uploads\/2023\/02\/9950547-Remifront_III_fuer_Sprinter-Standard-01.jpg","datePublished":"2023-02-28T01:37:24+00:00","dateModified":"2026-04-18T20:35:18+00:00","breadcrumb":{"@id":"https:\/\/shop.bantam.ch\/fr\/produit\/systeme-doccultation-remifront-iii-mercedes-sprinter-ncv3-gris\/#breadcrumb"},"inLanguage":"fr-FR","potentialAction":[{"@type":"ReadAction","target":["https:\/\/shop.bantam.ch\/fr\/produit\/systeme-doccultation-remifront-iii-mercedes-sprinter-ncv3-gris\/"]}]},{"@type":"ImageObject","inLanguage":"fr-FR","@id":"https:\/\/shop.bantam.ch\/fr\/produit\/systeme-doccultation-remifront-iii-mercedes-sprinter-ncv3-gris\/#primaryimage","url":"https:\/\/shop.bantam.ch\/wp-content\/uploads\/2023\/02\/9950547-Remifront_III_fuer_Sprinter-Standard-01.jpg","contentUrl":"https:\/\/shop.bantam.ch\/wp-content\/uploads\/2023\/02\/9950547-Remifront_III_fuer_Sprinter-Standard-01.jpg","width":1000,"height":667},{"@type":"BreadcrumbList","@id":"https:\/\/shop.bantam.ch\/fr\/produit\/systeme-doccultation-remifront-iii-mercedes-sprinter-ncv3-gris\/#breadcrumb","itemListElement":[{"@type":"ListItem","position":1,"name":"Accueil","item":"https:\/\/shop.bantam.ch\/fr\/"},{"@type":"ListItem","position":2,"name":"Boutique","item":"https:\/\/shop.bantam.ch\/fr\/boutique\/"},{"@type":"ListItem","position":3,"name":"Syst\u00e8me d&rsquo;occultation REMIfront III Mercedes Sprinter NCV3, gris"}]},{"@type":"WebSite","@id":"https:\/\/shop.bantam.ch\/fr\/#website","url":"https:\/\/shop.bantam.ch\/fr\/","name":"Bantam Wankm\u00fcller SA","description":"","publisher":{"@id":"https:\/\/shop.bantam.ch\/fr\/#organization"},"inLanguage":"fr-FR"},{"@type":"Organization","@id":"https:\/\/shop.bantam.ch\/fr\/#organization","name":"Bantam Wankm\u00fcller SA","url":"https:\/\/shop.bantam.ch\/fr\/","logo":{"@type":"ImageObject","inLanguage":"fr-FR","@id":"https:\/\/shop.bantam.ch\/fr\/#\/schema\/logo\/image\/","url":"https:\/\/shop.bantam.ch\/wp-content\/uploads\/2022\/12\/bantam-logo.png","contentUrl":"https:\/\/shop.bantam.ch\/wp-content\/uploads\/2022\/12\/bantam-logo.png","width":320,"height":71,"caption":"Bantam Wankm\u00fcller SA"},"image":{"@id":"https:\/\/shop.bantam.ch\/fr\/#\/schema\/logo\/image\/"}}]}},"_links":{"self":[{"href":"https:\/\/shop.bantam.ch\/fr\/wp-json\/wp\/v2\/product\/85274","targetHints":{"allow":["GET"]}}],"collection":[{"href":"https:\/\/shop.bantam.ch\/fr\/wp-json\/wp\/v2\/product"}],"about":[{"href":"https:\/\/shop.bantam.ch\/fr\/wp-json\/wp\/v2\/types\/product"}],"wp:featuredmedia":[{"embeddable":true,"href":"https:\/\/shop.bantam.ch\/fr\/wp-json\/wp\/v2\/media\/85238"}],"wp:attachment":[{"href":"https:\/\/shop.bantam.ch\/fr\/wp-json\/wp\/v2\/media?parent=85274"}],"wp:term":[{"taxonomy":"product_featured_cat","embeddable":true,"href":"https:\/\/shop.bantam.ch\/fr\/wp-json\/wp\/v2\/product_featured_cat?post=85274"},{"taxonomy":"product_brand","embeddable":true,"href":"https:\/\/shop.bantam.ch\/fr\/wp-json\/wp\/v2\/product_brand?post=85274"},{"taxonomy":"product_cat","embeddable":true,"href":"https:\/\/shop.bantam.ch\/fr\/wp-json\/wp\/v2\/product_cat?post=85274"},{"taxonomy":"product_tag","embeddable":true,"href":"https:\/\/shop.bantam.ch\/fr\/wp-json\/wp\/v2\/product_tag?post=85274"}],"curies":[{"name":"wp","href":"https:\/\/api.w.org\/{rel}","templated":true}]}}