{"id":83688,"date":"2023-02-28T02:19:24","date_gmt":"2023-02-28T01:19:24","guid":{"rendered":"http:\/\/shop.bantam.ch\/produit\/garniture-de-flexible-haute-pression-avec-securite-de-rupture-de-flexible\/"},"modified":"2026-04-22T22:30:56","modified_gmt":"2026-04-22T20:30:56","slug":"garniture-de-flexible-haute-pression-avec-securite-de-rupture-de-flexible","status":"publish","type":"product","link":"https:\/\/shop.bantam.ch\/fr\/produit\/garniture-de-flexible-haute-pression-avec-securite-de-rupture-de-flexible\/","title":{"rendered":"Garniture de flexible haute pression avec s\u00e9curit\u00e9 de rupture de flexible"},"content":{"rendered":"<p>Pour le raccordement \u00e0 tous les r\u00e9gulateurs basse pression \u00e0 montage mural avec entr\u00e9e AG M 20 \u00d7 1,5, en particulier pour le \u00ab\u00a0chauffage en route\u00a0\u00bb sur la valve de la bouteille de gaz.<\/p>\n<ul>\n<li>Pour le fonctionnement du chauffage pendant le trajet.<\/li>\n<li>Utilisation possible dans toute l&rsquo;Europe gr\u00e2ce \u00e0 l&rsquo;utilisation de lyres flexibles haute pression avec raccords sp\u00e9cifiques \u00e0 chaque pays.<\/li>\n<li>La s\u00e9curit\u00e9 de rupture de lyre SBS pr\u00e9vient les fuites de gaz si la conduite flexible est endommag\u00e9e ou desserr\u00e9e et bloque le passage du gaz d\u00e8s que le d\u00e9bit nominal est sup\u00e9rieur \u00e0 10 %.<\/li>\n<li>S\u00e9curit\u00e9 de rupture de lyre SBS \u00e0 commande manuelle : pas de retard au d\u00e9clenchement ni de quantit\u00e9 de gaz de fuite, ouverture manuelle requise.<\/li>\n<li>R\u00e9sistant au froid jusqu&rsquo;\u00e0 -30\u00a0\u00b0C<\/li>\n<\/ul>\n","protected":false},"excerpt":{"rendered":"<p>Pour le raccordement \u00e0 tous les r\u00e9gulateurs basse pression \u00e0 montage mural avec entr\u00e9e AG M 20 \u00d7 1,5, en particulier pour le \u00ab\u00a0chauffage en route\u00a0\u00bb sur la valve de la bouteille de gaz. Pour le fonctionnement du chauffage pendant le trajet. Utilisation possible dans toute l&rsquo;Europe gr\u00e2ce \u00e0 l&rsquo;utilisation de lyres flexibles haute pression [&hellip;]<\/p>\n","protected":false},"featured_media":83678,"template":"","meta":{"_acf_changed":false},"product_featured_cat":[],"product_brand":[3254],"product_cat":[4493],"product_tag":[],"class_list":{"0":"post-83688","1":"product","2":"type-product","3":"status-publish","4":"has-post-thumbnail","6":"product_brand-gok","7":"product_cat-flexibles-gaz","9":"first","10":"instock","11":"taxable","12":"shipping-taxable","13":"purchasable","14":"product-type-variable"},"acf":[],"yoast_head":"<!-- This site is optimized with the Yoast SEO plugin v27.4 - https:\/\/yoast.com\/product\/yoast-seo-wordpress\/ -->\n<title>Garniture de flexible haute pression avec s\u00e9curit\u00e9 de rupture de flexible - Bantam Wankm\u00fcller SA<\/title>\n<meta name=\"robots\" content=\"index, follow, max-snippet:-1, max-image-preview:large, max-video-preview:-1\" \/>\n<link rel=\"canonical\" href=\"https:\/\/shop.bantam.ch\/fr\/produit\/garniture-de-flexible-haute-pression-avec-securite-de-rupture-de-flexible\/\" \/>\n<meta property=\"og:locale\" content=\"fr_FR\" \/>\n<meta property=\"og:type\" content=\"article\" \/>\n<meta property=\"og:title\" content=\"Garniture de flexible haute pression avec s\u00e9curit\u00e9 de rupture de flexible - Bantam Wankm\u00fcller SA\" \/>\n<meta property=\"og:description\" content=\"Pour le raccordement \u00e0 tous les r\u00e9gulateurs basse pression \u00e0 montage mural avec entr\u00e9e AG M 20 \u00d7 1,5, en particulier pour le \u00ab\u00a0chauffage en route\u00a0\u00bb sur la valve de la bouteille de gaz. Pour le fonctionnement du chauffage pendant le trajet. Utilisation possible dans toute l&rsquo;Europe gr\u00e2ce \u00e0 l&rsquo;utilisation de lyres flexibles haute pression [&hellip;]\" \/>\n<meta property=\"og:url\" content=\"https:\/\/shop.bantam.ch\/fr\/produit\/garniture-de-flexible-haute-pression-avec-securite-de-rupture-de-flexible\/\" \/>\n<meta property=\"og:site_name\" content=\"Bantam Wankm\u00fcller SA\" \/>\n<meta property=\"article:modified_time\" content=\"2026-04-22T20:30:56+00:00\" \/>\n<meta property=\"og:image\" content=\"https:\/\/shop.bantam.ch\/wp-content\/uploads\/2023\/02\/995519911.jpg\" \/>\n\t<meta property=\"og:image:width\" content=\"499\" \/>\n\t<meta property=\"og:image:height\" content=\"500\" \/>\n\t<meta property=\"og:image:type\" content=\"image\/jpeg\" \/>\n<meta name=\"twitter:card\" content=\"summary_large_image\" \/>\n<meta name=\"twitter:label1\" content=\"Dur\u00e9e de lecture estim\u00e9e\" \/>\n\t<meta name=\"twitter:data1\" content=\"1 minute\" \/>\n<script type=\"application\/ld+json\" class=\"yoast-schema-graph\">{\"@context\":\"https:\\\/\\\/schema.org\",\"@graph\":[{\"@type\":\"WebPage\",\"@id\":\"https:\\\/\\\/shop.bantam.ch\\\/fr\\\/produit\\\/garniture-de-flexible-haute-pression-avec-securite-de-rupture-de-flexible\\\/\",\"url\":\"https:\\\/\\\/shop.bantam.ch\\\/fr\\\/produit\\\/garniture-de-flexible-haute-pression-avec-securite-de-rupture-de-flexible\\\/\",\"name\":\"Garniture de flexible haute pression avec s\u00e9curit\u00e9 de rupture de flexible - Bantam Wankm\u00fcller SA\",\"isPartOf\":{\"@id\":\"https:\\\/\\\/shop.bantam.ch\\\/fr\\\/#website\"},\"primaryImageOfPage\":{\"@id\":\"https:\\\/\\\/shop.bantam.ch\\\/fr\\\/produit\\\/garniture-de-flexible-haute-pression-avec-securite-de-rupture-de-flexible\\\/#primaryimage\"},\"image\":{\"@id\":\"https:\\\/\\\/shop.bantam.ch\\\/fr\\\/produit\\\/garniture-de-flexible-haute-pression-avec-securite-de-rupture-de-flexible\\\/#primaryimage\"},\"thumbnailUrl\":\"https:\\\/\\\/shop.bantam.ch\\\/wp-content\\\/uploads\\\/2023\\\/02\\\/995519911.jpg\",\"datePublished\":\"2023-02-28T01:19:24+00:00\",\"dateModified\":\"2026-04-22T20:30:56+00:00\",\"breadcrumb\":{\"@id\":\"https:\\\/\\\/shop.bantam.ch\\\/fr\\\/produit\\\/garniture-de-flexible-haute-pression-avec-securite-de-rupture-de-flexible\\\/#breadcrumb\"},\"inLanguage\":\"fr-FR\",\"potentialAction\":[{\"@type\":\"ReadAction\",\"target\":[\"https:\\\/\\\/shop.bantam.ch\\\/fr\\\/produit\\\/garniture-de-flexible-haute-pression-avec-securite-de-rupture-de-flexible\\\/\"]}]},{\"@type\":\"ImageObject\",\"inLanguage\":\"fr-FR\",\"@id\":\"https:\\\/\\\/shop.bantam.ch\\\/fr\\\/produit\\\/garniture-de-flexible-haute-pression-avec-securite-de-rupture-de-flexible\\\/#primaryimage\",\"url\":\"https:\\\/\\\/shop.bantam.ch\\\/wp-content\\\/uploads\\\/2023\\\/02\\\/995519911.jpg\",\"contentUrl\":\"https:\\\/\\\/shop.bantam.ch\\\/wp-content\\\/uploads\\\/2023\\\/02\\\/995519911.jpg\",\"width\":499,\"height\":500},{\"@type\":\"BreadcrumbList\",\"@id\":\"https:\\\/\\\/shop.bantam.ch\\\/fr\\\/produit\\\/garniture-de-flexible-haute-pression-avec-securite-de-rupture-de-flexible\\\/#breadcrumb\",\"itemListElement\":[{\"@type\":\"ListItem\",\"position\":1,\"name\":\"Accueil\",\"item\":\"https:\\\/\\\/shop.bantam.ch\\\/fr\\\/\"},{\"@type\":\"ListItem\",\"position\":2,\"name\":\"Boutique\",\"item\":\"https:\\\/\\\/shop.bantam.ch\\\/fr\\\/boutique\\\/\"},{\"@type\":\"ListItem\",\"position\":3,\"name\":\"Garniture de flexible haute pression avec s\u00e9curit\u00e9 de rupture de flexible\"}]},{\"@type\":\"WebSite\",\"@id\":\"https:\\\/\\\/shop.bantam.ch\\\/fr\\\/#website\",\"url\":\"https:\\\/\\\/shop.bantam.ch\\\/fr\\\/\",\"name\":\"Bantam Wankm\u00fcller SA\",\"description\":\"\",\"publisher\":{\"@id\":\"https:\\\/\\\/shop.bantam.ch\\\/fr\\\/#organization\"},\"inLanguage\":\"fr-FR\"},{\"@type\":\"Organization\",\"@id\":\"https:\\\/\\\/shop.bantam.ch\\\/fr\\\/#organization\",\"name\":\"Bantam Wankm\u00fcller SA\",\"url\":\"https:\\\/\\\/shop.bantam.ch\\\/fr\\\/\",\"logo\":{\"@type\":\"ImageObject\",\"inLanguage\":\"fr-FR\",\"@id\":\"https:\\\/\\\/shop.bantam.ch\\\/fr\\\/#\\\/schema\\\/logo\\\/image\\\/\",\"url\":\"https:\\\/\\\/shop.bantam.ch\\\/wp-content\\\/uploads\\\/2022\\\/12\\\/bantam-logo.png\",\"contentUrl\":\"https:\\\/\\\/shop.bantam.ch\\\/wp-content\\\/uploads\\\/2022\\\/12\\\/bantam-logo.png\",\"width\":320,\"height\":71,\"caption\":\"Bantam Wankm\u00fcller SA\"},\"image\":{\"@id\":\"https:\\\/\\\/shop.bantam.ch\\\/fr\\\/#\\\/schema\\\/logo\\\/image\\\/\"}}]}<\/script>\n<!-- \/ Yoast SEO plugin. -->","yoast_head_json":{"title":"Garniture de flexible haute pression avec s\u00e9curit\u00e9 de rupture de flexible - Bantam Wankm\u00fcller SA","robots":{"index":"index","follow":"follow","max-snippet":"max-snippet:-1","max-image-preview":"max-image-preview:large","max-video-preview":"max-video-preview:-1"},"canonical":"https:\/\/shop.bantam.ch\/fr\/produit\/garniture-de-flexible-haute-pression-avec-securite-de-rupture-de-flexible\/","og_locale":"fr_FR","og_type":"article","og_title":"Garniture de flexible haute pression avec s\u00e9curit\u00e9 de rupture de flexible - Bantam Wankm\u00fcller SA","og_description":"Pour le raccordement \u00e0 tous les r\u00e9gulateurs basse pression \u00e0 montage mural avec entr\u00e9e AG M 20 \u00d7 1,5, en particulier pour le \u00ab\u00a0chauffage en route\u00a0\u00bb sur la valve de la bouteille de gaz. Pour le fonctionnement du chauffage pendant le trajet. Utilisation possible dans toute l&rsquo;Europe gr\u00e2ce \u00e0 l&rsquo;utilisation de lyres flexibles haute pression [&hellip;]","og_url":"https:\/\/shop.bantam.ch\/fr\/produit\/garniture-de-flexible-haute-pression-avec-securite-de-rupture-de-flexible\/","og_site_name":"Bantam Wankm\u00fcller SA","article_modified_time":"2026-04-22T20:30:56+00:00","og_image":[{"width":499,"height":500,"url":"https:\/\/shop.bantam.ch\/wp-content\/uploads\/2023\/02\/995519911.jpg","type":"image\/jpeg"}],"twitter_card":"summary_large_image","twitter_misc":{"Dur\u00e9e de lecture estim\u00e9e":"1 minute"},"schema":{"@context":"https:\/\/schema.org","@graph":[{"@type":"WebPage","@id":"https:\/\/shop.bantam.ch\/fr\/produit\/garniture-de-flexible-haute-pression-avec-securite-de-rupture-de-flexible\/","url":"https:\/\/shop.bantam.ch\/fr\/produit\/garniture-de-flexible-haute-pression-avec-securite-de-rupture-de-flexible\/","name":"Garniture de flexible haute pression avec s\u00e9curit\u00e9 de rupture de flexible - Bantam Wankm\u00fcller SA","isPartOf":{"@id":"https:\/\/shop.bantam.ch\/fr\/#website"},"primaryImageOfPage":{"@id":"https:\/\/shop.bantam.ch\/fr\/produit\/garniture-de-flexible-haute-pression-avec-securite-de-rupture-de-flexible\/#primaryimage"},"image":{"@id":"https:\/\/shop.bantam.ch\/fr\/produit\/garniture-de-flexible-haute-pression-avec-securite-de-rupture-de-flexible\/#primaryimage"},"thumbnailUrl":"https:\/\/shop.bantam.ch\/wp-content\/uploads\/2023\/02\/995519911.jpg","datePublished":"2023-02-28T01:19:24+00:00","dateModified":"2026-04-22T20:30:56+00:00","breadcrumb":{"@id":"https:\/\/shop.bantam.ch\/fr\/produit\/garniture-de-flexible-haute-pression-avec-securite-de-rupture-de-flexible\/#breadcrumb"},"inLanguage":"fr-FR","potentialAction":[{"@type":"ReadAction","target":["https:\/\/shop.bantam.ch\/fr\/produit\/garniture-de-flexible-haute-pression-avec-securite-de-rupture-de-flexible\/"]}]},{"@type":"ImageObject","inLanguage":"fr-FR","@id":"https:\/\/shop.bantam.ch\/fr\/produit\/garniture-de-flexible-haute-pression-avec-securite-de-rupture-de-flexible\/#primaryimage","url":"https:\/\/shop.bantam.ch\/wp-content\/uploads\/2023\/02\/995519911.jpg","contentUrl":"https:\/\/shop.bantam.ch\/wp-content\/uploads\/2023\/02\/995519911.jpg","width":499,"height":500},{"@type":"BreadcrumbList","@id":"https:\/\/shop.bantam.ch\/fr\/produit\/garniture-de-flexible-haute-pression-avec-securite-de-rupture-de-flexible\/#breadcrumb","itemListElement":[{"@type":"ListItem","position":1,"name":"Accueil","item":"https:\/\/shop.bantam.ch\/fr\/"},{"@type":"ListItem","position":2,"name":"Boutique","item":"https:\/\/shop.bantam.ch\/fr\/boutique\/"},{"@type":"ListItem","position":3,"name":"Garniture de flexible haute pression avec s\u00e9curit\u00e9 de rupture de flexible"}]},{"@type":"WebSite","@id":"https:\/\/shop.bantam.ch\/fr\/#website","url":"https:\/\/shop.bantam.ch\/fr\/","name":"Bantam Wankm\u00fcller SA","description":"","publisher":{"@id":"https:\/\/shop.bantam.ch\/fr\/#organization"},"inLanguage":"fr-FR"},{"@type":"Organization","@id":"https:\/\/shop.bantam.ch\/fr\/#organization","name":"Bantam Wankm\u00fcller SA","url":"https:\/\/shop.bantam.ch\/fr\/","logo":{"@type":"ImageObject","inLanguage":"fr-FR","@id":"https:\/\/shop.bantam.ch\/fr\/#\/schema\/logo\/image\/","url":"https:\/\/shop.bantam.ch\/wp-content\/uploads\/2022\/12\/bantam-logo.png","contentUrl":"https:\/\/shop.bantam.ch\/wp-content\/uploads\/2022\/12\/bantam-logo.png","width":320,"height":71,"caption":"Bantam Wankm\u00fcller SA"},"image":{"@id":"https:\/\/shop.bantam.ch\/fr\/#\/schema\/logo\/image\/"}}]}},"_links":{"self":[{"href":"https:\/\/shop.bantam.ch\/fr\/wp-json\/wp\/v2\/product\/83688","targetHints":{"allow":["GET"]}}],"collection":[{"href":"https:\/\/shop.bantam.ch\/fr\/wp-json\/wp\/v2\/product"}],"about":[{"href":"https:\/\/shop.bantam.ch\/fr\/wp-json\/wp\/v2\/types\/product"}],"wp:featuredmedia":[{"embeddable":true,"href":"https:\/\/shop.bantam.ch\/fr\/wp-json\/wp\/v2\/media\/83678"}],"wp:attachment":[{"href":"https:\/\/shop.bantam.ch\/fr\/wp-json\/wp\/v2\/media?parent=83688"}],"wp:term":[{"taxonomy":"product_featured_cat","embeddable":true,"href":"https:\/\/shop.bantam.ch\/fr\/wp-json\/wp\/v2\/product_featured_cat?post=83688"},{"taxonomy":"product_brand","embeddable":true,"href":"https:\/\/shop.bantam.ch\/fr\/wp-json\/wp\/v2\/product_brand?post=83688"},{"taxonomy":"product_cat","embeddable":true,"href":"https:\/\/shop.bantam.ch\/fr\/wp-json\/wp\/v2\/product_cat?post=83688"},{"taxonomy":"product_tag","embeddable":true,"href":"https:\/\/shop.bantam.ch\/fr\/wp-json\/wp\/v2\/product_tag?post=83688"}],"curies":[{"name":"wp","href":"https:\/\/api.w.org\/{rel}","templated":true}]}}