{"id":83370,"date":"2023-02-28T02:15:02","date_gmt":"2023-02-28T01:15:02","guid":{"rendered":"http:\/\/shop.bantam.ch\/produit\/store-de-toit-f45-s-couleur-du-boitier-deep-black-couleur-de-toile-royal-grey\/"},"modified":"2026-04-20T22:31:28","modified_gmt":"2026-04-20T20:31:28","slug":"store-de-toit-f45-s-couleur-du-boitier-deep-black-couleur-de-toile-royal-grey","status":"publish","type":"product","link":"https:\/\/shop.bantam.ch\/fr\/produit\/store-de-toit-f45-s-couleur-du-boitier-deep-black-couleur-de-toile-royal-grey\/","title":{"rendered":"Store de toit F45 S couleur du bo\u00eetier deep black, couleur de toile royal grey"},"content":{"rendered":"<p>Stores classiques \u00e0 manivelle pour montage sur parois de camping-cars, caravanes ou fourgons.<\/p>\n<ul>\n<li>Auto-Lock = transmission de s\u00e9curit\u00e9 autobloquante permettant une ouverture et une fermeture silencieuses et rapides<\/li>\n<li>Dual Security = indique que le cache avant est correctement ferm\u00e9<\/li>\n<li>Le syst\u00e8me Dual Shock-Absorber prot\u00e8ge les bras articul\u00e9s.<\/li>\n<li>Tension parfaite de la toile, gr\u00e2ce au support d\u2019enroulement.<\/li>\n<li>Bras articul\u00e9s renforc\u00e9s avec double tension du c\u00e2ble et articulation de pieds renforc\u00e9e.<\/li>\n<li>Articulations de pieds renforc\u00e9es<\/li>\n<li>Gr\u00e2ce au double rail de tr\u00e9pointe sur la partie avant, il est possible d\u2019utiliser simultan\u00e9ment l&rsquo;auvent de store et, par ex., le Sun Blocker.<\/li>\n<li>Goutti\u00e8re dans le bandeau frontal<\/li>\n<li>Nombreux accessoires tels qu\u2018auvent de store, lampes LED, Sun- et Rainblocker, etc.<\/li>\n<li>Kit de montage au mur AS fourni<\/li>\n<\/ul>\n<p>Mat\u00e9riau\u00a0:<br \/>en toile PVC<br \/>boitier : aluminium<\/p>\n<p>\u00a0<\/p>\n","protected":false},"excerpt":{"rendered":"<p>Stores classiques \u00e0 manivelle pour montage sur parois de camping-cars, caravanes ou fourgons. Auto-Lock = transmission de s\u00e9curit\u00e9 autobloquante permettant une ouverture et une fermeture silencieuses et rapides Dual Security = indique que le cache avant est correctement ferm\u00e9 Le syst\u00e8me Dual Shock-Absorber prot\u00e8ge les bras articul\u00e9s. Tension parfaite de la toile, gr\u00e2ce au support [&hellip;]<\/p>\n","protected":false},"featured_media":83338,"template":"","meta":{"_acf_changed":false},"product_featured_cat":[],"product_brand":[3034],"product_cat":[4213],"product_tag":[],"class_list":{"0":"post-83370","1":"product","2":"type-product","3":"status-publish","4":"has-post-thumbnail","6":"product_brand-fiamma","7":"product_cat-stores-a-cassette","9":"first","10":"instock","11":"taxable","12":"shipping-taxable","13":"purchasable","14":"product-type-variable"},"acf":[],"yoast_head":"<!-- This site is optimized with the Yoast SEO plugin v27.4 - https:\/\/yoast.com\/product\/yoast-seo-wordpress\/ -->\n<title>Store de toit F45 S couleur du bo\u00eetier deep black, couleur de toile royal grey - Bantam Wankm\u00fcller SA<\/title>\n<meta name=\"robots\" content=\"index, follow, max-snippet:-1, max-image-preview:large, max-video-preview:-1\" \/>\n<link rel=\"canonical\" href=\"https:\/\/shop.bantam.ch\/fr\/produit\/store-de-toit-f45-s-couleur-du-boitier-deep-black-couleur-de-toile-royal-grey\/\" \/>\n<meta property=\"og:locale\" content=\"fr_FR\" \/>\n<meta property=\"og:type\" content=\"article\" \/>\n<meta property=\"og:title\" content=\"Store de toit F45 S couleur du bo\u00eetier deep black, couleur de toile royal grey - Bantam Wankm\u00fcller SA\" \/>\n<meta property=\"og:description\" content=\"Stores classiques \u00e0 manivelle pour montage sur parois de camping-cars, caravanes ou fourgons. Auto-Lock = transmission de s\u00e9curit\u00e9 autobloquante permettant une ouverture et une fermeture silencieuses et rapides Dual Security = indique que le cache avant est correctement ferm\u00e9 Le syst\u00e8me Dual Shock-Absorber prot\u00e8ge les bras articul\u00e9s. Tension parfaite de la toile, gr\u00e2ce au support [&hellip;]\" \/>\n<meta property=\"og:url\" content=\"https:\/\/shop.bantam.ch\/fr\/produit\/store-de-toit-f45-s-couleur-du-boitier-deep-black-couleur-de-toile-royal-grey\/\" \/>\n<meta property=\"og:site_name\" content=\"Bantam Wankm\u00fcller SA\" \/>\n<meta property=\"article:modified_time\" content=\"2026-04-20T20:31:28+00:00\" \/>\n<meta property=\"og:image\" content=\"https:\/\/shop.bantam.ch\/wp-content\/uploads\/2023\/02\/995185511.jpg\" \/>\n\t<meta property=\"og:image:width\" content=\"1000\" \/>\n\t<meta property=\"og:image:height\" content=\"343\" \/>\n\t<meta property=\"og:image:type\" content=\"image\/jpeg\" \/>\n<meta name=\"twitter:card\" content=\"summary_large_image\" \/>\n<meta name=\"twitter:label1\" content=\"Dur\u00e9e de lecture estim\u00e9e\" \/>\n\t<meta name=\"twitter:data1\" content=\"1 minute\" \/>\n<script type=\"application\/ld+json\" class=\"yoast-schema-graph\">{\"@context\":\"https:\\\/\\\/schema.org\",\"@graph\":[{\"@type\":\"WebPage\",\"@id\":\"https:\\\/\\\/shop.bantam.ch\\\/fr\\\/produit\\\/store-de-toit-f45-s-couleur-du-boitier-deep-black-couleur-de-toile-royal-grey\\\/\",\"url\":\"https:\\\/\\\/shop.bantam.ch\\\/fr\\\/produit\\\/store-de-toit-f45-s-couleur-du-boitier-deep-black-couleur-de-toile-royal-grey\\\/\",\"name\":\"Store de toit F45 S couleur du bo\u00eetier deep black, couleur de toile royal grey - Bantam Wankm\u00fcller SA\",\"isPartOf\":{\"@id\":\"https:\\\/\\\/shop.bantam.ch\\\/fr\\\/#website\"},\"primaryImageOfPage\":{\"@id\":\"https:\\\/\\\/shop.bantam.ch\\\/fr\\\/produit\\\/store-de-toit-f45-s-couleur-du-boitier-deep-black-couleur-de-toile-royal-grey\\\/#primaryimage\"},\"image\":{\"@id\":\"https:\\\/\\\/shop.bantam.ch\\\/fr\\\/produit\\\/store-de-toit-f45-s-couleur-du-boitier-deep-black-couleur-de-toile-royal-grey\\\/#primaryimage\"},\"thumbnailUrl\":\"https:\\\/\\\/shop.bantam.ch\\\/wp-content\\\/uploads\\\/2023\\\/02\\\/995185511.jpg\",\"datePublished\":\"2023-02-28T01:15:02+00:00\",\"dateModified\":\"2026-04-20T20:31:28+00:00\",\"breadcrumb\":{\"@id\":\"https:\\\/\\\/shop.bantam.ch\\\/fr\\\/produit\\\/store-de-toit-f45-s-couleur-du-boitier-deep-black-couleur-de-toile-royal-grey\\\/#breadcrumb\"},\"inLanguage\":\"fr-FR\",\"potentialAction\":[{\"@type\":\"ReadAction\",\"target\":[\"https:\\\/\\\/shop.bantam.ch\\\/fr\\\/produit\\\/store-de-toit-f45-s-couleur-du-boitier-deep-black-couleur-de-toile-royal-grey\\\/\"]}]},{\"@type\":\"ImageObject\",\"inLanguage\":\"fr-FR\",\"@id\":\"https:\\\/\\\/shop.bantam.ch\\\/fr\\\/produit\\\/store-de-toit-f45-s-couleur-du-boitier-deep-black-couleur-de-toile-royal-grey\\\/#primaryimage\",\"url\":\"https:\\\/\\\/shop.bantam.ch\\\/wp-content\\\/uploads\\\/2023\\\/02\\\/995185511.jpg\",\"contentUrl\":\"https:\\\/\\\/shop.bantam.ch\\\/wp-content\\\/uploads\\\/2023\\\/02\\\/995185511.jpg\",\"width\":1000,\"height\":343},{\"@type\":\"BreadcrumbList\",\"@id\":\"https:\\\/\\\/shop.bantam.ch\\\/fr\\\/produit\\\/store-de-toit-f45-s-couleur-du-boitier-deep-black-couleur-de-toile-royal-grey\\\/#breadcrumb\",\"itemListElement\":[{\"@type\":\"ListItem\",\"position\":1,\"name\":\"Accueil\",\"item\":\"https:\\\/\\\/shop.bantam.ch\\\/fr\\\/\"},{\"@type\":\"ListItem\",\"position\":2,\"name\":\"Boutique\",\"item\":\"https:\\\/\\\/shop.bantam.ch\\\/fr\\\/boutique\\\/\"},{\"@type\":\"ListItem\",\"position\":3,\"name\":\"Store de toit F45 S couleur du bo\u00eetier deep black, couleur de toile royal grey\"}]},{\"@type\":\"WebSite\",\"@id\":\"https:\\\/\\\/shop.bantam.ch\\\/fr\\\/#website\",\"url\":\"https:\\\/\\\/shop.bantam.ch\\\/fr\\\/\",\"name\":\"Bantam Wankm\u00fcller SA\",\"description\":\"\",\"publisher\":{\"@id\":\"https:\\\/\\\/shop.bantam.ch\\\/fr\\\/#organization\"},\"inLanguage\":\"fr-FR\"},{\"@type\":\"Organization\",\"@id\":\"https:\\\/\\\/shop.bantam.ch\\\/fr\\\/#organization\",\"name\":\"Bantam Wankm\u00fcller SA\",\"url\":\"https:\\\/\\\/shop.bantam.ch\\\/fr\\\/\",\"logo\":{\"@type\":\"ImageObject\",\"inLanguage\":\"fr-FR\",\"@id\":\"https:\\\/\\\/shop.bantam.ch\\\/fr\\\/#\\\/schema\\\/logo\\\/image\\\/\",\"url\":\"https:\\\/\\\/shop.bantam.ch\\\/wp-content\\\/uploads\\\/2022\\\/12\\\/bantam-logo.png\",\"contentUrl\":\"https:\\\/\\\/shop.bantam.ch\\\/wp-content\\\/uploads\\\/2022\\\/12\\\/bantam-logo.png\",\"width\":320,\"height\":71,\"caption\":\"Bantam Wankm\u00fcller SA\"},\"image\":{\"@id\":\"https:\\\/\\\/shop.bantam.ch\\\/fr\\\/#\\\/schema\\\/logo\\\/image\\\/\"}}]}<\/script>\n<!-- \/ Yoast SEO plugin. -->","yoast_head_json":{"title":"Store de toit F45 S couleur du bo\u00eetier deep black, couleur de toile royal grey - Bantam Wankm\u00fcller SA","robots":{"index":"index","follow":"follow","max-snippet":"max-snippet:-1","max-image-preview":"max-image-preview:large","max-video-preview":"max-video-preview:-1"},"canonical":"https:\/\/shop.bantam.ch\/fr\/produit\/store-de-toit-f45-s-couleur-du-boitier-deep-black-couleur-de-toile-royal-grey\/","og_locale":"fr_FR","og_type":"article","og_title":"Store de toit F45 S couleur du bo\u00eetier deep black, couleur de toile royal grey - Bantam Wankm\u00fcller SA","og_description":"Stores classiques \u00e0 manivelle pour montage sur parois de camping-cars, caravanes ou fourgons. Auto-Lock = transmission de s\u00e9curit\u00e9 autobloquante permettant une ouverture et une fermeture silencieuses et rapides Dual Security = indique que le cache avant est correctement ferm\u00e9 Le syst\u00e8me Dual Shock-Absorber prot\u00e8ge les bras articul\u00e9s. Tension parfaite de la toile, gr\u00e2ce au support [&hellip;]","og_url":"https:\/\/shop.bantam.ch\/fr\/produit\/store-de-toit-f45-s-couleur-du-boitier-deep-black-couleur-de-toile-royal-grey\/","og_site_name":"Bantam Wankm\u00fcller SA","article_modified_time":"2026-04-20T20:31:28+00:00","og_image":[{"width":1000,"height":343,"url":"https:\/\/shop.bantam.ch\/wp-content\/uploads\/2023\/02\/995185511.jpg","type":"image\/jpeg"}],"twitter_card":"summary_large_image","twitter_misc":{"Dur\u00e9e de lecture estim\u00e9e":"1 minute"},"schema":{"@context":"https:\/\/schema.org","@graph":[{"@type":"WebPage","@id":"https:\/\/shop.bantam.ch\/fr\/produit\/store-de-toit-f45-s-couleur-du-boitier-deep-black-couleur-de-toile-royal-grey\/","url":"https:\/\/shop.bantam.ch\/fr\/produit\/store-de-toit-f45-s-couleur-du-boitier-deep-black-couleur-de-toile-royal-grey\/","name":"Store de toit F45 S couleur du bo\u00eetier deep black, couleur de toile royal grey - Bantam Wankm\u00fcller SA","isPartOf":{"@id":"https:\/\/shop.bantam.ch\/fr\/#website"},"primaryImageOfPage":{"@id":"https:\/\/shop.bantam.ch\/fr\/produit\/store-de-toit-f45-s-couleur-du-boitier-deep-black-couleur-de-toile-royal-grey\/#primaryimage"},"image":{"@id":"https:\/\/shop.bantam.ch\/fr\/produit\/store-de-toit-f45-s-couleur-du-boitier-deep-black-couleur-de-toile-royal-grey\/#primaryimage"},"thumbnailUrl":"https:\/\/shop.bantam.ch\/wp-content\/uploads\/2023\/02\/995185511.jpg","datePublished":"2023-02-28T01:15:02+00:00","dateModified":"2026-04-20T20:31:28+00:00","breadcrumb":{"@id":"https:\/\/shop.bantam.ch\/fr\/produit\/store-de-toit-f45-s-couleur-du-boitier-deep-black-couleur-de-toile-royal-grey\/#breadcrumb"},"inLanguage":"fr-FR","potentialAction":[{"@type":"ReadAction","target":["https:\/\/shop.bantam.ch\/fr\/produit\/store-de-toit-f45-s-couleur-du-boitier-deep-black-couleur-de-toile-royal-grey\/"]}]},{"@type":"ImageObject","inLanguage":"fr-FR","@id":"https:\/\/shop.bantam.ch\/fr\/produit\/store-de-toit-f45-s-couleur-du-boitier-deep-black-couleur-de-toile-royal-grey\/#primaryimage","url":"https:\/\/shop.bantam.ch\/wp-content\/uploads\/2023\/02\/995185511.jpg","contentUrl":"https:\/\/shop.bantam.ch\/wp-content\/uploads\/2023\/02\/995185511.jpg","width":1000,"height":343},{"@type":"BreadcrumbList","@id":"https:\/\/shop.bantam.ch\/fr\/produit\/store-de-toit-f45-s-couleur-du-boitier-deep-black-couleur-de-toile-royal-grey\/#breadcrumb","itemListElement":[{"@type":"ListItem","position":1,"name":"Accueil","item":"https:\/\/shop.bantam.ch\/fr\/"},{"@type":"ListItem","position":2,"name":"Boutique","item":"https:\/\/shop.bantam.ch\/fr\/boutique\/"},{"@type":"ListItem","position":3,"name":"Store de toit F45 S couleur du bo\u00eetier deep black, couleur de toile royal grey"}]},{"@type":"WebSite","@id":"https:\/\/shop.bantam.ch\/fr\/#website","url":"https:\/\/shop.bantam.ch\/fr\/","name":"Bantam Wankm\u00fcller SA","description":"","publisher":{"@id":"https:\/\/shop.bantam.ch\/fr\/#organization"},"inLanguage":"fr-FR"},{"@type":"Organization","@id":"https:\/\/shop.bantam.ch\/fr\/#organization","name":"Bantam Wankm\u00fcller SA","url":"https:\/\/shop.bantam.ch\/fr\/","logo":{"@type":"ImageObject","inLanguage":"fr-FR","@id":"https:\/\/shop.bantam.ch\/fr\/#\/schema\/logo\/image\/","url":"https:\/\/shop.bantam.ch\/wp-content\/uploads\/2022\/12\/bantam-logo.png","contentUrl":"https:\/\/shop.bantam.ch\/wp-content\/uploads\/2022\/12\/bantam-logo.png","width":320,"height":71,"caption":"Bantam Wankm\u00fcller SA"},"image":{"@id":"https:\/\/shop.bantam.ch\/fr\/#\/schema\/logo\/image\/"}}]}},"_links":{"self":[{"href":"https:\/\/shop.bantam.ch\/fr\/wp-json\/wp\/v2\/product\/83370","targetHints":{"allow":["GET"]}}],"collection":[{"href":"https:\/\/shop.bantam.ch\/fr\/wp-json\/wp\/v2\/product"}],"about":[{"href":"https:\/\/shop.bantam.ch\/fr\/wp-json\/wp\/v2\/types\/product"}],"wp:featuredmedia":[{"embeddable":true,"href":"https:\/\/shop.bantam.ch\/fr\/wp-json\/wp\/v2\/media\/83338"}],"wp:attachment":[{"href":"https:\/\/shop.bantam.ch\/fr\/wp-json\/wp\/v2\/media?parent=83370"}],"wp:term":[{"taxonomy":"product_featured_cat","embeddable":true,"href":"https:\/\/shop.bantam.ch\/fr\/wp-json\/wp\/v2\/product_featured_cat?post=83370"},{"taxonomy":"product_brand","embeddable":true,"href":"https:\/\/shop.bantam.ch\/fr\/wp-json\/wp\/v2\/product_brand?post=83370"},{"taxonomy":"product_cat","embeddable":true,"href":"https:\/\/shop.bantam.ch\/fr\/wp-json\/wp\/v2\/product_cat?post=83370"},{"taxonomy":"product_tag","embeddable":true,"href":"https:\/\/shop.bantam.ch\/fr\/wp-json\/wp\/v2\/product_tag?post=83370"}],"curies":[{"name":"wp","href":"https:\/\/api.w.org\/{rel}","templated":true}]}}