{"id":83304,"date":"2023-02-28T02:14:05","date_gmt":"2023-02-28T01:14:05","guid":{"rendered":"http:\/\/shop.bantam.ch\/produit\/onduleur-2\/"},"modified":"2026-05-01T22:28:47","modified_gmt":"2026-05-01T20:28:47","slug":"onduleur-2","status":"publish","type":"product","link":"https:\/\/shop.bantam.ch\/fr\/produit\/onduleur-2\/","title":{"rendered":"Onduleur"},"content":{"rendered":"<p>Tous les appareils MT fonctionnent comme onduleurs \u00e0 tension. Tous les onduleurs garantissent ainsi le fonctionnement illimit\u00e9 m\u00eame des consommateurs sensibles (par ex. des machines \u00e0 caf\u00e9, des aspirateurs avec commande par capteurs et des autres appareils hautement sensibles). Tous les appareils peuvent \u00eatre soumis \u00e0 des surcharges, ils sont \u00e9quip\u00e9s de ventilateurs silencieux et de fonctions de surveillance et de d\u00e9sactivation. Le module de commande avec fonctions d\u2019affichage est amovible et peut \u00eatre mont\u00e9 comme une t\u00e9l\u00e9commande dans le v\u00e9hicule.  Un syst\u00e8me de reconnaissance de charge int\u00e9gr\u00e9 met les appareils en mode d\u2019\u00e9conomie d\u2019\u00e9nergie lorsqu\u2019ils ne sont pas utilis\u00e9s et les \u00e9teint compl\u00e8tement automatiquement si besoin.  L\u2019appareil MT 300SI-N convient pour l\u2019utilisation d\u2019appareils m\u00e9nagers, d\u2019une TV\/SAT, d\u2019appareils vid\u00e9o, DVD, ordinateurs ou chargeurs de batteries. Pour des consommateurs plus importants, des appareils de 1 200 W ou 1 700W sont disponibles.<\/p>\n<p>Contenu de la livraison :<br \/>Avec prise<br \/>C\u00e2ble de batterie 1,2 m <br \/>C\u00e2ble de rallonge de 5\u00a0m pour la commande int\u00e9rieure<\/p>\n","protected":false},"excerpt":{"rendered":"<p>Tous les appareils MT fonctionnent comme onduleurs \u00e0 tension. Tous les onduleurs garantissent ainsi le fonctionnement illimit\u00e9 m\u00eame des consommateurs sensibles (par ex. des machines \u00e0 caf\u00e9, des aspirateurs avec commande par capteurs et des autres appareils hautement sensibles). Tous les appareils peuvent \u00eatre soumis \u00e0 des surcharges, ils sont \u00e9quip\u00e9s de ventilateurs silencieux et [&hellip;]<\/p>\n","protected":false},"featured_media":83278,"template":"","meta":{"_acf_changed":false},"product_featured_cat":[],"product_brand":[3068],"product_cat":[4169],"product_tag":[],"class_list":{"0":"post-83304","1":"product","2":"type-product","3":"status-publish","4":"has-post-thumbnail","6":"product_brand-buttner-elektronik","7":"product_cat-onduleurs","9":"first","10":"instock","11":"taxable","12":"shipping-taxable","13":"purchasable","14":"product-type-variable"},"acf":[],"yoast_head":"<!-- This site is optimized with the Yoast SEO plugin v27.5 - https:\/\/yoast.com\/product\/yoast-seo-wordpress\/ -->\n<title>Onduleur - Bantam<\/title>\n<meta name=\"robots\" content=\"index, follow, max-snippet:-1, max-image-preview:large, max-video-preview:-1\" \/>\n<link rel=\"canonical\" href=\"https:\/\/shop.bantam.ch\/fr\/produit\/onduleur-2\/\" \/>\n<meta property=\"og:locale\" content=\"fr_FR\" \/>\n<meta property=\"og:type\" content=\"article\" \/>\n<meta property=\"og:title\" content=\"Onduleur - Bantam\" \/>\n<meta property=\"og:description\" content=\"Tous les appareils MT fonctionnent comme onduleurs \u00e0 tension. Tous les onduleurs garantissent ainsi le fonctionnement illimit\u00e9 m\u00eame des consommateurs sensibles (par ex. des machines \u00e0 caf\u00e9, des aspirateurs avec commande par capteurs et des autres appareils hautement sensibles). Tous les appareils peuvent \u00eatre soumis \u00e0 des surcharges, ils sont \u00e9quip\u00e9s de ventilateurs silencieux et [&hellip;]\" \/>\n<meta property=\"og:url\" content=\"https:\/\/shop.bantam.ch\/fr\/produit\/onduleur-2\/\" \/>\n<meta property=\"og:site_name\" content=\"Bantam\" \/>\n<meta property=\"article:modified_time\" content=\"2026-05-01T20:28:47+00:00\" \/>\n<meta property=\"og:image\" content=\"https:\/\/shop.bantam.ch\/wp-content\/uploads\/2023\/02\/993071212.jpg\" \/>\n\t<meta property=\"og:image:width\" content=\"1000\" \/>\n\t<meta property=\"og:image:height\" content=\"697\" \/>\n\t<meta property=\"og:image:type\" content=\"image\/jpeg\" \/>\n<meta name=\"twitter:card\" content=\"summary_large_image\" \/>\n<meta name=\"twitter:label1\" content=\"Dur\u00e9e de lecture estim\u00e9e\" \/>\n\t<meta name=\"twitter:data1\" content=\"1 minute\" \/>\n<script type=\"application\/ld+json\" class=\"yoast-schema-graph\">{\"@context\":\"https:\\\/\\\/schema.org\",\"@graph\":[{\"@type\":\"WebPage\",\"@id\":\"https:\\\/\\\/shop.bantam.ch\\\/fr\\\/produit\\\/onduleur-2\\\/\",\"url\":\"https:\\\/\\\/shop.bantam.ch\\\/fr\\\/produit\\\/onduleur-2\\\/\",\"name\":\"Onduleur - Bantam\",\"isPartOf\":{\"@id\":\"https:\\\/\\\/shop.bantam.ch\\\/fr\\\/#website\"},\"primaryImageOfPage\":{\"@id\":\"https:\\\/\\\/shop.bantam.ch\\\/fr\\\/produit\\\/onduleur-2\\\/#primaryimage\"},\"image\":{\"@id\":\"https:\\\/\\\/shop.bantam.ch\\\/fr\\\/produit\\\/onduleur-2\\\/#primaryimage\"},\"thumbnailUrl\":\"https:\\\/\\\/shop.bantam.ch\\\/wp-content\\\/uploads\\\/2023\\\/02\\\/993071212.jpg\",\"datePublished\":\"2023-02-28T01:14:05+00:00\",\"dateModified\":\"2026-05-01T20:28:47+00:00\",\"breadcrumb\":{\"@id\":\"https:\\\/\\\/shop.bantam.ch\\\/fr\\\/produit\\\/onduleur-2\\\/#breadcrumb\"},\"inLanguage\":\"fr-FR\",\"potentialAction\":[{\"@type\":\"ReadAction\",\"target\":[\"https:\\\/\\\/shop.bantam.ch\\\/fr\\\/produit\\\/onduleur-2\\\/\"]}]},{\"@type\":\"ImageObject\",\"inLanguage\":\"fr-FR\",\"@id\":\"https:\\\/\\\/shop.bantam.ch\\\/fr\\\/produit\\\/onduleur-2\\\/#primaryimage\",\"url\":\"https:\\\/\\\/shop.bantam.ch\\\/wp-content\\\/uploads\\\/2023\\\/02\\\/993071212.jpg\",\"contentUrl\":\"https:\\\/\\\/shop.bantam.ch\\\/wp-content\\\/uploads\\\/2023\\\/02\\\/993071212.jpg\",\"width\":1000,\"height\":697},{\"@type\":\"BreadcrumbList\",\"@id\":\"https:\\\/\\\/shop.bantam.ch\\\/fr\\\/produit\\\/onduleur-2\\\/#breadcrumb\",\"itemListElement\":[{\"@type\":\"ListItem\",\"position\":1,\"name\":\"Accueil\",\"item\":\"https:\\\/\\\/shop.bantam.ch\\\/fr\\\/\"},{\"@type\":\"ListItem\",\"position\":2,\"name\":\"Boutique\",\"item\":\"https:\\\/\\\/shop.bantam.ch\\\/fr\\\/boutique\\\/\"},{\"@type\":\"ListItem\",\"position\":3,\"name\":\"Onduleur\"}]},{\"@type\":\"WebSite\",\"@id\":\"https:\\\/\\\/shop.bantam.ch\\\/fr\\\/#website\",\"url\":\"https:\\\/\\\/shop.bantam.ch\\\/fr\\\/\",\"name\":\"Bantam\",\"description\":\"\",\"publisher\":{\"@id\":\"https:\\\/\\\/shop.bantam.ch\\\/fr\\\/#organization\"},\"inLanguage\":\"fr-FR\"},{\"@type\":\"Organization\",\"@id\":\"https:\\\/\\\/shop.bantam.ch\\\/fr\\\/#organization\",\"name\":\"Bantam\",\"url\":\"https:\\\/\\\/shop.bantam.ch\\\/fr\\\/\",\"logo\":{\"@type\":\"ImageObject\",\"inLanguage\":\"fr-FR\",\"@id\":\"https:\\\/\\\/shop.bantam.ch\\\/fr\\\/#\\\/schema\\\/logo\\\/image\\\/\",\"url\":\"https:\\\/\\\/shop.bantam.ch\\\/wp-content\\\/uploads\\\/2022\\\/12\\\/bantam-logo.png\",\"contentUrl\":\"https:\\\/\\\/shop.bantam.ch\\\/wp-content\\\/uploads\\\/2022\\\/12\\\/bantam-logo.png\",\"width\":320,\"height\":71,\"caption\":\"Bantam\"},\"image\":{\"@id\":\"https:\\\/\\\/shop.bantam.ch\\\/fr\\\/#\\\/schema\\\/logo\\\/image\\\/\"}}]}<\/script>\n<!-- \/ Yoast SEO plugin. -->","yoast_head_json":{"title":"Onduleur - Bantam","robots":{"index":"index","follow":"follow","max-snippet":"max-snippet:-1","max-image-preview":"max-image-preview:large","max-video-preview":"max-video-preview:-1"},"canonical":"https:\/\/shop.bantam.ch\/fr\/produit\/onduleur-2\/","og_locale":"fr_FR","og_type":"article","og_title":"Onduleur - Bantam","og_description":"Tous les appareils MT fonctionnent comme onduleurs \u00e0 tension. Tous les onduleurs garantissent ainsi le fonctionnement illimit\u00e9 m\u00eame des consommateurs sensibles (par ex. des machines \u00e0 caf\u00e9, des aspirateurs avec commande par capteurs et des autres appareils hautement sensibles). Tous les appareils peuvent \u00eatre soumis \u00e0 des surcharges, ils sont \u00e9quip\u00e9s de ventilateurs silencieux et [&hellip;]","og_url":"https:\/\/shop.bantam.ch\/fr\/produit\/onduleur-2\/","og_site_name":"Bantam","article_modified_time":"2026-05-01T20:28:47+00:00","og_image":[{"width":1000,"height":697,"url":"https:\/\/shop.bantam.ch\/wp-content\/uploads\/2023\/02\/993071212.jpg","type":"image\/jpeg"}],"twitter_card":"summary_large_image","twitter_misc":{"Dur\u00e9e de lecture estim\u00e9e":"1 minute"},"schema":{"@context":"https:\/\/schema.org","@graph":[{"@type":"WebPage","@id":"https:\/\/shop.bantam.ch\/fr\/produit\/onduleur-2\/","url":"https:\/\/shop.bantam.ch\/fr\/produit\/onduleur-2\/","name":"Onduleur - Bantam","isPartOf":{"@id":"https:\/\/shop.bantam.ch\/fr\/#website"},"primaryImageOfPage":{"@id":"https:\/\/shop.bantam.ch\/fr\/produit\/onduleur-2\/#primaryimage"},"image":{"@id":"https:\/\/shop.bantam.ch\/fr\/produit\/onduleur-2\/#primaryimage"},"thumbnailUrl":"https:\/\/shop.bantam.ch\/wp-content\/uploads\/2023\/02\/993071212.jpg","datePublished":"2023-02-28T01:14:05+00:00","dateModified":"2026-05-01T20:28:47+00:00","breadcrumb":{"@id":"https:\/\/shop.bantam.ch\/fr\/produit\/onduleur-2\/#breadcrumb"},"inLanguage":"fr-FR","potentialAction":[{"@type":"ReadAction","target":["https:\/\/shop.bantam.ch\/fr\/produit\/onduleur-2\/"]}]},{"@type":"ImageObject","inLanguage":"fr-FR","@id":"https:\/\/shop.bantam.ch\/fr\/produit\/onduleur-2\/#primaryimage","url":"https:\/\/shop.bantam.ch\/wp-content\/uploads\/2023\/02\/993071212.jpg","contentUrl":"https:\/\/shop.bantam.ch\/wp-content\/uploads\/2023\/02\/993071212.jpg","width":1000,"height":697},{"@type":"BreadcrumbList","@id":"https:\/\/shop.bantam.ch\/fr\/produit\/onduleur-2\/#breadcrumb","itemListElement":[{"@type":"ListItem","position":1,"name":"Accueil","item":"https:\/\/shop.bantam.ch\/fr\/"},{"@type":"ListItem","position":2,"name":"Boutique","item":"https:\/\/shop.bantam.ch\/fr\/boutique\/"},{"@type":"ListItem","position":3,"name":"Onduleur"}]},{"@type":"WebSite","@id":"https:\/\/shop.bantam.ch\/fr\/#website","url":"https:\/\/shop.bantam.ch\/fr\/","name":"Bantam","description":"","publisher":{"@id":"https:\/\/shop.bantam.ch\/fr\/#organization"},"inLanguage":"fr-FR"},{"@type":"Organization","@id":"https:\/\/shop.bantam.ch\/fr\/#organization","name":"Bantam","url":"https:\/\/shop.bantam.ch\/fr\/","logo":{"@type":"ImageObject","inLanguage":"fr-FR","@id":"https:\/\/shop.bantam.ch\/fr\/#\/schema\/logo\/image\/","url":"https:\/\/shop.bantam.ch\/wp-content\/uploads\/2022\/12\/bantam-logo.png","contentUrl":"https:\/\/shop.bantam.ch\/wp-content\/uploads\/2022\/12\/bantam-logo.png","width":320,"height":71,"caption":"Bantam"},"image":{"@id":"https:\/\/shop.bantam.ch\/fr\/#\/schema\/logo\/image\/"}}]}},"_links":{"self":[{"href":"https:\/\/shop.bantam.ch\/fr\/wp-json\/wp\/v2\/product\/83304","targetHints":{"allow":["GET"]}}],"collection":[{"href":"https:\/\/shop.bantam.ch\/fr\/wp-json\/wp\/v2\/product"}],"about":[{"href":"https:\/\/shop.bantam.ch\/fr\/wp-json\/wp\/v2\/types\/product"}],"wp:featuredmedia":[{"embeddable":true,"href":"https:\/\/shop.bantam.ch\/fr\/wp-json\/wp\/v2\/media\/83278"}],"wp:attachment":[{"href":"https:\/\/shop.bantam.ch\/fr\/wp-json\/wp\/v2\/media?parent=83304"}],"wp:term":[{"taxonomy":"product_featured_cat","embeddable":true,"href":"https:\/\/shop.bantam.ch\/fr\/wp-json\/wp\/v2\/product_featured_cat?post=83304"},{"taxonomy":"product_brand","embeddable":true,"href":"https:\/\/shop.bantam.ch\/fr\/wp-json\/wp\/v2\/product_brand?post=83304"},{"taxonomy":"product_cat","embeddable":true,"href":"https:\/\/shop.bantam.ch\/fr\/wp-json\/wp\/v2\/product_cat?post=83304"},{"taxonomy":"product_tag","embeddable":true,"href":"https:\/\/shop.bantam.ch\/fr\/wp-json\/wp\/v2\/product_tag?post=83304"}],"curies":[{"name":"wp","href":"https:\/\/api.w.org\/{rel}","templated":true}]}}