{"id":83120,"date":"2023-02-28T02:11:00","date_gmt":"2023-02-28T01:11:00","guid":{"rendered":"http:\/\/shop.bantam.ch\/produit\/porte-velos-esse4-cd-3-roues\/"},"modified":"2026-04-19T21:26:33","modified_gmt":"2026-04-19T19:26:33","slug":"porte-velos-esse4-cd-3-roues","status":"publish","type":"product","link":"https:\/\/shop.bantam.ch\/fr\/produit\/porte-velos-esse4-cd-3-roues\/","title":{"rendered":"Porte-v\u00e9los Thule Esse4 CD pr Carado, Sunlight, Dethleffs 3 v\u00e9los, charge admise 60 kg"},"content":{"rendered":"<p>Pour la paroi arri\u00e8re verticale de camping-cars\/caravanes, convient \u00e0 Carado, Sunlight. Dethleffs. Rails r\u00e9glables de la gauche vers la droite. Les bandeaux d\u2019attache de jantes bloquent les v\u00e9los pendant le transport et les fixations coulissantes pour cadre de v\u00e9lo maintiennent les v\u00e9los dans la bonne position. La plate-forme se verrouille manuellement et peut facilement \u00eatre bloqu\u00e9e en position redress\u00e9e quand elle n\u2019est pas utilis\u00e9e.\u00a0<\/p>\n<ul>\n<li>3 roues<\/li>\n<li>Extensible jusqu\u2019\u00e0 4 v\u00e9los<\/li>\n<li>Charge admise par rail 19 kg<\/li>\n<li>Distance entre les rails de roue 15 cm<\/li>\n<\/ul>\n","protected":false},"excerpt":{"rendered":"<p>Pour la paroi arri\u00e8re verticale de camping-cars\/caravanes, convient \u00e0 Carado, Sunlight. Dethleffs. Rails r\u00e9glables de la gauche vers la droite. Les bandeaux d\u2019attache de jantes bloquent les v\u00e9los pendant le transport et les fixations coulissantes pour cadre de v\u00e9lo maintiennent les v\u00e9los dans la bonne position. La plate-forme se verrouille manuellement et peut facilement \u00eatre [&hellip;]<\/p>\n","protected":false},"featured_media":83116,"template":"","meta":{"_acf_changed":false},"product_featured_cat":[],"product_brand":[3046],"product_cat":[5137],"product_tag":[],"class_list":{"0":"post-83120","1":"product","2":"type-product","3":"status-publish","4":"has-post-thumbnail","6":"product_brand-thule","7":"product_cat-porte-velos-arriere","9":"first","10":"instock","11":"taxable","12":"shipping-taxable","13":"purchasable","14":"product-type-simple"},"acf":[],"yoast_head":"<!-- This site is optimized with the Yoast SEO plugin v27.4 - https:\/\/yoast.com\/product\/yoast-seo-wordpress\/ -->\n<title>Porte-v\u00e9los Thule Esse4 CD pr Carado, Sunlight, Dethleffs 3 v\u00e9los, charge admise 60 kg - Bantam Wankm\u00fcller SA<\/title>\n<meta name=\"robots\" content=\"index, follow, max-snippet:-1, max-image-preview:large, max-video-preview:-1\" \/>\n<link rel=\"canonical\" href=\"https:\/\/shop.bantam.ch\/fr\/produit\/porte-velos-esse4-cd-3-roues\/\" \/>\n<meta property=\"og:locale\" content=\"fr_FR\" \/>\n<meta property=\"og:type\" content=\"article\" \/>\n<meta property=\"og:title\" content=\"Porte-v\u00e9los Thule Esse4 CD pr Carado, Sunlight, Dethleffs 3 v\u00e9los, charge admise 60 kg - Bantam Wankm\u00fcller SA\" \/>\n<meta property=\"og:description\" content=\"Pour la paroi arri\u00e8re verticale de camping-cars\/caravanes, convient \u00e0 Carado, Sunlight. Dethleffs. Rails r\u00e9glables de la gauche vers la droite. Les bandeaux d\u2019attache de jantes bloquent les v\u00e9los pendant le transport et les fixations coulissantes pour cadre de v\u00e9lo maintiennent les v\u00e9los dans la bonne position. La plate-forme se verrouille manuellement et peut facilement \u00eatre [&hellip;]\" \/>\n<meta property=\"og:url\" content=\"https:\/\/shop.bantam.ch\/fr\/produit\/porte-velos-esse4-cd-3-roues\/\" \/>\n<meta property=\"og:site_name\" content=\"Bantam Wankm\u00fcller SA\" \/>\n<meta property=\"article:modified_time\" content=\"2026-04-19T19:26:33+00:00\" \/>\n<meta property=\"og:image\" content=\"https:\/\/shop.bantam.ch\/wp-content\/uploads\/2023\/02\/994590511.jpg\" \/>\n\t<meta property=\"og:image:width\" content=\"1000\" \/>\n\t<meta property=\"og:image:height\" content=\"686\" \/>\n\t<meta property=\"og:image:type\" content=\"image\/jpeg\" \/>\n<meta name=\"twitter:card\" content=\"summary_large_image\" \/>\n<script type=\"application\/ld+json\" class=\"yoast-schema-graph\">{\"@context\":\"https:\\\/\\\/schema.org\",\"@graph\":[{\"@type\":\"WebPage\",\"@id\":\"https:\\\/\\\/shop.bantam.ch\\\/fr\\\/produit\\\/porte-velos-esse4-cd-3-roues\\\/\",\"url\":\"https:\\\/\\\/shop.bantam.ch\\\/fr\\\/produit\\\/porte-velos-esse4-cd-3-roues\\\/\",\"name\":\"Porte-v\u00e9los Thule Esse4 CD pr Carado, Sunlight, Dethleffs 3 v\u00e9los, charge admise 60 kg - Bantam Wankm\u00fcller SA\",\"isPartOf\":{\"@id\":\"https:\\\/\\\/shop.bantam.ch\\\/fr\\\/#website\"},\"primaryImageOfPage\":{\"@id\":\"https:\\\/\\\/shop.bantam.ch\\\/fr\\\/produit\\\/porte-velos-esse4-cd-3-roues\\\/#primaryimage\"},\"image\":{\"@id\":\"https:\\\/\\\/shop.bantam.ch\\\/fr\\\/produit\\\/porte-velos-esse4-cd-3-roues\\\/#primaryimage\"},\"thumbnailUrl\":\"https:\\\/\\\/shop.bantam.ch\\\/wp-content\\\/uploads\\\/2023\\\/02\\\/994590511.jpg\",\"datePublished\":\"2023-02-28T01:11:00+00:00\",\"dateModified\":\"2026-04-19T19:26:33+00:00\",\"breadcrumb\":{\"@id\":\"https:\\\/\\\/shop.bantam.ch\\\/fr\\\/produit\\\/porte-velos-esse4-cd-3-roues\\\/#breadcrumb\"},\"inLanguage\":\"fr-FR\",\"potentialAction\":[{\"@type\":\"ReadAction\",\"target\":[\"https:\\\/\\\/shop.bantam.ch\\\/fr\\\/produit\\\/porte-velos-esse4-cd-3-roues\\\/\"]}]},{\"@type\":\"ImageObject\",\"inLanguage\":\"fr-FR\",\"@id\":\"https:\\\/\\\/shop.bantam.ch\\\/fr\\\/produit\\\/porte-velos-esse4-cd-3-roues\\\/#primaryimage\",\"url\":\"https:\\\/\\\/shop.bantam.ch\\\/wp-content\\\/uploads\\\/2023\\\/02\\\/994590511.jpg\",\"contentUrl\":\"https:\\\/\\\/shop.bantam.ch\\\/wp-content\\\/uploads\\\/2023\\\/02\\\/994590511.jpg\",\"width\":1000,\"height\":686},{\"@type\":\"BreadcrumbList\",\"@id\":\"https:\\\/\\\/shop.bantam.ch\\\/fr\\\/produit\\\/porte-velos-esse4-cd-3-roues\\\/#breadcrumb\",\"itemListElement\":[{\"@type\":\"ListItem\",\"position\":1,\"name\":\"Accueil\",\"item\":\"https:\\\/\\\/shop.bantam.ch\\\/fr\\\/\"},{\"@type\":\"ListItem\",\"position\":2,\"name\":\"Boutique\",\"item\":\"https:\\\/\\\/shop.bantam.ch\\\/fr\\\/boutique\\\/\"},{\"@type\":\"ListItem\",\"position\":3,\"name\":\"Porte-v\u00e9los Thule Esse4 CD pr Carado, Sunlight, Dethleffs 3 v\u00e9los, charge admise 60 kg\"}]},{\"@type\":\"WebSite\",\"@id\":\"https:\\\/\\\/shop.bantam.ch\\\/fr\\\/#website\",\"url\":\"https:\\\/\\\/shop.bantam.ch\\\/fr\\\/\",\"name\":\"Bantam Wankm\u00fcller SA\",\"description\":\"\",\"publisher\":{\"@id\":\"https:\\\/\\\/shop.bantam.ch\\\/fr\\\/#organization\"},\"inLanguage\":\"fr-FR\"},{\"@type\":\"Organization\",\"@id\":\"https:\\\/\\\/shop.bantam.ch\\\/fr\\\/#organization\",\"name\":\"Bantam Wankm\u00fcller SA\",\"url\":\"https:\\\/\\\/shop.bantam.ch\\\/fr\\\/\",\"logo\":{\"@type\":\"ImageObject\",\"inLanguage\":\"fr-FR\",\"@id\":\"https:\\\/\\\/shop.bantam.ch\\\/fr\\\/#\\\/schema\\\/logo\\\/image\\\/\",\"url\":\"https:\\\/\\\/shop.bantam.ch\\\/wp-content\\\/uploads\\\/2022\\\/12\\\/bantam-logo.png\",\"contentUrl\":\"https:\\\/\\\/shop.bantam.ch\\\/wp-content\\\/uploads\\\/2022\\\/12\\\/bantam-logo.png\",\"width\":320,\"height\":71,\"caption\":\"Bantam Wankm\u00fcller SA\"},\"image\":{\"@id\":\"https:\\\/\\\/shop.bantam.ch\\\/fr\\\/#\\\/schema\\\/logo\\\/image\\\/\"}}]}<\/script>\n<!-- \/ Yoast SEO plugin. -->","yoast_head_json":{"title":"Porte-v\u00e9los Thule Esse4 CD pr Carado, Sunlight, Dethleffs 3 v\u00e9los, charge admise 60 kg - Bantam Wankm\u00fcller SA","robots":{"index":"index","follow":"follow","max-snippet":"max-snippet:-1","max-image-preview":"max-image-preview:large","max-video-preview":"max-video-preview:-1"},"canonical":"https:\/\/shop.bantam.ch\/fr\/produit\/porte-velos-esse4-cd-3-roues\/","og_locale":"fr_FR","og_type":"article","og_title":"Porte-v\u00e9los Thule Esse4 CD pr Carado, Sunlight, Dethleffs 3 v\u00e9los, charge admise 60 kg - Bantam Wankm\u00fcller SA","og_description":"Pour la paroi arri\u00e8re verticale de camping-cars\/caravanes, convient \u00e0 Carado, Sunlight. Dethleffs. Rails r\u00e9glables de la gauche vers la droite. Les bandeaux d\u2019attache de jantes bloquent les v\u00e9los pendant le transport et les fixations coulissantes pour cadre de v\u00e9lo maintiennent les v\u00e9los dans la bonne position. La plate-forme se verrouille manuellement et peut facilement \u00eatre [&hellip;]","og_url":"https:\/\/shop.bantam.ch\/fr\/produit\/porte-velos-esse4-cd-3-roues\/","og_site_name":"Bantam Wankm\u00fcller SA","article_modified_time":"2026-04-19T19:26:33+00:00","og_image":[{"width":1000,"height":686,"url":"https:\/\/shop.bantam.ch\/wp-content\/uploads\/2023\/02\/994590511.jpg","type":"image\/jpeg"}],"twitter_card":"summary_large_image","schema":{"@context":"https:\/\/schema.org","@graph":[{"@type":"WebPage","@id":"https:\/\/shop.bantam.ch\/fr\/produit\/porte-velos-esse4-cd-3-roues\/","url":"https:\/\/shop.bantam.ch\/fr\/produit\/porte-velos-esse4-cd-3-roues\/","name":"Porte-v\u00e9los Thule Esse4 CD pr Carado, Sunlight, Dethleffs 3 v\u00e9los, charge admise 60 kg - Bantam Wankm\u00fcller SA","isPartOf":{"@id":"https:\/\/shop.bantam.ch\/fr\/#website"},"primaryImageOfPage":{"@id":"https:\/\/shop.bantam.ch\/fr\/produit\/porte-velos-esse4-cd-3-roues\/#primaryimage"},"image":{"@id":"https:\/\/shop.bantam.ch\/fr\/produit\/porte-velos-esse4-cd-3-roues\/#primaryimage"},"thumbnailUrl":"https:\/\/shop.bantam.ch\/wp-content\/uploads\/2023\/02\/994590511.jpg","datePublished":"2023-02-28T01:11:00+00:00","dateModified":"2026-04-19T19:26:33+00:00","breadcrumb":{"@id":"https:\/\/shop.bantam.ch\/fr\/produit\/porte-velos-esse4-cd-3-roues\/#breadcrumb"},"inLanguage":"fr-FR","potentialAction":[{"@type":"ReadAction","target":["https:\/\/shop.bantam.ch\/fr\/produit\/porte-velos-esse4-cd-3-roues\/"]}]},{"@type":"ImageObject","inLanguage":"fr-FR","@id":"https:\/\/shop.bantam.ch\/fr\/produit\/porte-velos-esse4-cd-3-roues\/#primaryimage","url":"https:\/\/shop.bantam.ch\/wp-content\/uploads\/2023\/02\/994590511.jpg","contentUrl":"https:\/\/shop.bantam.ch\/wp-content\/uploads\/2023\/02\/994590511.jpg","width":1000,"height":686},{"@type":"BreadcrumbList","@id":"https:\/\/shop.bantam.ch\/fr\/produit\/porte-velos-esse4-cd-3-roues\/#breadcrumb","itemListElement":[{"@type":"ListItem","position":1,"name":"Accueil","item":"https:\/\/shop.bantam.ch\/fr\/"},{"@type":"ListItem","position":2,"name":"Boutique","item":"https:\/\/shop.bantam.ch\/fr\/boutique\/"},{"@type":"ListItem","position":3,"name":"Porte-v\u00e9los Thule Esse4 CD pr Carado, Sunlight, Dethleffs 3 v\u00e9los, charge admise 60 kg"}]},{"@type":"WebSite","@id":"https:\/\/shop.bantam.ch\/fr\/#website","url":"https:\/\/shop.bantam.ch\/fr\/","name":"Bantam Wankm\u00fcller SA","description":"","publisher":{"@id":"https:\/\/shop.bantam.ch\/fr\/#organization"},"inLanguage":"fr-FR"},{"@type":"Organization","@id":"https:\/\/shop.bantam.ch\/fr\/#organization","name":"Bantam Wankm\u00fcller SA","url":"https:\/\/shop.bantam.ch\/fr\/","logo":{"@type":"ImageObject","inLanguage":"fr-FR","@id":"https:\/\/shop.bantam.ch\/fr\/#\/schema\/logo\/image\/","url":"https:\/\/shop.bantam.ch\/wp-content\/uploads\/2022\/12\/bantam-logo.png","contentUrl":"https:\/\/shop.bantam.ch\/wp-content\/uploads\/2022\/12\/bantam-logo.png","width":320,"height":71,"caption":"Bantam Wankm\u00fcller SA"},"image":{"@id":"https:\/\/shop.bantam.ch\/fr\/#\/schema\/logo\/image\/"}}]}},"_links":{"self":[{"href":"https:\/\/shop.bantam.ch\/fr\/wp-json\/wp\/v2\/product\/83120","targetHints":{"allow":["GET"]}}],"collection":[{"href":"https:\/\/shop.bantam.ch\/fr\/wp-json\/wp\/v2\/product"}],"about":[{"href":"https:\/\/shop.bantam.ch\/fr\/wp-json\/wp\/v2\/types\/product"}],"wp:featuredmedia":[{"embeddable":true,"href":"https:\/\/shop.bantam.ch\/fr\/wp-json\/wp\/v2\/media\/83116"}],"wp:attachment":[{"href":"https:\/\/shop.bantam.ch\/fr\/wp-json\/wp\/v2\/media?parent=83120"}],"wp:term":[{"taxonomy":"product_featured_cat","embeddable":true,"href":"https:\/\/shop.bantam.ch\/fr\/wp-json\/wp\/v2\/product_featured_cat?post=83120"},{"taxonomy":"product_brand","embeddable":true,"href":"https:\/\/shop.bantam.ch\/fr\/wp-json\/wp\/v2\/product_brand?post=83120"},{"taxonomy":"product_cat","embeddable":true,"href":"https:\/\/shop.bantam.ch\/fr\/wp-json\/wp\/v2\/product_cat?post=83120"},{"taxonomy":"product_tag","embeddable":true,"href":"https:\/\/shop.bantam.ch\/fr\/wp-json\/wp\/v2\/product_tag?post=83120"}],"curies":[{"name":"wp","href":"https:\/\/api.w.org\/{rel}","templated":true}]}}