{"id":83078,"date":"2023-02-28T02:10:17","date_gmt":"2023-02-28T01:10:17","guid":{"rendered":"http:\/\/shop.bantam.ch\/produit\/support-kajak-hull-a-port-aero\/"},"modified":"2026-04-17T21:24:35","modified_gmt":"2026-04-17T19:24:35","slug":"support-kajak-hull-a-port-aero","status":"publish","type":"product","link":"https:\/\/shop.bantam.ch\/fr\/produit\/support-kajak-hull-a-port-aero\/","title":{"rendered":"Support Kayak Thule Hull-A-Port Aero"},"content":{"rendered":"<p>Support innovant Kajak. Pour une int\u00e9gration en continu des galeries de toit.<\/p>\n<ul>\n<li>Avec levier de d\u00e9verrouillage pratique \u00e0 l&rsquo;avant<\/li>\n<li>Montage sans outil sur le WingBar<\/li>\n<li>Compatible avec SquareBar (adaptateur requis, vendu s\u00e9par\u00e9ment)<\/li>\n<li>Avec rembourrage en caoutchouc souple et durable<\/li>\n<li>Fixation antivol sur les barres de toit (serrures incluses)<\/li>\n<li>Support de sangle d\u2019arrimage int\u00e9gr\u00e9 StrapCatch<\/li>\n<li>Dimensions \u00e0 l\u2019\u00e9tat repli\u00e9 : 46\u2009x\u200920\u2009x\u200911 cm (lxhxp)<\/li>\n<li>Dimensions \u00e0 l\u2019\u00e9tat d\u00e9pli\u00e9 : 46\u2009x\u200920\u2009x\u200944 cm (lxhxp)<\/li>\n<\/ul>\n","protected":false},"excerpt":{"rendered":"<p>Support innovant Kajak. Pour une int\u00e9gration en continu des galeries de toit. Avec levier de d\u00e9verrouillage pratique \u00e0 l&rsquo;avant Montage sans outil sur le WingBar Compatible avec SquareBar (adaptateur requis, vendu s\u00e9par\u00e9ment) Avec rembourrage en caoutchouc souple et durable Fixation antivol sur les barres de toit (serrures incluses) Support de sangle d\u2019arrimage int\u00e9gr\u00e9 StrapCatch Dimensions [&hellip;]<\/p>\n","protected":false},"featured_media":83064,"template":"","meta":{"_acf_changed":false},"product_featured_cat":[],"product_brand":[3046],"product_cat":[4797],"product_tag":[],"class_list":{"0":"post-83078","1":"product","2":"type-product","3":"status-publish","4":"has-post-thumbnail","6":"product_brand-thule","7":"product_cat-rampes-de-toit-et-supports","9":"first","10":"instock","11":"taxable","12":"shipping-taxable","13":"purchasable","14":"product-type-simple"},"acf":[],"yoast_head":"<!-- This site is optimized with the Yoast SEO plugin v27.4 - https:\/\/yoast.com\/product\/yoast-seo-wordpress\/ -->\n<title>Support Kayak Thule Hull-A-Port Aero - Bantam Wankm\u00fcller SA<\/title>\n<meta name=\"robots\" content=\"index, follow, max-snippet:-1, max-image-preview:large, max-video-preview:-1\" \/>\n<link rel=\"canonical\" href=\"https:\/\/shop.bantam.ch\/fr\/produit\/support-kajak-hull-a-port-aero\/\" \/>\n<meta property=\"og:locale\" content=\"fr_FR\" \/>\n<meta property=\"og:type\" content=\"article\" \/>\n<meta property=\"og:title\" content=\"Support Kayak Thule Hull-A-Port Aero - Bantam Wankm\u00fcller SA\" \/>\n<meta property=\"og:description\" content=\"Support innovant Kajak. Pour une int\u00e9gration en continu des galeries de toit. Avec levier de d\u00e9verrouillage pratique \u00e0 l&rsquo;avant Montage sans outil sur le WingBar Compatible avec SquareBar (adaptateur requis, vendu s\u00e9par\u00e9ment) Avec rembourrage en caoutchouc souple et durable Fixation antivol sur les barres de toit (serrures incluses) Support de sangle d\u2019arrimage int\u00e9gr\u00e9 StrapCatch Dimensions [&hellip;]\" \/>\n<meta property=\"og:url\" content=\"https:\/\/shop.bantam.ch\/fr\/produit\/support-kajak-hull-a-port-aero\/\" \/>\n<meta property=\"og:site_name\" content=\"Bantam Wankm\u00fcller SA\" \/>\n<meta property=\"article:modified_time\" content=\"2026-04-17T19:24:35+00:00\" \/>\n<meta property=\"og:image\" content=\"https:\/\/shop.bantam.ch\/wp-content\/uploads\/2023\/02\/994286111.jpg\" \/>\n\t<meta property=\"og:image:width\" content=\"1000\" \/>\n\t<meta property=\"og:image:height\" content=\"667\" \/>\n\t<meta property=\"og:image:type\" content=\"image\/jpeg\" \/>\n<meta name=\"twitter:card\" content=\"summary_large_image\" \/>\n<script type=\"application\/ld+json\" class=\"yoast-schema-graph\">{\"@context\":\"https:\\\/\\\/schema.org\",\"@graph\":[{\"@type\":\"WebPage\",\"@id\":\"https:\\\/\\\/shop.bantam.ch\\\/fr\\\/produit\\\/support-kajak-hull-a-port-aero\\\/\",\"url\":\"https:\\\/\\\/shop.bantam.ch\\\/fr\\\/produit\\\/support-kajak-hull-a-port-aero\\\/\",\"name\":\"Support Kayak Thule Hull-A-Port Aero - Bantam Wankm\u00fcller SA\",\"isPartOf\":{\"@id\":\"https:\\\/\\\/shop.bantam.ch\\\/fr\\\/#website\"},\"primaryImageOfPage\":{\"@id\":\"https:\\\/\\\/shop.bantam.ch\\\/fr\\\/produit\\\/support-kajak-hull-a-port-aero\\\/#primaryimage\"},\"image\":{\"@id\":\"https:\\\/\\\/shop.bantam.ch\\\/fr\\\/produit\\\/support-kajak-hull-a-port-aero\\\/#primaryimage\"},\"thumbnailUrl\":\"https:\\\/\\\/shop.bantam.ch\\\/wp-content\\\/uploads\\\/2023\\\/02\\\/994286111.jpg\",\"datePublished\":\"2023-02-28T01:10:17+00:00\",\"dateModified\":\"2026-04-17T19:24:35+00:00\",\"breadcrumb\":{\"@id\":\"https:\\\/\\\/shop.bantam.ch\\\/fr\\\/produit\\\/support-kajak-hull-a-port-aero\\\/#breadcrumb\"},\"inLanguage\":\"fr-FR\",\"potentialAction\":[{\"@type\":\"ReadAction\",\"target\":[\"https:\\\/\\\/shop.bantam.ch\\\/fr\\\/produit\\\/support-kajak-hull-a-port-aero\\\/\"]}]},{\"@type\":\"ImageObject\",\"inLanguage\":\"fr-FR\",\"@id\":\"https:\\\/\\\/shop.bantam.ch\\\/fr\\\/produit\\\/support-kajak-hull-a-port-aero\\\/#primaryimage\",\"url\":\"https:\\\/\\\/shop.bantam.ch\\\/wp-content\\\/uploads\\\/2023\\\/02\\\/994286111.jpg\",\"contentUrl\":\"https:\\\/\\\/shop.bantam.ch\\\/wp-content\\\/uploads\\\/2023\\\/02\\\/994286111.jpg\",\"width\":1000,\"height\":667},{\"@type\":\"BreadcrumbList\",\"@id\":\"https:\\\/\\\/shop.bantam.ch\\\/fr\\\/produit\\\/support-kajak-hull-a-port-aero\\\/#breadcrumb\",\"itemListElement\":[{\"@type\":\"ListItem\",\"position\":1,\"name\":\"Accueil\",\"item\":\"https:\\\/\\\/shop.bantam.ch\\\/fr\\\/\"},{\"@type\":\"ListItem\",\"position\":2,\"name\":\"Boutique\",\"item\":\"https:\\\/\\\/shop.bantam.ch\\\/fr\\\/boutique\\\/\"},{\"@type\":\"ListItem\",\"position\":3,\"name\":\"Support Kayak Thule Hull-A-Port Aero\"}]},{\"@type\":\"WebSite\",\"@id\":\"https:\\\/\\\/shop.bantam.ch\\\/fr\\\/#website\",\"url\":\"https:\\\/\\\/shop.bantam.ch\\\/fr\\\/\",\"name\":\"Bantam Wankm\u00fcller SA\",\"description\":\"\",\"publisher\":{\"@id\":\"https:\\\/\\\/shop.bantam.ch\\\/fr\\\/#organization\"},\"inLanguage\":\"fr-FR\"},{\"@type\":\"Organization\",\"@id\":\"https:\\\/\\\/shop.bantam.ch\\\/fr\\\/#organization\",\"name\":\"Bantam Wankm\u00fcller SA\",\"url\":\"https:\\\/\\\/shop.bantam.ch\\\/fr\\\/\",\"logo\":{\"@type\":\"ImageObject\",\"inLanguage\":\"fr-FR\",\"@id\":\"https:\\\/\\\/shop.bantam.ch\\\/fr\\\/#\\\/schema\\\/logo\\\/image\\\/\",\"url\":\"https:\\\/\\\/shop.bantam.ch\\\/wp-content\\\/uploads\\\/2022\\\/12\\\/bantam-logo.png\",\"contentUrl\":\"https:\\\/\\\/shop.bantam.ch\\\/wp-content\\\/uploads\\\/2022\\\/12\\\/bantam-logo.png\",\"width\":320,\"height\":71,\"caption\":\"Bantam Wankm\u00fcller SA\"},\"image\":{\"@id\":\"https:\\\/\\\/shop.bantam.ch\\\/fr\\\/#\\\/schema\\\/logo\\\/image\\\/\"}}]}<\/script>\n<!-- \/ Yoast SEO plugin. -->","yoast_head_json":{"title":"Support Kayak Thule Hull-A-Port Aero - Bantam Wankm\u00fcller SA","robots":{"index":"index","follow":"follow","max-snippet":"max-snippet:-1","max-image-preview":"max-image-preview:large","max-video-preview":"max-video-preview:-1"},"canonical":"https:\/\/shop.bantam.ch\/fr\/produit\/support-kajak-hull-a-port-aero\/","og_locale":"fr_FR","og_type":"article","og_title":"Support Kayak Thule Hull-A-Port Aero - Bantam Wankm\u00fcller SA","og_description":"Support innovant Kajak. Pour une int\u00e9gration en continu des galeries de toit. Avec levier de d\u00e9verrouillage pratique \u00e0 l&rsquo;avant Montage sans outil sur le WingBar Compatible avec SquareBar (adaptateur requis, vendu s\u00e9par\u00e9ment) Avec rembourrage en caoutchouc souple et durable Fixation antivol sur les barres de toit (serrures incluses) Support de sangle d\u2019arrimage int\u00e9gr\u00e9 StrapCatch Dimensions [&hellip;]","og_url":"https:\/\/shop.bantam.ch\/fr\/produit\/support-kajak-hull-a-port-aero\/","og_site_name":"Bantam Wankm\u00fcller SA","article_modified_time":"2026-04-17T19:24:35+00:00","og_image":[{"width":1000,"height":667,"url":"https:\/\/shop.bantam.ch\/wp-content\/uploads\/2023\/02\/994286111.jpg","type":"image\/jpeg"}],"twitter_card":"summary_large_image","schema":{"@context":"https:\/\/schema.org","@graph":[{"@type":"WebPage","@id":"https:\/\/shop.bantam.ch\/fr\/produit\/support-kajak-hull-a-port-aero\/","url":"https:\/\/shop.bantam.ch\/fr\/produit\/support-kajak-hull-a-port-aero\/","name":"Support Kayak Thule Hull-A-Port Aero - Bantam Wankm\u00fcller SA","isPartOf":{"@id":"https:\/\/shop.bantam.ch\/fr\/#website"},"primaryImageOfPage":{"@id":"https:\/\/shop.bantam.ch\/fr\/produit\/support-kajak-hull-a-port-aero\/#primaryimage"},"image":{"@id":"https:\/\/shop.bantam.ch\/fr\/produit\/support-kajak-hull-a-port-aero\/#primaryimage"},"thumbnailUrl":"https:\/\/shop.bantam.ch\/wp-content\/uploads\/2023\/02\/994286111.jpg","datePublished":"2023-02-28T01:10:17+00:00","dateModified":"2026-04-17T19:24:35+00:00","breadcrumb":{"@id":"https:\/\/shop.bantam.ch\/fr\/produit\/support-kajak-hull-a-port-aero\/#breadcrumb"},"inLanguage":"fr-FR","potentialAction":[{"@type":"ReadAction","target":["https:\/\/shop.bantam.ch\/fr\/produit\/support-kajak-hull-a-port-aero\/"]}]},{"@type":"ImageObject","inLanguage":"fr-FR","@id":"https:\/\/shop.bantam.ch\/fr\/produit\/support-kajak-hull-a-port-aero\/#primaryimage","url":"https:\/\/shop.bantam.ch\/wp-content\/uploads\/2023\/02\/994286111.jpg","contentUrl":"https:\/\/shop.bantam.ch\/wp-content\/uploads\/2023\/02\/994286111.jpg","width":1000,"height":667},{"@type":"BreadcrumbList","@id":"https:\/\/shop.bantam.ch\/fr\/produit\/support-kajak-hull-a-port-aero\/#breadcrumb","itemListElement":[{"@type":"ListItem","position":1,"name":"Accueil","item":"https:\/\/shop.bantam.ch\/fr\/"},{"@type":"ListItem","position":2,"name":"Boutique","item":"https:\/\/shop.bantam.ch\/fr\/boutique\/"},{"@type":"ListItem","position":3,"name":"Support Kayak Thule Hull-A-Port Aero"}]},{"@type":"WebSite","@id":"https:\/\/shop.bantam.ch\/fr\/#website","url":"https:\/\/shop.bantam.ch\/fr\/","name":"Bantam Wankm\u00fcller SA","description":"","publisher":{"@id":"https:\/\/shop.bantam.ch\/fr\/#organization"},"inLanguage":"fr-FR"},{"@type":"Organization","@id":"https:\/\/shop.bantam.ch\/fr\/#organization","name":"Bantam Wankm\u00fcller SA","url":"https:\/\/shop.bantam.ch\/fr\/","logo":{"@type":"ImageObject","inLanguage":"fr-FR","@id":"https:\/\/shop.bantam.ch\/fr\/#\/schema\/logo\/image\/","url":"https:\/\/shop.bantam.ch\/wp-content\/uploads\/2022\/12\/bantam-logo.png","contentUrl":"https:\/\/shop.bantam.ch\/wp-content\/uploads\/2022\/12\/bantam-logo.png","width":320,"height":71,"caption":"Bantam Wankm\u00fcller SA"},"image":{"@id":"https:\/\/shop.bantam.ch\/fr\/#\/schema\/logo\/image\/"}}]}},"_links":{"self":[{"href":"https:\/\/shop.bantam.ch\/fr\/wp-json\/wp\/v2\/product\/83078","targetHints":{"allow":["GET"]}}],"collection":[{"href":"https:\/\/shop.bantam.ch\/fr\/wp-json\/wp\/v2\/product"}],"about":[{"href":"https:\/\/shop.bantam.ch\/fr\/wp-json\/wp\/v2\/types\/product"}],"wp:featuredmedia":[{"embeddable":true,"href":"https:\/\/shop.bantam.ch\/fr\/wp-json\/wp\/v2\/media\/83064"}],"wp:attachment":[{"href":"https:\/\/shop.bantam.ch\/fr\/wp-json\/wp\/v2\/media?parent=83078"}],"wp:term":[{"taxonomy":"product_featured_cat","embeddable":true,"href":"https:\/\/shop.bantam.ch\/fr\/wp-json\/wp\/v2\/product_featured_cat?post=83078"},{"taxonomy":"product_brand","embeddable":true,"href":"https:\/\/shop.bantam.ch\/fr\/wp-json\/wp\/v2\/product_brand?post=83078"},{"taxonomy":"product_cat","embeddable":true,"href":"https:\/\/shop.bantam.ch\/fr\/wp-json\/wp\/v2\/product_cat?post=83078"},{"taxonomy":"product_tag","embeddable":true,"href":"https:\/\/shop.bantam.ch\/fr\/wp-json\/wp\/v2\/product_tag?post=83078"}],"curies":[{"name":"wp","href":"https:\/\/api.w.org\/{rel}","templated":true}]}}