{"id":83036,"date":"2023-02-28T02:09:44","date_gmt":"2023-02-28T01:09:44","guid":{"rendered":"http:\/\/shop.bantam.ch\/produit\/power-pack-basic-avec-unite-bcb-25-20-et-ordinateur-de-batterie-mt-iq-basic-pro\/"},"modified":"2026-04-20T21:24:52","modified_gmt":"2026-04-20T19:24:52","slug":"power-pack-basic-avec-unite-bcb-25-20-et-ordinateur-de-batterie-mt-iq-basic-pro","status":"publish","type":"product","link":"https:\/\/shop.bantam.ch\/fr\/produit\/power-pack-basic-avec-unite-bcb-25-20-et-ordinateur-de-batterie-mt-iq-basic-pro\/","title":{"rendered":"Power-Pack Basic avec unit\u00e9 BCB 25\/20 et ordinateur de batterie MT IQ Basic Pro"},"content":{"rendered":"<p>Le Power Pack Basic peut \u00eatre install\u00e9 parall\u00e8lement \u00e0 l&rsquo;\u00e9lectronique de base existante dans n&rsquo;importe quel v\u00e9hicule de voyage. L\u2019unit\u00e9 BCB 25\/20 fournit 25 A suppl\u00e9mentaires lorsqu&rsquo;il est connect\u00e9 au secteur (230 V). Durant le trajet, l\u2019unit\u00e9 BCB fonctionne en mode booster. Elle s&rsquo;allume si besoin, requiert un courant de charge de 20 A, r\u00e9gule la tension de charge requise (type de batterie r\u00e9glable) et charge les batteries humides, \u00e0 gel, AGM ou LiFePO4 avec une caract\u00e9ristique IUoU optimale. Courant de charge constant garanti pour les v\u00e9hicules \u00ab\u00a0Euro 5+\u00a0\u00bb et \u00ab\u00a0Euro 6\u00a0\u00bb. <br \/>L&rsquo;ordinateur de batterie MT iQ Basic inclus dans le kit affiche la capacit\u00e9 restante de la batterie, la consommation d&rsquo;\u00e9nergie actuelle et la charge en attente par simple pression sur un bouton. Il dispose \u00e9galement d\u2019un \u00e9cran affichant le temps r\u00e9siduel.\u00a0<\/p>\n<p>Le kit comprend un relais \u00e0 haute charge (80 A) avec un set de c\u00e2bles. Le montage d\u2019un BCB (booster de contr\u00f4le de batterie) et de l&rsquo;ordinateur de batterie est donc tr\u00e8s facile \u00e0 r\u00e9aliser, m\u00eame dans les v\u00e9hicules d\u00e9j\u00e0 \u00e9quip\u00e9s d&rsquo;un bloc \u00e9lectrique (EBL).\u00a0\u00a0\u00a0 <\/p>\n<p>Contenu de la livraison :<br \/>Booster de charge MT BCB 25\/20<br \/>Ordinateur de batterie MT iQ Basic<br \/>Kit de c\u00e2ble iQ Basic<br \/>Relais \u00e0 forte charge 12 V \/ 80 A<br \/>Bo\u00eetier montage en saillie<br \/>Connecteur de c\u00e2ble<br \/>Support<\/p>\n","protected":false},"excerpt":{"rendered":"<p>Le Power Pack Basic peut \u00eatre install\u00e9 parall\u00e8lement \u00e0 l&rsquo;\u00e9lectronique de base existante dans n&rsquo;importe quel v\u00e9hicule de voyage. L\u2019unit\u00e9 BCB 25\/20 fournit 25 A suppl\u00e9mentaires lorsqu&rsquo;il est connect\u00e9 au secteur (230 V). Durant le trajet, l\u2019unit\u00e9 BCB fonctionne en mode booster. Elle s&rsquo;allume si besoin, requiert un courant de charge de 20 A, r\u00e9gule [&hellip;]<\/p>\n","protected":false},"featured_media":83034,"template":"","meta":{"_acf_changed":false},"product_featured_cat":[],"product_brand":[3068],"product_cat":[4909],"product_tag":[],"class_list":{"0":"post-83036","1":"product","2":"type-product","3":"status-publish","4":"has-post-thumbnail","6":"product_brand-buttner-elektronik","7":"product_cat-boosters-de-charge","9":"first","10":"instock","11":"taxable","12":"shipping-taxable","13":"purchasable","14":"product-type-simple"},"acf":[],"yoast_head":"<!-- This site is optimized with the Yoast SEO plugin v27.4 - https:\/\/yoast.com\/product\/yoast-seo-wordpress\/ -->\n<title>Power-Pack Basic avec unit\u00e9 BCB 25\/20 et ordinateur de batterie MT IQ Basic Pro - Bantam Wankm\u00fcller SA<\/title>\n<meta name=\"robots\" content=\"index, follow, max-snippet:-1, max-image-preview:large, max-video-preview:-1\" \/>\n<link rel=\"canonical\" href=\"https:\/\/shop.bantam.ch\/fr\/produit\/power-pack-basic-avec-unite-bcb-25-20-et-ordinateur-de-batterie-mt-iq-basic-pro\/\" \/>\n<meta property=\"og:locale\" content=\"fr_FR\" \/>\n<meta property=\"og:type\" content=\"article\" \/>\n<meta property=\"og:title\" content=\"Power-Pack Basic avec unit\u00e9 BCB 25\/20 et ordinateur de batterie MT IQ Basic Pro - Bantam Wankm\u00fcller SA\" \/>\n<meta property=\"og:description\" content=\"Le Power Pack Basic peut \u00eatre install\u00e9 parall\u00e8lement \u00e0 l&rsquo;\u00e9lectronique de base existante dans n&rsquo;importe quel v\u00e9hicule de voyage. L\u2019unit\u00e9 BCB 25\/20 fournit 25 A suppl\u00e9mentaires lorsqu&rsquo;il est connect\u00e9 au secteur (230 V). Durant le trajet, l\u2019unit\u00e9 BCB fonctionne en mode booster. Elle s&rsquo;allume si besoin, requiert un courant de charge de 20 A, r\u00e9gule [&hellip;]\" \/>\n<meta property=\"og:url\" content=\"https:\/\/shop.bantam.ch\/fr\/produit\/power-pack-basic-avec-unite-bcb-25-20-et-ordinateur-de-batterie-mt-iq-basic-pro\/\" \/>\n<meta property=\"og:site_name\" content=\"Bantam Wankm\u00fcller SA\" \/>\n<meta property=\"article:modified_time\" content=\"2026-04-20T19:24:52+00:00\" \/>\n<meta property=\"og:image\" content=\"https:\/\/shop.bantam.ch\/wp-content\/uploads\/2023\/02\/9955118-1.jpg\" \/>\n\t<meta property=\"og:image:width\" content=\"1000\" \/>\n\t<meta property=\"og:image:height\" content=\"751\" \/>\n\t<meta property=\"og:image:type\" content=\"image\/jpeg\" \/>\n<meta name=\"twitter:card\" content=\"summary_large_image\" \/>\n<meta name=\"twitter:label1\" content=\"Dur\u00e9e de lecture estim\u00e9e\" \/>\n\t<meta name=\"twitter:data1\" content=\"1 minute\" \/>\n<script type=\"application\/ld+json\" class=\"yoast-schema-graph\">{\"@context\":\"https:\\\/\\\/schema.org\",\"@graph\":[{\"@type\":\"WebPage\",\"@id\":\"https:\\\/\\\/shop.bantam.ch\\\/fr\\\/produit\\\/power-pack-basic-avec-unite-bcb-25-20-et-ordinateur-de-batterie-mt-iq-basic-pro\\\/\",\"url\":\"https:\\\/\\\/shop.bantam.ch\\\/fr\\\/produit\\\/power-pack-basic-avec-unite-bcb-25-20-et-ordinateur-de-batterie-mt-iq-basic-pro\\\/\",\"name\":\"Power-Pack Basic avec unit\u00e9 BCB 25\\\/20 et ordinateur de batterie MT IQ Basic Pro - Bantam Wankm\u00fcller SA\",\"isPartOf\":{\"@id\":\"https:\\\/\\\/shop.bantam.ch\\\/fr\\\/#website\"},\"primaryImageOfPage\":{\"@id\":\"https:\\\/\\\/shop.bantam.ch\\\/fr\\\/produit\\\/power-pack-basic-avec-unite-bcb-25-20-et-ordinateur-de-batterie-mt-iq-basic-pro\\\/#primaryimage\"},\"image\":{\"@id\":\"https:\\\/\\\/shop.bantam.ch\\\/fr\\\/produit\\\/power-pack-basic-avec-unite-bcb-25-20-et-ordinateur-de-batterie-mt-iq-basic-pro\\\/#primaryimage\"},\"thumbnailUrl\":\"https:\\\/\\\/shop.bantam.ch\\\/wp-content\\\/uploads\\\/2023\\\/02\\\/9955118-1.jpg\",\"datePublished\":\"2023-02-28T01:09:44+00:00\",\"dateModified\":\"2026-04-20T19:24:52+00:00\",\"breadcrumb\":{\"@id\":\"https:\\\/\\\/shop.bantam.ch\\\/fr\\\/produit\\\/power-pack-basic-avec-unite-bcb-25-20-et-ordinateur-de-batterie-mt-iq-basic-pro\\\/#breadcrumb\"},\"inLanguage\":\"fr-FR\",\"potentialAction\":[{\"@type\":\"ReadAction\",\"target\":[\"https:\\\/\\\/shop.bantam.ch\\\/fr\\\/produit\\\/power-pack-basic-avec-unite-bcb-25-20-et-ordinateur-de-batterie-mt-iq-basic-pro\\\/\"]}]},{\"@type\":\"ImageObject\",\"inLanguage\":\"fr-FR\",\"@id\":\"https:\\\/\\\/shop.bantam.ch\\\/fr\\\/produit\\\/power-pack-basic-avec-unite-bcb-25-20-et-ordinateur-de-batterie-mt-iq-basic-pro\\\/#primaryimage\",\"url\":\"https:\\\/\\\/shop.bantam.ch\\\/wp-content\\\/uploads\\\/2023\\\/02\\\/9955118-1.jpg\",\"contentUrl\":\"https:\\\/\\\/shop.bantam.ch\\\/wp-content\\\/uploads\\\/2023\\\/02\\\/9955118-1.jpg\",\"width\":1000,\"height\":751},{\"@type\":\"BreadcrumbList\",\"@id\":\"https:\\\/\\\/shop.bantam.ch\\\/fr\\\/produit\\\/power-pack-basic-avec-unite-bcb-25-20-et-ordinateur-de-batterie-mt-iq-basic-pro\\\/#breadcrumb\",\"itemListElement\":[{\"@type\":\"ListItem\",\"position\":1,\"name\":\"Accueil\",\"item\":\"https:\\\/\\\/shop.bantam.ch\\\/fr\\\/\"},{\"@type\":\"ListItem\",\"position\":2,\"name\":\"Boutique\",\"item\":\"https:\\\/\\\/shop.bantam.ch\\\/fr\\\/boutique\\\/\"},{\"@type\":\"ListItem\",\"position\":3,\"name\":\"Power-Pack Basic avec unit\u00e9 BCB 25\\\/20 et ordinateur de batterie MT IQ Basic Pro\"}]},{\"@type\":\"WebSite\",\"@id\":\"https:\\\/\\\/shop.bantam.ch\\\/fr\\\/#website\",\"url\":\"https:\\\/\\\/shop.bantam.ch\\\/fr\\\/\",\"name\":\"Bantam Wankm\u00fcller SA\",\"description\":\"\",\"publisher\":{\"@id\":\"https:\\\/\\\/shop.bantam.ch\\\/fr\\\/#organization\"},\"inLanguage\":\"fr-FR\"},{\"@type\":\"Organization\",\"@id\":\"https:\\\/\\\/shop.bantam.ch\\\/fr\\\/#organization\",\"name\":\"Bantam Wankm\u00fcller SA\",\"url\":\"https:\\\/\\\/shop.bantam.ch\\\/fr\\\/\",\"logo\":{\"@type\":\"ImageObject\",\"inLanguage\":\"fr-FR\",\"@id\":\"https:\\\/\\\/shop.bantam.ch\\\/fr\\\/#\\\/schema\\\/logo\\\/image\\\/\",\"url\":\"https:\\\/\\\/shop.bantam.ch\\\/wp-content\\\/uploads\\\/2022\\\/12\\\/bantam-logo.png\",\"contentUrl\":\"https:\\\/\\\/shop.bantam.ch\\\/wp-content\\\/uploads\\\/2022\\\/12\\\/bantam-logo.png\",\"width\":320,\"height\":71,\"caption\":\"Bantam Wankm\u00fcller SA\"},\"image\":{\"@id\":\"https:\\\/\\\/shop.bantam.ch\\\/fr\\\/#\\\/schema\\\/logo\\\/image\\\/\"}}]}<\/script>\n<!-- \/ Yoast SEO plugin. -->","yoast_head_json":{"title":"Power-Pack Basic avec unit\u00e9 BCB 25\/20 et ordinateur de batterie MT IQ Basic Pro - Bantam Wankm\u00fcller SA","robots":{"index":"index","follow":"follow","max-snippet":"max-snippet:-1","max-image-preview":"max-image-preview:large","max-video-preview":"max-video-preview:-1"},"canonical":"https:\/\/shop.bantam.ch\/fr\/produit\/power-pack-basic-avec-unite-bcb-25-20-et-ordinateur-de-batterie-mt-iq-basic-pro\/","og_locale":"fr_FR","og_type":"article","og_title":"Power-Pack Basic avec unit\u00e9 BCB 25\/20 et ordinateur de batterie MT IQ Basic Pro - Bantam Wankm\u00fcller SA","og_description":"Le Power Pack Basic peut \u00eatre install\u00e9 parall\u00e8lement \u00e0 l&rsquo;\u00e9lectronique de base existante dans n&rsquo;importe quel v\u00e9hicule de voyage. L\u2019unit\u00e9 BCB 25\/20 fournit 25 A suppl\u00e9mentaires lorsqu&rsquo;il est connect\u00e9 au secteur (230 V). Durant le trajet, l\u2019unit\u00e9 BCB fonctionne en mode booster. Elle s&rsquo;allume si besoin, requiert un courant de charge de 20 A, r\u00e9gule [&hellip;]","og_url":"https:\/\/shop.bantam.ch\/fr\/produit\/power-pack-basic-avec-unite-bcb-25-20-et-ordinateur-de-batterie-mt-iq-basic-pro\/","og_site_name":"Bantam Wankm\u00fcller SA","article_modified_time":"2026-04-20T19:24:52+00:00","og_image":[{"width":1000,"height":751,"url":"https:\/\/shop.bantam.ch\/wp-content\/uploads\/2023\/02\/9955118-1.jpg","type":"image\/jpeg"}],"twitter_card":"summary_large_image","twitter_misc":{"Dur\u00e9e de lecture estim\u00e9e":"1 minute"},"schema":{"@context":"https:\/\/schema.org","@graph":[{"@type":"WebPage","@id":"https:\/\/shop.bantam.ch\/fr\/produit\/power-pack-basic-avec-unite-bcb-25-20-et-ordinateur-de-batterie-mt-iq-basic-pro\/","url":"https:\/\/shop.bantam.ch\/fr\/produit\/power-pack-basic-avec-unite-bcb-25-20-et-ordinateur-de-batterie-mt-iq-basic-pro\/","name":"Power-Pack Basic avec unit\u00e9 BCB 25\/20 et ordinateur de batterie MT IQ Basic Pro - Bantam Wankm\u00fcller SA","isPartOf":{"@id":"https:\/\/shop.bantam.ch\/fr\/#website"},"primaryImageOfPage":{"@id":"https:\/\/shop.bantam.ch\/fr\/produit\/power-pack-basic-avec-unite-bcb-25-20-et-ordinateur-de-batterie-mt-iq-basic-pro\/#primaryimage"},"image":{"@id":"https:\/\/shop.bantam.ch\/fr\/produit\/power-pack-basic-avec-unite-bcb-25-20-et-ordinateur-de-batterie-mt-iq-basic-pro\/#primaryimage"},"thumbnailUrl":"https:\/\/shop.bantam.ch\/wp-content\/uploads\/2023\/02\/9955118-1.jpg","datePublished":"2023-02-28T01:09:44+00:00","dateModified":"2026-04-20T19:24:52+00:00","breadcrumb":{"@id":"https:\/\/shop.bantam.ch\/fr\/produit\/power-pack-basic-avec-unite-bcb-25-20-et-ordinateur-de-batterie-mt-iq-basic-pro\/#breadcrumb"},"inLanguage":"fr-FR","potentialAction":[{"@type":"ReadAction","target":["https:\/\/shop.bantam.ch\/fr\/produit\/power-pack-basic-avec-unite-bcb-25-20-et-ordinateur-de-batterie-mt-iq-basic-pro\/"]}]},{"@type":"ImageObject","inLanguage":"fr-FR","@id":"https:\/\/shop.bantam.ch\/fr\/produit\/power-pack-basic-avec-unite-bcb-25-20-et-ordinateur-de-batterie-mt-iq-basic-pro\/#primaryimage","url":"https:\/\/shop.bantam.ch\/wp-content\/uploads\/2023\/02\/9955118-1.jpg","contentUrl":"https:\/\/shop.bantam.ch\/wp-content\/uploads\/2023\/02\/9955118-1.jpg","width":1000,"height":751},{"@type":"BreadcrumbList","@id":"https:\/\/shop.bantam.ch\/fr\/produit\/power-pack-basic-avec-unite-bcb-25-20-et-ordinateur-de-batterie-mt-iq-basic-pro\/#breadcrumb","itemListElement":[{"@type":"ListItem","position":1,"name":"Accueil","item":"https:\/\/shop.bantam.ch\/fr\/"},{"@type":"ListItem","position":2,"name":"Boutique","item":"https:\/\/shop.bantam.ch\/fr\/boutique\/"},{"@type":"ListItem","position":3,"name":"Power-Pack Basic avec unit\u00e9 BCB 25\/20 et ordinateur de batterie MT IQ Basic Pro"}]},{"@type":"WebSite","@id":"https:\/\/shop.bantam.ch\/fr\/#website","url":"https:\/\/shop.bantam.ch\/fr\/","name":"Bantam Wankm\u00fcller SA","description":"","publisher":{"@id":"https:\/\/shop.bantam.ch\/fr\/#organization"},"inLanguage":"fr-FR"},{"@type":"Organization","@id":"https:\/\/shop.bantam.ch\/fr\/#organization","name":"Bantam Wankm\u00fcller SA","url":"https:\/\/shop.bantam.ch\/fr\/","logo":{"@type":"ImageObject","inLanguage":"fr-FR","@id":"https:\/\/shop.bantam.ch\/fr\/#\/schema\/logo\/image\/","url":"https:\/\/shop.bantam.ch\/wp-content\/uploads\/2022\/12\/bantam-logo.png","contentUrl":"https:\/\/shop.bantam.ch\/wp-content\/uploads\/2022\/12\/bantam-logo.png","width":320,"height":71,"caption":"Bantam Wankm\u00fcller SA"},"image":{"@id":"https:\/\/shop.bantam.ch\/fr\/#\/schema\/logo\/image\/"}}]}},"_links":{"self":[{"href":"https:\/\/shop.bantam.ch\/fr\/wp-json\/wp\/v2\/product\/83036","targetHints":{"allow":["GET"]}}],"collection":[{"href":"https:\/\/shop.bantam.ch\/fr\/wp-json\/wp\/v2\/product"}],"about":[{"href":"https:\/\/shop.bantam.ch\/fr\/wp-json\/wp\/v2\/types\/product"}],"wp:featuredmedia":[{"embeddable":true,"href":"https:\/\/shop.bantam.ch\/fr\/wp-json\/wp\/v2\/media\/83034"}],"wp:attachment":[{"href":"https:\/\/shop.bantam.ch\/fr\/wp-json\/wp\/v2\/media?parent=83036"}],"wp:term":[{"taxonomy":"product_featured_cat","embeddable":true,"href":"https:\/\/shop.bantam.ch\/fr\/wp-json\/wp\/v2\/product_featured_cat?post=83036"},{"taxonomy":"product_brand","embeddable":true,"href":"https:\/\/shop.bantam.ch\/fr\/wp-json\/wp\/v2\/product_brand?post=83036"},{"taxonomy":"product_cat","embeddable":true,"href":"https:\/\/shop.bantam.ch\/fr\/wp-json\/wp\/v2\/product_cat?post=83036"},{"taxonomy":"product_tag","embeddable":true,"href":"https:\/\/shop.bantam.ch\/fr\/wp-json\/wp\/v2\/product_tag?post=83036"}],"curies":[{"name":"wp","href":"https:\/\/api.w.org\/{rel}","templated":true}]}}