{"id":83032,"date":"2023-02-28T02:09:38","date_gmt":"2023-02-28T01:09:38","guid":{"rendered":"http:\/\/shop.bantam.ch\/produit\/chauffe-eau-electrique-avec-kit-de-raccordement-abo\/"},"modified":"2026-05-02T21:23:44","modified_gmt":"2026-05-02T19:23:44","slug":"chauffe-eau-electrique-avec-kit-de-raccordement-abo","status":"publish","type":"product","link":"https:\/\/shop.bantam.ch\/fr\/produit\/chauffe-eau-electrique-avec-kit-de-raccordement-abo\/","title":{"rendered":"Chauffe-eau \u00e9lectrique Truma avec kit aqua ABO"},"content":{"rendered":"<p>Le chauffe-eau \u00e9lectrique d\u2019une capacit\u00e9 de 14\u00a0litres chauffe l\u2019eau gr\u00e2ce \u00e0 un syst\u00e8me de chauffage \u00e9lectrique. L\u2019eau passe d\u2019environ 15\u00a0\u00b0C \u00e0 70\u00a0\u00b0C en l\u2019espace de 70\u00a0minutes. Le rev\u00eatement en polypropyl\u00e8ne expans\u00e9 (EPP) innovant isole le chauffe-eau contre les pertes de chaleur. Gr\u00e2ce \u00e0 cette isolation sp\u00e9ciale, la temp\u00e9rature de l\u2019eau ne baisse que de 1\u00a0\u00b0C par heure.<\/p>\n<ul>\n<li>Temps de chauffe rapide gr\u00e2ce au thermoplongeur \u00e9lectrique <\/li>\n<li>Consommation \u00e0 230\u00a0V\u00a0: 3,7\u00a0A<\/li>\n<li>Faibles d\u00e9perditions \u00e0 l\u2019arr\u00eat de seulement 1,1\u00a0K\/h, gr\u00e2ce \u00e0 l&rsquo;isolation en mousse EPP, ne n\u00e9cessitant un r\u00e9-allumage seulement au bout d\u2019env. 9 heures apr\u00e8s une chauffe.<\/li>\n<li>Pression de pompe maximale de 2,8\u00a0bars \u2013 adapt\u00e9 \u00e0 toutes les pompes \u00e0 refoulement ou immerg\u00e9es usuelles<\/li>\n<li>Limitation de temp\u00e9rature \u00e0 70 \u00b0C<\/li>\n<li>Protection contre les surchauffes \u00e0 90 \u00b0C<\/li>\n<li>Cuve en acier inoxydable de 14\u00a0litres r\u00e9sistant \u00e0 la corrosion et adapt\u00e9 pour l\u2019eau potable<\/li>\n<li>Montage simple, m\u00eame en post-\u00e9quipement de syst\u00e8mes d\u2019eau existants<\/li>\n<li>Raccordement de s\u00e9rie pour flexibles d\u2019eau avec 10 mm de diam\u00e8tre int\u00e9rieur ou pour pose de tuyaux d\u2019eau rigides (par exemple syst\u00e8me John Guest)<\/li>\n<li>Nombreux accessoires<\/li>\n<\/ul>\n<p>Contenu de la livraison :<br \/>Commande<br \/>C\u00e2ble 3 m<br \/>Soupape de s\u00e9curit\u00e9 et de vidange ABO<\/p>\n<p>\u00a0<\/p>\n","protected":false},"excerpt":{"rendered":"<p>Le chauffe-eau \u00e9lectrique d\u2019une capacit\u00e9 de 14\u00a0litres chauffe l\u2019eau gr\u00e2ce \u00e0 un syst\u00e8me de chauffage \u00e9lectrique. L\u2019eau passe d\u2019environ 15\u00a0\u00b0C \u00e0 70\u00a0\u00b0C en l\u2019espace de 70\u00a0minutes. Le rev\u00eatement en polypropyl\u00e8ne expans\u00e9 (EPP) innovant isole le chauffe-eau contre les pertes de chaleur. Gr\u00e2ce \u00e0 cette isolation sp\u00e9ciale, la temp\u00e9rature de l\u2019eau ne baisse que de 1\u00a0\u00b0C [&hellip;]<\/p>\n","protected":false},"featured_media":83028,"template":"","meta":{"_acf_changed":false},"product_featured_cat":[],"product_brand":[3026],"product_cat":[4587],"product_tag":[],"class_list":{"0":"post-83032","1":"product","2":"type-product","3":"status-publish","4":"has-post-thumbnail","6":"product_brand-truma","7":"product_cat-chauffe-eau-electrique","9":"first","10":"instock","11":"taxable","12":"shipping-taxable","13":"purchasable","14":"product-type-simple"},"acf":[],"yoast_head":"<!-- This site is optimized with the Yoast SEO plugin v27.5 - https:\/\/yoast.com\/product\/yoast-seo-wordpress\/ -->\n<title>Chauffe-eau \u00e9lectrique Truma avec kit aqua ABO - Bantam<\/title>\n<meta name=\"robots\" content=\"index, follow, max-snippet:-1, max-image-preview:large, max-video-preview:-1\" \/>\n<link rel=\"canonical\" href=\"https:\/\/shop.bantam.ch\/fr\/produit\/chauffe-eau-electrique-avec-kit-de-raccordement-abo\/\" \/>\n<meta property=\"og:locale\" content=\"fr_FR\" \/>\n<meta property=\"og:type\" content=\"article\" \/>\n<meta property=\"og:title\" content=\"Chauffe-eau \u00e9lectrique Truma avec kit aqua ABO - Bantam\" \/>\n<meta property=\"og:description\" content=\"Le chauffe-eau \u00e9lectrique d\u2019une capacit\u00e9 de 14\u00a0litres chauffe l\u2019eau gr\u00e2ce \u00e0 un syst\u00e8me de chauffage \u00e9lectrique. L\u2019eau passe d\u2019environ 15\u00a0\u00b0C \u00e0 70\u00a0\u00b0C en l\u2019espace de 70\u00a0minutes. Le rev\u00eatement en polypropyl\u00e8ne expans\u00e9 (EPP) innovant isole le chauffe-eau contre les pertes de chaleur. Gr\u00e2ce \u00e0 cette isolation sp\u00e9ciale, la temp\u00e9rature de l\u2019eau ne baisse que de 1\u00a0\u00b0C [&hellip;]\" \/>\n<meta property=\"og:url\" content=\"https:\/\/shop.bantam.ch\/fr\/produit\/chauffe-eau-electrique-avec-kit-de-raccordement-abo\/\" \/>\n<meta property=\"og:site_name\" content=\"Bantam\" \/>\n<meta property=\"article:modified_time\" content=\"2026-05-02T19:23:44+00:00\" \/>\n<meta property=\"og:image\" content=\"https:\/\/shop.bantam.ch\/wp-content\/uploads\/2023\/02\/997770011.jpg\" \/>\n\t<meta property=\"og:image:width\" content=\"333\" \/>\n\t<meta property=\"og:image:height\" content=\"500\" \/>\n\t<meta property=\"og:image:type\" content=\"image\/jpeg\" \/>\n<meta name=\"twitter:card\" content=\"summary_large_image\" \/>\n<meta name=\"twitter:label1\" content=\"Dur\u00e9e de lecture estim\u00e9e\" \/>\n\t<meta name=\"twitter:data1\" content=\"1 minute\" \/>\n<script type=\"application\/ld+json\" class=\"yoast-schema-graph\">{\"@context\":\"https:\\\/\\\/schema.org\",\"@graph\":[{\"@type\":\"WebPage\",\"@id\":\"https:\\\/\\\/shop.bantam.ch\\\/fr\\\/produit\\\/chauffe-eau-electrique-avec-kit-de-raccordement-abo\\\/\",\"url\":\"https:\\\/\\\/shop.bantam.ch\\\/fr\\\/produit\\\/chauffe-eau-electrique-avec-kit-de-raccordement-abo\\\/\",\"name\":\"Chauffe-eau \u00e9lectrique Truma avec kit aqua ABO - Bantam\",\"isPartOf\":{\"@id\":\"https:\\\/\\\/shop.bantam.ch\\\/fr\\\/#website\"},\"primaryImageOfPage\":{\"@id\":\"https:\\\/\\\/shop.bantam.ch\\\/fr\\\/produit\\\/chauffe-eau-electrique-avec-kit-de-raccordement-abo\\\/#primaryimage\"},\"image\":{\"@id\":\"https:\\\/\\\/shop.bantam.ch\\\/fr\\\/produit\\\/chauffe-eau-electrique-avec-kit-de-raccordement-abo\\\/#primaryimage\"},\"thumbnailUrl\":\"https:\\\/\\\/shop.bantam.ch\\\/wp-content\\\/uploads\\\/2023\\\/02\\\/997770011.jpg\",\"datePublished\":\"2023-02-28T01:09:38+00:00\",\"dateModified\":\"2026-05-02T19:23:44+00:00\",\"breadcrumb\":{\"@id\":\"https:\\\/\\\/shop.bantam.ch\\\/fr\\\/produit\\\/chauffe-eau-electrique-avec-kit-de-raccordement-abo\\\/#breadcrumb\"},\"inLanguage\":\"fr-FR\",\"potentialAction\":[{\"@type\":\"ReadAction\",\"target\":[\"https:\\\/\\\/shop.bantam.ch\\\/fr\\\/produit\\\/chauffe-eau-electrique-avec-kit-de-raccordement-abo\\\/\"]}]},{\"@type\":\"ImageObject\",\"inLanguage\":\"fr-FR\",\"@id\":\"https:\\\/\\\/shop.bantam.ch\\\/fr\\\/produit\\\/chauffe-eau-electrique-avec-kit-de-raccordement-abo\\\/#primaryimage\",\"url\":\"https:\\\/\\\/shop.bantam.ch\\\/wp-content\\\/uploads\\\/2023\\\/02\\\/997770011.jpg\",\"contentUrl\":\"https:\\\/\\\/shop.bantam.ch\\\/wp-content\\\/uploads\\\/2023\\\/02\\\/997770011.jpg\",\"width\":333,\"height\":500},{\"@type\":\"BreadcrumbList\",\"@id\":\"https:\\\/\\\/shop.bantam.ch\\\/fr\\\/produit\\\/chauffe-eau-electrique-avec-kit-de-raccordement-abo\\\/#breadcrumb\",\"itemListElement\":[{\"@type\":\"ListItem\",\"position\":1,\"name\":\"Accueil\",\"item\":\"https:\\\/\\\/shop.bantam.ch\\\/fr\\\/\"},{\"@type\":\"ListItem\",\"position\":2,\"name\":\"Boutique\",\"item\":\"https:\\\/\\\/shop.bantam.ch\\\/fr\\\/boutique\\\/\"},{\"@type\":\"ListItem\",\"position\":3,\"name\":\"Chauffe-eau \u00e9lectrique Truma avec kit aqua ABO\"}]},{\"@type\":\"WebSite\",\"@id\":\"https:\\\/\\\/shop.bantam.ch\\\/fr\\\/#website\",\"url\":\"https:\\\/\\\/shop.bantam.ch\\\/fr\\\/\",\"name\":\"Bantam\",\"description\":\"\",\"publisher\":{\"@id\":\"https:\\\/\\\/shop.bantam.ch\\\/fr\\\/#organization\"},\"inLanguage\":\"fr-FR\"},{\"@type\":\"Organization\",\"@id\":\"https:\\\/\\\/shop.bantam.ch\\\/fr\\\/#organization\",\"name\":\"Bantam\",\"url\":\"https:\\\/\\\/shop.bantam.ch\\\/fr\\\/\",\"logo\":{\"@type\":\"ImageObject\",\"inLanguage\":\"fr-FR\",\"@id\":\"https:\\\/\\\/shop.bantam.ch\\\/fr\\\/#\\\/schema\\\/logo\\\/image\\\/\",\"url\":\"https:\\\/\\\/shop.bantam.ch\\\/wp-content\\\/uploads\\\/2022\\\/12\\\/bantam-logo.png\",\"contentUrl\":\"https:\\\/\\\/shop.bantam.ch\\\/wp-content\\\/uploads\\\/2022\\\/12\\\/bantam-logo.png\",\"width\":320,\"height\":71,\"caption\":\"Bantam\"},\"image\":{\"@id\":\"https:\\\/\\\/shop.bantam.ch\\\/fr\\\/#\\\/schema\\\/logo\\\/image\\\/\"}}]}<\/script>\n<!-- \/ Yoast SEO plugin. -->","yoast_head_json":{"title":"Chauffe-eau \u00e9lectrique Truma avec kit aqua ABO - Bantam","robots":{"index":"index","follow":"follow","max-snippet":"max-snippet:-1","max-image-preview":"max-image-preview:large","max-video-preview":"max-video-preview:-1"},"canonical":"https:\/\/shop.bantam.ch\/fr\/produit\/chauffe-eau-electrique-avec-kit-de-raccordement-abo\/","og_locale":"fr_FR","og_type":"article","og_title":"Chauffe-eau \u00e9lectrique Truma avec kit aqua ABO - Bantam","og_description":"Le chauffe-eau \u00e9lectrique d\u2019une capacit\u00e9 de 14\u00a0litres chauffe l\u2019eau gr\u00e2ce \u00e0 un syst\u00e8me de chauffage \u00e9lectrique. L\u2019eau passe d\u2019environ 15\u00a0\u00b0C \u00e0 70\u00a0\u00b0C en l\u2019espace de 70\u00a0minutes. Le rev\u00eatement en polypropyl\u00e8ne expans\u00e9 (EPP) innovant isole le chauffe-eau contre les pertes de chaleur. Gr\u00e2ce \u00e0 cette isolation sp\u00e9ciale, la temp\u00e9rature de l\u2019eau ne baisse que de 1\u00a0\u00b0C [&hellip;]","og_url":"https:\/\/shop.bantam.ch\/fr\/produit\/chauffe-eau-electrique-avec-kit-de-raccordement-abo\/","og_site_name":"Bantam","article_modified_time":"2026-05-02T19:23:44+00:00","og_image":[{"width":333,"height":500,"url":"https:\/\/shop.bantam.ch\/wp-content\/uploads\/2023\/02\/997770011.jpg","type":"image\/jpeg"}],"twitter_card":"summary_large_image","twitter_misc":{"Dur\u00e9e de lecture estim\u00e9e":"1 minute"},"schema":{"@context":"https:\/\/schema.org","@graph":[{"@type":"WebPage","@id":"https:\/\/shop.bantam.ch\/fr\/produit\/chauffe-eau-electrique-avec-kit-de-raccordement-abo\/","url":"https:\/\/shop.bantam.ch\/fr\/produit\/chauffe-eau-electrique-avec-kit-de-raccordement-abo\/","name":"Chauffe-eau \u00e9lectrique Truma avec kit aqua ABO - Bantam","isPartOf":{"@id":"https:\/\/shop.bantam.ch\/fr\/#website"},"primaryImageOfPage":{"@id":"https:\/\/shop.bantam.ch\/fr\/produit\/chauffe-eau-electrique-avec-kit-de-raccordement-abo\/#primaryimage"},"image":{"@id":"https:\/\/shop.bantam.ch\/fr\/produit\/chauffe-eau-electrique-avec-kit-de-raccordement-abo\/#primaryimage"},"thumbnailUrl":"https:\/\/shop.bantam.ch\/wp-content\/uploads\/2023\/02\/997770011.jpg","datePublished":"2023-02-28T01:09:38+00:00","dateModified":"2026-05-02T19:23:44+00:00","breadcrumb":{"@id":"https:\/\/shop.bantam.ch\/fr\/produit\/chauffe-eau-electrique-avec-kit-de-raccordement-abo\/#breadcrumb"},"inLanguage":"fr-FR","potentialAction":[{"@type":"ReadAction","target":["https:\/\/shop.bantam.ch\/fr\/produit\/chauffe-eau-electrique-avec-kit-de-raccordement-abo\/"]}]},{"@type":"ImageObject","inLanguage":"fr-FR","@id":"https:\/\/shop.bantam.ch\/fr\/produit\/chauffe-eau-electrique-avec-kit-de-raccordement-abo\/#primaryimage","url":"https:\/\/shop.bantam.ch\/wp-content\/uploads\/2023\/02\/997770011.jpg","contentUrl":"https:\/\/shop.bantam.ch\/wp-content\/uploads\/2023\/02\/997770011.jpg","width":333,"height":500},{"@type":"BreadcrumbList","@id":"https:\/\/shop.bantam.ch\/fr\/produit\/chauffe-eau-electrique-avec-kit-de-raccordement-abo\/#breadcrumb","itemListElement":[{"@type":"ListItem","position":1,"name":"Accueil","item":"https:\/\/shop.bantam.ch\/fr\/"},{"@type":"ListItem","position":2,"name":"Boutique","item":"https:\/\/shop.bantam.ch\/fr\/boutique\/"},{"@type":"ListItem","position":3,"name":"Chauffe-eau \u00e9lectrique Truma avec kit aqua ABO"}]},{"@type":"WebSite","@id":"https:\/\/shop.bantam.ch\/fr\/#website","url":"https:\/\/shop.bantam.ch\/fr\/","name":"Bantam","description":"","publisher":{"@id":"https:\/\/shop.bantam.ch\/fr\/#organization"},"inLanguage":"fr-FR"},{"@type":"Organization","@id":"https:\/\/shop.bantam.ch\/fr\/#organization","name":"Bantam","url":"https:\/\/shop.bantam.ch\/fr\/","logo":{"@type":"ImageObject","inLanguage":"fr-FR","@id":"https:\/\/shop.bantam.ch\/fr\/#\/schema\/logo\/image\/","url":"https:\/\/shop.bantam.ch\/wp-content\/uploads\/2022\/12\/bantam-logo.png","contentUrl":"https:\/\/shop.bantam.ch\/wp-content\/uploads\/2022\/12\/bantam-logo.png","width":320,"height":71,"caption":"Bantam"},"image":{"@id":"https:\/\/shop.bantam.ch\/fr\/#\/schema\/logo\/image\/"}}]}},"_links":{"self":[{"href":"https:\/\/shop.bantam.ch\/fr\/wp-json\/wp\/v2\/product\/83032","targetHints":{"allow":["GET"]}}],"collection":[{"href":"https:\/\/shop.bantam.ch\/fr\/wp-json\/wp\/v2\/product"}],"about":[{"href":"https:\/\/shop.bantam.ch\/fr\/wp-json\/wp\/v2\/types\/product"}],"wp:featuredmedia":[{"embeddable":true,"href":"https:\/\/shop.bantam.ch\/fr\/wp-json\/wp\/v2\/media\/83028"}],"wp:attachment":[{"href":"https:\/\/shop.bantam.ch\/fr\/wp-json\/wp\/v2\/media?parent=83032"}],"wp:term":[{"taxonomy":"product_featured_cat","embeddable":true,"href":"https:\/\/shop.bantam.ch\/fr\/wp-json\/wp\/v2\/product_featured_cat?post=83032"},{"taxonomy":"product_brand","embeddable":true,"href":"https:\/\/shop.bantam.ch\/fr\/wp-json\/wp\/v2\/product_brand?post=83032"},{"taxonomy":"product_cat","embeddable":true,"href":"https:\/\/shop.bantam.ch\/fr\/wp-json\/wp\/v2\/product_cat?post=83032"},{"taxonomy":"product_tag","embeddable":true,"href":"https:\/\/shop.bantam.ch\/fr\/wp-json\/wp\/v2\/product_tag?post=83032"}],"curies":[{"name":"wp","href":"https:\/\/api.w.org\/{rel}","templated":true}]}}