{"id":82824,"date":"2023-02-28T02:06:56","date_gmt":"2023-02-28T01:06:56","guid":{"rendered":"http:\/\/shop.bantam.ch\/produit\/kit-dadaptateurs-fiat-ducato-x250-x290-systeme-autolift-4e-edition\/"},"modified":"2026-04-18T21:24:58","modified_gmt":"2026-04-18T19:24:58","slug":"kit-dadaptateurs-fiat-ducato-x250-x290-systeme-autolift-4e-edition","status":"publish","type":"product","link":"https:\/\/shop.bantam.ch\/fr\/produit\/kit-dadaptateurs-fiat-ducato-x250-x290-systeme-autolift-4e-edition\/","title":{"rendered":"Kit d&rsquo;adaptateurs Fiat Ducato X250\/X290 syst\u00e8me Autolift 4e \u00e9dition"},"content":{"rendered":"<p>Gr\u00e2ce aux divers adaptateurs, le montage du syst\u00e8me Autolift ne pose aucun probl\u00e8me. Les adaptateurs sp\u00e9cifiques au v\u00e9hicule sont recommand\u00e9s pour les montages de s\u00e9rie. Il faut lieux utiliser l\u2019\u00e9querre universelle pour les montages plus complexes. Pour Fiat Ducato X250\/X290 avec rallonge de ch\u00e2ssis non portante.<\/p>\n<p>Informations compl\u00e9mentaires :<br \/>D&rsquo;autres kits d&rsquo;adaptateurs sont disponibles sur demande.<\/p>\n","protected":false},"excerpt":{"rendered":"<p>Gr\u00e2ce aux divers adaptateurs, le montage du syst\u00e8me Autolift ne pose aucun probl\u00e8me. Les adaptateurs sp\u00e9cifiques au v\u00e9hicule sont recommand\u00e9s pour les montages de s\u00e9rie. Il faut lieux utiliser l\u2019\u00e9querre universelle pour les montages plus complexes. Pour Fiat Ducato X250\/X290 avec rallonge de ch\u00e2ssis non portante. Informations compl\u00e9mentaires :D&rsquo;autres kits d&rsquo;adaptateurs sont disponibles sur demande.<\/p>\n","protected":false},"featured_media":205874,"template":"","meta":{"_acf_changed":false},"product_featured_cat":[],"product_brand":[3146],"product_cat":[4771],"product_tag":[],"class_list":{"0":"post-82824","1":"product","2":"type-product","3":"status-publish","4":"has-post-thumbnail","6":"product_brand-linnepe","7":"product_cat-supports-elevateurs-electriques-et-mecaniques","9":"first","10":"instock","11":"taxable","12":"shipping-taxable","13":"purchasable","14":"product-type-simple"},"acf":[],"yoast_head":"<!-- This site is optimized with the Yoast SEO plugin v27.4 - https:\/\/yoast.com\/product\/yoast-seo-wordpress\/ -->\n<title>Kit d&#039;adaptateurs Fiat Ducato X250\/X290 syst\u00e8me Autolift 4e \u00e9dition - Bantam Wankm\u00fcller SA<\/title>\n<meta name=\"robots\" content=\"index, follow, max-snippet:-1, max-image-preview:large, max-video-preview:-1\" \/>\n<link rel=\"canonical\" href=\"https:\/\/shop.bantam.ch\/fr\/produit\/kit-dadaptateurs-fiat-ducato-x250-x290-systeme-autolift-4e-edition\/\" \/>\n<meta property=\"og:locale\" content=\"fr_FR\" \/>\n<meta property=\"og:type\" content=\"article\" \/>\n<meta property=\"og:title\" content=\"Kit d&#039;adaptateurs Fiat Ducato X250\/X290 syst\u00e8me Autolift 4e \u00e9dition - Bantam Wankm\u00fcller SA\" \/>\n<meta property=\"og:description\" content=\"Gr\u00e2ce aux divers adaptateurs, le montage du syst\u00e8me Autolift ne pose aucun probl\u00e8me. Les adaptateurs sp\u00e9cifiques au v\u00e9hicule sont recommand\u00e9s pour les montages de s\u00e9rie. Il faut lieux utiliser l\u2019\u00e9querre universelle pour les montages plus complexes. Pour Fiat Ducato X250\/X290 avec rallonge de ch\u00e2ssis non portante. Informations compl\u00e9mentaires :D&rsquo;autres kits d&rsquo;adaptateurs sont disponibles sur demande.\" \/>\n<meta property=\"og:url\" content=\"https:\/\/shop.bantam.ch\/fr\/produit\/kit-dadaptateurs-fiat-ducato-x250-x290-systeme-autolift-4e-edition\/\" \/>\n<meta property=\"og:site_name\" content=\"Bantam Wankm\u00fcller SA\" \/>\n<meta property=\"article:modified_time\" content=\"2026-04-18T19:24:58+00:00\" \/>\n<meta name=\"twitter:card\" content=\"summary_large_image\" \/>\n<script type=\"application\/ld+json\" class=\"yoast-schema-graph\">{\"@context\":\"https:\\\/\\\/schema.org\",\"@graph\":[{\"@type\":\"WebPage\",\"@id\":\"https:\\\/\\\/shop.bantam.ch\\\/fr\\\/produit\\\/kit-dadaptateurs-fiat-ducato-x250-x290-systeme-autolift-4e-edition\\\/\",\"url\":\"https:\\\/\\\/shop.bantam.ch\\\/fr\\\/produit\\\/kit-dadaptateurs-fiat-ducato-x250-x290-systeme-autolift-4e-edition\\\/\",\"name\":\"Kit d'adaptateurs Fiat Ducato X250\\\/X290 syst\u00e8me Autolift 4e \u00e9dition - Bantam Wankm\u00fcller SA\",\"isPartOf\":{\"@id\":\"https:\\\/\\\/shop.bantam.ch\\\/fr\\\/#website\"},\"primaryImageOfPage\":{\"@id\":\"https:\\\/\\\/shop.bantam.ch\\\/fr\\\/produit\\\/kit-dadaptateurs-fiat-ducato-x250-x290-systeme-autolift-4e-edition\\\/#primaryimage\"},\"image\":{\"@id\":\"https:\\\/\\\/shop.bantam.ch\\\/fr\\\/produit\\\/kit-dadaptateurs-fiat-ducato-x250-x290-systeme-autolift-4e-edition\\\/#primaryimage\"},\"thumbnailUrl\":\"https:\\\/\\\/shop.bantam.ch\\\/wp-content\\\/uploads\\\/2024\\\/09\\\/Movera-L-9942847100.jpg\",\"datePublished\":\"2023-02-28T01:06:56+00:00\",\"dateModified\":\"2026-04-18T19:24:58+00:00\",\"breadcrumb\":{\"@id\":\"https:\\\/\\\/shop.bantam.ch\\\/fr\\\/produit\\\/kit-dadaptateurs-fiat-ducato-x250-x290-systeme-autolift-4e-edition\\\/#breadcrumb\"},\"inLanguage\":\"fr-FR\",\"potentialAction\":[{\"@type\":\"ReadAction\",\"target\":[\"https:\\\/\\\/shop.bantam.ch\\\/fr\\\/produit\\\/kit-dadaptateurs-fiat-ducato-x250-x290-systeme-autolift-4e-edition\\\/\"]}]},{\"@type\":\"ImageObject\",\"inLanguage\":\"fr-FR\",\"@id\":\"https:\\\/\\\/shop.bantam.ch\\\/fr\\\/produit\\\/kit-dadaptateurs-fiat-ducato-x250-x290-systeme-autolift-4e-edition\\\/#primaryimage\",\"url\":\"https:\\\/\\\/shop.bantam.ch\\\/wp-content\\\/uploads\\\/2024\\\/09\\\/Movera-L-9942847100.jpg\",\"contentUrl\":\"https:\\\/\\\/shop.bantam.ch\\\/wp-content\\\/uploads\\\/2024\\\/09\\\/Movera-L-9942847100.jpg\",\"width\":640,\"height\":640},{\"@type\":\"BreadcrumbList\",\"@id\":\"https:\\\/\\\/shop.bantam.ch\\\/fr\\\/produit\\\/kit-dadaptateurs-fiat-ducato-x250-x290-systeme-autolift-4e-edition\\\/#breadcrumb\",\"itemListElement\":[{\"@type\":\"ListItem\",\"position\":1,\"name\":\"Accueil\",\"item\":\"https:\\\/\\\/shop.bantam.ch\\\/fr\\\/\"},{\"@type\":\"ListItem\",\"position\":2,\"name\":\"Boutique\",\"item\":\"https:\\\/\\\/shop.bantam.ch\\\/fr\\\/boutique\\\/\"},{\"@type\":\"ListItem\",\"position\":3,\"name\":\"Kit d&rsquo;adaptateurs Fiat Ducato X250\\\/X290 syst\u00e8me Autolift 4e \u00e9dition\"}]},{\"@type\":\"WebSite\",\"@id\":\"https:\\\/\\\/shop.bantam.ch\\\/fr\\\/#website\",\"url\":\"https:\\\/\\\/shop.bantam.ch\\\/fr\\\/\",\"name\":\"Bantam Wankm\u00fcller SA\",\"description\":\"\",\"publisher\":{\"@id\":\"https:\\\/\\\/shop.bantam.ch\\\/fr\\\/#organization\"},\"inLanguage\":\"fr-FR\"},{\"@type\":\"Organization\",\"@id\":\"https:\\\/\\\/shop.bantam.ch\\\/fr\\\/#organization\",\"name\":\"Bantam Wankm\u00fcller SA\",\"url\":\"https:\\\/\\\/shop.bantam.ch\\\/fr\\\/\",\"logo\":{\"@type\":\"ImageObject\",\"inLanguage\":\"fr-FR\",\"@id\":\"https:\\\/\\\/shop.bantam.ch\\\/fr\\\/#\\\/schema\\\/logo\\\/image\\\/\",\"url\":\"https:\\\/\\\/shop.bantam.ch\\\/wp-content\\\/uploads\\\/2022\\\/12\\\/bantam-logo.png\",\"contentUrl\":\"https:\\\/\\\/shop.bantam.ch\\\/wp-content\\\/uploads\\\/2022\\\/12\\\/bantam-logo.png\",\"width\":320,\"height\":71,\"caption\":\"Bantam Wankm\u00fcller SA\"},\"image\":{\"@id\":\"https:\\\/\\\/shop.bantam.ch\\\/fr\\\/#\\\/schema\\\/logo\\\/image\\\/\"}}]}<\/script>\n<!-- \/ Yoast SEO plugin. -->","yoast_head_json":{"title":"Kit d'adaptateurs Fiat Ducato X250\/X290 syst\u00e8me Autolift 4e \u00e9dition - Bantam Wankm\u00fcller SA","robots":{"index":"index","follow":"follow","max-snippet":"max-snippet:-1","max-image-preview":"max-image-preview:large","max-video-preview":"max-video-preview:-1"},"canonical":"https:\/\/shop.bantam.ch\/fr\/produit\/kit-dadaptateurs-fiat-ducato-x250-x290-systeme-autolift-4e-edition\/","og_locale":"fr_FR","og_type":"article","og_title":"Kit d'adaptateurs Fiat Ducato X250\/X290 syst\u00e8me Autolift 4e \u00e9dition - Bantam Wankm\u00fcller SA","og_description":"Gr\u00e2ce aux divers adaptateurs, le montage du syst\u00e8me Autolift ne pose aucun probl\u00e8me. Les adaptateurs sp\u00e9cifiques au v\u00e9hicule sont recommand\u00e9s pour les montages de s\u00e9rie. Il faut lieux utiliser l\u2019\u00e9querre universelle pour les montages plus complexes. Pour Fiat Ducato X250\/X290 avec rallonge de ch\u00e2ssis non portante. Informations compl\u00e9mentaires :D&rsquo;autres kits d&rsquo;adaptateurs sont disponibles sur demande.","og_url":"https:\/\/shop.bantam.ch\/fr\/produit\/kit-dadaptateurs-fiat-ducato-x250-x290-systeme-autolift-4e-edition\/","og_site_name":"Bantam Wankm\u00fcller SA","article_modified_time":"2026-04-18T19:24:58+00:00","twitter_card":"summary_large_image","schema":{"@context":"https:\/\/schema.org","@graph":[{"@type":"WebPage","@id":"https:\/\/shop.bantam.ch\/fr\/produit\/kit-dadaptateurs-fiat-ducato-x250-x290-systeme-autolift-4e-edition\/","url":"https:\/\/shop.bantam.ch\/fr\/produit\/kit-dadaptateurs-fiat-ducato-x250-x290-systeme-autolift-4e-edition\/","name":"Kit d'adaptateurs Fiat Ducato X250\/X290 syst\u00e8me Autolift 4e \u00e9dition - Bantam Wankm\u00fcller SA","isPartOf":{"@id":"https:\/\/shop.bantam.ch\/fr\/#website"},"primaryImageOfPage":{"@id":"https:\/\/shop.bantam.ch\/fr\/produit\/kit-dadaptateurs-fiat-ducato-x250-x290-systeme-autolift-4e-edition\/#primaryimage"},"image":{"@id":"https:\/\/shop.bantam.ch\/fr\/produit\/kit-dadaptateurs-fiat-ducato-x250-x290-systeme-autolift-4e-edition\/#primaryimage"},"thumbnailUrl":"https:\/\/shop.bantam.ch\/wp-content\/uploads\/2024\/09\/Movera-L-9942847100.jpg","datePublished":"2023-02-28T01:06:56+00:00","dateModified":"2026-04-18T19:24:58+00:00","breadcrumb":{"@id":"https:\/\/shop.bantam.ch\/fr\/produit\/kit-dadaptateurs-fiat-ducato-x250-x290-systeme-autolift-4e-edition\/#breadcrumb"},"inLanguage":"fr-FR","potentialAction":[{"@type":"ReadAction","target":["https:\/\/shop.bantam.ch\/fr\/produit\/kit-dadaptateurs-fiat-ducato-x250-x290-systeme-autolift-4e-edition\/"]}]},{"@type":"ImageObject","inLanguage":"fr-FR","@id":"https:\/\/shop.bantam.ch\/fr\/produit\/kit-dadaptateurs-fiat-ducato-x250-x290-systeme-autolift-4e-edition\/#primaryimage","url":"https:\/\/shop.bantam.ch\/wp-content\/uploads\/2024\/09\/Movera-L-9942847100.jpg","contentUrl":"https:\/\/shop.bantam.ch\/wp-content\/uploads\/2024\/09\/Movera-L-9942847100.jpg","width":640,"height":640},{"@type":"BreadcrumbList","@id":"https:\/\/shop.bantam.ch\/fr\/produit\/kit-dadaptateurs-fiat-ducato-x250-x290-systeme-autolift-4e-edition\/#breadcrumb","itemListElement":[{"@type":"ListItem","position":1,"name":"Accueil","item":"https:\/\/shop.bantam.ch\/fr\/"},{"@type":"ListItem","position":2,"name":"Boutique","item":"https:\/\/shop.bantam.ch\/fr\/boutique\/"},{"@type":"ListItem","position":3,"name":"Kit d&rsquo;adaptateurs Fiat Ducato X250\/X290 syst\u00e8me Autolift 4e \u00e9dition"}]},{"@type":"WebSite","@id":"https:\/\/shop.bantam.ch\/fr\/#website","url":"https:\/\/shop.bantam.ch\/fr\/","name":"Bantam Wankm\u00fcller SA","description":"","publisher":{"@id":"https:\/\/shop.bantam.ch\/fr\/#organization"},"inLanguage":"fr-FR"},{"@type":"Organization","@id":"https:\/\/shop.bantam.ch\/fr\/#organization","name":"Bantam Wankm\u00fcller SA","url":"https:\/\/shop.bantam.ch\/fr\/","logo":{"@type":"ImageObject","inLanguage":"fr-FR","@id":"https:\/\/shop.bantam.ch\/fr\/#\/schema\/logo\/image\/","url":"https:\/\/shop.bantam.ch\/wp-content\/uploads\/2022\/12\/bantam-logo.png","contentUrl":"https:\/\/shop.bantam.ch\/wp-content\/uploads\/2022\/12\/bantam-logo.png","width":320,"height":71,"caption":"Bantam Wankm\u00fcller SA"},"image":{"@id":"https:\/\/shop.bantam.ch\/fr\/#\/schema\/logo\/image\/"}}]}},"_links":{"self":[{"href":"https:\/\/shop.bantam.ch\/fr\/wp-json\/wp\/v2\/product\/82824","targetHints":{"allow":["GET"]}}],"collection":[{"href":"https:\/\/shop.bantam.ch\/fr\/wp-json\/wp\/v2\/product"}],"about":[{"href":"https:\/\/shop.bantam.ch\/fr\/wp-json\/wp\/v2\/types\/product"}],"wp:featuredmedia":[{"embeddable":true,"href":"https:\/\/shop.bantam.ch\/fr\/wp-json\/wp\/v2\/media\/205874"}],"wp:attachment":[{"href":"https:\/\/shop.bantam.ch\/fr\/wp-json\/wp\/v2\/media?parent=82824"}],"wp:term":[{"taxonomy":"product_featured_cat","embeddable":true,"href":"https:\/\/shop.bantam.ch\/fr\/wp-json\/wp\/v2\/product_featured_cat?post=82824"},{"taxonomy":"product_brand","embeddable":true,"href":"https:\/\/shop.bantam.ch\/fr\/wp-json\/wp\/v2\/product_brand?post=82824"},{"taxonomy":"product_cat","embeddable":true,"href":"https:\/\/shop.bantam.ch\/fr\/wp-json\/wp\/v2\/product_cat?post=82824"},{"taxonomy":"product_tag","embeddable":true,"href":"https:\/\/shop.bantam.ch\/fr\/wp-json\/wp\/v2\/product_tag?post=82824"}],"curies":[{"name":"wp","href":"https:\/\/api.w.org\/{rel}","templated":true}]}}