{"id":82784,"date":"2023-02-28T02:06:04","date_gmt":"2023-02-28T01:06:04","guid":{"rendered":"http:\/\/shop.bantam.ch\/produit\/commutation-du-reseau-externe-mt-nu-3600-sur-les-onduleurs-mt\/"},"modified":"2026-04-20T21:24:37","modified_gmt":"2026-04-20T19:24:37","slug":"commutation-du-reseau-externe-mt-nu-3600-sur-les-onduleurs-mt","status":"publish","type":"product","link":"https:\/\/shop.bantam.ch\/fr\/produit\/commutation-du-reseau-externe-mt-nu-3600-sur-les-onduleurs-mt\/","title":{"rendered":"Interrupteur alimentation ext. B\u00fcttner MT NU 3600 pour MT convertisseurs"},"content":{"rendered":"<p>Circuit prioritaire du r\u00e9seau intelligent pour camping-cars \u00e0 tr\u00e8s haut pouvoir de commutation. Convient \u00e0 tous les onduleurs <br \/>sinuso\u00efdaux si aucune commutation r\u00e9seau n\u2019est int\u00e9gr\u00e9e ou si les charges raccord\u00e9es risquent de les surcharger. La commutation r\u00e9seau veille \u00e0 ce qu&rsquo;une alimentation de 230 V optimale soit toujours disponible sur les prises int\u00e9rieures. Soit via une prise de quai si elle est aliment\u00e9e sur l&#8217;emplacement, soit de mani\u00e8re autonome via un onduleur. De plus, une sortie 230 V peut \u00eatre activ\u00e9e. Commande via un ordinateur de batterie MT 5000 iQ (voir c\u00f4t\u00e9&#8230;..) ou tout signal de commande 12 V. Cela signifie qu&rsquo;un chargeur e-bike peut \u00eatre activ\u00e9 \u00e0 bord et recharg\u00e9 via l&rsquo;onduleur m\u00eame en l&rsquo;absence de raccordement au r\u00e9seau<br \/>s&rsquo;il y a un surplus d&rsquo;\u00e9lectricit\u00e9 (par ex. solaire) ou que le syst\u00e8me de climatisation int\u00e9rieur peut \u00eatre utilis\u00e9 si la puissance de charge est suffisante pendant le trajet.<\/p>\n<ul>\n<li>Tension d\u2018entr\u00e9e : 230 V<\/li>\n<li>16 A (3600 VA)<\/li>\n<li>IP55<\/li>\n<\/ul>\n<p>Les possibilit\u00e9s de connexion suivantes sont disponibles :<br \/>Entr\u00e9e secteur\/prise de quai<br \/>Entr\u00e9e onduleur<br \/>Sortie pour chargeur et r\u00e9frig\u00e9rateur, etc.<br \/>Sortie vers les prises int\u00e9rieures<br \/>Sortie 230 V avec commande 12 V<\/p>\n","protected":false},"excerpt":{"rendered":"<p>Circuit prioritaire du r\u00e9seau intelligent pour camping-cars \u00e0 tr\u00e8s haut pouvoir de commutation. Convient \u00e0 tous les onduleurs sinuso\u00efdaux si aucune commutation r\u00e9seau n\u2019est int\u00e9gr\u00e9e ou si les charges raccord\u00e9es risquent de les surcharger. La commutation r\u00e9seau veille \u00e0 ce qu&rsquo;une alimentation de 230 V optimale soit toujours disponible sur les prises int\u00e9rieures. Soit via [&hellip;]<\/p>\n","protected":false},"featured_media":82782,"template":"","meta":{"_acf_changed":false},"product_featured_cat":[],"product_brand":[3068],"product_cat":[4169],"product_tag":[],"class_list":{"0":"post-82784","1":"product","2":"type-product","3":"status-publish","4":"has-post-thumbnail","6":"product_brand-buttner-elektronik","7":"product_cat-onduleurs","9":"first","10":"instock","11":"taxable","12":"shipping-taxable","13":"purchasable","14":"product-type-simple"},"acf":[],"yoast_head":"<!-- This site is optimized with the Yoast SEO plugin v27.4 - https:\/\/yoast.com\/product\/yoast-seo-wordpress\/ -->\n<title>Interrupteur alimentation ext. B\u00fcttner MT NU 3600 pour MT convertisseurs - Bantam Wankm\u00fcller SA<\/title>\n<meta name=\"robots\" content=\"index, follow, max-snippet:-1, max-image-preview:large, max-video-preview:-1\" \/>\n<link rel=\"canonical\" href=\"https:\/\/shop.bantam.ch\/fr\/produit\/commutation-du-reseau-externe-mt-nu-3600-sur-les-onduleurs-mt\/\" \/>\n<meta property=\"og:locale\" content=\"fr_FR\" \/>\n<meta property=\"og:type\" content=\"article\" \/>\n<meta property=\"og:title\" content=\"Interrupteur alimentation ext. B\u00fcttner MT NU 3600 pour MT convertisseurs - Bantam Wankm\u00fcller SA\" \/>\n<meta property=\"og:description\" content=\"Circuit prioritaire du r\u00e9seau intelligent pour camping-cars \u00e0 tr\u00e8s haut pouvoir de commutation. Convient \u00e0 tous les onduleurs sinuso\u00efdaux si aucune commutation r\u00e9seau n\u2019est int\u00e9gr\u00e9e ou si les charges raccord\u00e9es risquent de les surcharger. La commutation r\u00e9seau veille \u00e0 ce qu&rsquo;une alimentation de 230 V optimale soit toujours disponible sur les prises int\u00e9rieures. Soit via [&hellip;]\" \/>\n<meta property=\"og:url\" content=\"https:\/\/shop.bantam.ch\/fr\/produit\/commutation-du-reseau-externe-mt-nu-3600-sur-les-onduleurs-mt\/\" \/>\n<meta property=\"og:site_name\" content=\"Bantam Wankm\u00fcller SA\" \/>\n<meta property=\"article:modified_time\" content=\"2026-04-20T19:24:37+00:00\" \/>\n<meta property=\"og:image\" content=\"https:\/\/shop.bantam.ch\/wp-content\/uploads\/2023\/02\/993214611.jpg\" \/>\n\t<meta property=\"og:image:width\" content=\"1000\" \/>\n\t<meta property=\"og:image:height\" content=\"789\" \/>\n\t<meta property=\"og:image:type\" content=\"image\/jpeg\" \/>\n<meta name=\"twitter:card\" content=\"summary_large_image\" \/>\n<meta name=\"twitter:label1\" content=\"Dur\u00e9e de lecture estim\u00e9e\" \/>\n\t<meta name=\"twitter:data1\" content=\"1 minute\" \/>\n<script type=\"application\/ld+json\" class=\"yoast-schema-graph\">{\"@context\":\"https:\\\/\\\/schema.org\",\"@graph\":[{\"@type\":\"WebPage\",\"@id\":\"https:\\\/\\\/shop.bantam.ch\\\/fr\\\/produit\\\/commutation-du-reseau-externe-mt-nu-3600-sur-les-onduleurs-mt\\\/\",\"url\":\"https:\\\/\\\/shop.bantam.ch\\\/fr\\\/produit\\\/commutation-du-reseau-externe-mt-nu-3600-sur-les-onduleurs-mt\\\/\",\"name\":\"Interrupteur alimentation ext. B\u00fcttner MT NU 3600 pour MT convertisseurs - Bantam Wankm\u00fcller SA\",\"isPartOf\":{\"@id\":\"https:\\\/\\\/shop.bantam.ch\\\/fr\\\/#website\"},\"primaryImageOfPage\":{\"@id\":\"https:\\\/\\\/shop.bantam.ch\\\/fr\\\/produit\\\/commutation-du-reseau-externe-mt-nu-3600-sur-les-onduleurs-mt\\\/#primaryimage\"},\"image\":{\"@id\":\"https:\\\/\\\/shop.bantam.ch\\\/fr\\\/produit\\\/commutation-du-reseau-externe-mt-nu-3600-sur-les-onduleurs-mt\\\/#primaryimage\"},\"thumbnailUrl\":\"https:\\\/\\\/shop.bantam.ch\\\/wp-content\\\/uploads\\\/2023\\\/02\\\/993214611.jpg\",\"datePublished\":\"2023-02-28T01:06:04+00:00\",\"dateModified\":\"2026-04-20T19:24:37+00:00\",\"breadcrumb\":{\"@id\":\"https:\\\/\\\/shop.bantam.ch\\\/fr\\\/produit\\\/commutation-du-reseau-externe-mt-nu-3600-sur-les-onduleurs-mt\\\/#breadcrumb\"},\"inLanguage\":\"fr-FR\",\"potentialAction\":[{\"@type\":\"ReadAction\",\"target\":[\"https:\\\/\\\/shop.bantam.ch\\\/fr\\\/produit\\\/commutation-du-reseau-externe-mt-nu-3600-sur-les-onduleurs-mt\\\/\"]}]},{\"@type\":\"ImageObject\",\"inLanguage\":\"fr-FR\",\"@id\":\"https:\\\/\\\/shop.bantam.ch\\\/fr\\\/produit\\\/commutation-du-reseau-externe-mt-nu-3600-sur-les-onduleurs-mt\\\/#primaryimage\",\"url\":\"https:\\\/\\\/shop.bantam.ch\\\/wp-content\\\/uploads\\\/2023\\\/02\\\/993214611.jpg\",\"contentUrl\":\"https:\\\/\\\/shop.bantam.ch\\\/wp-content\\\/uploads\\\/2023\\\/02\\\/993214611.jpg\",\"width\":1000,\"height\":789},{\"@type\":\"BreadcrumbList\",\"@id\":\"https:\\\/\\\/shop.bantam.ch\\\/fr\\\/produit\\\/commutation-du-reseau-externe-mt-nu-3600-sur-les-onduleurs-mt\\\/#breadcrumb\",\"itemListElement\":[{\"@type\":\"ListItem\",\"position\":1,\"name\":\"Accueil\",\"item\":\"https:\\\/\\\/shop.bantam.ch\\\/fr\\\/\"},{\"@type\":\"ListItem\",\"position\":2,\"name\":\"Boutique\",\"item\":\"https:\\\/\\\/shop.bantam.ch\\\/fr\\\/boutique\\\/\"},{\"@type\":\"ListItem\",\"position\":3,\"name\":\"Interrupteur alimentation ext. B\u00fcttner MT NU 3600 pour MT convertisseurs\"}]},{\"@type\":\"WebSite\",\"@id\":\"https:\\\/\\\/shop.bantam.ch\\\/fr\\\/#website\",\"url\":\"https:\\\/\\\/shop.bantam.ch\\\/fr\\\/\",\"name\":\"Bantam Wankm\u00fcller SA\",\"description\":\"\",\"publisher\":{\"@id\":\"https:\\\/\\\/shop.bantam.ch\\\/fr\\\/#organization\"},\"inLanguage\":\"fr-FR\"},{\"@type\":\"Organization\",\"@id\":\"https:\\\/\\\/shop.bantam.ch\\\/fr\\\/#organization\",\"name\":\"Bantam Wankm\u00fcller SA\",\"url\":\"https:\\\/\\\/shop.bantam.ch\\\/fr\\\/\",\"logo\":{\"@type\":\"ImageObject\",\"inLanguage\":\"fr-FR\",\"@id\":\"https:\\\/\\\/shop.bantam.ch\\\/fr\\\/#\\\/schema\\\/logo\\\/image\\\/\",\"url\":\"https:\\\/\\\/shop.bantam.ch\\\/wp-content\\\/uploads\\\/2022\\\/12\\\/bantam-logo.png\",\"contentUrl\":\"https:\\\/\\\/shop.bantam.ch\\\/wp-content\\\/uploads\\\/2022\\\/12\\\/bantam-logo.png\",\"width\":320,\"height\":71,\"caption\":\"Bantam Wankm\u00fcller SA\"},\"image\":{\"@id\":\"https:\\\/\\\/shop.bantam.ch\\\/fr\\\/#\\\/schema\\\/logo\\\/image\\\/\"}}]}<\/script>\n<!-- \/ Yoast SEO plugin. -->","yoast_head_json":{"title":"Interrupteur alimentation ext. B\u00fcttner MT NU 3600 pour MT convertisseurs - Bantam Wankm\u00fcller SA","robots":{"index":"index","follow":"follow","max-snippet":"max-snippet:-1","max-image-preview":"max-image-preview:large","max-video-preview":"max-video-preview:-1"},"canonical":"https:\/\/shop.bantam.ch\/fr\/produit\/commutation-du-reseau-externe-mt-nu-3600-sur-les-onduleurs-mt\/","og_locale":"fr_FR","og_type":"article","og_title":"Interrupteur alimentation ext. B\u00fcttner MT NU 3600 pour MT convertisseurs - Bantam Wankm\u00fcller SA","og_description":"Circuit prioritaire du r\u00e9seau intelligent pour camping-cars \u00e0 tr\u00e8s haut pouvoir de commutation. Convient \u00e0 tous les onduleurs sinuso\u00efdaux si aucune commutation r\u00e9seau n\u2019est int\u00e9gr\u00e9e ou si les charges raccord\u00e9es risquent de les surcharger. La commutation r\u00e9seau veille \u00e0 ce qu&rsquo;une alimentation de 230 V optimale soit toujours disponible sur les prises int\u00e9rieures. Soit via [&hellip;]","og_url":"https:\/\/shop.bantam.ch\/fr\/produit\/commutation-du-reseau-externe-mt-nu-3600-sur-les-onduleurs-mt\/","og_site_name":"Bantam Wankm\u00fcller SA","article_modified_time":"2026-04-20T19:24:37+00:00","og_image":[{"width":1000,"height":789,"url":"https:\/\/shop.bantam.ch\/wp-content\/uploads\/2023\/02\/993214611.jpg","type":"image\/jpeg"}],"twitter_card":"summary_large_image","twitter_misc":{"Dur\u00e9e de lecture estim\u00e9e":"1 minute"},"schema":{"@context":"https:\/\/schema.org","@graph":[{"@type":"WebPage","@id":"https:\/\/shop.bantam.ch\/fr\/produit\/commutation-du-reseau-externe-mt-nu-3600-sur-les-onduleurs-mt\/","url":"https:\/\/shop.bantam.ch\/fr\/produit\/commutation-du-reseau-externe-mt-nu-3600-sur-les-onduleurs-mt\/","name":"Interrupteur alimentation ext. B\u00fcttner MT NU 3600 pour MT convertisseurs - Bantam Wankm\u00fcller SA","isPartOf":{"@id":"https:\/\/shop.bantam.ch\/fr\/#website"},"primaryImageOfPage":{"@id":"https:\/\/shop.bantam.ch\/fr\/produit\/commutation-du-reseau-externe-mt-nu-3600-sur-les-onduleurs-mt\/#primaryimage"},"image":{"@id":"https:\/\/shop.bantam.ch\/fr\/produit\/commutation-du-reseau-externe-mt-nu-3600-sur-les-onduleurs-mt\/#primaryimage"},"thumbnailUrl":"https:\/\/shop.bantam.ch\/wp-content\/uploads\/2023\/02\/993214611.jpg","datePublished":"2023-02-28T01:06:04+00:00","dateModified":"2026-04-20T19:24:37+00:00","breadcrumb":{"@id":"https:\/\/shop.bantam.ch\/fr\/produit\/commutation-du-reseau-externe-mt-nu-3600-sur-les-onduleurs-mt\/#breadcrumb"},"inLanguage":"fr-FR","potentialAction":[{"@type":"ReadAction","target":["https:\/\/shop.bantam.ch\/fr\/produit\/commutation-du-reseau-externe-mt-nu-3600-sur-les-onduleurs-mt\/"]}]},{"@type":"ImageObject","inLanguage":"fr-FR","@id":"https:\/\/shop.bantam.ch\/fr\/produit\/commutation-du-reseau-externe-mt-nu-3600-sur-les-onduleurs-mt\/#primaryimage","url":"https:\/\/shop.bantam.ch\/wp-content\/uploads\/2023\/02\/993214611.jpg","contentUrl":"https:\/\/shop.bantam.ch\/wp-content\/uploads\/2023\/02\/993214611.jpg","width":1000,"height":789},{"@type":"BreadcrumbList","@id":"https:\/\/shop.bantam.ch\/fr\/produit\/commutation-du-reseau-externe-mt-nu-3600-sur-les-onduleurs-mt\/#breadcrumb","itemListElement":[{"@type":"ListItem","position":1,"name":"Accueil","item":"https:\/\/shop.bantam.ch\/fr\/"},{"@type":"ListItem","position":2,"name":"Boutique","item":"https:\/\/shop.bantam.ch\/fr\/boutique\/"},{"@type":"ListItem","position":3,"name":"Interrupteur alimentation ext. B\u00fcttner MT NU 3600 pour MT convertisseurs"}]},{"@type":"WebSite","@id":"https:\/\/shop.bantam.ch\/fr\/#website","url":"https:\/\/shop.bantam.ch\/fr\/","name":"Bantam Wankm\u00fcller SA","description":"","publisher":{"@id":"https:\/\/shop.bantam.ch\/fr\/#organization"},"inLanguage":"fr-FR"},{"@type":"Organization","@id":"https:\/\/shop.bantam.ch\/fr\/#organization","name":"Bantam Wankm\u00fcller SA","url":"https:\/\/shop.bantam.ch\/fr\/","logo":{"@type":"ImageObject","inLanguage":"fr-FR","@id":"https:\/\/shop.bantam.ch\/fr\/#\/schema\/logo\/image\/","url":"https:\/\/shop.bantam.ch\/wp-content\/uploads\/2022\/12\/bantam-logo.png","contentUrl":"https:\/\/shop.bantam.ch\/wp-content\/uploads\/2022\/12\/bantam-logo.png","width":320,"height":71,"caption":"Bantam Wankm\u00fcller SA"},"image":{"@id":"https:\/\/shop.bantam.ch\/fr\/#\/schema\/logo\/image\/"}}]}},"_links":{"self":[{"href":"https:\/\/shop.bantam.ch\/fr\/wp-json\/wp\/v2\/product\/82784","targetHints":{"allow":["GET"]}}],"collection":[{"href":"https:\/\/shop.bantam.ch\/fr\/wp-json\/wp\/v2\/product"}],"about":[{"href":"https:\/\/shop.bantam.ch\/fr\/wp-json\/wp\/v2\/types\/product"}],"wp:featuredmedia":[{"embeddable":true,"href":"https:\/\/shop.bantam.ch\/fr\/wp-json\/wp\/v2\/media\/82782"}],"wp:attachment":[{"href":"https:\/\/shop.bantam.ch\/fr\/wp-json\/wp\/v2\/media?parent=82784"}],"wp:term":[{"taxonomy":"product_featured_cat","embeddable":true,"href":"https:\/\/shop.bantam.ch\/fr\/wp-json\/wp\/v2\/product_featured_cat?post=82784"},{"taxonomy":"product_brand","embeddable":true,"href":"https:\/\/shop.bantam.ch\/fr\/wp-json\/wp\/v2\/product_brand?post=82784"},{"taxonomy":"product_cat","embeddable":true,"href":"https:\/\/shop.bantam.ch\/fr\/wp-json\/wp\/v2\/product_cat?post=82784"},{"taxonomy":"product_tag","embeddable":true,"href":"https:\/\/shop.bantam.ch\/fr\/wp-json\/wp\/v2\/product_tag?post=82784"}],"curies":[{"name":"wp","href":"https:\/\/api.w.org\/{rel}","templated":true}]}}